

{"id":20682,"date":"2020-01-30T13:07:54","date_gmt":"2020-01-30T12:07:54","guid":{"rendered":"http:\/\/visitemporda.com\/personalitzacio-de-la-mida-i-el-color-de-la-tipografia\/"},"modified":"2020-10-15T09:47:52","modified_gmt":"2020-10-15T07:47:52","slug":"personalizacion-del-tamano-y-el-color-de-la-tipografia","status":"publish","type":"page","link":"https:\/\/visitemporda.com\/es\/personalizacion-del-tamano-y-el-color-de-la-tipografia\/","title":{"rendered":"Personalizaci\u00f3n del tama\u00f1o y el color de la tipograf\u00eda"},"content":{"rendered":"<h2><strong>Puede personalizar el tama\u00f1o y el color de la tipograf\u00eda de este sitio web. El tama\u00f1o y el color de la tipograf\u00eda que elija se aplicar\u00e1n a todas las p\u00e1ginas del sitio y continuar\u00e1n siendo las mismas la pr\u00f3xima vez que la visite.<\/strong><\/h2>\n<h3><strong>Para establecer el tama\u00f1o y el color de la fuente:<\/strong><\/h3>\n<ol>\n<li>Seleccione el tama\u00f1o y el color de la fuente en la lista siguiente.<\/li>\n<li>Haga clic en \u00abConfigurar\u00bb.<\/li>\n<\/ol>\n<h3><strong>Para volver a la configuraci\u00f3n est\u00e1ndar:<\/strong><\/h3>\n<ol>\n<li>Haga clic en \u00abConfiguraci\u00f3n predeterminada\u00bb<\/li>\n<\/ol>\n","protected":false},"excerpt":{"rendered":"<p>Puede personalizar el tama\u00f1o y el color de la tipograf\u00eda de este sitio web. El tama\u00f1o y el color de la tipograf\u00eda que elija se aplicar\u00e1n a todas las p\u00e1ginas del sitio y continuar\u00e1n siendo las mismas la pr\u00f3xima vez que la visite. Para establecer el tama\u00f1o y el color de la fuente: Seleccione el [&hellip;]<\/p>\n","protected":false},"author":2,"featured_media":0,"parent":0,"menu_order":0,"comment_status":"closed","ping_status":"closed","template":"page-templates\/personalitza_web.php","meta":{"_acf_changed":false,"footnotes":""},"class_list":["post-20682","page","type-page","status-publish","hentry"],"acf":[],"yoast_head":"<!-- This site is optimized with the Yoast SEO plugin v27.4 - https:\/\/yoast.com\/product\/yoast-seo-wordpress\/ -->\n<title>Personalizaci\u00f3n del tama\u00f1o y el color de la tipograf\u00eda - Visit Empord\u00e0<\/title>\n<meta name=\"robots\" content=\"index, follow, max-snippet:-1, max-image-preview:large, max-video-preview:-1\" \/>\n<link rel=\"canonical\" href=\"https:\/\/visitemporda.com\/es\/personalizacion-del-tamano-y-el-color-de-la-tipografia\/\" \/>\n<meta property=\"og:locale\" content=\"es_ES\" \/>\n<meta property=\"og:type\" content=\"article\" \/>\n<meta property=\"og:title\" content=\"Personalizaci\u00f3n del tama\u00f1o y el color de la tipograf\u00eda - Visit Empord\u00e0\" \/>\n<meta property=\"og:description\" content=\"Puede personalizar el tama\u00f1o y el color de la tipograf\u00eda de este sitio web. El tama\u00f1o y el color de la tipograf\u00eda que elija se aplicar\u00e1n a todas las p\u00e1ginas del sitio y continuar\u00e1n siendo las mismas la pr\u00f3xima vez que la visite. Para establecer el tama\u00f1o y el color de la fuente: Seleccione el [&hellip;]\" \/>\n<meta property=\"og:url\" content=\"https:\/\/visitemporda.com\/es\/personalizacion-del-tamano-y-el-color-de-la-tipografia\/\" \/>\n<meta property=\"og:site_name\" content=\"Visit Empord\u00e0\" \/>\n<meta property=\"article:publisher\" content=\"https:\/\/www.facebook.com\/baixempordaturisme\" \/>\n<meta property=\"article:modified_time\" content=\"2020-10-15T07:47:52+00:00\" \/>\n<meta name=\"twitter:card\" content=\"summary_large_image\" \/>\n<meta name=\"twitter:site\" content=\"@baixemporda_tur\" \/>\n<script type=\"application\/ld+json\" class=\"yoast-schema-graph\">{\"@context\":\"https:\\\/\\\/schema.org\",\"@graph\":[{\"@type\":\"WebPage\",\"@id\":\"https:\\\/\\\/visitemporda.com\\\/es\\\/personalizacion-del-tamano-y-el-color-de-la-tipografia\\\/\",\"url\":\"https:\\\/\\\/visitemporda.com\\\/es\\\/personalizacion-del-tamano-y-el-color-de-la-tipografia\\\/\",\"name\":\"Personalizaci\u00f3n del tama\u00f1o y el color de la tipograf\u00eda - Visit Empord\u00e0\",\"isPartOf\":{\"@id\":\"https:\\\/\\\/visitemporda.com\\\/es\\\/#website\"},\"datePublished\":\"2020-01-30T12:07:54+00:00\",\"dateModified\":\"2020-10-15T07:47:52+00:00\",\"breadcrumb\":{\"@id\":\"https:\\\/\\\/visitemporda.com\\\/es\\\/personalizacion-del-tamano-y-el-color-de-la-tipografia\\\/#breadcrumb\"},\"inLanguage\":\"es\",\"potentialAction\":[{\"@type\":\"ReadAction\",\"target\":[\"https:\\\/\\\/visitemporda.com\\\/es\\\/personalizacion-del-tamano-y-el-color-de-la-tipografia\\\/\"]}]},{\"@type\":\"BreadcrumbList\",\"@id\":\"https:\\\/\\\/visitemporda.com\\\/es\\\/personalizacion-del-tamano-y-el-color-de-la-tipografia\\\/#breadcrumb\",\"itemListElement\":[{\"@type\":\"ListItem\",\"position\":1,\"name\":\"Inici\",\"item\":\"https:\\\/\\\/visitemporda.com\\\/es\\\/\"},{\"@type\":\"ListItem\",\"position\":2,\"name\":\"Personalizaci\u00f3n del tama\u00f1o y el color de la tipograf\u00eda\"}]},{\"@type\":\"WebSite\",\"@id\":\"https:\\\/\\\/visitemporda.com\\\/es\\\/#website\",\"url\":\"https:\\\/\\\/visitemporda.com\\\/es\\\/\",\"name\":\"Visit Empord\u00e0\",\"description\":\"Web tur\u00edstica oficial del Baix Empord\u00e0\",\"publisher\":{\"@id\":\"https:\\\/\\\/visitemporda.com\\\/es\\\/#organization\"},\"potentialAction\":[{\"@type\":\"SearchAction\",\"target\":{\"@type\":\"EntryPoint\",\"urlTemplate\":\"https:\\\/\\\/visitemporda.com\\\/es\\\/?s={search_term_string}\"},\"query-input\":{\"@type\":\"PropertyValueSpecification\",\"valueRequired\":true,\"valueName\":\"search_term_string\"}}],\"inLanguage\":\"es\"},{\"@type\":\"Organization\",\"@id\":\"https:\\\/\\\/visitemporda.com\\\/es\\\/#organization\",\"name\":\"Consell Comarcal del Baix Empord\u00e0\",\"url\":\"https:\\\/\\\/visitemporda.com\\\/es\\\/\",\"logo\":{\"@type\":\"ImageObject\",\"inLanguage\":\"es\",\"@id\":\"https:\\\/\\\/visitemporda.com\\\/es\\\/#\\\/schema\\\/logo\\\/image\\\/\",\"url\":\"https:\\\/\\\/visitemporda.com\\\/wp-content\\\/uploads\\\/2024\\\/11\\\/Logotip_CCBE.png\",\"contentUrl\":\"https:\\\/\\\/visitemporda.com\\\/wp-content\\\/uploads\\\/2024\\\/11\\\/Logotip_CCBE.png\",\"width\":3617,\"height\":3617,\"caption\":\"Consell Comarcal del Baix Empord\u00e0\"},\"image\":{\"@id\":\"https:\\\/\\\/visitemporda.com\\\/es\\\/#\\\/schema\\\/logo\\\/image\\\/\"},\"sameAs\":[\"https:\\\/\\\/www.facebook.com\\\/baixempordaturisme\",\"https:\\\/\\\/x.com\\\/baixemporda_tur\",\"https:\\\/\\\/www.instagram.com\\\/visitemporda\"]}]}<\/script>\n<!-- \/ Yoast SEO plugin. -->","yoast_head_json":{"title":"Personalizaci\u00f3n del tama\u00f1o y el color de la tipograf\u00eda - Visit Empord\u00e0","robots":{"index":"index","follow":"follow","max-snippet":"max-snippet:-1","max-image-preview":"max-image-preview:large","max-video-preview":"max-video-preview:-1"},"canonical":"https:\/\/visitemporda.com\/es\/personalizacion-del-tamano-y-el-color-de-la-tipografia\/","og_locale":"es_ES","og_type":"article","og_title":"Personalizaci\u00f3n del tama\u00f1o y el color de la tipograf\u00eda - Visit Empord\u00e0","og_description":"Puede personalizar el tama\u00f1o y el color de la tipograf\u00eda de este sitio web. El tama\u00f1o y el color de la tipograf\u00eda que elija se aplicar\u00e1n a todas las p\u00e1ginas del sitio y continuar\u00e1n siendo las mismas la pr\u00f3xima vez que la visite. Para establecer el tama\u00f1o y el color de la fuente: Seleccione el [&hellip;]","og_url":"https:\/\/visitemporda.com\/es\/personalizacion-del-tamano-y-el-color-de-la-tipografia\/","og_site_name":"Visit Empord\u00e0","article_publisher":"https:\/\/www.facebook.com\/baixempordaturisme","article_modified_time":"2020-10-15T07:47:52+00:00","twitter_card":"summary_large_image","twitter_site":"@baixemporda_tur","schema":{"@context":"https:\/\/schema.org","@graph":[{"@type":"WebPage","@id":"https:\/\/visitemporda.com\/es\/personalizacion-del-tamano-y-el-color-de-la-tipografia\/","url":"https:\/\/visitemporda.com\/es\/personalizacion-del-tamano-y-el-color-de-la-tipografia\/","name":"Personalizaci\u00f3n del tama\u00f1o y el color de la tipograf\u00eda - Visit Empord\u00e0","isPartOf":{"@id":"https:\/\/visitemporda.com\/es\/#website"},"datePublished":"2020-01-30T12:07:54+00:00","dateModified":"2020-10-15T07:47:52+00:00","breadcrumb":{"@id":"https:\/\/visitemporda.com\/es\/personalizacion-del-tamano-y-el-color-de-la-tipografia\/#breadcrumb"},"inLanguage":"es","potentialAction":[{"@type":"ReadAction","target":["https:\/\/visitemporda.com\/es\/personalizacion-del-tamano-y-el-color-de-la-tipografia\/"]}]},{"@type":"BreadcrumbList","@id":"https:\/\/visitemporda.com\/es\/personalizacion-del-tamano-y-el-color-de-la-tipografia\/#breadcrumb","itemListElement":[{"@type":"ListItem","position":1,"name":"Inici","item":"https:\/\/visitemporda.com\/es\/"},{"@type":"ListItem","position":2,"name":"Personalizaci\u00f3n del tama\u00f1o y el color de la tipograf\u00eda"}]},{"@type":"WebSite","@id":"https:\/\/visitemporda.com\/es\/#website","url":"https:\/\/visitemporda.com\/es\/","name":"Visit Empord\u00e0","description":"Web tur\u00edstica oficial del Baix Empord\u00e0","publisher":{"@id":"https:\/\/visitemporda.com\/es\/#organization"},"potentialAction":[{"@type":"SearchAction","target":{"@type":"EntryPoint","urlTemplate":"https:\/\/visitemporda.com\/es\/?s={search_term_string}"},"query-input":{"@type":"PropertyValueSpecification","valueRequired":true,"valueName":"search_term_string"}}],"inLanguage":"es"},{"@type":"Organization","@id":"https:\/\/visitemporda.com\/es\/#organization","name":"Consell Comarcal del Baix Empord\u00e0","url":"https:\/\/visitemporda.com\/es\/","logo":{"@type":"ImageObject","inLanguage":"es","@id":"https:\/\/visitemporda.com\/es\/#\/schema\/logo\/image\/","url":"https:\/\/visitemporda.com\/wp-content\/uploads\/2024\/11\/Logotip_CCBE.png","contentUrl":"https:\/\/visitemporda.com\/wp-content\/uploads\/2024\/11\/Logotip_CCBE.png","width":3617,"height":3617,"caption":"Consell Comarcal del Baix Empord\u00e0"},"image":{"@id":"https:\/\/visitemporda.com\/es\/#\/schema\/logo\/image\/"},"sameAs":["https:\/\/www.facebook.com\/baixempordaturisme","https:\/\/x.com\/baixemporda_tur","https:\/\/www.instagram.com\/visitemporda"]}]}},"_links":{"self":[{"href":"https:\/\/visitemporda.com\/es\/wp-json\/wp\/v2\/pages\/20682","targetHints":{"allow":["GET"]}}],"collection":[{"href":"https:\/\/visitemporda.com\/es\/wp-json\/wp\/v2\/pages"}],"about":[{"href":"https:\/\/visitemporda.com\/es\/wp-json\/wp\/v2\/types\/page"}],"author":[{"embeddable":true,"href":"https:\/\/visitemporda.com\/es\/wp-json\/wp\/v2\/users\/2"}],"replies":[{"embeddable":true,"href":"https:\/\/visitemporda.com\/es\/wp-json\/wp\/v2\/comments?post=20682"}],"version-history":[{"count":2,"href":"https:\/\/visitemporda.com\/es\/wp-json\/wp\/v2\/pages\/20682\/revisions"}],"predecessor-version":[{"id":20684,"href":"https:\/\/visitemporda.com\/es\/wp-json\/wp\/v2\/pages\/20682\/revisions\/20684"}],"wp:attachment":[{"href":"https:\/\/visitemporda.com\/es\/wp-json\/wp\/v2\/media?parent=20682"}],"curies":[{"name":"wp","href":"https:\/\/api.w.org\/{rel}","templated":true}]}}