

{"id":20670,"date":"2019-03-26T14:50:06","date_gmt":"2019-03-26T13:50:06","guid":{"rendered":"http:\/\/visitemporda.com\/recomendaciones\/24h-a\/24h-al-baix-emporda\/"},"modified":"2020-10-15T09:11:39","modified_gmt":"2020-10-15T07:11:39","slug":"24h-en-el-baix-emporda","status":"publish","type":"page","link":"https:\/\/visitemporda.com\/es\/recomendaciones\/24h-a\/24h-en-el-baix-emporda\/","title":{"rendered":"24h en el Baix Empord\u00e0"},"content":{"rendered":"<p>El Baix Empord\u00e0 ofrece atractivos para una larga visita explorando una gran variedad de rincones por todo el territorio. No obstante, si ten\u00e9is poco tiempo, hemos dise\u00f1ado un recorrido de un d\u00eda para visitar algunos de los espacios m\u00e1s emblem\u00e1ticos de nuestra comarca y conocer sus actividades m\u00e1s caracter\u00edsticas. La ruta recoge la esencia del Baix Empord\u00e0 en 24 horas. \u00bfEst\u00e1is preparados?<\/p>\n","protected":false},"excerpt":{"rendered":"<p>El Baix Empord\u00e0 ofrece atractivos para una larga visita explorando una gran variedad de rincones por todo el territorio. No obstante, si ten\u00e9is poco tiempo, hemos dise\u00f1ado un recorrido de un d\u00eda para visitar algunos de los espacios m\u00e1s emblem\u00e1ticos de nuestra comarca y conocer sus actividades m\u00e1s caracter\u00edsticas. La ruta recoge la esencia del [&hellip;]<\/p>\n","protected":false},"author":2,"featured_media":0,"parent":20588,"menu_order":0,"comment_status":"closed","ping_status":"closed","template":"page-templates\/estil_1.php","meta":{"_acf_changed":false,"footnotes":""},"class_list":["post-20670","page","type-page","status-publish","hentry"],"acf":[],"yoast_head":"<!-- This site is optimized with the Yoast SEO plugin v27.4 - https:\/\/yoast.com\/product\/yoast-seo-wordpress\/ -->\n<title>24h en el Baix Empord\u00e0 - Visit Empord\u00e0<\/title>\n<meta name=\"robots\" content=\"index, follow, max-snippet:-1, max-image-preview:large, max-video-preview:-1\" \/>\n<link rel=\"canonical\" href=\"https:\/\/visitemporda.com\/es\/recomendaciones\/24h-a\/24h-en-el-baix-emporda\/\" \/>\n<meta property=\"og:locale\" content=\"es_ES\" \/>\n<meta property=\"og:type\" content=\"article\" \/>\n<meta property=\"og:title\" content=\"24h en el Baix Empord\u00e0 - Visit Empord\u00e0\" \/>\n<meta property=\"og:description\" content=\"El Baix Empord\u00e0 ofrece atractivos para una larga visita explorando una gran variedad de rincones por todo el territorio. No obstante, si ten\u00e9is poco tiempo, hemos dise\u00f1ado un recorrido de un d\u00eda para visitar algunos de los espacios m\u00e1s emblem\u00e1ticos de nuestra comarca y conocer sus actividades m\u00e1s caracter\u00edsticas. La ruta recoge la esencia del [&hellip;]\" \/>\n<meta property=\"og:url\" content=\"https:\/\/visitemporda.com\/es\/recomendaciones\/24h-a\/24h-en-el-baix-emporda\/\" \/>\n<meta property=\"og:site_name\" content=\"Visit Empord\u00e0\" \/>\n<meta property=\"article:publisher\" content=\"https:\/\/www.facebook.com\/baixempordaturisme\" \/>\n<meta property=\"article:modified_time\" content=\"2020-10-15T07:11:39+00:00\" \/>\n<meta name=\"twitter:card\" content=\"summary_large_image\" \/>\n<meta name=\"twitter:site\" content=\"@baixemporda_tur\" \/>\n<script type=\"application\/ld+json\" class=\"yoast-schema-graph\">{\"@context\":\"https:\\\/\\\/schema.org\",\"@graph\":[{\"@type\":\"WebPage\",\"@id\":\"https:\\\/\\\/visitemporda.com\\\/es\\\/recomendaciones\\\/24h-a\\\/24h-en-el-baix-emporda\\\/\",\"url\":\"https:\\\/\\\/visitemporda.com\\\/es\\\/recomendaciones\\\/24h-a\\\/24h-en-el-baix-emporda\\\/\",\"name\":\"24h en el Baix Empord\u00e0 - Visit Empord\u00e0\",\"isPartOf\":{\"@id\":\"https:\\\/\\\/visitemporda.com\\\/es\\\/#website\"},\"datePublished\":\"2019-03-26T13:50:06+00:00\",\"dateModified\":\"2020-10-15T07:11:39+00:00\",\"breadcrumb\":{\"@id\":\"https:\\\/\\\/visitemporda.com\\\/es\\\/recomendaciones\\\/24h-a\\\/24h-en-el-baix-emporda\\\/#breadcrumb\"},\"inLanguage\":\"es\",\"potentialAction\":[{\"@type\":\"ReadAction\",\"target\":[\"https:\\\/\\\/visitemporda.com\\\/es\\\/recomendaciones\\\/24h-a\\\/24h-en-el-baix-emporda\\\/\"]}]},{\"@type\":\"BreadcrumbList\",\"@id\":\"https:\\\/\\\/visitemporda.com\\\/es\\\/recomendaciones\\\/24h-a\\\/24h-en-el-baix-emporda\\\/#breadcrumb\",\"itemListElement\":[{\"@type\":\"ListItem\",\"position\":1,\"name\":\"Inici\",\"item\":\"https:\\\/\\\/visitemporda.com\\\/es\\\/\"},{\"@type\":\"ListItem\",\"position\":2,\"name\":\"Recomendaciones\",\"item\":\"https:\\\/\\\/visitemporda.com\\\/es\\\/recomendaciones\\\/\"},{\"@type\":\"ListItem\",\"position\":3,\"name\":\"24h en &#8230;\",\"item\":\"https:\\\/\\\/visitemporda.com\\\/es\\\/recomendaciones\\\/24h-a\\\/\"},{\"@type\":\"ListItem\",\"position\":4,\"name\":\"24h en el Baix Empord\u00e0\"}]},{\"@type\":\"WebSite\",\"@id\":\"https:\\\/\\\/visitemporda.com\\\/es\\\/#website\",\"url\":\"https:\\\/\\\/visitemporda.com\\\/es\\\/\",\"name\":\"Visit Empord\u00e0\",\"description\":\"Web tur\u00edstica oficial del Baix Empord\u00e0\",\"publisher\":{\"@id\":\"https:\\\/\\\/visitemporda.com\\\/es\\\/#organization\"},\"potentialAction\":[{\"@type\":\"SearchAction\",\"target\":{\"@type\":\"EntryPoint\",\"urlTemplate\":\"https:\\\/\\\/visitemporda.com\\\/es\\\/?s={search_term_string}\"},\"query-input\":{\"@type\":\"PropertyValueSpecification\",\"valueRequired\":true,\"valueName\":\"search_term_string\"}}],\"inLanguage\":\"es\"},{\"@type\":\"Organization\",\"@id\":\"https:\\\/\\\/visitemporda.com\\\/es\\\/#organization\",\"name\":\"Consell Comarcal del Baix Empord\u00e0\",\"url\":\"https:\\\/\\\/visitemporda.com\\\/es\\\/\",\"logo\":{\"@type\":\"ImageObject\",\"inLanguage\":\"es\",\"@id\":\"https:\\\/\\\/visitemporda.com\\\/es\\\/#\\\/schema\\\/logo\\\/image\\\/\",\"url\":\"https:\\\/\\\/visitemporda.com\\\/wp-content\\\/uploads\\\/2024\\\/11\\\/Logotip_CCBE.png\",\"contentUrl\":\"https:\\\/\\\/visitemporda.com\\\/wp-content\\\/uploads\\\/2024\\\/11\\\/Logotip_CCBE.png\",\"width\":3617,\"height\":3617,\"caption\":\"Consell Comarcal del Baix Empord\u00e0\"},\"image\":{\"@id\":\"https:\\\/\\\/visitemporda.com\\\/es\\\/#\\\/schema\\\/logo\\\/image\\\/\"},\"sameAs\":[\"https:\\\/\\\/www.facebook.com\\\/baixempordaturisme\",\"https:\\\/\\\/x.com\\\/baixemporda_tur\",\"https:\\\/\\\/www.instagram.com\\\/visitemporda\"]}]}<\/script>\n<!-- \/ Yoast SEO plugin. -->","yoast_head_json":{"title":"24h en el Baix Empord\u00e0 - Visit Empord\u00e0","robots":{"index":"index","follow":"follow","max-snippet":"max-snippet:-1","max-image-preview":"max-image-preview:large","max-video-preview":"max-video-preview:-1"},"canonical":"https:\/\/visitemporda.com\/es\/recomendaciones\/24h-a\/24h-en-el-baix-emporda\/","og_locale":"es_ES","og_type":"article","og_title":"24h en el Baix Empord\u00e0 - Visit Empord\u00e0","og_description":"El Baix Empord\u00e0 ofrece atractivos para una larga visita explorando una gran variedad de rincones por todo el territorio. No obstante, si ten\u00e9is poco tiempo, hemos dise\u00f1ado un recorrido de un d\u00eda para visitar algunos de los espacios m\u00e1s emblem\u00e1ticos de nuestra comarca y conocer sus actividades m\u00e1s caracter\u00edsticas. La ruta recoge la esencia del [&hellip;]","og_url":"https:\/\/visitemporda.com\/es\/recomendaciones\/24h-a\/24h-en-el-baix-emporda\/","og_site_name":"Visit Empord\u00e0","article_publisher":"https:\/\/www.facebook.com\/baixempordaturisme","article_modified_time":"2020-10-15T07:11:39+00:00","twitter_card":"summary_large_image","twitter_site":"@baixemporda_tur","schema":{"@context":"https:\/\/schema.org","@graph":[{"@type":"WebPage","@id":"https:\/\/visitemporda.com\/es\/recomendaciones\/24h-a\/24h-en-el-baix-emporda\/","url":"https:\/\/visitemporda.com\/es\/recomendaciones\/24h-a\/24h-en-el-baix-emporda\/","name":"24h en el Baix Empord\u00e0 - Visit Empord\u00e0","isPartOf":{"@id":"https:\/\/visitemporda.com\/es\/#website"},"datePublished":"2019-03-26T13:50:06+00:00","dateModified":"2020-10-15T07:11:39+00:00","breadcrumb":{"@id":"https:\/\/visitemporda.com\/es\/recomendaciones\/24h-a\/24h-en-el-baix-emporda\/#breadcrumb"},"inLanguage":"es","potentialAction":[{"@type":"ReadAction","target":["https:\/\/visitemporda.com\/es\/recomendaciones\/24h-a\/24h-en-el-baix-emporda\/"]}]},{"@type":"BreadcrumbList","@id":"https:\/\/visitemporda.com\/es\/recomendaciones\/24h-a\/24h-en-el-baix-emporda\/#breadcrumb","itemListElement":[{"@type":"ListItem","position":1,"name":"Inici","item":"https:\/\/visitemporda.com\/es\/"},{"@type":"ListItem","position":2,"name":"Recomendaciones","item":"https:\/\/visitemporda.com\/es\/recomendaciones\/"},{"@type":"ListItem","position":3,"name":"24h en &#8230;","item":"https:\/\/visitemporda.com\/es\/recomendaciones\/24h-a\/"},{"@type":"ListItem","position":4,"name":"24h en el Baix Empord\u00e0"}]},{"@type":"WebSite","@id":"https:\/\/visitemporda.com\/es\/#website","url":"https:\/\/visitemporda.com\/es\/","name":"Visit Empord\u00e0","description":"Web tur\u00edstica oficial del Baix Empord\u00e0","publisher":{"@id":"https:\/\/visitemporda.com\/es\/#organization"},"potentialAction":[{"@type":"SearchAction","target":{"@type":"EntryPoint","urlTemplate":"https:\/\/visitemporda.com\/es\/?s={search_term_string}"},"query-input":{"@type":"PropertyValueSpecification","valueRequired":true,"valueName":"search_term_string"}}],"inLanguage":"es"},{"@type":"Organization","@id":"https:\/\/visitemporda.com\/es\/#organization","name":"Consell Comarcal del Baix Empord\u00e0","url":"https:\/\/visitemporda.com\/es\/","logo":{"@type":"ImageObject","inLanguage":"es","@id":"https:\/\/visitemporda.com\/es\/#\/schema\/logo\/image\/","url":"https:\/\/visitemporda.com\/wp-content\/uploads\/2024\/11\/Logotip_CCBE.png","contentUrl":"https:\/\/visitemporda.com\/wp-content\/uploads\/2024\/11\/Logotip_CCBE.png","width":3617,"height":3617,"caption":"Consell Comarcal del Baix Empord\u00e0"},"image":{"@id":"https:\/\/visitemporda.com\/es\/#\/schema\/logo\/image\/"},"sameAs":["https:\/\/www.facebook.com\/baixempordaturisme","https:\/\/x.com\/baixemporda_tur","https:\/\/www.instagram.com\/visitemporda"]}]}},"_links":{"self":[{"href":"https:\/\/visitemporda.com\/es\/wp-json\/wp\/v2\/pages\/20670","targetHints":{"allow":["GET"]}}],"collection":[{"href":"https:\/\/visitemporda.com\/es\/wp-json\/wp\/v2\/pages"}],"about":[{"href":"https:\/\/visitemporda.com\/es\/wp-json\/wp\/v2\/types\/page"}],"author":[{"embeddable":true,"href":"https:\/\/visitemporda.com\/es\/wp-json\/wp\/v2\/users\/2"}],"replies":[{"embeddable":true,"href":"https:\/\/visitemporda.com\/es\/wp-json\/wp\/v2\/comments?post=20670"}],"version-history":[{"count":2,"href":"https:\/\/visitemporda.com\/es\/wp-json\/wp\/v2\/pages\/20670\/revisions"}],"predecessor-version":[{"id":20672,"href":"https:\/\/visitemporda.com\/es\/wp-json\/wp\/v2\/pages\/20670\/revisions\/20672"}],"up":[{"embeddable":true,"href":"https:\/\/visitemporda.com\/es\/wp-json\/wp\/v2\/pages\/20588"}],"wp:attachment":[{"href":"https:\/\/visitemporda.com\/es\/wp-json\/wp\/v2\/media?parent=20670"}],"curies":[{"name":"wp","href":"https:\/\/api.w.org\/{rel}","templated":true}]}}