

{"id":20632,"date":"2020-01-02T09:07:02","date_gmt":"2020-01-02T08:07:02","guid":{"rendered":"http:\/\/visitemporda.com\/propostes-de-qualitat\/museus-i-centres-dinteres\/"},"modified":"2026-02-09T08:48:26","modified_gmt":"2026-02-09T07:48:26","slug":"museus-i-centres-dinteres","status":"publish","type":"page","link":"https:\/\/visitemporda.com\/es\/recomendaciones\/propostes\/propostes-de-qualitat\/museus-i-centres-dinteres\/","title":{"rendered":"Museos y centros de inter\u00e9s"},"content":{"rendered":"","protected":false},"excerpt":{"rendered":"","protected":false},"author":2,"featured_media":14467,"parent":20617,"menu_order":0,"comment_status":"closed","ping_status":"closed","template":"page-templates\/vivencies.php","meta":{"_acf_changed":false,"footnotes":""},"class_list":["post-20632","page","type-page","status-publish","has-post-thumbnail","hentry"],"acf":[],"yoast_head":"<!-- This site is optimized with the Yoast SEO plugin v27.3 - https:\/\/yoast.com\/product\/yoast-seo-wordpress\/ -->\n<title>Museos y centros de inter\u00e9s - Visit Empord\u00e0<\/title>\n<meta name=\"robots\" content=\"index, follow, max-snippet:-1, max-image-preview:large, max-video-preview:-1\" \/>\n<link rel=\"canonical\" href=\"https:\/\/visitemporda.com\/es\/recomendaciones\/propostes\/propostes-de-qualitat\/museus-i-centres-dinteres\/\" \/>\n<meta property=\"og:locale\" content=\"es_ES\" \/>\n<meta property=\"og:type\" content=\"article\" \/>\n<meta property=\"og:title\" content=\"Museos y centros de inter\u00e9s - Visit Empord\u00e0\" \/>\n<meta property=\"og:url\" content=\"https:\/\/visitemporda.com\/es\/recomendaciones\/propostes\/propostes-de-qualitat\/museus-i-centres-dinteres\/\" \/>\n<meta property=\"og:site_name\" content=\"Visit Empord\u00e0\" \/>\n<meta property=\"article:publisher\" content=\"https:\/\/www.facebook.com\/baixempordaturisme\" \/>\n<meta property=\"article:modified_time\" content=\"2026-02-09T07:48:26+00:00\" \/>\n<meta property=\"og:image\" content=\"https:\/\/visitemporda.com\/wp-content\/uploads\/2020\/01\/museu-del-suro-1024x768.jpg\" \/>\n\t<meta property=\"og:image:width\" content=\"1024\" \/>\n\t<meta property=\"og:image:height\" content=\"768\" \/>\n\t<meta property=\"og:image:type\" content=\"image\/jpeg\" \/>\n<meta name=\"twitter:card\" content=\"summary_large_image\" \/>\n<meta name=\"twitter:site\" content=\"@baixemporda_tur\" \/>\n<meta name=\"twitter:label1\" content=\"Tiempo de lectura\" \/>\n\t<meta name=\"twitter:data1\" content=\"1 minuto\" \/>\n<script type=\"application\/ld+json\" class=\"yoast-schema-graph\">{\"@context\":\"https:\\\/\\\/schema.org\",\"@graph\":[{\"@type\":\"WebPage\",\"@id\":\"https:\\\/\\\/visitemporda.com\\\/es\\\/recomendaciones\\\/propostes\\\/propostes-de-qualitat\\\/museus-i-centres-dinteres\\\/\",\"url\":\"https:\\\/\\\/visitemporda.com\\\/es\\\/recomendaciones\\\/propostes\\\/propostes-de-qualitat\\\/museus-i-centres-dinteres\\\/\",\"name\":\"Museos y centros de inter\u00e9s - Visit Empord\u00e0\",\"isPartOf\":{\"@id\":\"https:\\\/\\\/visitemporda.com\\\/es\\\/#website\"},\"primaryImageOfPage\":{\"@id\":\"https:\\\/\\\/visitemporda.com\\\/es\\\/recomendaciones\\\/propostes\\\/propostes-de-qualitat\\\/museus-i-centres-dinteres\\\/#primaryimage\"},\"image\":{\"@id\":\"https:\\\/\\\/visitemporda.com\\\/es\\\/recomendaciones\\\/propostes\\\/propostes-de-qualitat\\\/museus-i-centres-dinteres\\\/#primaryimage\"},\"thumbnailUrl\":\"https:\\\/\\\/visitemporda.com\\\/wp-content\\\/uploads\\\/2020\\\/01\\\/museu-del-suro.jpg\",\"datePublished\":\"2020-01-02T08:07:02+00:00\",\"dateModified\":\"2026-02-09T07:48:26+00:00\",\"breadcrumb\":{\"@id\":\"https:\\\/\\\/visitemporda.com\\\/es\\\/recomendaciones\\\/propostes\\\/propostes-de-qualitat\\\/museus-i-centres-dinteres\\\/#breadcrumb\"},\"inLanguage\":\"es\",\"potentialAction\":[{\"@type\":\"ReadAction\",\"target\":[\"https:\\\/\\\/visitemporda.com\\\/es\\\/recomendaciones\\\/propostes\\\/propostes-de-qualitat\\\/museus-i-centres-dinteres\\\/\"]}]},{\"@type\":\"ImageObject\",\"inLanguage\":\"es\",\"@id\":\"https:\\\/\\\/visitemporda.com\\\/es\\\/recomendaciones\\\/propostes\\\/propostes-de-qualitat\\\/museus-i-centres-dinteres\\\/#primaryimage\",\"url\":\"https:\\\/\\\/visitemporda.com\\\/wp-content\\\/uploads\\\/2020\\\/01\\\/museu-del-suro.jpg\",\"contentUrl\":\"https:\\\/\\\/visitemporda.com\\\/wp-content\\\/uploads\\\/2020\\\/01\\\/museu-del-suro.jpg\",\"width\":3543,\"height\":2657,\"caption\":\"museu del suro. edifici, antiga f\u00e0brica de suro.\"},{\"@type\":\"BreadcrumbList\",\"@id\":\"https:\\\/\\\/visitemporda.com\\\/es\\\/recomendaciones\\\/propostes\\\/propostes-de-qualitat\\\/museus-i-centres-dinteres\\\/#breadcrumb\",\"itemListElement\":[{\"@type\":\"ListItem\",\"position\":1,\"name\":\"Inici\",\"item\":\"https:\\\/\\\/visitemporda.com\\\/es\\\/\"},{\"@type\":\"ListItem\",\"position\":2,\"name\":\"Recomendaciones\",\"item\":\"https:\\\/\\\/visitemporda.com\\\/es\\\/recomendaciones\\\/\"},{\"@type\":\"ListItem\",\"position\":3,\"name\":\"Qu\u00e9 hacer\",\"item\":\"https:\\\/\\\/visitemporda.com\\\/es\\\/recomendaciones\\\/propostes\\\/\"},{\"@type\":\"ListItem\",\"position\":4,\"name\":\"Propuestas de calidad\",\"item\":\"https:\\\/\\\/visitemporda.com\\\/es\\\/recomendaciones\\\/propostes\\\/propostes-de-qualitat\\\/\"},{\"@type\":\"ListItem\",\"position\":5,\"name\":\"Museos y centros de inter\u00e9s\"}]},{\"@type\":\"WebSite\",\"@id\":\"https:\\\/\\\/visitemporda.com\\\/es\\\/#website\",\"url\":\"https:\\\/\\\/visitemporda.com\\\/es\\\/\",\"name\":\"Visit Empord\u00e0\",\"description\":\"Web tur\u00edstica oficial del Baix Empord\u00e0\",\"publisher\":{\"@id\":\"https:\\\/\\\/visitemporda.com\\\/es\\\/#organization\"},\"potentialAction\":[{\"@type\":\"SearchAction\",\"target\":{\"@type\":\"EntryPoint\",\"urlTemplate\":\"https:\\\/\\\/visitemporda.com\\\/es\\\/?s={search_term_string}\"},\"query-input\":{\"@type\":\"PropertyValueSpecification\",\"valueRequired\":true,\"valueName\":\"search_term_string\"}}],\"inLanguage\":\"es\"},{\"@type\":\"Organization\",\"@id\":\"https:\\\/\\\/visitemporda.com\\\/es\\\/#organization\",\"name\":\"Consell Comarcal del Baix Empord\u00e0\",\"url\":\"https:\\\/\\\/visitemporda.com\\\/es\\\/\",\"logo\":{\"@type\":\"ImageObject\",\"inLanguage\":\"es\",\"@id\":\"https:\\\/\\\/visitemporda.com\\\/es\\\/#\\\/schema\\\/logo\\\/image\\\/\",\"url\":\"https:\\\/\\\/visitemporda.com\\\/wp-content\\\/uploads\\\/2024\\\/11\\\/Logotip_CCBE.png\",\"contentUrl\":\"https:\\\/\\\/visitemporda.com\\\/wp-content\\\/uploads\\\/2024\\\/11\\\/Logotip_CCBE.png\",\"width\":3617,\"height\":3617,\"caption\":\"Consell Comarcal del Baix Empord\u00e0\"},\"image\":{\"@id\":\"https:\\\/\\\/visitemporda.com\\\/es\\\/#\\\/schema\\\/logo\\\/image\\\/\"},\"sameAs\":[\"https:\\\/\\\/www.facebook.com\\\/baixempordaturisme\",\"https:\\\/\\\/x.com\\\/baixemporda_tur\",\"https:\\\/\\\/www.instagram.com\\\/visitemporda\"]}]}<\/script>\n<!-- \/ Yoast SEO plugin. -->","yoast_head_json":{"title":"Museos y centros de inter\u00e9s - Visit Empord\u00e0","robots":{"index":"index","follow":"follow","max-snippet":"max-snippet:-1","max-image-preview":"max-image-preview:large","max-video-preview":"max-video-preview:-1"},"canonical":"https:\/\/visitemporda.com\/es\/recomendaciones\/propostes\/propostes-de-qualitat\/museus-i-centres-dinteres\/","og_locale":"es_ES","og_type":"article","og_title":"Museos y centros de inter\u00e9s - Visit Empord\u00e0","og_url":"https:\/\/visitemporda.com\/es\/recomendaciones\/propostes\/propostes-de-qualitat\/museus-i-centres-dinteres\/","og_site_name":"Visit Empord\u00e0","article_publisher":"https:\/\/www.facebook.com\/baixempordaturisme","article_modified_time":"2026-02-09T07:48:26+00:00","og_image":[{"width":1024,"height":768,"url":"https:\/\/visitemporda.com\/wp-content\/uploads\/2020\/01\/museu-del-suro-1024x768.jpg","type":"image\/jpeg"}],"twitter_card":"summary_large_image","twitter_site":"@baixemporda_tur","twitter_misc":{"Tiempo de lectura":"1 minuto"},"schema":{"@context":"https:\/\/schema.org","@graph":[{"@type":"WebPage","@id":"https:\/\/visitemporda.com\/es\/recomendaciones\/propostes\/propostes-de-qualitat\/museus-i-centres-dinteres\/","url":"https:\/\/visitemporda.com\/es\/recomendaciones\/propostes\/propostes-de-qualitat\/museus-i-centres-dinteres\/","name":"Museos y centros de inter\u00e9s - Visit Empord\u00e0","isPartOf":{"@id":"https:\/\/visitemporda.com\/es\/#website"},"primaryImageOfPage":{"@id":"https:\/\/visitemporda.com\/es\/recomendaciones\/propostes\/propostes-de-qualitat\/museus-i-centres-dinteres\/#primaryimage"},"image":{"@id":"https:\/\/visitemporda.com\/es\/recomendaciones\/propostes\/propostes-de-qualitat\/museus-i-centres-dinteres\/#primaryimage"},"thumbnailUrl":"https:\/\/visitemporda.com\/wp-content\/uploads\/2020\/01\/museu-del-suro.jpg","datePublished":"2020-01-02T08:07:02+00:00","dateModified":"2026-02-09T07:48:26+00:00","breadcrumb":{"@id":"https:\/\/visitemporda.com\/es\/recomendaciones\/propostes\/propostes-de-qualitat\/museus-i-centres-dinteres\/#breadcrumb"},"inLanguage":"es","potentialAction":[{"@type":"ReadAction","target":["https:\/\/visitemporda.com\/es\/recomendaciones\/propostes\/propostes-de-qualitat\/museus-i-centres-dinteres\/"]}]},{"@type":"ImageObject","inLanguage":"es","@id":"https:\/\/visitemporda.com\/es\/recomendaciones\/propostes\/propostes-de-qualitat\/museus-i-centres-dinteres\/#primaryimage","url":"https:\/\/visitemporda.com\/wp-content\/uploads\/2020\/01\/museu-del-suro.jpg","contentUrl":"https:\/\/visitemporda.com\/wp-content\/uploads\/2020\/01\/museu-del-suro.jpg","width":3543,"height":2657,"caption":"museu del suro. edifici, antiga f\u00e0brica de suro."},{"@type":"BreadcrumbList","@id":"https:\/\/visitemporda.com\/es\/recomendaciones\/propostes\/propostes-de-qualitat\/museus-i-centres-dinteres\/#breadcrumb","itemListElement":[{"@type":"ListItem","position":1,"name":"Inici","item":"https:\/\/visitemporda.com\/es\/"},{"@type":"ListItem","position":2,"name":"Recomendaciones","item":"https:\/\/visitemporda.com\/es\/recomendaciones\/"},{"@type":"ListItem","position":3,"name":"Qu\u00e9 hacer","item":"https:\/\/visitemporda.com\/es\/recomendaciones\/propostes\/"},{"@type":"ListItem","position":4,"name":"Propuestas de calidad","item":"https:\/\/visitemporda.com\/es\/recomendaciones\/propostes\/propostes-de-qualitat\/"},{"@type":"ListItem","position":5,"name":"Museos y centros de inter\u00e9s"}]},{"@type":"WebSite","@id":"https:\/\/visitemporda.com\/es\/#website","url":"https:\/\/visitemporda.com\/es\/","name":"Visit Empord\u00e0","description":"Web tur\u00edstica oficial del Baix Empord\u00e0","publisher":{"@id":"https:\/\/visitemporda.com\/es\/#organization"},"potentialAction":[{"@type":"SearchAction","target":{"@type":"EntryPoint","urlTemplate":"https:\/\/visitemporda.com\/es\/?s={search_term_string}"},"query-input":{"@type":"PropertyValueSpecification","valueRequired":true,"valueName":"search_term_string"}}],"inLanguage":"es"},{"@type":"Organization","@id":"https:\/\/visitemporda.com\/es\/#organization","name":"Consell Comarcal del Baix Empord\u00e0","url":"https:\/\/visitemporda.com\/es\/","logo":{"@type":"ImageObject","inLanguage":"es","@id":"https:\/\/visitemporda.com\/es\/#\/schema\/logo\/image\/","url":"https:\/\/visitemporda.com\/wp-content\/uploads\/2024\/11\/Logotip_CCBE.png","contentUrl":"https:\/\/visitemporda.com\/wp-content\/uploads\/2024\/11\/Logotip_CCBE.png","width":3617,"height":3617,"caption":"Consell Comarcal del Baix Empord\u00e0"},"image":{"@id":"https:\/\/visitemporda.com\/es\/#\/schema\/logo\/image\/"},"sameAs":["https:\/\/www.facebook.com\/baixempordaturisme","https:\/\/x.com\/baixemporda_tur","https:\/\/www.instagram.com\/visitemporda"]}]}},"_links":{"self":[{"href":"https:\/\/visitemporda.com\/es\/wp-json\/wp\/v2\/pages\/20632","targetHints":{"allow":["GET"]}}],"collection":[{"href":"https:\/\/visitemporda.com\/es\/wp-json\/wp\/v2\/pages"}],"about":[{"href":"https:\/\/visitemporda.com\/es\/wp-json\/wp\/v2\/types\/page"}],"author":[{"embeddable":true,"href":"https:\/\/visitemporda.com\/es\/wp-json\/wp\/v2\/users\/2"}],"replies":[{"embeddable":true,"href":"https:\/\/visitemporda.com\/es\/wp-json\/wp\/v2\/comments?post=20632"}],"version-history":[{"count":3,"href":"https:\/\/visitemporda.com\/es\/wp-json\/wp\/v2\/pages\/20632\/revisions"}],"predecessor-version":[{"id":52692,"href":"https:\/\/visitemporda.com\/es\/wp-json\/wp\/v2\/pages\/20632\/revisions\/52692"}],"up":[{"embeddable":true,"href":"https:\/\/visitemporda.com\/es\/wp-json\/wp\/v2\/pages\/20617"}],"wp:featuredmedia":[{"embeddable":true,"href":"https:\/\/visitemporda.com\/es\/wp-json\/wp\/v2\/media\/14467"}],"wp:attachment":[{"href":"https:\/\/visitemporda.com\/es\/wp-json\/wp\/v2\/media?parent=20632"}],"curies":[{"name":"wp","href":"https:\/\/api.w.org\/{rel}","templated":true}]}}