

{"id":20513,"date":"2020-01-08T16:31:55","date_gmt":"2020-01-08T15:31:55","guid":{"rendered":"http:\/\/visitemporda.com\/propostes-en-familia\/rutes-en-familia\/via-verda-el-tren-petit\/"},"modified":"2020-10-07T17:18:29","modified_gmt":"2020-10-07T15:18:29","slug":"via-verda-el-tren-petit","status":"publish","type":"page","link":"https:\/\/visitemporda.com\/es\/recomendaciones\/propostes\/propostes-en-familia\/rutes-en-familia\/via-verda-el-tren-petit\/","title":{"rendered":"Via Verda El tren petit"},"content":{"rendered":"<p class=\"p1\"><span class=\"s1\">Desde Palafrugell o Mont-ras pod\u00e9is seguir este tramo de v\u00eda verde hasta Palam\u00f3s. Tambi\u00e9n pod\u00e9is acercaros hasta la playa de Castell o al pueblo de Vall-llobrega.<\/span><\/p>\n<p><strong>Recomendaciones<\/strong>: <span class=\"s1\">El tramo est\u00e1 se\u00f1alizado. Se puede iniciar en Palafrugell o en la entrada de Palam\u00f3s, al lado de la gasolinera, donde empieza el antiguo camino real. <\/span><\/p>\n<p><strong>Km<\/strong>: 17<\/p>\n<p><strong>Tiempo<\/strong>: 55 minuts<\/p>\n<p><strong>Ruta Wikiloc<\/strong>:<a href=\"https:\/\/ca.wikiloc.com\/rutes-cicloturisme\/ccbe-turisme-familiar-via-verda-el-tren-petit-palafrugell-palamos-4646722\"> consulta-la aqu\u00ed<\/a><\/p>\n","protected":false},"excerpt":{"rendered":"<p>Desde Palafrugell o Mont-ras pod\u00e9is seguir este tramo de v\u00eda verde hasta Palam\u00f3s. Tambi\u00e9n pod\u00e9is acercaros hasta la playa de Castell o al pueblo de Vall-llobrega. Recomendaciones: El tramo est\u00e1 se\u00f1alizado. Se puede iniciar en Palafrugell o en la entrada de Palam\u00f3s, al lado de la gasolinera, donde empieza el antiguo camino real. Km: 17 [&hellip;]<\/p>\n","protected":false},"author":2,"featured_media":14688,"parent":20485,"menu_order":0,"comment_status":"closed","ping_status":"closed","template":"page-templates\/fitxa-campanyes-gastronomiques.php","meta":{"_acf_changed":false,"footnotes":""},"class_list":["post-20513","page","type-page","status-publish","has-post-thumbnail","hentry"],"acf":[],"yoast_head":"<!-- This site is optimized with the Yoast SEO plugin v27.4 - https:\/\/yoast.com\/product\/yoast-seo-wordpress\/ -->\n<title>Via Verda El tren petit - Visit Empord\u00e0<\/title>\n<meta name=\"robots\" content=\"index, follow, max-snippet:-1, max-image-preview:large, max-video-preview:-1\" \/>\n<link rel=\"canonical\" href=\"https:\/\/visitemporda.com\/es\/recomendaciones\/propostes\/propostes-en-familia\/rutes-en-familia\/via-verda-el-tren-petit\/\" \/>\n<meta property=\"og:locale\" content=\"es_ES\" \/>\n<meta property=\"og:type\" content=\"article\" \/>\n<meta property=\"og:title\" content=\"Via Verda El tren petit - Visit Empord\u00e0\" \/>\n<meta property=\"og:description\" content=\"Desde Palafrugell o Mont-ras pod\u00e9is seguir este tramo de v\u00eda verde hasta Palam\u00f3s. Tambi\u00e9n pod\u00e9is acercaros hasta la playa de Castell o al pueblo de Vall-llobrega. Recomendaciones: El tramo est\u00e1 se\u00f1alizado. Se puede iniciar en Palafrugell o en la entrada de Palam\u00f3s, al lado de la gasolinera, donde empieza el antiguo camino real. Km: 17 [&hellip;]\" \/>\n<meta property=\"og:url\" content=\"https:\/\/visitemporda.com\/es\/recomendaciones\/propostes\/propostes-en-familia\/rutes-en-familia\/via-verda-el-tren-petit\/\" \/>\n<meta property=\"og:site_name\" content=\"Visit Empord\u00e0\" \/>\n<meta property=\"article:publisher\" content=\"https:\/\/www.facebook.com\/baixempordaturisme\" \/>\n<meta property=\"article:modified_time\" content=\"2020-10-07T15:18:29+00:00\" \/>\n<meta property=\"og:image\" content=\"https:\/\/visitemporda.com\/wp-content\/uploads\/2020\/01\/10-palam\u00f3s_021.jpg\" \/>\n\t<meta property=\"og:image:width\" content=\"1198\" \/>\n\t<meta property=\"og:image:height\" content=\"797\" \/>\n\t<meta property=\"og:image:type\" content=\"image\/jpeg\" \/>\n<meta name=\"twitter:card\" content=\"summary_large_image\" \/>\n<meta name=\"twitter:site\" content=\"@baixemporda_tur\" \/>\n<script type=\"application\/ld+json\" class=\"yoast-schema-graph\">{\"@context\":\"https:\\\/\\\/schema.org\",\"@graph\":[{\"@type\":\"WebPage\",\"@id\":\"https:\\\/\\\/visitemporda.com\\\/es\\\/recomendaciones\\\/propostes\\\/propostes-en-familia\\\/rutes-en-familia\\\/via-verda-el-tren-petit\\\/\",\"url\":\"https:\\\/\\\/visitemporda.com\\\/es\\\/recomendaciones\\\/propostes\\\/propostes-en-familia\\\/rutes-en-familia\\\/via-verda-el-tren-petit\\\/\",\"name\":\"Via Verda El tren petit - Visit Empord\u00e0\",\"isPartOf\":{\"@id\":\"https:\\\/\\\/visitemporda.com\\\/es\\\/#website\"},\"primaryImageOfPage\":{\"@id\":\"https:\\\/\\\/visitemporda.com\\\/es\\\/recomendaciones\\\/propostes\\\/propostes-en-familia\\\/rutes-en-familia\\\/via-verda-el-tren-petit\\\/#primaryimage\"},\"image\":{\"@id\":\"https:\\\/\\\/visitemporda.com\\\/es\\\/recomendaciones\\\/propostes\\\/propostes-en-familia\\\/rutes-en-familia\\\/via-verda-el-tren-petit\\\/#primaryimage\"},\"thumbnailUrl\":\"https:\\\/\\\/visitemporda.com\\\/wp-content\\\/uploads\\\/2020\\\/01\\\/10-palam\u00f3s_021.jpg\",\"datePublished\":\"2020-01-08T15:31:55+00:00\",\"dateModified\":\"2020-10-07T15:18:29+00:00\",\"breadcrumb\":{\"@id\":\"https:\\\/\\\/visitemporda.com\\\/es\\\/recomendaciones\\\/propostes\\\/propostes-en-familia\\\/rutes-en-familia\\\/via-verda-el-tren-petit\\\/#breadcrumb\"},\"inLanguage\":\"es\",\"potentialAction\":[{\"@type\":\"ReadAction\",\"target\":[\"https:\\\/\\\/visitemporda.com\\\/es\\\/recomendaciones\\\/propostes\\\/propostes-en-familia\\\/rutes-en-familia\\\/via-verda-el-tren-petit\\\/\"]}]},{\"@type\":\"ImageObject\",\"inLanguage\":\"es\",\"@id\":\"https:\\\/\\\/visitemporda.com\\\/es\\\/recomendaciones\\\/propostes\\\/propostes-en-familia\\\/rutes-en-familia\\\/via-verda-el-tren-petit\\\/#primaryimage\",\"url\":\"https:\\\/\\\/visitemporda.com\\\/wp-content\\\/uploads\\\/2020\\\/01\\\/10-palam\u00f3s_021.jpg\",\"contentUrl\":\"https:\\\/\\\/visitemporda.com\\\/wp-content\\\/uploads\\\/2020\\\/01\\\/10-palam\u00f3s_021.jpg\",\"width\":1198,\"height\":797,\"caption\":\"Palamo\u0301s, via verda Palamo\u0301s-Palafrugell, ruta del tren Petit\"},{\"@type\":\"BreadcrumbList\",\"@id\":\"https:\\\/\\\/visitemporda.com\\\/es\\\/recomendaciones\\\/propostes\\\/propostes-en-familia\\\/rutes-en-familia\\\/via-verda-el-tren-petit\\\/#breadcrumb\",\"itemListElement\":[{\"@type\":\"ListItem\",\"position\":1,\"name\":\"Inici\",\"item\":\"https:\\\/\\\/visitemporda.com\\\/es\\\/\"},{\"@type\":\"ListItem\",\"position\":2,\"name\":\"Recomendaciones\",\"item\":\"https:\\\/\\\/visitemporda.com\\\/es\\\/recomendaciones\\\/\"},{\"@type\":\"ListItem\",\"position\":3,\"name\":\"Qu\u00e9 hacer\",\"item\":\"https:\\\/\\\/visitemporda.com\\\/es\\\/recomendaciones\\\/propostes\\\/\"},{\"@type\":\"ListItem\",\"position\":4,\"name\":\"Propuestas en fam\u00edlia\",\"item\":\"https:\\\/\\\/visitemporda.com\\\/es\\\/recomendaciones\\\/propostes\\\/propostes-en-familia\\\/\"},{\"@type\":\"ListItem\",\"position\":5,\"name\":\"Propuestas de turismo familiar\",\"item\":\"https:\\\/\\\/visitemporda.com\\\/es\\\/recomendaciones\\\/propostes\\\/propostes-en-familia\\\/rutes-en-familia\\\/\"},{\"@type\":\"ListItem\",\"position\":6,\"name\":\"Via Verda El tren petit\"}]},{\"@type\":\"WebSite\",\"@id\":\"https:\\\/\\\/visitemporda.com\\\/es\\\/#website\",\"url\":\"https:\\\/\\\/visitemporda.com\\\/es\\\/\",\"name\":\"Visit Empord\u00e0\",\"description\":\"Web tur\u00edstica oficial del Baix Empord\u00e0\",\"publisher\":{\"@id\":\"https:\\\/\\\/visitemporda.com\\\/es\\\/#organization\"},\"potentialAction\":[{\"@type\":\"SearchAction\",\"target\":{\"@type\":\"EntryPoint\",\"urlTemplate\":\"https:\\\/\\\/visitemporda.com\\\/es\\\/?s={search_term_string}\"},\"query-input\":{\"@type\":\"PropertyValueSpecification\",\"valueRequired\":true,\"valueName\":\"search_term_string\"}}],\"inLanguage\":\"es\"},{\"@type\":\"Organization\",\"@id\":\"https:\\\/\\\/visitemporda.com\\\/es\\\/#organization\",\"name\":\"Consell Comarcal del Baix Empord\u00e0\",\"url\":\"https:\\\/\\\/visitemporda.com\\\/es\\\/\",\"logo\":{\"@type\":\"ImageObject\",\"inLanguage\":\"es\",\"@id\":\"https:\\\/\\\/visitemporda.com\\\/es\\\/#\\\/schema\\\/logo\\\/image\\\/\",\"url\":\"https:\\\/\\\/visitemporda.com\\\/wp-content\\\/uploads\\\/2024\\\/11\\\/Logotip_CCBE.png\",\"contentUrl\":\"https:\\\/\\\/visitemporda.com\\\/wp-content\\\/uploads\\\/2024\\\/11\\\/Logotip_CCBE.png\",\"width\":3617,\"height\":3617,\"caption\":\"Consell Comarcal del Baix Empord\u00e0\"},\"image\":{\"@id\":\"https:\\\/\\\/visitemporda.com\\\/es\\\/#\\\/schema\\\/logo\\\/image\\\/\"},\"sameAs\":[\"https:\\\/\\\/www.facebook.com\\\/baixempordaturisme\",\"https:\\\/\\\/x.com\\\/baixemporda_tur\",\"https:\\\/\\\/www.instagram.com\\\/visitemporda\"]}]}<\/script>\n<!-- \/ Yoast SEO plugin. -->","yoast_head_json":{"title":"Via Verda El tren petit - Visit Empord\u00e0","robots":{"index":"index","follow":"follow","max-snippet":"max-snippet:-1","max-image-preview":"max-image-preview:large","max-video-preview":"max-video-preview:-1"},"canonical":"https:\/\/visitemporda.com\/es\/recomendaciones\/propostes\/propostes-en-familia\/rutes-en-familia\/via-verda-el-tren-petit\/","og_locale":"es_ES","og_type":"article","og_title":"Via Verda El tren petit - Visit Empord\u00e0","og_description":"Desde Palafrugell o Mont-ras pod\u00e9is seguir este tramo de v\u00eda verde hasta Palam\u00f3s. Tambi\u00e9n pod\u00e9is acercaros hasta la playa de Castell o al pueblo de Vall-llobrega. Recomendaciones: El tramo est\u00e1 se\u00f1alizado. Se puede iniciar en Palafrugell o en la entrada de Palam\u00f3s, al lado de la gasolinera, donde empieza el antiguo camino real. Km: 17 [&hellip;]","og_url":"https:\/\/visitemporda.com\/es\/recomendaciones\/propostes\/propostes-en-familia\/rutes-en-familia\/via-verda-el-tren-petit\/","og_site_name":"Visit Empord\u00e0","article_publisher":"https:\/\/www.facebook.com\/baixempordaturisme","article_modified_time":"2020-10-07T15:18:29+00:00","og_image":[{"width":1198,"height":797,"url":"https:\/\/visitemporda.com\/wp-content\/uploads\/2020\/01\/10-palam\u00f3s_021.jpg","type":"image\/jpeg"}],"twitter_card":"summary_large_image","twitter_site":"@baixemporda_tur","schema":{"@context":"https:\/\/schema.org","@graph":[{"@type":"WebPage","@id":"https:\/\/visitemporda.com\/es\/recomendaciones\/propostes\/propostes-en-familia\/rutes-en-familia\/via-verda-el-tren-petit\/","url":"https:\/\/visitemporda.com\/es\/recomendaciones\/propostes\/propostes-en-familia\/rutes-en-familia\/via-verda-el-tren-petit\/","name":"Via Verda El tren petit - Visit Empord\u00e0","isPartOf":{"@id":"https:\/\/visitemporda.com\/es\/#website"},"primaryImageOfPage":{"@id":"https:\/\/visitemporda.com\/es\/recomendaciones\/propostes\/propostes-en-familia\/rutes-en-familia\/via-verda-el-tren-petit\/#primaryimage"},"image":{"@id":"https:\/\/visitemporda.com\/es\/recomendaciones\/propostes\/propostes-en-familia\/rutes-en-familia\/via-verda-el-tren-petit\/#primaryimage"},"thumbnailUrl":"https:\/\/visitemporda.com\/wp-content\/uploads\/2020\/01\/10-palam\u00f3s_021.jpg","datePublished":"2020-01-08T15:31:55+00:00","dateModified":"2020-10-07T15:18:29+00:00","breadcrumb":{"@id":"https:\/\/visitemporda.com\/es\/recomendaciones\/propostes\/propostes-en-familia\/rutes-en-familia\/via-verda-el-tren-petit\/#breadcrumb"},"inLanguage":"es","potentialAction":[{"@type":"ReadAction","target":["https:\/\/visitemporda.com\/es\/recomendaciones\/propostes\/propostes-en-familia\/rutes-en-familia\/via-verda-el-tren-petit\/"]}]},{"@type":"ImageObject","inLanguage":"es","@id":"https:\/\/visitemporda.com\/es\/recomendaciones\/propostes\/propostes-en-familia\/rutes-en-familia\/via-verda-el-tren-petit\/#primaryimage","url":"https:\/\/visitemporda.com\/wp-content\/uploads\/2020\/01\/10-palam\u00f3s_021.jpg","contentUrl":"https:\/\/visitemporda.com\/wp-content\/uploads\/2020\/01\/10-palam\u00f3s_021.jpg","width":1198,"height":797,"caption":"Palamo\u0301s, via verda Palamo\u0301s-Palafrugell, ruta del tren Petit"},{"@type":"BreadcrumbList","@id":"https:\/\/visitemporda.com\/es\/recomendaciones\/propostes\/propostes-en-familia\/rutes-en-familia\/via-verda-el-tren-petit\/#breadcrumb","itemListElement":[{"@type":"ListItem","position":1,"name":"Inici","item":"https:\/\/visitemporda.com\/es\/"},{"@type":"ListItem","position":2,"name":"Recomendaciones","item":"https:\/\/visitemporda.com\/es\/recomendaciones\/"},{"@type":"ListItem","position":3,"name":"Qu\u00e9 hacer","item":"https:\/\/visitemporda.com\/es\/recomendaciones\/propostes\/"},{"@type":"ListItem","position":4,"name":"Propuestas en fam\u00edlia","item":"https:\/\/visitemporda.com\/es\/recomendaciones\/propostes\/propostes-en-familia\/"},{"@type":"ListItem","position":5,"name":"Propuestas de turismo familiar","item":"https:\/\/visitemporda.com\/es\/recomendaciones\/propostes\/propostes-en-familia\/rutes-en-familia\/"},{"@type":"ListItem","position":6,"name":"Via Verda El tren petit"}]},{"@type":"WebSite","@id":"https:\/\/visitemporda.com\/es\/#website","url":"https:\/\/visitemporda.com\/es\/","name":"Visit Empord\u00e0","description":"Web tur\u00edstica oficial del Baix Empord\u00e0","publisher":{"@id":"https:\/\/visitemporda.com\/es\/#organization"},"potentialAction":[{"@type":"SearchAction","target":{"@type":"EntryPoint","urlTemplate":"https:\/\/visitemporda.com\/es\/?s={search_term_string}"},"query-input":{"@type":"PropertyValueSpecification","valueRequired":true,"valueName":"search_term_string"}}],"inLanguage":"es"},{"@type":"Organization","@id":"https:\/\/visitemporda.com\/es\/#organization","name":"Consell Comarcal del Baix Empord\u00e0","url":"https:\/\/visitemporda.com\/es\/","logo":{"@type":"ImageObject","inLanguage":"es","@id":"https:\/\/visitemporda.com\/es\/#\/schema\/logo\/image\/","url":"https:\/\/visitemporda.com\/wp-content\/uploads\/2024\/11\/Logotip_CCBE.png","contentUrl":"https:\/\/visitemporda.com\/wp-content\/uploads\/2024\/11\/Logotip_CCBE.png","width":3617,"height":3617,"caption":"Consell Comarcal del Baix Empord\u00e0"},"image":{"@id":"https:\/\/visitemporda.com\/es\/#\/schema\/logo\/image\/"},"sameAs":["https:\/\/www.facebook.com\/baixempordaturisme","https:\/\/x.com\/baixemporda_tur","https:\/\/www.instagram.com\/visitemporda"]}]}},"_links":{"self":[{"href":"https:\/\/visitemporda.com\/es\/wp-json\/wp\/v2\/pages\/20513","targetHints":{"allow":["GET"]}}],"collection":[{"href":"https:\/\/visitemporda.com\/es\/wp-json\/wp\/v2\/pages"}],"about":[{"href":"https:\/\/visitemporda.com\/es\/wp-json\/wp\/v2\/types\/page"}],"author":[{"embeddable":true,"href":"https:\/\/visitemporda.com\/es\/wp-json\/wp\/v2\/users\/2"}],"replies":[{"embeddable":true,"href":"https:\/\/visitemporda.com\/es\/wp-json\/wp\/v2\/comments?post=20513"}],"version-history":[{"count":1,"href":"https:\/\/visitemporda.com\/es\/wp-json\/wp\/v2\/pages\/20513\/revisions"}],"predecessor-version":[{"id":20514,"href":"https:\/\/visitemporda.com\/es\/wp-json\/wp\/v2\/pages\/20513\/revisions\/20514"}],"up":[{"embeddable":true,"href":"https:\/\/visitemporda.com\/es\/wp-json\/wp\/v2\/pages\/20485"}],"wp:featuredmedia":[{"embeddable":true,"href":"https:\/\/visitemporda.com\/es\/wp-json\/wp\/v2\/media\/14688"}],"wp:attachment":[{"href":"https:\/\/visitemporda.com\/es\/wp-json\/wp\/v2\/media?parent=20513"}],"curies":[{"name":"wp","href":"https:\/\/api.w.org\/{rel}","templated":true}]}}