

{"id":20487,"date":"2020-01-08T16:13:20","date_gmt":"2020-01-08T15:13:20","guid":{"rendered":"http:\/\/visitemporda.com\/propostes-en-familia\/rutes-en-familia\/sender-local-el-cami-de-laigua\/"},"modified":"2020-10-07T17:01:14","modified_gmt":"2020-10-07T15:01:14","slug":"sender-local-el-cami-de-laigua","status":"publish","type":"page","link":"https:\/\/visitemporda.com\/es\/recomendaciones\/propostes\/propostes-en-familia\/rutes-en-familia\/sender-local-el-cami-de-laigua\/","title":{"rendered":"Sendero local &#8211; El Camino del agua"},"content":{"rendered":"<p class=\"p1\"><span class=\"s1\">Este sendero os llevar\u00e1 desde Begur hasta la bonita playa de sa Riera, siguiendo el antiguo curso de un arroyo. En el sendero encontrar\u00e9is diferentes elementos hidr\u00e1ulicos como son cisternas, paredes secas, pozos, lavaderos<span class=\"Apple-converted-space\">\u00a0 <\/span>y otras curiosidades.<\/span><\/p>\n<p><strong>Recomendaciones: <\/strong><span class=\"s1\">Fijaros en los distintos elementos que encontrar\u00e9is. El sendero es muy f\u00e1cil de seguir y est\u00e1 se\u00f1alizado.<\/span><\/p>\n<p><strong>Km<\/strong>: 4.75km<\/p>\n<p><strong>Temps<\/strong>: 40 min<\/p>\n<p><strong>Ruta Wikiloc<\/strong>: <a href=\"https:\/\/ca.wikiloc.com\/rutes-senderisme\/ccbe-turisme-familiar-sender-local-el-cami-de-laigua-begur-16137228\">consulta-la aqu\u00ed<\/a><\/p>\n","protected":false},"excerpt":{"rendered":"<p>Este sendero os llevar\u00e1 desde Begur hasta la bonita playa de sa Riera, siguiendo el antiguo curso de un arroyo. En el sendero encontrar\u00e9is diferentes elementos hidr\u00e1ulicos como son cisternas, paredes secas, pozos, lavaderos\u00a0 y otras curiosidades. Recomendaciones: Fijaros en los distintos elementos que encontrar\u00e9is. El sendero es muy f\u00e1cil de seguir y est\u00e1 se\u00f1alizado. [&hellip;]<\/p>\n","protected":false},"author":2,"featured_media":14652,"parent":20485,"menu_order":0,"comment_status":"closed","ping_status":"closed","template":"page-templates\/fitxa-campanyes-gastronomiques.php","meta":{"_acf_changed":false,"footnotes":""},"class_list":["post-20487","page","type-page","status-publish","has-post-thumbnail","hentry"],"acf":[],"yoast_head":"<!-- This site is optimized with the Yoast SEO plugin v27.4 - https:\/\/yoast.com\/product\/yoast-seo-wordpress\/ -->\n<title>Sendero local - El Camino del agua - Visit Empord\u00e0<\/title>\n<meta name=\"robots\" content=\"index, follow, max-snippet:-1, max-image-preview:large, max-video-preview:-1\" \/>\n<link rel=\"canonical\" href=\"https:\/\/visitemporda.com\/es\/recomendaciones\/propostes\/propostes-en-familia\/rutes-en-familia\/sender-local-el-cami-de-laigua\/\" \/>\n<meta property=\"og:locale\" content=\"es_ES\" \/>\n<meta property=\"og:type\" content=\"article\" \/>\n<meta property=\"og:title\" content=\"Sendero local - El Camino del agua - Visit Empord\u00e0\" \/>\n<meta property=\"og:description\" content=\"Este sendero os llevar\u00e1 desde Begur hasta la bonita playa de sa Riera, siguiendo el antiguo curso de un arroyo. En el sendero encontrar\u00e9is diferentes elementos hidr\u00e1ulicos como son cisternas, paredes secas, pozos, lavaderos\u00a0 y otras curiosidades. Recomendaciones: Fijaros en los distintos elementos que encontrar\u00e9is. El sendero es muy f\u00e1cil de seguir y est\u00e1 se\u00f1alizado. [&hellip;]\" \/>\n<meta property=\"og:url\" content=\"https:\/\/visitemporda.com\/es\/recomendaciones\/propostes\/propostes-en-familia\/rutes-en-familia\/sender-local-el-cami-de-laigua\/\" \/>\n<meta property=\"og:site_name\" content=\"Visit Empord\u00e0\" \/>\n<meta property=\"article:publisher\" content=\"https:\/\/www.facebook.com\/baixempordaturisme\" \/>\n<meta property=\"article:modified_time\" content=\"2020-10-07T15:01:14+00:00\" \/>\n<meta property=\"og:image\" content=\"https:\/\/visitemporda.com\/wp-content\/uploads\/2020\/01\/1-safareig-de-Mas-Gispert-1024x768.jpg\" \/>\n\t<meta property=\"og:image:width\" content=\"1024\" \/>\n\t<meta property=\"og:image:height\" content=\"768\" \/>\n\t<meta property=\"og:image:type\" content=\"image\/jpeg\" \/>\n<meta name=\"twitter:card\" content=\"summary_large_image\" \/>\n<meta name=\"twitter:site\" content=\"@baixemporda_tur\" \/>\n<script type=\"application\/ld+json\" class=\"yoast-schema-graph\">{\"@context\":\"https:\\\/\\\/schema.org\",\"@graph\":[{\"@type\":\"WebPage\",\"@id\":\"https:\\\/\\\/visitemporda.com\\\/es\\\/recomendaciones\\\/propostes\\\/propostes-en-familia\\\/rutes-en-familia\\\/sender-local-el-cami-de-laigua\\\/\",\"url\":\"https:\\\/\\\/visitemporda.com\\\/es\\\/recomendaciones\\\/propostes\\\/propostes-en-familia\\\/rutes-en-familia\\\/sender-local-el-cami-de-laigua\\\/\",\"name\":\"Sendero local - El Camino del agua - Visit Empord\u00e0\",\"isPartOf\":{\"@id\":\"https:\\\/\\\/visitemporda.com\\\/es\\\/#website\"},\"primaryImageOfPage\":{\"@id\":\"https:\\\/\\\/visitemporda.com\\\/es\\\/recomendaciones\\\/propostes\\\/propostes-en-familia\\\/rutes-en-familia\\\/sender-local-el-cami-de-laigua\\\/#primaryimage\"},\"image\":{\"@id\":\"https:\\\/\\\/visitemporda.com\\\/es\\\/recomendaciones\\\/propostes\\\/propostes-en-familia\\\/rutes-en-familia\\\/sender-local-el-cami-de-laigua\\\/#primaryimage\"},\"thumbnailUrl\":\"https:\\\/\\\/visitemporda.com\\\/wp-content\\\/uploads\\\/2020\\\/01\\\/1-safareig-de-Mas-Gispert.jpg\",\"datePublished\":\"2020-01-08T15:13:20+00:00\",\"dateModified\":\"2020-10-07T15:01:14+00:00\",\"breadcrumb\":{\"@id\":\"https:\\\/\\\/visitemporda.com\\\/es\\\/recomendaciones\\\/propostes\\\/propostes-en-familia\\\/rutes-en-familia\\\/sender-local-el-cami-de-laigua\\\/#breadcrumb\"},\"inLanguage\":\"es\",\"potentialAction\":[{\"@type\":\"ReadAction\",\"target\":[\"https:\\\/\\\/visitemporda.com\\\/es\\\/recomendaciones\\\/propostes\\\/propostes-en-familia\\\/rutes-en-familia\\\/sender-local-el-cami-de-laigua\\\/\"]}]},{\"@type\":\"ImageObject\",\"inLanguage\":\"es\",\"@id\":\"https:\\\/\\\/visitemporda.com\\\/es\\\/recomendaciones\\\/propostes\\\/propostes-en-familia\\\/rutes-en-familia\\\/sender-local-el-cami-de-laigua\\\/#primaryimage\",\"url\":\"https:\\\/\\\/visitemporda.com\\\/wp-content\\\/uploads\\\/2020\\\/01\\\/1-safareig-de-Mas-Gispert.jpg\",\"contentUrl\":\"https:\\\/\\\/visitemporda.com\\\/wp-content\\\/uploads\\\/2020\\\/01\\\/1-safareig-de-Mas-Gispert.jpg\",\"width\":3648,\"height\":2736,\"caption\":\"safareig de Mas Gispert en mig de la natura i amb barana de fusta al costatt\"},{\"@type\":\"BreadcrumbList\",\"@id\":\"https:\\\/\\\/visitemporda.com\\\/es\\\/recomendaciones\\\/propostes\\\/propostes-en-familia\\\/rutes-en-familia\\\/sender-local-el-cami-de-laigua\\\/#breadcrumb\",\"itemListElement\":[{\"@type\":\"ListItem\",\"position\":1,\"name\":\"Inici\",\"item\":\"https:\\\/\\\/visitemporda.com\\\/es\\\/\"},{\"@type\":\"ListItem\",\"position\":2,\"name\":\"Recomendaciones\",\"item\":\"https:\\\/\\\/visitemporda.com\\\/es\\\/recomendaciones\\\/\"},{\"@type\":\"ListItem\",\"position\":3,\"name\":\"Qu\u00e9 hacer\",\"item\":\"https:\\\/\\\/visitemporda.com\\\/es\\\/recomendaciones\\\/propostes\\\/\"},{\"@type\":\"ListItem\",\"position\":4,\"name\":\"Propuestas en fam\u00edlia\",\"item\":\"https:\\\/\\\/visitemporda.com\\\/es\\\/recomendaciones\\\/propostes\\\/propostes-en-familia\\\/\"},{\"@type\":\"ListItem\",\"position\":5,\"name\":\"Propuestas de turismo familiar\",\"item\":\"https:\\\/\\\/visitemporda.com\\\/es\\\/recomendaciones\\\/propostes\\\/propostes-en-familia\\\/rutes-en-familia\\\/\"},{\"@type\":\"ListItem\",\"position\":6,\"name\":\"Sendero local &#8211; El Camino del agua\"}]},{\"@type\":\"WebSite\",\"@id\":\"https:\\\/\\\/visitemporda.com\\\/es\\\/#website\",\"url\":\"https:\\\/\\\/visitemporda.com\\\/es\\\/\",\"name\":\"Visit Empord\u00e0\",\"description\":\"Web tur\u00edstica oficial del Baix Empord\u00e0\",\"publisher\":{\"@id\":\"https:\\\/\\\/visitemporda.com\\\/es\\\/#organization\"},\"potentialAction\":[{\"@type\":\"SearchAction\",\"target\":{\"@type\":\"EntryPoint\",\"urlTemplate\":\"https:\\\/\\\/visitemporda.com\\\/es\\\/?s={search_term_string}\"},\"query-input\":{\"@type\":\"PropertyValueSpecification\",\"valueRequired\":true,\"valueName\":\"search_term_string\"}}],\"inLanguage\":\"es\"},{\"@type\":\"Organization\",\"@id\":\"https:\\\/\\\/visitemporda.com\\\/es\\\/#organization\",\"name\":\"Consell Comarcal del Baix Empord\u00e0\",\"url\":\"https:\\\/\\\/visitemporda.com\\\/es\\\/\",\"logo\":{\"@type\":\"ImageObject\",\"inLanguage\":\"es\",\"@id\":\"https:\\\/\\\/visitemporda.com\\\/es\\\/#\\\/schema\\\/logo\\\/image\\\/\",\"url\":\"https:\\\/\\\/visitemporda.com\\\/wp-content\\\/uploads\\\/2024\\\/11\\\/Logotip_CCBE.png\",\"contentUrl\":\"https:\\\/\\\/visitemporda.com\\\/wp-content\\\/uploads\\\/2024\\\/11\\\/Logotip_CCBE.png\",\"width\":3617,\"height\":3617,\"caption\":\"Consell Comarcal del Baix Empord\u00e0\"},\"image\":{\"@id\":\"https:\\\/\\\/visitemporda.com\\\/es\\\/#\\\/schema\\\/logo\\\/image\\\/\"},\"sameAs\":[\"https:\\\/\\\/www.facebook.com\\\/baixempordaturisme\",\"https:\\\/\\\/x.com\\\/baixemporda_tur\",\"https:\\\/\\\/www.instagram.com\\\/visitemporda\"]}]}<\/script>\n<!-- \/ Yoast SEO plugin. -->","yoast_head_json":{"title":"Sendero local - El Camino del agua - Visit Empord\u00e0","robots":{"index":"index","follow":"follow","max-snippet":"max-snippet:-1","max-image-preview":"max-image-preview:large","max-video-preview":"max-video-preview:-1"},"canonical":"https:\/\/visitemporda.com\/es\/recomendaciones\/propostes\/propostes-en-familia\/rutes-en-familia\/sender-local-el-cami-de-laigua\/","og_locale":"es_ES","og_type":"article","og_title":"Sendero local - El Camino del agua - Visit Empord\u00e0","og_description":"Este sendero os llevar\u00e1 desde Begur hasta la bonita playa de sa Riera, siguiendo el antiguo curso de un arroyo. En el sendero encontrar\u00e9is diferentes elementos hidr\u00e1ulicos como son cisternas, paredes secas, pozos, lavaderos\u00a0 y otras curiosidades. Recomendaciones: Fijaros en los distintos elementos que encontrar\u00e9is. El sendero es muy f\u00e1cil de seguir y est\u00e1 se\u00f1alizado. [&hellip;]","og_url":"https:\/\/visitemporda.com\/es\/recomendaciones\/propostes\/propostes-en-familia\/rutes-en-familia\/sender-local-el-cami-de-laigua\/","og_site_name":"Visit Empord\u00e0","article_publisher":"https:\/\/www.facebook.com\/baixempordaturisme","article_modified_time":"2020-10-07T15:01:14+00:00","og_image":[{"width":1024,"height":768,"url":"https:\/\/visitemporda.com\/wp-content\/uploads\/2020\/01\/1-safareig-de-Mas-Gispert-1024x768.jpg","type":"image\/jpeg"}],"twitter_card":"summary_large_image","twitter_site":"@baixemporda_tur","schema":{"@context":"https:\/\/schema.org","@graph":[{"@type":"WebPage","@id":"https:\/\/visitemporda.com\/es\/recomendaciones\/propostes\/propostes-en-familia\/rutes-en-familia\/sender-local-el-cami-de-laigua\/","url":"https:\/\/visitemporda.com\/es\/recomendaciones\/propostes\/propostes-en-familia\/rutes-en-familia\/sender-local-el-cami-de-laigua\/","name":"Sendero local - El Camino del agua - Visit Empord\u00e0","isPartOf":{"@id":"https:\/\/visitemporda.com\/es\/#website"},"primaryImageOfPage":{"@id":"https:\/\/visitemporda.com\/es\/recomendaciones\/propostes\/propostes-en-familia\/rutes-en-familia\/sender-local-el-cami-de-laigua\/#primaryimage"},"image":{"@id":"https:\/\/visitemporda.com\/es\/recomendaciones\/propostes\/propostes-en-familia\/rutes-en-familia\/sender-local-el-cami-de-laigua\/#primaryimage"},"thumbnailUrl":"https:\/\/visitemporda.com\/wp-content\/uploads\/2020\/01\/1-safareig-de-Mas-Gispert.jpg","datePublished":"2020-01-08T15:13:20+00:00","dateModified":"2020-10-07T15:01:14+00:00","breadcrumb":{"@id":"https:\/\/visitemporda.com\/es\/recomendaciones\/propostes\/propostes-en-familia\/rutes-en-familia\/sender-local-el-cami-de-laigua\/#breadcrumb"},"inLanguage":"es","potentialAction":[{"@type":"ReadAction","target":["https:\/\/visitemporda.com\/es\/recomendaciones\/propostes\/propostes-en-familia\/rutes-en-familia\/sender-local-el-cami-de-laigua\/"]}]},{"@type":"ImageObject","inLanguage":"es","@id":"https:\/\/visitemporda.com\/es\/recomendaciones\/propostes\/propostes-en-familia\/rutes-en-familia\/sender-local-el-cami-de-laigua\/#primaryimage","url":"https:\/\/visitemporda.com\/wp-content\/uploads\/2020\/01\/1-safareig-de-Mas-Gispert.jpg","contentUrl":"https:\/\/visitemporda.com\/wp-content\/uploads\/2020\/01\/1-safareig-de-Mas-Gispert.jpg","width":3648,"height":2736,"caption":"safareig de Mas Gispert en mig de la natura i amb barana de fusta al costatt"},{"@type":"BreadcrumbList","@id":"https:\/\/visitemporda.com\/es\/recomendaciones\/propostes\/propostes-en-familia\/rutes-en-familia\/sender-local-el-cami-de-laigua\/#breadcrumb","itemListElement":[{"@type":"ListItem","position":1,"name":"Inici","item":"https:\/\/visitemporda.com\/es\/"},{"@type":"ListItem","position":2,"name":"Recomendaciones","item":"https:\/\/visitemporda.com\/es\/recomendaciones\/"},{"@type":"ListItem","position":3,"name":"Qu\u00e9 hacer","item":"https:\/\/visitemporda.com\/es\/recomendaciones\/propostes\/"},{"@type":"ListItem","position":4,"name":"Propuestas en fam\u00edlia","item":"https:\/\/visitemporda.com\/es\/recomendaciones\/propostes\/propostes-en-familia\/"},{"@type":"ListItem","position":5,"name":"Propuestas de turismo familiar","item":"https:\/\/visitemporda.com\/es\/recomendaciones\/propostes\/propostes-en-familia\/rutes-en-familia\/"},{"@type":"ListItem","position":6,"name":"Sendero local &#8211; El Camino del agua"}]},{"@type":"WebSite","@id":"https:\/\/visitemporda.com\/es\/#website","url":"https:\/\/visitemporda.com\/es\/","name":"Visit Empord\u00e0","description":"Web tur\u00edstica oficial del Baix Empord\u00e0","publisher":{"@id":"https:\/\/visitemporda.com\/es\/#organization"},"potentialAction":[{"@type":"SearchAction","target":{"@type":"EntryPoint","urlTemplate":"https:\/\/visitemporda.com\/es\/?s={search_term_string}"},"query-input":{"@type":"PropertyValueSpecification","valueRequired":true,"valueName":"search_term_string"}}],"inLanguage":"es"},{"@type":"Organization","@id":"https:\/\/visitemporda.com\/es\/#organization","name":"Consell Comarcal del Baix Empord\u00e0","url":"https:\/\/visitemporda.com\/es\/","logo":{"@type":"ImageObject","inLanguage":"es","@id":"https:\/\/visitemporda.com\/es\/#\/schema\/logo\/image\/","url":"https:\/\/visitemporda.com\/wp-content\/uploads\/2024\/11\/Logotip_CCBE.png","contentUrl":"https:\/\/visitemporda.com\/wp-content\/uploads\/2024\/11\/Logotip_CCBE.png","width":3617,"height":3617,"caption":"Consell Comarcal del Baix Empord\u00e0"},"image":{"@id":"https:\/\/visitemporda.com\/es\/#\/schema\/logo\/image\/"},"sameAs":["https:\/\/www.facebook.com\/baixempordaturisme","https:\/\/x.com\/baixemporda_tur","https:\/\/www.instagram.com\/visitemporda"]}]}},"_links":{"self":[{"href":"https:\/\/visitemporda.com\/es\/wp-json\/wp\/v2\/pages\/20487","targetHints":{"allow":["GET"]}}],"collection":[{"href":"https:\/\/visitemporda.com\/es\/wp-json\/wp\/v2\/pages"}],"about":[{"href":"https:\/\/visitemporda.com\/es\/wp-json\/wp\/v2\/types\/page"}],"author":[{"embeddable":true,"href":"https:\/\/visitemporda.com\/es\/wp-json\/wp\/v2\/users\/2"}],"replies":[{"embeddable":true,"href":"https:\/\/visitemporda.com\/es\/wp-json\/wp\/v2\/comments?post=20487"}],"version-history":[{"count":2,"href":"https:\/\/visitemporda.com\/es\/wp-json\/wp\/v2\/pages\/20487\/revisions"}],"predecessor-version":[{"id":20489,"href":"https:\/\/visitemporda.com\/es\/wp-json\/wp\/v2\/pages\/20487\/revisions\/20489"}],"up":[{"embeddable":true,"href":"https:\/\/visitemporda.com\/es\/wp-json\/wp\/v2\/pages\/20485"}],"wp:featuredmedia":[{"embeddable":true,"href":"https:\/\/visitemporda.com\/es\/wp-json\/wp\/v2\/media\/14652"}],"wp:attachment":[{"href":"https:\/\/visitemporda.com\/es\/wp-json\/wp\/v2\/media?parent=20487"}],"curies":[{"name":"wp","href":"https:\/\/api.w.org\/{rel}","templated":true}]}}