

{"id":20477,"date":"2019-10-08T16:44:29","date_gmt":"2019-10-08T14:44:29","guid":{"rendered":"http:\/\/visitemporda.com\/propostes-en-familia\/"},"modified":"2021-05-12T11:46:02","modified_gmt":"2021-05-12T09:46:02","slug":"propostes-en-familia","status":"publish","type":"page","link":"https:\/\/visitemporda.com\/es\/recomendaciones\/propostes\/propostes-en-familia\/","title":{"rendered":"Propuestas en fam\u00edlia"},"content":{"rendered":"<p class=\"p1\"><span class=\"s1\">El Baix Empord\u00e0 es familiar. Las caracter\u00edsticas f\u00edsicas de la comarca, con relevos suaves y playas amplias son ideales para disfrutar en familia. Los espacios naturales bajo-ampurdaneses son llenos de rincones sorprendentes para descubrir. Muchas de las equipaciones culturales disponen de espacios y de actividades pensadas por los m\u00e1s peque\u00f1os. Una oferta de ocio y una oferta de servicios especializada complementan unas vacaciones ideales en familia.<\/span><\/p>\n<p class=\"p1\"><span class=\"s1\">Adem\u00e1s, los municipios de Torroella de Montgr\u00ed \u2013 L\u2019Estartit, Calonge i Sant Antoni, Castell \u2013 Platja d\u2019Aro i S\u2019Agar\u00f3 y Sant Feliu de Gu\u00edxols est\u00e1n especializados y est\u00e1n certificados con la marca <b>Playa en Familia<\/b> que distingue los destinos y las empresas que disponen de una oferta adaptada a las necesidades de las distintas tipolog\u00edas de familias. Esta marca garantiza, entre otros servicios, un programa de actividades l\u00fadicas deportivas al aire libre, un club infantil, paneles informativos, se\u00f1alizaciones en las playas, servicio de primeros auxilios, etc..<\/span><\/p>\n<p class=\"p1\"><span class=\"s1\">Apreciar la natura, revivir la historia, aprender nuestra gastronom\u00eda y comprender el pasado y presente de nuestra comarca, son algunas de las experiencias que encontrar\u00e9is y que pueden realizarse durante todo el a\u00f1o.<\/span><\/p>\n","protected":false},"excerpt":{"rendered":"<p>El Baix Empord\u00e0 es familiar. Las caracter\u00edsticas f\u00edsicas de la comarca, con relevos suaves y playas amplias son ideales para disfrutar en familia. Los espacios naturales bajo-ampurdaneses son llenos de rincones sorprendentes para descubrir. Muchas de las equipaciones culturales disponen de espacios y de actividades pensadas por los m\u00e1s peque\u00f1os. Una oferta de ocio y [&hellip;]<\/p>\n","protected":false},"author":2,"featured_media":7632,"parent":20658,"menu_order":0,"comment_status":"closed","ping_status":"closed","template":"page-templates\/estil_2.php","meta":{"_acf_changed":false,"footnotes":""},"class_list":["post-20477","page","type-page","status-publish","has-post-thumbnail","hentry"],"acf":[],"yoast_head":"<!-- This site is optimized with the Yoast SEO plugin v27.4 - https:\/\/yoast.com\/product\/yoast-seo-wordpress\/ -->\n<title>Propuestas en fam\u00edlia - Visit Empord\u00e0<\/title>\n<meta name=\"robots\" content=\"index, follow, max-snippet:-1, max-image-preview:large, max-video-preview:-1\" \/>\n<link rel=\"canonical\" href=\"https:\/\/visitemporda.com\/es\/recomendaciones\/propostes\/propostes-en-familia\/\" \/>\n<meta property=\"og:locale\" content=\"es_ES\" \/>\n<meta property=\"og:type\" content=\"article\" \/>\n<meta property=\"og:title\" content=\"Propuestas en fam\u00edlia - Visit Empord\u00e0\" \/>\n<meta property=\"og:description\" content=\"El Baix Empord\u00e0 es familiar. Las caracter\u00edsticas f\u00edsicas de la comarca, con relevos suaves y playas amplias son ideales para disfrutar en familia. Los espacios naturales bajo-ampurdaneses son llenos de rincones sorprendentes para descubrir. Muchas de las equipaciones culturales disponen de espacios y de actividades pensadas por los m\u00e1s peque\u00f1os. Una oferta de ocio y [&hellip;]\" \/>\n<meta property=\"og:url\" content=\"https:\/\/visitemporda.com\/es\/recomendaciones\/propostes\/propostes-en-familia\/\" \/>\n<meta property=\"og:site_name\" content=\"Visit Empord\u00e0\" \/>\n<meta property=\"article:publisher\" content=\"https:\/\/www.facebook.com\/baixempordaturisme\" \/>\n<meta property=\"article:modified_time\" content=\"2021-05-12T09:46:02+00:00\" \/>\n<meta property=\"og:image\" content=\"https:\/\/visitemporda.com\/wp-content\/uploads\/2019\/10\/SFG-turisme-familiar-cami\u00a6\u00fc-de-ronda-0641-1024x682.jpg\" \/>\n\t<meta property=\"og:image:width\" content=\"1024\" \/>\n\t<meta property=\"og:image:height\" content=\"682\" \/>\n\t<meta property=\"og:image:type\" content=\"image\/jpeg\" \/>\n<meta name=\"twitter:card\" content=\"summary_large_image\" \/>\n<meta name=\"twitter:site\" content=\"@baixemporda_tur\" \/>\n<meta name=\"twitter:label1\" content=\"Tiempo de lectura\" \/>\n\t<meta name=\"twitter:data1\" content=\"1 minuto\" \/>\n<script type=\"application\/ld+json\" class=\"yoast-schema-graph\">{\"@context\":\"https:\\\/\\\/schema.org\",\"@graph\":[{\"@type\":\"WebPage\",\"@id\":\"https:\\\/\\\/visitemporda.com\\\/es\\\/recomendaciones\\\/propostes\\\/propostes-en-familia\\\/\",\"url\":\"https:\\\/\\\/visitemporda.com\\\/es\\\/recomendaciones\\\/propostes\\\/propostes-en-familia\\\/\",\"name\":\"Propuestas en fam\u00edlia - Visit Empord\u00e0\",\"isPartOf\":{\"@id\":\"https:\\\/\\\/visitemporda.com\\\/es\\\/#website\"},\"primaryImageOfPage\":{\"@id\":\"https:\\\/\\\/visitemporda.com\\\/es\\\/recomendaciones\\\/propostes\\\/propostes-en-familia\\\/#primaryimage\"},\"image\":{\"@id\":\"https:\\\/\\\/visitemporda.com\\\/es\\\/recomendaciones\\\/propostes\\\/propostes-en-familia\\\/#primaryimage\"},\"thumbnailUrl\":\"https:\\\/\\\/visitemporda.com\\\/wp-content\\\/uploads\\\/2019\\\/10\\\/SFG-turisme-familiar-cami\u00a6\u00fc-de-ronda-0641.jpg\",\"datePublished\":\"2019-10-08T14:44:29+00:00\",\"dateModified\":\"2021-05-12T09:46:02+00:00\",\"breadcrumb\":{\"@id\":\"https:\\\/\\\/visitemporda.com\\\/es\\\/recomendaciones\\\/propostes\\\/propostes-en-familia\\\/#breadcrumb\"},\"inLanguage\":\"es\",\"potentialAction\":[{\"@type\":\"ReadAction\",\"target\":[\"https:\\\/\\\/visitemporda.com\\\/es\\\/recomendaciones\\\/propostes\\\/propostes-en-familia\\\/\"]}]},{\"@type\":\"ImageObject\",\"inLanguage\":\"es\",\"@id\":\"https:\\\/\\\/visitemporda.com\\\/es\\\/recomendaciones\\\/propostes\\\/propostes-en-familia\\\/#primaryimage\",\"url\":\"https:\\\/\\\/visitemporda.com\\\/wp-content\\\/uploads\\\/2019\\\/10\\\/SFG-turisme-familiar-cami\u00a6\u00fc-de-ronda-0641.jpg\",\"contentUrl\":\"https:\\\/\\\/visitemporda.com\\\/wp-content\\\/uploads\\\/2019\\\/10\\\/SFG-turisme-familiar-cami\u00a6\u00fc-de-ronda-0641.jpg\",\"width\":4000,\"height\":2666,\"caption\":\"campanya turisme familiar, ajuntament St. Feliu de Gu\u00edxols.\"},{\"@type\":\"BreadcrumbList\",\"@id\":\"https:\\\/\\\/visitemporda.com\\\/es\\\/recomendaciones\\\/propostes\\\/propostes-en-familia\\\/#breadcrumb\",\"itemListElement\":[{\"@type\":\"ListItem\",\"position\":1,\"name\":\"Inici\",\"item\":\"https:\\\/\\\/visitemporda.com\\\/es\\\/\"},{\"@type\":\"ListItem\",\"position\":2,\"name\":\"Recomendaciones\",\"item\":\"https:\\\/\\\/visitemporda.com\\\/es\\\/recomendaciones\\\/\"},{\"@type\":\"ListItem\",\"position\":3,\"name\":\"Qu\u00e9 hacer\",\"item\":\"https:\\\/\\\/visitemporda.com\\\/es\\\/recomendaciones\\\/propostes\\\/\"},{\"@type\":\"ListItem\",\"position\":4,\"name\":\"Propuestas en fam\u00edlia\"}]},{\"@type\":\"WebSite\",\"@id\":\"https:\\\/\\\/visitemporda.com\\\/es\\\/#website\",\"url\":\"https:\\\/\\\/visitemporda.com\\\/es\\\/\",\"name\":\"Visit Empord\u00e0\",\"description\":\"Web tur\u00edstica oficial del Baix Empord\u00e0\",\"publisher\":{\"@id\":\"https:\\\/\\\/visitemporda.com\\\/es\\\/#organization\"},\"potentialAction\":[{\"@type\":\"SearchAction\",\"target\":{\"@type\":\"EntryPoint\",\"urlTemplate\":\"https:\\\/\\\/visitemporda.com\\\/es\\\/?s={search_term_string}\"},\"query-input\":{\"@type\":\"PropertyValueSpecification\",\"valueRequired\":true,\"valueName\":\"search_term_string\"}}],\"inLanguage\":\"es\"},{\"@type\":\"Organization\",\"@id\":\"https:\\\/\\\/visitemporda.com\\\/es\\\/#organization\",\"name\":\"Consell Comarcal del Baix Empord\u00e0\",\"url\":\"https:\\\/\\\/visitemporda.com\\\/es\\\/\",\"logo\":{\"@type\":\"ImageObject\",\"inLanguage\":\"es\",\"@id\":\"https:\\\/\\\/visitemporda.com\\\/es\\\/#\\\/schema\\\/logo\\\/image\\\/\",\"url\":\"https:\\\/\\\/visitemporda.com\\\/wp-content\\\/uploads\\\/2024\\\/11\\\/Logotip_CCBE.png\",\"contentUrl\":\"https:\\\/\\\/visitemporda.com\\\/wp-content\\\/uploads\\\/2024\\\/11\\\/Logotip_CCBE.png\",\"width\":3617,\"height\":3617,\"caption\":\"Consell Comarcal del Baix Empord\u00e0\"},\"image\":{\"@id\":\"https:\\\/\\\/visitemporda.com\\\/es\\\/#\\\/schema\\\/logo\\\/image\\\/\"},\"sameAs\":[\"https:\\\/\\\/www.facebook.com\\\/baixempordaturisme\",\"https:\\\/\\\/x.com\\\/baixemporda_tur\",\"https:\\\/\\\/www.instagram.com\\\/visitemporda\"]}]}<\/script>\n<!-- \/ Yoast SEO plugin. -->","yoast_head_json":{"title":"Propuestas en fam\u00edlia - Visit Empord\u00e0","robots":{"index":"index","follow":"follow","max-snippet":"max-snippet:-1","max-image-preview":"max-image-preview:large","max-video-preview":"max-video-preview:-1"},"canonical":"https:\/\/visitemporda.com\/es\/recomendaciones\/propostes\/propostes-en-familia\/","og_locale":"es_ES","og_type":"article","og_title":"Propuestas en fam\u00edlia - Visit Empord\u00e0","og_description":"El Baix Empord\u00e0 es familiar. Las caracter\u00edsticas f\u00edsicas de la comarca, con relevos suaves y playas amplias son ideales para disfrutar en familia. Los espacios naturales bajo-ampurdaneses son llenos de rincones sorprendentes para descubrir. Muchas de las equipaciones culturales disponen de espacios y de actividades pensadas por los m\u00e1s peque\u00f1os. Una oferta de ocio y [&hellip;]","og_url":"https:\/\/visitemporda.com\/es\/recomendaciones\/propostes\/propostes-en-familia\/","og_site_name":"Visit Empord\u00e0","article_publisher":"https:\/\/www.facebook.com\/baixempordaturisme","article_modified_time":"2021-05-12T09:46:02+00:00","og_image":[{"width":1024,"height":682,"url":"https:\/\/visitemporda.com\/wp-content\/uploads\/2019\/10\/SFG-turisme-familiar-cami\u00a6\u00fc-de-ronda-0641-1024x682.jpg","type":"image\/jpeg"}],"twitter_card":"summary_large_image","twitter_site":"@baixemporda_tur","twitter_misc":{"Tiempo de lectura":"1 minuto"},"schema":{"@context":"https:\/\/schema.org","@graph":[{"@type":"WebPage","@id":"https:\/\/visitemporda.com\/es\/recomendaciones\/propostes\/propostes-en-familia\/","url":"https:\/\/visitemporda.com\/es\/recomendaciones\/propostes\/propostes-en-familia\/","name":"Propuestas en fam\u00edlia - Visit Empord\u00e0","isPartOf":{"@id":"https:\/\/visitemporda.com\/es\/#website"},"primaryImageOfPage":{"@id":"https:\/\/visitemporda.com\/es\/recomendaciones\/propostes\/propostes-en-familia\/#primaryimage"},"image":{"@id":"https:\/\/visitemporda.com\/es\/recomendaciones\/propostes\/propostes-en-familia\/#primaryimage"},"thumbnailUrl":"https:\/\/visitemporda.com\/wp-content\/uploads\/2019\/10\/SFG-turisme-familiar-cami\u00a6\u00fc-de-ronda-0641.jpg","datePublished":"2019-10-08T14:44:29+00:00","dateModified":"2021-05-12T09:46:02+00:00","breadcrumb":{"@id":"https:\/\/visitemporda.com\/es\/recomendaciones\/propostes\/propostes-en-familia\/#breadcrumb"},"inLanguage":"es","potentialAction":[{"@type":"ReadAction","target":["https:\/\/visitemporda.com\/es\/recomendaciones\/propostes\/propostes-en-familia\/"]}]},{"@type":"ImageObject","inLanguage":"es","@id":"https:\/\/visitemporda.com\/es\/recomendaciones\/propostes\/propostes-en-familia\/#primaryimage","url":"https:\/\/visitemporda.com\/wp-content\/uploads\/2019\/10\/SFG-turisme-familiar-cami\u00a6\u00fc-de-ronda-0641.jpg","contentUrl":"https:\/\/visitemporda.com\/wp-content\/uploads\/2019\/10\/SFG-turisme-familiar-cami\u00a6\u00fc-de-ronda-0641.jpg","width":4000,"height":2666,"caption":"campanya turisme familiar, ajuntament St. Feliu de Gu\u00edxols."},{"@type":"BreadcrumbList","@id":"https:\/\/visitemporda.com\/es\/recomendaciones\/propostes\/propostes-en-familia\/#breadcrumb","itemListElement":[{"@type":"ListItem","position":1,"name":"Inici","item":"https:\/\/visitemporda.com\/es\/"},{"@type":"ListItem","position":2,"name":"Recomendaciones","item":"https:\/\/visitemporda.com\/es\/recomendaciones\/"},{"@type":"ListItem","position":3,"name":"Qu\u00e9 hacer","item":"https:\/\/visitemporda.com\/es\/recomendaciones\/propostes\/"},{"@type":"ListItem","position":4,"name":"Propuestas en fam\u00edlia"}]},{"@type":"WebSite","@id":"https:\/\/visitemporda.com\/es\/#website","url":"https:\/\/visitemporda.com\/es\/","name":"Visit Empord\u00e0","description":"Web tur\u00edstica oficial del Baix Empord\u00e0","publisher":{"@id":"https:\/\/visitemporda.com\/es\/#organization"},"potentialAction":[{"@type":"SearchAction","target":{"@type":"EntryPoint","urlTemplate":"https:\/\/visitemporda.com\/es\/?s={search_term_string}"},"query-input":{"@type":"PropertyValueSpecification","valueRequired":true,"valueName":"search_term_string"}}],"inLanguage":"es"},{"@type":"Organization","@id":"https:\/\/visitemporda.com\/es\/#organization","name":"Consell Comarcal del Baix Empord\u00e0","url":"https:\/\/visitemporda.com\/es\/","logo":{"@type":"ImageObject","inLanguage":"es","@id":"https:\/\/visitemporda.com\/es\/#\/schema\/logo\/image\/","url":"https:\/\/visitemporda.com\/wp-content\/uploads\/2024\/11\/Logotip_CCBE.png","contentUrl":"https:\/\/visitemporda.com\/wp-content\/uploads\/2024\/11\/Logotip_CCBE.png","width":3617,"height":3617,"caption":"Consell Comarcal del Baix Empord\u00e0"},"image":{"@id":"https:\/\/visitemporda.com\/es\/#\/schema\/logo\/image\/"},"sameAs":["https:\/\/www.facebook.com\/baixempordaturisme","https:\/\/x.com\/baixemporda_tur","https:\/\/www.instagram.com\/visitemporda"]}]}},"_links":{"self":[{"href":"https:\/\/visitemporda.com\/es\/wp-json\/wp\/v2\/pages\/20477","targetHints":{"allow":["GET"]}}],"collection":[{"href":"https:\/\/visitemporda.com\/es\/wp-json\/wp\/v2\/pages"}],"about":[{"href":"https:\/\/visitemporda.com\/es\/wp-json\/wp\/v2\/types\/page"}],"author":[{"embeddable":true,"href":"https:\/\/visitemporda.com\/es\/wp-json\/wp\/v2\/users\/2"}],"replies":[{"embeddable":true,"href":"https:\/\/visitemporda.com\/es\/wp-json\/wp\/v2\/comments?post=20477"}],"version-history":[{"count":3,"href":"https:\/\/visitemporda.com\/es\/wp-json\/wp\/v2\/pages\/20477\/revisions"}],"predecessor-version":[{"id":30101,"href":"https:\/\/visitemporda.com\/es\/wp-json\/wp\/v2\/pages\/20477\/revisions\/30101"}],"up":[{"embeddable":true,"href":"https:\/\/visitemporda.com\/es\/wp-json\/wp\/v2\/pages\/20658"}],"wp:featuredmedia":[{"embeddable":true,"href":"https:\/\/visitemporda.com\/es\/wp-json\/wp\/v2\/media\/7632"}],"wp:attachment":[{"href":"https:\/\/visitemporda.com\/es\/wp-json\/wp\/v2\/media?parent=20477"}],"curies":[{"name":"wp","href":"https:\/\/api.w.org\/{rel}","templated":true}]}}