

{"id":20472,"date":"2019-08-07T09:29:44","date_gmt":"2019-08-07T07:29:44","guid":{"rendered":"http:\/\/visitemporda.com\/recomendaciones\/el-gust-de-lemporda\/enoturisme-i-visites-guiades\/"},"modified":"2021-06-02T20:00:45","modified_gmt":"2021-06-02T18:00:45","slug":"enoturisme-i-visites-guiades","status":"publish","type":"page","link":"https:\/\/visitemporda.com\/es\/planifica\/el-gust-de-lemporda\/enoturisme-i-visites-guiades\/","title":{"rendered":"Enoturismo y visitas guiadas"},"content":{"rendered":"<p><strong>ENOTURISMO<\/strong><\/p>\n<p class=\"p1\"><span class=\"s1\">El Baix Empord\u00e0 ofrece dos tipolog\u00edas de enoturismo: los vinos de la Denominaci\u00f3n de Origen Empord\u00e0 y los vinos de pay\u00e9s. Las dos tipolog\u00edas ofrecen visitas guiadas para poder descubrir el proceso de elaboraci\u00f3n del vino y toda su esencia. \u00a1Desc\u00fabrelas!<\/span><\/p>\n<p class=\"p1\"><span class=\"s2\"><a href=\"http:\/\/www.doemporda.cat\/\">Denominaci\u00f3n de Origen Empord\u00e0<\/a><\/span><\/p>\n<p class=\"p1\"><span class=\"s1\">Vino de gran calidad. Las variedades tintas principales son la Cari\u00f1ena o Sams\u00f3, que constituye la base de la viticultura ampurdanesa junto con la Garnacha tinta (denominada en la zona Lledoner). Estas variedades tradicionales se complementan con nuevas variedades que se van introduciendo, como pueden ser el Tempranillo, Cabernet Sauvignon, Merlot y Syrah.<\/span><\/p>\n<p class=\"p1\"><span class=\"s1\">Las variedades vin\u00edferas blancas dominantes son la Garnacha, blanca y tinta, y Macabeo. En mucha menor proporci\u00f3n se encuentran el Moscatel, el tradicional Xarel.lo y, de nueva implantaci\u00f3n, el Chardonnay, Sauvignon blanc y Gewurztraminer.<\/span><\/p>\n<p class=\"p1\"><span class=\"s1\">Muchas de las bodegas son visitables y la gran calidad de sus vinos es reconocida a\u00f1o tras a\u00f1o gracias a los premios y distinciones recibidas y por el propio reglamento de la denominaci\u00f3n de origen.<\/span><\/p>\n<p class=\"p1\"><span class=\"s1\">Una gran parte de ellas est\u00e1n adheridas a la Ruta del Vino DO Empord\u00e0, ruta que promueve el enoturismo en el Empord\u00e0.<\/span><\/p>\n<p class=\"p1\"><span class=\"s1\">Tambi\u00e9n pod\u00e9is descubrir las bodegas visitables en la publicaci\u00f3n Rutas enotur\u00edsticas del Empord\u00e0, publicaci\u00f3n que propone tres rutas para disfrutar del enoturismo en el Empord\u00e0.\u00a0<\/span><\/p>\n<p class=\"p1\"><span class=\"s2\"><a href=\"https:\/\/visitemporda.com\/ca\/gastronomia\/www.calonge-santantoni.com\">Vins de pag\u00e8s a Calonge<\/a><\/span><\/p>\n<p class=\"p1\"><span class=\"s1\">Las bodegas de los masos y masies (casas de labranza t\u00edpicas catalanas) nos muestran c\u00f3mo se contin\u00faa haciendo vino de manera tradicional como se ha hecho siglo tras siglo. Estos masos y masias nos aproximan<span class=\"Apple-converted-space\">\u00a0 <\/span>a un estilo de vida que parece que desaparezca pero que en Calonge \u2013 Sant Antoni se conserva y se aferra al futuro. En un entorno familiar se trabaja el campo, la vi\u00f1a, se hace el vino y tambi\u00e9n se vende directamente a los visitantes. Se trata de un vino que conserva el gusto del tiempo, que se aparta de los vinos comerciales para <\/span><\/p>\n<p class=\"p1\"><span class=\"s1\">mantenerse como siempre, como el vino de pay\u00e9s.<\/span><\/p>\n<p class=\"p1\"><span class=\"s1\">M\u00e1s informaci\u00f3n en www.calonge-santantoni.com o en la publicaci\u00f3n<a href=\"https:\/\/visitemporda.com\/wp-content\/uploads\/2019\/12\/PRODUCTE-LOCAL-CAT-FR.pdf\" target=\"_blank\" rel=\"noopener noreferrer\"> <b>Producto local con identidad. Visitas guiadas todo el a\u00f1o.\u00a0<\/b><\/a><\/span><\/p>\n<p><strong>\u00a0<\/strong><\/p>\n<p><strong>VISITAS GUIADAS<\/strong><\/p>\n<p class=\"p1\"><span class=\"s1\">En el Baix Empord\u00e0 no solo pod\u00e9is degustar los productos t\u00edpicos, sino que tambi\u00e9n pod\u00e9is ser part\u00edcipes de su proceso de elaboraci\u00f3n a trav\u00e9s de visitas guiadas o talleres de los productos siguientes: arroz de Pals, butifarra dulce, gamba de Palam\u00f3s, productos de la huerta, leche, aceite, vino, queso y recuit (reques\u00f3n).<\/span><\/p>\n<p class=\"p2\"><span class=\"s1\">M\u00e1s informaci\u00f3n en<span class=\"Apple-converted-space\">\u00a0 <\/span>la publicaci\u00f3n<a href=\"https:\/\/visitemporda.com\/wp-content\/uploads\/2019\/12\/PRODUCTE-LOCAL-CAT-FR.pdf\" target=\"_blank\" rel=\"noopener noreferrer\"> <b>Producto local con identidad. Visitas guiadas todo el a\u00f1o.\u00a0<\/b><\/a><\/span><\/p>\n","protected":false},"excerpt":{"rendered":"<p>ENOTURISMO El Baix Empord\u00e0 ofrece dos tipolog\u00edas de enoturismo: los vinos de la Denominaci\u00f3n de Origen Empord\u00e0 y los vinos de pay\u00e9s. Las dos tipolog\u00edas ofrecen visitas guiadas para poder descubrir el proceso de elaboraci\u00f3n del vino y toda su esencia. \u00a1Desc\u00fabrelas! Denominaci\u00f3n de Origen Empord\u00e0 Vino de gran calidad. Las variedades tintas principales son [&hellip;]<\/p>\n","protected":false},"author":2,"featured_media":6898,"parent":20411,"menu_order":0,"comment_status":"closed","ping_status":"closed","template":"page-templates\/fitxa-campanyes-gastronomiques.php","meta":{"_acf_changed":false,"footnotes":""},"class_list":["post-20472","page","type-page","status-publish","has-post-thumbnail","hentry"],"acf":[],"yoast_head":"<!-- This site is optimized with the Yoast SEO plugin v27.4 - https:\/\/yoast.com\/product\/yoast-seo-wordpress\/ -->\n<title>Enoturismo y visitas guiadas - Visit Empord\u00e0<\/title>\n<meta name=\"robots\" content=\"index, follow, max-snippet:-1, max-image-preview:large, max-video-preview:-1\" \/>\n<link rel=\"canonical\" href=\"https:\/\/visitemporda.com\/es\/planifica\/el-gust-de-lemporda\/enoturisme-i-visites-guiades\/\" \/>\n<meta property=\"og:locale\" content=\"es_ES\" \/>\n<meta property=\"og:type\" content=\"article\" \/>\n<meta property=\"og:title\" content=\"Enoturismo y visitas guiadas - Visit Empord\u00e0\" \/>\n<meta property=\"og:description\" content=\"ENOTURISMO El Baix Empord\u00e0 ofrece dos tipolog\u00edas de enoturismo: los vinos de la Denominaci\u00f3n de Origen Empord\u00e0 y los vinos de pay\u00e9s. Las dos tipolog\u00edas ofrecen visitas guiadas para poder descubrir el proceso de elaboraci\u00f3n del vino y toda su esencia. \u00a1Desc\u00fabrelas! Denominaci\u00f3n de Origen Empord\u00e0 Vino de gran calidad. Las variedades tintas principales son [&hellip;]\" \/>\n<meta property=\"og:url\" content=\"https:\/\/visitemporda.com\/es\/planifica\/el-gust-de-lemporda\/enoturisme-i-visites-guiades\/\" \/>\n<meta property=\"og:site_name\" content=\"Visit Empord\u00e0\" \/>\n<meta property=\"article:publisher\" content=\"https:\/\/www.facebook.com\/baixempordaturisme\" \/>\n<meta property=\"article:modified_time\" content=\"2021-06-02T18:00:45+00:00\" \/>\n<meta property=\"og:image\" content=\"https:\/\/visitemporda.com\/wp-content\/uploads\/2019\/08\/IMG_8818-1024x768.jpg\" \/>\n\t<meta property=\"og:image:width\" content=\"1024\" \/>\n\t<meta property=\"og:image:height\" content=\"768\" \/>\n\t<meta property=\"og:image:type\" content=\"image\/jpeg\" \/>\n<meta name=\"twitter:card\" content=\"summary_large_image\" \/>\n<meta name=\"twitter:site\" content=\"@baixemporda_tur\" \/>\n<meta name=\"twitter:label1\" content=\"Tiempo de lectura\" \/>\n\t<meta name=\"twitter:data1\" content=\"2 minutos\" \/>\n<script type=\"application\/ld+json\" class=\"yoast-schema-graph\">{\"@context\":\"https:\\\/\\\/schema.org\",\"@graph\":[{\"@type\":\"WebPage\",\"@id\":\"https:\\\/\\\/visitemporda.com\\\/es\\\/planifica\\\/el-gust-de-lemporda\\\/enoturisme-i-visites-guiades\\\/\",\"url\":\"https:\\\/\\\/visitemporda.com\\\/es\\\/planifica\\\/el-gust-de-lemporda\\\/enoturisme-i-visites-guiades\\\/\",\"name\":\"Enoturismo y visitas guiadas - Visit Empord\u00e0\",\"isPartOf\":{\"@id\":\"https:\\\/\\\/visitemporda.com\\\/es\\\/#website\"},\"primaryImageOfPage\":{\"@id\":\"https:\\\/\\\/visitemporda.com\\\/es\\\/planifica\\\/el-gust-de-lemporda\\\/enoturisme-i-visites-guiades\\\/#primaryimage\"},\"image\":{\"@id\":\"https:\\\/\\\/visitemporda.com\\\/es\\\/planifica\\\/el-gust-de-lemporda\\\/enoturisme-i-visites-guiades\\\/#primaryimage\"},\"thumbnailUrl\":\"https:\\\/\\\/visitemporda.com\\\/wp-content\\\/uploads\\\/2019\\\/08\\\/IMG_8818.jpg\",\"datePublished\":\"2019-08-07T07:29:44+00:00\",\"dateModified\":\"2021-06-02T18:00:45+00:00\",\"breadcrumb\":{\"@id\":\"https:\\\/\\\/visitemporda.com\\\/es\\\/planifica\\\/el-gust-de-lemporda\\\/enoturisme-i-visites-guiades\\\/#breadcrumb\"},\"inLanguage\":\"es\",\"potentialAction\":[{\"@type\":\"ReadAction\",\"target\":[\"https:\\\/\\\/visitemporda.com\\\/es\\\/planifica\\\/el-gust-de-lemporda\\\/enoturisme-i-visites-guiades\\\/\"]}]},{\"@type\":\"ImageObject\",\"inLanguage\":\"es\",\"@id\":\"https:\\\/\\\/visitemporda.com\\\/es\\\/planifica\\\/el-gust-de-lemporda\\\/enoturisme-i-visites-guiades\\\/#primaryimage\",\"url\":\"https:\\\/\\\/visitemporda.com\\\/wp-content\\\/uploads\\\/2019\\\/08\\\/IMG_8818.jpg\",\"contentUrl\":\"https:\\\/\\\/visitemporda.com\\\/wp-content\\\/uploads\\\/2019\\\/08\\\/IMG_8818.jpg\",\"width\":3264,\"height\":2448,\"caption\":\"camp de vinyes\"},{\"@type\":\"BreadcrumbList\",\"@id\":\"https:\\\/\\\/visitemporda.com\\\/es\\\/planifica\\\/el-gust-de-lemporda\\\/enoturisme-i-visites-guiades\\\/#breadcrumb\",\"itemListElement\":[{\"@type\":\"ListItem\",\"position\":1,\"name\":\"Inici\",\"item\":\"https:\\\/\\\/visitemporda.com\\\/es\\\/\"},{\"@type\":\"ListItem\",\"position\":2,\"name\":\"Planifica\",\"item\":\"https:\\\/\\\/visitemporda.com\\\/es\\\/planifica\\\/\"},{\"@type\":\"ListItem\",\"position\":3,\"name\":\"El sabor de l&#8217;Empord\u00e0\",\"item\":\"https:\\\/\\\/visitemporda.com\\\/es\\\/planifica\\\/el-gust-de-lemporda\\\/\"},{\"@type\":\"ListItem\",\"position\":4,\"name\":\"Enoturismo y visitas guiadas\"}]},{\"@type\":\"WebSite\",\"@id\":\"https:\\\/\\\/visitemporda.com\\\/es\\\/#website\",\"url\":\"https:\\\/\\\/visitemporda.com\\\/es\\\/\",\"name\":\"Visit Empord\u00e0\",\"description\":\"Web tur\u00edstica oficial del Baix Empord\u00e0\",\"publisher\":{\"@id\":\"https:\\\/\\\/visitemporda.com\\\/es\\\/#organization\"},\"potentialAction\":[{\"@type\":\"SearchAction\",\"target\":{\"@type\":\"EntryPoint\",\"urlTemplate\":\"https:\\\/\\\/visitemporda.com\\\/es\\\/?s={search_term_string}\"},\"query-input\":{\"@type\":\"PropertyValueSpecification\",\"valueRequired\":true,\"valueName\":\"search_term_string\"}}],\"inLanguage\":\"es\"},{\"@type\":\"Organization\",\"@id\":\"https:\\\/\\\/visitemporda.com\\\/es\\\/#organization\",\"name\":\"Consell Comarcal del Baix Empord\u00e0\",\"url\":\"https:\\\/\\\/visitemporda.com\\\/es\\\/\",\"logo\":{\"@type\":\"ImageObject\",\"inLanguage\":\"es\",\"@id\":\"https:\\\/\\\/visitemporda.com\\\/es\\\/#\\\/schema\\\/logo\\\/image\\\/\",\"url\":\"https:\\\/\\\/visitemporda.com\\\/wp-content\\\/uploads\\\/2024\\\/11\\\/Logotip_CCBE.png\",\"contentUrl\":\"https:\\\/\\\/visitemporda.com\\\/wp-content\\\/uploads\\\/2024\\\/11\\\/Logotip_CCBE.png\",\"width\":3617,\"height\":3617,\"caption\":\"Consell Comarcal del Baix Empord\u00e0\"},\"image\":{\"@id\":\"https:\\\/\\\/visitemporda.com\\\/es\\\/#\\\/schema\\\/logo\\\/image\\\/\"},\"sameAs\":[\"https:\\\/\\\/www.facebook.com\\\/baixempordaturisme\",\"https:\\\/\\\/x.com\\\/baixemporda_tur\",\"https:\\\/\\\/www.instagram.com\\\/visitemporda\"]}]}<\/script>\n<!-- \/ Yoast SEO plugin. -->","yoast_head_json":{"title":"Enoturismo y visitas guiadas - Visit Empord\u00e0","robots":{"index":"index","follow":"follow","max-snippet":"max-snippet:-1","max-image-preview":"max-image-preview:large","max-video-preview":"max-video-preview:-1"},"canonical":"https:\/\/visitemporda.com\/es\/planifica\/el-gust-de-lemporda\/enoturisme-i-visites-guiades\/","og_locale":"es_ES","og_type":"article","og_title":"Enoturismo y visitas guiadas - Visit Empord\u00e0","og_description":"ENOTURISMO El Baix Empord\u00e0 ofrece dos tipolog\u00edas de enoturismo: los vinos de la Denominaci\u00f3n de Origen Empord\u00e0 y los vinos de pay\u00e9s. Las dos tipolog\u00edas ofrecen visitas guiadas para poder descubrir el proceso de elaboraci\u00f3n del vino y toda su esencia. \u00a1Desc\u00fabrelas! Denominaci\u00f3n de Origen Empord\u00e0 Vino de gran calidad. Las variedades tintas principales son [&hellip;]","og_url":"https:\/\/visitemporda.com\/es\/planifica\/el-gust-de-lemporda\/enoturisme-i-visites-guiades\/","og_site_name":"Visit Empord\u00e0","article_publisher":"https:\/\/www.facebook.com\/baixempordaturisme","article_modified_time":"2021-06-02T18:00:45+00:00","og_image":[{"width":1024,"height":768,"url":"https:\/\/visitemporda.com\/wp-content\/uploads\/2019\/08\/IMG_8818-1024x768.jpg","type":"image\/jpeg"}],"twitter_card":"summary_large_image","twitter_site":"@baixemporda_tur","twitter_misc":{"Tiempo de lectura":"2 minutos"},"schema":{"@context":"https:\/\/schema.org","@graph":[{"@type":"WebPage","@id":"https:\/\/visitemporda.com\/es\/planifica\/el-gust-de-lemporda\/enoturisme-i-visites-guiades\/","url":"https:\/\/visitemporda.com\/es\/planifica\/el-gust-de-lemporda\/enoturisme-i-visites-guiades\/","name":"Enoturismo y visitas guiadas - Visit Empord\u00e0","isPartOf":{"@id":"https:\/\/visitemporda.com\/es\/#website"},"primaryImageOfPage":{"@id":"https:\/\/visitemporda.com\/es\/planifica\/el-gust-de-lemporda\/enoturisme-i-visites-guiades\/#primaryimage"},"image":{"@id":"https:\/\/visitemporda.com\/es\/planifica\/el-gust-de-lemporda\/enoturisme-i-visites-guiades\/#primaryimage"},"thumbnailUrl":"https:\/\/visitemporda.com\/wp-content\/uploads\/2019\/08\/IMG_8818.jpg","datePublished":"2019-08-07T07:29:44+00:00","dateModified":"2021-06-02T18:00:45+00:00","breadcrumb":{"@id":"https:\/\/visitemporda.com\/es\/planifica\/el-gust-de-lemporda\/enoturisme-i-visites-guiades\/#breadcrumb"},"inLanguage":"es","potentialAction":[{"@type":"ReadAction","target":["https:\/\/visitemporda.com\/es\/planifica\/el-gust-de-lemporda\/enoturisme-i-visites-guiades\/"]}]},{"@type":"ImageObject","inLanguage":"es","@id":"https:\/\/visitemporda.com\/es\/planifica\/el-gust-de-lemporda\/enoturisme-i-visites-guiades\/#primaryimage","url":"https:\/\/visitemporda.com\/wp-content\/uploads\/2019\/08\/IMG_8818.jpg","contentUrl":"https:\/\/visitemporda.com\/wp-content\/uploads\/2019\/08\/IMG_8818.jpg","width":3264,"height":2448,"caption":"camp de vinyes"},{"@type":"BreadcrumbList","@id":"https:\/\/visitemporda.com\/es\/planifica\/el-gust-de-lemporda\/enoturisme-i-visites-guiades\/#breadcrumb","itemListElement":[{"@type":"ListItem","position":1,"name":"Inici","item":"https:\/\/visitemporda.com\/es\/"},{"@type":"ListItem","position":2,"name":"Planifica","item":"https:\/\/visitemporda.com\/es\/planifica\/"},{"@type":"ListItem","position":3,"name":"El sabor de l&#8217;Empord\u00e0","item":"https:\/\/visitemporda.com\/es\/planifica\/el-gust-de-lemporda\/"},{"@type":"ListItem","position":4,"name":"Enoturismo y visitas guiadas"}]},{"@type":"WebSite","@id":"https:\/\/visitemporda.com\/es\/#website","url":"https:\/\/visitemporda.com\/es\/","name":"Visit Empord\u00e0","description":"Web tur\u00edstica oficial del Baix Empord\u00e0","publisher":{"@id":"https:\/\/visitemporda.com\/es\/#organization"},"potentialAction":[{"@type":"SearchAction","target":{"@type":"EntryPoint","urlTemplate":"https:\/\/visitemporda.com\/es\/?s={search_term_string}"},"query-input":{"@type":"PropertyValueSpecification","valueRequired":true,"valueName":"search_term_string"}}],"inLanguage":"es"},{"@type":"Organization","@id":"https:\/\/visitemporda.com\/es\/#organization","name":"Consell Comarcal del Baix Empord\u00e0","url":"https:\/\/visitemporda.com\/es\/","logo":{"@type":"ImageObject","inLanguage":"es","@id":"https:\/\/visitemporda.com\/es\/#\/schema\/logo\/image\/","url":"https:\/\/visitemporda.com\/wp-content\/uploads\/2024\/11\/Logotip_CCBE.png","contentUrl":"https:\/\/visitemporda.com\/wp-content\/uploads\/2024\/11\/Logotip_CCBE.png","width":3617,"height":3617,"caption":"Consell Comarcal del Baix Empord\u00e0"},"image":{"@id":"https:\/\/visitemporda.com\/es\/#\/schema\/logo\/image\/"},"sameAs":["https:\/\/www.facebook.com\/baixempordaturisme","https:\/\/x.com\/baixemporda_tur","https:\/\/www.instagram.com\/visitemporda"]}]}},"_links":{"self":[{"href":"https:\/\/visitemporda.com\/es\/wp-json\/wp\/v2\/pages\/20472","targetHints":{"allow":["GET"]}}],"collection":[{"href":"https:\/\/visitemporda.com\/es\/wp-json\/wp\/v2\/pages"}],"about":[{"href":"https:\/\/visitemporda.com\/es\/wp-json\/wp\/v2\/types\/page"}],"author":[{"embeddable":true,"href":"https:\/\/visitemporda.com\/es\/wp-json\/wp\/v2\/users\/2"}],"replies":[{"embeddable":true,"href":"https:\/\/visitemporda.com\/es\/wp-json\/wp\/v2\/comments?post=20472"}],"version-history":[{"count":8,"href":"https:\/\/visitemporda.com\/es\/wp-json\/wp\/v2\/pages\/20472\/revisions"}],"predecessor-version":[{"id":32087,"href":"https:\/\/visitemporda.com\/es\/wp-json\/wp\/v2\/pages\/20472\/revisions\/32087"}],"up":[{"embeddable":true,"href":"https:\/\/visitemporda.com\/es\/wp-json\/wp\/v2\/pages\/20411"}],"wp:featuredmedia":[{"embeddable":true,"href":"https:\/\/visitemporda.com\/es\/wp-json\/wp\/v2\/media\/6898"}],"wp:attachment":[{"href":"https:\/\/visitemporda.com\/es\/wp-json\/wp\/v2\/media?parent=20472"}],"curies":[{"name":"wp","href":"https:\/\/api.w.org\/{rel}","templated":true}]}}