

{"id":20434,"date":"2019-08-07T09:00:19","date_gmt":"2019-08-07T07:00:19","guid":{"rendered":"http:\/\/visitemporda.com\/recomendaciones\/el-gust-de-lemporda\/marca-de-garantia-productes-de-lemporda\/gamba-de-palamos\/"},"modified":"2021-05-18T22:44:57","modified_gmt":"2021-05-18T20:44:57","slug":"gamba-de-palamos","status":"publish","type":"page","link":"https:\/\/visitemporda.com\/es\/planifica\/el-gust-de-lemporda\/marca-de-garantia-productes-de-lemporda\/gamba-de-palamos\/","title":{"rendered":"Gamba de Palam\u00f3s"},"content":{"rendered":"<p class=\"p1\"><span class=\"s1\">La gamba de Palam\u00f3s tiene una marca de garant\u00eda de calidad propia, la marca de garant\u00eda Gamba de Palam\u00f3s. Esta marca regula la calidad de la gamba a trav\u00e9s de la aplicaci\u00f3n de normas estrictas en el proceso de pesca, en el tratamiento y la manipulaci\u00f3n de las gambas en toda la cadena de distribuci\u00f3n, y con un control exhaustivo de la cadena del fr\u00edo (temperatura entre 0\u00ba y 4\u00ba C) desde el mar hasta el consumidor final. <\/span><\/p>\n<p class=\"p3\"><span class=\"s1\">ORIGEN DEL PRODUCTO<br \/>\nSe limita a la gamba fresca de la especie Aristeus antennatus, extra\u00edda de las aguas de la costa de Palam\u00f3s.<\/span><\/p>\n<p class=\"p3\"><span class=\"s1\">CARACTER\u00cdSTICAS DEL PRODUCTO<br \/>\nCuerpo rojizo y textura firme. La marca de garant\u00eda asegura que la gamba que llega al cliente mantiene el m\u00e1ximo nivel de calidad: un sabor exquisito, un aroma inconfundible, un aspecto atractivo y un grado de frescura inmejorable.<\/span><\/p>\n<p class=\"p3\"><span class=\"s1\">ENVASE<br \/>\nA peso.<\/span><\/p>\n<p class=\"p3\"><span class=\"s1\">CONSERVACI\u00d3n<br \/>\nConservar en fr\u00edo.<\/span><\/p>\n","protected":false},"excerpt":{"rendered":"<p>La gamba de Palam\u00f3s tiene una marca de garant\u00eda de calidad propia, la marca de garant\u00eda Gamba de Palam\u00f3s. Esta marca regula la calidad de la gamba a trav\u00e9s de la aplicaci\u00f3n de normas estrictas en el proceso de pesca, en el tratamiento y la manipulaci\u00f3n de las gambas en toda la cadena de distribuci\u00f3n, [&hellip;]<\/p>\n","protected":false},"author":2,"featured_media":6722,"parent":20420,"menu_order":0,"comment_status":"closed","ping_status":"closed","template":"page-templates\/fitxa-campanyes-gastronomiques.php","meta":{"_acf_changed":false,"footnotes":""},"class_list":["post-20434","page","type-page","status-publish","has-post-thumbnail","hentry"],"acf":[],"yoast_head":"<!-- This site is optimized with the Yoast SEO plugin v27.3 - https:\/\/yoast.com\/product\/yoast-seo-wordpress\/ -->\n<title>Gamba de Palam\u00f3s - Visit Empord\u00e0<\/title>\n<meta name=\"robots\" content=\"index, follow, max-snippet:-1, max-image-preview:large, max-video-preview:-1\" \/>\n<link rel=\"canonical\" href=\"https:\/\/visitemporda.com\/es\/planifica\/el-gust-de-lemporda\/marca-de-garantia-productes-de-lemporda\/gamba-de-palamos\/\" \/>\n<meta property=\"og:locale\" content=\"es_ES\" \/>\n<meta property=\"og:type\" content=\"article\" \/>\n<meta property=\"og:title\" content=\"Gamba de Palam\u00f3s - Visit Empord\u00e0\" \/>\n<meta property=\"og:description\" content=\"La gamba de Palam\u00f3s tiene una marca de garant\u00eda de calidad propia, la marca de garant\u00eda Gamba de Palam\u00f3s. Esta marca regula la calidad de la gamba a trav\u00e9s de la aplicaci\u00f3n de normas estrictas en el proceso de pesca, en el tratamiento y la manipulaci\u00f3n de las gambas en toda la cadena de distribuci\u00f3n, [&hellip;]\" \/>\n<meta property=\"og:url\" content=\"https:\/\/visitemporda.com\/es\/planifica\/el-gust-de-lemporda\/marca-de-garantia-productes-de-lemporda\/gamba-de-palamos\/\" \/>\n<meta property=\"og:site_name\" content=\"Visit Empord\u00e0\" \/>\n<meta property=\"article:publisher\" content=\"https:\/\/www.facebook.com\/baixempordaturisme\" \/>\n<meta property=\"article:modified_time\" content=\"2021-05-18T20:44:57+00:00\" \/>\n<meta property=\"og:image\" content=\"https:\/\/visitemporda.com\/wp-content\/uploads\/2019\/08\/ajuntament-palam\u00f3s-gamba-1024x683.jpg\" \/>\n\t<meta property=\"og:image:width\" content=\"1024\" \/>\n\t<meta property=\"og:image:height\" content=\"683\" \/>\n\t<meta property=\"og:image:type\" content=\"image\/jpeg\" \/>\n<meta name=\"twitter:card\" content=\"summary_large_image\" \/>\n<meta name=\"twitter:site\" content=\"@baixemporda_tur\" \/>\n<meta name=\"twitter:label1\" content=\"Tiempo de lectura\" \/>\n\t<meta name=\"twitter:data1\" content=\"1 minuto\" \/>\n<script type=\"application\/ld+json\" class=\"yoast-schema-graph\">{\"@context\":\"https:\\\/\\\/schema.org\",\"@graph\":[{\"@type\":\"WebPage\",\"@id\":\"https:\\\/\\\/visitemporda.com\\\/es\\\/planifica\\\/el-gust-de-lemporda\\\/marca-de-garantia-productes-de-lemporda\\\/gamba-de-palamos\\\/\",\"url\":\"https:\\\/\\\/visitemporda.com\\\/es\\\/planifica\\\/el-gust-de-lemporda\\\/marca-de-garantia-productes-de-lemporda\\\/gamba-de-palamos\\\/\",\"name\":\"Gamba de Palam\u00f3s - Visit Empord\u00e0\",\"isPartOf\":{\"@id\":\"https:\\\/\\\/visitemporda.com\\\/es\\\/#website\"},\"primaryImageOfPage\":{\"@id\":\"https:\\\/\\\/visitemporda.com\\\/es\\\/planifica\\\/el-gust-de-lemporda\\\/marca-de-garantia-productes-de-lemporda\\\/gamba-de-palamos\\\/#primaryimage\"},\"image\":{\"@id\":\"https:\\\/\\\/visitemporda.com\\\/es\\\/planifica\\\/el-gust-de-lemporda\\\/marca-de-garantia-productes-de-lemporda\\\/gamba-de-palamos\\\/#primaryimage\"},\"thumbnailUrl\":\"https:\\\/\\\/visitemporda.com\\\/wp-content\\\/uploads\\\/2019\\\/08\\\/ajuntament-palam\u00f3s-gamba.jpg\",\"datePublished\":\"2019-08-07T07:00:19+00:00\",\"dateModified\":\"2021-05-18T20:44:57+00:00\",\"breadcrumb\":{\"@id\":\"https:\\\/\\\/visitemporda.com\\\/es\\\/planifica\\\/el-gust-de-lemporda\\\/marca-de-garantia-productes-de-lemporda\\\/gamba-de-palamos\\\/#breadcrumb\"},\"inLanguage\":\"es\",\"potentialAction\":[{\"@type\":\"ReadAction\",\"target\":[\"https:\\\/\\\/visitemporda.com\\\/es\\\/planifica\\\/el-gust-de-lemporda\\\/marca-de-garantia-productes-de-lemporda\\\/gamba-de-palamos\\\/\"]}]},{\"@type\":\"ImageObject\",\"inLanguage\":\"es\",\"@id\":\"https:\\\/\\\/visitemporda.com\\\/es\\\/planifica\\\/el-gust-de-lemporda\\\/marca-de-garantia-productes-de-lemporda\\\/gamba-de-palamos\\\/#primaryimage\",\"url\":\"https:\\\/\\\/visitemporda.com\\\/wp-content\\\/uploads\\\/2019\\\/08\\\/ajuntament-palam\u00f3s-gamba.jpg\",\"contentUrl\":\"https:\\\/\\\/visitemporda.com\\\/wp-content\\\/uploads\\\/2019\\\/08\\\/ajuntament-palam\u00f3s-gamba.jpg\",\"width\":2496,\"height\":1664,\"caption\":\"gambes de palam\u00f3s\"},{\"@type\":\"BreadcrumbList\",\"@id\":\"https:\\\/\\\/visitemporda.com\\\/es\\\/planifica\\\/el-gust-de-lemporda\\\/marca-de-garantia-productes-de-lemporda\\\/gamba-de-palamos\\\/#breadcrumb\",\"itemListElement\":[{\"@type\":\"ListItem\",\"position\":1,\"name\":\"Inici\",\"item\":\"https:\\\/\\\/visitemporda.com\\\/es\\\/\"},{\"@type\":\"ListItem\",\"position\":2,\"name\":\"Planifica\",\"item\":\"https:\\\/\\\/visitemporda.com\\\/es\\\/planifica\\\/\"},{\"@type\":\"ListItem\",\"position\":3,\"name\":\"El sabor de l&#8217;Empord\u00e0\",\"item\":\"https:\\\/\\\/visitemporda.com\\\/es\\\/planifica\\\/el-gust-de-lemporda\\\/\"},{\"@type\":\"ListItem\",\"position\":4,\"name\":\"Marca de Garant\u00eda Productos de L\u2019Empord\u00e0\",\"item\":\"https:\\\/\\\/visitemporda.com\\\/es\\\/planifica\\\/el-gust-de-lemporda\\\/marca-de-garantia-productes-de-lemporda\\\/\"},{\"@type\":\"ListItem\",\"position\":5,\"name\":\"Gamba de Palam\u00f3s\"}]},{\"@type\":\"WebSite\",\"@id\":\"https:\\\/\\\/visitemporda.com\\\/es\\\/#website\",\"url\":\"https:\\\/\\\/visitemporda.com\\\/es\\\/\",\"name\":\"Visit Empord\u00e0\",\"description\":\"Web tur\u00edstica oficial del Baix Empord\u00e0\",\"publisher\":{\"@id\":\"https:\\\/\\\/visitemporda.com\\\/es\\\/#organization\"},\"potentialAction\":[{\"@type\":\"SearchAction\",\"target\":{\"@type\":\"EntryPoint\",\"urlTemplate\":\"https:\\\/\\\/visitemporda.com\\\/es\\\/?s={search_term_string}\"},\"query-input\":{\"@type\":\"PropertyValueSpecification\",\"valueRequired\":true,\"valueName\":\"search_term_string\"}}],\"inLanguage\":\"es\"},{\"@type\":\"Organization\",\"@id\":\"https:\\\/\\\/visitemporda.com\\\/es\\\/#organization\",\"name\":\"Consell Comarcal del Baix Empord\u00e0\",\"url\":\"https:\\\/\\\/visitemporda.com\\\/es\\\/\",\"logo\":{\"@type\":\"ImageObject\",\"inLanguage\":\"es\",\"@id\":\"https:\\\/\\\/visitemporda.com\\\/es\\\/#\\\/schema\\\/logo\\\/image\\\/\",\"url\":\"https:\\\/\\\/visitemporda.com\\\/wp-content\\\/uploads\\\/2024\\\/11\\\/Logotip_CCBE.png\",\"contentUrl\":\"https:\\\/\\\/visitemporda.com\\\/wp-content\\\/uploads\\\/2024\\\/11\\\/Logotip_CCBE.png\",\"width\":3617,\"height\":3617,\"caption\":\"Consell Comarcal del Baix Empord\u00e0\"},\"image\":{\"@id\":\"https:\\\/\\\/visitemporda.com\\\/es\\\/#\\\/schema\\\/logo\\\/image\\\/\"},\"sameAs\":[\"https:\\\/\\\/www.facebook.com\\\/baixempordaturisme\",\"https:\\\/\\\/x.com\\\/baixemporda_tur\",\"https:\\\/\\\/www.instagram.com\\\/visitemporda\"]}]}<\/script>\n<!-- \/ Yoast SEO plugin. -->","yoast_head_json":{"title":"Gamba de Palam\u00f3s - Visit Empord\u00e0","robots":{"index":"index","follow":"follow","max-snippet":"max-snippet:-1","max-image-preview":"max-image-preview:large","max-video-preview":"max-video-preview:-1"},"canonical":"https:\/\/visitemporda.com\/es\/planifica\/el-gust-de-lemporda\/marca-de-garantia-productes-de-lemporda\/gamba-de-palamos\/","og_locale":"es_ES","og_type":"article","og_title":"Gamba de Palam\u00f3s - Visit Empord\u00e0","og_description":"La gamba de Palam\u00f3s tiene una marca de garant\u00eda de calidad propia, la marca de garant\u00eda Gamba de Palam\u00f3s. Esta marca regula la calidad de la gamba a trav\u00e9s de la aplicaci\u00f3n de normas estrictas en el proceso de pesca, en el tratamiento y la manipulaci\u00f3n de las gambas en toda la cadena de distribuci\u00f3n, [&hellip;]","og_url":"https:\/\/visitemporda.com\/es\/planifica\/el-gust-de-lemporda\/marca-de-garantia-productes-de-lemporda\/gamba-de-palamos\/","og_site_name":"Visit Empord\u00e0","article_publisher":"https:\/\/www.facebook.com\/baixempordaturisme","article_modified_time":"2021-05-18T20:44:57+00:00","og_image":[{"width":1024,"height":683,"url":"https:\/\/visitemporda.com\/wp-content\/uploads\/2019\/08\/ajuntament-palam\u00f3s-gamba-1024x683.jpg","type":"image\/jpeg"}],"twitter_card":"summary_large_image","twitter_site":"@baixemporda_tur","twitter_misc":{"Tiempo de lectura":"1 minuto"},"schema":{"@context":"https:\/\/schema.org","@graph":[{"@type":"WebPage","@id":"https:\/\/visitemporda.com\/es\/planifica\/el-gust-de-lemporda\/marca-de-garantia-productes-de-lemporda\/gamba-de-palamos\/","url":"https:\/\/visitemporda.com\/es\/planifica\/el-gust-de-lemporda\/marca-de-garantia-productes-de-lemporda\/gamba-de-palamos\/","name":"Gamba de Palam\u00f3s - Visit Empord\u00e0","isPartOf":{"@id":"https:\/\/visitemporda.com\/es\/#website"},"primaryImageOfPage":{"@id":"https:\/\/visitemporda.com\/es\/planifica\/el-gust-de-lemporda\/marca-de-garantia-productes-de-lemporda\/gamba-de-palamos\/#primaryimage"},"image":{"@id":"https:\/\/visitemporda.com\/es\/planifica\/el-gust-de-lemporda\/marca-de-garantia-productes-de-lemporda\/gamba-de-palamos\/#primaryimage"},"thumbnailUrl":"https:\/\/visitemporda.com\/wp-content\/uploads\/2019\/08\/ajuntament-palam\u00f3s-gamba.jpg","datePublished":"2019-08-07T07:00:19+00:00","dateModified":"2021-05-18T20:44:57+00:00","breadcrumb":{"@id":"https:\/\/visitemporda.com\/es\/planifica\/el-gust-de-lemporda\/marca-de-garantia-productes-de-lemporda\/gamba-de-palamos\/#breadcrumb"},"inLanguage":"es","potentialAction":[{"@type":"ReadAction","target":["https:\/\/visitemporda.com\/es\/planifica\/el-gust-de-lemporda\/marca-de-garantia-productes-de-lemporda\/gamba-de-palamos\/"]}]},{"@type":"ImageObject","inLanguage":"es","@id":"https:\/\/visitemporda.com\/es\/planifica\/el-gust-de-lemporda\/marca-de-garantia-productes-de-lemporda\/gamba-de-palamos\/#primaryimage","url":"https:\/\/visitemporda.com\/wp-content\/uploads\/2019\/08\/ajuntament-palam\u00f3s-gamba.jpg","contentUrl":"https:\/\/visitemporda.com\/wp-content\/uploads\/2019\/08\/ajuntament-palam\u00f3s-gamba.jpg","width":2496,"height":1664,"caption":"gambes de palam\u00f3s"},{"@type":"BreadcrumbList","@id":"https:\/\/visitemporda.com\/es\/planifica\/el-gust-de-lemporda\/marca-de-garantia-productes-de-lemporda\/gamba-de-palamos\/#breadcrumb","itemListElement":[{"@type":"ListItem","position":1,"name":"Inici","item":"https:\/\/visitemporda.com\/es\/"},{"@type":"ListItem","position":2,"name":"Planifica","item":"https:\/\/visitemporda.com\/es\/planifica\/"},{"@type":"ListItem","position":3,"name":"El sabor de l&#8217;Empord\u00e0","item":"https:\/\/visitemporda.com\/es\/planifica\/el-gust-de-lemporda\/"},{"@type":"ListItem","position":4,"name":"Marca de Garant\u00eda Productos de L\u2019Empord\u00e0","item":"https:\/\/visitemporda.com\/es\/planifica\/el-gust-de-lemporda\/marca-de-garantia-productes-de-lemporda\/"},{"@type":"ListItem","position":5,"name":"Gamba de Palam\u00f3s"}]},{"@type":"WebSite","@id":"https:\/\/visitemporda.com\/es\/#website","url":"https:\/\/visitemporda.com\/es\/","name":"Visit Empord\u00e0","description":"Web tur\u00edstica oficial del Baix Empord\u00e0","publisher":{"@id":"https:\/\/visitemporda.com\/es\/#organization"},"potentialAction":[{"@type":"SearchAction","target":{"@type":"EntryPoint","urlTemplate":"https:\/\/visitemporda.com\/es\/?s={search_term_string}"},"query-input":{"@type":"PropertyValueSpecification","valueRequired":true,"valueName":"search_term_string"}}],"inLanguage":"es"},{"@type":"Organization","@id":"https:\/\/visitemporda.com\/es\/#organization","name":"Consell Comarcal del Baix Empord\u00e0","url":"https:\/\/visitemporda.com\/es\/","logo":{"@type":"ImageObject","inLanguage":"es","@id":"https:\/\/visitemporda.com\/es\/#\/schema\/logo\/image\/","url":"https:\/\/visitemporda.com\/wp-content\/uploads\/2024\/11\/Logotip_CCBE.png","contentUrl":"https:\/\/visitemporda.com\/wp-content\/uploads\/2024\/11\/Logotip_CCBE.png","width":3617,"height":3617,"caption":"Consell Comarcal del Baix Empord\u00e0"},"image":{"@id":"https:\/\/visitemporda.com\/es\/#\/schema\/logo\/image\/"},"sameAs":["https:\/\/www.facebook.com\/baixempordaturisme","https:\/\/x.com\/baixemporda_tur","https:\/\/www.instagram.com\/visitemporda"]}]}},"_links":{"self":[{"href":"https:\/\/visitemporda.com\/es\/wp-json\/wp\/v2\/pages\/20434","targetHints":{"allow":["GET"]}}],"collection":[{"href":"https:\/\/visitemporda.com\/es\/wp-json\/wp\/v2\/pages"}],"about":[{"href":"https:\/\/visitemporda.com\/es\/wp-json\/wp\/v2\/types\/page"}],"author":[{"embeddable":true,"href":"https:\/\/visitemporda.com\/es\/wp-json\/wp\/v2\/users\/2"}],"replies":[{"embeddable":true,"href":"https:\/\/visitemporda.com\/es\/wp-json\/wp\/v2\/comments?post=20434"}],"version-history":[{"count":3,"href":"https:\/\/visitemporda.com\/es\/wp-json\/wp\/v2\/pages\/20434\/revisions"}],"predecessor-version":[{"id":30321,"href":"https:\/\/visitemporda.com\/es\/wp-json\/wp\/v2\/pages\/20434\/revisions\/30321"}],"up":[{"embeddable":true,"href":"https:\/\/visitemporda.com\/es\/wp-json\/wp\/v2\/pages\/20420"}],"wp:featuredmedia":[{"embeddable":true,"href":"https:\/\/visitemporda.com\/es\/wp-json\/wp\/v2\/media\/6722"}],"wp:attachment":[{"href":"https:\/\/visitemporda.com\/es\/wp-json\/wp\/v2\/media?parent=20434"}],"curies":[{"name":"wp","href":"https:\/\/api.w.org\/{rel}","templated":true}]}}