

{"id":20432,"date":"2019-08-07T08:59:21","date_gmt":"2019-08-07T06:59:21","guid":{"rendered":"http:\/\/visitemporda.com\/recomendaciones\/el-gust-de-lemporda\/marca-de-garantia-productes-de-lemporda\/fesol-de-lull-ros\/"},"modified":"2025-04-17T09:00:08","modified_gmt":"2025-04-17T07:00:08","slug":"fesol-de-lull-ros","status":"publish","type":"page","link":"https:\/\/visitemporda.com\/es\/planifica\/el-gust-de-lemporda\/marca-de-garantia-productes-de-lemporda\/fesol-de-lull-ros\/","title":{"rendered":"Miel de l&#8217;Empord\u00e0"},"content":{"rendered":"<p>Se entiende por miel la sustancia natural dulce producida por la abeja Apis mellifera a partir del n\u00e9ctar de plantas o de secreciones de partes vivas de plantas o de excreciones de insectos chupadores presentes en las partes vivas de las plantas, que las abejas recolectan y transforman combin\u00e1ndola con sustancias espec\u00edficas propias y depositan, deshidratan, almacenan y dejan en colmenas para que madure.<br \/>\nHist\u00f3ricamente cada mas\u00eda del Empord\u00e0 ten\u00eda 2 o 3 colmenas para producir cera para velas y miel para consumo propio.<\/p>\n<p>\u00c9POCA DE ELABORACI\u00d3N<br \/>\nTodo el a\u00f1o<\/p>\n<p>CARACTER\u00cdSTICAS DEL PRODUCTO<br \/>\nLas mieles que se producen en el Empord\u00e0 son la de brezo de primavera, romero, tomillo, casta\u00f1o, de bosque, de girasol, tomillo borrique- ro, mielato de encina, madro\u00f1o y milflores.<\/p>\n<p>ENVASE<br \/>\nLa miel envasada se presentar\u00e1 en estado l\u00edquido (fluido) o s\u00f3lido (cristalizada). Puede ser miel centrifugada o miel en porciones de panal.<\/p>\n<p>CONSERVACI\u00d3N<br \/>\nEn lugar fresco y seco, sin que toque demasiado la luz<\/p>\n","protected":false},"excerpt":{"rendered":"<p>Se entiende por miel la sustancia natural dulce producida por la abeja Apis mellifera a partir del n\u00e9ctar de plantas o de secreciones de partes vivas de plantas o de excreciones de insectos chupadores presentes en las partes vivas de las plantas, que las abejas recolectan y transforman combin\u00e1ndola con sustancias espec\u00edficas propias y depositan, [&hellip;]<\/p>\n","protected":false},"author":2,"featured_media":50018,"parent":20420,"menu_order":0,"comment_status":"closed","ping_status":"closed","template":"page-templates\/fitxa-campanyes-gastronomiques.php","meta":{"_acf_changed":false,"footnotes":""},"class_list":["post-20432","page","type-page","status-publish","has-post-thumbnail","hentry"],"acf":[],"yoast_head":"<!-- This site is optimized with the Yoast SEO plugin v27.3 - https:\/\/yoast.com\/product\/yoast-seo-wordpress\/ -->\n<title>Miel de l&#039;Empord\u00e0 - Visit Empord\u00e0<\/title>\n<meta name=\"robots\" content=\"index, follow, max-snippet:-1, max-image-preview:large, max-video-preview:-1\" \/>\n<link rel=\"canonical\" href=\"https:\/\/visitemporda.com\/es\/planifica\/el-gust-de-lemporda\/marca-de-garantia-productes-de-lemporda\/fesol-de-lull-ros\/\" \/>\n<meta property=\"og:locale\" content=\"es_ES\" \/>\n<meta property=\"og:type\" content=\"article\" \/>\n<meta property=\"og:title\" content=\"Miel de l&#039;Empord\u00e0 - Visit Empord\u00e0\" \/>\n<meta property=\"og:description\" content=\"Se entiende por miel la sustancia natural dulce producida por la abeja Apis mellifera a partir del n\u00e9ctar de plantas o de secreciones de partes vivas de plantas o de excreciones de insectos chupadores presentes en las partes vivas de las plantas, que las abejas recolectan y transforman combin\u00e1ndola con sustancias espec\u00edficas propias y depositan, [&hellip;]\" \/>\n<meta property=\"og:url\" content=\"https:\/\/visitemporda.com\/es\/planifica\/el-gust-de-lemporda\/marca-de-garantia-productes-de-lemporda\/fesol-de-lull-ros\/\" \/>\n<meta property=\"og:site_name\" content=\"Visit Empord\u00e0\" \/>\n<meta property=\"article:publisher\" content=\"https:\/\/www.facebook.com\/baixempordaturisme\" \/>\n<meta property=\"article:modified_time\" content=\"2025-04-17T07:00:08+00:00\" \/>\n<meta property=\"og:image\" content=\"https:\/\/visitemporda.com\/wp-content\/uploads\/2025\/04\/Mel.FonsCCAE-6-scaled.jpg\" \/>\n\t<meta property=\"og:image:width\" content=\"2560\" \/>\n\t<meta property=\"og:image:height\" content=\"1792\" \/>\n\t<meta property=\"og:image:type\" content=\"image\/jpeg\" \/>\n<meta name=\"twitter:card\" content=\"summary_large_image\" \/>\n<meta name=\"twitter:site\" content=\"@baixemporda_tur\" \/>\n<meta name=\"twitter:label1\" content=\"Tiempo de lectura\" \/>\n\t<meta name=\"twitter:data1\" content=\"2 minutos\" \/>\n<script type=\"application\/ld+json\" class=\"yoast-schema-graph\">{\"@context\":\"https:\\\/\\\/schema.org\",\"@graph\":[{\"@type\":\"WebPage\",\"@id\":\"https:\\\/\\\/visitemporda.com\\\/es\\\/planifica\\\/el-gust-de-lemporda\\\/marca-de-garantia-productes-de-lemporda\\\/fesol-de-lull-ros\\\/\",\"url\":\"https:\\\/\\\/visitemporda.com\\\/es\\\/planifica\\\/el-gust-de-lemporda\\\/marca-de-garantia-productes-de-lemporda\\\/fesol-de-lull-ros\\\/\",\"name\":\"Miel de l'Empord\u00e0 - Visit Empord\u00e0\",\"isPartOf\":{\"@id\":\"https:\\\/\\\/visitemporda.com\\\/es\\\/#website\"},\"primaryImageOfPage\":{\"@id\":\"https:\\\/\\\/visitemporda.com\\\/es\\\/planifica\\\/el-gust-de-lemporda\\\/marca-de-garantia-productes-de-lemporda\\\/fesol-de-lull-ros\\\/#primaryimage\"},\"image\":{\"@id\":\"https:\\\/\\\/visitemporda.com\\\/es\\\/planifica\\\/el-gust-de-lemporda\\\/marca-de-garantia-productes-de-lemporda\\\/fesol-de-lull-ros\\\/#primaryimage\"},\"thumbnailUrl\":\"https:\\\/\\\/visitemporda.com\\\/wp-content\\\/uploads\\\/2025\\\/04\\\/Mel.FonsCCAE-6-scaled.jpg\",\"datePublished\":\"2019-08-07T06:59:21+00:00\",\"dateModified\":\"2025-04-17T07:00:08+00:00\",\"breadcrumb\":{\"@id\":\"https:\\\/\\\/visitemporda.com\\\/es\\\/planifica\\\/el-gust-de-lemporda\\\/marca-de-garantia-productes-de-lemporda\\\/fesol-de-lull-ros\\\/#breadcrumb\"},\"inLanguage\":\"es\",\"potentialAction\":[{\"@type\":\"ReadAction\",\"target\":[\"https:\\\/\\\/visitemporda.com\\\/es\\\/planifica\\\/el-gust-de-lemporda\\\/marca-de-garantia-productes-de-lemporda\\\/fesol-de-lull-ros\\\/\"]}]},{\"@type\":\"ImageObject\",\"inLanguage\":\"es\",\"@id\":\"https:\\\/\\\/visitemporda.com\\\/es\\\/planifica\\\/el-gust-de-lemporda\\\/marca-de-garantia-productes-de-lemporda\\\/fesol-de-lull-ros\\\/#primaryimage\",\"url\":\"https:\\\/\\\/visitemporda.com\\\/wp-content\\\/uploads\\\/2025\\\/04\\\/Mel.FonsCCAE-6-scaled.jpg\",\"contentUrl\":\"https:\\\/\\\/visitemporda.com\\\/wp-content\\\/uploads\\\/2025\\\/04\\\/Mel.FonsCCAE-6-scaled.jpg\",\"width\":2560,\"height\":1792,\"caption\":\"bol de mel amb un rajol\u00ed que cau de mel\"},{\"@type\":\"BreadcrumbList\",\"@id\":\"https:\\\/\\\/visitemporda.com\\\/es\\\/planifica\\\/el-gust-de-lemporda\\\/marca-de-garantia-productes-de-lemporda\\\/fesol-de-lull-ros\\\/#breadcrumb\",\"itemListElement\":[{\"@type\":\"ListItem\",\"position\":1,\"name\":\"Inici\",\"item\":\"https:\\\/\\\/visitemporda.com\\\/es\\\/\"},{\"@type\":\"ListItem\",\"position\":2,\"name\":\"Planifica\",\"item\":\"https:\\\/\\\/visitemporda.com\\\/es\\\/planifica\\\/\"},{\"@type\":\"ListItem\",\"position\":3,\"name\":\"El sabor de l&#8217;Empord\u00e0\",\"item\":\"https:\\\/\\\/visitemporda.com\\\/es\\\/planifica\\\/el-gust-de-lemporda\\\/\"},{\"@type\":\"ListItem\",\"position\":4,\"name\":\"Marca de Garant\u00eda Productos de L\u2019Empord\u00e0\",\"item\":\"https:\\\/\\\/visitemporda.com\\\/es\\\/planifica\\\/el-gust-de-lemporda\\\/marca-de-garantia-productes-de-lemporda\\\/\"},{\"@type\":\"ListItem\",\"position\":5,\"name\":\"Miel de l&#8217;Empord\u00e0\"}]},{\"@type\":\"WebSite\",\"@id\":\"https:\\\/\\\/visitemporda.com\\\/es\\\/#website\",\"url\":\"https:\\\/\\\/visitemporda.com\\\/es\\\/\",\"name\":\"Visit Empord\u00e0\",\"description\":\"Web tur\u00edstica oficial del Baix Empord\u00e0\",\"publisher\":{\"@id\":\"https:\\\/\\\/visitemporda.com\\\/es\\\/#organization\"},\"potentialAction\":[{\"@type\":\"SearchAction\",\"target\":{\"@type\":\"EntryPoint\",\"urlTemplate\":\"https:\\\/\\\/visitemporda.com\\\/es\\\/?s={search_term_string}\"},\"query-input\":{\"@type\":\"PropertyValueSpecification\",\"valueRequired\":true,\"valueName\":\"search_term_string\"}}],\"inLanguage\":\"es\"},{\"@type\":\"Organization\",\"@id\":\"https:\\\/\\\/visitemporda.com\\\/es\\\/#organization\",\"name\":\"Consell Comarcal del Baix Empord\u00e0\",\"url\":\"https:\\\/\\\/visitemporda.com\\\/es\\\/\",\"logo\":{\"@type\":\"ImageObject\",\"inLanguage\":\"es\",\"@id\":\"https:\\\/\\\/visitemporda.com\\\/es\\\/#\\\/schema\\\/logo\\\/image\\\/\",\"url\":\"https:\\\/\\\/visitemporda.com\\\/wp-content\\\/uploads\\\/2024\\\/11\\\/Logotip_CCBE.png\",\"contentUrl\":\"https:\\\/\\\/visitemporda.com\\\/wp-content\\\/uploads\\\/2024\\\/11\\\/Logotip_CCBE.png\",\"width\":3617,\"height\":3617,\"caption\":\"Consell Comarcal del Baix Empord\u00e0\"},\"image\":{\"@id\":\"https:\\\/\\\/visitemporda.com\\\/es\\\/#\\\/schema\\\/logo\\\/image\\\/\"},\"sameAs\":[\"https:\\\/\\\/www.facebook.com\\\/baixempordaturisme\",\"https:\\\/\\\/x.com\\\/baixemporda_tur\",\"https:\\\/\\\/www.instagram.com\\\/visitemporda\"]}]}<\/script>\n<!-- \/ Yoast SEO plugin. -->","yoast_head_json":{"title":"Miel de l'Empord\u00e0 - Visit Empord\u00e0","robots":{"index":"index","follow":"follow","max-snippet":"max-snippet:-1","max-image-preview":"max-image-preview:large","max-video-preview":"max-video-preview:-1"},"canonical":"https:\/\/visitemporda.com\/es\/planifica\/el-gust-de-lemporda\/marca-de-garantia-productes-de-lemporda\/fesol-de-lull-ros\/","og_locale":"es_ES","og_type":"article","og_title":"Miel de l'Empord\u00e0 - Visit Empord\u00e0","og_description":"Se entiende por miel la sustancia natural dulce producida por la abeja Apis mellifera a partir del n\u00e9ctar de plantas o de secreciones de partes vivas de plantas o de excreciones de insectos chupadores presentes en las partes vivas de las plantas, que las abejas recolectan y transforman combin\u00e1ndola con sustancias espec\u00edficas propias y depositan, [&hellip;]","og_url":"https:\/\/visitemporda.com\/es\/planifica\/el-gust-de-lemporda\/marca-de-garantia-productes-de-lemporda\/fesol-de-lull-ros\/","og_site_name":"Visit Empord\u00e0","article_publisher":"https:\/\/www.facebook.com\/baixempordaturisme","article_modified_time":"2025-04-17T07:00:08+00:00","og_image":[{"width":2560,"height":1792,"url":"https:\/\/visitemporda.com\/wp-content\/uploads\/2025\/04\/Mel.FonsCCAE-6-scaled.jpg","type":"image\/jpeg"}],"twitter_card":"summary_large_image","twitter_site":"@baixemporda_tur","twitter_misc":{"Tiempo de lectura":"2 minutos"},"schema":{"@context":"https:\/\/schema.org","@graph":[{"@type":"WebPage","@id":"https:\/\/visitemporda.com\/es\/planifica\/el-gust-de-lemporda\/marca-de-garantia-productes-de-lemporda\/fesol-de-lull-ros\/","url":"https:\/\/visitemporda.com\/es\/planifica\/el-gust-de-lemporda\/marca-de-garantia-productes-de-lemporda\/fesol-de-lull-ros\/","name":"Miel de l'Empord\u00e0 - Visit Empord\u00e0","isPartOf":{"@id":"https:\/\/visitemporda.com\/es\/#website"},"primaryImageOfPage":{"@id":"https:\/\/visitemporda.com\/es\/planifica\/el-gust-de-lemporda\/marca-de-garantia-productes-de-lemporda\/fesol-de-lull-ros\/#primaryimage"},"image":{"@id":"https:\/\/visitemporda.com\/es\/planifica\/el-gust-de-lemporda\/marca-de-garantia-productes-de-lemporda\/fesol-de-lull-ros\/#primaryimage"},"thumbnailUrl":"https:\/\/visitemporda.com\/wp-content\/uploads\/2025\/04\/Mel.FonsCCAE-6-scaled.jpg","datePublished":"2019-08-07T06:59:21+00:00","dateModified":"2025-04-17T07:00:08+00:00","breadcrumb":{"@id":"https:\/\/visitemporda.com\/es\/planifica\/el-gust-de-lemporda\/marca-de-garantia-productes-de-lemporda\/fesol-de-lull-ros\/#breadcrumb"},"inLanguage":"es","potentialAction":[{"@type":"ReadAction","target":["https:\/\/visitemporda.com\/es\/planifica\/el-gust-de-lemporda\/marca-de-garantia-productes-de-lemporda\/fesol-de-lull-ros\/"]}]},{"@type":"ImageObject","inLanguage":"es","@id":"https:\/\/visitemporda.com\/es\/planifica\/el-gust-de-lemporda\/marca-de-garantia-productes-de-lemporda\/fesol-de-lull-ros\/#primaryimage","url":"https:\/\/visitemporda.com\/wp-content\/uploads\/2025\/04\/Mel.FonsCCAE-6-scaled.jpg","contentUrl":"https:\/\/visitemporda.com\/wp-content\/uploads\/2025\/04\/Mel.FonsCCAE-6-scaled.jpg","width":2560,"height":1792,"caption":"bol de mel amb un rajol\u00ed que cau de mel"},{"@type":"BreadcrumbList","@id":"https:\/\/visitemporda.com\/es\/planifica\/el-gust-de-lemporda\/marca-de-garantia-productes-de-lemporda\/fesol-de-lull-ros\/#breadcrumb","itemListElement":[{"@type":"ListItem","position":1,"name":"Inici","item":"https:\/\/visitemporda.com\/es\/"},{"@type":"ListItem","position":2,"name":"Planifica","item":"https:\/\/visitemporda.com\/es\/planifica\/"},{"@type":"ListItem","position":3,"name":"El sabor de l&#8217;Empord\u00e0","item":"https:\/\/visitemporda.com\/es\/planifica\/el-gust-de-lemporda\/"},{"@type":"ListItem","position":4,"name":"Marca de Garant\u00eda Productos de L\u2019Empord\u00e0","item":"https:\/\/visitemporda.com\/es\/planifica\/el-gust-de-lemporda\/marca-de-garantia-productes-de-lemporda\/"},{"@type":"ListItem","position":5,"name":"Miel de l&#8217;Empord\u00e0"}]},{"@type":"WebSite","@id":"https:\/\/visitemporda.com\/es\/#website","url":"https:\/\/visitemporda.com\/es\/","name":"Visit Empord\u00e0","description":"Web tur\u00edstica oficial del Baix Empord\u00e0","publisher":{"@id":"https:\/\/visitemporda.com\/es\/#organization"},"potentialAction":[{"@type":"SearchAction","target":{"@type":"EntryPoint","urlTemplate":"https:\/\/visitemporda.com\/es\/?s={search_term_string}"},"query-input":{"@type":"PropertyValueSpecification","valueRequired":true,"valueName":"search_term_string"}}],"inLanguage":"es"},{"@type":"Organization","@id":"https:\/\/visitemporda.com\/es\/#organization","name":"Consell Comarcal del Baix Empord\u00e0","url":"https:\/\/visitemporda.com\/es\/","logo":{"@type":"ImageObject","inLanguage":"es","@id":"https:\/\/visitemporda.com\/es\/#\/schema\/logo\/image\/","url":"https:\/\/visitemporda.com\/wp-content\/uploads\/2024\/11\/Logotip_CCBE.png","contentUrl":"https:\/\/visitemporda.com\/wp-content\/uploads\/2024\/11\/Logotip_CCBE.png","width":3617,"height":3617,"caption":"Consell Comarcal del Baix Empord\u00e0"},"image":{"@id":"https:\/\/visitemporda.com\/es\/#\/schema\/logo\/image\/"},"sameAs":["https:\/\/www.facebook.com\/baixempordaturisme","https:\/\/x.com\/baixemporda_tur","https:\/\/www.instagram.com\/visitemporda"]}]}},"_links":{"self":[{"href":"https:\/\/visitemporda.com\/es\/wp-json\/wp\/v2\/pages\/20432","targetHints":{"allow":["GET"]}}],"collection":[{"href":"https:\/\/visitemporda.com\/es\/wp-json\/wp\/v2\/pages"}],"about":[{"href":"https:\/\/visitemporda.com\/es\/wp-json\/wp\/v2\/types\/page"}],"author":[{"embeddable":true,"href":"https:\/\/visitemporda.com\/es\/wp-json\/wp\/v2\/users\/2"}],"replies":[{"embeddable":true,"href":"https:\/\/visitemporda.com\/es\/wp-json\/wp\/v2\/comments?post=20432"}],"version-history":[{"count":5,"href":"https:\/\/visitemporda.com\/es\/wp-json\/wp\/v2\/pages\/20432\/revisions"}],"predecessor-version":[{"id":50024,"href":"https:\/\/visitemporda.com\/es\/wp-json\/wp\/v2\/pages\/20432\/revisions\/50024"}],"up":[{"embeddable":true,"href":"https:\/\/visitemporda.com\/es\/wp-json\/wp\/v2\/pages\/20420"}],"wp:featuredmedia":[{"embeddable":true,"href":"https:\/\/visitemporda.com\/es\/wp-json\/wp\/v2\/media\/50018"}],"wp:attachment":[{"href":"https:\/\/visitemporda.com\/es\/wp-json\/wp\/v2\/media?parent=20432"}],"curies":[{"name":"wp","href":"https:\/\/api.w.org\/{rel}","templated":true}]}}