

{"id":20429,"date":"2019-08-07T08:58:49","date_gmt":"2019-08-07T06:58:49","guid":{"rendered":"http:\/\/visitemporda.com\/recomendaciones\/el-gust-de-lemporda\/marca-de-garantia-productes-de-lemporda\/ceba-de-figueres\/"},"modified":"2021-05-18T22:39:59","modified_gmt":"2021-05-18T20:39:59","slug":"ceba-de-figueres","status":"publish","type":"page","link":"https:\/\/visitemporda.com\/es\/planifica\/el-gust-de-lemporda\/marca-de-garantia-productes-de-lemporda\/ceba-de-figueres\/","title":{"rendered":"Cebolla de Figueres"},"content":{"rendered":"<p class=\"p1\"><span class=\"s1\">Cebolla producida en l\u2019Empord\u00e0 que debe sus caracter\u00edsticas a las condiciones clim\u00e1ticas y geogr\u00e1ficas de la zona. Su sabor es dulce y su consistencia blanda. <\/span><\/p>\n<p class=\"p3\"><span class=\"s1\">EPOCA DE SIEMBRA<br \/>\nDiciembre y enero.<\/span><\/p>\n<p class=\"p3\"><span class=\"s1\">EPOCA DE RECOLECCI\u00d3N<br \/>\nDe junio a julio.<\/span><\/p>\n<p class=\"p3\"><span class=\"s1\">CARACTER\u00cdSTICAS DEL PRODUCTO<br \/>\nTiene un color dorado, un poco liloso y su forma es un poco aplanada.<\/span><\/p>\n<p class=\"p3\"><span class=\"s1\">ENVASE<br \/>\nA peso.<\/span><\/p>\n<p class=\"p3\"><span class=\"s1\">CONSERVACI\u00d3N<br \/>\nCaja de 10, 12 y 15 kg o en bolsa.<\/span><\/p>\n","protected":false},"excerpt":{"rendered":"<p>Cebolla producida en l\u2019Empord\u00e0 que debe sus caracter\u00edsticas a las condiciones clim\u00e1ticas y geogr\u00e1ficas de la zona. Su sabor es dulce y su consistencia blanda. EPOCA DE SIEMBRA Diciembre y enero. EPOCA DE RECOLECCI\u00d3N De junio a julio. CARACTER\u00cdSTICAS DEL PRODUCTO Tiene un color dorado, un poco liloso y su forma es un poco aplanada. [&hellip;]<\/p>\n","protected":false},"author":2,"featured_media":6714,"parent":20420,"menu_order":0,"comment_status":"closed","ping_status":"closed","template":"page-templates\/fitxa-campanyes-gastronomiques.php","meta":{"_acf_changed":false,"footnotes":""},"class_list":["post-20429","page","type-page","status-publish","has-post-thumbnail","hentry"],"acf":[],"yoast_head":"<!-- This site is optimized with the Yoast SEO plugin v27.4 - https:\/\/yoast.com\/product\/yoast-seo-wordpress\/ -->\n<title>Cebolla de Figueres - Visit Empord\u00e0<\/title>\n<meta name=\"robots\" content=\"index, follow, max-snippet:-1, max-image-preview:large, max-video-preview:-1\" \/>\n<link rel=\"canonical\" href=\"https:\/\/visitemporda.com\/es\/planifica\/el-gust-de-lemporda\/marca-de-garantia-productes-de-lemporda\/ceba-de-figueres\/\" \/>\n<meta property=\"og:locale\" content=\"es_ES\" \/>\n<meta property=\"og:type\" content=\"article\" \/>\n<meta property=\"og:title\" content=\"Cebolla de Figueres - Visit Empord\u00e0\" \/>\n<meta property=\"og:description\" content=\"Cebolla producida en l\u2019Empord\u00e0 que debe sus caracter\u00edsticas a las condiciones clim\u00e1ticas y geogr\u00e1ficas de la zona. Su sabor es dulce y su consistencia blanda. EPOCA DE SIEMBRA Diciembre y enero. EPOCA DE RECOLECCI\u00d3N De junio a julio. CARACTER\u00cdSTICAS DEL PRODUCTO Tiene un color dorado, un poco liloso y su forma es un poco aplanada. [&hellip;]\" \/>\n<meta property=\"og:url\" content=\"https:\/\/visitemporda.com\/es\/planifica\/el-gust-de-lemporda\/marca-de-garantia-productes-de-lemporda\/ceba-de-figueres\/\" \/>\n<meta property=\"og:site_name\" content=\"Visit Empord\u00e0\" \/>\n<meta property=\"article:publisher\" content=\"https:\/\/www.facebook.com\/baixempordaturisme\" \/>\n<meta property=\"article:modified_time\" content=\"2021-05-18T20:39:59+00:00\" \/>\n<meta property=\"og:image\" content=\"https:\/\/visitemporda.com\/wp-content\/uploads\/2019\/08\/ceba-alt.jpg\" \/>\n\t<meta property=\"og:image:width\" content=\"1178\" \/>\n\t<meta property=\"og:image:height\" content=\"1178\" \/>\n\t<meta property=\"og:image:type\" content=\"image\/jpeg\" \/>\n<meta name=\"twitter:card\" content=\"summary_large_image\" \/>\n<meta name=\"twitter:site\" content=\"@baixemporda_tur\" \/>\n<script type=\"application\/ld+json\" class=\"yoast-schema-graph\">{\"@context\":\"https:\\\/\\\/schema.org\",\"@graph\":[{\"@type\":\"WebPage\",\"@id\":\"https:\\\/\\\/visitemporda.com\\\/es\\\/planifica\\\/el-gust-de-lemporda\\\/marca-de-garantia-productes-de-lemporda\\\/ceba-de-figueres\\\/\",\"url\":\"https:\\\/\\\/visitemporda.com\\\/es\\\/planifica\\\/el-gust-de-lemporda\\\/marca-de-garantia-productes-de-lemporda\\\/ceba-de-figueres\\\/\",\"name\":\"Cebolla de Figueres - Visit Empord\u00e0\",\"isPartOf\":{\"@id\":\"https:\\\/\\\/visitemporda.com\\\/es\\\/#website\"},\"primaryImageOfPage\":{\"@id\":\"https:\\\/\\\/visitemporda.com\\\/es\\\/planifica\\\/el-gust-de-lemporda\\\/marca-de-garantia-productes-de-lemporda\\\/ceba-de-figueres\\\/#primaryimage\"},\"image\":{\"@id\":\"https:\\\/\\\/visitemporda.com\\\/es\\\/planifica\\\/el-gust-de-lemporda\\\/marca-de-garantia-productes-de-lemporda\\\/ceba-de-figueres\\\/#primaryimage\"},\"thumbnailUrl\":\"https:\\\/\\\/visitemporda.com\\\/wp-content\\\/uploads\\\/2019\\\/08\\\/ceba-alt.jpg\",\"datePublished\":\"2019-08-07T06:58:49+00:00\",\"dateModified\":\"2021-05-18T20:39:59+00:00\",\"breadcrumb\":{\"@id\":\"https:\\\/\\\/visitemporda.com\\\/es\\\/planifica\\\/el-gust-de-lemporda\\\/marca-de-garantia-productes-de-lemporda\\\/ceba-de-figueres\\\/#breadcrumb\"},\"inLanguage\":\"es\",\"potentialAction\":[{\"@type\":\"ReadAction\",\"target\":[\"https:\\\/\\\/visitemporda.com\\\/es\\\/planifica\\\/el-gust-de-lemporda\\\/marca-de-garantia-productes-de-lemporda\\\/ceba-de-figueres\\\/\"]}]},{\"@type\":\"ImageObject\",\"inLanguage\":\"es\",\"@id\":\"https:\\\/\\\/visitemporda.com\\\/es\\\/planifica\\\/el-gust-de-lemporda\\\/marca-de-garantia-productes-de-lemporda\\\/ceba-de-figueres\\\/#primaryimage\",\"url\":\"https:\\\/\\\/visitemporda.com\\\/wp-content\\\/uploads\\\/2019\\\/08\\\/ceba-alt.jpg\",\"contentUrl\":\"https:\\\/\\\/visitemporda.com\\\/wp-content\\\/uploads\\\/2019\\\/08\\\/ceba-alt.jpg\",\"width\":1178,\"height\":1178,\"caption\":\"cebes de Figueres\"},{\"@type\":\"BreadcrumbList\",\"@id\":\"https:\\\/\\\/visitemporda.com\\\/es\\\/planifica\\\/el-gust-de-lemporda\\\/marca-de-garantia-productes-de-lemporda\\\/ceba-de-figueres\\\/#breadcrumb\",\"itemListElement\":[{\"@type\":\"ListItem\",\"position\":1,\"name\":\"Inici\",\"item\":\"https:\\\/\\\/visitemporda.com\\\/es\\\/\"},{\"@type\":\"ListItem\",\"position\":2,\"name\":\"Planifica\",\"item\":\"https:\\\/\\\/visitemporda.com\\\/es\\\/planifica\\\/\"},{\"@type\":\"ListItem\",\"position\":3,\"name\":\"El sabor de l&#8217;Empord\u00e0\",\"item\":\"https:\\\/\\\/visitemporda.com\\\/es\\\/planifica\\\/el-gust-de-lemporda\\\/\"},{\"@type\":\"ListItem\",\"position\":4,\"name\":\"Marca de Garant\u00eda Productos de L\u2019Empord\u00e0\",\"item\":\"https:\\\/\\\/visitemporda.com\\\/es\\\/planifica\\\/el-gust-de-lemporda\\\/marca-de-garantia-productes-de-lemporda\\\/\"},{\"@type\":\"ListItem\",\"position\":5,\"name\":\"Cebolla de Figueres\"}]},{\"@type\":\"WebSite\",\"@id\":\"https:\\\/\\\/visitemporda.com\\\/es\\\/#website\",\"url\":\"https:\\\/\\\/visitemporda.com\\\/es\\\/\",\"name\":\"Visit Empord\u00e0\",\"description\":\"Web tur\u00edstica oficial del Baix Empord\u00e0\",\"publisher\":{\"@id\":\"https:\\\/\\\/visitemporda.com\\\/es\\\/#organization\"},\"potentialAction\":[{\"@type\":\"SearchAction\",\"target\":{\"@type\":\"EntryPoint\",\"urlTemplate\":\"https:\\\/\\\/visitemporda.com\\\/es\\\/?s={search_term_string}\"},\"query-input\":{\"@type\":\"PropertyValueSpecification\",\"valueRequired\":true,\"valueName\":\"search_term_string\"}}],\"inLanguage\":\"es\"},{\"@type\":\"Organization\",\"@id\":\"https:\\\/\\\/visitemporda.com\\\/es\\\/#organization\",\"name\":\"Consell Comarcal del Baix Empord\u00e0\",\"url\":\"https:\\\/\\\/visitemporda.com\\\/es\\\/\",\"logo\":{\"@type\":\"ImageObject\",\"inLanguage\":\"es\",\"@id\":\"https:\\\/\\\/visitemporda.com\\\/es\\\/#\\\/schema\\\/logo\\\/image\\\/\",\"url\":\"https:\\\/\\\/visitemporda.com\\\/wp-content\\\/uploads\\\/2024\\\/11\\\/Logotip_CCBE.png\",\"contentUrl\":\"https:\\\/\\\/visitemporda.com\\\/wp-content\\\/uploads\\\/2024\\\/11\\\/Logotip_CCBE.png\",\"width\":3617,\"height\":3617,\"caption\":\"Consell Comarcal del Baix Empord\u00e0\"},\"image\":{\"@id\":\"https:\\\/\\\/visitemporda.com\\\/es\\\/#\\\/schema\\\/logo\\\/image\\\/\"},\"sameAs\":[\"https:\\\/\\\/www.facebook.com\\\/baixempordaturisme\",\"https:\\\/\\\/x.com\\\/baixemporda_tur\",\"https:\\\/\\\/www.instagram.com\\\/visitemporda\"]}]}<\/script>\n<!-- \/ Yoast SEO plugin. -->","yoast_head_json":{"title":"Cebolla de Figueres - Visit Empord\u00e0","robots":{"index":"index","follow":"follow","max-snippet":"max-snippet:-1","max-image-preview":"max-image-preview:large","max-video-preview":"max-video-preview:-1"},"canonical":"https:\/\/visitemporda.com\/es\/planifica\/el-gust-de-lemporda\/marca-de-garantia-productes-de-lemporda\/ceba-de-figueres\/","og_locale":"es_ES","og_type":"article","og_title":"Cebolla de Figueres - Visit Empord\u00e0","og_description":"Cebolla producida en l\u2019Empord\u00e0 que debe sus caracter\u00edsticas a las condiciones clim\u00e1ticas y geogr\u00e1ficas de la zona. Su sabor es dulce y su consistencia blanda. EPOCA DE SIEMBRA Diciembre y enero. EPOCA DE RECOLECCI\u00d3N De junio a julio. CARACTER\u00cdSTICAS DEL PRODUCTO Tiene un color dorado, un poco liloso y su forma es un poco aplanada. [&hellip;]","og_url":"https:\/\/visitemporda.com\/es\/planifica\/el-gust-de-lemporda\/marca-de-garantia-productes-de-lemporda\/ceba-de-figueres\/","og_site_name":"Visit Empord\u00e0","article_publisher":"https:\/\/www.facebook.com\/baixempordaturisme","article_modified_time":"2021-05-18T20:39:59+00:00","og_image":[{"width":1178,"height":1178,"url":"https:\/\/visitemporda.com\/wp-content\/uploads\/2019\/08\/ceba-alt.jpg","type":"image\/jpeg"}],"twitter_card":"summary_large_image","twitter_site":"@baixemporda_tur","schema":{"@context":"https:\/\/schema.org","@graph":[{"@type":"WebPage","@id":"https:\/\/visitemporda.com\/es\/planifica\/el-gust-de-lemporda\/marca-de-garantia-productes-de-lemporda\/ceba-de-figueres\/","url":"https:\/\/visitemporda.com\/es\/planifica\/el-gust-de-lemporda\/marca-de-garantia-productes-de-lemporda\/ceba-de-figueres\/","name":"Cebolla de Figueres - Visit Empord\u00e0","isPartOf":{"@id":"https:\/\/visitemporda.com\/es\/#website"},"primaryImageOfPage":{"@id":"https:\/\/visitemporda.com\/es\/planifica\/el-gust-de-lemporda\/marca-de-garantia-productes-de-lemporda\/ceba-de-figueres\/#primaryimage"},"image":{"@id":"https:\/\/visitemporda.com\/es\/planifica\/el-gust-de-lemporda\/marca-de-garantia-productes-de-lemporda\/ceba-de-figueres\/#primaryimage"},"thumbnailUrl":"https:\/\/visitemporda.com\/wp-content\/uploads\/2019\/08\/ceba-alt.jpg","datePublished":"2019-08-07T06:58:49+00:00","dateModified":"2021-05-18T20:39:59+00:00","breadcrumb":{"@id":"https:\/\/visitemporda.com\/es\/planifica\/el-gust-de-lemporda\/marca-de-garantia-productes-de-lemporda\/ceba-de-figueres\/#breadcrumb"},"inLanguage":"es","potentialAction":[{"@type":"ReadAction","target":["https:\/\/visitemporda.com\/es\/planifica\/el-gust-de-lemporda\/marca-de-garantia-productes-de-lemporda\/ceba-de-figueres\/"]}]},{"@type":"ImageObject","inLanguage":"es","@id":"https:\/\/visitemporda.com\/es\/planifica\/el-gust-de-lemporda\/marca-de-garantia-productes-de-lemporda\/ceba-de-figueres\/#primaryimage","url":"https:\/\/visitemporda.com\/wp-content\/uploads\/2019\/08\/ceba-alt.jpg","contentUrl":"https:\/\/visitemporda.com\/wp-content\/uploads\/2019\/08\/ceba-alt.jpg","width":1178,"height":1178,"caption":"cebes de Figueres"},{"@type":"BreadcrumbList","@id":"https:\/\/visitemporda.com\/es\/planifica\/el-gust-de-lemporda\/marca-de-garantia-productes-de-lemporda\/ceba-de-figueres\/#breadcrumb","itemListElement":[{"@type":"ListItem","position":1,"name":"Inici","item":"https:\/\/visitemporda.com\/es\/"},{"@type":"ListItem","position":2,"name":"Planifica","item":"https:\/\/visitemporda.com\/es\/planifica\/"},{"@type":"ListItem","position":3,"name":"El sabor de l&#8217;Empord\u00e0","item":"https:\/\/visitemporda.com\/es\/planifica\/el-gust-de-lemporda\/"},{"@type":"ListItem","position":4,"name":"Marca de Garant\u00eda Productos de L\u2019Empord\u00e0","item":"https:\/\/visitemporda.com\/es\/planifica\/el-gust-de-lemporda\/marca-de-garantia-productes-de-lemporda\/"},{"@type":"ListItem","position":5,"name":"Cebolla de Figueres"}]},{"@type":"WebSite","@id":"https:\/\/visitemporda.com\/es\/#website","url":"https:\/\/visitemporda.com\/es\/","name":"Visit Empord\u00e0","description":"Web tur\u00edstica oficial del Baix Empord\u00e0","publisher":{"@id":"https:\/\/visitemporda.com\/es\/#organization"},"potentialAction":[{"@type":"SearchAction","target":{"@type":"EntryPoint","urlTemplate":"https:\/\/visitemporda.com\/es\/?s={search_term_string}"},"query-input":{"@type":"PropertyValueSpecification","valueRequired":true,"valueName":"search_term_string"}}],"inLanguage":"es"},{"@type":"Organization","@id":"https:\/\/visitemporda.com\/es\/#organization","name":"Consell Comarcal del Baix Empord\u00e0","url":"https:\/\/visitemporda.com\/es\/","logo":{"@type":"ImageObject","inLanguage":"es","@id":"https:\/\/visitemporda.com\/es\/#\/schema\/logo\/image\/","url":"https:\/\/visitemporda.com\/wp-content\/uploads\/2024\/11\/Logotip_CCBE.png","contentUrl":"https:\/\/visitemporda.com\/wp-content\/uploads\/2024\/11\/Logotip_CCBE.png","width":3617,"height":3617,"caption":"Consell Comarcal del Baix Empord\u00e0"},"image":{"@id":"https:\/\/visitemporda.com\/es\/#\/schema\/logo\/image\/"},"sameAs":["https:\/\/www.facebook.com\/baixempordaturisme","https:\/\/x.com\/baixemporda_tur","https:\/\/www.instagram.com\/visitemporda"]}]}},"_links":{"self":[{"href":"https:\/\/visitemporda.com\/es\/wp-json\/wp\/v2\/pages\/20429","targetHints":{"allow":["GET"]}}],"collection":[{"href":"https:\/\/visitemporda.com\/es\/wp-json\/wp\/v2\/pages"}],"about":[{"href":"https:\/\/visitemporda.com\/es\/wp-json\/wp\/v2\/types\/page"}],"author":[{"embeddable":true,"href":"https:\/\/visitemporda.com\/es\/wp-json\/wp\/v2\/users\/2"}],"replies":[{"embeddable":true,"href":"https:\/\/visitemporda.com\/es\/wp-json\/wp\/v2\/comments?post=20429"}],"version-history":[{"count":3,"href":"https:\/\/visitemporda.com\/es\/wp-json\/wp\/v2\/pages\/20429\/revisions"}],"predecessor-version":[{"id":30313,"href":"https:\/\/visitemporda.com\/es\/wp-json\/wp\/v2\/pages\/20429\/revisions\/30313"}],"up":[{"embeddable":true,"href":"https:\/\/visitemporda.com\/es\/wp-json\/wp\/v2\/pages\/20420"}],"wp:featuredmedia":[{"embeddable":true,"href":"https:\/\/visitemporda.com\/es\/wp-json\/wp\/v2\/media\/6714"}],"wp:attachment":[{"href":"https:\/\/visitemporda.com\/es\/wp-json\/wp\/v2\/media?parent=20429"}],"curies":[{"name":"wp","href":"https:\/\/api.w.org\/{rel}","templated":true}]}}