

{"id":20425,"date":"2019-08-07T08:54:03","date_gmt":"2019-08-07T06:54:03","guid":{"rendered":"http:\/\/visitemporda.com\/recomendaciones\/el-gust-de-lemporda\/marca-de-garantia-productes-de-lemporda\/arros-de-pals\/"},"modified":"2021-05-18T22:32:45","modified_gmt":"2021-05-18T20:32:45","slug":"arros-de-pals","status":"publish","type":"page","link":"https:\/\/visitemporda.com\/es\/planifica\/el-gust-de-lemporda\/marca-de-garantia-productes-de-lemporda\/arros-de-pals\/","title":{"rendered":"Arroz de Pals"},"content":{"rendered":"<p class=\"p1\"><span class=\"s1\">Arroz producido en l&#8217;Empord\u00e0 que se comercializa bajo la marca \u201cArroz de Pals\u201d, de calidad extra y que se presenta de forma envasada. Es ideal para todo tipo de platos especialmente para cocinar arroz a la cazuela, plato t\u00edpico ampurdan\u00e9s, ya que no se pasta y queda poco cocido.<\/span><\/p>\n<p class=\"p2\"><span class=\"s1\">\u00c9POCA DE SIEMBRA<br \/>\nDe finales de abril a principios de mayo.<\/span><\/p>\n<p class=\"p2\"><span class=\"s1\">\u00c9POCA DE RECOLECCI\u00d3N<br \/>\nDe finales de septiembre a finales de octubre.<\/span><\/p>\n<p class=\"p2\"><span class=\"s1\">CARACTER\u00cdSTICAS DEL PRODUCTO<br \/>\nLa resistencia del grano una vez cocido.<\/span><\/p>\n<p class=\"p2\"><span class=\"s1\">VARIETATS<br \/>\nBah\u00eda, Tebre, Senia, Carnaroli, Bomba, Nembo, Loto, Thaibonnet, y Montsianell.<\/span><\/p>\n<p class=\"p2\"><span class=\"s1\">ENVASE<br \/>\nBolsa de pl\u00e1stico normal y envasado al vac\u00edo de 1 y 5 kg.<\/span><\/p>\n<p class=\"p1\"><span class=\"s1\">CONSERVACI\u00d3N<br \/>\nProteger de la luz solar, conservar en lugar fresco y seco.<\/span><\/p>\n<p>&nbsp;<\/p>\n","protected":false},"excerpt":{"rendered":"<p>Arroz producido en l&#8217;Empord\u00e0 que se comercializa bajo la marca \u201cArroz de Pals\u201d, de calidad extra y que se presenta de forma envasada. Es ideal para todo tipo de platos especialmente para cocinar arroz a la cazuela, plato t\u00edpico ampurdan\u00e9s, ya que no se pasta y queda poco cocido. \u00c9POCA DE SIEMBRA De finales de [&hellip;]<\/p>\n","protected":false},"author":2,"featured_media":6702,"parent":20420,"menu_order":0,"comment_status":"closed","ping_status":"closed","template":"page-templates\/fitxa-campanyes-gastronomiques.php","meta":{"_acf_changed":false,"footnotes":""},"class_list":["post-20425","page","type-page","status-publish","has-post-thumbnail","hentry"],"acf":[],"yoast_head":"<!-- This site is optimized with the Yoast SEO plugin v27.4 - https:\/\/yoast.com\/product\/yoast-seo-wordpress\/ -->\n<title>Arroz de Pals - Visit Empord\u00e0<\/title>\n<meta name=\"robots\" content=\"index, follow, max-snippet:-1, max-image-preview:large, max-video-preview:-1\" \/>\n<link rel=\"canonical\" href=\"https:\/\/visitemporda.com\/es\/planifica\/el-gust-de-lemporda\/marca-de-garantia-productes-de-lemporda\/arros-de-pals\/\" \/>\n<meta property=\"og:locale\" content=\"es_ES\" \/>\n<meta property=\"og:type\" content=\"article\" \/>\n<meta property=\"og:title\" content=\"Arroz de Pals - Visit Empord\u00e0\" \/>\n<meta property=\"og:description\" content=\"Arroz producido en l&#8217;Empord\u00e0 que se comercializa bajo la marca \u201cArroz de Pals\u201d, de calidad extra y que se presenta de forma envasada. Es ideal para todo tipo de platos especialmente para cocinar arroz a la cazuela, plato t\u00edpico ampurdan\u00e9s, ya que no se pasta y queda poco cocido. \u00c9POCA DE SIEMBRA De finales de [&hellip;]\" \/>\n<meta property=\"og:url\" content=\"https:\/\/visitemporda.com\/es\/planifica\/el-gust-de-lemporda\/marca-de-garantia-productes-de-lemporda\/arros-de-pals\/\" \/>\n<meta property=\"og:site_name\" content=\"Visit Empord\u00e0\" \/>\n<meta property=\"article:publisher\" content=\"https:\/\/www.facebook.com\/baixempordaturisme\" \/>\n<meta property=\"article:modified_time\" content=\"2021-05-18T20:32:45+00:00\" \/>\n<meta property=\"og:image\" content=\"https:\/\/visitemporda.com\/wp-content\/uploads\/2019\/08\/arr\u00f2s-de-Pals-1024x768.jpg\" \/>\n\t<meta property=\"og:image:width\" content=\"1024\" \/>\n\t<meta property=\"og:image:height\" content=\"768\" \/>\n\t<meta property=\"og:image:type\" content=\"image\/jpeg\" \/>\n<meta name=\"twitter:card\" content=\"summary_large_image\" \/>\n<meta name=\"twitter:site\" content=\"@baixemporda_tur\" \/>\n<meta name=\"twitter:label1\" content=\"Tiempo de lectura\" \/>\n\t<meta name=\"twitter:data1\" content=\"1 minuto\" \/>\n<script type=\"application\/ld+json\" class=\"yoast-schema-graph\">{\"@context\":\"https:\\\/\\\/schema.org\",\"@graph\":[{\"@type\":\"WebPage\",\"@id\":\"https:\\\/\\\/visitemporda.com\\\/es\\\/planifica\\\/el-gust-de-lemporda\\\/marca-de-garantia-productes-de-lemporda\\\/arros-de-pals\\\/\",\"url\":\"https:\\\/\\\/visitemporda.com\\\/es\\\/planifica\\\/el-gust-de-lemporda\\\/marca-de-garantia-productes-de-lemporda\\\/arros-de-pals\\\/\",\"name\":\"Arroz de Pals - Visit Empord\u00e0\",\"isPartOf\":{\"@id\":\"https:\\\/\\\/visitemporda.com\\\/es\\\/#website\"},\"primaryImageOfPage\":{\"@id\":\"https:\\\/\\\/visitemporda.com\\\/es\\\/planifica\\\/el-gust-de-lemporda\\\/marca-de-garantia-productes-de-lemporda\\\/arros-de-pals\\\/#primaryimage\"},\"image\":{\"@id\":\"https:\\\/\\\/visitemporda.com\\\/es\\\/planifica\\\/el-gust-de-lemporda\\\/marca-de-garantia-productes-de-lemporda\\\/arros-de-pals\\\/#primaryimage\"},\"thumbnailUrl\":\"https:\\\/\\\/visitemporda.com\\\/wp-content\\\/uploads\\\/2019\\\/08\\\/arr\u00f2s-de-Pals.jpg\",\"datePublished\":\"2019-08-07T06:54:03+00:00\",\"dateModified\":\"2021-05-18T20:32:45+00:00\",\"breadcrumb\":{\"@id\":\"https:\\\/\\\/visitemporda.com\\\/es\\\/planifica\\\/el-gust-de-lemporda\\\/marca-de-garantia-productes-de-lemporda\\\/arros-de-pals\\\/#breadcrumb\"},\"inLanguage\":\"es\",\"potentialAction\":[{\"@type\":\"ReadAction\",\"target\":[\"https:\\\/\\\/visitemporda.com\\\/es\\\/planifica\\\/el-gust-de-lemporda\\\/marca-de-garantia-productes-de-lemporda\\\/arros-de-pals\\\/\"]}]},{\"@type\":\"ImageObject\",\"inLanguage\":\"es\",\"@id\":\"https:\\\/\\\/visitemporda.com\\\/es\\\/planifica\\\/el-gust-de-lemporda\\\/marca-de-garantia-productes-de-lemporda\\\/arros-de-pals\\\/#primaryimage\",\"url\":\"https:\\\/\\\/visitemporda.com\\\/wp-content\\\/uploads\\\/2019\\\/08\\\/arr\u00f2s-de-Pals.jpg\",\"contentUrl\":\"https:\\\/\\\/visitemporda.com\\\/wp-content\\\/uploads\\\/2019\\\/08\\\/arr\u00f2s-de-Pals.jpg\",\"width\":2592,\"height\":1944,\"caption\":\"arr\u00f2s de Pals\"},{\"@type\":\"BreadcrumbList\",\"@id\":\"https:\\\/\\\/visitemporda.com\\\/es\\\/planifica\\\/el-gust-de-lemporda\\\/marca-de-garantia-productes-de-lemporda\\\/arros-de-pals\\\/#breadcrumb\",\"itemListElement\":[{\"@type\":\"ListItem\",\"position\":1,\"name\":\"Inici\",\"item\":\"https:\\\/\\\/visitemporda.com\\\/es\\\/\"},{\"@type\":\"ListItem\",\"position\":2,\"name\":\"Planifica\",\"item\":\"https:\\\/\\\/visitemporda.com\\\/es\\\/planifica\\\/\"},{\"@type\":\"ListItem\",\"position\":3,\"name\":\"El sabor de l&#8217;Empord\u00e0\",\"item\":\"https:\\\/\\\/visitemporda.com\\\/es\\\/planifica\\\/el-gust-de-lemporda\\\/\"},{\"@type\":\"ListItem\",\"position\":4,\"name\":\"Marca de Garant\u00eda Productos de L\u2019Empord\u00e0\",\"item\":\"https:\\\/\\\/visitemporda.com\\\/es\\\/planifica\\\/el-gust-de-lemporda\\\/marca-de-garantia-productes-de-lemporda\\\/\"},{\"@type\":\"ListItem\",\"position\":5,\"name\":\"Arroz de Pals\"}]},{\"@type\":\"WebSite\",\"@id\":\"https:\\\/\\\/visitemporda.com\\\/es\\\/#website\",\"url\":\"https:\\\/\\\/visitemporda.com\\\/es\\\/\",\"name\":\"Visit Empord\u00e0\",\"description\":\"Web tur\u00edstica oficial del Baix Empord\u00e0\",\"publisher\":{\"@id\":\"https:\\\/\\\/visitemporda.com\\\/es\\\/#organization\"},\"potentialAction\":[{\"@type\":\"SearchAction\",\"target\":{\"@type\":\"EntryPoint\",\"urlTemplate\":\"https:\\\/\\\/visitemporda.com\\\/es\\\/?s={search_term_string}\"},\"query-input\":{\"@type\":\"PropertyValueSpecification\",\"valueRequired\":true,\"valueName\":\"search_term_string\"}}],\"inLanguage\":\"es\"},{\"@type\":\"Organization\",\"@id\":\"https:\\\/\\\/visitemporda.com\\\/es\\\/#organization\",\"name\":\"Consell Comarcal del Baix Empord\u00e0\",\"url\":\"https:\\\/\\\/visitemporda.com\\\/es\\\/\",\"logo\":{\"@type\":\"ImageObject\",\"inLanguage\":\"es\",\"@id\":\"https:\\\/\\\/visitemporda.com\\\/es\\\/#\\\/schema\\\/logo\\\/image\\\/\",\"url\":\"https:\\\/\\\/visitemporda.com\\\/wp-content\\\/uploads\\\/2024\\\/11\\\/Logotip_CCBE.png\",\"contentUrl\":\"https:\\\/\\\/visitemporda.com\\\/wp-content\\\/uploads\\\/2024\\\/11\\\/Logotip_CCBE.png\",\"width\":3617,\"height\":3617,\"caption\":\"Consell Comarcal del Baix Empord\u00e0\"},\"image\":{\"@id\":\"https:\\\/\\\/visitemporda.com\\\/es\\\/#\\\/schema\\\/logo\\\/image\\\/\"},\"sameAs\":[\"https:\\\/\\\/www.facebook.com\\\/baixempordaturisme\",\"https:\\\/\\\/x.com\\\/baixemporda_tur\",\"https:\\\/\\\/www.instagram.com\\\/visitemporda\"]}]}<\/script>\n<!-- \/ Yoast SEO plugin. -->","yoast_head_json":{"title":"Arroz de Pals - Visit Empord\u00e0","robots":{"index":"index","follow":"follow","max-snippet":"max-snippet:-1","max-image-preview":"max-image-preview:large","max-video-preview":"max-video-preview:-1"},"canonical":"https:\/\/visitemporda.com\/es\/planifica\/el-gust-de-lemporda\/marca-de-garantia-productes-de-lemporda\/arros-de-pals\/","og_locale":"es_ES","og_type":"article","og_title":"Arroz de Pals - Visit Empord\u00e0","og_description":"Arroz producido en l&#8217;Empord\u00e0 que se comercializa bajo la marca \u201cArroz de Pals\u201d, de calidad extra y que se presenta de forma envasada. Es ideal para todo tipo de platos especialmente para cocinar arroz a la cazuela, plato t\u00edpico ampurdan\u00e9s, ya que no se pasta y queda poco cocido. \u00c9POCA DE SIEMBRA De finales de [&hellip;]","og_url":"https:\/\/visitemporda.com\/es\/planifica\/el-gust-de-lemporda\/marca-de-garantia-productes-de-lemporda\/arros-de-pals\/","og_site_name":"Visit Empord\u00e0","article_publisher":"https:\/\/www.facebook.com\/baixempordaturisme","article_modified_time":"2021-05-18T20:32:45+00:00","og_image":[{"width":1024,"height":768,"url":"https:\/\/visitemporda.com\/wp-content\/uploads\/2019\/08\/arr\u00f2s-de-Pals-1024x768.jpg","type":"image\/jpeg"}],"twitter_card":"summary_large_image","twitter_site":"@baixemporda_tur","twitter_misc":{"Tiempo de lectura":"1 minuto"},"schema":{"@context":"https:\/\/schema.org","@graph":[{"@type":"WebPage","@id":"https:\/\/visitemporda.com\/es\/planifica\/el-gust-de-lemporda\/marca-de-garantia-productes-de-lemporda\/arros-de-pals\/","url":"https:\/\/visitemporda.com\/es\/planifica\/el-gust-de-lemporda\/marca-de-garantia-productes-de-lemporda\/arros-de-pals\/","name":"Arroz de Pals - Visit Empord\u00e0","isPartOf":{"@id":"https:\/\/visitemporda.com\/es\/#website"},"primaryImageOfPage":{"@id":"https:\/\/visitemporda.com\/es\/planifica\/el-gust-de-lemporda\/marca-de-garantia-productes-de-lemporda\/arros-de-pals\/#primaryimage"},"image":{"@id":"https:\/\/visitemporda.com\/es\/planifica\/el-gust-de-lemporda\/marca-de-garantia-productes-de-lemporda\/arros-de-pals\/#primaryimage"},"thumbnailUrl":"https:\/\/visitemporda.com\/wp-content\/uploads\/2019\/08\/arr\u00f2s-de-Pals.jpg","datePublished":"2019-08-07T06:54:03+00:00","dateModified":"2021-05-18T20:32:45+00:00","breadcrumb":{"@id":"https:\/\/visitemporda.com\/es\/planifica\/el-gust-de-lemporda\/marca-de-garantia-productes-de-lemporda\/arros-de-pals\/#breadcrumb"},"inLanguage":"es","potentialAction":[{"@type":"ReadAction","target":["https:\/\/visitemporda.com\/es\/planifica\/el-gust-de-lemporda\/marca-de-garantia-productes-de-lemporda\/arros-de-pals\/"]}]},{"@type":"ImageObject","inLanguage":"es","@id":"https:\/\/visitemporda.com\/es\/planifica\/el-gust-de-lemporda\/marca-de-garantia-productes-de-lemporda\/arros-de-pals\/#primaryimage","url":"https:\/\/visitemporda.com\/wp-content\/uploads\/2019\/08\/arr\u00f2s-de-Pals.jpg","contentUrl":"https:\/\/visitemporda.com\/wp-content\/uploads\/2019\/08\/arr\u00f2s-de-Pals.jpg","width":2592,"height":1944,"caption":"arr\u00f2s de Pals"},{"@type":"BreadcrumbList","@id":"https:\/\/visitemporda.com\/es\/planifica\/el-gust-de-lemporda\/marca-de-garantia-productes-de-lemporda\/arros-de-pals\/#breadcrumb","itemListElement":[{"@type":"ListItem","position":1,"name":"Inici","item":"https:\/\/visitemporda.com\/es\/"},{"@type":"ListItem","position":2,"name":"Planifica","item":"https:\/\/visitemporda.com\/es\/planifica\/"},{"@type":"ListItem","position":3,"name":"El sabor de l&#8217;Empord\u00e0","item":"https:\/\/visitemporda.com\/es\/planifica\/el-gust-de-lemporda\/"},{"@type":"ListItem","position":4,"name":"Marca de Garant\u00eda Productos de L\u2019Empord\u00e0","item":"https:\/\/visitemporda.com\/es\/planifica\/el-gust-de-lemporda\/marca-de-garantia-productes-de-lemporda\/"},{"@type":"ListItem","position":5,"name":"Arroz de Pals"}]},{"@type":"WebSite","@id":"https:\/\/visitemporda.com\/es\/#website","url":"https:\/\/visitemporda.com\/es\/","name":"Visit Empord\u00e0","description":"Web tur\u00edstica oficial del Baix Empord\u00e0","publisher":{"@id":"https:\/\/visitemporda.com\/es\/#organization"},"potentialAction":[{"@type":"SearchAction","target":{"@type":"EntryPoint","urlTemplate":"https:\/\/visitemporda.com\/es\/?s={search_term_string}"},"query-input":{"@type":"PropertyValueSpecification","valueRequired":true,"valueName":"search_term_string"}}],"inLanguage":"es"},{"@type":"Organization","@id":"https:\/\/visitemporda.com\/es\/#organization","name":"Consell Comarcal del Baix Empord\u00e0","url":"https:\/\/visitemporda.com\/es\/","logo":{"@type":"ImageObject","inLanguage":"es","@id":"https:\/\/visitemporda.com\/es\/#\/schema\/logo\/image\/","url":"https:\/\/visitemporda.com\/wp-content\/uploads\/2024\/11\/Logotip_CCBE.png","contentUrl":"https:\/\/visitemporda.com\/wp-content\/uploads\/2024\/11\/Logotip_CCBE.png","width":3617,"height":3617,"caption":"Consell Comarcal del Baix Empord\u00e0"},"image":{"@id":"https:\/\/visitemporda.com\/es\/#\/schema\/logo\/image\/"},"sameAs":["https:\/\/www.facebook.com\/baixempordaturisme","https:\/\/x.com\/baixemporda_tur","https:\/\/www.instagram.com\/visitemporda"]}]}},"_links":{"self":[{"href":"https:\/\/visitemporda.com\/es\/wp-json\/wp\/v2\/pages\/20425","targetHints":{"allow":["GET"]}}],"collection":[{"href":"https:\/\/visitemporda.com\/es\/wp-json\/wp\/v2\/pages"}],"about":[{"href":"https:\/\/visitemporda.com\/es\/wp-json\/wp\/v2\/types\/page"}],"author":[{"embeddable":true,"href":"https:\/\/visitemporda.com\/es\/wp-json\/wp\/v2\/users\/2"}],"replies":[{"embeddable":true,"href":"https:\/\/visitemporda.com\/es\/wp-json\/wp\/v2\/comments?post=20425"}],"version-history":[{"count":2,"href":"https:\/\/visitemporda.com\/es\/wp-json\/wp\/v2\/pages\/20425\/revisions"}],"predecessor-version":[{"id":30301,"href":"https:\/\/visitemporda.com\/es\/wp-json\/wp\/v2\/pages\/20425\/revisions\/30301"}],"up":[{"embeddable":true,"href":"https:\/\/visitemporda.com\/es\/wp-json\/wp\/v2\/pages\/20420"}],"wp:featuredmedia":[{"embeddable":true,"href":"https:\/\/visitemporda.com\/es\/wp-json\/wp\/v2\/media\/6702"}],"wp:attachment":[{"href":"https:\/\/visitemporda.com\/es\/wp-json\/wp\/v2\/media?parent=20425"}],"curies":[{"name":"wp","href":"https:\/\/api.w.org\/{rel}","templated":true}]}}