

{"id":20392,"date":"2019-10-08T16:18:57","date_gmt":"2019-10-08T14:18:57","guid":{"rendered":"http:\/\/visitemporda.com\/patrimoni-cultural\/terra-de-musics\/havanera-i-canco-de-taverna\/"},"modified":"2024-07-26T13:13:54","modified_gmt":"2024-07-26T11:13:54","slug":"havanera-i-canco-de-taverna","status":"publish","type":"page","link":"https:\/\/visitemporda.com\/es\/recomendaciones\/propostes\/patrimoni-cultural\/terra-de-musics\/havanera-i-canco-de-taverna\/","title":{"rendered":"Habanera y canci\u00f3n de taberna"},"content":{"rendered":"<p class=\"p1\"><span class=\"s1\">Te\u00f1idas de la a\u00f1oranza que sent\u00edan los indianos por Cuba una vez volv\u00edan a Catalu\u00f1a, las habaneras son fruto del mestizaje cultural del Caribe y arraigaron con fuerza en la Costa Brava, donde se sumaron en la tradici\u00f3n de la canci\u00f3n de taberna. Estos establecimientos, m\u00e1s all\u00e1 de ofrecer comida y bebida a la gente de mar, constituyen un espacio de creaci\u00f3n popular.<\/span><\/p>\n<p class=\"p1\"><span class=\"s1\">A lo largo del siglo XX, las m\u00fasicas de taberna, y especialmente las habaneras, han ganado eco gracias a las cantadas como la de Calella de Palafrugell, pionera a la hora de difundirlas a un p\u00fablico m\u00e1s amplio. La canci\u00f3n de taberna es un fen\u00f3meno con vitalidad, formado por una red de cantantes, espacios y festivales que contin\u00faan el legado. Se trata de un acto colectivo, que re\u00fane las personas alrededor de la m\u00fasica, y que a menudo se acompa\u00f1a del t\u00edpico ron quemado.<\/span><\/p>\n<p class=\"p1\"><span class=\"s1\">El Baix Empord\u00e0 es cuna de m\u00fasicos y formaciones musicales que contribuyen a la difusi\u00f3n y a salvaguardar este g\u00e9nero musical. Algunos de estos grupos son Port-bo, Peix Fregit, Cantaires del Montgr\u00ed, Arjau, L\u2019Empordanet o Els Cremats. Actualmente, la mayor\u00eda de los n\u00facleos costeros incluyen en sus calendarios de actividades, de los meses de verano, cantadas de habaneras y otras muestras de canciones marineras.<\/span><\/p>\n<p class=\"p1\"><span class=\"s1\">A continuaci\u00f3n, se citan algunos de estos eventos:<\/span><\/p>\n<p class=\"p1\"><span class=\"s1\">Cantada de habaneras de Calella de Palafrugell (Julio)<\/span><\/p>\n<p class=\"p1\"><span class=\"s1\">Cantada de habaneras y canciones de taberna de Platja d\u2019Aro (Julio)<\/span><\/p>\n<p class=\"p1\"><span class=\"s1\">Cantada de habaneras y boleros de Sant Antoni de Calonge (Julio)<\/span><\/p>\n<p class=\"p1\"><span class=\"s1\">Cantada de habaneras de l\u2019Estartit (Julio)<\/span><\/p>\n<p class=\"p1\"><span class=\"s1\">Canci\u00f3n de taberna de Sant Feliu de Gu\u00edxols (Julio \u2013 Agosto)<\/span><\/p>\n<p class=\"p1\"><span class=\"s1\">Cantada de habaneras en Pals (Julio)<\/span><\/p>\n<p class=\"p1\"><span class=\"s1\">Muestra de la habanera catalana de Palam\u00f3s (Agosto)<\/span><\/p>\n<p class=\"p1\"><span class=\"s1\">Cantada de habaneras de Begur (Agosto)<\/span><\/p>\n<p>Habaneras en Cala Montg\u00f3 (Torroella de Montgr\u00ed) (Agosto)<\/p>\n","protected":false},"excerpt":{"rendered":"<p>Te\u00f1idas de la a\u00f1oranza que sent\u00edan los indianos por Cuba una vez volv\u00edan a Catalu\u00f1a, las habaneras son fruto del mestizaje cultural del Caribe y arraigaron con fuerza en la Costa Brava, donde se sumaron en la tradici\u00f3n de la canci\u00f3n de taberna. Estos establecimientos, m\u00e1s all\u00e1 de ofrecer comida y bebida a la gente [&hellip;]<\/p>\n","protected":false},"author":2,"featured_media":7616,"parent":20386,"menu_order":0,"comment_status":"closed","ping_status":"closed","template":"page-templates\/fitxa-campanyes-gastronomiques.php","meta":{"_acf_changed":false,"footnotes":""},"class_list":["post-20392","page","type-page","status-publish","has-post-thumbnail","hentry"],"acf":[],"yoast_head":"<!-- This site is optimized with the Yoast SEO plugin v27.4 - https:\/\/yoast.com\/product\/yoast-seo-wordpress\/ -->\n<title>Habanera y canci\u00f3n de taberna - Visit Empord\u00e0<\/title>\n<meta name=\"robots\" content=\"index, follow, max-snippet:-1, max-image-preview:large, max-video-preview:-1\" \/>\n<link rel=\"canonical\" href=\"https:\/\/visitemporda.com\/es\/recomendaciones\/propostes\/patrimoni-cultural\/terra-de-musics\/havanera-i-canco-de-taverna\/\" \/>\n<meta property=\"og:locale\" content=\"es_ES\" \/>\n<meta property=\"og:type\" content=\"article\" \/>\n<meta property=\"og:title\" content=\"Habanera y canci\u00f3n de taberna - Visit Empord\u00e0\" \/>\n<meta property=\"og:description\" content=\"Te\u00f1idas de la a\u00f1oranza que sent\u00edan los indianos por Cuba una vez volv\u00edan a Catalu\u00f1a, las habaneras son fruto del mestizaje cultural del Caribe y arraigaron con fuerza en la Costa Brava, donde se sumaron en la tradici\u00f3n de la canci\u00f3n de taberna. Estos establecimientos, m\u00e1s all\u00e1 de ofrecer comida y bebida a la gente [&hellip;]\" \/>\n<meta property=\"og:url\" content=\"https:\/\/visitemporda.com\/es\/recomendaciones\/propostes\/patrimoni-cultural\/terra-de-musics\/havanera-i-canco-de-taverna\/\" \/>\n<meta property=\"og:site_name\" content=\"Visit Empord\u00e0\" \/>\n<meta property=\"article:publisher\" content=\"https:\/\/www.facebook.com\/baixempordaturisme\" \/>\n<meta property=\"article:modified_time\" content=\"2024-07-26T11:13:54+00:00\" \/>\n<meta property=\"og:image\" content=\"https:\/\/visitemporda.com\/wp-content\/uploads\/2019\/10\/Can\u00e7\u00f3-de-taverna-1024x683.jpg\" \/>\n\t<meta property=\"og:image:width\" content=\"1024\" \/>\n\t<meta property=\"og:image:height\" content=\"683\" \/>\n\t<meta property=\"og:image:type\" content=\"image\/jpeg\" \/>\n<meta name=\"twitter:card\" content=\"summary_large_image\" \/>\n<meta name=\"twitter:site\" content=\"@baixemporda_tur\" \/>\n<meta name=\"twitter:label1\" content=\"Tiempo de lectura\" \/>\n\t<meta name=\"twitter:data1\" content=\"2 minutos\" \/>\n<script type=\"application\/ld+json\" class=\"yoast-schema-graph\">{\"@context\":\"https:\\\/\\\/schema.org\",\"@graph\":[{\"@type\":\"WebPage\",\"@id\":\"https:\\\/\\\/visitemporda.com\\\/es\\\/recomendaciones\\\/propostes\\\/patrimoni-cultural\\\/terra-de-musics\\\/havanera-i-canco-de-taverna\\\/\",\"url\":\"https:\\\/\\\/visitemporda.com\\\/es\\\/recomendaciones\\\/propostes\\\/patrimoni-cultural\\\/terra-de-musics\\\/havanera-i-canco-de-taverna\\\/\",\"name\":\"Habanera y canci\u00f3n de taberna - Visit Empord\u00e0\",\"isPartOf\":{\"@id\":\"https:\\\/\\\/visitemporda.com\\\/es\\\/#website\"},\"primaryImageOfPage\":{\"@id\":\"https:\\\/\\\/visitemporda.com\\\/es\\\/recomendaciones\\\/propostes\\\/patrimoni-cultural\\\/terra-de-musics\\\/havanera-i-canco-de-taverna\\\/#primaryimage\"},\"image\":{\"@id\":\"https:\\\/\\\/visitemporda.com\\\/es\\\/recomendaciones\\\/propostes\\\/patrimoni-cultural\\\/terra-de-musics\\\/havanera-i-canco-de-taverna\\\/#primaryimage\"},\"thumbnailUrl\":\"https:\\\/\\\/visitemporda.com\\\/wp-content\\\/uploads\\\/2019\\\/10\\\/Can\u00e7\u00f3-de-taverna.jpg\",\"datePublished\":\"2019-10-08T14:18:57+00:00\",\"dateModified\":\"2024-07-26T11:13:54+00:00\",\"breadcrumb\":{\"@id\":\"https:\\\/\\\/visitemporda.com\\\/es\\\/recomendaciones\\\/propostes\\\/patrimoni-cultural\\\/terra-de-musics\\\/havanera-i-canco-de-taverna\\\/#breadcrumb\"},\"inLanguage\":\"es\",\"potentialAction\":[{\"@type\":\"ReadAction\",\"target\":[\"https:\\\/\\\/visitemporda.com\\\/es\\\/recomendaciones\\\/propostes\\\/patrimoni-cultural\\\/terra-de-musics\\\/havanera-i-canco-de-taverna\\\/\"]}]},{\"@type\":\"ImageObject\",\"inLanguage\":\"es\",\"@id\":\"https:\\\/\\\/visitemporda.com\\\/es\\\/recomendaciones\\\/propostes\\\/patrimoni-cultural\\\/terra-de-musics\\\/havanera-i-canco-de-taverna\\\/#primaryimage\",\"url\":\"https:\\\/\\\/visitemporda.com\\\/wp-content\\\/uploads\\\/2019\\\/10\\\/Can\u00e7\u00f3-de-taverna.jpg\",\"contentUrl\":\"https:\\\/\\\/visitemporda.com\\\/wp-content\\\/uploads\\\/2019\\\/10\\\/Can\u00e7\u00f3-de-taverna.jpg\",\"width\":4608,\"height\":3072,\"caption\":\"Can\u00e7\u00f3 de taverna a dalt de l'escenaru\"},{\"@type\":\"BreadcrumbList\",\"@id\":\"https:\\\/\\\/visitemporda.com\\\/es\\\/recomendaciones\\\/propostes\\\/patrimoni-cultural\\\/terra-de-musics\\\/havanera-i-canco-de-taverna\\\/#breadcrumb\",\"itemListElement\":[{\"@type\":\"ListItem\",\"position\":1,\"name\":\"Inici\",\"item\":\"https:\\\/\\\/visitemporda.com\\\/es\\\/\"},{\"@type\":\"ListItem\",\"position\":2,\"name\":\"Recomendaciones\",\"item\":\"https:\\\/\\\/visitemporda.com\\\/es\\\/recomendaciones\\\/\"},{\"@type\":\"ListItem\",\"position\":3,\"name\":\"Qu\u00e9 hacer\",\"item\":\"https:\\\/\\\/visitemporda.com\\\/es\\\/recomendaciones\\\/propostes\\\/\"},{\"@type\":\"ListItem\",\"position\":4,\"name\":\"Patrimonio cultural\",\"item\":\"https:\\\/\\\/visitemporda.com\\\/es\\\/recomendaciones\\\/propostes\\\/patrimoni-cultural\\\/\"},{\"@type\":\"ListItem\",\"position\":5,\"name\":\"Tierra de m\u00fasicos\",\"item\":\"https:\\\/\\\/visitemporda.com\\\/es\\\/recomendaciones\\\/propostes\\\/patrimoni-cultural\\\/terra-de-musics\\\/\"},{\"@type\":\"ListItem\",\"position\":6,\"name\":\"Habanera y canci\u00f3n de taberna\"}]},{\"@type\":\"WebSite\",\"@id\":\"https:\\\/\\\/visitemporda.com\\\/es\\\/#website\",\"url\":\"https:\\\/\\\/visitemporda.com\\\/es\\\/\",\"name\":\"Visit Empord\u00e0\",\"description\":\"Web tur\u00edstica oficial del Baix Empord\u00e0\",\"publisher\":{\"@id\":\"https:\\\/\\\/visitemporda.com\\\/es\\\/#organization\"},\"potentialAction\":[{\"@type\":\"SearchAction\",\"target\":{\"@type\":\"EntryPoint\",\"urlTemplate\":\"https:\\\/\\\/visitemporda.com\\\/es\\\/?s={search_term_string}\"},\"query-input\":{\"@type\":\"PropertyValueSpecification\",\"valueRequired\":true,\"valueName\":\"search_term_string\"}}],\"inLanguage\":\"es\"},{\"@type\":\"Organization\",\"@id\":\"https:\\\/\\\/visitemporda.com\\\/es\\\/#organization\",\"name\":\"Consell Comarcal del Baix Empord\u00e0\",\"url\":\"https:\\\/\\\/visitemporda.com\\\/es\\\/\",\"logo\":{\"@type\":\"ImageObject\",\"inLanguage\":\"es\",\"@id\":\"https:\\\/\\\/visitemporda.com\\\/es\\\/#\\\/schema\\\/logo\\\/image\\\/\",\"url\":\"https:\\\/\\\/visitemporda.com\\\/wp-content\\\/uploads\\\/2024\\\/11\\\/Logotip_CCBE.png\",\"contentUrl\":\"https:\\\/\\\/visitemporda.com\\\/wp-content\\\/uploads\\\/2024\\\/11\\\/Logotip_CCBE.png\",\"width\":3617,\"height\":3617,\"caption\":\"Consell Comarcal del Baix Empord\u00e0\"},\"image\":{\"@id\":\"https:\\\/\\\/visitemporda.com\\\/es\\\/#\\\/schema\\\/logo\\\/image\\\/\"},\"sameAs\":[\"https:\\\/\\\/www.facebook.com\\\/baixempordaturisme\",\"https:\\\/\\\/x.com\\\/baixemporda_tur\",\"https:\\\/\\\/www.instagram.com\\\/visitemporda\"]}]}<\/script>\n<!-- \/ Yoast SEO plugin. -->","yoast_head_json":{"title":"Habanera y canci\u00f3n de taberna - Visit Empord\u00e0","robots":{"index":"index","follow":"follow","max-snippet":"max-snippet:-1","max-image-preview":"max-image-preview:large","max-video-preview":"max-video-preview:-1"},"canonical":"https:\/\/visitemporda.com\/es\/recomendaciones\/propostes\/patrimoni-cultural\/terra-de-musics\/havanera-i-canco-de-taverna\/","og_locale":"es_ES","og_type":"article","og_title":"Habanera y canci\u00f3n de taberna - Visit Empord\u00e0","og_description":"Te\u00f1idas de la a\u00f1oranza que sent\u00edan los indianos por Cuba una vez volv\u00edan a Catalu\u00f1a, las habaneras son fruto del mestizaje cultural del Caribe y arraigaron con fuerza en la Costa Brava, donde se sumaron en la tradici\u00f3n de la canci\u00f3n de taberna. Estos establecimientos, m\u00e1s all\u00e1 de ofrecer comida y bebida a la gente [&hellip;]","og_url":"https:\/\/visitemporda.com\/es\/recomendaciones\/propostes\/patrimoni-cultural\/terra-de-musics\/havanera-i-canco-de-taverna\/","og_site_name":"Visit Empord\u00e0","article_publisher":"https:\/\/www.facebook.com\/baixempordaturisme","article_modified_time":"2024-07-26T11:13:54+00:00","og_image":[{"width":1024,"height":683,"url":"https:\/\/visitemporda.com\/wp-content\/uploads\/2019\/10\/Can\u00e7\u00f3-de-taverna-1024x683.jpg","type":"image\/jpeg"}],"twitter_card":"summary_large_image","twitter_site":"@baixemporda_tur","twitter_misc":{"Tiempo de lectura":"2 minutos"},"schema":{"@context":"https:\/\/schema.org","@graph":[{"@type":"WebPage","@id":"https:\/\/visitemporda.com\/es\/recomendaciones\/propostes\/patrimoni-cultural\/terra-de-musics\/havanera-i-canco-de-taverna\/","url":"https:\/\/visitemporda.com\/es\/recomendaciones\/propostes\/patrimoni-cultural\/terra-de-musics\/havanera-i-canco-de-taverna\/","name":"Habanera y canci\u00f3n de taberna - Visit Empord\u00e0","isPartOf":{"@id":"https:\/\/visitemporda.com\/es\/#website"},"primaryImageOfPage":{"@id":"https:\/\/visitemporda.com\/es\/recomendaciones\/propostes\/patrimoni-cultural\/terra-de-musics\/havanera-i-canco-de-taverna\/#primaryimage"},"image":{"@id":"https:\/\/visitemporda.com\/es\/recomendaciones\/propostes\/patrimoni-cultural\/terra-de-musics\/havanera-i-canco-de-taverna\/#primaryimage"},"thumbnailUrl":"https:\/\/visitemporda.com\/wp-content\/uploads\/2019\/10\/Can\u00e7\u00f3-de-taverna.jpg","datePublished":"2019-10-08T14:18:57+00:00","dateModified":"2024-07-26T11:13:54+00:00","breadcrumb":{"@id":"https:\/\/visitemporda.com\/es\/recomendaciones\/propostes\/patrimoni-cultural\/terra-de-musics\/havanera-i-canco-de-taverna\/#breadcrumb"},"inLanguage":"es","potentialAction":[{"@type":"ReadAction","target":["https:\/\/visitemporda.com\/es\/recomendaciones\/propostes\/patrimoni-cultural\/terra-de-musics\/havanera-i-canco-de-taverna\/"]}]},{"@type":"ImageObject","inLanguage":"es","@id":"https:\/\/visitemporda.com\/es\/recomendaciones\/propostes\/patrimoni-cultural\/terra-de-musics\/havanera-i-canco-de-taverna\/#primaryimage","url":"https:\/\/visitemporda.com\/wp-content\/uploads\/2019\/10\/Can\u00e7\u00f3-de-taverna.jpg","contentUrl":"https:\/\/visitemporda.com\/wp-content\/uploads\/2019\/10\/Can\u00e7\u00f3-de-taverna.jpg","width":4608,"height":3072,"caption":"Can\u00e7\u00f3 de taverna a dalt de l'escenaru"},{"@type":"BreadcrumbList","@id":"https:\/\/visitemporda.com\/es\/recomendaciones\/propostes\/patrimoni-cultural\/terra-de-musics\/havanera-i-canco-de-taverna\/#breadcrumb","itemListElement":[{"@type":"ListItem","position":1,"name":"Inici","item":"https:\/\/visitemporda.com\/es\/"},{"@type":"ListItem","position":2,"name":"Recomendaciones","item":"https:\/\/visitemporda.com\/es\/recomendaciones\/"},{"@type":"ListItem","position":3,"name":"Qu\u00e9 hacer","item":"https:\/\/visitemporda.com\/es\/recomendaciones\/propostes\/"},{"@type":"ListItem","position":4,"name":"Patrimonio cultural","item":"https:\/\/visitemporda.com\/es\/recomendaciones\/propostes\/patrimoni-cultural\/"},{"@type":"ListItem","position":5,"name":"Tierra de m\u00fasicos","item":"https:\/\/visitemporda.com\/es\/recomendaciones\/propostes\/patrimoni-cultural\/terra-de-musics\/"},{"@type":"ListItem","position":6,"name":"Habanera y canci\u00f3n de taberna"}]},{"@type":"WebSite","@id":"https:\/\/visitemporda.com\/es\/#website","url":"https:\/\/visitemporda.com\/es\/","name":"Visit Empord\u00e0","description":"Web tur\u00edstica oficial del Baix Empord\u00e0","publisher":{"@id":"https:\/\/visitemporda.com\/es\/#organization"},"potentialAction":[{"@type":"SearchAction","target":{"@type":"EntryPoint","urlTemplate":"https:\/\/visitemporda.com\/es\/?s={search_term_string}"},"query-input":{"@type":"PropertyValueSpecification","valueRequired":true,"valueName":"search_term_string"}}],"inLanguage":"es"},{"@type":"Organization","@id":"https:\/\/visitemporda.com\/es\/#organization","name":"Consell Comarcal del Baix Empord\u00e0","url":"https:\/\/visitemporda.com\/es\/","logo":{"@type":"ImageObject","inLanguage":"es","@id":"https:\/\/visitemporda.com\/es\/#\/schema\/logo\/image\/","url":"https:\/\/visitemporda.com\/wp-content\/uploads\/2024\/11\/Logotip_CCBE.png","contentUrl":"https:\/\/visitemporda.com\/wp-content\/uploads\/2024\/11\/Logotip_CCBE.png","width":3617,"height":3617,"caption":"Consell Comarcal del Baix Empord\u00e0"},"image":{"@id":"https:\/\/visitemporda.com\/es\/#\/schema\/logo\/image\/"},"sameAs":["https:\/\/www.facebook.com\/baixempordaturisme","https:\/\/x.com\/baixemporda_tur","https:\/\/www.instagram.com\/visitemporda"]}]}},"_links":{"self":[{"href":"https:\/\/visitemporda.com\/es\/wp-json\/wp\/v2\/pages\/20392","targetHints":{"allow":["GET"]}}],"collection":[{"href":"https:\/\/visitemporda.com\/es\/wp-json\/wp\/v2\/pages"}],"about":[{"href":"https:\/\/visitemporda.com\/es\/wp-json\/wp\/v2\/types\/page"}],"author":[{"embeddable":true,"href":"https:\/\/visitemporda.com\/es\/wp-json\/wp\/v2\/users\/2"}],"replies":[{"embeddable":true,"href":"https:\/\/visitemporda.com\/es\/wp-json\/wp\/v2\/comments?post=20392"}],"version-history":[{"count":5,"href":"https:\/\/visitemporda.com\/es\/wp-json\/wp\/v2\/pages\/20392\/revisions"}],"predecessor-version":[{"id":48459,"href":"https:\/\/visitemporda.com\/es\/wp-json\/wp\/v2\/pages\/20392\/revisions\/48459"}],"up":[{"embeddable":true,"href":"https:\/\/visitemporda.com\/es\/wp-json\/wp\/v2\/pages\/20386"}],"wp:featuredmedia":[{"embeddable":true,"href":"https:\/\/visitemporda.com\/es\/wp-json\/wp\/v2\/media\/7616"}],"wp:attachment":[{"href":"https:\/\/visitemporda.com\/es\/wp-json\/wp\/v2\/media?parent=20392"}],"curies":[{"name":"wp","href":"https:\/\/api.w.org\/{rel}","templated":true}]}}