

{"id":20388,"date":"2019-10-08T15:59:52","date_gmt":"2019-10-08T13:59:52","guid":{"rendered":"http:\/\/visitemporda.com\/patrimoni-cultural\/terra-de-musics\/sardanes-i-cobles\/"},"modified":"2021-07-30T12:35:56","modified_gmt":"2021-07-30T10:35:56","slug":"sardanes-i-cobles","status":"publish","type":"page","link":"https:\/\/visitemporda.com\/es\/recomendaciones\/propostes\/patrimoni-cultural\/terra-de-musics\/sardanes-i-cobles\/","title":{"rendered":"Sardanas y coblas"},"content":{"rendered":"<p class=\"p1\"><span class=\"s1\">Las plazas de los pueblos y ciudades son el h\u00e1bitat natural de la sardana, danza nacional de Catalu\u00f1a, el origen de la cual se pierde en el tiempo. Con toda manifestaci\u00f3n popular, ha evolucionado con el tiempo y con la intervenci\u00f3n de personajes como el figuerenc Pep Ventura, que le dio prestigio y riqueza musical. Tambi\u00e9n el compositor guixolenc Juli Garreta contribuy\u00f3 con un estilo propio contextualizado en los a\u00f1os del modernismo. Enric Morera, fue considerado un compositor de mucha calidad, autor entre otros de una de las sardanas m\u00e1s conocidas, L\u2019Empord\u00e0, escrita en el 1908 inspirada en un poema de Joan Maragall.<\/span><\/p>\n<p class=\"p1\"><span class=\"s1\">L\u2019Empord\u00e0 es uno de los territorios sardan\u00edsticos de referencia; de hecho, es desde aqu\u00ed que la danza se populariz\u00f3 y extendi\u00f3 a las comarcas vecinas. Muchos pueblos y ciudades bajo-ampurdanesas tienen su propia copla (formaci\u00f3n tradicional que interpreta las sardanas). Algunas de estas, llamadas coplas-orquestra, tienen una larga trayectoria y hace m\u00e1s de un siglo que funcionan. Son un ejemplo La Principal de la Bisbal y Els Montgrins. Los bailes, que se celebran todo el a\u00f1o en fiestas mayores y otras fechas se\u00f1aladas, permiten apreciar la calidad de las composiciones y vivir el sentimiento de comunidad que se genera.<\/span><\/p>\n<p class=\"p1\"><span class=\"s1\">La vila de Torroella de Montgr\u00ed conserva hoy un prestigio musical dentro el Baix Empord\u00e0. La copla de Els Montgrins, fundada al 1884 es la m\u00e1s antigua de las que existen actualmente. Pero anteriormente hubo otras, fruto del gran talento de m\u00fasicos y compositores torroellencs. Hoy en d\u00eda, el Museo de la Mediterr\u00e1nea tiene un espacio de exposici\u00f3n permanente destinado a conocer la copla.<\/span><\/p>\n<p class=\"p1\"><span class=\"s1\">Tambi\u00e9n La Bisbal d\u2019Empord\u00e0 es importante. Su copla m\u00e1s conocida, La Principal de la Bisbal, fue fundada al 1888 y fue considerada copla oficial de la Generalitat de Catalu\u00f1a. Otras formaciones como la Cobla Bisbal Jove contribuyen a mantener este g\u00e9nero, evolucionando su estilo.<\/span><\/p>\n","protected":false},"excerpt":{"rendered":"<p>Las plazas de los pueblos y ciudades son el h\u00e1bitat natural de la sardana, danza nacional de Catalu\u00f1a, el origen de la cual se pierde en el tiempo. Con toda manifestaci\u00f3n popular, ha evolucionado con el tiempo y con la intervenci\u00f3n de personajes como el figuerenc Pep Ventura, que le dio prestigio y riqueza musical. [&hellip;]<\/p>\n","protected":false},"author":2,"featured_media":7610,"parent":20386,"menu_order":0,"comment_status":"closed","ping_status":"closed","template":"page-templates\/fitxa-campanyes-gastronomiques.php","meta":{"_acf_changed":false,"footnotes":""},"class_list":["post-20388","page","type-page","status-publish","has-post-thumbnail","hentry"],"acf":[],"yoast_head":"<!-- This site is optimized with the Yoast SEO plugin v27.4 - https:\/\/yoast.com\/product\/yoast-seo-wordpress\/ -->\n<title>Sardanas y coblas - Visit Empord\u00e0<\/title>\n<meta name=\"robots\" content=\"index, follow, max-snippet:-1, max-image-preview:large, max-video-preview:-1\" \/>\n<link rel=\"canonical\" href=\"https:\/\/visitemporda.com\/es\/recomendaciones\/propostes\/patrimoni-cultural\/terra-de-musics\/sardanes-i-cobles\/\" \/>\n<meta property=\"og:locale\" content=\"es_ES\" \/>\n<meta property=\"og:type\" content=\"article\" \/>\n<meta property=\"og:title\" content=\"Sardanas y coblas - Visit Empord\u00e0\" \/>\n<meta property=\"og:description\" content=\"Las plazas de los pueblos y ciudades son el h\u00e1bitat natural de la sardana, danza nacional de Catalu\u00f1a, el origen de la cual se pierde en el tiempo. Con toda manifestaci\u00f3n popular, ha evolucionado con el tiempo y con la intervenci\u00f3n de personajes como el figuerenc Pep Ventura, que le dio prestigio y riqueza musical. [&hellip;]\" \/>\n<meta property=\"og:url\" content=\"https:\/\/visitemporda.com\/es\/recomendaciones\/propostes\/patrimoni-cultural\/terra-de-musics\/sardanes-i-cobles\/\" \/>\n<meta property=\"og:site_name\" content=\"Visit Empord\u00e0\" \/>\n<meta property=\"article:publisher\" content=\"https:\/\/www.facebook.com\/baixempordaturisme\" \/>\n<meta property=\"article:modified_time\" content=\"2021-07-30T10:35:56+00:00\" \/>\n<meta property=\"og:image\" content=\"https:\/\/visitemporda.com\/wp-content\/uploads\/2019\/10\/Sardanes-i-cobles-II.jpg\" \/>\n\t<meta property=\"og:image:width\" content=\"4252\" \/>\n\t<meta property=\"og:image:height\" content=\"2578\" \/>\n\t<meta property=\"og:image:type\" content=\"image\/jpeg\" \/>\n<meta name=\"twitter:card\" content=\"summary_large_image\" \/>\n<meta name=\"twitter:site\" content=\"@baixemporda_tur\" \/>\n<meta name=\"twitter:label1\" content=\"Tiempo de lectura\" \/>\n\t<meta name=\"twitter:data1\" content=\"2 minutos\" \/>\n<script type=\"application\/ld+json\" class=\"yoast-schema-graph\">{\"@context\":\"https:\\\/\\\/schema.org\",\"@graph\":[{\"@type\":\"WebPage\",\"@id\":\"https:\\\/\\\/visitemporda.com\\\/es\\\/recomendaciones\\\/propostes\\\/patrimoni-cultural\\\/terra-de-musics\\\/sardanes-i-cobles\\\/\",\"url\":\"https:\\\/\\\/visitemporda.com\\\/es\\\/recomendaciones\\\/propostes\\\/patrimoni-cultural\\\/terra-de-musics\\\/sardanes-i-cobles\\\/\",\"name\":\"Sardanas y coblas - Visit Empord\u00e0\",\"isPartOf\":{\"@id\":\"https:\\\/\\\/visitemporda.com\\\/es\\\/#website\"},\"primaryImageOfPage\":{\"@id\":\"https:\\\/\\\/visitemporda.com\\\/es\\\/recomendaciones\\\/propostes\\\/patrimoni-cultural\\\/terra-de-musics\\\/sardanes-i-cobles\\\/#primaryimage\"},\"image\":{\"@id\":\"https:\\\/\\\/visitemporda.com\\\/es\\\/recomendaciones\\\/propostes\\\/patrimoni-cultural\\\/terra-de-musics\\\/sardanes-i-cobles\\\/#primaryimage\"},\"thumbnailUrl\":\"https:\\\/\\\/visitemporda.com\\\/wp-content\\\/uploads\\\/2019\\\/10\\\/Sardanes-i-cobles-II.jpg\",\"datePublished\":\"2019-10-08T13:59:52+00:00\",\"dateModified\":\"2021-07-30T10:35:56+00:00\",\"breadcrumb\":{\"@id\":\"https:\\\/\\\/visitemporda.com\\\/es\\\/recomendaciones\\\/propostes\\\/patrimoni-cultural\\\/terra-de-musics\\\/sardanes-i-cobles\\\/#breadcrumb\"},\"inLanguage\":\"es\",\"potentialAction\":[{\"@type\":\"ReadAction\",\"target\":[\"https:\\\/\\\/visitemporda.com\\\/es\\\/recomendaciones\\\/propostes\\\/patrimoni-cultural\\\/terra-de-musics\\\/sardanes-i-cobles\\\/\"]}]},{\"@type\":\"ImageObject\",\"inLanguage\":\"es\",\"@id\":\"https:\\\/\\\/visitemporda.com\\\/es\\\/recomendaciones\\\/propostes\\\/patrimoni-cultural\\\/terra-de-musics\\\/sardanes-i-cobles\\\/#primaryimage\",\"url\":\"https:\\\/\\\/visitemporda.com\\\/wp-content\\\/uploads\\\/2019\\\/10\\\/Sardanes-i-cobles-II.jpg\",\"contentUrl\":\"https:\\\/\\\/visitemporda.com\\\/wp-content\\\/uploads\\\/2019\\\/10\\\/Sardanes-i-cobles-II.jpg\",\"width\":4252,\"height\":2578,\"caption\":\"grup de gent ballant Sardanes . Foto antiga\"},{\"@type\":\"BreadcrumbList\",\"@id\":\"https:\\\/\\\/visitemporda.com\\\/es\\\/recomendaciones\\\/propostes\\\/patrimoni-cultural\\\/terra-de-musics\\\/sardanes-i-cobles\\\/#breadcrumb\",\"itemListElement\":[{\"@type\":\"ListItem\",\"position\":1,\"name\":\"Inici\",\"item\":\"https:\\\/\\\/visitemporda.com\\\/es\\\/\"},{\"@type\":\"ListItem\",\"position\":2,\"name\":\"Recomendaciones\",\"item\":\"https:\\\/\\\/visitemporda.com\\\/es\\\/recomendaciones\\\/\"},{\"@type\":\"ListItem\",\"position\":3,\"name\":\"Qu\u00e9 hacer\",\"item\":\"https:\\\/\\\/visitemporda.com\\\/es\\\/recomendaciones\\\/propostes\\\/\"},{\"@type\":\"ListItem\",\"position\":4,\"name\":\"Patrimonio cultural\",\"item\":\"https:\\\/\\\/visitemporda.com\\\/es\\\/recomendaciones\\\/propostes\\\/patrimoni-cultural\\\/\"},{\"@type\":\"ListItem\",\"position\":5,\"name\":\"Tierra de m\u00fasicos\",\"item\":\"https:\\\/\\\/visitemporda.com\\\/es\\\/recomendaciones\\\/propostes\\\/patrimoni-cultural\\\/terra-de-musics\\\/\"},{\"@type\":\"ListItem\",\"position\":6,\"name\":\"Sardanas y coblas\"}]},{\"@type\":\"WebSite\",\"@id\":\"https:\\\/\\\/visitemporda.com\\\/es\\\/#website\",\"url\":\"https:\\\/\\\/visitemporda.com\\\/es\\\/\",\"name\":\"Visit Empord\u00e0\",\"description\":\"Web tur\u00edstica oficial del Baix Empord\u00e0\",\"publisher\":{\"@id\":\"https:\\\/\\\/visitemporda.com\\\/es\\\/#organization\"},\"potentialAction\":[{\"@type\":\"SearchAction\",\"target\":{\"@type\":\"EntryPoint\",\"urlTemplate\":\"https:\\\/\\\/visitemporda.com\\\/es\\\/?s={search_term_string}\"},\"query-input\":{\"@type\":\"PropertyValueSpecification\",\"valueRequired\":true,\"valueName\":\"search_term_string\"}}],\"inLanguage\":\"es\"},{\"@type\":\"Organization\",\"@id\":\"https:\\\/\\\/visitemporda.com\\\/es\\\/#organization\",\"name\":\"Consell Comarcal del Baix Empord\u00e0\",\"url\":\"https:\\\/\\\/visitemporda.com\\\/es\\\/\",\"logo\":{\"@type\":\"ImageObject\",\"inLanguage\":\"es\",\"@id\":\"https:\\\/\\\/visitemporda.com\\\/es\\\/#\\\/schema\\\/logo\\\/image\\\/\",\"url\":\"https:\\\/\\\/visitemporda.com\\\/wp-content\\\/uploads\\\/2024\\\/11\\\/Logotip_CCBE.png\",\"contentUrl\":\"https:\\\/\\\/visitemporda.com\\\/wp-content\\\/uploads\\\/2024\\\/11\\\/Logotip_CCBE.png\",\"width\":3617,\"height\":3617,\"caption\":\"Consell Comarcal del Baix Empord\u00e0\"},\"image\":{\"@id\":\"https:\\\/\\\/visitemporda.com\\\/es\\\/#\\\/schema\\\/logo\\\/image\\\/\"},\"sameAs\":[\"https:\\\/\\\/www.facebook.com\\\/baixempordaturisme\",\"https:\\\/\\\/x.com\\\/baixemporda_tur\",\"https:\\\/\\\/www.instagram.com\\\/visitemporda\"]}]}<\/script>\n<!-- \/ Yoast SEO plugin. -->","yoast_head_json":{"title":"Sardanas y coblas - Visit Empord\u00e0","robots":{"index":"index","follow":"follow","max-snippet":"max-snippet:-1","max-image-preview":"max-image-preview:large","max-video-preview":"max-video-preview:-1"},"canonical":"https:\/\/visitemporda.com\/es\/recomendaciones\/propostes\/patrimoni-cultural\/terra-de-musics\/sardanes-i-cobles\/","og_locale":"es_ES","og_type":"article","og_title":"Sardanas y coblas - Visit Empord\u00e0","og_description":"Las plazas de los pueblos y ciudades son el h\u00e1bitat natural de la sardana, danza nacional de Catalu\u00f1a, el origen de la cual se pierde en el tiempo. Con toda manifestaci\u00f3n popular, ha evolucionado con el tiempo y con la intervenci\u00f3n de personajes como el figuerenc Pep Ventura, que le dio prestigio y riqueza musical. [&hellip;]","og_url":"https:\/\/visitemporda.com\/es\/recomendaciones\/propostes\/patrimoni-cultural\/terra-de-musics\/sardanes-i-cobles\/","og_site_name":"Visit Empord\u00e0","article_publisher":"https:\/\/www.facebook.com\/baixempordaturisme","article_modified_time":"2021-07-30T10:35:56+00:00","og_image":[{"width":4252,"height":2578,"url":"https:\/\/visitemporda.com\/wp-content\/uploads\/2019\/10\/Sardanes-i-cobles-II.jpg","type":"image\/jpeg"}],"twitter_card":"summary_large_image","twitter_site":"@baixemporda_tur","twitter_misc":{"Tiempo de lectura":"2 minutos"},"schema":{"@context":"https:\/\/schema.org","@graph":[{"@type":"WebPage","@id":"https:\/\/visitemporda.com\/es\/recomendaciones\/propostes\/patrimoni-cultural\/terra-de-musics\/sardanes-i-cobles\/","url":"https:\/\/visitemporda.com\/es\/recomendaciones\/propostes\/patrimoni-cultural\/terra-de-musics\/sardanes-i-cobles\/","name":"Sardanas y coblas - Visit Empord\u00e0","isPartOf":{"@id":"https:\/\/visitemporda.com\/es\/#website"},"primaryImageOfPage":{"@id":"https:\/\/visitemporda.com\/es\/recomendaciones\/propostes\/patrimoni-cultural\/terra-de-musics\/sardanes-i-cobles\/#primaryimage"},"image":{"@id":"https:\/\/visitemporda.com\/es\/recomendaciones\/propostes\/patrimoni-cultural\/terra-de-musics\/sardanes-i-cobles\/#primaryimage"},"thumbnailUrl":"https:\/\/visitemporda.com\/wp-content\/uploads\/2019\/10\/Sardanes-i-cobles-II.jpg","datePublished":"2019-10-08T13:59:52+00:00","dateModified":"2021-07-30T10:35:56+00:00","breadcrumb":{"@id":"https:\/\/visitemporda.com\/es\/recomendaciones\/propostes\/patrimoni-cultural\/terra-de-musics\/sardanes-i-cobles\/#breadcrumb"},"inLanguage":"es","potentialAction":[{"@type":"ReadAction","target":["https:\/\/visitemporda.com\/es\/recomendaciones\/propostes\/patrimoni-cultural\/terra-de-musics\/sardanes-i-cobles\/"]}]},{"@type":"ImageObject","inLanguage":"es","@id":"https:\/\/visitemporda.com\/es\/recomendaciones\/propostes\/patrimoni-cultural\/terra-de-musics\/sardanes-i-cobles\/#primaryimage","url":"https:\/\/visitemporda.com\/wp-content\/uploads\/2019\/10\/Sardanes-i-cobles-II.jpg","contentUrl":"https:\/\/visitemporda.com\/wp-content\/uploads\/2019\/10\/Sardanes-i-cobles-II.jpg","width":4252,"height":2578,"caption":"grup de gent ballant Sardanes . Foto antiga"},{"@type":"BreadcrumbList","@id":"https:\/\/visitemporda.com\/es\/recomendaciones\/propostes\/patrimoni-cultural\/terra-de-musics\/sardanes-i-cobles\/#breadcrumb","itemListElement":[{"@type":"ListItem","position":1,"name":"Inici","item":"https:\/\/visitemporda.com\/es\/"},{"@type":"ListItem","position":2,"name":"Recomendaciones","item":"https:\/\/visitemporda.com\/es\/recomendaciones\/"},{"@type":"ListItem","position":3,"name":"Qu\u00e9 hacer","item":"https:\/\/visitemporda.com\/es\/recomendaciones\/propostes\/"},{"@type":"ListItem","position":4,"name":"Patrimonio cultural","item":"https:\/\/visitemporda.com\/es\/recomendaciones\/propostes\/patrimoni-cultural\/"},{"@type":"ListItem","position":5,"name":"Tierra de m\u00fasicos","item":"https:\/\/visitemporda.com\/es\/recomendaciones\/propostes\/patrimoni-cultural\/terra-de-musics\/"},{"@type":"ListItem","position":6,"name":"Sardanas y coblas"}]},{"@type":"WebSite","@id":"https:\/\/visitemporda.com\/es\/#website","url":"https:\/\/visitemporda.com\/es\/","name":"Visit Empord\u00e0","description":"Web tur\u00edstica oficial del Baix Empord\u00e0","publisher":{"@id":"https:\/\/visitemporda.com\/es\/#organization"},"potentialAction":[{"@type":"SearchAction","target":{"@type":"EntryPoint","urlTemplate":"https:\/\/visitemporda.com\/es\/?s={search_term_string}"},"query-input":{"@type":"PropertyValueSpecification","valueRequired":true,"valueName":"search_term_string"}}],"inLanguage":"es"},{"@type":"Organization","@id":"https:\/\/visitemporda.com\/es\/#organization","name":"Consell Comarcal del Baix Empord\u00e0","url":"https:\/\/visitemporda.com\/es\/","logo":{"@type":"ImageObject","inLanguage":"es","@id":"https:\/\/visitemporda.com\/es\/#\/schema\/logo\/image\/","url":"https:\/\/visitemporda.com\/wp-content\/uploads\/2024\/11\/Logotip_CCBE.png","contentUrl":"https:\/\/visitemporda.com\/wp-content\/uploads\/2024\/11\/Logotip_CCBE.png","width":3617,"height":3617,"caption":"Consell Comarcal del Baix Empord\u00e0"},"image":{"@id":"https:\/\/visitemporda.com\/es\/#\/schema\/logo\/image\/"},"sameAs":["https:\/\/www.facebook.com\/baixempordaturisme","https:\/\/x.com\/baixemporda_tur","https:\/\/www.instagram.com\/visitemporda"]}]}},"_links":{"self":[{"href":"https:\/\/visitemporda.com\/es\/wp-json\/wp\/v2\/pages\/20388","targetHints":{"allow":["GET"]}}],"collection":[{"href":"https:\/\/visitemporda.com\/es\/wp-json\/wp\/v2\/pages"}],"about":[{"href":"https:\/\/visitemporda.com\/es\/wp-json\/wp\/v2\/types\/page"}],"author":[{"embeddable":true,"href":"https:\/\/visitemporda.com\/es\/wp-json\/wp\/v2\/users\/2"}],"replies":[{"embeddable":true,"href":"https:\/\/visitemporda.com\/es\/wp-json\/wp\/v2\/comments?post=20388"}],"version-history":[{"count":4,"href":"https:\/\/visitemporda.com\/es\/wp-json\/wp\/v2\/pages\/20388\/revisions"}],"predecessor-version":[{"id":34868,"href":"https:\/\/visitemporda.com\/es\/wp-json\/wp\/v2\/pages\/20388\/revisions\/34868"}],"up":[{"embeddable":true,"href":"https:\/\/visitemporda.com\/es\/wp-json\/wp\/v2\/pages\/20386"}],"wp:featuredmedia":[{"embeddable":true,"href":"https:\/\/visitemporda.com\/es\/wp-json\/wp\/v2\/media\/7610"}],"wp:attachment":[{"href":"https:\/\/visitemporda.com\/es\/wp-json\/wp\/v2\/media?parent=20388"}],"curies":[{"name":"wp","href":"https:\/\/api.w.org\/{rel}","templated":true}]}}