

{"id":20250,"date":"2020-01-02T11:47:58","date_gmt":"2020-01-02T10:47:58","guid":{"rendered":"http:\/\/visitemporda.com\/planifica\/territori-i-natura\/el-mar-i-la-costa\/flora-i-fauna\/"},"modified":"2020-09-28T13:49:19","modified_gmt":"2020-09-28T11:49:19","slug":"flora-i-fauna","status":"publish","type":"page","link":"https:\/\/visitemporda.com\/es\/recomendaciones\/propostes\/territori-i-natura\/el-mar-i-la-costa\/flora-i-fauna\/","title":{"rendered":"Flora i fauna"},"content":{"rendered":"<p class=\"p1\"><span class=\"s1\">La visi\u00f3n de la costa desde el mar es de una belleza sublime. Su singular relieve, con predominio de los imponentes acantilados y variados roquedales son acompa\u00f1adas por una flora y una fauna aut\u00f3ctona. La presencia de espacios litorales protegidos a lo largo de la comarca contribuyen a preservar h\u00e1bitats y especies propias tanto terrestres como marinas.<\/span><\/p>\n<p class=\"p1\"><span class=\"s1\">La presencia de bosques de alcornocales sobre formaciones gran\u00edticas es una caracter\u00edstica del sur de la comarca, perceptible en el macizo de la Ardenya o Cadiretes. Por su parte, en el norte, la costa del Montgr\u00ed planta cara al mar con elevados acantilados de origen calc\u00e1reo donde especies vegetales como el hinojo marino, limoniumo el llant\u00e9n marino est\u00e1n presentes. Animales como el b\u00faho real, el \u00e1guila perdicera, el cormor\u00e1n mo\u00f1udo y los murci\u00e9lagos son habitantes habituales en esta zona.<\/span><\/p>\n<p class=\"p1\"><span class=\"s1\">El parque natural del Montgr\u00ed, Islas Medes y Baix Ter tiene una importante diversidad de h\u00e1bitats. A lo largo de kil\u00f3metros de playa tienen lugar tambi\u00e9n formaciones dunares litorales, con presencia de vegetaci\u00f3n como el barr\u00f3n y de p\u00e1jaros como el chorlitejo patinegro.<\/span><\/p>\n<p class=\"p1\"><span class=\"s1\">Del contacto entre el r\u00edo Ter y el mar resulta una zona de humedales y marismas de gran valor ecol\u00f3gico. Espacio de parada de las aves migratorias, destacan algunas especies como el \u00e1nade real, la garcilla bueyera, el avetoro com\u00fan o el aguilucho.<\/span><\/p>\n<p class=\"p1\"><span class=\"s1\">La zona centro de la comarca forma parte tambi\u00e9n de diferentes espacios protegidos como las Monta\u00f1as de Begur o Castell &#8211; Cap Roig. Manteniendo el paisaje caracter\u00edstico de la Costa Brava, el predominio de bosques de alcornoques y tambi\u00e9n de pinares (sobre todo de pino blanco y pino pi\u00f1onero) ganan protagonismo, acompa\u00f1adas tambi\u00e9n de algunos encinares.<\/span><\/p>\n<p class=\"p1\"><span class=\"s1\">En estos espacios la presencia de especies animales se resume con la presencia de diferentes aves como el vencejo p\u00e1lido, el cormor\u00e1n mo\u00f1udo o diferentes especies de gaviotas y de murci\u00e9lagos<\/span><\/p>\n<p class=\"p1\"><span class=\"s1\">Pero en el Baix Empord\u00e0, el mar esconde una importante fuente de vida en sus profundidades. Los h\u00e1bitats marinos son importantes, especialmente en el entorno de las Islas Medes, un espacio incluido dentro del parque natural y que con diferentes cuevas, t\u00faneles y cavidades submarinas guardan rincones llenos de vida. Es importante la presencia de la posidonia, el coral\u00edgeno, las gorgonias rojas o el coral rojo. En este entorno marino, destacan tambi\u00e9n peces como el mero, raya \u00e1guila com\u00fan, la corvina, el sardo imperial y la dorada.<\/span><\/p>\n<p class=\"p1\"><span class=\"s1\">Otras zonas del litoral conservan tambi\u00e9n un importante patrimonio natural en el fondo marino, especialmente destacable la presencia de la posidonia en la zona centro y de formaciones de grapissar (acumulaci\u00f3n de algas rojas calc\u00e1reas) en la zona sur.<\/span><\/p>\n","protected":false},"excerpt":{"rendered":"<p>La visi\u00f3n de la costa desde el mar es de una belleza sublime. Su singular relieve, con predominio de los imponentes acantilados y variados roquedales son acompa\u00f1adas por una flora y una fauna aut\u00f3ctona. La presencia de espacios litorales protegidos a lo largo de la comarca contribuyen a preservar h\u00e1bitats y especies propias tanto terrestres [&hellip;]<\/p>\n","protected":false},"author":2,"featured_media":13909,"parent":20187,"menu_order":0,"comment_status":"closed","ping_status":"closed","template":"page-templates\/fitxa-campanyes-gastronomiques.php","meta":{"_acf_changed":false,"footnotes":""},"class_list":["post-20250","page","type-page","status-publish","has-post-thumbnail","hentry"],"acf":[],"yoast_head":"<!-- This site is optimized with the Yoast SEO plugin v27.3 - https:\/\/yoast.com\/product\/yoast-seo-wordpress\/ -->\n<title>Flora i fauna - Visit Empord\u00e0<\/title>\n<meta name=\"robots\" content=\"index, follow, max-snippet:-1, max-image-preview:large, max-video-preview:-1\" \/>\n<link rel=\"canonical\" href=\"https:\/\/visitemporda.com\/es\/recomendaciones\/propostes\/territori-i-natura\/el-mar-i-la-costa\/flora-i-fauna\/\" \/>\n<meta property=\"og:locale\" content=\"es_ES\" \/>\n<meta property=\"og:type\" content=\"article\" \/>\n<meta property=\"og:title\" content=\"Flora i fauna - Visit Empord\u00e0\" \/>\n<meta property=\"og:description\" content=\"La visi\u00f3n de la costa desde el mar es de una belleza sublime. Su singular relieve, con predominio de los imponentes acantilados y variados roquedales son acompa\u00f1adas por una flora y una fauna aut\u00f3ctona. La presencia de espacios litorales protegidos a lo largo de la comarca contribuyen a preservar h\u00e1bitats y especies propias tanto terrestres [&hellip;]\" \/>\n<meta property=\"og:url\" content=\"https:\/\/visitemporda.com\/es\/recomendaciones\/propostes\/territori-i-natura\/el-mar-i-la-costa\/flora-i-fauna\/\" \/>\n<meta property=\"og:site_name\" content=\"Visit Empord\u00e0\" \/>\n<meta property=\"article:publisher\" content=\"https:\/\/www.facebook.com\/baixempordaturisme\" \/>\n<meta property=\"article:modified_time\" content=\"2020-09-28T11:49:19+00:00\" \/>\n<meta property=\"og:image\" content=\"https:\/\/visitemporda.com\/wp-content\/uploads\/2019\/12\/DSC00276-1024x768.jpg\" \/>\n\t<meta property=\"og:image:width\" content=\"1024\" \/>\n\t<meta property=\"og:image:height\" content=\"768\" \/>\n\t<meta property=\"og:image:type\" content=\"image\/jpeg\" \/>\n<meta name=\"twitter:card\" content=\"summary_large_image\" \/>\n<meta name=\"twitter:site\" content=\"@baixemporda_tur\" \/>\n<meta name=\"twitter:label1\" content=\"Tiempo de lectura\" \/>\n\t<meta name=\"twitter:data1\" content=\"2 minutos\" \/>\n<script type=\"application\/ld+json\" class=\"yoast-schema-graph\">{\"@context\":\"https:\\\/\\\/schema.org\",\"@graph\":[{\"@type\":\"WebPage\",\"@id\":\"https:\\\/\\\/visitemporda.com\\\/es\\\/recomendaciones\\\/propostes\\\/territori-i-natura\\\/el-mar-i-la-costa\\\/flora-i-fauna\\\/\",\"url\":\"https:\\\/\\\/visitemporda.com\\\/es\\\/recomendaciones\\\/propostes\\\/territori-i-natura\\\/el-mar-i-la-costa\\\/flora-i-fauna\\\/\",\"name\":\"Flora i fauna - Visit Empord\u00e0\",\"isPartOf\":{\"@id\":\"https:\\\/\\\/visitemporda.com\\\/es\\\/#website\"},\"primaryImageOfPage\":{\"@id\":\"https:\\\/\\\/visitemporda.com\\\/es\\\/recomendaciones\\\/propostes\\\/territori-i-natura\\\/el-mar-i-la-costa\\\/flora-i-fauna\\\/#primaryimage\"},\"image\":{\"@id\":\"https:\\\/\\\/visitemporda.com\\\/es\\\/recomendaciones\\\/propostes\\\/territori-i-natura\\\/el-mar-i-la-costa\\\/flora-i-fauna\\\/#primaryimage\"},\"thumbnailUrl\":\"https:\\\/\\\/visitemporda.com\\\/wp-content\\\/uploads\\\/2019\\\/12\\\/DSC00276.jpg\",\"datePublished\":\"2020-01-02T10:47:58+00:00\",\"dateModified\":\"2020-09-28T11:49:19+00:00\",\"breadcrumb\":{\"@id\":\"https:\\\/\\\/visitemporda.com\\\/es\\\/recomendaciones\\\/propostes\\\/territori-i-natura\\\/el-mar-i-la-costa\\\/flora-i-fauna\\\/#breadcrumb\"},\"inLanguage\":\"es\",\"potentialAction\":[{\"@type\":\"ReadAction\",\"target\":[\"https:\\\/\\\/visitemporda.com\\\/es\\\/recomendaciones\\\/propostes\\\/territori-i-natura\\\/el-mar-i-la-costa\\\/flora-i-fauna\\\/\"]}]},{\"@type\":\"ImageObject\",\"inLanguage\":\"es\",\"@id\":\"https:\\\/\\\/visitemporda.com\\\/es\\\/recomendaciones\\\/propostes\\\/territori-i-natura\\\/el-mar-i-la-costa\\\/flora-i-fauna\\\/#primaryimage\",\"url\":\"https:\\\/\\\/visitemporda.com\\\/wp-content\\\/uploads\\\/2019\\\/12\\\/DSC00276.jpg\",\"contentUrl\":\"https:\\\/\\\/visitemporda.com\\\/wp-content\\\/uploads\\\/2019\\\/12\\\/DSC00276.jpg\",\"width\":4896,\"height\":3672,\"caption\":\"gavina a dalt d'un arbre on hi t\u00e9 un niu\"},{\"@type\":\"BreadcrumbList\",\"@id\":\"https:\\\/\\\/visitemporda.com\\\/es\\\/recomendaciones\\\/propostes\\\/territori-i-natura\\\/el-mar-i-la-costa\\\/flora-i-fauna\\\/#breadcrumb\",\"itemListElement\":[{\"@type\":\"ListItem\",\"position\":1,\"name\":\"Inici\",\"item\":\"https:\\\/\\\/visitemporda.com\\\/es\\\/\"},{\"@type\":\"ListItem\",\"position\":2,\"name\":\"Recomendaciones\",\"item\":\"https:\\\/\\\/visitemporda.com\\\/es\\\/recomendaciones\\\/\"},{\"@type\":\"ListItem\",\"position\":3,\"name\":\"Qu\u00e9 hacer\",\"item\":\"https:\\\/\\\/visitemporda.com\\\/es\\\/recomendaciones\\\/propostes\\\/\"},{\"@type\":\"ListItem\",\"position\":4,\"name\":\"Propuestas de naturaleza\",\"item\":\"https:\\\/\\\/visitemporda.com\\\/es\\\/recomendaciones\\\/propostes\\\/territori-i-natura\\\/\"},{\"@type\":\"ListItem\",\"position\":5,\"name\":\"El mar y la costa\",\"item\":\"https:\\\/\\\/visitemporda.com\\\/es\\\/recomendaciones\\\/propostes\\\/territori-i-natura\\\/el-mar-i-la-costa\\\/\"},{\"@type\":\"ListItem\",\"position\":6,\"name\":\"Flora i fauna\"}]},{\"@type\":\"WebSite\",\"@id\":\"https:\\\/\\\/visitemporda.com\\\/es\\\/#website\",\"url\":\"https:\\\/\\\/visitemporda.com\\\/es\\\/\",\"name\":\"Visit Empord\u00e0\",\"description\":\"Web tur\u00edstica oficial del Baix Empord\u00e0\",\"publisher\":{\"@id\":\"https:\\\/\\\/visitemporda.com\\\/es\\\/#organization\"},\"potentialAction\":[{\"@type\":\"SearchAction\",\"target\":{\"@type\":\"EntryPoint\",\"urlTemplate\":\"https:\\\/\\\/visitemporda.com\\\/es\\\/?s={search_term_string}\"},\"query-input\":{\"@type\":\"PropertyValueSpecification\",\"valueRequired\":true,\"valueName\":\"search_term_string\"}}],\"inLanguage\":\"es\"},{\"@type\":\"Organization\",\"@id\":\"https:\\\/\\\/visitemporda.com\\\/es\\\/#organization\",\"name\":\"Consell Comarcal del Baix Empord\u00e0\",\"url\":\"https:\\\/\\\/visitemporda.com\\\/es\\\/\",\"logo\":{\"@type\":\"ImageObject\",\"inLanguage\":\"es\",\"@id\":\"https:\\\/\\\/visitemporda.com\\\/es\\\/#\\\/schema\\\/logo\\\/image\\\/\",\"url\":\"https:\\\/\\\/visitemporda.com\\\/wp-content\\\/uploads\\\/2024\\\/11\\\/Logotip_CCBE.png\",\"contentUrl\":\"https:\\\/\\\/visitemporda.com\\\/wp-content\\\/uploads\\\/2024\\\/11\\\/Logotip_CCBE.png\",\"width\":3617,\"height\":3617,\"caption\":\"Consell Comarcal del Baix Empord\u00e0\"},\"image\":{\"@id\":\"https:\\\/\\\/visitemporda.com\\\/es\\\/#\\\/schema\\\/logo\\\/image\\\/\"},\"sameAs\":[\"https:\\\/\\\/www.facebook.com\\\/baixempordaturisme\",\"https:\\\/\\\/x.com\\\/baixemporda_tur\",\"https:\\\/\\\/www.instagram.com\\\/visitemporda\"]}]}<\/script>\n<!-- \/ Yoast SEO plugin. -->","yoast_head_json":{"title":"Flora i fauna - Visit Empord\u00e0","robots":{"index":"index","follow":"follow","max-snippet":"max-snippet:-1","max-image-preview":"max-image-preview:large","max-video-preview":"max-video-preview:-1"},"canonical":"https:\/\/visitemporda.com\/es\/recomendaciones\/propostes\/territori-i-natura\/el-mar-i-la-costa\/flora-i-fauna\/","og_locale":"es_ES","og_type":"article","og_title":"Flora i fauna - Visit Empord\u00e0","og_description":"La visi\u00f3n de la costa desde el mar es de una belleza sublime. Su singular relieve, con predominio de los imponentes acantilados y variados roquedales son acompa\u00f1adas por una flora y una fauna aut\u00f3ctona. La presencia de espacios litorales protegidos a lo largo de la comarca contribuyen a preservar h\u00e1bitats y especies propias tanto terrestres [&hellip;]","og_url":"https:\/\/visitemporda.com\/es\/recomendaciones\/propostes\/territori-i-natura\/el-mar-i-la-costa\/flora-i-fauna\/","og_site_name":"Visit Empord\u00e0","article_publisher":"https:\/\/www.facebook.com\/baixempordaturisme","article_modified_time":"2020-09-28T11:49:19+00:00","og_image":[{"width":1024,"height":768,"url":"https:\/\/visitemporda.com\/wp-content\/uploads\/2019\/12\/DSC00276-1024x768.jpg","type":"image\/jpeg"}],"twitter_card":"summary_large_image","twitter_site":"@baixemporda_tur","twitter_misc":{"Tiempo de lectura":"2 minutos"},"schema":{"@context":"https:\/\/schema.org","@graph":[{"@type":"WebPage","@id":"https:\/\/visitemporda.com\/es\/recomendaciones\/propostes\/territori-i-natura\/el-mar-i-la-costa\/flora-i-fauna\/","url":"https:\/\/visitemporda.com\/es\/recomendaciones\/propostes\/territori-i-natura\/el-mar-i-la-costa\/flora-i-fauna\/","name":"Flora i fauna - Visit Empord\u00e0","isPartOf":{"@id":"https:\/\/visitemporda.com\/es\/#website"},"primaryImageOfPage":{"@id":"https:\/\/visitemporda.com\/es\/recomendaciones\/propostes\/territori-i-natura\/el-mar-i-la-costa\/flora-i-fauna\/#primaryimage"},"image":{"@id":"https:\/\/visitemporda.com\/es\/recomendaciones\/propostes\/territori-i-natura\/el-mar-i-la-costa\/flora-i-fauna\/#primaryimage"},"thumbnailUrl":"https:\/\/visitemporda.com\/wp-content\/uploads\/2019\/12\/DSC00276.jpg","datePublished":"2020-01-02T10:47:58+00:00","dateModified":"2020-09-28T11:49:19+00:00","breadcrumb":{"@id":"https:\/\/visitemporda.com\/es\/recomendaciones\/propostes\/territori-i-natura\/el-mar-i-la-costa\/flora-i-fauna\/#breadcrumb"},"inLanguage":"es","potentialAction":[{"@type":"ReadAction","target":["https:\/\/visitemporda.com\/es\/recomendaciones\/propostes\/territori-i-natura\/el-mar-i-la-costa\/flora-i-fauna\/"]}]},{"@type":"ImageObject","inLanguage":"es","@id":"https:\/\/visitemporda.com\/es\/recomendaciones\/propostes\/territori-i-natura\/el-mar-i-la-costa\/flora-i-fauna\/#primaryimage","url":"https:\/\/visitemporda.com\/wp-content\/uploads\/2019\/12\/DSC00276.jpg","contentUrl":"https:\/\/visitemporda.com\/wp-content\/uploads\/2019\/12\/DSC00276.jpg","width":4896,"height":3672,"caption":"gavina a dalt d'un arbre on hi t\u00e9 un niu"},{"@type":"BreadcrumbList","@id":"https:\/\/visitemporda.com\/es\/recomendaciones\/propostes\/territori-i-natura\/el-mar-i-la-costa\/flora-i-fauna\/#breadcrumb","itemListElement":[{"@type":"ListItem","position":1,"name":"Inici","item":"https:\/\/visitemporda.com\/es\/"},{"@type":"ListItem","position":2,"name":"Recomendaciones","item":"https:\/\/visitemporda.com\/es\/recomendaciones\/"},{"@type":"ListItem","position":3,"name":"Qu\u00e9 hacer","item":"https:\/\/visitemporda.com\/es\/recomendaciones\/propostes\/"},{"@type":"ListItem","position":4,"name":"Propuestas de naturaleza","item":"https:\/\/visitemporda.com\/es\/recomendaciones\/propostes\/territori-i-natura\/"},{"@type":"ListItem","position":5,"name":"El mar y la costa","item":"https:\/\/visitemporda.com\/es\/recomendaciones\/propostes\/territori-i-natura\/el-mar-i-la-costa\/"},{"@type":"ListItem","position":6,"name":"Flora i fauna"}]},{"@type":"WebSite","@id":"https:\/\/visitemporda.com\/es\/#website","url":"https:\/\/visitemporda.com\/es\/","name":"Visit Empord\u00e0","description":"Web tur\u00edstica oficial del Baix Empord\u00e0","publisher":{"@id":"https:\/\/visitemporda.com\/es\/#organization"},"potentialAction":[{"@type":"SearchAction","target":{"@type":"EntryPoint","urlTemplate":"https:\/\/visitemporda.com\/es\/?s={search_term_string}"},"query-input":{"@type":"PropertyValueSpecification","valueRequired":true,"valueName":"search_term_string"}}],"inLanguage":"es"},{"@type":"Organization","@id":"https:\/\/visitemporda.com\/es\/#organization","name":"Consell Comarcal del Baix Empord\u00e0","url":"https:\/\/visitemporda.com\/es\/","logo":{"@type":"ImageObject","inLanguage":"es","@id":"https:\/\/visitemporda.com\/es\/#\/schema\/logo\/image\/","url":"https:\/\/visitemporda.com\/wp-content\/uploads\/2024\/11\/Logotip_CCBE.png","contentUrl":"https:\/\/visitemporda.com\/wp-content\/uploads\/2024\/11\/Logotip_CCBE.png","width":3617,"height":3617,"caption":"Consell Comarcal del Baix Empord\u00e0"},"image":{"@id":"https:\/\/visitemporda.com\/es\/#\/schema\/logo\/image\/"},"sameAs":["https:\/\/www.facebook.com\/baixempordaturisme","https:\/\/x.com\/baixemporda_tur","https:\/\/www.instagram.com\/visitemporda"]}]}},"_links":{"self":[{"href":"https:\/\/visitemporda.com\/es\/wp-json\/wp\/v2\/pages\/20250","targetHints":{"allow":["GET"]}}],"collection":[{"href":"https:\/\/visitemporda.com\/es\/wp-json\/wp\/v2\/pages"}],"about":[{"href":"https:\/\/visitemporda.com\/es\/wp-json\/wp\/v2\/types\/page"}],"author":[{"embeddable":true,"href":"https:\/\/visitemporda.com\/es\/wp-json\/wp\/v2\/users\/2"}],"replies":[{"embeddable":true,"href":"https:\/\/visitemporda.com\/es\/wp-json\/wp\/v2\/comments?post=20250"}],"version-history":[{"count":1,"href":"https:\/\/visitemporda.com\/es\/wp-json\/wp\/v2\/pages\/20250\/revisions"}],"predecessor-version":[{"id":20251,"href":"https:\/\/visitemporda.com\/es\/wp-json\/wp\/v2\/pages\/20250\/revisions\/20251"}],"up":[{"embeddable":true,"href":"https:\/\/visitemporda.com\/es\/wp-json\/wp\/v2\/pages\/20187"}],"wp:featuredmedia":[{"embeddable":true,"href":"https:\/\/visitemporda.com\/es\/wp-json\/wp\/v2\/media\/13909"}],"wp:attachment":[{"href":"https:\/\/visitemporda.com\/es\/wp-json\/wp\/v2\/media?parent=20250"}],"curies":[{"name":"wp","href":"https:\/\/api.w.org\/{rel}","templated":true}]}}