

{"id":20247,"date":"2020-01-02T11:46:30","date_gmt":"2020-01-02T10:46:30","guid":{"rendered":"http:\/\/visitemporda.com\/planifica\/territori-i-natura\/el-mar-i-la-costa\/illes-illots-i-altres-formacions-rocoses\/"},"modified":"2021-05-22T18:17:45","modified_gmt":"2021-05-22T16:17:45","slug":"illes-illots-i-altres-formacions-rocoses","status":"publish","type":"page","link":"https:\/\/visitemporda.com\/es\/recomendaciones\/propostes\/territori-i-natura\/el-mar-i-la-costa\/illes-illots-i-altres-formacions-rocoses\/","title":{"rendered":"Islas, islotes y otras formaciones rocosas"},"content":{"rendered":"<p class=\"p1\"><span class=\"s1\">Una de las huellas que nos ha dejado el efecto del mar en el territorio es la configuraci\u00f3n de islas y de islotes. Formaciones de rocas que se separaron de la costa y que hoy contribuyen a la creaci\u00f3n de este paisaje tan caracter\u00edstico. Su posici\u00f3n y su original fisonom\u00eda generan figuras y espacios rec\u00f3nditos, refugio de calma en algunos momentos, pero que tambi\u00e9n pueden ser una amenaza para navegantes en d\u00edas de mar brava. \u00a1Siempre con precauci\u00f3n, pero se trata de un patrimonio que se debe ver de cerca!<\/span><\/p>\n<p class=\"p1\"><span class=\"s1\">Las Islas con m\u00e1s renombre de la comarca son las Islas Medes, un archipi\u00e9lago de islas situado a poco m\u00e1s de un kil\u00f3metro del\u2019Estartit, dentro del parque natural del Montgr\u00ed, las Islas Medes y el Baix Ter. Un espacio protegido, pero tambi\u00e9n un para\u00edso para los amantes de la naturaleza y de las actividades subacu\u00e1ticas.<\/span><\/p>\n<p class=\"p1\"><span class=\"s1\">Las Islas Formigues, islas que establecen los l\u00edmites de los t\u00e9rminos municipales de Palam\u00f3s, Palafrugell y Mont-ras son tambi\u00e9n una referencia para navegantes y fueron sede de una de las batallas navales m\u00e1s importantes de la historia donde, hacia finales del siglo XIII , la flota francesa fue derrotada por el almirante Roger de Ll\u00faria, durante el reinado de Pere el Gran.<\/span><\/p>\n<p class=\"p1\"><span class=\"s1\">Otras islas y tambi\u00e9n algunos islotes permanecen muy cerca de la costa. Algunosejemplos son la isla del Freu (Sant Feliu de Gu\u00edxols), la Isla de XXXX (S&#8217;Agar\u00f3), la roca dels Musclos (Calonge), las islas del Cabo de Planes (Palam\u00f3s), la Isla Blanca y la Isla Negra (Begur) o la Isla de la Pedrosa (L&#8217;Estartit).<\/span><\/p>\n<p class=\"p1\"><span class=\"s1\">Tambi\u00e9n son imponentes los acantilados que en algunos puntos de la costa pueden alcanzar una altura de hasta 100 metros. Y son curiosas algunas formaciones rocosas que con el tiempo se han ido modulando hasta crear misteriosas cuevas u otras cavidades que s\u00f3lo podr\u00e1 descubrir desde el mar. Es el caso de la Cala Foradada cerca de la Playa de Castell (Palam\u00f3s), la Roca Foradada en la costa del Montgr\u00ed (L&#8217;Estartit) y las cuevas d\u2019en Gispert o del Bisbe (Tamariu).<\/span><\/p>\n<p class=\"p3\"><span class=\"s1\">Finalmente son destacables algunas rocas y piedras que, por sus dimensiones y formas, dan nombre a diferentes playas y calas. As\u00ed se puede identificar Cavall Bernat (Platja d\u2019Aro), Cap Roig o Roques Planes (Calonge), La Fosca (Palam\u00f3s) o Illa Roja (Begur).<\/span><\/p>\n","protected":false},"excerpt":{"rendered":"<p>Una de las huellas que nos ha dejado el efecto del mar en el territorio es la configuraci\u00f3n de islas y de islotes. Formaciones de rocas que se separaron de la costa y que hoy contribuyen a la creaci\u00f3n de este paisaje tan caracter\u00edstico. Su posici\u00f3n y su original fisonom\u00eda generan figuras y espacios rec\u00f3nditos, [&hellip;]<\/p>\n","protected":false},"author":2,"featured_media":13905,"parent":20187,"menu_order":0,"comment_status":"closed","ping_status":"closed","template":"page-templates\/fitxa-campanyes-gastronomiques.php","meta":{"_acf_changed":false,"footnotes":""},"class_list":["post-20247","page","type-page","status-publish","has-post-thumbnail","hentry"],"acf":[],"yoast_head":"<!-- This site is optimized with the Yoast SEO plugin v27.3 - https:\/\/yoast.com\/product\/yoast-seo-wordpress\/ -->\n<title>Islas, islotes y otras formaciones rocosas - Visit Empord\u00e0<\/title>\n<meta name=\"robots\" content=\"index, follow, max-snippet:-1, max-image-preview:large, max-video-preview:-1\" \/>\n<link rel=\"canonical\" href=\"https:\/\/visitemporda.com\/es\/recomendaciones\/propostes\/territori-i-natura\/el-mar-i-la-costa\/illes-illots-i-altres-formacions-rocoses\/\" \/>\n<meta property=\"og:locale\" content=\"es_ES\" \/>\n<meta property=\"og:type\" content=\"article\" \/>\n<meta property=\"og:title\" content=\"Islas, islotes y otras formaciones rocosas - Visit Empord\u00e0\" \/>\n<meta property=\"og:description\" content=\"Una de las huellas que nos ha dejado el efecto del mar en el territorio es la configuraci\u00f3n de islas y de islotes. Formaciones de rocas que se separaron de la costa y que hoy contribuyen a la creaci\u00f3n de este paisaje tan caracter\u00edstico. Su posici\u00f3n y su original fisonom\u00eda generan figuras y espacios rec\u00f3nditos, [&hellip;]\" \/>\n<meta property=\"og:url\" content=\"https:\/\/visitemporda.com\/es\/recomendaciones\/propostes\/territori-i-natura\/el-mar-i-la-costa\/illes-illots-i-altres-formacions-rocoses\/\" \/>\n<meta property=\"og:site_name\" content=\"Visit Empord\u00e0\" \/>\n<meta property=\"article:publisher\" content=\"https:\/\/www.facebook.com\/baixempordaturisme\" \/>\n<meta property=\"article:modified_time\" content=\"2021-05-22T16:17:45+00:00\" \/>\n<meta property=\"og:image\" content=\"https:\/\/visitemporda.com\/wp-content\/uploads\/2019\/12\/Illes-Medes-3-Montse-Nualart-1024x683.jpg\" \/>\n\t<meta property=\"og:image:width\" content=\"1024\" \/>\n\t<meta property=\"og:image:height\" content=\"683\" \/>\n\t<meta property=\"og:image:type\" content=\"image\/jpeg\" \/>\n<meta name=\"twitter:card\" content=\"summary_large_image\" \/>\n<meta name=\"twitter:site\" content=\"@baixemporda_tur\" \/>\n<meta name=\"twitter:label1\" content=\"Tiempo de lectura\" \/>\n\t<meta name=\"twitter:data1\" content=\"2 minutos\" \/>\n<script type=\"application\/ld+json\" class=\"yoast-schema-graph\">{\"@context\":\"https:\\\/\\\/schema.org\",\"@graph\":[{\"@type\":\"WebPage\",\"@id\":\"https:\\\/\\\/visitemporda.com\\\/es\\\/recomendaciones\\\/propostes\\\/territori-i-natura\\\/el-mar-i-la-costa\\\/illes-illots-i-altres-formacions-rocoses\\\/\",\"url\":\"https:\\\/\\\/visitemporda.com\\\/es\\\/recomendaciones\\\/propostes\\\/territori-i-natura\\\/el-mar-i-la-costa\\\/illes-illots-i-altres-formacions-rocoses\\\/\",\"name\":\"Islas, islotes y otras formaciones rocosas - Visit Empord\u00e0\",\"isPartOf\":{\"@id\":\"https:\\\/\\\/visitemporda.com\\\/es\\\/#website\"},\"primaryImageOfPage\":{\"@id\":\"https:\\\/\\\/visitemporda.com\\\/es\\\/recomendaciones\\\/propostes\\\/territori-i-natura\\\/el-mar-i-la-costa\\\/illes-illots-i-altres-formacions-rocoses\\\/#primaryimage\"},\"image\":{\"@id\":\"https:\\\/\\\/visitemporda.com\\\/es\\\/recomendaciones\\\/propostes\\\/territori-i-natura\\\/el-mar-i-la-costa\\\/illes-illots-i-altres-formacions-rocoses\\\/#primaryimage\"},\"thumbnailUrl\":\"https:\\\/\\\/visitemporda.com\\\/wp-content\\\/uploads\\\/2019\\\/12\\\/Illes-Medes-3-Montse-Nualart.jpg\",\"datePublished\":\"2020-01-02T10:46:30+00:00\",\"dateModified\":\"2021-05-22T16:17:45+00:00\",\"breadcrumb\":{\"@id\":\"https:\\\/\\\/visitemporda.com\\\/es\\\/recomendaciones\\\/propostes\\\/territori-i-natura\\\/el-mar-i-la-costa\\\/illes-illots-i-altres-formacions-rocoses\\\/#breadcrumb\"},\"inLanguage\":\"es\",\"potentialAction\":[{\"@type\":\"ReadAction\",\"target\":[\"https:\\\/\\\/visitemporda.com\\\/es\\\/recomendaciones\\\/propostes\\\/territori-i-natura\\\/el-mar-i-la-costa\\\/illes-illots-i-altres-formacions-rocoses\\\/\"]}]},{\"@type\":\"ImageObject\",\"inLanguage\":\"es\",\"@id\":\"https:\\\/\\\/visitemporda.com\\\/es\\\/recomendaciones\\\/propostes\\\/territori-i-natura\\\/el-mar-i-la-costa\\\/illes-illots-i-altres-formacions-rocoses\\\/#primaryimage\",\"url\":\"https:\\\/\\\/visitemporda.com\\\/wp-content\\\/uploads\\\/2019\\\/12\\\/Illes-Medes-3-Montse-Nualart.jpg\",\"contentUrl\":\"https:\\\/\\\/visitemporda.com\\\/wp-content\\\/uploads\\\/2019\\\/12\\\/Illes-Medes-3-Montse-Nualart.jpg\",\"width\":5184,\"height\":3456,\"caption\":\"Illes Medes\"},{\"@type\":\"BreadcrumbList\",\"@id\":\"https:\\\/\\\/visitemporda.com\\\/es\\\/recomendaciones\\\/propostes\\\/territori-i-natura\\\/el-mar-i-la-costa\\\/illes-illots-i-altres-formacions-rocoses\\\/#breadcrumb\",\"itemListElement\":[{\"@type\":\"ListItem\",\"position\":1,\"name\":\"Inici\",\"item\":\"https:\\\/\\\/visitemporda.com\\\/es\\\/\"},{\"@type\":\"ListItem\",\"position\":2,\"name\":\"Recomendaciones\",\"item\":\"https:\\\/\\\/visitemporda.com\\\/es\\\/recomendaciones\\\/\"},{\"@type\":\"ListItem\",\"position\":3,\"name\":\"Qu\u00e9 hacer\",\"item\":\"https:\\\/\\\/visitemporda.com\\\/es\\\/recomendaciones\\\/propostes\\\/\"},{\"@type\":\"ListItem\",\"position\":4,\"name\":\"Propuestas de naturaleza\",\"item\":\"https:\\\/\\\/visitemporda.com\\\/es\\\/recomendaciones\\\/propostes\\\/territori-i-natura\\\/\"},{\"@type\":\"ListItem\",\"position\":5,\"name\":\"El mar y la costa\",\"item\":\"https:\\\/\\\/visitemporda.com\\\/es\\\/recomendaciones\\\/propostes\\\/territori-i-natura\\\/el-mar-i-la-costa\\\/\"},{\"@type\":\"ListItem\",\"position\":6,\"name\":\"Islas, islotes y otras formaciones rocosas\"}]},{\"@type\":\"WebSite\",\"@id\":\"https:\\\/\\\/visitemporda.com\\\/es\\\/#website\",\"url\":\"https:\\\/\\\/visitemporda.com\\\/es\\\/\",\"name\":\"Visit Empord\u00e0\",\"description\":\"Web tur\u00edstica oficial del Baix Empord\u00e0\",\"publisher\":{\"@id\":\"https:\\\/\\\/visitemporda.com\\\/es\\\/#organization\"},\"potentialAction\":[{\"@type\":\"SearchAction\",\"target\":{\"@type\":\"EntryPoint\",\"urlTemplate\":\"https:\\\/\\\/visitemporda.com\\\/es\\\/?s={search_term_string}\"},\"query-input\":{\"@type\":\"PropertyValueSpecification\",\"valueRequired\":true,\"valueName\":\"search_term_string\"}}],\"inLanguage\":\"es\"},{\"@type\":\"Organization\",\"@id\":\"https:\\\/\\\/visitemporda.com\\\/es\\\/#organization\",\"name\":\"Consell Comarcal del Baix Empord\u00e0\",\"url\":\"https:\\\/\\\/visitemporda.com\\\/es\\\/\",\"logo\":{\"@type\":\"ImageObject\",\"inLanguage\":\"es\",\"@id\":\"https:\\\/\\\/visitemporda.com\\\/es\\\/#\\\/schema\\\/logo\\\/image\\\/\",\"url\":\"https:\\\/\\\/visitemporda.com\\\/wp-content\\\/uploads\\\/2024\\\/11\\\/Logotip_CCBE.png\",\"contentUrl\":\"https:\\\/\\\/visitemporda.com\\\/wp-content\\\/uploads\\\/2024\\\/11\\\/Logotip_CCBE.png\",\"width\":3617,\"height\":3617,\"caption\":\"Consell Comarcal del Baix Empord\u00e0\"},\"image\":{\"@id\":\"https:\\\/\\\/visitemporda.com\\\/es\\\/#\\\/schema\\\/logo\\\/image\\\/\"},\"sameAs\":[\"https:\\\/\\\/www.facebook.com\\\/baixempordaturisme\",\"https:\\\/\\\/x.com\\\/baixemporda_tur\",\"https:\\\/\\\/www.instagram.com\\\/visitemporda\"]}]}<\/script>\n<!-- \/ Yoast SEO plugin. -->","yoast_head_json":{"title":"Islas, islotes y otras formaciones rocosas - Visit Empord\u00e0","robots":{"index":"index","follow":"follow","max-snippet":"max-snippet:-1","max-image-preview":"max-image-preview:large","max-video-preview":"max-video-preview:-1"},"canonical":"https:\/\/visitemporda.com\/es\/recomendaciones\/propostes\/territori-i-natura\/el-mar-i-la-costa\/illes-illots-i-altres-formacions-rocoses\/","og_locale":"es_ES","og_type":"article","og_title":"Islas, islotes y otras formaciones rocosas - Visit Empord\u00e0","og_description":"Una de las huellas que nos ha dejado el efecto del mar en el territorio es la configuraci\u00f3n de islas y de islotes. Formaciones de rocas que se separaron de la costa y que hoy contribuyen a la creaci\u00f3n de este paisaje tan caracter\u00edstico. Su posici\u00f3n y su original fisonom\u00eda generan figuras y espacios rec\u00f3nditos, [&hellip;]","og_url":"https:\/\/visitemporda.com\/es\/recomendaciones\/propostes\/territori-i-natura\/el-mar-i-la-costa\/illes-illots-i-altres-formacions-rocoses\/","og_site_name":"Visit Empord\u00e0","article_publisher":"https:\/\/www.facebook.com\/baixempordaturisme","article_modified_time":"2021-05-22T16:17:45+00:00","og_image":[{"width":1024,"height":683,"url":"https:\/\/visitemporda.com\/wp-content\/uploads\/2019\/12\/Illes-Medes-3-Montse-Nualart-1024x683.jpg","type":"image\/jpeg"}],"twitter_card":"summary_large_image","twitter_site":"@baixemporda_tur","twitter_misc":{"Tiempo de lectura":"2 minutos"},"schema":{"@context":"https:\/\/schema.org","@graph":[{"@type":"WebPage","@id":"https:\/\/visitemporda.com\/es\/recomendaciones\/propostes\/territori-i-natura\/el-mar-i-la-costa\/illes-illots-i-altres-formacions-rocoses\/","url":"https:\/\/visitemporda.com\/es\/recomendaciones\/propostes\/territori-i-natura\/el-mar-i-la-costa\/illes-illots-i-altres-formacions-rocoses\/","name":"Islas, islotes y otras formaciones rocosas - Visit Empord\u00e0","isPartOf":{"@id":"https:\/\/visitemporda.com\/es\/#website"},"primaryImageOfPage":{"@id":"https:\/\/visitemporda.com\/es\/recomendaciones\/propostes\/territori-i-natura\/el-mar-i-la-costa\/illes-illots-i-altres-formacions-rocoses\/#primaryimage"},"image":{"@id":"https:\/\/visitemporda.com\/es\/recomendaciones\/propostes\/territori-i-natura\/el-mar-i-la-costa\/illes-illots-i-altres-formacions-rocoses\/#primaryimage"},"thumbnailUrl":"https:\/\/visitemporda.com\/wp-content\/uploads\/2019\/12\/Illes-Medes-3-Montse-Nualart.jpg","datePublished":"2020-01-02T10:46:30+00:00","dateModified":"2021-05-22T16:17:45+00:00","breadcrumb":{"@id":"https:\/\/visitemporda.com\/es\/recomendaciones\/propostes\/territori-i-natura\/el-mar-i-la-costa\/illes-illots-i-altres-formacions-rocoses\/#breadcrumb"},"inLanguage":"es","potentialAction":[{"@type":"ReadAction","target":["https:\/\/visitemporda.com\/es\/recomendaciones\/propostes\/territori-i-natura\/el-mar-i-la-costa\/illes-illots-i-altres-formacions-rocoses\/"]}]},{"@type":"ImageObject","inLanguage":"es","@id":"https:\/\/visitemporda.com\/es\/recomendaciones\/propostes\/territori-i-natura\/el-mar-i-la-costa\/illes-illots-i-altres-formacions-rocoses\/#primaryimage","url":"https:\/\/visitemporda.com\/wp-content\/uploads\/2019\/12\/Illes-Medes-3-Montse-Nualart.jpg","contentUrl":"https:\/\/visitemporda.com\/wp-content\/uploads\/2019\/12\/Illes-Medes-3-Montse-Nualart.jpg","width":5184,"height":3456,"caption":"Illes Medes"},{"@type":"BreadcrumbList","@id":"https:\/\/visitemporda.com\/es\/recomendaciones\/propostes\/territori-i-natura\/el-mar-i-la-costa\/illes-illots-i-altres-formacions-rocoses\/#breadcrumb","itemListElement":[{"@type":"ListItem","position":1,"name":"Inici","item":"https:\/\/visitemporda.com\/es\/"},{"@type":"ListItem","position":2,"name":"Recomendaciones","item":"https:\/\/visitemporda.com\/es\/recomendaciones\/"},{"@type":"ListItem","position":3,"name":"Qu\u00e9 hacer","item":"https:\/\/visitemporda.com\/es\/recomendaciones\/propostes\/"},{"@type":"ListItem","position":4,"name":"Propuestas de naturaleza","item":"https:\/\/visitemporda.com\/es\/recomendaciones\/propostes\/territori-i-natura\/"},{"@type":"ListItem","position":5,"name":"El mar y la costa","item":"https:\/\/visitemporda.com\/es\/recomendaciones\/propostes\/territori-i-natura\/el-mar-i-la-costa\/"},{"@type":"ListItem","position":6,"name":"Islas, islotes y otras formaciones rocosas"}]},{"@type":"WebSite","@id":"https:\/\/visitemporda.com\/es\/#website","url":"https:\/\/visitemporda.com\/es\/","name":"Visit Empord\u00e0","description":"Web tur\u00edstica oficial del Baix Empord\u00e0","publisher":{"@id":"https:\/\/visitemporda.com\/es\/#organization"},"potentialAction":[{"@type":"SearchAction","target":{"@type":"EntryPoint","urlTemplate":"https:\/\/visitemporda.com\/es\/?s={search_term_string}"},"query-input":{"@type":"PropertyValueSpecification","valueRequired":true,"valueName":"search_term_string"}}],"inLanguage":"es"},{"@type":"Organization","@id":"https:\/\/visitemporda.com\/es\/#organization","name":"Consell Comarcal del Baix Empord\u00e0","url":"https:\/\/visitemporda.com\/es\/","logo":{"@type":"ImageObject","inLanguage":"es","@id":"https:\/\/visitemporda.com\/es\/#\/schema\/logo\/image\/","url":"https:\/\/visitemporda.com\/wp-content\/uploads\/2024\/11\/Logotip_CCBE.png","contentUrl":"https:\/\/visitemporda.com\/wp-content\/uploads\/2024\/11\/Logotip_CCBE.png","width":3617,"height":3617,"caption":"Consell Comarcal del Baix Empord\u00e0"},"image":{"@id":"https:\/\/visitemporda.com\/es\/#\/schema\/logo\/image\/"},"sameAs":["https:\/\/www.facebook.com\/baixempordaturisme","https:\/\/x.com\/baixemporda_tur","https:\/\/www.instagram.com\/visitemporda"]}]}},"_links":{"self":[{"href":"https:\/\/visitemporda.com\/es\/wp-json\/wp\/v2\/pages\/20247","targetHints":{"allow":["GET"]}}],"collection":[{"href":"https:\/\/visitemporda.com\/es\/wp-json\/wp\/v2\/pages"}],"about":[{"href":"https:\/\/visitemporda.com\/es\/wp-json\/wp\/v2\/types\/page"}],"author":[{"embeddable":true,"href":"https:\/\/visitemporda.com\/es\/wp-json\/wp\/v2\/users\/2"}],"replies":[{"embeddable":true,"href":"https:\/\/visitemporda.com\/es\/wp-json\/wp\/v2\/comments?post=20247"}],"version-history":[{"count":4,"href":"https:\/\/visitemporda.com\/es\/wp-json\/wp\/v2\/pages\/20247\/revisions"}],"predecessor-version":[{"id":30349,"href":"https:\/\/visitemporda.com\/es\/wp-json\/wp\/v2\/pages\/20247\/revisions\/30349"}],"up":[{"embeddable":true,"href":"https:\/\/visitemporda.com\/es\/wp-json\/wp\/v2\/pages\/20187"}],"wp:featuredmedia":[{"embeddable":true,"href":"https:\/\/visitemporda.com\/es\/wp-json\/wp\/v2\/media\/13905"}],"wp:attachment":[{"href":"https:\/\/visitemporda.com\/es\/wp-json\/wp\/v2\/media?parent=20247"}],"curies":[{"name":"wp","href":"https:\/\/api.w.org\/{rel}","templated":true}]}}