

{"id":20242,"date":"2019-10-08T15:03:54","date_gmt":"2019-10-08T13:03:54","guid":{"rendered":"http:\/\/visitemporda.com\/planifica\/territori-i-natura\/cicloturisme\/"},"modified":"2020-09-28T13:34:15","modified_gmt":"2020-09-28T11:34:15","slug":"cicloturisme","status":"publish","type":"page","link":"https:\/\/visitemporda.com\/es\/recomendaciones\/propostes\/territori-i-natura\/cicloturisme\/","title":{"rendered":"Cicloturismo \/ Ciclismo (cicloturismo deportivo)"},"content":{"rendered":"<p class=\"p1\"><span class=\"s1\">Las caracter\u00edsticas de la comarca son ideales para la pr\u00e1ctica de una actividad de cicloturismo. Entre el macizo de las Gavarres y el macizo del Montgr\u00ed se extiende una llanura donde conviven de forma harmoniosa campos de conreo y peque\u00f1os n\u00facleos de origen medieval, algunos de los cuales se encuentran sobre peque\u00f1os mont\u00edculos. Una experiencia y un placer que tienen que vivir, a golpe de pedal, sin prisas, y que tambi\u00e9n os ayudar\u00e1 a comprender el ritmo tranquilo y la calidad de vida de los ampurdaneses.<\/span><\/p>\n<p class=\"p1\"><span class=\"s1\">El Baix Empord\u00e0 cuenta con una red propia de cicloturismo de casi 400 km, que enlazan todos los pueblos por carreteras locales o caminos de tierra. Toda esta infraestructura esta se\u00f1alizada y esta mantenida.<\/span><\/p>\n<p class=\"p1\"><span class=\"s1\">Hay muchas formas de practicar el senderismo, ya sea por etapas o utilizando rutas circulares y peque\u00f1as excursiones que se pueden adaptar a sus necesidades. El canal de Wikiloc Turisme Baix Empord\u00e0 les ayudar\u00e1 a disponer de los tracks para seguir las rutas a trav\u00e9s del m\u00f3vil o GPS.<\/span><\/p>\n<p class=\"p1\"><span class=\"s1\">El Baix Empord\u00e0 tambi\u00e9n cuenta con diferentes v\u00edas verdes y tambi\u00e9n es atravesada por la ruta Pirinexus<\/span><\/p>\n<p class=\"p1\"><span class=\"s1\">Para los amantes del cicloturismo m\u00e1s deportivo (ciclismo) tambi\u00e9n existen rutas dise\u00f1adas para disfrutar de los puertos m\u00e1s representativos de los alrededores de la comarca, as\u00ed como sus principales n\u00facleos.<\/span><\/p>\n","protected":false},"excerpt":{"rendered":"<p>Las caracter\u00edsticas de la comarca son ideales para la pr\u00e1ctica de una actividad de cicloturismo. Entre el macizo de las Gavarres y el macizo del Montgr\u00ed se extiende una llanura donde conviven de forma harmoniosa campos de conreo y peque\u00f1os n\u00facleos de origen medieval, algunos de los cuales se encuentran sobre peque\u00f1os mont\u00edculos. Una experiencia [&hellip;]<\/p>\n","protected":false},"author":2,"featured_media":19874,"parent":19778,"menu_order":0,"comment_status":"closed","ping_status":"closed","template":"page-templates\/cicloturisme.php","meta":{"_acf_changed":false,"footnotes":""},"class_list":["post-20242","page","type-page","status-publish","has-post-thumbnail","hentry"],"acf":[],"yoast_head":"<!-- This site is optimized with the Yoast SEO plugin v27.3 - https:\/\/yoast.com\/product\/yoast-seo-wordpress\/ -->\n<title>Cicloturismo \/ Ciclismo (cicloturismo deportivo) - Visit Empord\u00e0<\/title>\n<meta name=\"robots\" content=\"index, follow, max-snippet:-1, max-image-preview:large, max-video-preview:-1\" \/>\n<link rel=\"canonical\" href=\"https:\/\/visitemporda.com\/es\/recomendaciones\/propostes\/territori-i-natura\/cicloturisme\/\" \/>\n<meta property=\"og:locale\" content=\"es_ES\" \/>\n<meta property=\"og:type\" content=\"article\" \/>\n<meta property=\"og:title\" content=\"Cicloturismo \/ Ciclismo (cicloturismo deportivo) - Visit Empord\u00e0\" \/>\n<meta property=\"og:description\" content=\"Las caracter\u00edsticas de la comarca son ideales para la pr\u00e1ctica de una actividad de cicloturismo. Entre el macizo de las Gavarres y el macizo del Montgr\u00ed se extiende una llanura donde conviven de forma harmoniosa campos de conreo y peque\u00f1os n\u00facleos de origen medieval, algunos de los cuales se encuentran sobre peque\u00f1os mont\u00edculos. Una experiencia [&hellip;]\" \/>\n<meta property=\"og:url\" content=\"https:\/\/visitemporda.com\/es\/recomendaciones\/propostes\/territori-i-natura\/cicloturisme\/\" \/>\n<meta property=\"og:site_name\" content=\"Visit Empord\u00e0\" \/>\n<meta property=\"article:publisher\" content=\"https:\/\/www.facebook.com\/baixempordaturisme\" \/>\n<meta property=\"article:modified_time\" content=\"2020-09-28T11:34:15+00:00\" \/>\n<meta property=\"og:image\" content=\"https:\/\/visitemporda.com\/wp-content\/uploads\/2020\/09\/ciclo-Peratallada-1.jpg\" \/>\n\t<meta property=\"og:image:width\" content=\"1366\" \/>\n\t<meta property=\"og:image:height\" content=\"768\" \/>\n\t<meta property=\"og:image:type\" content=\"image\/jpeg\" \/>\n<meta name=\"twitter:card\" content=\"summary_large_image\" \/>\n<meta name=\"twitter:site\" content=\"@baixemporda_tur\" \/>\n<meta name=\"twitter:label1\" content=\"Tiempo de lectura\" \/>\n\t<meta name=\"twitter:data1\" content=\"1 minuto\" \/>\n<script type=\"application\/ld+json\" class=\"yoast-schema-graph\">{\"@context\":\"https:\\\/\\\/schema.org\",\"@graph\":[{\"@type\":\"WebPage\",\"@id\":\"https:\\\/\\\/visitemporda.com\\\/es\\\/recomendaciones\\\/propostes\\\/territori-i-natura\\\/cicloturisme\\\/\",\"url\":\"https:\\\/\\\/visitemporda.com\\\/es\\\/recomendaciones\\\/propostes\\\/territori-i-natura\\\/cicloturisme\\\/\",\"name\":\"Cicloturismo \\\/ Ciclismo (cicloturismo deportivo) - Visit Empord\u00e0\",\"isPartOf\":{\"@id\":\"https:\\\/\\\/visitemporda.com\\\/es\\\/#website\"},\"primaryImageOfPage\":{\"@id\":\"https:\\\/\\\/visitemporda.com\\\/es\\\/recomendaciones\\\/propostes\\\/territori-i-natura\\\/cicloturisme\\\/#primaryimage\"},\"image\":{\"@id\":\"https:\\\/\\\/visitemporda.com\\\/es\\\/recomendaciones\\\/propostes\\\/territori-i-natura\\\/cicloturisme\\\/#primaryimage\"},\"thumbnailUrl\":\"https:\\\/\\\/visitemporda.com\\\/wp-content\\\/uploads\\\/2020\\\/09\\\/ciclo-Peratallada-1.jpg\",\"datePublished\":\"2019-10-08T13:03:54+00:00\",\"dateModified\":\"2020-09-28T11:34:15+00:00\",\"breadcrumb\":{\"@id\":\"https:\\\/\\\/visitemporda.com\\\/es\\\/recomendaciones\\\/propostes\\\/territori-i-natura\\\/cicloturisme\\\/#breadcrumb\"},\"inLanguage\":\"es\",\"potentialAction\":[{\"@type\":\"ReadAction\",\"target\":[\"https:\\\/\\\/visitemporda.com\\\/es\\\/recomendaciones\\\/propostes\\\/territori-i-natura\\\/cicloturisme\\\/\"]}]},{\"@type\":\"ImageObject\",\"inLanguage\":\"es\",\"@id\":\"https:\\\/\\\/visitemporda.com\\\/es\\\/recomendaciones\\\/propostes\\\/territori-i-natura\\\/cicloturisme\\\/#primaryimage\",\"url\":\"https:\\\/\\\/visitemporda.com\\\/wp-content\\\/uploads\\\/2020\\\/09\\\/ciclo-Peratallada-1.jpg\",\"contentUrl\":\"https:\\\/\\\/visitemporda.com\\\/wp-content\\\/uploads\\\/2020\\\/09\\\/ciclo-Peratallada-1.jpg\",\"width\":1366,\"height\":768,\"caption\":\"noia en bicicleta que va per un cam\u00ed asfaltat cap a Peratallada\"},{\"@type\":\"BreadcrumbList\",\"@id\":\"https:\\\/\\\/visitemporda.com\\\/es\\\/recomendaciones\\\/propostes\\\/territori-i-natura\\\/cicloturisme\\\/#breadcrumb\",\"itemListElement\":[{\"@type\":\"ListItem\",\"position\":1,\"name\":\"Inici\",\"item\":\"https:\\\/\\\/visitemporda.com\\\/es\\\/\"},{\"@type\":\"ListItem\",\"position\":2,\"name\":\"Recomendaciones\",\"item\":\"https:\\\/\\\/visitemporda.com\\\/es\\\/recomendaciones\\\/\"},{\"@type\":\"ListItem\",\"position\":3,\"name\":\"Qu\u00e9 hacer\",\"item\":\"https:\\\/\\\/visitemporda.com\\\/es\\\/recomendaciones\\\/propostes\\\/\"},{\"@type\":\"ListItem\",\"position\":4,\"name\":\"Propuestas de naturaleza\",\"item\":\"https:\\\/\\\/visitemporda.com\\\/es\\\/recomendaciones\\\/propostes\\\/territori-i-natura\\\/\"},{\"@type\":\"ListItem\",\"position\":5,\"name\":\"Cicloturismo \\\/ Ciclismo (cicloturismo deportivo)\"}]},{\"@type\":\"WebSite\",\"@id\":\"https:\\\/\\\/visitemporda.com\\\/es\\\/#website\",\"url\":\"https:\\\/\\\/visitemporda.com\\\/es\\\/\",\"name\":\"Visit Empord\u00e0\",\"description\":\"Web tur\u00edstica oficial del Baix Empord\u00e0\",\"publisher\":{\"@id\":\"https:\\\/\\\/visitemporda.com\\\/es\\\/#organization\"},\"potentialAction\":[{\"@type\":\"SearchAction\",\"target\":{\"@type\":\"EntryPoint\",\"urlTemplate\":\"https:\\\/\\\/visitemporda.com\\\/es\\\/?s={search_term_string}\"},\"query-input\":{\"@type\":\"PropertyValueSpecification\",\"valueRequired\":true,\"valueName\":\"search_term_string\"}}],\"inLanguage\":\"es\"},{\"@type\":\"Organization\",\"@id\":\"https:\\\/\\\/visitemporda.com\\\/es\\\/#organization\",\"name\":\"Consell Comarcal del Baix Empord\u00e0\",\"url\":\"https:\\\/\\\/visitemporda.com\\\/es\\\/\",\"logo\":{\"@type\":\"ImageObject\",\"inLanguage\":\"es\",\"@id\":\"https:\\\/\\\/visitemporda.com\\\/es\\\/#\\\/schema\\\/logo\\\/image\\\/\",\"url\":\"https:\\\/\\\/visitemporda.com\\\/wp-content\\\/uploads\\\/2024\\\/11\\\/Logotip_CCBE.png\",\"contentUrl\":\"https:\\\/\\\/visitemporda.com\\\/wp-content\\\/uploads\\\/2024\\\/11\\\/Logotip_CCBE.png\",\"width\":3617,\"height\":3617,\"caption\":\"Consell Comarcal del Baix Empord\u00e0\"},\"image\":{\"@id\":\"https:\\\/\\\/visitemporda.com\\\/es\\\/#\\\/schema\\\/logo\\\/image\\\/\"},\"sameAs\":[\"https:\\\/\\\/www.facebook.com\\\/baixempordaturisme\",\"https:\\\/\\\/x.com\\\/baixemporda_tur\",\"https:\\\/\\\/www.instagram.com\\\/visitemporda\"]}]}<\/script>\n<!-- \/ Yoast SEO plugin. -->","yoast_head_json":{"title":"Cicloturismo \/ Ciclismo (cicloturismo deportivo) - Visit Empord\u00e0","robots":{"index":"index","follow":"follow","max-snippet":"max-snippet:-1","max-image-preview":"max-image-preview:large","max-video-preview":"max-video-preview:-1"},"canonical":"https:\/\/visitemporda.com\/es\/recomendaciones\/propostes\/territori-i-natura\/cicloturisme\/","og_locale":"es_ES","og_type":"article","og_title":"Cicloturismo \/ Ciclismo (cicloturismo deportivo) - Visit Empord\u00e0","og_description":"Las caracter\u00edsticas de la comarca son ideales para la pr\u00e1ctica de una actividad de cicloturismo. Entre el macizo de las Gavarres y el macizo del Montgr\u00ed se extiende una llanura donde conviven de forma harmoniosa campos de conreo y peque\u00f1os n\u00facleos de origen medieval, algunos de los cuales se encuentran sobre peque\u00f1os mont\u00edculos. Una experiencia [&hellip;]","og_url":"https:\/\/visitemporda.com\/es\/recomendaciones\/propostes\/territori-i-natura\/cicloturisme\/","og_site_name":"Visit Empord\u00e0","article_publisher":"https:\/\/www.facebook.com\/baixempordaturisme","article_modified_time":"2020-09-28T11:34:15+00:00","og_image":[{"width":1366,"height":768,"url":"https:\/\/visitemporda.com\/wp-content\/uploads\/2020\/09\/ciclo-Peratallada-1.jpg","type":"image\/jpeg"}],"twitter_card":"summary_large_image","twitter_site":"@baixemporda_tur","twitter_misc":{"Tiempo de lectura":"1 minuto"},"schema":{"@context":"https:\/\/schema.org","@graph":[{"@type":"WebPage","@id":"https:\/\/visitemporda.com\/es\/recomendaciones\/propostes\/territori-i-natura\/cicloturisme\/","url":"https:\/\/visitemporda.com\/es\/recomendaciones\/propostes\/territori-i-natura\/cicloturisme\/","name":"Cicloturismo \/ Ciclismo (cicloturismo deportivo) - Visit Empord\u00e0","isPartOf":{"@id":"https:\/\/visitemporda.com\/es\/#website"},"primaryImageOfPage":{"@id":"https:\/\/visitemporda.com\/es\/recomendaciones\/propostes\/territori-i-natura\/cicloturisme\/#primaryimage"},"image":{"@id":"https:\/\/visitemporda.com\/es\/recomendaciones\/propostes\/territori-i-natura\/cicloturisme\/#primaryimage"},"thumbnailUrl":"https:\/\/visitemporda.com\/wp-content\/uploads\/2020\/09\/ciclo-Peratallada-1.jpg","datePublished":"2019-10-08T13:03:54+00:00","dateModified":"2020-09-28T11:34:15+00:00","breadcrumb":{"@id":"https:\/\/visitemporda.com\/es\/recomendaciones\/propostes\/territori-i-natura\/cicloturisme\/#breadcrumb"},"inLanguage":"es","potentialAction":[{"@type":"ReadAction","target":["https:\/\/visitemporda.com\/es\/recomendaciones\/propostes\/territori-i-natura\/cicloturisme\/"]}]},{"@type":"ImageObject","inLanguage":"es","@id":"https:\/\/visitemporda.com\/es\/recomendaciones\/propostes\/territori-i-natura\/cicloturisme\/#primaryimage","url":"https:\/\/visitemporda.com\/wp-content\/uploads\/2020\/09\/ciclo-Peratallada-1.jpg","contentUrl":"https:\/\/visitemporda.com\/wp-content\/uploads\/2020\/09\/ciclo-Peratallada-1.jpg","width":1366,"height":768,"caption":"noia en bicicleta que va per un cam\u00ed asfaltat cap a Peratallada"},{"@type":"BreadcrumbList","@id":"https:\/\/visitemporda.com\/es\/recomendaciones\/propostes\/territori-i-natura\/cicloturisme\/#breadcrumb","itemListElement":[{"@type":"ListItem","position":1,"name":"Inici","item":"https:\/\/visitemporda.com\/es\/"},{"@type":"ListItem","position":2,"name":"Recomendaciones","item":"https:\/\/visitemporda.com\/es\/recomendaciones\/"},{"@type":"ListItem","position":3,"name":"Qu\u00e9 hacer","item":"https:\/\/visitemporda.com\/es\/recomendaciones\/propostes\/"},{"@type":"ListItem","position":4,"name":"Propuestas de naturaleza","item":"https:\/\/visitemporda.com\/es\/recomendaciones\/propostes\/territori-i-natura\/"},{"@type":"ListItem","position":5,"name":"Cicloturismo \/ Ciclismo (cicloturismo deportivo)"}]},{"@type":"WebSite","@id":"https:\/\/visitemporda.com\/es\/#website","url":"https:\/\/visitemporda.com\/es\/","name":"Visit Empord\u00e0","description":"Web tur\u00edstica oficial del Baix Empord\u00e0","publisher":{"@id":"https:\/\/visitemporda.com\/es\/#organization"},"potentialAction":[{"@type":"SearchAction","target":{"@type":"EntryPoint","urlTemplate":"https:\/\/visitemporda.com\/es\/?s={search_term_string}"},"query-input":{"@type":"PropertyValueSpecification","valueRequired":true,"valueName":"search_term_string"}}],"inLanguage":"es"},{"@type":"Organization","@id":"https:\/\/visitemporda.com\/es\/#organization","name":"Consell Comarcal del Baix Empord\u00e0","url":"https:\/\/visitemporda.com\/es\/","logo":{"@type":"ImageObject","inLanguage":"es","@id":"https:\/\/visitemporda.com\/es\/#\/schema\/logo\/image\/","url":"https:\/\/visitemporda.com\/wp-content\/uploads\/2024\/11\/Logotip_CCBE.png","contentUrl":"https:\/\/visitemporda.com\/wp-content\/uploads\/2024\/11\/Logotip_CCBE.png","width":3617,"height":3617,"caption":"Consell Comarcal del Baix Empord\u00e0"},"image":{"@id":"https:\/\/visitemporda.com\/es\/#\/schema\/logo\/image\/"},"sameAs":["https:\/\/www.facebook.com\/baixempordaturisme","https:\/\/x.com\/baixemporda_tur","https:\/\/www.instagram.com\/visitemporda"]}]}},"_links":{"self":[{"href":"https:\/\/visitemporda.com\/es\/wp-json\/wp\/v2\/pages\/20242","targetHints":{"allow":["GET"]}}],"collection":[{"href":"https:\/\/visitemporda.com\/es\/wp-json\/wp\/v2\/pages"}],"about":[{"href":"https:\/\/visitemporda.com\/es\/wp-json\/wp\/v2\/types\/page"}],"author":[{"embeddable":true,"href":"https:\/\/visitemporda.com\/es\/wp-json\/wp\/v2\/users\/2"}],"replies":[{"embeddable":true,"href":"https:\/\/visitemporda.com\/es\/wp-json\/wp\/v2\/comments?post=20242"}],"version-history":[{"count":3,"href":"https:\/\/visitemporda.com\/es\/wp-json\/wp\/v2\/pages\/20242\/revisions"}],"predecessor-version":[{"id":20245,"href":"https:\/\/visitemporda.com\/es\/wp-json\/wp\/v2\/pages\/20242\/revisions\/20245"}],"up":[{"embeddable":true,"href":"https:\/\/visitemporda.com\/es\/wp-json\/wp\/v2\/pages\/19778"}],"wp:featuredmedia":[{"embeddable":true,"href":"https:\/\/visitemporda.com\/es\/wp-json\/wp\/v2\/media\/19874"}],"wp:attachment":[{"href":"https:\/\/visitemporda.com\/es\/wp-json\/wp\/v2\/media?parent=20242"}],"curies":[{"name":"wp","href":"https:\/\/api.w.org\/{rel}","templated":true}]}}