

{"id":20187,"date":"2019-12-31T11:00:12","date_gmt":"2019-12-31T10:00:12","guid":{"rendered":"http:\/\/visitemporda.com\/planifica\/territori-i-natura\/el-mar-i-la-costa\/"},"modified":"2021-06-08T13:42:55","modified_gmt":"2021-06-08T11:42:55","slug":"el-mar-i-la-costa","status":"publish","type":"page","link":"https:\/\/visitemporda.com\/es\/recomendaciones\/propostes\/territori-i-natura\/el-mar-i-la-costa\/","title":{"rendered":"El mar y la costa"},"content":{"rendered":"<p class=\"p1\"><span class=\"s1\">El Baix Empord\u00e0 respira mar, un recurso de la natura que nos acompa\u00f1a y que de forma permanente viste nuestro litoral, a veces en calma; otros m\u00e1s enfurecido. Pero cuando visita nuestra costa y topa con rocas, islotes, acantilados, playas o calas, crea una fusi\u00f3n que genera uno de los paisajes m\u00e1s maravillosos del mundo, la Costa Brava, admirable desde varios caminos de ronda que bordean la costa.<\/span><\/p>\n<p class=\"p1\"><span class=\"s1\"><br \/>\n<\/span><span class=\"s2\">El mar siempre ha estado. Y siempre estar\u00e1. Fuente de vida por muchos de nuestros n\u00facleos costeros. Sede de hist\u00f3ricos episodios navales. Al mar se le respeta, pero tambi\u00e9n se le aprecia. Esta lleno de vida, todo el a\u00f1o. \u00a1\u00a1Os animamos a zambulliros!!<\/span><span class=\"s1\"><br \/>\n<\/span><\/p>\n","protected":false},"excerpt":{"rendered":"<p>El Baix Empord\u00e0 respira mar, un recurso de la natura que nos acompa\u00f1a y que de forma permanente viste nuestro litoral, a veces en calma; otros m\u00e1s enfurecido. Pero cuando visita nuestra costa y topa con rocas, islotes, acantilados, playas o calas, crea una fusi\u00f3n que genera uno de los paisajes m\u00e1s maravillosos del mundo, [&hellip;]<\/p>\n","protected":false},"author":2,"featured_media":13905,"parent":19778,"menu_order":0,"comment_status":"closed","ping_status":"closed","template":"page-templates\/vivencies.php","meta":{"_acf_changed":false,"footnotes":""},"class_list":["post-20187","page","type-page","status-publish","has-post-thumbnail","hentry"],"acf":[],"yoast_head":"<!-- This site is optimized with the Yoast SEO plugin v27.4 - https:\/\/yoast.com\/product\/yoast-seo-wordpress\/ -->\n<title>El mar y la costa - Visit Empord\u00e0<\/title>\n<meta name=\"robots\" content=\"index, follow, max-snippet:-1, max-image-preview:large, max-video-preview:-1\" \/>\n<link rel=\"canonical\" href=\"https:\/\/visitemporda.com\/es\/recomendaciones\/propostes\/territori-i-natura\/el-mar-i-la-costa\/\" \/>\n<meta property=\"og:locale\" content=\"es_ES\" \/>\n<meta property=\"og:type\" content=\"article\" \/>\n<meta property=\"og:title\" content=\"El mar y la costa - Visit Empord\u00e0\" \/>\n<meta property=\"og:description\" content=\"El Baix Empord\u00e0 respira mar, un recurso de la natura que nos acompa\u00f1a y que de forma permanente viste nuestro litoral, a veces en calma; otros m\u00e1s enfurecido. Pero cuando visita nuestra costa y topa con rocas, islotes, acantilados, playas o calas, crea una fusi\u00f3n que genera uno de los paisajes m\u00e1s maravillosos del mundo, [&hellip;]\" \/>\n<meta property=\"og:url\" content=\"https:\/\/visitemporda.com\/es\/recomendaciones\/propostes\/territori-i-natura\/el-mar-i-la-costa\/\" \/>\n<meta property=\"og:site_name\" content=\"Visit Empord\u00e0\" \/>\n<meta property=\"article:publisher\" content=\"https:\/\/www.facebook.com\/baixempordaturisme\" \/>\n<meta property=\"article:modified_time\" content=\"2021-06-08T11:42:55+00:00\" \/>\n<meta property=\"og:image\" content=\"https:\/\/visitemporda.com\/wp-content\/uploads\/2019\/12\/Illes-Medes-3-Montse-Nualart-1024x683.jpg\" \/>\n\t<meta property=\"og:image:width\" content=\"1024\" \/>\n\t<meta property=\"og:image:height\" content=\"683\" \/>\n\t<meta property=\"og:image:type\" content=\"image\/jpeg\" \/>\n<meta name=\"twitter:card\" content=\"summary_large_image\" \/>\n<meta name=\"twitter:site\" content=\"@baixemporda_tur\" \/>\n<meta name=\"twitter:label1\" content=\"Tiempo de lectura\" \/>\n\t<meta name=\"twitter:data1\" content=\"1 minuto\" \/>\n<script type=\"application\/ld+json\" class=\"yoast-schema-graph\">{\"@context\":\"https:\\\/\\\/schema.org\",\"@graph\":[{\"@type\":\"WebPage\",\"@id\":\"https:\\\/\\\/visitemporda.com\\\/es\\\/recomendaciones\\\/propostes\\\/territori-i-natura\\\/el-mar-i-la-costa\\\/\",\"url\":\"https:\\\/\\\/visitemporda.com\\\/es\\\/recomendaciones\\\/propostes\\\/territori-i-natura\\\/el-mar-i-la-costa\\\/\",\"name\":\"El mar y la costa - Visit Empord\u00e0\",\"isPartOf\":{\"@id\":\"https:\\\/\\\/visitemporda.com\\\/es\\\/#website\"},\"primaryImageOfPage\":{\"@id\":\"https:\\\/\\\/visitemporda.com\\\/es\\\/recomendaciones\\\/propostes\\\/territori-i-natura\\\/el-mar-i-la-costa\\\/#primaryimage\"},\"image\":{\"@id\":\"https:\\\/\\\/visitemporda.com\\\/es\\\/recomendaciones\\\/propostes\\\/territori-i-natura\\\/el-mar-i-la-costa\\\/#primaryimage\"},\"thumbnailUrl\":\"https:\\\/\\\/visitemporda.com\\\/wp-content\\\/uploads\\\/2019\\\/12\\\/Illes-Medes-3-Montse-Nualart.jpg\",\"datePublished\":\"2019-12-31T10:00:12+00:00\",\"dateModified\":\"2021-06-08T11:42:55+00:00\",\"breadcrumb\":{\"@id\":\"https:\\\/\\\/visitemporda.com\\\/es\\\/recomendaciones\\\/propostes\\\/territori-i-natura\\\/el-mar-i-la-costa\\\/#breadcrumb\"},\"inLanguage\":\"es\",\"potentialAction\":[{\"@type\":\"ReadAction\",\"target\":[\"https:\\\/\\\/visitemporda.com\\\/es\\\/recomendaciones\\\/propostes\\\/territori-i-natura\\\/el-mar-i-la-costa\\\/\"]}]},{\"@type\":\"ImageObject\",\"inLanguage\":\"es\",\"@id\":\"https:\\\/\\\/visitemporda.com\\\/es\\\/recomendaciones\\\/propostes\\\/territori-i-natura\\\/el-mar-i-la-costa\\\/#primaryimage\",\"url\":\"https:\\\/\\\/visitemporda.com\\\/wp-content\\\/uploads\\\/2019\\\/12\\\/Illes-Medes-3-Montse-Nualart.jpg\",\"contentUrl\":\"https:\\\/\\\/visitemporda.com\\\/wp-content\\\/uploads\\\/2019\\\/12\\\/Illes-Medes-3-Montse-Nualart.jpg\",\"width\":5184,\"height\":3456,\"caption\":\"Illes Medes\"},{\"@type\":\"BreadcrumbList\",\"@id\":\"https:\\\/\\\/visitemporda.com\\\/es\\\/recomendaciones\\\/propostes\\\/territori-i-natura\\\/el-mar-i-la-costa\\\/#breadcrumb\",\"itemListElement\":[{\"@type\":\"ListItem\",\"position\":1,\"name\":\"Inici\",\"item\":\"https:\\\/\\\/visitemporda.com\\\/es\\\/\"},{\"@type\":\"ListItem\",\"position\":2,\"name\":\"Recomendaciones\",\"item\":\"https:\\\/\\\/visitemporda.com\\\/es\\\/recomendaciones\\\/\"},{\"@type\":\"ListItem\",\"position\":3,\"name\":\"Qu\u00e9 hacer\",\"item\":\"https:\\\/\\\/visitemporda.com\\\/es\\\/recomendaciones\\\/propostes\\\/\"},{\"@type\":\"ListItem\",\"position\":4,\"name\":\"Propuestas de naturaleza\",\"item\":\"https:\\\/\\\/visitemporda.com\\\/es\\\/recomendaciones\\\/propostes\\\/territori-i-natura\\\/\"},{\"@type\":\"ListItem\",\"position\":5,\"name\":\"El mar y la costa\"}]},{\"@type\":\"WebSite\",\"@id\":\"https:\\\/\\\/visitemporda.com\\\/es\\\/#website\",\"url\":\"https:\\\/\\\/visitemporda.com\\\/es\\\/\",\"name\":\"Visit Empord\u00e0\",\"description\":\"Web tur\u00edstica oficial del Baix Empord\u00e0\",\"publisher\":{\"@id\":\"https:\\\/\\\/visitemporda.com\\\/es\\\/#organization\"},\"potentialAction\":[{\"@type\":\"SearchAction\",\"target\":{\"@type\":\"EntryPoint\",\"urlTemplate\":\"https:\\\/\\\/visitemporda.com\\\/es\\\/?s={search_term_string}\"},\"query-input\":{\"@type\":\"PropertyValueSpecification\",\"valueRequired\":true,\"valueName\":\"search_term_string\"}}],\"inLanguage\":\"es\"},{\"@type\":\"Organization\",\"@id\":\"https:\\\/\\\/visitemporda.com\\\/es\\\/#organization\",\"name\":\"Consell Comarcal del Baix Empord\u00e0\",\"url\":\"https:\\\/\\\/visitemporda.com\\\/es\\\/\",\"logo\":{\"@type\":\"ImageObject\",\"inLanguage\":\"es\",\"@id\":\"https:\\\/\\\/visitemporda.com\\\/es\\\/#\\\/schema\\\/logo\\\/image\\\/\",\"url\":\"https:\\\/\\\/visitemporda.com\\\/wp-content\\\/uploads\\\/2024\\\/11\\\/Logotip_CCBE.png\",\"contentUrl\":\"https:\\\/\\\/visitemporda.com\\\/wp-content\\\/uploads\\\/2024\\\/11\\\/Logotip_CCBE.png\",\"width\":3617,\"height\":3617,\"caption\":\"Consell Comarcal del Baix Empord\u00e0\"},\"image\":{\"@id\":\"https:\\\/\\\/visitemporda.com\\\/es\\\/#\\\/schema\\\/logo\\\/image\\\/\"},\"sameAs\":[\"https:\\\/\\\/www.facebook.com\\\/baixempordaturisme\",\"https:\\\/\\\/x.com\\\/baixemporda_tur\",\"https:\\\/\\\/www.instagram.com\\\/visitemporda\"]}]}<\/script>\n<!-- \/ Yoast SEO plugin. -->","yoast_head_json":{"title":"El mar y la costa - Visit Empord\u00e0","robots":{"index":"index","follow":"follow","max-snippet":"max-snippet:-1","max-image-preview":"max-image-preview:large","max-video-preview":"max-video-preview:-1"},"canonical":"https:\/\/visitemporda.com\/es\/recomendaciones\/propostes\/territori-i-natura\/el-mar-i-la-costa\/","og_locale":"es_ES","og_type":"article","og_title":"El mar y la costa - Visit Empord\u00e0","og_description":"El Baix Empord\u00e0 respira mar, un recurso de la natura que nos acompa\u00f1a y que de forma permanente viste nuestro litoral, a veces en calma; otros m\u00e1s enfurecido. Pero cuando visita nuestra costa y topa con rocas, islotes, acantilados, playas o calas, crea una fusi\u00f3n que genera uno de los paisajes m\u00e1s maravillosos del mundo, [&hellip;]","og_url":"https:\/\/visitemporda.com\/es\/recomendaciones\/propostes\/territori-i-natura\/el-mar-i-la-costa\/","og_site_name":"Visit Empord\u00e0","article_publisher":"https:\/\/www.facebook.com\/baixempordaturisme","article_modified_time":"2021-06-08T11:42:55+00:00","og_image":[{"width":1024,"height":683,"url":"https:\/\/visitemporda.com\/wp-content\/uploads\/2019\/12\/Illes-Medes-3-Montse-Nualart-1024x683.jpg","type":"image\/jpeg"}],"twitter_card":"summary_large_image","twitter_site":"@baixemporda_tur","twitter_misc":{"Tiempo de lectura":"1 minuto"},"schema":{"@context":"https:\/\/schema.org","@graph":[{"@type":"WebPage","@id":"https:\/\/visitemporda.com\/es\/recomendaciones\/propostes\/territori-i-natura\/el-mar-i-la-costa\/","url":"https:\/\/visitemporda.com\/es\/recomendaciones\/propostes\/territori-i-natura\/el-mar-i-la-costa\/","name":"El mar y la costa - Visit Empord\u00e0","isPartOf":{"@id":"https:\/\/visitemporda.com\/es\/#website"},"primaryImageOfPage":{"@id":"https:\/\/visitemporda.com\/es\/recomendaciones\/propostes\/territori-i-natura\/el-mar-i-la-costa\/#primaryimage"},"image":{"@id":"https:\/\/visitemporda.com\/es\/recomendaciones\/propostes\/territori-i-natura\/el-mar-i-la-costa\/#primaryimage"},"thumbnailUrl":"https:\/\/visitemporda.com\/wp-content\/uploads\/2019\/12\/Illes-Medes-3-Montse-Nualart.jpg","datePublished":"2019-12-31T10:00:12+00:00","dateModified":"2021-06-08T11:42:55+00:00","breadcrumb":{"@id":"https:\/\/visitemporda.com\/es\/recomendaciones\/propostes\/territori-i-natura\/el-mar-i-la-costa\/#breadcrumb"},"inLanguage":"es","potentialAction":[{"@type":"ReadAction","target":["https:\/\/visitemporda.com\/es\/recomendaciones\/propostes\/territori-i-natura\/el-mar-i-la-costa\/"]}]},{"@type":"ImageObject","inLanguage":"es","@id":"https:\/\/visitemporda.com\/es\/recomendaciones\/propostes\/territori-i-natura\/el-mar-i-la-costa\/#primaryimage","url":"https:\/\/visitemporda.com\/wp-content\/uploads\/2019\/12\/Illes-Medes-3-Montse-Nualart.jpg","contentUrl":"https:\/\/visitemporda.com\/wp-content\/uploads\/2019\/12\/Illes-Medes-3-Montse-Nualart.jpg","width":5184,"height":3456,"caption":"Illes Medes"},{"@type":"BreadcrumbList","@id":"https:\/\/visitemporda.com\/es\/recomendaciones\/propostes\/territori-i-natura\/el-mar-i-la-costa\/#breadcrumb","itemListElement":[{"@type":"ListItem","position":1,"name":"Inici","item":"https:\/\/visitemporda.com\/es\/"},{"@type":"ListItem","position":2,"name":"Recomendaciones","item":"https:\/\/visitemporda.com\/es\/recomendaciones\/"},{"@type":"ListItem","position":3,"name":"Qu\u00e9 hacer","item":"https:\/\/visitemporda.com\/es\/recomendaciones\/propostes\/"},{"@type":"ListItem","position":4,"name":"Propuestas de naturaleza","item":"https:\/\/visitemporda.com\/es\/recomendaciones\/propostes\/territori-i-natura\/"},{"@type":"ListItem","position":5,"name":"El mar y la costa"}]},{"@type":"WebSite","@id":"https:\/\/visitemporda.com\/es\/#website","url":"https:\/\/visitemporda.com\/es\/","name":"Visit Empord\u00e0","description":"Web tur\u00edstica oficial del Baix Empord\u00e0","publisher":{"@id":"https:\/\/visitemporda.com\/es\/#organization"},"potentialAction":[{"@type":"SearchAction","target":{"@type":"EntryPoint","urlTemplate":"https:\/\/visitemporda.com\/es\/?s={search_term_string}"},"query-input":{"@type":"PropertyValueSpecification","valueRequired":true,"valueName":"search_term_string"}}],"inLanguage":"es"},{"@type":"Organization","@id":"https:\/\/visitemporda.com\/es\/#organization","name":"Consell Comarcal del Baix Empord\u00e0","url":"https:\/\/visitemporda.com\/es\/","logo":{"@type":"ImageObject","inLanguage":"es","@id":"https:\/\/visitemporda.com\/es\/#\/schema\/logo\/image\/","url":"https:\/\/visitemporda.com\/wp-content\/uploads\/2024\/11\/Logotip_CCBE.png","contentUrl":"https:\/\/visitemporda.com\/wp-content\/uploads\/2024\/11\/Logotip_CCBE.png","width":3617,"height":3617,"caption":"Consell Comarcal del Baix Empord\u00e0"},"image":{"@id":"https:\/\/visitemporda.com\/es\/#\/schema\/logo\/image\/"},"sameAs":["https:\/\/www.facebook.com\/baixempordaturisme","https:\/\/x.com\/baixemporda_tur","https:\/\/www.instagram.com\/visitemporda"]}]}},"_links":{"self":[{"href":"https:\/\/visitemporda.com\/es\/wp-json\/wp\/v2\/pages\/20187","targetHints":{"allow":["GET"]}}],"collection":[{"href":"https:\/\/visitemporda.com\/es\/wp-json\/wp\/v2\/pages"}],"about":[{"href":"https:\/\/visitemporda.com\/es\/wp-json\/wp\/v2\/types\/page"}],"author":[{"embeddable":true,"href":"https:\/\/visitemporda.com\/es\/wp-json\/wp\/v2\/users\/2"}],"replies":[{"embeddable":true,"href":"https:\/\/visitemporda.com\/es\/wp-json\/wp\/v2\/comments?post=20187"}],"version-history":[{"count":6,"href":"https:\/\/visitemporda.com\/es\/wp-json\/wp\/v2\/pages\/20187\/revisions"}],"predecessor-version":[{"id":33563,"href":"https:\/\/visitemporda.com\/es\/wp-json\/wp\/v2\/pages\/20187\/revisions\/33563"}],"up":[{"embeddable":true,"href":"https:\/\/visitemporda.com\/es\/wp-json\/wp\/v2\/pages\/19778"}],"wp:featuredmedia":[{"embeddable":true,"href":"https:\/\/visitemporda.com\/es\/wp-json\/wp\/v2\/media\/13905"}],"wp:attachment":[{"href":"https:\/\/visitemporda.com\/es\/wp-json\/wp\/v2\/media?parent=20187"}],"curies":[{"name":"wp","href":"https:\/\/api.w.org\/{rel}","templated":true}]}}