

{"id":20185,"date":"2020-08-07T15:22:34","date_gmt":"2020-08-07T13:22:34","guid":{"rendered":"http:\/\/visitemporda.com\/parc-natural-del-montgri-les-illes-medes-i-el-baix-ter\/massis-de-les-gavarres\/"},"modified":"2021-06-02T18:46:20","modified_gmt":"2021-06-02T16:46:20","slug":"massis-de-les-gavarres","status":"publish","type":"page","link":"https:\/\/visitemporda.com\/es\/recomendaciones\/propostes\/territori-i-natura\/espacios-naturales-protegidos\/parc-natural-del-montgri-les-illes-medes-i-el-baix-ter\/massis-de-les-gavarres\/","title":{"rendered":"Macizo de les Gavarres"},"content":{"rendered":"<p class=\"p1\"><span class=\"s1\">El macizo de las Gavarres comprende territorios de las comarcas del Baix Empord\u00e0 y el Giron\u00e8s. En concreto 20 municipios conforman este espacio reconocido y protegido por sus valores naturales y culturales.<\/span><\/p>\n<p class=\"p1\"><span class=\"s1\">Por un lado, en 1992 fue declarado Espacio natural protegido por el Plan de Espacios de Inter\u00e9s Natural ya que aqu\u00ed encontramos los alcornocales y los bosques de pino mar\u00edtimo m\u00e1s importantes del territorio catal\u00e1n. El paisaje predominante es el configurado por matorrales de brezos y jaras, con un estrato arb\u00f3reo de alcornoques y pinos, y con abundancia de madro\u00f1o.<\/span><\/p>\n<p class=\"p3\"><span class=\"s1\">Por otra parte, en 2011 en las Gavarres fueron declarados diez elementos patrimoniales como Zona de Inter\u00e9s Etnol\u00f3gico como representantes de todo el patrimonio cultural etnol\u00f3gico presente en el macizo. En ese momento fue el primer espacio natural reconocido con esta declaraci\u00f3n cultural de toda Catalu\u00f1a. Hay que a\u00f1adir que en las Gavarres se documenta una importante concentraci\u00f3n de elementos arqueol\u00f3gicos, entre los que destacan los monumentos megal\u00edticos.<\/span><\/p>\n<p class=\"p3\"><span class=\"s1\">Por \u00faltimo, si viene a pasear por las Gavarres seguro que no os ir\u00e9is sin haber visto alguna de las antiguas iglesias parroquiales que en su momento vertebraron el poblamiento del macizo y fueron el centro de las relaciones vecinales y religiosas. Y es que los paseos en las Gavarres son al alcance de todo el mundo al tratarse de unas monta\u00f1as con un relieve suave donde el pico m\u00e1s elevado es el Puig de la Gavarra con 532 metros de altitud.<\/span><\/p>\n","protected":false},"excerpt":{"rendered":"<p>El macizo de las Gavarres comprende territorios de las comarcas del Baix Empord\u00e0 y el Giron\u00e8s. En concreto 20 municipios conforman este espacio reconocido y protegido por sus valores naturales y culturales. Por un lado, en 1992 fue declarado Espacio natural protegido por el Plan de Espacios de Inter\u00e9s Natural ya que aqu\u00ed encontramos los [&hellip;]<\/p>\n","protected":false},"author":5,"featured_media":18197,"parent":20183,"menu_order":0,"comment_status":"closed","ping_status":"closed","template":"page-templates\/fitxa-campanyes-gastronomiques.php","meta":{"_acf_changed":false,"footnotes":""},"class_list":["post-20185","page","type-page","status-publish","has-post-thumbnail","hentry"],"acf":[],"yoast_head":"<!-- This site is optimized with the Yoast SEO plugin v27.4 - https:\/\/yoast.com\/product\/yoast-seo-wordpress\/ -->\n<title>Macizo de les Gavarres - Visit Empord\u00e0<\/title>\n<meta name=\"robots\" content=\"index, follow, max-snippet:-1, max-image-preview:large, max-video-preview:-1\" \/>\n<link rel=\"canonical\" href=\"https:\/\/visitemporda.com\/es\/recomendaciones\/propostes\/territori-i-natura\/espacios-naturales-protegidos\/parc-natural-del-montgri-les-illes-medes-i-el-baix-ter\/massis-de-les-gavarres\/\" \/>\n<meta property=\"og:locale\" content=\"es_ES\" \/>\n<meta property=\"og:type\" content=\"article\" \/>\n<meta property=\"og:title\" content=\"Macizo de les Gavarres - Visit Empord\u00e0\" \/>\n<meta property=\"og:description\" content=\"El macizo de las Gavarres comprende territorios de las comarcas del Baix Empord\u00e0 y el Giron\u00e8s. En concreto 20 municipios conforman este espacio reconocido y protegido por sus valores naturales y culturales. Por un lado, en 1992 fue declarado Espacio natural protegido por el Plan de Espacios de Inter\u00e9s Natural ya que aqu\u00ed encontramos los [&hellip;]\" \/>\n<meta property=\"og:url\" content=\"https:\/\/visitemporda.com\/es\/recomendaciones\/propostes\/territori-i-natura\/espacios-naturales-protegidos\/parc-natural-del-montgri-les-illes-medes-i-el-baix-ter\/massis-de-les-gavarres\/\" \/>\n<meta property=\"og:site_name\" content=\"Visit Empord\u00e0\" \/>\n<meta property=\"article:publisher\" content=\"https:\/\/www.facebook.com\/baixempordaturisme\" \/>\n<meta property=\"article:modified_time\" content=\"2021-06-02T16:46:20+00:00\" \/>\n<meta property=\"og:image\" content=\"https:\/\/visitemporda.com\/wp-content\/uploads\/2020\/08\/gavarres.jpg\" \/>\n\t<meta property=\"og:image:width\" content=\"2560\" \/>\n\t<meta property=\"og:image:height\" content=\"1920\" \/>\n\t<meta property=\"og:image:type\" content=\"image\/jpeg\" \/>\n<meta name=\"twitter:card\" content=\"summary_large_image\" \/>\n<meta name=\"twitter:site\" content=\"@baixemporda_tur\" \/>\n<meta name=\"twitter:label1\" content=\"Tiempo de lectura\" \/>\n\t<meta name=\"twitter:data1\" content=\"1 minuto\" \/>\n<script type=\"application\/ld+json\" class=\"yoast-schema-graph\">{\"@context\":\"https:\\\/\\\/schema.org\",\"@graph\":[{\"@type\":\"WebPage\",\"@id\":\"https:\\\/\\\/visitemporda.com\\\/es\\\/recomendaciones\\\/propostes\\\/territori-i-natura\\\/espacios-naturales-protegidos\\\/parc-natural-del-montgri-les-illes-medes-i-el-baix-ter\\\/massis-de-les-gavarres\\\/\",\"url\":\"https:\\\/\\\/visitemporda.com\\\/es\\\/recomendaciones\\\/propostes\\\/territori-i-natura\\\/espacios-naturales-protegidos\\\/parc-natural-del-montgri-les-illes-medes-i-el-baix-ter\\\/massis-de-les-gavarres\\\/\",\"name\":\"Macizo de les Gavarres - Visit Empord\u00e0\",\"isPartOf\":{\"@id\":\"https:\\\/\\\/visitemporda.com\\\/es\\\/#website\"},\"primaryImageOfPage\":{\"@id\":\"https:\\\/\\\/visitemporda.com\\\/es\\\/recomendaciones\\\/propostes\\\/territori-i-natura\\\/espacios-naturales-protegidos\\\/parc-natural-del-montgri-les-illes-medes-i-el-baix-ter\\\/massis-de-les-gavarres\\\/#primaryimage\"},\"image\":{\"@id\":\"https:\\\/\\\/visitemporda.com\\\/es\\\/recomendaciones\\\/propostes\\\/territori-i-natura\\\/espacios-naturales-protegidos\\\/parc-natural-del-montgri-les-illes-medes-i-el-baix-ter\\\/massis-de-les-gavarres\\\/#primaryimage\"},\"thumbnailUrl\":\"https:\\\/\\\/visitemporda.com\\\/wp-content\\\/uploads\\\/2020\\\/08\\\/gavarres.jpg\",\"datePublished\":\"2020-08-07T13:22:34+00:00\",\"dateModified\":\"2021-06-02T16:46:20+00:00\",\"breadcrumb\":{\"@id\":\"https:\\\/\\\/visitemporda.com\\\/es\\\/recomendaciones\\\/propostes\\\/territori-i-natura\\\/espacios-naturales-protegidos\\\/parc-natural-del-montgri-les-illes-medes-i-el-baix-ter\\\/massis-de-les-gavarres\\\/#breadcrumb\"},\"inLanguage\":\"es\",\"potentialAction\":[{\"@type\":\"ReadAction\",\"target\":[\"https:\\\/\\\/visitemporda.com\\\/es\\\/recomendaciones\\\/propostes\\\/territori-i-natura\\\/espacios-naturales-protegidos\\\/parc-natural-del-montgri-les-illes-medes-i-el-baix-ter\\\/massis-de-les-gavarres\\\/\"]}]},{\"@type\":\"ImageObject\",\"inLanguage\":\"es\",\"@id\":\"https:\\\/\\\/visitemporda.com\\\/es\\\/recomendaciones\\\/propostes\\\/territori-i-natura\\\/espacios-naturales-protegidos\\\/parc-natural-del-montgri-les-illes-medes-i-el-baix-ter\\\/massis-de-les-gavarres\\\/#primaryimage\",\"url\":\"https:\\\/\\\/visitemporda.com\\\/wp-content\\\/uploads\\\/2020\\\/08\\\/gavarres.jpg\",\"contentUrl\":\"https:\\\/\\\/visitemporda.com\\\/wp-content\\\/uploads\\\/2020\\\/08\\\/gavarres.jpg\",\"width\":2560,\"height\":1920,\"caption\":\"Les Gavarres. Muntanya verda\"},{\"@type\":\"BreadcrumbList\",\"@id\":\"https:\\\/\\\/visitemporda.com\\\/es\\\/recomendaciones\\\/propostes\\\/territori-i-natura\\\/espacios-naturales-protegidos\\\/parc-natural-del-montgri-les-illes-medes-i-el-baix-ter\\\/massis-de-les-gavarres\\\/#breadcrumb\",\"itemListElement\":[{\"@type\":\"ListItem\",\"position\":1,\"name\":\"Inici\",\"item\":\"https:\\\/\\\/visitemporda.com\\\/es\\\/\"},{\"@type\":\"ListItem\",\"position\":2,\"name\":\"Recomendaciones\",\"item\":\"https:\\\/\\\/visitemporda.com\\\/es\\\/recomendaciones\\\/\"},{\"@type\":\"ListItem\",\"position\":3,\"name\":\"Qu\u00e9 hacer\",\"item\":\"https:\\\/\\\/visitemporda.com\\\/es\\\/recomendaciones\\\/propostes\\\/\"},{\"@type\":\"ListItem\",\"position\":4,\"name\":\"Propuestas de naturaleza\",\"item\":\"https:\\\/\\\/visitemporda.com\\\/es\\\/recomendaciones\\\/propostes\\\/territori-i-natura\\\/\"},{\"@type\":\"ListItem\",\"position\":5,\"name\":\"Espacios Naturales Protegidos\",\"item\":\"https:\\\/\\\/visitemporda.com\\\/es\\\/recomendaciones\\\/propostes\\\/territori-i-natura\\\/espacios-naturales-protegidos\\\/\"},{\"@type\":\"ListItem\",\"position\":6,\"name\":\"Parque Natural del Montgr\u00ed, las Islas Medes y el Baix Ter\",\"item\":\"https:\\\/\\\/visitemporda.com\\\/es\\\/recomendaciones\\\/propostes\\\/territori-i-natura\\\/espacios-naturales-protegidos\\\/parc-natural-del-montgri-les-illes-medes-i-el-baix-ter\\\/\"},{\"@type\":\"ListItem\",\"position\":7,\"name\":\"Macizo de les Gavarres\"}]},{\"@type\":\"WebSite\",\"@id\":\"https:\\\/\\\/visitemporda.com\\\/es\\\/#website\",\"url\":\"https:\\\/\\\/visitemporda.com\\\/es\\\/\",\"name\":\"Visit Empord\u00e0\",\"description\":\"Web tur\u00edstica oficial del Baix Empord\u00e0\",\"publisher\":{\"@id\":\"https:\\\/\\\/visitemporda.com\\\/es\\\/#organization\"},\"potentialAction\":[{\"@type\":\"SearchAction\",\"target\":{\"@type\":\"EntryPoint\",\"urlTemplate\":\"https:\\\/\\\/visitemporda.com\\\/es\\\/?s={search_term_string}\"},\"query-input\":{\"@type\":\"PropertyValueSpecification\",\"valueRequired\":true,\"valueName\":\"search_term_string\"}}],\"inLanguage\":\"es\"},{\"@type\":\"Organization\",\"@id\":\"https:\\\/\\\/visitemporda.com\\\/es\\\/#organization\",\"name\":\"Consell Comarcal del Baix Empord\u00e0\",\"url\":\"https:\\\/\\\/visitemporda.com\\\/es\\\/\",\"logo\":{\"@type\":\"ImageObject\",\"inLanguage\":\"es\",\"@id\":\"https:\\\/\\\/visitemporda.com\\\/es\\\/#\\\/schema\\\/logo\\\/image\\\/\",\"url\":\"https:\\\/\\\/visitemporda.com\\\/wp-content\\\/uploads\\\/2024\\\/11\\\/Logotip_CCBE.png\",\"contentUrl\":\"https:\\\/\\\/visitemporda.com\\\/wp-content\\\/uploads\\\/2024\\\/11\\\/Logotip_CCBE.png\",\"width\":3617,\"height\":3617,\"caption\":\"Consell Comarcal del Baix Empord\u00e0\"},\"image\":{\"@id\":\"https:\\\/\\\/visitemporda.com\\\/es\\\/#\\\/schema\\\/logo\\\/image\\\/\"},\"sameAs\":[\"https:\\\/\\\/www.facebook.com\\\/baixempordaturisme\",\"https:\\\/\\\/x.com\\\/baixemporda_tur\",\"https:\\\/\\\/www.instagram.com\\\/visitemporda\"]}]}<\/script>\n<!-- \/ Yoast SEO plugin. -->","yoast_head_json":{"title":"Macizo de les Gavarres - Visit Empord\u00e0","robots":{"index":"index","follow":"follow","max-snippet":"max-snippet:-1","max-image-preview":"max-image-preview:large","max-video-preview":"max-video-preview:-1"},"canonical":"https:\/\/visitemporda.com\/es\/recomendaciones\/propostes\/territori-i-natura\/espacios-naturales-protegidos\/parc-natural-del-montgri-les-illes-medes-i-el-baix-ter\/massis-de-les-gavarres\/","og_locale":"es_ES","og_type":"article","og_title":"Macizo de les Gavarres - Visit Empord\u00e0","og_description":"El macizo de las Gavarres comprende territorios de las comarcas del Baix Empord\u00e0 y el Giron\u00e8s. En concreto 20 municipios conforman este espacio reconocido y protegido por sus valores naturales y culturales. Por un lado, en 1992 fue declarado Espacio natural protegido por el Plan de Espacios de Inter\u00e9s Natural ya que aqu\u00ed encontramos los [&hellip;]","og_url":"https:\/\/visitemporda.com\/es\/recomendaciones\/propostes\/territori-i-natura\/espacios-naturales-protegidos\/parc-natural-del-montgri-les-illes-medes-i-el-baix-ter\/massis-de-les-gavarres\/","og_site_name":"Visit Empord\u00e0","article_publisher":"https:\/\/www.facebook.com\/baixempordaturisme","article_modified_time":"2021-06-02T16:46:20+00:00","og_image":[{"width":2560,"height":1920,"url":"https:\/\/visitemporda.com\/wp-content\/uploads\/2020\/08\/gavarres.jpg","type":"image\/jpeg"}],"twitter_card":"summary_large_image","twitter_site":"@baixemporda_tur","twitter_misc":{"Tiempo de lectura":"1 minuto"},"schema":{"@context":"https:\/\/schema.org","@graph":[{"@type":"WebPage","@id":"https:\/\/visitemporda.com\/es\/recomendaciones\/propostes\/territori-i-natura\/espacios-naturales-protegidos\/parc-natural-del-montgri-les-illes-medes-i-el-baix-ter\/massis-de-les-gavarres\/","url":"https:\/\/visitemporda.com\/es\/recomendaciones\/propostes\/territori-i-natura\/espacios-naturales-protegidos\/parc-natural-del-montgri-les-illes-medes-i-el-baix-ter\/massis-de-les-gavarres\/","name":"Macizo de les Gavarres - Visit Empord\u00e0","isPartOf":{"@id":"https:\/\/visitemporda.com\/es\/#website"},"primaryImageOfPage":{"@id":"https:\/\/visitemporda.com\/es\/recomendaciones\/propostes\/territori-i-natura\/espacios-naturales-protegidos\/parc-natural-del-montgri-les-illes-medes-i-el-baix-ter\/massis-de-les-gavarres\/#primaryimage"},"image":{"@id":"https:\/\/visitemporda.com\/es\/recomendaciones\/propostes\/territori-i-natura\/espacios-naturales-protegidos\/parc-natural-del-montgri-les-illes-medes-i-el-baix-ter\/massis-de-les-gavarres\/#primaryimage"},"thumbnailUrl":"https:\/\/visitemporda.com\/wp-content\/uploads\/2020\/08\/gavarres.jpg","datePublished":"2020-08-07T13:22:34+00:00","dateModified":"2021-06-02T16:46:20+00:00","breadcrumb":{"@id":"https:\/\/visitemporda.com\/es\/recomendaciones\/propostes\/territori-i-natura\/espacios-naturales-protegidos\/parc-natural-del-montgri-les-illes-medes-i-el-baix-ter\/massis-de-les-gavarres\/#breadcrumb"},"inLanguage":"es","potentialAction":[{"@type":"ReadAction","target":["https:\/\/visitemporda.com\/es\/recomendaciones\/propostes\/territori-i-natura\/espacios-naturales-protegidos\/parc-natural-del-montgri-les-illes-medes-i-el-baix-ter\/massis-de-les-gavarres\/"]}]},{"@type":"ImageObject","inLanguage":"es","@id":"https:\/\/visitemporda.com\/es\/recomendaciones\/propostes\/territori-i-natura\/espacios-naturales-protegidos\/parc-natural-del-montgri-les-illes-medes-i-el-baix-ter\/massis-de-les-gavarres\/#primaryimage","url":"https:\/\/visitemporda.com\/wp-content\/uploads\/2020\/08\/gavarres.jpg","contentUrl":"https:\/\/visitemporda.com\/wp-content\/uploads\/2020\/08\/gavarres.jpg","width":2560,"height":1920,"caption":"Les Gavarres. Muntanya verda"},{"@type":"BreadcrumbList","@id":"https:\/\/visitemporda.com\/es\/recomendaciones\/propostes\/territori-i-natura\/espacios-naturales-protegidos\/parc-natural-del-montgri-les-illes-medes-i-el-baix-ter\/massis-de-les-gavarres\/#breadcrumb","itemListElement":[{"@type":"ListItem","position":1,"name":"Inici","item":"https:\/\/visitemporda.com\/es\/"},{"@type":"ListItem","position":2,"name":"Recomendaciones","item":"https:\/\/visitemporda.com\/es\/recomendaciones\/"},{"@type":"ListItem","position":3,"name":"Qu\u00e9 hacer","item":"https:\/\/visitemporda.com\/es\/recomendaciones\/propostes\/"},{"@type":"ListItem","position":4,"name":"Propuestas de naturaleza","item":"https:\/\/visitemporda.com\/es\/recomendaciones\/propostes\/territori-i-natura\/"},{"@type":"ListItem","position":5,"name":"Espacios Naturales Protegidos","item":"https:\/\/visitemporda.com\/es\/recomendaciones\/propostes\/territori-i-natura\/espacios-naturales-protegidos\/"},{"@type":"ListItem","position":6,"name":"Parque Natural del Montgr\u00ed, las Islas Medes y el Baix Ter","item":"https:\/\/visitemporda.com\/es\/recomendaciones\/propostes\/territori-i-natura\/espacios-naturales-protegidos\/parc-natural-del-montgri-les-illes-medes-i-el-baix-ter\/"},{"@type":"ListItem","position":7,"name":"Macizo de les Gavarres"}]},{"@type":"WebSite","@id":"https:\/\/visitemporda.com\/es\/#website","url":"https:\/\/visitemporda.com\/es\/","name":"Visit Empord\u00e0","description":"Web tur\u00edstica oficial del Baix Empord\u00e0","publisher":{"@id":"https:\/\/visitemporda.com\/es\/#organization"},"potentialAction":[{"@type":"SearchAction","target":{"@type":"EntryPoint","urlTemplate":"https:\/\/visitemporda.com\/es\/?s={search_term_string}"},"query-input":{"@type":"PropertyValueSpecification","valueRequired":true,"valueName":"search_term_string"}}],"inLanguage":"es"},{"@type":"Organization","@id":"https:\/\/visitemporda.com\/es\/#organization","name":"Consell Comarcal del Baix Empord\u00e0","url":"https:\/\/visitemporda.com\/es\/","logo":{"@type":"ImageObject","inLanguage":"es","@id":"https:\/\/visitemporda.com\/es\/#\/schema\/logo\/image\/","url":"https:\/\/visitemporda.com\/wp-content\/uploads\/2024\/11\/Logotip_CCBE.png","contentUrl":"https:\/\/visitemporda.com\/wp-content\/uploads\/2024\/11\/Logotip_CCBE.png","width":3617,"height":3617,"caption":"Consell Comarcal del Baix Empord\u00e0"},"image":{"@id":"https:\/\/visitemporda.com\/es\/#\/schema\/logo\/image\/"},"sameAs":["https:\/\/www.facebook.com\/baixempordaturisme","https:\/\/x.com\/baixemporda_tur","https:\/\/www.instagram.com\/visitemporda"]}]}},"_links":{"self":[{"href":"https:\/\/visitemporda.com\/es\/wp-json\/wp\/v2\/pages\/20185","targetHints":{"allow":["GET"]}}],"collection":[{"href":"https:\/\/visitemporda.com\/es\/wp-json\/wp\/v2\/pages"}],"about":[{"href":"https:\/\/visitemporda.com\/es\/wp-json\/wp\/v2\/types\/page"}],"author":[{"embeddable":true,"href":"https:\/\/visitemporda.com\/es\/wp-json\/wp\/v2\/users\/5"}],"replies":[{"embeddable":true,"href":"https:\/\/visitemporda.com\/es\/wp-json\/wp\/v2\/comments?post=20185"}],"version-history":[{"count":2,"href":"https:\/\/visitemporda.com\/es\/wp-json\/wp\/v2\/pages\/20185\/revisions"}],"predecessor-version":[{"id":32072,"href":"https:\/\/visitemporda.com\/es\/wp-json\/wp\/v2\/pages\/20185\/revisions\/32072"}],"up":[{"embeddable":true,"href":"https:\/\/visitemporda.com\/es\/wp-json\/wp\/v2\/pages\/20183"}],"wp:featuredmedia":[{"embeddable":true,"href":"https:\/\/visitemporda.com\/es\/wp-json\/wp\/v2\/media\/18197"}],"wp:attachment":[{"href":"https:\/\/visitemporda.com\/es\/wp-json\/wp\/v2\/media?parent=20185"}],"curies":[{"name":"wp","href":"https:\/\/api.w.org\/{rel}","templated":true}]}}