

{"id":20180,"date":"2020-08-07T15:16:46","date_gmt":"2020-08-07T13:16:46","guid":{"rendered":"http:\/\/visitemporda.com\/espai-natural-castell-cap-roig\/"},"modified":"2020-09-28T10:35:41","modified_gmt":"2020-09-28T08:35:41","slug":"espai-natural-castell-cap-roig","status":"publish","type":"page","link":"https:\/\/visitemporda.com\/es\/recomendaciones\/propostes\/territori-i-natura\/espacios-naturales-protegidos\/espai-natural-castell-cap-roig\/","title":{"rendered":"Espacio natural Castell-Cap Roig"},"content":{"rendered":"<p class=\"p1\"><span class=\"s1\">Castell-Cap Roig es una zona de elevado inter\u00e9s ecol\u00f3gico, cultural y paisaj\u00edstico. Comprende una superficie total de 1.105,63 ha, de las cuales 427,95 ha corresponden al \u00e1mbito terrestre y 677.68 ha en el \u00e1mbito marino. El espacio est\u00e1 situado dentro de los t\u00e9rminos municipales de Palam\u00f3s, Palafrugell y Mont-Ras.<\/span><\/p>\n<p class=\"p1\"><span class=\"s1\">El espacio recoge toda la esencia de la Costa Brava con un interesant\u00edsimo mosaico de espacios agro-forestales en contacto con el mar, un peque\u00f1o humedal al abrigo de la Playa de Castell, peque\u00f1as calas y abruptos acantilados. La extensa llanura agr\u00edcola que llega casi hasta el mar singulariza el espacio, como unos de los \u00faltimos espacios mejor conservados del litoral Giron\u00ed.<\/span><\/p>\n<p class=\"p1\"><span class=\"s1\">El espacio acoge un importante n\u00famero de especies de fauna y flora protegidas, tanto a nivel terrestre como marino. Y destacan en especial los p\u00e1jaros, con elementos singulares como el Cormor\u00e1n mo\u00f1udo, que tiene una importante poblaci\u00f3n todo el a\u00f1o, pardelas, rapaces y un amplio n\u00famero de especies aves paseriformes. En el espacio marino y son frecuentes las observaciones de cet\u00e1ceos en especial delfines listados y mulares. Debajo del agua sei conservan importantes extensiones de praderas de Posidonia oce\u00e1nica, interesant\u00edsimas comunidades algales, y alrededor de las islas \u201cFormigues\u201d, la comunidad del coral\u00edgeno con su elevada biodiversidad.<\/span><\/p>\n<p class=\"p1\"><span class=\"s1\"><br \/>\nA Castell Cap Roig encontramos importantes elementos de inter\u00e9s hist\u00f3rico, como son el Poblado Ib\u00e9rico situado a levante de la playa de Castell, las barracas de pescadores de Castell, Cala Estreta o El crit, y el Castell y Jard\u00edn bot\u00e1nico de Cap Roig en el extremo norte del espacio.<\/span><\/p>\n<p class=\"p1\"><span class=\"s1\">El paraje de Castell cuenta en sus alrededores con el <b>Mas Juny<\/b>, declarado bien cultural de inter\u00e9s nacional (en adelante BCIN), que fue propiedad del pintor <b>Jos\u00e9 Mar\u00eda Sert<\/b> durante los a\u00f1os treinta. La presencia de este artista internacional llev\u00f3 a la Costa Brava personalidades como Marlene Dietrich, Coco Chanel, Visconti o el joven Salvador Dal\u00ed. Castell es uno de los referentes de la <b>Costa Brava glamourousa <\/b>y los inicios del turismo.<\/span><\/p>\n<p class=\"p1\"><span class=\"s1\">El pintor Sert tambi\u00e9n est\u00e1 presente en la playa a trav\u00e9s del conjunto conocido como las <b>Barracas d\u2019en Sert<\/b>, de perfil muy pintoresco. El mas Juny \u200b\u200bfue adquirido posteriormente por Alberto Puig Palau, mecenas inmortalizado por Joan Manuel Serrat en la canci\u00f3n <i>Tio Alberto<\/i>. Puig Palau mantuvo vivo el eco internacional de la zona, consiguiendo que el m\u00edtico rodaje de <i>Pandora<\/i> y el <i>holand\u00e9s errante<\/i> (protagonizada en 1951 por la actriz AvaGadner) se realizara en la Costa Brava o construyendo la famosa <b>Barraca de Dal\u00ed<\/b>, en los terrenos de la casa, donde el famoso pintor hizo estancias, entre otros.<\/span><\/p>\n<p class=\"p1\"><span class=\"s1\">Castell tambi\u00e9n es uno de los emblemas de <b>La lucha por la conservaci\u00f3n de los espacios naturales del pa\u00eds<\/b>. Los terrenos del paraje y la Plana de Castell son en parte, propiedad de la Generalidad de Catalu\u00f1a desde 2000, despu\u00e9s de que la intens\u00edsima movilizaci\u00f3n popular llevara al Ayuntamiento de Palam\u00f3s, en 1994, a organizar un refer\u00e9ndum donde una amplia mayor\u00eda de ciudadanos se mostraron favorables a su protecci\u00f3n, evitando as\u00ed su urbanizaci\u00f3n.<\/span><\/p>\n<p class=\"p1\"><span class=\"s1\">El espacio dispone de una zona de estacionamiento en la zona de Castell y servicios en esta playa durante los meses de verano. Durante este periodo se regula el acceso motorizado al espacio siendo accesible s\u00f3lo a pie.<\/span><\/p>\n<p class=\"p1\"><span class=\"s1\">El espacio dispone de una amplia red de senderos y v\u00edas ciclistas para poder ser visitado, de entre las que destacan, el Camino de Ronda que une por el litoral Palam\u00f3s y Palafrugell pasando por las principales calas del espacio natural, la v\u00eda verde del Tren Petit por el interior, especialmente dise\u00f1ada para hacer en bicicleta, y el sendero de largo recorrido GR 92, que atraviesa el espacio por el interior de sur a norte.<\/span><\/p>\n","protected":false},"excerpt":{"rendered":"<p>Castell-Cap Roig es una zona de elevado inter\u00e9s ecol\u00f3gico, cultural y paisaj\u00edstico. Comprende una superficie total de 1.105,63 ha, de las cuales 427,95 ha corresponden al \u00e1mbito terrestre y 677.68 ha en el \u00e1mbito marino. El espacio est\u00e1 situado dentro de los t\u00e9rminos municipales de Palam\u00f3s, Palafrugell y Mont-Ras. El espacio recoge toda la esencia [&hellip;]<\/p>\n","protected":false},"author":5,"featured_media":18205,"parent":20736,"menu_order":0,"comment_status":"closed","ping_status":"closed","template":"page-templates\/fitxa-campanyes-gastronomiques.php","meta":{"_acf_changed":false,"footnotes":""},"class_list":["post-20180","page","type-page","status-publish","has-post-thumbnail","hentry"],"acf":[],"yoast_head":"<!-- This site is optimized with the Yoast SEO plugin v27.4 - https:\/\/yoast.com\/product\/yoast-seo-wordpress\/ -->\n<title>Espacio natural Castell-Cap Roig - Visit Empord\u00e0<\/title>\n<meta name=\"robots\" content=\"index, follow, max-snippet:-1, max-image-preview:large, max-video-preview:-1\" \/>\n<link rel=\"canonical\" href=\"https:\/\/visitemporda.com\/es\/recomendaciones\/propostes\/territori-i-natura\/espacios-naturales-protegidos\/espai-natural-castell-cap-roig\/\" \/>\n<meta property=\"og:locale\" content=\"es_ES\" \/>\n<meta property=\"og:type\" content=\"article\" \/>\n<meta property=\"og:title\" content=\"Espacio natural Castell-Cap Roig - Visit Empord\u00e0\" \/>\n<meta property=\"og:description\" content=\"Castell-Cap Roig es una zona de elevado inter\u00e9s ecol\u00f3gico, cultural y paisaj\u00edstico. Comprende una superficie total de 1.105,63 ha, de las cuales 427,95 ha corresponden al \u00e1mbito terrestre y 677.68 ha en el \u00e1mbito marino. El espacio est\u00e1 situado dentro de los t\u00e9rminos municipales de Palam\u00f3s, Palafrugell y Mont-Ras. El espacio recoge toda la esencia [&hellip;]\" \/>\n<meta property=\"og:url\" content=\"https:\/\/visitemporda.com\/es\/recomendaciones\/propostes\/territori-i-natura\/espacios-naturales-protegidos\/espai-natural-castell-cap-roig\/\" \/>\n<meta property=\"og:site_name\" content=\"Visit Empord\u00e0\" \/>\n<meta property=\"article:publisher\" content=\"https:\/\/www.facebook.com\/baixempordaturisme\" \/>\n<meta property=\"article:modified_time\" content=\"2020-09-28T08:35:41+00:00\" \/>\n<meta property=\"og:image\" content=\"https:\/\/visitemporda.com\/wp-content\/uploads\/2020\/08\/Visis\u00f2-a\u00e8rea-Poblai-IBeric-Castell-1024x576.jpg\" \/>\n\t<meta property=\"og:image:width\" content=\"1024\" \/>\n\t<meta property=\"og:image:height\" content=\"576\" \/>\n\t<meta property=\"og:image:type\" content=\"image\/jpeg\" \/>\n<meta name=\"twitter:card\" content=\"summary_large_image\" \/>\n<meta name=\"twitter:site\" content=\"@baixemporda_tur\" \/>\n<meta name=\"twitter:label1\" content=\"Tiempo de lectura\" \/>\n\t<meta name=\"twitter:data1\" content=\"3 minutos\" \/>\n<script type=\"application\/ld+json\" class=\"yoast-schema-graph\">{\"@context\":\"https:\\\/\\\/schema.org\",\"@graph\":[{\"@type\":\"WebPage\",\"@id\":\"https:\\\/\\\/visitemporda.com\\\/es\\\/recomendaciones\\\/propostes\\\/territori-i-natura\\\/espacios-naturales-protegidos\\\/espai-natural-castell-cap-roig\\\/\",\"url\":\"https:\\\/\\\/visitemporda.com\\\/es\\\/recomendaciones\\\/propostes\\\/territori-i-natura\\\/espacios-naturales-protegidos\\\/espai-natural-castell-cap-roig\\\/\",\"name\":\"Espacio natural Castell-Cap Roig - Visit Empord\u00e0\",\"isPartOf\":{\"@id\":\"https:\\\/\\\/visitemporda.com\\\/es\\\/#website\"},\"primaryImageOfPage\":{\"@id\":\"https:\\\/\\\/visitemporda.com\\\/es\\\/recomendaciones\\\/propostes\\\/territori-i-natura\\\/espacios-naturales-protegidos\\\/espai-natural-castell-cap-roig\\\/#primaryimage\"},\"image\":{\"@id\":\"https:\\\/\\\/visitemporda.com\\\/es\\\/recomendaciones\\\/propostes\\\/territori-i-natura\\\/espacios-naturales-protegidos\\\/espai-natural-castell-cap-roig\\\/#primaryimage\"},\"thumbnailUrl\":\"https:\\\/\\\/visitemporda.com\\\/wp-content\\\/uploads\\\/2020\\\/08\\\/Visis\u00f2-a\u00e8rea-Poblai-IBeric-Castell.jpg\",\"datePublished\":\"2020-08-07T13:16:46+00:00\",\"dateModified\":\"2020-09-28T08:35:41+00:00\",\"breadcrumb\":{\"@id\":\"https:\\\/\\\/visitemporda.com\\\/es\\\/recomendaciones\\\/propostes\\\/territori-i-natura\\\/espacios-naturales-protegidos\\\/espai-natural-castell-cap-roig\\\/#breadcrumb\"},\"inLanguage\":\"es\",\"potentialAction\":[{\"@type\":\"ReadAction\",\"target\":[\"https:\\\/\\\/visitemporda.com\\\/es\\\/recomendaciones\\\/propostes\\\/territori-i-natura\\\/espacios-naturales-protegidos\\\/espai-natural-castell-cap-roig\\\/\"]}]},{\"@type\":\"ImageObject\",\"inLanguage\":\"es\",\"@id\":\"https:\\\/\\\/visitemporda.com\\\/es\\\/recomendaciones\\\/propostes\\\/territori-i-natura\\\/espacios-naturales-protegidos\\\/espai-natural-castell-cap-roig\\\/#primaryimage\",\"url\":\"https:\\\/\\\/visitemporda.com\\\/wp-content\\\/uploads\\\/2020\\\/08\\\/Visis\u00f2-a\u00e8rea-Poblai-IBeric-Castell.jpg\",\"contentUrl\":\"https:\\\/\\\/visitemporda.com\\\/wp-content\\\/uploads\\\/2020\\\/08\\\/Visis\u00f2-a\u00e8rea-Poblai-IBeric-Castell.jpg\",\"width\":4000,\"height\":2250,\"caption\":\"DCIM100MEDIADJI_0020.JPG\"},{\"@type\":\"BreadcrumbList\",\"@id\":\"https:\\\/\\\/visitemporda.com\\\/es\\\/recomendaciones\\\/propostes\\\/territori-i-natura\\\/espacios-naturales-protegidos\\\/espai-natural-castell-cap-roig\\\/#breadcrumb\",\"itemListElement\":[{\"@type\":\"ListItem\",\"position\":1,\"name\":\"Inici\",\"item\":\"https:\\\/\\\/visitemporda.com\\\/es\\\/\"},{\"@type\":\"ListItem\",\"position\":2,\"name\":\"Recomendaciones\",\"item\":\"https:\\\/\\\/visitemporda.com\\\/es\\\/recomendaciones\\\/\"},{\"@type\":\"ListItem\",\"position\":3,\"name\":\"Qu\u00e9 hacer\",\"item\":\"https:\\\/\\\/visitemporda.com\\\/es\\\/recomendaciones\\\/propostes\\\/\"},{\"@type\":\"ListItem\",\"position\":4,\"name\":\"Propuestas de naturaleza\",\"item\":\"https:\\\/\\\/visitemporda.com\\\/es\\\/recomendaciones\\\/propostes\\\/territori-i-natura\\\/\"},{\"@type\":\"ListItem\",\"position\":5,\"name\":\"Espacios Naturales Protegidos\",\"item\":\"https:\\\/\\\/visitemporda.com\\\/es\\\/recomendaciones\\\/propostes\\\/territori-i-natura\\\/espacios-naturales-protegidos\\\/\"},{\"@type\":\"ListItem\",\"position\":6,\"name\":\"Espacio natural Castell-Cap Roig\"}]},{\"@type\":\"WebSite\",\"@id\":\"https:\\\/\\\/visitemporda.com\\\/es\\\/#website\",\"url\":\"https:\\\/\\\/visitemporda.com\\\/es\\\/\",\"name\":\"Visit Empord\u00e0\",\"description\":\"Web tur\u00edstica oficial del Baix Empord\u00e0\",\"publisher\":{\"@id\":\"https:\\\/\\\/visitemporda.com\\\/es\\\/#organization\"},\"potentialAction\":[{\"@type\":\"SearchAction\",\"target\":{\"@type\":\"EntryPoint\",\"urlTemplate\":\"https:\\\/\\\/visitemporda.com\\\/es\\\/?s={search_term_string}\"},\"query-input\":{\"@type\":\"PropertyValueSpecification\",\"valueRequired\":true,\"valueName\":\"search_term_string\"}}],\"inLanguage\":\"es\"},{\"@type\":\"Organization\",\"@id\":\"https:\\\/\\\/visitemporda.com\\\/es\\\/#organization\",\"name\":\"Consell Comarcal del Baix Empord\u00e0\",\"url\":\"https:\\\/\\\/visitemporda.com\\\/es\\\/\",\"logo\":{\"@type\":\"ImageObject\",\"inLanguage\":\"es\",\"@id\":\"https:\\\/\\\/visitemporda.com\\\/es\\\/#\\\/schema\\\/logo\\\/image\\\/\",\"url\":\"https:\\\/\\\/visitemporda.com\\\/wp-content\\\/uploads\\\/2024\\\/11\\\/Logotip_CCBE.png\",\"contentUrl\":\"https:\\\/\\\/visitemporda.com\\\/wp-content\\\/uploads\\\/2024\\\/11\\\/Logotip_CCBE.png\",\"width\":3617,\"height\":3617,\"caption\":\"Consell Comarcal del Baix Empord\u00e0\"},\"image\":{\"@id\":\"https:\\\/\\\/visitemporda.com\\\/es\\\/#\\\/schema\\\/logo\\\/image\\\/\"},\"sameAs\":[\"https:\\\/\\\/www.facebook.com\\\/baixempordaturisme\",\"https:\\\/\\\/x.com\\\/baixemporda_tur\",\"https:\\\/\\\/www.instagram.com\\\/visitemporda\"]}]}<\/script>\n<!-- \/ Yoast SEO plugin. -->","yoast_head_json":{"title":"Espacio natural Castell-Cap Roig - Visit Empord\u00e0","robots":{"index":"index","follow":"follow","max-snippet":"max-snippet:-1","max-image-preview":"max-image-preview:large","max-video-preview":"max-video-preview:-1"},"canonical":"https:\/\/visitemporda.com\/es\/recomendaciones\/propostes\/territori-i-natura\/espacios-naturales-protegidos\/espai-natural-castell-cap-roig\/","og_locale":"es_ES","og_type":"article","og_title":"Espacio natural Castell-Cap Roig - Visit Empord\u00e0","og_description":"Castell-Cap Roig es una zona de elevado inter\u00e9s ecol\u00f3gico, cultural y paisaj\u00edstico. Comprende una superficie total de 1.105,63 ha, de las cuales 427,95 ha corresponden al \u00e1mbito terrestre y 677.68 ha en el \u00e1mbito marino. El espacio est\u00e1 situado dentro de los t\u00e9rminos municipales de Palam\u00f3s, Palafrugell y Mont-Ras. El espacio recoge toda la esencia [&hellip;]","og_url":"https:\/\/visitemporda.com\/es\/recomendaciones\/propostes\/territori-i-natura\/espacios-naturales-protegidos\/espai-natural-castell-cap-roig\/","og_site_name":"Visit Empord\u00e0","article_publisher":"https:\/\/www.facebook.com\/baixempordaturisme","article_modified_time":"2020-09-28T08:35:41+00:00","og_image":[{"width":1024,"height":576,"url":"https:\/\/visitemporda.com\/wp-content\/uploads\/2020\/08\/Visis\u00f2-a\u00e8rea-Poblai-IBeric-Castell-1024x576.jpg","type":"image\/jpeg"}],"twitter_card":"summary_large_image","twitter_site":"@baixemporda_tur","twitter_misc":{"Tiempo de lectura":"3 minutos"},"schema":{"@context":"https:\/\/schema.org","@graph":[{"@type":"WebPage","@id":"https:\/\/visitemporda.com\/es\/recomendaciones\/propostes\/territori-i-natura\/espacios-naturales-protegidos\/espai-natural-castell-cap-roig\/","url":"https:\/\/visitemporda.com\/es\/recomendaciones\/propostes\/territori-i-natura\/espacios-naturales-protegidos\/espai-natural-castell-cap-roig\/","name":"Espacio natural Castell-Cap Roig - Visit Empord\u00e0","isPartOf":{"@id":"https:\/\/visitemporda.com\/es\/#website"},"primaryImageOfPage":{"@id":"https:\/\/visitemporda.com\/es\/recomendaciones\/propostes\/territori-i-natura\/espacios-naturales-protegidos\/espai-natural-castell-cap-roig\/#primaryimage"},"image":{"@id":"https:\/\/visitemporda.com\/es\/recomendaciones\/propostes\/territori-i-natura\/espacios-naturales-protegidos\/espai-natural-castell-cap-roig\/#primaryimage"},"thumbnailUrl":"https:\/\/visitemporda.com\/wp-content\/uploads\/2020\/08\/Visis\u00f2-a\u00e8rea-Poblai-IBeric-Castell.jpg","datePublished":"2020-08-07T13:16:46+00:00","dateModified":"2020-09-28T08:35:41+00:00","breadcrumb":{"@id":"https:\/\/visitemporda.com\/es\/recomendaciones\/propostes\/territori-i-natura\/espacios-naturales-protegidos\/espai-natural-castell-cap-roig\/#breadcrumb"},"inLanguage":"es","potentialAction":[{"@type":"ReadAction","target":["https:\/\/visitemporda.com\/es\/recomendaciones\/propostes\/territori-i-natura\/espacios-naturales-protegidos\/espai-natural-castell-cap-roig\/"]}]},{"@type":"ImageObject","inLanguage":"es","@id":"https:\/\/visitemporda.com\/es\/recomendaciones\/propostes\/territori-i-natura\/espacios-naturales-protegidos\/espai-natural-castell-cap-roig\/#primaryimage","url":"https:\/\/visitemporda.com\/wp-content\/uploads\/2020\/08\/Visis\u00f2-a\u00e8rea-Poblai-IBeric-Castell.jpg","contentUrl":"https:\/\/visitemporda.com\/wp-content\/uploads\/2020\/08\/Visis\u00f2-a\u00e8rea-Poblai-IBeric-Castell.jpg","width":4000,"height":2250,"caption":"DCIM100MEDIADJI_0020.JPG"},{"@type":"BreadcrumbList","@id":"https:\/\/visitemporda.com\/es\/recomendaciones\/propostes\/territori-i-natura\/espacios-naturales-protegidos\/espai-natural-castell-cap-roig\/#breadcrumb","itemListElement":[{"@type":"ListItem","position":1,"name":"Inici","item":"https:\/\/visitemporda.com\/es\/"},{"@type":"ListItem","position":2,"name":"Recomendaciones","item":"https:\/\/visitemporda.com\/es\/recomendaciones\/"},{"@type":"ListItem","position":3,"name":"Qu\u00e9 hacer","item":"https:\/\/visitemporda.com\/es\/recomendaciones\/propostes\/"},{"@type":"ListItem","position":4,"name":"Propuestas de naturaleza","item":"https:\/\/visitemporda.com\/es\/recomendaciones\/propostes\/territori-i-natura\/"},{"@type":"ListItem","position":5,"name":"Espacios Naturales Protegidos","item":"https:\/\/visitemporda.com\/es\/recomendaciones\/propostes\/territori-i-natura\/espacios-naturales-protegidos\/"},{"@type":"ListItem","position":6,"name":"Espacio natural Castell-Cap Roig"}]},{"@type":"WebSite","@id":"https:\/\/visitemporda.com\/es\/#website","url":"https:\/\/visitemporda.com\/es\/","name":"Visit Empord\u00e0","description":"Web tur\u00edstica oficial del Baix Empord\u00e0","publisher":{"@id":"https:\/\/visitemporda.com\/es\/#organization"},"potentialAction":[{"@type":"SearchAction","target":{"@type":"EntryPoint","urlTemplate":"https:\/\/visitemporda.com\/es\/?s={search_term_string}"},"query-input":{"@type":"PropertyValueSpecification","valueRequired":true,"valueName":"search_term_string"}}],"inLanguage":"es"},{"@type":"Organization","@id":"https:\/\/visitemporda.com\/es\/#organization","name":"Consell Comarcal del Baix Empord\u00e0","url":"https:\/\/visitemporda.com\/es\/","logo":{"@type":"ImageObject","inLanguage":"es","@id":"https:\/\/visitemporda.com\/es\/#\/schema\/logo\/image\/","url":"https:\/\/visitemporda.com\/wp-content\/uploads\/2024\/11\/Logotip_CCBE.png","contentUrl":"https:\/\/visitemporda.com\/wp-content\/uploads\/2024\/11\/Logotip_CCBE.png","width":3617,"height":3617,"caption":"Consell Comarcal del Baix Empord\u00e0"},"image":{"@id":"https:\/\/visitemporda.com\/es\/#\/schema\/logo\/image\/"},"sameAs":["https:\/\/www.facebook.com\/baixempordaturisme","https:\/\/x.com\/baixemporda_tur","https:\/\/www.instagram.com\/visitemporda"]}]}},"_links":{"self":[{"href":"https:\/\/visitemporda.com\/es\/wp-json\/wp\/v2\/pages\/20180","targetHints":{"allow":["GET"]}}],"collection":[{"href":"https:\/\/visitemporda.com\/es\/wp-json\/wp\/v2\/pages"}],"about":[{"href":"https:\/\/visitemporda.com\/es\/wp-json\/wp\/v2\/types\/page"}],"author":[{"embeddable":true,"href":"https:\/\/visitemporda.com\/es\/wp-json\/wp\/v2\/users\/5"}],"replies":[{"embeddable":true,"href":"https:\/\/visitemporda.com\/es\/wp-json\/wp\/v2\/comments?post=20180"}],"version-history":[{"count":2,"href":"https:\/\/visitemporda.com\/es\/wp-json\/wp\/v2\/pages\/20180\/revisions"}],"predecessor-version":[{"id":20182,"href":"https:\/\/visitemporda.com\/es\/wp-json\/wp\/v2\/pages\/20180\/revisions\/20182"}],"up":[{"embeddable":true,"href":"https:\/\/visitemporda.com\/es\/wp-json\/wp\/v2\/pages\/20736"}],"wp:featuredmedia":[{"embeddable":true,"href":"https:\/\/visitemporda.com\/es\/wp-json\/wp\/v2\/media\/18205"}],"wp:attachment":[{"href":"https:\/\/visitemporda.com\/es\/wp-json\/wp\/v2\/media?parent=20180"}],"curies":[{"name":"wp","href":"https:\/\/api.w.org\/{rel}","templated":true}]}}