

{"id":20177,"date":"2020-08-07T15:13:26","date_gmt":"2020-08-07T13:13:26","guid":{"rendered":"http:\/\/visitemporda.com\/espai-natural-ardenya-cadiretes\/"},"modified":"2020-09-28T10:33:25","modified_gmt":"2020-09-28T08:33:25","slug":"espai-natural-ardenya-cadiretes","status":"publish","type":"page","link":"https:\/\/visitemporda.com\/es\/recomendaciones\/propostes\/territori-i-natura\/espacios-naturales-protegidos\/espai-natural-ardenya-cadiretes\/","title":{"rendered":"Espacio natural Ardenya &#8211; Cadiretes"},"content":{"rendered":"<p class=\"p1\"><span class=\"s1\">El macizo de la Ardenya o de Cadiretas es un conjunto de relieves modestos, pero bastante abruptos en algunas zonas, cubiertos de bosque mediterr\u00e1neo vertidos al mar a levante.<\/span><\/p>\n<p class=\"p1\"><span class=\"s1\">Este macizo contiene un amplio conjunto de elementos de gran valor natural, configur\u00e1ndose como uno de los espacios de mayor biodiversidad de las comarcas de Girona.<\/span><\/p>\n<p class=\"p1\"><span class=\"s1\">Los afloramientos gran\u00edticos crean un conjunto de espacios y de biotopos \u00fanicos que pueblan especies vegetales e invertebrados singulares, y donde hacen cr\u00eda varias especies de rapaces amenazados. Las diversas vertientes, valles, hondonadas y arroyos del macizo son espacios de penetraci\u00f3n de especies vegetales boreales y centroeuropeas, por lo que la Ardenya acoge muchos elementos flor\u00edsticos extramediterr\u00e1neos dentro de un espacio mediterr\u00e1neo, lo que le da un car\u00e1cter de espacio relictual de especies de afinidades atl\u00e1nticas. Hay que remarcar tambi\u00e9n diversas especies de la flora end\u00e9micas o raras en Catalu\u00f1a. Tambi\u00e9n hay recortes de vegetaci\u00f3n de ribera siguiendo el curso de r\u00edos y torrentes. Asimismo a la l\u00ednea litoral hay interesantes comunidades marinas bastante bien conservadas todav\u00eda.<\/span><\/p>\n<p>.<\/p>\n","protected":false},"excerpt":{"rendered":"<p>El macizo de la Ardenya o de Cadiretas es un conjunto de relieves modestos, pero bastante abruptos en algunas zonas, cubiertos de bosque mediterr\u00e1neo vertidos al mar a levante. Este macizo contiene un amplio conjunto de elementos de gran valor natural, configur\u00e1ndose como uno de los espacios de mayor biodiversidad de las comarcas de Girona. [&hellip;]<\/p>\n","protected":false},"author":5,"featured_media":18236,"parent":20736,"menu_order":0,"comment_status":"closed","ping_status":"closed","template":"page-templates\/fitxa-campanyes-gastronomiques.php","meta":{"_acf_changed":false,"footnotes":""},"class_list":["post-20177","page","type-page","status-publish","has-post-thumbnail","hentry"],"acf":[],"yoast_head":"<!-- This site is optimized with the Yoast SEO plugin v27.4 - https:\/\/yoast.com\/product\/yoast-seo-wordpress\/ -->\n<title>Espacio natural Ardenya - Cadiretes - Visit Empord\u00e0<\/title>\n<meta name=\"robots\" content=\"index, follow, max-snippet:-1, max-image-preview:large, max-video-preview:-1\" \/>\n<link rel=\"canonical\" href=\"https:\/\/visitemporda.com\/es\/recomendaciones\/propostes\/territori-i-natura\/espacios-naturales-protegidos\/espai-natural-ardenya-cadiretes\/\" \/>\n<meta property=\"og:locale\" content=\"es_ES\" \/>\n<meta property=\"og:type\" content=\"article\" \/>\n<meta property=\"og:title\" content=\"Espacio natural Ardenya - Cadiretes - Visit Empord\u00e0\" \/>\n<meta property=\"og:description\" content=\"El macizo de la Ardenya o de Cadiretas es un conjunto de relieves modestos, pero bastante abruptos en algunas zonas, cubiertos de bosque mediterr\u00e1neo vertidos al mar a levante. Este macizo contiene un amplio conjunto de elementos de gran valor natural, configur\u00e1ndose como uno de los espacios de mayor biodiversidad de las comarcas de Girona. [&hellip;]\" \/>\n<meta property=\"og:url\" content=\"https:\/\/visitemporda.com\/es\/recomendaciones\/propostes\/territori-i-natura\/espacios-naturales-protegidos\/espai-natural-ardenya-cadiretes\/\" \/>\n<meta property=\"og:site_name\" content=\"Visit Empord\u00e0\" \/>\n<meta property=\"article:publisher\" content=\"https:\/\/www.facebook.com\/baixempordaturisme\" \/>\n<meta property=\"article:modified_time\" content=\"2020-09-28T08:33:25+00:00\" \/>\n<meta property=\"og:image\" content=\"https:\/\/visitemporda.com\/wp-content\/uploads\/2020\/08\/St.-Feliu-ardenya-mar\u00edtima-1024x498.jpg\" \/>\n\t<meta property=\"og:image:width\" content=\"1024\" \/>\n\t<meta property=\"og:image:height\" content=\"498\" \/>\n\t<meta property=\"og:image:type\" content=\"image\/jpeg\" \/>\n<meta name=\"twitter:card\" content=\"summary_large_image\" \/>\n<meta name=\"twitter:site\" content=\"@baixemporda_tur\" \/>\n<meta name=\"twitter:label1\" content=\"Tiempo de lectura\" \/>\n\t<meta name=\"twitter:data1\" content=\"1 minuto\" \/>\n<script type=\"application\/ld+json\" class=\"yoast-schema-graph\">{\"@context\":\"https:\\\/\\\/schema.org\",\"@graph\":[{\"@type\":\"WebPage\",\"@id\":\"https:\\\/\\\/visitemporda.com\\\/es\\\/recomendaciones\\\/propostes\\\/territori-i-natura\\\/espacios-naturales-protegidos\\\/espai-natural-ardenya-cadiretes\\\/\",\"url\":\"https:\\\/\\\/visitemporda.com\\\/es\\\/recomendaciones\\\/propostes\\\/territori-i-natura\\\/espacios-naturales-protegidos\\\/espai-natural-ardenya-cadiretes\\\/\",\"name\":\"Espacio natural Ardenya - Cadiretes - Visit Empord\u00e0\",\"isPartOf\":{\"@id\":\"https:\\\/\\\/visitemporda.com\\\/es\\\/#website\"},\"primaryImageOfPage\":{\"@id\":\"https:\\\/\\\/visitemporda.com\\\/es\\\/recomendaciones\\\/propostes\\\/territori-i-natura\\\/espacios-naturales-protegidos\\\/espai-natural-ardenya-cadiretes\\\/#primaryimage\"},\"image\":{\"@id\":\"https:\\\/\\\/visitemporda.com\\\/es\\\/recomendaciones\\\/propostes\\\/territori-i-natura\\\/espacios-naturales-protegidos\\\/espai-natural-ardenya-cadiretes\\\/#primaryimage\"},\"thumbnailUrl\":\"https:\\\/\\\/visitemporda.com\\\/wp-content\\\/uploads\\\/2020\\\/08\\\/St.-Feliu-ardenya-mar\u00edtima.jpg\",\"datePublished\":\"2020-08-07T13:13:26+00:00\",\"dateModified\":\"2020-09-28T08:33:25+00:00\",\"breadcrumb\":{\"@id\":\"https:\\\/\\\/visitemporda.com\\\/es\\\/recomendaciones\\\/propostes\\\/territori-i-natura\\\/espacios-naturales-protegidos\\\/espai-natural-ardenya-cadiretes\\\/#breadcrumb\"},\"inLanguage\":\"es\",\"potentialAction\":[{\"@type\":\"ReadAction\",\"target\":[\"https:\\\/\\\/visitemporda.com\\\/es\\\/recomendaciones\\\/propostes\\\/territori-i-natura\\\/espacios-naturales-protegidos\\\/espai-natural-ardenya-cadiretes\\\/\"]}]},{\"@type\":\"ImageObject\",\"inLanguage\":\"es\",\"@id\":\"https:\\\/\\\/visitemporda.com\\\/es\\\/recomendaciones\\\/propostes\\\/territori-i-natura\\\/espacios-naturales-protegidos\\\/espai-natural-ardenya-cadiretes\\\/#primaryimage\",\"url\":\"https:\\\/\\\/visitemporda.com\\\/wp-content\\\/uploads\\\/2020\\\/08\\\/St.-Feliu-ardenya-mar\u00edtima.jpg\",\"contentUrl\":\"https:\\\/\\\/visitemporda.com\\\/wp-content\\\/uploads\\\/2020\\\/08\\\/St.-Feliu-ardenya-mar\u00edtima.jpg\",\"width\":4608,\"height\":2240,\"caption\":\"L'ardenya. muntanyes i fruits d'arbo\u00e7 a primer pla\"},{\"@type\":\"BreadcrumbList\",\"@id\":\"https:\\\/\\\/visitemporda.com\\\/es\\\/recomendaciones\\\/propostes\\\/territori-i-natura\\\/espacios-naturales-protegidos\\\/espai-natural-ardenya-cadiretes\\\/#breadcrumb\",\"itemListElement\":[{\"@type\":\"ListItem\",\"position\":1,\"name\":\"Inici\",\"item\":\"https:\\\/\\\/visitemporda.com\\\/es\\\/\"},{\"@type\":\"ListItem\",\"position\":2,\"name\":\"Recomendaciones\",\"item\":\"https:\\\/\\\/visitemporda.com\\\/es\\\/recomendaciones\\\/\"},{\"@type\":\"ListItem\",\"position\":3,\"name\":\"Qu\u00e9 hacer\",\"item\":\"https:\\\/\\\/visitemporda.com\\\/es\\\/recomendaciones\\\/propostes\\\/\"},{\"@type\":\"ListItem\",\"position\":4,\"name\":\"Propuestas de naturaleza\",\"item\":\"https:\\\/\\\/visitemporda.com\\\/es\\\/recomendaciones\\\/propostes\\\/territori-i-natura\\\/\"},{\"@type\":\"ListItem\",\"position\":5,\"name\":\"Espacios Naturales Protegidos\",\"item\":\"https:\\\/\\\/visitemporda.com\\\/es\\\/recomendaciones\\\/propostes\\\/territori-i-natura\\\/espacios-naturales-protegidos\\\/\"},{\"@type\":\"ListItem\",\"position\":6,\"name\":\"Espacio natural Ardenya &#8211; Cadiretes\"}]},{\"@type\":\"WebSite\",\"@id\":\"https:\\\/\\\/visitemporda.com\\\/es\\\/#website\",\"url\":\"https:\\\/\\\/visitemporda.com\\\/es\\\/\",\"name\":\"Visit Empord\u00e0\",\"description\":\"Web tur\u00edstica oficial del Baix Empord\u00e0\",\"publisher\":{\"@id\":\"https:\\\/\\\/visitemporda.com\\\/es\\\/#organization\"},\"potentialAction\":[{\"@type\":\"SearchAction\",\"target\":{\"@type\":\"EntryPoint\",\"urlTemplate\":\"https:\\\/\\\/visitemporda.com\\\/es\\\/?s={search_term_string}\"},\"query-input\":{\"@type\":\"PropertyValueSpecification\",\"valueRequired\":true,\"valueName\":\"search_term_string\"}}],\"inLanguage\":\"es\"},{\"@type\":\"Organization\",\"@id\":\"https:\\\/\\\/visitemporda.com\\\/es\\\/#organization\",\"name\":\"Consell Comarcal del Baix Empord\u00e0\",\"url\":\"https:\\\/\\\/visitemporda.com\\\/es\\\/\",\"logo\":{\"@type\":\"ImageObject\",\"inLanguage\":\"es\",\"@id\":\"https:\\\/\\\/visitemporda.com\\\/es\\\/#\\\/schema\\\/logo\\\/image\\\/\",\"url\":\"https:\\\/\\\/visitemporda.com\\\/wp-content\\\/uploads\\\/2024\\\/11\\\/Logotip_CCBE.png\",\"contentUrl\":\"https:\\\/\\\/visitemporda.com\\\/wp-content\\\/uploads\\\/2024\\\/11\\\/Logotip_CCBE.png\",\"width\":3617,\"height\":3617,\"caption\":\"Consell Comarcal del Baix Empord\u00e0\"},\"image\":{\"@id\":\"https:\\\/\\\/visitemporda.com\\\/es\\\/#\\\/schema\\\/logo\\\/image\\\/\"},\"sameAs\":[\"https:\\\/\\\/www.facebook.com\\\/baixempordaturisme\",\"https:\\\/\\\/x.com\\\/baixemporda_tur\",\"https:\\\/\\\/www.instagram.com\\\/visitemporda\"]}]}<\/script>\n<!-- \/ Yoast SEO plugin. -->","yoast_head_json":{"title":"Espacio natural Ardenya - Cadiretes - Visit Empord\u00e0","robots":{"index":"index","follow":"follow","max-snippet":"max-snippet:-1","max-image-preview":"max-image-preview:large","max-video-preview":"max-video-preview:-1"},"canonical":"https:\/\/visitemporda.com\/es\/recomendaciones\/propostes\/territori-i-natura\/espacios-naturales-protegidos\/espai-natural-ardenya-cadiretes\/","og_locale":"es_ES","og_type":"article","og_title":"Espacio natural Ardenya - Cadiretes - Visit Empord\u00e0","og_description":"El macizo de la Ardenya o de Cadiretas es un conjunto de relieves modestos, pero bastante abruptos en algunas zonas, cubiertos de bosque mediterr\u00e1neo vertidos al mar a levante. Este macizo contiene un amplio conjunto de elementos de gran valor natural, configur\u00e1ndose como uno de los espacios de mayor biodiversidad de las comarcas de Girona. [&hellip;]","og_url":"https:\/\/visitemporda.com\/es\/recomendaciones\/propostes\/territori-i-natura\/espacios-naturales-protegidos\/espai-natural-ardenya-cadiretes\/","og_site_name":"Visit Empord\u00e0","article_publisher":"https:\/\/www.facebook.com\/baixempordaturisme","article_modified_time":"2020-09-28T08:33:25+00:00","og_image":[{"width":1024,"height":498,"url":"https:\/\/visitemporda.com\/wp-content\/uploads\/2020\/08\/St.-Feliu-ardenya-mar\u00edtima-1024x498.jpg","type":"image\/jpeg"}],"twitter_card":"summary_large_image","twitter_site":"@baixemporda_tur","twitter_misc":{"Tiempo de lectura":"1 minuto"},"schema":{"@context":"https:\/\/schema.org","@graph":[{"@type":"WebPage","@id":"https:\/\/visitemporda.com\/es\/recomendaciones\/propostes\/territori-i-natura\/espacios-naturales-protegidos\/espai-natural-ardenya-cadiretes\/","url":"https:\/\/visitemporda.com\/es\/recomendaciones\/propostes\/territori-i-natura\/espacios-naturales-protegidos\/espai-natural-ardenya-cadiretes\/","name":"Espacio natural Ardenya - Cadiretes - Visit Empord\u00e0","isPartOf":{"@id":"https:\/\/visitemporda.com\/es\/#website"},"primaryImageOfPage":{"@id":"https:\/\/visitemporda.com\/es\/recomendaciones\/propostes\/territori-i-natura\/espacios-naturales-protegidos\/espai-natural-ardenya-cadiretes\/#primaryimage"},"image":{"@id":"https:\/\/visitemporda.com\/es\/recomendaciones\/propostes\/territori-i-natura\/espacios-naturales-protegidos\/espai-natural-ardenya-cadiretes\/#primaryimage"},"thumbnailUrl":"https:\/\/visitemporda.com\/wp-content\/uploads\/2020\/08\/St.-Feliu-ardenya-mar\u00edtima.jpg","datePublished":"2020-08-07T13:13:26+00:00","dateModified":"2020-09-28T08:33:25+00:00","breadcrumb":{"@id":"https:\/\/visitemporda.com\/es\/recomendaciones\/propostes\/territori-i-natura\/espacios-naturales-protegidos\/espai-natural-ardenya-cadiretes\/#breadcrumb"},"inLanguage":"es","potentialAction":[{"@type":"ReadAction","target":["https:\/\/visitemporda.com\/es\/recomendaciones\/propostes\/territori-i-natura\/espacios-naturales-protegidos\/espai-natural-ardenya-cadiretes\/"]}]},{"@type":"ImageObject","inLanguage":"es","@id":"https:\/\/visitemporda.com\/es\/recomendaciones\/propostes\/territori-i-natura\/espacios-naturales-protegidos\/espai-natural-ardenya-cadiretes\/#primaryimage","url":"https:\/\/visitemporda.com\/wp-content\/uploads\/2020\/08\/St.-Feliu-ardenya-mar\u00edtima.jpg","contentUrl":"https:\/\/visitemporda.com\/wp-content\/uploads\/2020\/08\/St.-Feliu-ardenya-mar\u00edtima.jpg","width":4608,"height":2240,"caption":"L'ardenya. muntanyes i fruits d'arbo\u00e7 a primer pla"},{"@type":"BreadcrumbList","@id":"https:\/\/visitemporda.com\/es\/recomendaciones\/propostes\/territori-i-natura\/espacios-naturales-protegidos\/espai-natural-ardenya-cadiretes\/#breadcrumb","itemListElement":[{"@type":"ListItem","position":1,"name":"Inici","item":"https:\/\/visitemporda.com\/es\/"},{"@type":"ListItem","position":2,"name":"Recomendaciones","item":"https:\/\/visitemporda.com\/es\/recomendaciones\/"},{"@type":"ListItem","position":3,"name":"Qu\u00e9 hacer","item":"https:\/\/visitemporda.com\/es\/recomendaciones\/propostes\/"},{"@type":"ListItem","position":4,"name":"Propuestas de naturaleza","item":"https:\/\/visitemporda.com\/es\/recomendaciones\/propostes\/territori-i-natura\/"},{"@type":"ListItem","position":5,"name":"Espacios Naturales Protegidos","item":"https:\/\/visitemporda.com\/es\/recomendaciones\/propostes\/territori-i-natura\/espacios-naturales-protegidos\/"},{"@type":"ListItem","position":6,"name":"Espacio natural Ardenya &#8211; Cadiretes"}]},{"@type":"WebSite","@id":"https:\/\/visitemporda.com\/es\/#website","url":"https:\/\/visitemporda.com\/es\/","name":"Visit Empord\u00e0","description":"Web tur\u00edstica oficial del Baix Empord\u00e0","publisher":{"@id":"https:\/\/visitemporda.com\/es\/#organization"},"potentialAction":[{"@type":"SearchAction","target":{"@type":"EntryPoint","urlTemplate":"https:\/\/visitemporda.com\/es\/?s={search_term_string}"},"query-input":{"@type":"PropertyValueSpecification","valueRequired":true,"valueName":"search_term_string"}}],"inLanguage":"es"},{"@type":"Organization","@id":"https:\/\/visitemporda.com\/es\/#organization","name":"Consell Comarcal del Baix Empord\u00e0","url":"https:\/\/visitemporda.com\/es\/","logo":{"@type":"ImageObject","inLanguage":"es","@id":"https:\/\/visitemporda.com\/es\/#\/schema\/logo\/image\/","url":"https:\/\/visitemporda.com\/wp-content\/uploads\/2024\/11\/Logotip_CCBE.png","contentUrl":"https:\/\/visitemporda.com\/wp-content\/uploads\/2024\/11\/Logotip_CCBE.png","width":3617,"height":3617,"caption":"Consell Comarcal del Baix Empord\u00e0"},"image":{"@id":"https:\/\/visitemporda.com\/es\/#\/schema\/logo\/image\/"},"sameAs":["https:\/\/www.facebook.com\/baixempordaturisme","https:\/\/x.com\/baixemporda_tur","https:\/\/www.instagram.com\/visitemporda"]}]}},"_links":{"self":[{"href":"https:\/\/visitemporda.com\/es\/wp-json\/wp\/v2\/pages\/20177","targetHints":{"allow":["GET"]}}],"collection":[{"href":"https:\/\/visitemporda.com\/es\/wp-json\/wp\/v2\/pages"}],"about":[{"href":"https:\/\/visitemporda.com\/es\/wp-json\/wp\/v2\/types\/page"}],"author":[{"embeddable":true,"href":"https:\/\/visitemporda.com\/es\/wp-json\/wp\/v2\/users\/5"}],"replies":[{"embeddable":true,"href":"https:\/\/visitemporda.com\/es\/wp-json\/wp\/v2\/comments?post=20177"}],"version-history":[{"count":2,"href":"https:\/\/visitemporda.com\/es\/wp-json\/wp\/v2\/pages\/20177\/revisions"}],"predecessor-version":[{"id":20179,"href":"https:\/\/visitemporda.com\/es\/wp-json\/wp\/v2\/pages\/20177\/revisions\/20179"}],"up":[{"embeddable":true,"href":"https:\/\/visitemporda.com\/es\/wp-json\/wp\/v2\/pages\/20736"}],"wp:featuredmedia":[{"embeddable":true,"href":"https:\/\/visitemporda.com\/es\/wp-json\/wp\/v2\/media\/18236"}],"wp:attachment":[{"href":"https:\/\/visitemporda.com\/es\/wp-json\/wp\/v2\/media?parent=20177"}],"curies":[{"name":"wp","href":"https:\/\/api.w.org\/{rel}","templated":true}]}}