

{"id":19948,"date":"2019-12-31T08:32:10","date_gmt":"2019-12-31T07:32:10","guid":{"rendered":"http:\/\/visitemporda.com\/politica-de-proteccio-de-dades\/"},"modified":"2025-10-07T18:24:45","modified_gmt":"2025-10-07T16:24:45","slug":"politica-de-proteccio-de-dades","status":"publish","type":"page","link":"https:\/\/visitemporda.com\/es\/politica-de-proteccio-de-dades\/","title":{"rendered":"Pol\u00edtica de protecci\u00f3n de datos"},"content":{"rendered":"<p class=\"p1\"><span class=\"s1\">Esta es la pol\u00edtica de protecci\u00f3n de datos del Consell Comarcal del Baix Empord\u00e0. Hace referencia a los datos de personas f\u00edsicas con las que se relaciona el ejercicio de sus competencias y funciones. Atendidas las funciones del Consell Comarcal del Baix Empord\u00e0 algunos tratamientos son el resultado de la prestaci\u00f3n de servicios a otras administraciones p\u00fablicas que le han delegado funciones. El tratamiento se efect\u00faa cumpliendo el Reglamento General de Protecci\u00f3n de Datos (<i>Reglamento (UE) 2016\/679 delParlamento Europeo y del Consell, de 27 de abril de 2016<\/i>) y la normativa estatal sobre esta materia.<\/span><\/p>\n<p class=\"p2\"><span class=\"s1\"><\/p>\n<h2>Qui\u00e9n es el responsable del tratamiento de los datos personales?<\/h2>\n<p><\/span><\/p>\n<p class=\"p1\"><span class=\"s1\">El responsable del tratamiento de los datos personales es el Consell Comarcal del Baix Empord\u00e0 (ahora en adelante, Consell Comarcal), con CIF P6700009A, domicilio en la calle Tarongers, 12 de la Bisbal d\u2019Empord\u00e0 (CP17100), direcci\u00f3n electr\u00f3nica consell@baixemporda.cat y https:\/\/baixemporda.cat\/.\u00a0<\/span><\/p>\n<p class=\"p2\"><span class=\"s1\"><\/p>\n<h2>Con que criterios tratamos los datos personales.<\/h2>\n<p><\/span><\/p>\n<p class=\"p1\"><span class=\"s1\">En el tratamiento de los datos asumimos plenamente los principios del Reglamento General de Protecci\u00f3n de Datos.<\/span><\/p>\n<p class=\"p1\"><span class=\"s1\">a) Los tratamos de manera l\u00edcita (\u00fanicamente cuando tenemos una base legal que nos lo permite y con transparencia delante del interesado.<\/span><\/p>\n<p class=\"p1\"><span class=\"s1\">b) Los destinamos a las finalidades determinadas, expl\u00edcitas y leg\u00edtimas que explicamos en el momento de obtenerlas. Posteriormente no las tratamos de manera incompatible con estas finalidades.<\/span><\/p>\n<p class=\"p1\"><span class=\"s1\">c) Tratamos \u00fanicamente los datos adecuados, pertinentes y limitados al que es necesario en cada caso y para cada finalidad.<\/span><\/p>\n<p class=\"p1\"><span class=\"s1\">d) Nos esforzamos para que los datos est\u00e9n actualizados.<\/span><\/p>\n<p class=\"p1\"><span class=\"s1\">e) Los conservamos durante el tiempo necesario, cumpliendo la normativa que regula la conservaci\u00f3n de la informaci\u00f3n p\u00fablica.<\/span><\/p>\n<p class=\"p1\"><span class=\"s1\">f) Aplicamos las medidas t\u00e9cnicas o organizativas adecuadas para evitar el tratamiento no autorizado o il\u00edcito, o su p\u00e9rdida, destrucci\u00f3n o da\u00f1o accidental.<\/span><span class=\"s2\"><b>\u00a0<\/b><\/span><\/p>\n<p class=\"p2\"><span class=\"s1\"><\/p>\n<h2>Qui\u00e9n es el delegado de la Protecci\u00f3n de Datos.<\/h2>\n<p><\/span><\/p>\n<p class=\"p1\"><span class=\"s1\">El Delegado de Protecci\u00f3n de Datos (DPD) es la persona que supervisa el cumplimiento de la pol\u00edtica de protecci\u00f3n de datos del Consell Comarcal, velando para que se traten adecuadamente los datos personales y se protejan los derechos de las personas. Entre sus funciones figura la de atender cualquier duda, sugerencia, queja o reclamaci\u00f3n de las personas de quien se traten sus datos. Se puede contactar con el delegado de Protecci\u00f3n de Datos dirigi\u00e9ndose por escrito en la calle Tarongers, 12 de la Bisbal d\u2019Empord\u00e0 (CP 17100), tel. 972642310 o en la direcci\u00f3n de correo electr\u00f3nico dpd@baixemporda.cat.<\/span><\/p>\n<p class=\"p2\"><span class=\"s1\"><\/p>\n<h2>Con que finalidad tratamos sus datos y a quien los comunicamos.<\/h2>\n<p><\/span><\/p>\n<p class=\"p1\"><span class=\"s1\">El Consell Comarcal trata los datos para ejercer sus competencias y funciones. Los servicios del Consell Comarcal se describen en su web y en su sede electr\u00f3nica.<\/span><\/p>\n<p class=\"p1\"><span class=\"s3\">Procedimientos administrativos y tr\u00e1mites<\/span><\/p>\n<p class=\"p1\"><span class=\"s1\">En base a las solicitudes de las personas interesadas, utilizamos sus datos para seguir la tramitaci\u00f3n propia de cada tr\u00e1mite. El cat\u00e1logo de tr\u00e1mites y el procedimiento que se sigue se puede consultar en la sede electr\u00f3nica. Seg\u00fan el procedimiento los datos se pueden comunicar a otras administraciones competentes en la materia. En algunos casos tiene que ser objeto de publicaci\u00f3n en cumplimiento del principio de transparencia.<\/span><\/p>\n<p class=\"p1\"><span class=\"s3\">Servicios<\/span><\/p>\n<p class=\"p1\"><span class=\"s1\">Para la prestaci\u00f3n de los servicios tratamos los datos aportados por las personas usuarias o bien las que hemos obtenido de otras administraciones. Ofrecer este servicio conlleva a menudo hacer un seguimiento y obtener nuevos datos de las personas que son usuarias. El cat\u00e1logo de servicios se puede consultar en <a href=\"https:\/\/baixemporda.cat\/ca\/serveis.html\"><span class=\"s4\">la p\u00e1gina web<\/span><\/a>. Como criterio general los datos no se comunican a otras personas sin el consentimiento expl\u00edcito del usuario del servicio. <\/span><\/p>\n<p class=\"p1\"><span class=\"s3\">Actividades<\/span><\/p>\n<p class=\"p1\"><span class=\"s1\">En la organizaci\u00f3n de actividades culturales, de ocio, formativas o deportivas, recibimos datos de las personas que se inscriben, a fin de organizar la actividad. Como criterio general los datos no se comunican o otras personas sin el consentimiento expl\u00edcito de la persona que participa en la actividad.<\/span><\/p>\n<p class=\"p1\"><span class=\"s3\">Contacto<\/span><\/p>\n<p class=\"p1\"><span class=\"s1\">Atendemos las consultas de las personas que utilizan los formularios de contacto de nuestra p\u00e1gina web. Los datos se utilizan \u00fanicamente por esta finalidad y no se comunican a otras personas.<\/span><\/p>\n<p class=\"p1\"><span class=\"s3\">Selecci\u00f3n de personal<\/span><\/p>\n<p class=\"p1\"><span class=\"s1\">Recibimos <i>curr\u00edculums vitae<\/i> y convocamos procesos de selecci\u00f3n de personal. Los datos aportados por las personas interesadas permiten evaluar los m\u00e9ritos y analizar la adecuaci\u00f3n del perfil de los candidatos en funci\u00f3n de los lugares vacantes o de nueva creaci\u00f3n. No se comunican a otras personas. <\/span><\/p>\n<p class=\"p1\"><span class=\"s3\">Env\u00edo de informaci\u00f3n<\/span><\/p>\n<p class=\"p1\"><span class=\"s1\">Con la autorizaci\u00f3n expl\u00edcita de cada persona utilizamos los datos de contacto que nos han proporcionado para informar de nuestras iniciativas, servicios o actividades. Lo hacemos mediante diferentes canales en funci\u00f3n de c\u00f3mo lo ha autorizado cada persona. No se comunican a otras personas sin su consentimiento.<\/span><\/p>\n<p class=\"p1\"><span class=\"s3\">Gesti\u00f3n de los datos de nuestros proveedores<\/span><\/p>\n<p class=\"p1\"><span class=\"s1\">Registramos y tratamos los datos de los proveedores de quien obtenemos servicios o bienes. Pueden ser los datos de personas que act\u00faan como aut\u00f3nomos y tambi\u00e9n datos de representantes de personas jur\u00eddicas. Obtenemos los datos imprescindibles para mantener la relaci\u00f3n comercial y los destinamos \u00fanicamente a esta finalidad. En cumplimiento de obligaciones legales (normativa fiscal) comunicamos datos a la administraci\u00f3n tributaria.<\/span><\/p>\n<p class=\"p1\"><span class=\"s3\">Video vigilancia<\/span><\/p>\n<p class=\"p1\"><span class=\"s1\">En el acceso a nuestras instalaciones se informa, cuando es el caso, de la existencia de c\u00e1maras de video vigilancia mediante los r\u00f3tulos homologados. Las c\u00e1maras registran im\u00e1genes solo desde los puntos en los que es justificado para garantizar la seguridad de bienes y de personas. Las im\u00e1genes se utilizan \u00fanicamente para esta finalidad. En casos justificados comunicamos los datos a los cuerpos y fuerzas de seguridad o a los \u00f3rganos judiciales competentes. <\/span><\/p>\n<p class=\"p2\"><span class=\"s1\"><\/p>\n<h2>Cu\u00e1l es la legitimaci\u00f3n legal para el trato de datos. <\/h2>\n<p><\/span><\/p>\n<p class=\"p1\"><span class=\"s1\">Los tratamientos de datos que llevamos a cabo tiene distintos fundamentos legales, seg\u00fan la naturaleza de cada tratamiento.<\/span><\/p>\n<p class=\"p1\"><span class=\"s3\">Cumplimiento de obligaciones legales<\/span><\/p>\n<p class=\"p1\"><span class=\"s1\">Los tratamientos de los datos en el contexto de procedimientos administrativos se efectua siguiendo las normas reguladoras de cada uno de los procedimientos. Se lleva a cabo en cumplimiento de obligaciones legales.<\/span><\/p>\n<p class=\"p1\"><span class=\"s3\">Cumplir misi\u00f3n en inter\u00e9s p\u00fablico<\/span><\/p>\n<p class=\"p1\"><span class=\"s1\">Los tratamientos resultantes de la prestaci\u00f3n de nuestros servicios tienen su justificaci\u00f3n en satisfacer el inter\u00e9s p\u00fablico. Tambi\u00e9n las im\u00e1genes que obtenemos con las c\u00e1maras de video vigilancia se tratan para preservar el inter\u00e9s p\u00fablico. <\/span><\/p>\n<p class=\"p1\"><span class=\"s3\">Cumplimiento de una relaci\u00f3n contractual o precontractual<\/span><\/p>\n<p class=\"p1\"><span class=\"s1\">Tratamos los datos de nuestros proveedores siguiendo la normativa de contrataci\u00f3n propia del sector p\u00fablico, en el grado y con el alcance necesario para el desarrollo de la relaci\u00f3n contractual. En otro sentido, pero tambi\u00e9n en el marco de relaciones contractuales o precontractuales, tratamos los datos de personas que participan en procesos selectivos o que se incorporan en nuestra instituci\u00f3n.<\/span><\/p>\n<p class=\"p1\"><span class=\"s1\">En base al consentimiento<\/span><\/p>\n<p class=\"p1\"><span class=\"s1\">Cuando hacemos env\u00edos de informaci\u00f3n de nuestras iniciativas, servicios o actividades tratamos los datos de contacto de los receptores con su autorizaci\u00f3n o consentimiento expl\u00edcito.<\/span><\/p>\n<p>&nbsp;<\/p>\n<p class=\"p1\"><span class=\"s1\"><\/p>\n<h2>Cuanto tiempo conservamos los datos.<\/h2>\n<p><\/span><\/p>\n<p class=\"p2\"><span class=\"s1\">El tiempo de conservaci\u00f3n de los datos viene determinado por diferentes factores, principalmente el hecho que los datos siguen siendo necesarios para atender las finalidades por las cuales han sido recogidas en cada caso. En segundo lugar, se conservan para hacer frente a posibles responsabilidades por el trato de los datos por parte del Consell Comarcal, y por atender cualquier requerimiento de otras administraciones p\u00fablicas o \u00f3rganos judiciales.<\/span><\/p>\n<p class=\"p2\"><span class=\"s1\">En consecuencia, los datos se tienen que conservar durante el tiempo necesario para preservar su valor legal o informativo o para acreditar el cumplimiento de las obligaciones legales, pero no por un per\u00edodo superior al necesario de acuerdo con las finalidades del trato. <\/span><\/p>\n<p class=\"p2\"><span class=\"s1\">En determinados casos, como el de los datos que figuran en la documentaci\u00f3n contable y la facturaci\u00f3n, la normativa fiscal obliga a conservarlos hasta que no prescriban las responsabilidades en esta materia. <\/span><\/p>\n<p class=\"p2\"><span class=\"s1\">En el caso de que los datos que se traten exclusivamente en base al consentimiento de la persona interesada, se conservan hasta que esta persona revoque este consentimiento. <\/span><\/p>\n<p class=\"p2\"><span class=\"s1\">Finalmente, en el caso de que las im\u00e1genes obtenidas por las c\u00e1maras de videovigilancia se conservan como m\u00e1ximo durante un mes, si es el caso de incidentes que lo justifiquen se conservan el tiempo necesario para facilitar las actuaciones de los cuerpos o fuerzas de seguridad o de los \u00f3rganos judiciales.<\/span><\/p>\n<p class=\"p2\"><span class=\"s1\">La normativa reguladora de la conservaci\u00f3n de la documentaci\u00f3n p\u00fablica, y los dict\u00e1menes de la <a href=\"http:\/\/cultura.gencat.cat\/ca\/departament\/estructura_i_adreces\/organismes\/dgpc\/temes\/arxius_i_gestio_documental\/cnaatd\/\"><span class=\"s2\">Comisi\u00f3n Nacional de Acceso, Evaluaci\u00f3n y Tria Documental<\/span><\/a> son un referente que determinan los criterios que seguimos en la conservaci\u00f3n o eliminaci\u00f3n de los datos. <\/span><\/p>\n<p class=\"p3\"><span class=\"s1\"><\/p>\n<h2>Que derechos tienen las personas en relaci\u00f3n a los datos que tratamos.<\/h2>\n<p><\/span><\/p>\n<p class=\"p4\"><span class=\"s1\">Como prev\u00e9 el Reglamento General de Protecci\u00f3n de Datos, las personas de quien tratamos datos tiene los derechos siguientes:<\/span><\/p>\n<p class=\"p4\"><span class=\"s3\">A saber si se tratan.<\/span><span class=\"s1\"> Cualquier persona tiene, en primer lugar, el derecho de saber si tratamos sus datos, con independencia de si ha existido relaci\u00f3n previa. <\/span><\/p>\n<p class=\"p4\"><span class=\"s3\">A ser informado en la recogida. <\/span><span class=\"s1\">Cuando los datos personales se obtienen del mismo interesado, en el momento de proporcionarlas tiene que tener la informaci\u00f3n clara de las finalidades en las cuales se destinar\u00e1n, de qui\u00e9n ser\u00e1 el responsable del trato y de los principales aspectos derivados de este trato. <\/span><\/p>\n<p class=\"p4\"><span class=\"s3\">A acceder. <\/span><span class=\"s1\"> Derecho muy amplio que incluye el de saber con precisi\u00f3n que datos personales son objeto de trato, cual es la finalidad por la que se tratan, las comunicaciones a otras personas que se har\u00e1n (si es el caso) o el derecho a obtener una copia o a saber el plazo previsto de conservaci\u00f3n. <\/span><\/p>\n<p class=\"p4\"><span class=\"s3\">A pedir la rectificaci\u00f3n.<\/span><span class=\"s1\"> Es el derecho de rectificar los datos inexactos que sean objeto de trato por nuestra parte. <\/span><\/p>\n<p class=\"p4\"><span class=\"s3\">A pedir la supresi\u00f3n. <\/span><span class=\"s1\">En determinadas circunstancias existe el derecho a pedir la supresi\u00f3n de los datos que, entre otros motivos, ya no sean necesarios para los fines por los cuales fueron recogidas y justificaron el tratamiento.<\/span><\/p>\n<p class=\"p4\"><span class=\"s3\">A pedir la limitaci\u00f3n del tratamiento. <\/span><span class=\"s1\"> Tambi\u00e9n en determinadas circunstancias se reconoce el derecho a pedir la limitaci\u00f3n del tratamiento de los datos. En este caso dejaran de ser tratadas y solo se conservar\u00e1n por el ejercicio o la defensa de reclamaciones, de acuerdo con el Reglamento General de Protecci\u00f3n de Datos. <\/span><\/p>\n<p class=\"p4\"><span class=\"s3\">En la portabilidad. <\/span><span class=\"s1\"> En los casos previsto en la normativa se reconoce el derecho a obtener los datos personales propias en un formato estructurado de uso com\u00fan, legible por m\u00e1quina, y a transmitirlos a otro responsable del tratamiento si as\u00ed lo decide la persona interesada. <\/span><\/p>\n<p class=\"p4\"><span class=\"s3\">A oponerse al tratamiento.<\/span><span class=\"s1\"> Una persona puede aducir motivos relacionado con su situaci\u00f3n particular, motivos que conllevaran dejar de tratar sus datos en el grado o medida que le pueda comportar un perjuicio, excepto por motivos leg\u00edtimos o el ejercicio o defensa delante reclamaciones. <\/span><\/p>\n<p class=\"p4\"><span class=\"s3\">A no recibir informaci\u00f3n. <\/span><span class=\"s1\"> Atendemos inmediatamente las peticiones de no seguir recibiendo informaci\u00f3n de nuestras actividades y servicios, cuando estos env\u00edos se fundamentaban \u00fanicamente en el consentimiento de la persona que era receptora.<\/span><\/p>\n<p class=\"p5\"><span class=\"s1\"><\/p>\n<h2>Como se pueden ejercer o defender los derechos. <\/h2>\n<p><\/span><\/p>\n<p class=\"p6\"><span class=\"s1\">Los derechos que acabamos de numerar se pueden ejercer dirigiendo una solicitud al Consell Comarcal en la direcci\u00f3n postal o en los otros datos de contacto indicados al principio. <\/span><\/p>\n<p class=\"p6\"><span class=\"s1\">Si no se ha obtenido una respuesta satisfactoria en el ejercicio de los derechos es posible presentar una reclamaci\u00f3n delante de la Autoridad Catalana de Protecci\u00f3n de Datos, por medio de los formularios o otros canales accesibles desde su web (<a href=\"http:\/\/www.apd.cat\/\"><span class=\"s4\">www.apd.cat<\/span><\/a>).<\/span><\/p>\n<p class=\"p6\"><span class=\"s1\">En cualquier caso, ya sea para presentar reclamaciones, pedir aclaraciones o enviar sugerencias, es posible dirigi\u00e9ndose al Delegado de Protecci\u00f3n de Datos mediante mensaje de correo electr\u00f3nico en la direcci\u00f3n dpd@baixemporda.cat\u00a0\u00a0<\/span><\/p>\n<p class=\"p5\"><span class=\"s5\">\u00a0<\/span><span class=\"s1\"><\/p>\n<h2>Registro de actividades de tratamiento<\/h2>\n<p><\/span><\/p>\n<p class=\"p6\"><span class=\"s1\">Aqu\u00ed se puede consultar el documento con el <a href=\"https:\/\/baixemporda.cat\/documents\/contingut\/contingut1175.pdf\"><span class=\"s6\">Registro de actividades de tratamiento.<\/span><\/a><\/span><\/p>\n","protected":false},"excerpt":{"rendered":"<p>Esta es la pol\u00edtica de protecci\u00f3n de datos del Consell Comarcal del Baix Empord\u00e0. Hace referencia a los datos de personas f\u00edsicas con las que se relaciona el ejercicio de sus competencias y funciones. Atendidas las funciones del Consell Comarcal del Baix Empord\u00e0 algunos tratamientos son el resultado de la prestaci\u00f3n de servicios a otras [&hellip;]<\/p>\n","protected":false},"author":2,"featured_media":0,"parent":0,"menu_order":0,"comment_status":"closed","ping_status":"closed","template":"","meta":{"_acf_changed":false,"footnotes":""},"class_list":["post-19948","page","type-page","status-publish","hentry"],"acf":[],"yoast_head":"<!-- This site is optimized with the Yoast SEO plugin v27.4 - https:\/\/yoast.com\/product\/yoast-seo-wordpress\/ -->\n<title>Pol\u00edtica de protecci\u00f3n de datos - Visit Empord\u00e0<\/title>\n<meta name=\"robots\" content=\"index, follow, max-snippet:-1, max-image-preview:large, max-video-preview:-1\" \/>\n<link rel=\"canonical\" href=\"https:\/\/visitemporda.com\/es\/politica-de-proteccio-de-dades\/\" \/>\n<meta property=\"og:locale\" content=\"es_ES\" \/>\n<meta property=\"og:type\" content=\"article\" \/>\n<meta property=\"og:title\" content=\"Pol\u00edtica de protecci\u00f3n de datos - Visit Empord\u00e0\" \/>\n<meta property=\"og:description\" content=\"Esta es la pol\u00edtica de protecci\u00f3n de datos del Consell Comarcal del Baix Empord\u00e0. Hace referencia a los datos de personas f\u00edsicas con las que se relaciona el ejercicio de sus competencias y funciones. Atendidas las funciones del Consell Comarcal del Baix Empord\u00e0 algunos tratamientos son el resultado de la prestaci\u00f3n de servicios a otras [&hellip;]\" \/>\n<meta property=\"og:url\" content=\"https:\/\/visitemporda.com\/es\/politica-de-proteccio-de-dades\/\" \/>\n<meta property=\"og:site_name\" content=\"Visit Empord\u00e0\" \/>\n<meta property=\"article:publisher\" content=\"https:\/\/www.facebook.com\/baixempordaturisme\" \/>\n<meta property=\"article:modified_time\" content=\"2025-10-07T16:24:45+00:00\" \/>\n<meta name=\"twitter:card\" content=\"summary_large_image\" \/>\n<meta name=\"twitter:site\" content=\"@baixemporda_tur\" \/>\n<meta name=\"twitter:label1\" content=\"Tiempo de lectura\" \/>\n\t<meta name=\"twitter:data1\" content=\"11 minutos\" \/>\n<script type=\"application\/ld+json\" class=\"yoast-schema-graph\">{\"@context\":\"https:\\\/\\\/schema.org\",\"@graph\":[{\"@type\":\"WebPage\",\"@id\":\"https:\\\/\\\/visitemporda.com\\\/es\\\/politica-de-proteccio-de-dades\\\/\",\"url\":\"https:\\\/\\\/visitemporda.com\\\/es\\\/politica-de-proteccio-de-dades\\\/\",\"name\":\"Pol\u00edtica de protecci\u00f3n de datos - Visit Empord\u00e0\",\"isPartOf\":{\"@id\":\"https:\\\/\\\/visitemporda.com\\\/es\\\/#website\"},\"datePublished\":\"2019-12-31T07:32:10+00:00\",\"dateModified\":\"2025-10-07T16:24:45+00:00\",\"breadcrumb\":{\"@id\":\"https:\\\/\\\/visitemporda.com\\\/es\\\/politica-de-proteccio-de-dades\\\/#breadcrumb\"},\"inLanguage\":\"es\",\"potentialAction\":[{\"@type\":\"ReadAction\",\"target\":[\"https:\\\/\\\/visitemporda.com\\\/es\\\/politica-de-proteccio-de-dades\\\/\"]}]},{\"@type\":\"BreadcrumbList\",\"@id\":\"https:\\\/\\\/visitemporda.com\\\/es\\\/politica-de-proteccio-de-dades\\\/#breadcrumb\",\"itemListElement\":[{\"@type\":\"ListItem\",\"position\":1,\"name\":\"Inici\",\"item\":\"https:\\\/\\\/visitemporda.com\\\/es\\\/\"},{\"@type\":\"ListItem\",\"position\":2,\"name\":\"Pol\u00edtica de protecci\u00f3n de datos\"}]},{\"@type\":\"WebSite\",\"@id\":\"https:\\\/\\\/visitemporda.com\\\/es\\\/#website\",\"url\":\"https:\\\/\\\/visitemporda.com\\\/es\\\/\",\"name\":\"Visit Empord\u00e0\",\"description\":\"Web tur\u00edstica oficial del Baix Empord\u00e0\",\"publisher\":{\"@id\":\"https:\\\/\\\/visitemporda.com\\\/es\\\/#organization\"},\"potentialAction\":[{\"@type\":\"SearchAction\",\"target\":{\"@type\":\"EntryPoint\",\"urlTemplate\":\"https:\\\/\\\/visitemporda.com\\\/es\\\/?s={search_term_string}\"},\"query-input\":{\"@type\":\"PropertyValueSpecification\",\"valueRequired\":true,\"valueName\":\"search_term_string\"}}],\"inLanguage\":\"es\"},{\"@type\":\"Organization\",\"@id\":\"https:\\\/\\\/visitemporda.com\\\/es\\\/#organization\",\"name\":\"Consell Comarcal del Baix Empord\u00e0\",\"url\":\"https:\\\/\\\/visitemporda.com\\\/es\\\/\",\"logo\":{\"@type\":\"ImageObject\",\"inLanguage\":\"es\",\"@id\":\"https:\\\/\\\/visitemporda.com\\\/es\\\/#\\\/schema\\\/logo\\\/image\\\/\",\"url\":\"https:\\\/\\\/visitemporda.com\\\/wp-content\\\/uploads\\\/2024\\\/11\\\/Logotip_CCBE.png\",\"contentUrl\":\"https:\\\/\\\/visitemporda.com\\\/wp-content\\\/uploads\\\/2024\\\/11\\\/Logotip_CCBE.png\",\"width\":3617,\"height\":3617,\"caption\":\"Consell Comarcal del Baix Empord\u00e0\"},\"image\":{\"@id\":\"https:\\\/\\\/visitemporda.com\\\/es\\\/#\\\/schema\\\/logo\\\/image\\\/\"},\"sameAs\":[\"https:\\\/\\\/www.facebook.com\\\/baixempordaturisme\",\"https:\\\/\\\/x.com\\\/baixemporda_tur\",\"https:\\\/\\\/www.instagram.com\\\/visitemporda\"]}]}<\/script>\n<!-- \/ Yoast SEO plugin. -->","yoast_head_json":{"title":"Pol\u00edtica de protecci\u00f3n de datos - Visit Empord\u00e0","robots":{"index":"index","follow":"follow","max-snippet":"max-snippet:-1","max-image-preview":"max-image-preview:large","max-video-preview":"max-video-preview:-1"},"canonical":"https:\/\/visitemporda.com\/es\/politica-de-proteccio-de-dades\/","og_locale":"es_ES","og_type":"article","og_title":"Pol\u00edtica de protecci\u00f3n de datos - Visit Empord\u00e0","og_description":"Esta es la pol\u00edtica de protecci\u00f3n de datos del Consell Comarcal del Baix Empord\u00e0. Hace referencia a los datos de personas f\u00edsicas con las que se relaciona el ejercicio de sus competencias y funciones. Atendidas las funciones del Consell Comarcal del Baix Empord\u00e0 algunos tratamientos son el resultado de la prestaci\u00f3n de servicios a otras [&hellip;]","og_url":"https:\/\/visitemporda.com\/es\/politica-de-proteccio-de-dades\/","og_site_name":"Visit Empord\u00e0","article_publisher":"https:\/\/www.facebook.com\/baixempordaturisme","article_modified_time":"2025-10-07T16:24:45+00:00","twitter_card":"summary_large_image","twitter_site":"@baixemporda_tur","twitter_misc":{"Tiempo de lectura":"11 minutos"},"schema":{"@context":"https:\/\/schema.org","@graph":[{"@type":"WebPage","@id":"https:\/\/visitemporda.com\/es\/politica-de-proteccio-de-dades\/","url":"https:\/\/visitemporda.com\/es\/politica-de-proteccio-de-dades\/","name":"Pol\u00edtica de protecci\u00f3n de datos - Visit Empord\u00e0","isPartOf":{"@id":"https:\/\/visitemporda.com\/es\/#website"},"datePublished":"2019-12-31T07:32:10+00:00","dateModified":"2025-10-07T16:24:45+00:00","breadcrumb":{"@id":"https:\/\/visitemporda.com\/es\/politica-de-proteccio-de-dades\/#breadcrumb"},"inLanguage":"es","potentialAction":[{"@type":"ReadAction","target":["https:\/\/visitemporda.com\/es\/politica-de-proteccio-de-dades\/"]}]},{"@type":"BreadcrumbList","@id":"https:\/\/visitemporda.com\/es\/politica-de-proteccio-de-dades\/#breadcrumb","itemListElement":[{"@type":"ListItem","position":1,"name":"Inici","item":"https:\/\/visitemporda.com\/es\/"},{"@type":"ListItem","position":2,"name":"Pol\u00edtica de protecci\u00f3n de datos"}]},{"@type":"WebSite","@id":"https:\/\/visitemporda.com\/es\/#website","url":"https:\/\/visitemporda.com\/es\/","name":"Visit Empord\u00e0","description":"Web tur\u00edstica oficial del Baix Empord\u00e0","publisher":{"@id":"https:\/\/visitemporda.com\/es\/#organization"},"potentialAction":[{"@type":"SearchAction","target":{"@type":"EntryPoint","urlTemplate":"https:\/\/visitemporda.com\/es\/?s={search_term_string}"},"query-input":{"@type":"PropertyValueSpecification","valueRequired":true,"valueName":"search_term_string"}}],"inLanguage":"es"},{"@type":"Organization","@id":"https:\/\/visitemporda.com\/es\/#organization","name":"Consell Comarcal del Baix Empord\u00e0","url":"https:\/\/visitemporda.com\/es\/","logo":{"@type":"ImageObject","inLanguage":"es","@id":"https:\/\/visitemporda.com\/es\/#\/schema\/logo\/image\/","url":"https:\/\/visitemporda.com\/wp-content\/uploads\/2024\/11\/Logotip_CCBE.png","contentUrl":"https:\/\/visitemporda.com\/wp-content\/uploads\/2024\/11\/Logotip_CCBE.png","width":3617,"height":3617,"caption":"Consell Comarcal del Baix Empord\u00e0"},"image":{"@id":"https:\/\/visitemporda.com\/es\/#\/schema\/logo\/image\/"},"sameAs":["https:\/\/www.facebook.com\/baixempordaturisme","https:\/\/x.com\/baixemporda_tur","https:\/\/www.instagram.com\/visitemporda"]}]}},"_links":{"self":[{"href":"https:\/\/visitemporda.com\/es\/wp-json\/wp\/v2\/pages\/19948","targetHints":{"allow":["GET"]}}],"collection":[{"href":"https:\/\/visitemporda.com\/es\/wp-json\/wp\/v2\/pages"}],"about":[{"href":"https:\/\/visitemporda.com\/es\/wp-json\/wp\/v2\/types\/page"}],"author":[{"embeddable":true,"href":"https:\/\/visitemporda.com\/es\/wp-json\/wp\/v2\/users\/2"}],"replies":[{"embeddable":true,"href":"https:\/\/visitemporda.com\/es\/wp-json\/wp\/v2\/comments?post=19948"}],"version-history":[{"count":4,"href":"https:\/\/visitemporda.com\/es\/wp-json\/wp\/v2\/pages\/19948\/revisions"}],"predecessor-version":[{"id":51908,"href":"https:\/\/visitemporda.com\/es\/wp-json\/wp\/v2\/pages\/19948\/revisions\/51908"}],"wp:attachment":[{"href":"https:\/\/visitemporda.com\/es\/wp-json\/wp\/v2\/media?parent=19948"}],"curies":[{"name":"wp","href":"https:\/\/api.w.org\/{rel}","templated":true}]}}