

{"id":19713,"date":"2019-08-05T09:32:43","date_gmt":"2019-08-05T07:32:43","guid":{"rendered":"http:\/\/visitemporda.com\/planifica\/informacion-util\/consells\/"},"modified":"2021-05-05T22:33:39","modified_gmt":"2021-05-05T20:33:39","slug":"consejos","status":"publish","type":"page","link":"https:\/\/visitemporda.com\/es\/planifica\/informacion-util\/consejos\/","title":{"rendered":"Consejos"},"content":{"rendered":"<p>Para que puedan disfrutar de una buena estancia en el Baix Empord\u00e0, a continuaci\u00f3n, os detallamos una serie de recomendaciones y consejos a tener en cuenta:<\/p>\n<p>&#8211; Respectad las normas de convivencia y procuren por la preservaci\u00f3n del patrimonio p\u00fablico y privado, de esta manera evitar\u00e1n que la actividad tur\u00edstica afecte negativamente el territorio e interfiera en el d\u00eda a d\u00eda de sus residentes.<\/p>\n<p>&#8211; Durante su estancia, hagan uso del comercio de proximidad y compren producto local, de esta manera favorecer\u00e1n la econom\u00eda local y contribuir\u00e1n a hacer que los beneficios econ\u00f3micos que genera la actividad tur\u00edstica se queden en el mismo territorio.<\/p>\n<p>&#8211; Tengan cura de sus pertenencias, especialmente en medio de aglomeraciones (espacios muy visitados, bares, y terrazas, playas, etc.). Lleven siempre la bolsa cerrada y eviten llevar objetos de valor a los bolsillos.<\/p>\n<p>&#8211; En caso de robos, accidentes, agresiones, incendios o emergencias m\u00e9dicas, llamen al tel\u00e9fono de emergencias 112.<\/p>\n<p>&nbsp;<\/p>\n<p>Si tienen previsto realizar actividades al aire libre\u2026<\/p>\n<p>&#8211; Inf\u00f3rmense siempre de las condiciones meteorol\u00f3gicas y, si son, malas, renuncien a la actividad. Encontrar\u00e1n informaci\u00f3n sobre el tiempo previsto al Baix Empord\u00e0 en el portal ww.meteocat.cat.<\/p>\n<p>&#8211; Utilicen el calzado y la vestimenta adecuada, adaptada siempre al terreno y al tipo de actividad que se vaya a realizar.<\/p>\n<p>&#8211; En cualquier \u00e9poca del a\u00f1o, especialmente en los meses m\u00e1s calurosos, hace falta protegerse de la exposici\u00f3n solar. Utilizar crema solar (m\u00ednimo 15 SPF), hacer uso de gorras, sombreros y gafas de sol, as\u00ed como mantenerse hidratado, os evitar\u00e1 sufrir insolaciones y quemaduras.<\/p>\n<p>&#8211; En caso de episodios de fuertes vientos, y sobretodo si se tienen que desplazar, h\u00e1ganlo con precauci\u00f3n para evitar encontrar obst\u00e1culos en la v\u00eda y vayan con cuidado con el mobiliario urbano. En caso de estar en el litoral, no se acerquen a escolleras, espigones ni paseos mar\u00edtimos, ya que hay peligro de fuerte oleaje.<\/p>\n<p>&#8211; En caso de fuertes lluvias, eviten ciertas zonas como r\u00edos, torrentes, arroyos y riachuelos, ya que existe el peligro de desbordamientos de agua e inundaciones.<\/p>\n<p>&#8211; Tengan cura del medio ambiente, no tiren desechos y respeten el patrimonio natural del territorio, de esta manera contribuir\u00e1n a su preservaci\u00f3n para las generaciones futuras.<\/p>\n","protected":false},"excerpt":{"rendered":"<p>Para que puedan disfrutar de una buena estancia en el Baix Empord\u00e0, a continuaci\u00f3n, os detallamos una serie de recomendaciones y consejos a tener en cuenta: &#8211; Respectad las normas de convivencia y procuren por la preservaci\u00f3n del patrimonio p\u00fablico y privado, de esta manera evitar\u00e1n que la actividad tur\u00edstica afecte negativamente el territorio e [&hellip;]<\/p>\n","protected":false},"author":2,"featured_media":7399,"parent":19690,"menu_order":0,"comment_status":"closed","ping_status":"closed","template":"page-templates\/fitxa-campanyes-gastronomiques.php","meta":{"_acf_changed":false,"footnotes":""},"class_list":["post-19713","page","type-page","status-publish","has-post-thumbnail","hentry"],"acf":[],"yoast_head":"<!-- This site is optimized with the Yoast SEO plugin v27.5 - https:\/\/yoast.com\/product\/yoast-seo-wordpress\/ -->\n<title>Consejos - Visit Empord\u00e0<\/title>\n<meta name=\"robots\" content=\"index, follow, max-snippet:-1, max-image-preview:large, max-video-preview:-1\" \/>\n<link rel=\"canonical\" href=\"https:\/\/visitemporda.com\/es\/planifica\/informacion-util\/consejos\/\" \/>\n<meta property=\"og:locale\" content=\"es_ES\" \/>\n<meta property=\"og:type\" content=\"article\" \/>\n<meta property=\"og:title\" content=\"Consejos - Visit Empord\u00e0\" \/>\n<meta property=\"og:description\" content=\"Para que puedan disfrutar de una buena estancia en el Baix Empord\u00e0, a continuaci\u00f3n, os detallamos una serie de recomendaciones y consejos a tener en cuenta: &#8211; Respectad las normas de convivencia y procuren por la preservaci\u00f3n del patrimonio p\u00fablico y privado, de esta manera evitar\u00e1n que la actividad tur\u00edstica afecte negativamente el territorio e [&hellip;]\" \/>\n<meta property=\"og:url\" content=\"https:\/\/visitemporda.com\/es\/planifica\/informacion-util\/consejos\/\" \/>\n<meta property=\"og:site_name\" content=\"Visit Empord\u00e0\" \/>\n<meta property=\"article:publisher\" content=\"https:\/\/www.facebook.com\/baixempordaturisme\" \/>\n<meta property=\"article:modified_time\" content=\"2021-05-05T20:33:39+00:00\" \/>\n<meta property=\"og:image\" content=\"https:\/\/visitemporda.com\/wp-content\/uploads\/2019\/10\/Consells-1024x683.png\" \/>\n\t<meta property=\"og:image:width\" content=\"1024\" \/>\n\t<meta property=\"og:image:height\" content=\"683\" \/>\n\t<meta property=\"og:image:type\" content=\"image\/png\" \/>\n<meta name=\"twitter:card\" content=\"summary_large_image\" \/>\n<meta name=\"twitter:site\" content=\"@baixemporda_tur\" \/>\n<meta name=\"twitter:label1\" content=\"Tiempo de lectura\" \/>\n\t<meta name=\"twitter:data1\" content=\"2 minutos\" \/>\n<script type=\"application\/ld+json\" class=\"yoast-schema-graph\">{\"@context\":\"https:\\\/\\\/schema.org\",\"@graph\":[{\"@type\":\"WebPage\",\"@id\":\"https:\\\/\\\/visitemporda.com\\\/es\\\/planifica\\\/informacion-util\\\/consejos\\\/\",\"url\":\"https:\\\/\\\/visitemporda.com\\\/es\\\/planifica\\\/informacion-util\\\/consejos\\\/\",\"name\":\"Consejos - Visit Empord\u00e0\",\"isPartOf\":{\"@id\":\"https:\\\/\\\/visitemporda.com\\\/es\\\/#website\"},\"primaryImageOfPage\":{\"@id\":\"https:\\\/\\\/visitemporda.com\\\/es\\\/planifica\\\/informacion-util\\\/consejos\\\/#primaryimage\"},\"image\":{\"@id\":\"https:\\\/\\\/visitemporda.com\\\/es\\\/planifica\\\/informacion-util\\\/consejos\\\/#primaryimage\"},\"thumbnailUrl\":\"https:\\\/\\\/visitemporda.com\\\/wp-content\\\/uploads\\\/2019\\\/10\\\/Consells.png\",\"datePublished\":\"2019-08-05T07:32:43+00:00\",\"dateModified\":\"2021-05-05T20:33:39+00:00\",\"breadcrumb\":{\"@id\":\"https:\\\/\\\/visitemporda.com\\\/es\\\/planifica\\\/informacion-util\\\/consejos\\\/#breadcrumb\"},\"inLanguage\":\"es\",\"potentialAction\":[{\"@type\":\"ReadAction\",\"target\":[\"https:\\\/\\\/visitemporda.com\\\/es\\\/planifica\\\/informacion-util\\\/consejos\\\/\"]}]},{\"@type\":\"ImageObject\",\"inLanguage\":\"es\",\"@id\":\"https:\\\/\\\/visitemporda.com\\\/es\\\/planifica\\\/informacion-util\\\/consejos\\\/#primaryimage\",\"url\":\"https:\\\/\\\/visitemporda.com\\\/wp-content\\\/uploads\\\/2019\\\/10\\\/Consells.png\",\"contentUrl\":\"https:\\\/\\\/visitemporda.com\\\/wp-content\\\/uploads\\\/2019\\\/10\\\/Consells.png\",\"width\":1500,\"height\":1000,\"caption\":\"Policia local de Castell \u2013 Platja d\u2019Aro\"},{\"@type\":\"BreadcrumbList\",\"@id\":\"https:\\\/\\\/visitemporda.com\\\/es\\\/planifica\\\/informacion-util\\\/consejos\\\/#breadcrumb\",\"itemListElement\":[{\"@type\":\"ListItem\",\"position\":1,\"name\":\"Inici\",\"item\":\"https:\\\/\\\/visitemporda.com\\\/es\\\/\"},{\"@type\":\"ListItem\",\"position\":2,\"name\":\"Planifica\",\"item\":\"https:\\\/\\\/visitemporda.com\\\/es\\\/planifica\\\/\"},{\"@type\":\"ListItem\",\"position\":3,\"name\":\"Informaci\u00f3n util\",\"item\":\"https:\\\/\\\/visitemporda.com\\\/es\\\/planifica\\\/informacion-util\\\/\"},{\"@type\":\"ListItem\",\"position\":4,\"name\":\"Consejos\"}]},{\"@type\":\"WebSite\",\"@id\":\"https:\\\/\\\/visitemporda.com\\\/es\\\/#website\",\"url\":\"https:\\\/\\\/visitemporda.com\\\/es\\\/\",\"name\":\"Visit Empord\u00e0\",\"description\":\"Web tur\u00edstica oficial del Baix Empord\u00e0\",\"publisher\":{\"@id\":\"https:\\\/\\\/visitemporda.com\\\/es\\\/#organization\"},\"potentialAction\":[{\"@type\":\"SearchAction\",\"target\":{\"@type\":\"EntryPoint\",\"urlTemplate\":\"https:\\\/\\\/visitemporda.com\\\/es\\\/?s={search_term_string}\"},\"query-input\":{\"@type\":\"PropertyValueSpecification\",\"valueRequired\":true,\"valueName\":\"search_term_string\"}}],\"inLanguage\":\"es\"},{\"@type\":\"Organization\",\"@id\":\"https:\\\/\\\/visitemporda.com\\\/es\\\/#organization\",\"name\":\"Consell Comarcal del Baix Empord\u00e0\",\"url\":\"https:\\\/\\\/visitemporda.com\\\/es\\\/\",\"logo\":{\"@type\":\"ImageObject\",\"inLanguage\":\"es\",\"@id\":\"https:\\\/\\\/visitemporda.com\\\/es\\\/#\\\/schema\\\/logo\\\/image\\\/\",\"url\":\"https:\\\/\\\/visitemporda.com\\\/wp-content\\\/uploads\\\/2024\\\/11\\\/Logotip_CCBE.png\",\"contentUrl\":\"https:\\\/\\\/visitemporda.com\\\/wp-content\\\/uploads\\\/2024\\\/11\\\/Logotip_CCBE.png\",\"width\":3617,\"height\":3617,\"caption\":\"Consell Comarcal del Baix Empord\u00e0\"},\"image\":{\"@id\":\"https:\\\/\\\/visitemporda.com\\\/es\\\/#\\\/schema\\\/logo\\\/image\\\/\"},\"sameAs\":[\"https:\\\/\\\/www.facebook.com\\\/baixempordaturisme\",\"https:\\\/\\\/x.com\\\/baixemporda_tur\",\"https:\\\/\\\/www.instagram.com\\\/visitemporda\"]}]}<\/script>\n<!-- \/ Yoast SEO plugin. -->","yoast_head_json":{"title":"Consejos - Visit Empord\u00e0","robots":{"index":"index","follow":"follow","max-snippet":"max-snippet:-1","max-image-preview":"max-image-preview:large","max-video-preview":"max-video-preview:-1"},"canonical":"https:\/\/visitemporda.com\/es\/planifica\/informacion-util\/consejos\/","og_locale":"es_ES","og_type":"article","og_title":"Consejos - Visit Empord\u00e0","og_description":"Para que puedan disfrutar de una buena estancia en el Baix Empord\u00e0, a continuaci\u00f3n, os detallamos una serie de recomendaciones y consejos a tener en cuenta: &#8211; Respectad las normas de convivencia y procuren por la preservaci\u00f3n del patrimonio p\u00fablico y privado, de esta manera evitar\u00e1n que la actividad tur\u00edstica afecte negativamente el territorio e [&hellip;]","og_url":"https:\/\/visitemporda.com\/es\/planifica\/informacion-util\/consejos\/","og_site_name":"Visit Empord\u00e0","article_publisher":"https:\/\/www.facebook.com\/baixempordaturisme","article_modified_time":"2021-05-05T20:33:39+00:00","og_image":[{"width":1024,"height":683,"url":"https:\/\/visitemporda.com\/wp-content\/uploads\/2019\/10\/Consells-1024x683.png","type":"image\/png"}],"twitter_card":"summary_large_image","twitter_site":"@baixemporda_tur","twitter_misc":{"Tiempo de lectura":"2 minutos"},"schema":{"@context":"https:\/\/schema.org","@graph":[{"@type":"WebPage","@id":"https:\/\/visitemporda.com\/es\/planifica\/informacion-util\/consejos\/","url":"https:\/\/visitemporda.com\/es\/planifica\/informacion-util\/consejos\/","name":"Consejos - Visit Empord\u00e0","isPartOf":{"@id":"https:\/\/visitemporda.com\/es\/#website"},"primaryImageOfPage":{"@id":"https:\/\/visitemporda.com\/es\/planifica\/informacion-util\/consejos\/#primaryimage"},"image":{"@id":"https:\/\/visitemporda.com\/es\/planifica\/informacion-util\/consejos\/#primaryimage"},"thumbnailUrl":"https:\/\/visitemporda.com\/wp-content\/uploads\/2019\/10\/Consells.png","datePublished":"2019-08-05T07:32:43+00:00","dateModified":"2021-05-05T20:33:39+00:00","breadcrumb":{"@id":"https:\/\/visitemporda.com\/es\/planifica\/informacion-util\/consejos\/#breadcrumb"},"inLanguage":"es","potentialAction":[{"@type":"ReadAction","target":["https:\/\/visitemporda.com\/es\/planifica\/informacion-util\/consejos\/"]}]},{"@type":"ImageObject","inLanguage":"es","@id":"https:\/\/visitemporda.com\/es\/planifica\/informacion-util\/consejos\/#primaryimage","url":"https:\/\/visitemporda.com\/wp-content\/uploads\/2019\/10\/Consells.png","contentUrl":"https:\/\/visitemporda.com\/wp-content\/uploads\/2019\/10\/Consells.png","width":1500,"height":1000,"caption":"Policia local de Castell \u2013 Platja d\u2019Aro"},{"@type":"BreadcrumbList","@id":"https:\/\/visitemporda.com\/es\/planifica\/informacion-util\/consejos\/#breadcrumb","itemListElement":[{"@type":"ListItem","position":1,"name":"Inici","item":"https:\/\/visitemporda.com\/es\/"},{"@type":"ListItem","position":2,"name":"Planifica","item":"https:\/\/visitemporda.com\/es\/planifica\/"},{"@type":"ListItem","position":3,"name":"Informaci\u00f3n util","item":"https:\/\/visitemporda.com\/es\/planifica\/informacion-util\/"},{"@type":"ListItem","position":4,"name":"Consejos"}]},{"@type":"WebSite","@id":"https:\/\/visitemporda.com\/es\/#website","url":"https:\/\/visitemporda.com\/es\/","name":"Visit Empord\u00e0","description":"Web tur\u00edstica oficial del Baix Empord\u00e0","publisher":{"@id":"https:\/\/visitemporda.com\/es\/#organization"},"potentialAction":[{"@type":"SearchAction","target":{"@type":"EntryPoint","urlTemplate":"https:\/\/visitemporda.com\/es\/?s={search_term_string}"},"query-input":{"@type":"PropertyValueSpecification","valueRequired":true,"valueName":"search_term_string"}}],"inLanguage":"es"},{"@type":"Organization","@id":"https:\/\/visitemporda.com\/es\/#organization","name":"Consell Comarcal del Baix Empord\u00e0","url":"https:\/\/visitemporda.com\/es\/","logo":{"@type":"ImageObject","inLanguage":"es","@id":"https:\/\/visitemporda.com\/es\/#\/schema\/logo\/image\/","url":"https:\/\/visitemporda.com\/wp-content\/uploads\/2024\/11\/Logotip_CCBE.png","contentUrl":"https:\/\/visitemporda.com\/wp-content\/uploads\/2024\/11\/Logotip_CCBE.png","width":3617,"height":3617,"caption":"Consell Comarcal del Baix Empord\u00e0"},"image":{"@id":"https:\/\/visitemporda.com\/es\/#\/schema\/logo\/image\/"},"sameAs":["https:\/\/www.facebook.com\/baixempordaturisme","https:\/\/x.com\/baixemporda_tur","https:\/\/www.instagram.com\/visitemporda"]}]}},"_links":{"self":[{"href":"https:\/\/visitemporda.com\/es\/wp-json\/wp\/v2\/pages\/19713","targetHints":{"allow":["GET"]}}],"collection":[{"href":"https:\/\/visitemporda.com\/es\/wp-json\/wp\/v2\/pages"}],"about":[{"href":"https:\/\/visitemporda.com\/es\/wp-json\/wp\/v2\/types\/page"}],"author":[{"embeddable":true,"href":"https:\/\/visitemporda.com\/es\/wp-json\/wp\/v2\/users\/2"}],"replies":[{"embeddable":true,"href":"https:\/\/visitemporda.com\/es\/wp-json\/wp\/v2\/comments?post=19713"}],"version-history":[{"count":3,"href":"https:\/\/visitemporda.com\/es\/wp-json\/wp\/v2\/pages\/19713\/revisions"}],"predecessor-version":[{"id":29971,"href":"https:\/\/visitemporda.com\/es\/wp-json\/wp\/v2\/pages\/19713\/revisions\/29971"}],"up":[{"embeddable":true,"href":"https:\/\/visitemporda.com\/es\/wp-json\/wp\/v2\/pages\/19690"}],"wp:featuredmedia":[{"embeddable":true,"href":"https:\/\/visitemporda.com\/es\/wp-json\/wp\/v2\/media\/7399"}],"wp:attachment":[{"href":"https:\/\/visitemporda.com\/es\/wp-json\/wp\/v2\/media?parent=19713"}],"curies":[{"name":"wp","href":"https:\/\/api.w.org\/{rel}","templated":true}]}}