

{"id":19710,"date":"2019-08-05T09:22:54","date_gmt":"2019-08-05T07:22:54","guid":{"rendered":"http:\/\/visitemporda.com\/planifica\/informacion-util\/informacio-dinteres\/"},"modified":"2020-09-09T16:50:42","modified_gmt":"2020-09-09T14:50:42","slug":"informacion-de-interes","status":"publish","type":"page","link":"https:\/\/visitemporda.com\/es\/planifica\/informacion-util\/informacion-de-interes\/","title":{"rendered":"Informaci\u00f3n de inter\u00e9s"},"content":{"rendered":"<p><strong>El Baix Empord\u00e0 disfruta de un clima\u2026<\/strong> mediterr\u00e1neo, con inviernos muy suaves y veranos calurosos. La temperatura m\u00e1xima mediana es de 21.8\u00baC, mientras que la mediana de la temperatura m\u00ednima es de 8.8\u00baC. Los meses m\u00e1s calurosos son junio, julio y agosto, mientras que los m\u00e1s fr\u00edos son diciembre, enero y febrero. En cuanto a las precipitaciones, los meses m\u00e1s lluviosos acostumbran a ser marzo, abril, octubre y noviembre. Otro fen\u00f3meno meteorol\u00f3gico a tener en cuenta es el viento, siendo los meses comprendidos entre noviembre y marzo los que registran mayores episodios de fuertes vientos.<\/p>\n<p><strong>En el Baix Empord\u00e0 se habla mayorit\u00e1riamente\u2026<\/strong> el catal\u00e1n y el castellano, ambas lenguas oficiales en Catalunya. Muchos bajo-ampurdaneses hablan tambi\u00e9n el ingl\u00e9s y el franc\u00e9s, as\u00ed como muchas empresas de la comarca dedicadas a la actividad tur\u00edstica, las cuales tienen los servicios y productos adaptados a estos y otros idiomas.<\/p>\n<p><strong>La moneda del Baix Empord\u00e0 es\u2026 <\/strong>el euro, moneda oficial de los territorios situados dentro de la zona euro. Para todos aquellos que residan fuera de la Uni\u00f3n Europea, tengan en cuenta que pueden solicitar la devoluci\u00f3n del IVA de las compras que hayan realizado. Dirijense a las Oficinas de Turismo y Puntos de Informaci\u00f3n Tur\u00edstica para obtener m\u00e1s informaci\u00f3n al respeto y solicitar su cheque <em>tax free.<\/em><\/p>\n<p><strong>El sistema horario que rige la comarca es\u2026<\/strong> UTC+01:00, el mismo que a Catalu\u00f1a y el resto del estado espa\u00f1ol. La hora oficial se modifica dos veces al a\u00f1o respecto al horario solar: se avanza una hora en invierno (\u00faltimo domingo de marzo) y se retrasa una hora en verano (\u00faltimo domingo de octubre).<\/p>\n<p><strong>La jornada laboral\u2026<\/strong> de la mayor\u00eda de comercios empieza entre las 9h y las 10h y finaliza entre las 19h y 20h, aunque en los principales centros comerciales se puede alargar hasta las 22h. Algunos de estos comercios hacen un descanso para comer y cierran un par de horas alrededor de las 14h, mientras que otros no cierran al mediod\u00eda. En cuanto a la restauraci\u00f3n, la hora de comer es aproximadamente desde las 13h hasta las 15.30h, mientras que la cena es de 20h a 23h.<\/p>\n<p><strong>No es obligatorio dar propina\u2026<\/strong> ya que estas est\u00e1n relacionadas con la satisfacci\u00f3n del cliente hacia el trato y servicio recibido, manteniendo su car\u00e1cter voluntario.<\/p>\n<p><strong>Son d\u00edas festivos en Catalu\u00f1a\u2026 <\/strong>el 1 y el 6 de enero (A\u00f1o nuevo y Reyes), Viernes Santo y Lunes de Pasqua, el 1 de mayo (D\u00eda del trabajador), 24 de junio (Sant Joan), el 15 de agosto (Asunci\u00f3n), el 11 de septiembre (Diada nacional de Catalu\u00f1a), el 1 de noviembre (D\u00eda de Todos los Santos), el 8 de diciembre (la Pur\u00edsima), el 25 y 26 de diciembre (Navidad y Sant Esteve). Adem\u00e1s, tambi\u00e9n son d\u00edas festivos las celebraciones del 12 de octubre (Fiesta Nacional de Espa\u00f1a) y el 6 de diciembre (D\u00eda de la constituci\u00f3n), a los cuales se tienen que a\u00f1adir las fiestas locales de cada uno de los municipios de la comarca.<\/p>\n<p><strong>En caso de sufrir cualquier problema y\/o emergencia\u2026<\/strong> se tiene que llamar al 112, el tel\u00e9fono de emergencias com\u00fan en toda la Uni\u00f3n Europea y en otros pa\u00edses del mundo. En Catalu\u00f1a se atiende en 50 idiomas, entre los cuales destacan el catal\u00e1n, el castellano, el franc\u00e9s, y el alem\u00e1n. El servicio es gratuito y da respuesta inmediata las 24 horas del d\u00eda, los 365 d\u00edas del a\u00f1o.<\/p>\n","protected":false},"excerpt":{"rendered":"<p>El Baix Empord\u00e0 disfruta de un clima\u2026 mediterr\u00e1neo, con inviernos muy suaves y veranos calurosos. La temperatura m\u00e1xima mediana es de 21.8\u00baC, mientras que la mediana de la temperatura m\u00ednima es de 8.8\u00baC. Los meses m\u00e1s calurosos son junio, julio y agosto, mientras que los m\u00e1s fr\u00edos son diciembre, enero y febrero. En cuanto a [&hellip;]<\/p>\n","protected":false},"author":2,"featured_media":6409,"parent":19690,"menu_order":0,"comment_status":"closed","ping_status":"closed","template":"page-templates\/fitxa-campanyes-gastronomiques.php","meta":{"_acf_changed":false,"footnotes":""},"class_list":["post-19710","page","type-page","status-publish","has-post-thumbnail","hentry"],"acf":[],"yoast_head":"<!-- This site is optimized with the Yoast SEO plugin v27.4 - https:\/\/yoast.com\/product\/yoast-seo-wordpress\/ -->\n<title>Informaci\u00f3n de inter\u00e9s - Visit Empord\u00e0<\/title>\n<meta name=\"robots\" content=\"index, follow, max-snippet:-1, max-image-preview:large, max-video-preview:-1\" \/>\n<link rel=\"canonical\" href=\"https:\/\/visitemporda.com\/es\/planifica\/informacion-util\/informacion-de-interes\/\" \/>\n<meta property=\"og:locale\" content=\"es_ES\" \/>\n<meta property=\"og:type\" content=\"article\" \/>\n<meta property=\"og:title\" content=\"Informaci\u00f3n de inter\u00e9s - Visit Empord\u00e0\" \/>\n<meta property=\"og:description\" content=\"El Baix Empord\u00e0 disfruta de un clima\u2026 mediterr\u00e1neo, con inviernos muy suaves y veranos calurosos. La temperatura m\u00e1xima mediana es de 21.8\u00baC, mientras que la mediana de la temperatura m\u00ednima es de 8.8\u00baC. Los meses m\u00e1s calurosos son junio, julio y agosto, mientras que los m\u00e1s fr\u00edos son diciembre, enero y febrero. En cuanto a [&hellip;]\" \/>\n<meta property=\"og:url\" content=\"https:\/\/visitemporda.com\/es\/planifica\/informacion-util\/informacion-de-interes\/\" \/>\n<meta property=\"og:site_name\" content=\"Visit Empord\u00e0\" \/>\n<meta property=\"article:publisher\" content=\"https:\/\/www.facebook.com\/baixempordaturisme\" \/>\n<meta property=\"article:modified_time\" content=\"2020-09-09T14:50:42+00:00\" \/>\n<meta property=\"og:image\" content=\"https:\/\/visitemporda.com\/wp-content\/uploads\/2019\/08\/info-dinter\u00e8s-1-1024x683.jpg\" \/>\n\t<meta property=\"og:image:width\" content=\"1024\" \/>\n\t<meta property=\"og:image:height\" content=\"683\" \/>\n\t<meta property=\"og:image:type\" content=\"image\/jpeg\" \/>\n<meta name=\"twitter:card\" content=\"summary_large_image\" \/>\n<meta name=\"twitter:site\" content=\"@baixemporda_tur\" \/>\n<meta name=\"twitter:label1\" content=\"Tiempo de lectura\" \/>\n\t<meta name=\"twitter:data1\" content=\"3 minutos\" \/>\n<script type=\"application\/ld+json\" class=\"yoast-schema-graph\">{\"@context\":\"https:\\\/\\\/schema.org\",\"@graph\":[{\"@type\":\"WebPage\",\"@id\":\"https:\\\/\\\/visitemporda.com\\\/es\\\/planifica\\\/informacion-util\\\/informacion-de-interes\\\/\",\"url\":\"https:\\\/\\\/visitemporda.com\\\/es\\\/planifica\\\/informacion-util\\\/informacion-de-interes\\\/\",\"name\":\"Informaci\u00f3n de inter\u00e9s - Visit Empord\u00e0\",\"isPartOf\":{\"@id\":\"https:\\\/\\\/visitemporda.com\\\/es\\\/#website\"},\"primaryImageOfPage\":{\"@id\":\"https:\\\/\\\/visitemporda.com\\\/es\\\/planifica\\\/informacion-util\\\/informacion-de-interes\\\/#primaryimage\"},\"image\":{\"@id\":\"https:\\\/\\\/visitemporda.com\\\/es\\\/planifica\\\/informacion-util\\\/informacion-de-interes\\\/#primaryimage\"},\"thumbnailUrl\":\"https:\\\/\\\/visitemporda.com\\\/wp-content\\\/uploads\\\/2019\\\/08\\\/info-dinter\u00e8s-1.jpg\",\"datePublished\":\"2019-08-05T07:22:54+00:00\",\"dateModified\":\"2020-09-09T14:50:42+00:00\",\"breadcrumb\":{\"@id\":\"https:\\\/\\\/visitemporda.com\\\/es\\\/planifica\\\/informacion-util\\\/informacion-de-interes\\\/#breadcrumb\"},\"inLanguage\":\"es\",\"potentialAction\":[{\"@type\":\"ReadAction\",\"target\":[\"https:\\\/\\\/visitemporda.com\\\/es\\\/planifica\\\/informacion-util\\\/informacion-de-interes\\\/\"]}]},{\"@type\":\"ImageObject\",\"inLanguage\":\"es\",\"@id\":\"https:\\\/\\\/visitemporda.com\\\/es\\\/planifica\\\/informacion-util\\\/informacion-de-interes\\\/#primaryimage\",\"url\":\"https:\\\/\\\/visitemporda.com\\\/wp-content\\\/uploads\\\/2019\\\/08\\\/info-dinter\u00e8s-1.jpg\",\"contentUrl\":\"https:\\\/\\\/visitemporda.com\\\/wp-content\\\/uploads\\\/2019\\\/08\\\/info-dinter\u00e8s-1.jpg\",\"width\":3888,\"height\":2592,\"caption\":\"noia escerivint amb un bol\u00edgraf a una agenda amb el m\u00f2bil al costat\"},{\"@type\":\"BreadcrumbList\",\"@id\":\"https:\\\/\\\/visitemporda.com\\\/es\\\/planifica\\\/informacion-util\\\/informacion-de-interes\\\/#breadcrumb\",\"itemListElement\":[{\"@type\":\"ListItem\",\"position\":1,\"name\":\"Inici\",\"item\":\"https:\\\/\\\/visitemporda.com\\\/es\\\/\"},{\"@type\":\"ListItem\",\"position\":2,\"name\":\"Planifica\",\"item\":\"https:\\\/\\\/visitemporda.com\\\/es\\\/planifica\\\/\"},{\"@type\":\"ListItem\",\"position\":3,\"name\":\"Informaci\u00f3n util\",\"item\":\"https:\\\/\\\/visitemporda.com\\\/es\\\/planifica\\\/informacion-util\\\/\"},{\"@type\":\"ListItem\",\"position\":4,\"name\":\"Informaci\u00f3n de inter\u00e9s\"}]},{\"@type\":\"WebSite\",\"@id\":\"https:\\\/\\\/visitemporda.com\\\/es\\\/#website\",\"url\":\"https:\\\/\\\/visitemporda.com\\\/es\\\/\",\"name\":\"Visit Empord\u00e0\",\"description\":\"Web tur\u00edstica oficial del Baix Empord\u00e0\",\"publisher\":{\"@id\":\"https:\\\/\\\/visitemporda.com\\\/es\\\/#organization\"},\"potentialAction\":[{\"@type\":\"SearchAction\",\"target\":{\"@type\":\"EntryPoint\",\"urlTemplate\":\"https:\\\/\\\/visitemporda.com\\\/es\\\/?s={search_term_string}\"},\"query-input\":{\"@type\":\"PropertyValueSpecification\",\"valueRequired\":true,\"valueName\":\"search_term_string\"}}],\"inLanguage\":\"es\"},{\"@type\":\"Organization\",\"@id\":\"https:\\\/\\\/visitemporda.com\\\/es\\\/#organization\",\"name\":\"Consell Comarcal del Baix Empord\u00e0\",\"url\":\"https:\\\/\\\/visitemporda.com\\\/es\\\/\",\"logo\":{\"@type\":\"ImageObject\",\"inLanguage\":\"es\",\"@id\":\"https:\\\/\\\/visitemporda.com\\\/es\\\/#\\\/schema\\\/logo\\\/image\\\/\",\"url\":\"https:\\\/\\\/visitemporda.com\\\/wp-content\\\/uploads\\\/2024\\\/11\\\/Logotip_CCBE.png\",\"contentUrl\":\"https:\\\/\\\/visitemporda.com\\\/wp-content\\\/uploads\\\/2024\\\/11\\\/Logotip_CCBE.png\",\"width\":3617,\"height\":3617,\"caption\":\"Consell Comarcal del Baix Empord\u00e0\"},\"image\":{\"@id\":\"https:\\\/\\\/visitemporda.com\\\/es\\\/#\\\/schema\\\/logo\\\/image\\\/\"},\"sameAs\":[\"https:\\\/\\\/www.facebook.com\\\/baixempordaturisme\",\"https:\\\/\\\/x.com\\\/baixemporda_tur\",\"https:\\\/\\\/www.instagram.com\\\/visitemporda\"]}]}<\/script>\n<!-- \/ Yoast SEO plugin. -->","yoast_head_json":{"title":"Informaci\u00f3n de inter\u00e9s - Visit Empord\u00e0","robots":{"index":"index","follow":"follow","max-snippet":"max-snippet:-1","max-image-preview":"max-image-preview:large","max-video-preview":"max-video-preview:-1"},"canonical":"https:\/\/visitemporda.com\/es\/planifica\/informacion-util\/informacion-de-interes\/","og_locale":"es_ES","og_type":"article","og_title":"Informaci\u00f3n de inter\u00e9s - Visit Empord\u00e0","og_description":"El Baix Empord\u00e0 disfruta de un clima\u2026 mediterr\u00e1neo, con inviernos muy suaves y veranos calurosos. La temperatura m\u00e1xima mediana es de 21.8\u00baC, mientras que la mediana de la temperatura m\u00ednima es de 8.8\u00baC. Los meses m\u00e1s calurosos son junio, julio y agosto, mientras que los m\u00e1s fr\u00edos son diciembre, enero y febrero. En cuanto a [&hellip;]","og_url":"https:\/\/visitemporda.com\/es\/planifica\/informacion-util\/informacion-de-interes\/","og_site_name":"Visit Empord\u00e0","article_publisher":"https:\/\/www.facebook.com\/baixempordaturisme","article_modified_time":"2020-09-09T14:50:42+00:00","og_image":[{"width":1024,"height":683,"url":"https:\/\/visitemporda.com\/wp-content\/uploads\/2019\/08\/info-dinter\u00e8s-1-1024x683.jpg","type":"image\/jpeg"}],"twitter_card":"summary_large_image","twitter_site":"@baixemporda_tur","twitter_misc":{"Tiempo de lectura":"3 minutos"},"schema":{"@context":"https:\/\/schema.org","@graph":[{"@type":"WebPage","@id":"https:\/\/visitemporda.com\/es\/planifica\/informacion-util\/informacion-de-interes\/","url":"https:\/\/visitemporda.com\/es\/planifica\/informacion-util\/informacion-de-interes\/","name":"Informaci\u00f3n de inter\u00e9s - Visit Empord\u00e0","isPartOf":{"@id":"https:\/\/visitemporda.com\/es\/#website"},"primaryImageOfPage":{"@id":"https:\/\/visitemporda.com\/es\/planifica\/informacion-util\/informacion-de-interes\/#primaryimage"},"image":{"@id":"https:\/\/visitemporda.com\/es\/planifica\/informacion-util\/informacion-de-interes\/#primaryimage"},"thumbnailUrl":"https:\/\/visitemporda.com\/wp-content\/uploads\/2019\/08\/info-dinter\u00e8s-1.jpg","datePublished":"2019-08-05T07:22:54+00:00","dateModified":"2020-09-09T14:50:42+00:00","breadcrumb":{"@id":"https:\/\/visitemporda.com\/es\/planifica\/informacion-util\/informacion-de-interes\/#breadcrumb"},"inLanguage":"es","potentialAction":[{"@type":"ReadAction","target":["https:\/\/visitemporda.com\/es\/planifica\/informacion-util\/informacion-de-interes\/"]}]},{"@type":"ImageObject","inLanguage":"es","@id":"https:\/\/visitemporda.com\/es\/planifica\/informacion-util\/informacion-de-interes\/#primaryimage","url":"https:\/\/visitemporda.com\/wp-content\/uploads\/2019\/08\/info-dinter\u00e8s-1.jpg","contentUrl":"https:\/\/visitemporda.com\/wp-content\/uploads\/2019\/08\/info-dinter\u00e8s-1.jpg","width":3888,"height":2592,"caption":"noia escerivint amb un bol\u00edgraf a una agenda amb el m\u00f2bil al costat"},{"@type":"BreadcrumbList","@id":"https:\/\/visitemporda.com\/es\/planifica\/informacion-util\/informacion-de-interes\/#breadcrumb","itemListElement":[{"@type":"ListItem","position":1,"name":"Inici","item":"https:\/\/visitemporda.com\/es\/"},{"@type":"ListItem","position":2,"name":"Planifica","item":"https:\/\/visitemporda.com\/es\/planifica\/"},{"@type":"ListItem","position":3,"name":"Informaci\u00f3n util","item":"https:\/\/visitemporda.com\/es\/planifica\/informacion-util\/"},{"@type":"ListItem","position":4,"name":"Informaci\u00f3n de inter\u00e9s"}]},{"@type":"WebSite","@id":"https:\/\/visitemporda.com\/es\/#website","url":"https:\/\/visitemporda.com\/es\/","name":"Visit Empord\u00e0","description":"Web tur\u00edstica oficial del Baix Empord\u00e0","publisher":{"@id":"https:\/\/visitemporda.com\/es\/#organization"},"potentialAction":[{"@type":"SearchAction","target":{"@type":"EntryPoint","urlTemplate":"https:\/\/visitemporda.com\/es\/?s={search_term_string}"},"query-input":{"@type":"PropertyValueSpecification","valueRequired":true,"valueName":"search_term_string"}}],"inLanguage":"es"},{"@type":"Organization","@id":"https:\/\/visitemporda.com\/es\/#organization","name":"Consell Comarcal del Baix Empord\u00e0","url":"https:\/\/visitemporda.com\/es\/","logo":{"@type":"ImageObject","inLanguage":"es","@id":"https:\/\/visitemporda.com\/es\/#\/schema\/logo\/image\/","url":"https:\/\/visitemporda.com\/wp-content\/uploads\/2024\/11\/Logotip_CCBE.png","contentUrl":"https:\/\/visitemporda.com\/wp-content\/uploads\/2024\/11\/Logotip_CCBE.png","width":3617,"height":3617,"caption":"Consell Comarcal del Baix Empord\u00e0"},"image":{"@id":"https:\/\/visitemporda.com\/es\/#\/schema\/logo\/image\/"},"sameAs":["https:\/\/www.facebook.com\/baixempordaturisme","https:\/\/x.com\/baixemporda_tur","https:\/\/www.instagram.com\/visitemporda"]}]}},"_links":{"self":[{"href":"https:\/\/visitemporda.com\/es\/wp-json\/wp\/v2\/pages\/19710","targetHints":{"allow":["GET"]}}],"collection":[{"href":"https:\/\/visitemporda.com\/es\/wp-json\/wp\/v2\/pages"}],"about":[{"href":"https:\/\/visitemporda.com\/es\/wp-json\/wp\/v2\/types\/page"}],"author":[{"embeddable":true,"href":"https:\/\/visitemporda.com\/es\/wp-json\/wp\/v2\/users\/2"}],"replies":[{"embeddable":true,"href":"https:\/\/visitemporda.com\/es\/wp-json\/wp\/v2\/comments?post=19710"}],"version-history":[{"count":2,"href":"https:\/\/visitemporda.com\/es\/wp-json\/wp\/v2\/pages\/19710\/revisions"}],"predecessor-version":[{"id":19712,"href":"https:\/\/visitemporda.com\/es\/wp-json\/wp\/v2\/pages\/19710\/revisions\/19712"}],"up":[{"embeddable":true,"href":"https:\/\/visitemporda.com\/es\/wp-json\/wp\/v2\/pages\/19690"}],"wp:featuredmedia":[{"embeddable":true,"href":"https:\/\/visitemporda.com\/es\/wp-json\/wp\/v2\/media\/6409"}],"wp:attachment":[{"href":"https:\/\/visitemporda.com\/es\/wp-json\/wp\/v2\/media?parent=19710"}],"curies":[{"name":"wp","href":"https:\/\/api.w.org\/{rel}","templated":true}]}}