

{"id":19681,"date":"2019-03-29T13:26:22","date_gmt":"2019-03-29T12:26:22","guid":{"rendered":"http:\/\/visitemporda.com\/planifica\/on-menjar\/"},"modified":"2021-05-22T17:43:43","modified_gmt":"2021-05-22T15:43:43","slug":"donde-comer","status":"publish","type":"page","link":"https:\/\/visitemporda.com\/es\/planifica\/donde-comer\/","title":{"rendered":"D\u00f3nde comer"},"content":{"rendered":"<p>\u201c\u2026no solamente ha habido siempre buenos cocineros y cocineras y personas que han tenido inter\u00e9s para las cosas de los fogones, sino que se han producido novedades sorprendentes. Trabajando sobre f\u00f3rmulas antiqu\u00edsimas, la gente del pa\u00eds ha creado determinadas innovaciones, de gran originalidad, que s\u00f3n dignas de ser subrayadas y valoradas como se merecen\u2026\u201d<\/p>\n<p>Traducci\u00f3n de un texto de Josep Pla, Mi Pa\u00eds (1968)<\/p>\n<p>&nbsp;<\/p>\n<p>La oferta de restaurantes de nuestra comarca, extensa y variada, os permitir\u00e1 encontrar comidas para todos los gustos, y para todos los bolsillos: establecimientos de todas las categor\u00edas, con platos del d\u00eda, men\u00fa y tapas, pero tambi\u00e9n, si lo prefieren, platos a la carta, la cocina m\u00e1s innovadora, cocina experimental, o bien los platos tradicionales de la abuela, de los pescadores, del pueblo\u2026<\/p>\n<p>Muchas veces, la comida se ver\u00e1 complementada con un escenario de gran encanto y belleza, ya que los restaurantes se encuentran situados en peque\u00f1os pueblos o bellas mas\u00edas restauradas, en las plazas mayores de los pueblos, en una calle estrecha de un pueblo de pescadores, cerca del mar, cerca de una iglesia rom\u00e1nica\u2026<\/p>\n<p>RESTAURANTES CON ESTRELLAS MICHELIN<\/p>\n<p>La calidad gastron\u00f3mica del Baix Empord\u00e0 est\u00e1 tambi\u00e9n reconocida internacionalmente con un restaurante galardonado con una estrella Michelin, como es el restaurante Casamar de Llafranc y un restaurante con dos estrellas Michelin, el restaurante Bo-tic de Cor\u00e7\u00e0. Por proximidad, cabe destacar el restaurante Els Tinars de Llagostera (El Giron\u00e8s) que cuenta tambi\u00e9n con una estrella Michelin. Las estrellas se asignan teniendo en cuenta diferentes par\u00e1metros destacando la calidad y la creatividad de los platos.<\/p>\n","protected":false},"excerpt":{"rendered":"<p>\u201c\u2026no solamente ha habido siempre buenos cocineros y cocineras y personas que han tenido inter\u00e9s para las cosas de los fogones, sino que se han producido novedades sorprendentes. Trabajando sobre f\u00f3rmulas antiqu\u00edsimas, la gente del pa\u00eds ha creado determinadas innovaciones, de gran originalidad, que s\u00f3n dignas de ser subrayadas y valoradas como se merecen\u2026\u201d Traducci\u00f3n [&hellip;]<\/p>\n","protected":false},"author":2,"featured_media":18652,"parent":1069,"menu_order":10,"comment_status":"closed","ping_status":"closed","template":"page-templates\/restaurants.php","meta":{"_acf_changed":false,"footnotes":""},"class_list":["post-19681","page","type-page","status-publish","has-post-thumbnail","hentry"],"acf":[],"yoast_head":"<!-- This site is optimized with the Yoast SEO plugin v27.4 - https:\/\/yoast.com\/product\/yoast-seo-wordpress\/ -->\n<title>D\u00f3nde comer - Visit Empord\u00e0<\/title>\n<meta name=\"robots\" content=\"index, follow, max-snippet:-1, max-image-preview:large, max-video-preview:-1\" \/>\n<link rel=\"canonical\" href=\"https:\/\/visitemporda.com\/es\/planifica\/donde-comer\/\" \/>\n<meta property=\"og:locale\" content=\"es_ES\" \/>\n<meta property=\"og:type\" content=\"article\" \/>\n<meta property=\"og:title\" content=\"D\u00f3nde comer - Visit Empord\u00e0\" \/>\n<meta property=\"og:description\" content=\"\u201c\u2026no solamente ha habido siempre buenos cocineros y cocineras y personas que han tenido inter\u00e9s para las cosas de los fogones, sino que se han producido novedades sorprendentes. Trabajando sobre f\u00f3rmulas antiqu\u00edsimas, la gente del pa\u00eds ha creado determinadas innovaciones, de gran originalidad, que s\u00f3n dignas de ser subrayadas y valoradas como se merecen\u2026\u201d Traducci\u00f3n [&hellip;]\" \/>\n<meta property=\"og:url\" content=\"https:\/\/visitemporda.com\/es\/planifica\/donde-comer\/\" \/>\n<meta property=\"og:site_name\" content=\"Visit Empord\u00e0\" \/>\n<meta property=\"article:publisher\" content=\"https:\/\/www.facebook.com\/baixempordaturisme\" \/>\n<meta property=\"article:modified_time\" content=\"2021-05-22T15:43:43+00:00\" \/>\n<meta property=\"og:image\" content=\"https:\/\/visitemporda.com\/wp-content\/uploads\/2019\/03\/Moment-3.-Restaurant-Toc-al-Mar.-Begur.-Alex-Tremps.-Arxiu-Imatges-PTCBG_.jpg\" \/>\n\t<meta property=\"og:image:width\" content=\"1600\" \/>\n\t<meta property=\"og:image:height\" content=\"1066\" \/>\n\t<meta property=\"og:image:type\" content=\"image\/jpeg\" \/>\n<meta name=\"twitter:card\" content=\"summary_large_image\" \/>\n<meta name=\"twitter:site\" content=\"@baixemporda_tur\" \/>\n<meta name=\"twitter:label1\" content=\"Tiempo de lectura\" \/>\n\t<meta name=\"twitter:data1\" content=\"1 minuto\" \/>\n<script type=\"application\/ld+json\" class=\"yoast-schema-graph\">{\"@context\":\"https:\\\/\\\/schema.org\",\"@graph\":[{\"@type\":\"WebPage\",\"@id\":\"https:\\\/\\\/visitemporda.com\\\/es\\\/planifica\\\/donde-comer\\\/\",\"url\":\"https:\\\/\\\/visitemporda.com\\\/es\\\/planifica\\\/donde-comer\\\/\",\"name\":\"D\u00f3nde comer - Visit Empord\u00e0\",\"isPartOf\":{\"@id\":\"https:\\\/\\\/visitemporda.com\\\/es\\\/#website\"},\"primaryImageOfPage\":{\"@id\":\"https:\\\/\\\/visitemporda.com\\\/es\\\/planifica\\\/donde-comer\\\/#primaryimage\"},\"image\":{\"@id\":\"https:\\\/\\\/visitemporda.com\\\/es\\\/planifica\\\/donde-comer\\\/#primaryimage\"},\"thumbnailUrl\":\"https:\\\/\\\/visitemporda.com\\\/wp-content\\\/uploads\\\/2019\\\/03\\\/Moment-3.-Restaurant-Toc-al-Mar.-Begur.-Alex-Tremps.-Arxiu-Imatges-PTCBG_.jpg\",\"datePublished\":\"2019-03-29T12:26:22+00:00\",\"dateModified\":\"2021-05-22T15:43:43+00:00\",\"breadcrumb\":{\"@id\":\"https:\\\/\\\/visitemporda.com\\\/es\\\/planifica\\\/donde-comer\\\/#breadcrumb\"},\"inLanguage\":\"es\",\"potentialAction\":[{\"@type\":\"ReadAction\",\"target\":[\"https:\\\/\\\/visitemporda.com\\\/es\\\/planifica\\\/donde-comer\\\/\"]}]},{\"@type\":\"ImageObject\",\"inLanguage\":\"es\",\"@id\":\"https:\\\/\\\/visitemporda.com\\\/es\\\/planifica\\\/donde-comer\\\/#primaryimage\",\"url\":\"https:\\\/\\\/visitemporda.com\\\/wp-content\\\/uploads\\\/2019\\\/03\\\/Moment-3.-Restaurant-Toc-al-Mar.-Begur.-Alex-Tremps.-Arxiu-Imatges-PTCBG_.jpg\",\"contentUrl\":\"https:\\\/\\\/visitemporda.com\\\/wp-content\\\/uploads\\\/2019\\\/03\\\/Moment-3.-Restaurant-Toc-al-Mar.-Begur.-Alex-Tremps.-Arxiu-Imatges-PTCBG_.jpg\",\"width\":1600,\"height\":1066,\"caption\":\"Arr\u00f2s a la cassola dins la cassola\"},{\"@type\":\"BreadcrumbList\",\"@id\":\"https:\\\/\\\/visitemporda.com\\\/es\\\/planifica\\\/donde-comer\\\/#breadcrumb\",\"itemListElement\":[{\"@type\":\"ListItem\",\"position\":1,\"name\":\"Inici\",\"item\":\"https:\\\/\\\/visitemporda.com\\\/es\\\/\"},{\"@type\":\"ListItem\",\"position\":2,\"name\":\"Planifica\",\"item\":\"https:\\\/\\\/visitemporda.com\\\/es\\\/planifica\\\/\"},{\"@type\":\"ListItem\",\"position\":3,\"name\":\"D\u00f3nde comer\"}]},{\"@type\":\"WebSite\",\"@id\":\"https:\\\/\\\/visitemporda.com\\\/es\\\/#website\",\"url\":\"https:\\\/\\\/visitemporda.com\\\/es\\\/\",\"name\":\"Visit Empord\u00e0\",\"description\":\"Web tur\u00edstica oficial del Baix Empord\u00e0\",\"publisher\":{\"@id\":\"https:\\\/\\\/visitemporda.com\\\/es\\\/#organization\"},\"potentialAction\":[{\"@type\":\"SearchAction\",\"target\":{\"@type\":\"EntryPoint\",\"urlTemplate\":\"https:\\\/\\\/visitemporda.com\\\/es\\\/?s={search_term_string}\"},\"query-input\":{\"@type\":\"PropertyValueSpecification\",\"valueRequired\":true,\"valueName\":\"search_term_string\"}}],\"inLanguage\":\"es\"},{\"@type\":\"Organization\",\"@id\":\"https:\\\/\\\/visitemporda.com\\\/es\\\/#organization\",\"name\":\"Consell Comarcal del Baix Empord\u00e0\",\"url\":\"https:\\\/\\\/visitemporda.com\\\/es\\\/\",\"logo\":{\"@type\":\"ImageObject\",\"inLanguage\":\"es\",\"@id\":\"https:\\\/\\\/visitemporda.com\\\/es\\\/#\\\/schema\\\/logo\\\/image\\\/\",\"url\":\"https:\\\/\\\/visitemporda.com\\\/wp-content\\\/uploads\\\/2024\\\/11\\\/Logotip_CCBE.png\",\"contentUrl\":\"https:\\\/\\\/visitemporda.com\\\/wp-content\\\/uploads\\\/2024\\\/11\\\/Logotip_CCBE.png\",\"width\":3617,\"height\":3617,\"caption\":\"Consell Comarcal del Baix Empord\u00e0\"},\"image\":{\"@id\":\"https:\\\/\\\/visitemporda.com\\\/es\\\/#\\\/schema\\\/logo\\\/image\\\/\"},\"sameAs\":[\"https:\\\/\\\/www.facebook.com\\\/baixempordaturisme\",\"https:\\\/\\\/x.com\\\/baixemporda_tur\",\"https:\\\/\\\/www.instagram.com\\\/visitemporda\"]}]}<\/script>\n<!-- \/ Yoast SEO plugin. -->","yoast_head_json":{"title":"D\u00f3nde comer - Visit Empord\u00e0","robots":{"index":"index","follow":"follow","max-snippet":"max-snippet:-1","max-image-preview":"max-image-preview:large","max-video-preview":"max-video-preview:-1"},"canonical":"https:\/\/visitemporda.com\/es\/planifica\/donde-comer\/","og_locale":"es_ES","og_type":"article","og_title":"D\u00f3nde comer - Visit Empord\u00e0","og_description":"\u201c\u2026no solamente ha habido siempre buenos cocineros y cocineras y personas que han tenido inter\u00e9s para las cosas de los fogones, sino que se han producido novedades sorprendentes. Trabajando sobre f\u00f3rmulas antiqu\u00edsimas, la gente del pa\u00eds ha creado determinadas innovaciones, de gran originalidad, que s\u00f3n dignas de ser subrayadas y valoradas como se merecen\u2026\u201d Traducci\u00f3n [&hellip;]","og_url":"https:\/\/visitemporda.com\/es\/planifica\/donde-comer\/","og_site_name":"Visit Empord\u00e0","article_publisher":"https:\/\/www.facebook.com\/baixempordaturisme","article_modified_time":"2021-05-22T15:43:43+00:00","og_image":[{"width":1600,"height":1066,"url":"https:\/\/visitemporda.com\/wp-content\/uploads\/2019\/03\/Moment-3.-Restaurant-Toc-al-Mar.-Begur.-Alex-Tremps.-Arxiu-Imatges-PTCBG_.jpg","type":"image\/jpeg"}],"twitter_card":"summary_large_image","twitter_site":"@baixemporda_tur","twitter_misc":{"Tiempo de lectura":"1 minuto"},"schema":{"@context":"https:\/\/schema.org","@graph":[{"@type":"WebPage","@id":"https:\/\/visitemporda.com\/es\/planifica\/donde-comer\/","url":"https:\/\/visitemporda.com\/es\/planifica\/donde-comer\/","name":"D\u00f3nde comer - Visit Empord\u00e0","isPartOf":{"@id":"https:\/\/visitemporda.com\/es\/#website"},"primaryImageOfPage":{"@id":"https:\/\/visitemporda.com\/es\/planifica\/donde-comer\/#primaryimage"},"image":{"@id":"https:\/\/visitemporda.com\/es\/planifica\/donde-comer\/#primaryimage"},"thumbnailUrl":"https:\/\/visitemporda.com\/wp-content\/uploads\/2019\/03\/Moment-3.-Restaurant-Toc-al-Mar.-Begur.-Alex-Tremps.-Arxiu-Imatges-PTCBG_.jpg","datePublished":"2019-03-29T12:26:22+00:00","dateModified":"2021-05-22T15:43:43+00:00","breadcrumb":{"@id":"https:\/\/visitemporda.com\/es\/planifica\/donde-comer\/#breadcrumb"},"inLanguage":"es","potentialAction":[{"@type":"ReadAction","target":["https:\/\/visitemporda.com\/es\/planifica\/donde-comer\/"]}]},{"@type":"ImageObject","inLanguage":"es","@id":"https:\/\/visitemporda.com\/es\/planifica\/donde-comer\/#primaryimage","url":"https:\/\/visitemporda.com\/wp-content\/uploads\/2019\/03\/Moment-3.-Restaurant-Toc-al-Mar.-Begur.-Alex-Tremps.-Arxiu-Imatges-PTCBG_.jpg","contentUrl":"https:\/\/visitemporda.com\/wp-content\/uploads\/2019\/03\/Moment-3.-Restaurant-Toc-al-Mar.-Begur.-Alex-Tremps.-Arxiu-Imatges-PTCBG_.jpg","width":1600,"height":1066,"caption":"Arr\u00f2s a la cassola dins la cassola"},{"@type":"BreadcrumbList","@id":"https:\/\/visitemporda.com\/es\/planifica\/donde-comer\/#breadcrumb","itemListElement":[{"@type":"ListItem","position":1,"name":"Inici","item":"https:\/\/visitemporda.com\/es\/"},{"@type":"ListItem","position":2,"name":"Planifica","item":"https:\/\/visitemporda.com\/es\/planifica\/"},{"@type":"ListItem","position":3,"name":"D\u00f3nde comer"}]},{"@type":"WebSite","@id":"https:\/\/visitemporda.com\/es\/#website","url":"https:\/\/visitemporda.com\/es\/","name":"Visit Empord\u00e0","description":"Web tur\u00edstica oficial del Baix Empord\u00e0","publisher":{"@id":"https:\/\/visitemporda.com\/es\/#organization"},"potentialAction":[{"@type":"SearchAction","target":{"@type":"EntryPoint","urlTemplate":"https:\/\/visitemporda.com\/es\/?s={search_term_string}"},"query-input":{"@type":"PropertyValueSpecification","valueRequired":true,"valueName":"search_term_string"}}],"inLanguage":"es"},{"@type":"Organization","@id":"https:\/\/visitemporda.com\/es\/#organization","name":"Consell Comarcal del Baix Empord\u00e0","url":"https:\/\/visitemporda.com\/es\/","logo":{"@type":"ImageObject","inLanguage":"es","@id":"https:\/\/visitemporda.com\/es\/#\/schema\/logo\/image\/","url":"https:\/\/visitemporda.com\/wp-content\/uploads\/2024\/11\/Logotip_CCBE.png","contentUrl":"https:\/\/visitemporda.com\/wp-content\/uploads\/2024\/11\/Logotip_CCBE.png","width":3617,"height":3617,"caption":"Consell Comarcal del Baix Empord\u00e0"},"image":{"@id":"https:\/\/visitemporda.com\/es\/#\/schema\/logo\/image\/"},"sameAs":["https:\/\/www.facebook.com\/baixempordaturisme","https:\/\/x.com\/baixemporda_tur","https:\/\/www.instagram.com\/visitemporda"]}]}},"_links":{"self":[{"href":"https:\/\/visitemporda.com\/es\/wp-json\/wp\/v2\/pages\/19681","targetHints":{"allow":["GET"]}}],"collection":[{"href":"https:\/\/visitemporda.com\/es\/wp-json\/wp\/v2\/pages"}],"about":[{"href":"https:\/\/visitemporda.com\/es\/wp-json\/wp\/v2\/types\/page"}],"author":[{"embeddable":true,"href":"https:\/\/visitemporda.com\/es\/wp-json\/wp\/v2\/users\/2"}],"replies":[{"embeddable":true,"href":"https:\/\/visitemporda.com\/es\/wp-json\/wp\/v2\/comments?post=19681"}],"version-history":[{"count":4,"href":"https:\/\/visitemporda.com\/es\/wp-json\/wp\/v2\/pages\/19681\/revisions"}],"predecessor-version":[{"id":30334,"href":"https:\/\/visitemporda.com\/es\/wp-json\/wp\/v2\/pages\/19681\/revisions\/30334"}],"up":[{"embeddable":true,"href":"https:\/\/visitemporda.com\/es\/wp-json\/wp\/v2\/pages\/1069"}],"wp:featuredmedia":[{"embeddable":true,"href":"https:\/\/visitemporda.com\/es\/wp-json\/wp\/v2\/media\/18652"}],"wp:attachment":[{"href":"https:\/\/visitemporda.com\/es\/wp-json\/wp\/v2\/media?parent=19681"}],"curies":[{"name":"wp","href":"https:\/\/api.w.org\/{rel}","templated":true}]}}