

{"id":19671,"date":"2019-12-31T09:12:39","date_gmt":"2019-12-31T08:12:39","guid":{"rendered":"http:\/\/visitemporda.com\/recomendaciones\/mal-tiempo\/el-vent-i-el-mar\/"},"modified":"2021-08-02T10:28:06","modified_gmt":"2021-08-02T08:28:06","slug":"el-viento-y-el-mar","status":"publish","type":"page","link":"https:\/\/visitemporda.com\/es\/recomendaciones\/mal-tiempo\/el-viento-y-el-mar\/","title":{"rendered":"El viento y el mar"},"content":{"rendered":"<p>El viento es un elemento caracter\u00edstico de la comarca, especialmente, la Tramuntana. Este viento del norte suele ser fr\u00edo. A veces es intenso, pero tambi\u00e9n es admirable por su capacidad para llevarse las nubes y limpiar el cielo. Un espect\u00e1culo digno de ver.<\/p>\n<p>El paso de este viento por la comarca modifica la calma habitual del paisaje y muchas veces tambi\u00e9n altera el mar. La direcci\u00f3n de este viento, que aleja de la costa, puede desaconsejar la pr\u00e1ctica de determinadas actividades en el mar.<\/p>\n<p>Sin embargo, en el caso de que sople la Tramuntana y el d\u00eda sea radiante, algunas playas y calas pueden estar m\u00e1s resguardadas y por lo tanto, ser una buena opci\u00f3n para los visitantes para seguir disfrutando del sol y de la playa.<\/p>\n<p>Algunos de los espacios m\u00e1s tranquilos pueden ser: la playa de Sa Conca (Platja d\u2019Aro), playa de Castell (Palam\u00f3s), la playa de Portbo (Calella de Palafrugell), las playas de Llafranc y Tamariu o la playa Fonda o la Cala d\u2019Aiguafreda (Begur).<\/p>\n<p>Por otro lado, el Garb\u00ed es un viento de suroeste, h\u00famedo, muy presente durante las tardes de verano, y muy esperado para los amantes de la vela, sobretodo la vela deportiva.<\/p>\n<p>En caso de Garb\u00ed, algunas playas m\u00e1s tranquilas pueden ser la playa de Ses Torretes (Sant Antoni de Calonge), playa de la Fosca (Palam\u00f3s), la cala del Golfet (Calella de Palafrugell), o la cala de Sa Riera y la playa del Rac\u00f3 (Begur).<\/p>\n<p>Otros vientos menos presentes son el Gregal o el Levante, vientos del noroeste y este que empujan el mar, especialmente durante primavera y oto\u00f1o.<\/p>\n<p>Especialmente duro, es el levante que acostumbra a ir acompa\u00f1ado de lluvia. Ver el impacto de las olas provocadas por un temporal de levante puede ser un espect\u00e1culo, pero hace falta extremar las precauciones y no acercarse al mar. Desde puntos un poco elevados si se puede apreciar esta combinaci\u00f3n de lluvia, viento y mar.<\/p>\n<p>Por eso, en funci\u00f3n del estado del cielo y del viento, har\u00e1 falta fijarse en el comportamiento del mar, a veces muy cambiante y a veces en desacuerdo los unos con los otros. As\u00ed, un d\u00eda soleado visto desde el hotel, puede encontrarse con un d\u00eda con mucha tramuntana y con el mar muy revuelto.<\/p>\n","protected":false},"excerpt":{"rendered":"<p>El viento es un elemento caracter\u00edstico de la comarca, especialmente, la Tramuntana. Este viento del norte suele ser fr\u00edo. A veces es intenso, pero tambi\u00e9n es admirable por su capacidad para llevarse las nubes y limpiar el cielo. Un espect\u00e1culo digno de ver. El paso de este viento por la comarca modifica la calma habitual [&hellip;]<\/p>\n","protected":false},"author":2,"featured_media":13695,"parent":19661,"menu_order":0,"comment_status":"closed","ping_status":"closed","template":"page-templates\/fitxa-campanyes-gastronomiques.php","meta":{"_acf_changed":false,"footnotes":""},"class_list":["post-19671","page","type-page","status-publish","has-post-thumbnail","hentry"],"acf":[],"yoast_head":"<!-- This site is optimized with the Yoast SEO plugin v27.3 - https:\/\/yoast.com\/product\/yoast-seo-wordpress\/ -->\n<title>El viento y el mar - Visit Empord\u00e0<\/title>\n<meta name=\"robots\" content=\"index, follow, max-snippet:-1, max-image-preview:large, max-video-preview:-1\" \/>\n<link rel=\"canonical\" href=\"https:\/\/visitemporda.com\/es\/recomendaciones\/mal-tiempo\/el-viento-y-el-mar\/\" \/>\n<meta property=\"og:locale\" content=\"es_ES\" \/>\n<meta property=\"og:type\" content=\"article\" \/>\n<meta property=\"og:title\" content=\"El viento y el mar - Visit Empord\u00e0\" \/>\n<meta property=\"og:description\" content=\"El viento es un elemento caracter\u00edstico de la comarca, especialmente, la Tramuntana. Este viento del norte suele ser fr\u00edo. A veces es intenso, pero tambi\u00e9n es admirable por su capacidad para llevarse las nubes y limpiar el cielo. Un espect\u00e1culo digno de ver. El paso de este viento por la comarca modifica la calma habitual [&hellip;]\" \/>\n<meta property=\"og:url\" content=\"https:\/\/visitemporda.com\/es\/recomendaciones\/mal-tiempo\/el-viento-y-el-mar\/\" \/>\n<meta property=\"og:site_name\" content=\"Visit Empord\u00e0\" \/>\n<meta property=\"article:publisher\" content=\"https:\/\/www.facebook.com\/baixempordaturisme\" \/>\n<meta property=\"article:modified_time\" content=\"2021-08-02T08:28:06+00:00\" \/>\n<meta property=\"og:image\" content=\"https:\/\/visitemporda.com\/wp-content\/uploads\/2019\/12\/Estartit-punta-del-molinet-3.jpg\" \/>\n\t<meta property=\"og:image:width\" content=\"1920\" \/>\n\t<meta property=\"og:image:height\" content=\"1080\" \/>\n\t<meta property=\"og:image:type\" content=\"image\/jpeg\" \/>\n<meta name=\"twitter:card\" content=\"summary_large_image\" \/>\n<meta name=\"twitter:site\" content=\"@baixemporda_tur\" \/>\n<meta name=\"twitter:label1\" content=\"Tiempo de lectura\" \/>\n\t<meta name=\"twitter:data1\" content=\"2 minutos\" \/>\n<script type=\"application\/ld+json\" class=\"yoast-schema-graph\">{\"@context\":\"https:\\\/\\\/schema.org\",\"@graph\":[{\"@type\":\"WebPage\",\"@id\":\"https:\\\/\\\/visitemporda.com\\\/es\\\/recomendaciones\\\/mal-tiempo\\\/el-viento-y-el-mar\\\/\",\"url\":\"https:\\\/\\\/visitemporda.com\\\/es\\\/recomendaciones\\\/mal-tiempo\\\/el-viento-y-el-mar\\\/\",\"name\":\"El viento y el mar - Visit Empord\u00e0\",\"isPartOf\":{\"@id\":\"https:\\\/\\\/visitemporda.com\\\/es\\\/#website\"},\"primaryImageOfPage\":{\"@id\":\"https:\\\/\\\/visitemporda.com\\\/es\\\/recomendaciones\\\/mal-tiempo\\\/el-viento-y-el-mar\\\/#primaryimage\"},\"image\":{\"@id\":\"https:\\\/\\\/visitemporda.com\\\/es\\\/recomendaciones\\\/mal-tiempo\\\/el-viento-y-el-mar\\\/#primaryimage\"},\"thumbnailUrl\":\"https:\\\/\\\/visitemporda.com\\\/wp-content\\\/uploads\\\/2019\\\/12\\\/Estartit-punta-del-molinet-3.jpg\",\"datePublished\":\"2019-12-31T08:12:39+00:00\",\"dateModified\":\"2021-08-02T08:28:06+00:00\",\"breadcrumb\":{\"@id\":\"https:\\\/\\\/visitemporda.com\\\/es\\\/recomendaciones\\\/mal-tiempo\\\/el-viento-y-el-mar\\\/#breadcrumb\"},\"inLanguage\":\"es\",\"potentialAction\":[{\"@type\":\"ReadAction\",\"target\":[\"https:\\\/\\\/visitemporda.com\\\/es\\\/recomendaciones\\\/mal-tiempo\\\/el-viento-y-el-mar\\\/\"]}]},{\"@type\":\"ImageObject\",\"inLanguage\":\"es\",\"@id\":\"https:\\\/\\\/visitemporda.com\\\/es\\\/recomendaciones\\\/mal-tiempo\\\/el-viento-y-el-mar\\\/#primaryimage\",\"url\":\"https:\\\/\\\/visitemporda.com\\\/wp-content\\\/uploads\\\/2019\\\/12\\\/Estartit-punta-del-molinet-3.jpg\",\"contentUrl\":\"https:\\\/\\\/visitemporda.com\\\/wp-content\\\/uploads\\\/2019\\\/12\\\/Estartit-punta-del-molinet-3.jpg\",\"width\":1920,\"height\":1080,\"caption\":\"Estartit punta del molinet. a l'esquerra al passeig, al final la roca i a la dreta el mar\"},{\"@type\":\"BreadcrumbList\",\"@id\":\"https:\\\/\\\/visitemporda.com\\\/es\\\/recomendaciones\\\/mal-tiempo\\\/el-viento-y-el-mar\\\/#breadcrumb\",\"itemListElement\":[{\"@type\":\"ListItem\",\"position\":1,\"name\":\"Inici\",\"item\":\"https:\\\/\\\/visitemporda.com\\\/es\\\/\"},{\"@type\":\"ListItem\",\"position\":2,\"name\":\"Recomendaciones\",\"item\":\"https:\\\/\\\/visitemporda.com\\\/es\\\/recomendaciones\\\/\"},{\"@type\":\"ListItem\",\"position\":3,\"name\":\"Mal tiempo\",\"item\":\"https:\\\/\\\/visitemporda.com\\\/es\\\/recomendaciones\\\/mal-tiempo\\\/\"},{\"@type\":\"ListItem\",\"position\":4,\"name\":\"El viento y el mar\"}]},{\"@type\":\"WebSite\",\"@id\":\"https:\\\/\\\/visitemporda.com\\\/es\\\/#website\",\"url\":\"https:\\\/\\\/visitemporda.com\\\/es\\\/\",\"name\":\"Visit Empord\u00e0\",\"description\":\"Web tur\u00edstica oficial del Baix Empord\u00e0\",\"publisher\":{\"@id\":\"https:\\\/\\\/visitemporda.com\\\/es\\\/#organization\"},\"potentialAction\":[{\"@type\":\"SearchAction\",\"target\":{\"@type\":\"EntryPoint\",\"urlTemplate\":\"https:\\\/\\\/visitemporda.com\\\/es\\\/?s={search_term_string}\"},\"query-input\":{\"@type\":\"PropertyValueSpecification\",\"valueRequired\":true,\"valueName\":\"search_term_string\"}}],\"inLanguage\":\"es\"},{\"@type\":\"Organization\",\"@id\":\"https:\\\/\\\/visitemporda.com\\\/es\\\/#organization\",\"name\":\"Consell Comarcal del Baix Empord\u00e0\",\"url\":\"https:\\\/\\\/visitemporda.com\\\/es\\\/\",\"logo\":{\"@type\":\"ImageObject\",\"inLanguage\":\"es\",\"@id\":\"https:\\\/\\\/visitemporda.com\\\/es\\\/#\\\/schema\\\/logo\\\/image\\\/\",\"url\":\"https:\\\/\\\/visitemporda.com\\\/wp-content\\\/uploads\\\/2024\\\/11\\\/Logotip_CCBE.png\",\"contentUrl\":\"https:\\\/\\\/visitemporda.com\\\/wp-content\\\/uploads\\\/2024\\\/11\\\/Logotip_CCBE.png\",\"width\":3617,\"height\":3617,\"caption\":\"Consell Comarcal del Baix Empord\u00e0\"},\"image\":{\"@id\":\"https:\\\/\\\/visitemporda.com\\\/es\\\/#\\\/schema\\\/logo\\\/image\\\/\"},\"sameAs\":[\"https:\\\/\\\/www.facebook.com\\\/baixempordaturisme\",\"https:\\\/\\\/x.com\\\/baixemporda_tur\",\"https:\\\/\\\/www.instagram.com\\\/visitemporda\"]}]}<\/script>\n<!-- \/ Yoast SEO plugin. -->","yoast_head_json":{"title":"El viento y el mar - Visit Empord\u00e0","robots":{"index":"index","follow":"follow","max-snippet":"max-snippet:-1","max-image-preview":"max-image-preview:large","max-video-preview":"max-video-preview:-1"},"canonical":"https:\/\/visitemporda.com\/es\/recomendaciones\/mal-tiempo\/el-viento-y-el-mar\/","og_locale":"es_ES","og_type":"article","og_title":"El viento y el mar - Visit Empord\u00e0","og_description":"El viento es un elemento caracter\u00edstico de la comarca, especialmente, la Tramuntana. Este viento del norte suele ser fr\u00edo. A veces es intenso, pero tambi\u00e9n es admirable por su capacidad para llevarse las nubes y limpiar el cielo. Un espect\u00e1culo digno de ver. El paso de este viento por la comarca modifica la calma habitual [&hellip;]","og_url":"https:\/\/visitemporda.com\/es\/recomendaciones\/mal-tiempo\/el-viento-y-el-mar\/","og_site_name":"Visit Empord\u00e0","article_publisher":"https:\/\/www.facebook.com\/baixempordaturisme","article_modified_time":"2021-08-02T08:28:06+00:00","og_image":[{"width":1920,"height":1080,"url":"https:\/\/visitemporda.com\/wp-content\/uploads\/2019\/12\/Estartit-punta-del-molinet-3.jpg","type":"image\/jpeg"}],"twitter_card":"summary_large_image","twitter_site":"@baixemporda_tur","twitter_misc":{"Tiempo de lectura":"2 minutos"},"schema":{"@context":"https:\/\/schema.org","@graph":[{"@type":"WebPage","@id":"https:\/\/visitemporda.com\/es\/recomendaciones\/mal-tiempo\/el-viento-y-el-mar\/","url":"https:\/\/visitemporda.com\/es\/recomendaciones\/mal-tiempo\/el-viento-y-el-mar\/","name":"El viento y el mar - Visit Empord\u00e0","isPartOf":{"@id":"https:\/\/visitemporda.com\/es\/#website"},"primaryImageOfPage":{"@id":"https:\/\/visitemporda.com\/es\/recomendaciones\/mal-tiempo\/el-viento-y-el-mar\/#primaryimage"},"image":{"@id":"https:\/\/visitemporda.com\/es\/recomendaciones\/mal-tiempo\/el-viento-y-el-mar\/#primaryimage"},"thumbnailUrl":"https:\/\/visitemporda.com\/wp-content\/uploads\/2019\/12\/Estartit-punta-del-molinet-3.jpg","datePublished":"2019-12-31T08:12:39+00:00","dateModified":"2021-08-02T08:28:06+00:00","breadcrumb":{"@id":"https:\/\/visitemporda.com\/es\/recomendaciones\/mal-tiempo\/el-viento-y-el-mar\/#breadcrumb"},"inLanguage":"es","potentialAction":[{"@type":"ReadAction","target":["https:\/\/visitemporda.com\/es\/recomendaciones\/mal-tiempo\/el-viento-y-el-mar\/"]}]},{"@type":"ImageObject","inLanguage":"es","@id":"https:\/\/visitemporda.com\/es\/recomendaciones\/mal-tiempo\/el-viento-y-el-mar\/#primaryimage","url":"https:\/\/visitemporda.com\/wp-content\/uploads\/2019\/12\/Estartit-punta-del-molinet-3.jpg","contentUrl":"https:\/\/visitemporda.com\/wp-content\/uploads\/2019\/12\/Estartit-punta-del-molinet-3.jpg","width":1920,"height":1080,"caption":"Estartit punta del molinet. a l'esquerra al passeig, al final la roca i a la dreta el mar"},{"@type":"BreadcrumbList","@id":"https:\/\/visitemporda.com\/es\/recomendaciones\/mal-tiempo\/el-viento-y-el-mar\/#breadcrumb","itemListElement":[{"@type":"ListItem","position":1,"name":"Inici","item":"https:\/\/visitemporda.com\/es\/"},{"@type":"ListItem","position":2,"name":"Recomendaciones","item":"https:\/\/visitemporda.com\/es\/recomendaciones\/"},{"@type":"ListItem","position":3,"name":"Mal tiempo","item":"https:\/\/visitemporda.com\/es\/recomendaciones\/mal-tiempo\/"},{"@type":"ListItem","position":4,"name":"El viento y el mar"}]},{"@type":"WebSite","@id":"https:\/\/visitemporda.com\/es\/#website","url":"https:\/\/visitemporda.com\/es\/","name":"Visit Empord\u00e0","description":"Web tur\u00edstica oficial del Baix Empord\u00e0","publisher":{"@id":"https:\/\/visitemporda.com\/es\/#organization"},"potentialAction":[{"@type":"SearchAction","target":{"@type":"EntryPoint","urlTemplate":"https:\/\/visitemporda.com\/es\/?s={search_term_string}"},"query-input":{"@type":"PropertyValueSpecification","valueRequired":true,"valueName":"search_term_string"}}],"inLanguage":"es"},{"@type":"Organization","@id":"https:\/\/visitemporda.com\/es\/#organization","name":"Consell Comarcal del Baix Empord\u00e0","url":"https:\/\/visitemporda.com\/es\/","logo":{"@type":"ImageObject","inLanguage":"es","@id":"https:\/\/visitemporda.com\/es\/#\/schema\/logo\/image\/","url":"https:\/\/visitemporda.com\/wp-content\/uploads\/2024\/11\/Logotip_CCBE.png","contentUrl":"https:\/\/visitemporda.com\/wp-content\/uploads\/2024\/11\/Logotip_CCBE.png","width":3617,"height":3617,"caption":"Consell Comarcal del Baix Empord\u00e0"},"image":{"@id":"https:\/\/visitemporda.com\/es\/#\/schema\/logo\/image\/"},"sameAs":["https:\/\/www.facebook.com\/baixempordaturisme","https:\/\/x.com\/baixemporda_tur","https:\/\/www.instagram.com\/visitemporda"]}]}},"_links":{"self":[{"href":"https:\/\/visitemporda.com\/es\/wp-json\/wp\/v2\/pages\/19671","targetHints":{"allow":["GET"]}}],"collection":[{"href":"https:\/\/visitemporda.com\/es\/wp-json\/wp\/v2\/pages"}],"about":[{"href":"https:\/\/visitemporda.com\/es\/wp-json\/wp\/v2\/types\/page"}],"author":[{"embeddable":true,"href":"https:\/\/visitemporda.com\/es\/wp-json\/wp\/v2\/users\/2"}],"replies":[{"embeddable":true,"href":"https:\/\/visitemporda.com\/es\/wp-json\/wp\/v2\/comments?post=19671"}],"version-history":[{"count":3,"href":"https:\/\/visitemporda.com\/es\/wp-json\/wp\/v2\/pages\/19671\/revisions"}],"predecessor-version":[{"id":34931,"href":"https:\/\/visitemporda.com\/es\/wp-json\/wp\/v2\/pages\/19671\/revisions\/34931"}],"up":[{"embeddable":true,"href":"https:\/\/visitemporda.com\/es\/wp-json\/wp\/v2\/pages\/19661"}],"wp:featuredmedia":[{"embeddable":true,"href":"https:\/\/visitemporda.com\/es\/wp-json\/wp\/v2\/media\/13695"}],"wp:attachment":[{"href":"https:\/\/visitemporda.com\/es\/wp-json\/wp\/v2\/media?parent=19671"}],"curies":[{"name":"wp","href":"https:\/\/api.w.org\/{rel}","templated":true}]}}