

{"id":19665,"date":"2019-12-31T09:10:01","date_gmt":"2019-12-31T08:10:01","guid":{"rendered":"http:\/\/visitemporda.com\/recomendaciones\/mal-tiempo\/nuvols\/"},"modified":"2021-08-02T10:24:05","modified_gmt":"2021-08-02T08:24:05","slug":"nubes","status":"publish","type":"page","link":"https:\/\/visitemporda.com\/es\/recomendaciones\/mal-tiempo\/nubes\/","title":{"rendered":"Nubes"},"content":{"rendered":"<p>Pese a que el Baix Empord\u00e0 es una comarca donde el sol se encuentra presente todo el a\u00f1o, encontrarse un d\u00eda nublado no es un problema. En momentos de mucho calor, puede ser un peque\u00f1o respiro y una muy buena oportunidad para realizar alguna actividad de turismo activo de corta duraci\u00f3n. Y en el mar, se puede encontrar la calma, ofreciendo posibilidades para practicar alguna actividad acu\u00e1tica.<\/p>\n<p>Sin embargo, un d\u00eda nublado puede ser una oportunidad para:<\/p>\n<p>&#8211; Visitar equipamientos culturales como museos, monasterios, castillos o iglesias. Algunos de estos puntos tienen un horario regular de apertura. En otros casos es mejor pedir por los horarios de visita.<\/p>\n<p>&#8211; Recorrer los pueblos del interior siguiendo las carreteras locales. Diferentes rutas en coche les permitir\u00e1n descubrir itinerarios de la comarca. Sin parar, pero sin perderse ning\u00fan detalle.<\/p>\n<p>&#8211; Vivir experiencias de la mano de empresas locales. Participar en talleres de cer\u00e1mica, visitar un molino de arroz o ver un campo de manzanos son algunas de las experiencias que pueden disfrutar c\u00f3modamente incluso al aire libre.<\/p>\n<p>&#8211; Comprar producto local. Hay muchos establecimientos de la comarca que ofrecen muchos productos locales, elaborados de forma artesanal y tradicional de L\u2019Empord\u00e0. Descubrirlos os mantendr\u00e1 entretenidos y os sorprender\u00e1 el trato que les dispensar\u00e1n sus propietarios.<\/p>\n<p>&#8211; Disfrutar de la gastronom\u00eda local. Equipamientos como el Aula gastron\u00f3mica o el Espai del peix ofrecen muchas actividades. Entablarse en uno de los restaurantes y disfrutar del placer gastron\u00f3mico se les pasar\u00e1n las horas volando, pero valdr\u00e1 la pena.<\/p>\n<p>&#8211; Compartir un caf\u00e9 con vistas. La situaci\u00f3n privilegiada que tienen muchos caf\u00e9s y restaurantes les permitir\u00e1n contemplar el paisaje, con la mirada repuesta y con una fuerte sensaci\u00f3n de acogida y de sentirse como en casa.<\/p>\n","protected":false},"excerpt":{"rendered":"<p>Pese a que el Baix Empord\u00e0 es una comarca donde el sol se encuentra presente todo el a\u00f1o, encontrarse un d\u00eda nublado no es un problema. En momentos de mucho calor, puede ser un peque\u00f1o respiro y una muy buena oportunidad para realizar alguna actividad de turismo activo de corta duraci\u00f3n. Y en el mar, [&hellip;]<\/p>\n","protected":false},"author":2,"featured_media":13687,"parent":19661,"menu_order":0,"comment_status":"closed","ping_status":"closed","template":"page-templates\/fitxa-campanyes-gastronomiques.php","meta":{"_acf_changed":false,"footnotes":""},"class_list":["post-19665","page","type-page","status-publish","has-post-thumbnail","hentry"],"acf":[],"yoast_head":"<!-- This site is optimized with the Yoast SEO plugin v27.4 - https:\/\/yoast.com\/product\/yoast-seo-wordpress\/ -->\n<title>Nubes - Visit Empord\u00e0<\/title>\n<meta name=\"robots\" content=\"index, follow, max-snippet:-1, max-image-preview:large, max-video-preview:-1\" \/>\n<link rel=\"canonical\" href=\"https:\/\/visitemporda.com\/es\/recomendaciones\/mal-tiempo\/nubes\/\" \/>\n<meta property=\"og:locale\" content=\"es_ES\" \/>\n<meta property=\"og:type\" content=\"article\" \/>\n<meta property=\"og:title\" content=\"Nubes - Visit Empord\u00e0\" \/>\n<meta property=\"og:description\" content=\"Pese a que el Baix Empord\u00e0 es una comarca donde el sol se encuentra presente todo el a\u00f1o, encontrarse un d\u00eda nublado no es un problema. En momentos de mucho calor, puede ser un peque\u00f1o respiro y una muy buena oportunidad para realizar alguna actividad de turismo activo de corta duraci\u00f3n. Y en el mar, [&hellip;]\" \/>\n<meta property=\"og:url\" content=\"https:\/\/visitemporda.com\/es\/recomendaciones\/mal-tiempo\/nubes\/\" \/>\n<meta property=\"og:site_name\" content=\"Visit Empord\u00e0\" \/>\n<meta property=\"article:publisher\" content=\"https:\/\/www.facebook.com\/baixempordaturisme\" \/>\n<meta property=\"article:modified_time\" content=\"2021-08-02T08:24:05+00:00\" \/>\n<meta property=\"og:image\" content=\"https:\/\/visitemporda.com\/wp-content\/uploads\/2019\/12\/IMG_9030-1024x768.jpg\" \/>\n\t<meta property=\"og:image:width\" content=\"1024\" \/>\n\t<meta property=\"og:image:height\" content=\"768\" \/>\n\t<meta property=\"og:image:type\" content=\"image\/jpeg\" \/>\n<meta name=\"twitter:card\" content=\"summary_large_image\" \/>\n<meta name=\"twitter:site\" content=\"@baixemporda_tur\" \/>\n<meta name=\"twitter:label1\" content=\"Tiempo de lectura\" \/>\n\t<meta name=\"twitter:data1\" content=\"2 minutos\" \/>\n<script type=\"application\/ld+json\" class=\"yoast-schema-graph\">{\"@context\":\"https:\\\/\\\/schema.org\",\"@graph\":[{\"@type\":\"WebPage\",\"@id\":\"https:\\\/\\\/visitemporda.com\\\/es\\\/recomendaciones\\\/mal-tiempo\\\/nubes\\\/\",\"url\":\"https:\\\/\\\/visitemporda.com\\\/es\\\/recomendaciones\\\/mal-tiempo\\\/nubes\\\/\",\"name\":\"Nubes - Visit Empord\u00e0\",\"isPartOf\":{\"@id\":\"https:\\\/\\\/visitemporda.com\\\/es\\\/#website\"},\"primaryImageOfPage\":{\"@id\":\"https:\\\/\\\/visitemporda.com\\\/es\\\/recomendaciones\\\/mal-tiempo\\\/nubes\\\/#primaryimage\"},\"image\":{\"@id\":\"https:\\\/\\\/visitemporda.com\\\/es\\\/recomendaciones\\\/mal-tiempo\\\/nubes\\\/#primaryimage\"},\"thumbnailUrl\":\"https:\\\/\\\/visitemporda.com\\\/wp-content\\\/uploads\\\/2019\\\/12\\\/IMG_9030.jpg\",\"datePublished\":\"2019-12-31T08:10:01+00:00\",\"dateModified\":\"2021-08-02T08:24:05+00:00\",\"breadcrumb\":{\"@id\":\"https:\\\/\\\/visitemporda.com\\\/es\\\/recomendaciones\\\/mal-tiempo\\\/nubes\\\/#breadcrumb\"},\"inLanguage\":\"es\",\"potentialAction\":[{\"@type\":\"ReadAction\",\"target\":[\"https:\\\/\\\/visitemporda.com\\\/es\\\/recomendaciones\\\/mal-tiempo\\\/nubes\\\/\"]}]},{\"@type\":\"ImageObject\",\"inLanguage\":\"es\",\"@id\":\"https:\\\/\\\/visitemporda.com\\\/es\\\/recomendaciones\\\/mal-tiempo\\\/nubes\\\/#primaryimage\",\"url\":\"https:\\\/\\\/visitemporda.com\\\/wp-content\\\/uploads\\\/2019\\\/12\\\/IMG_9030.jpg\",\"contentUrl\":\"https:\\\/\\\/visitemporda.com\\\/wp-content\\\/uploads\\\/2019\\\/12\\\/IMG_9030.jpg\",\"width\":3264,\"height\":2448,\"caption\":\"poblat ib\u00e8ric d'Ullastret\"},{\"@type\":\"BreadcrumbList\",\"@id\":\"https:\\\/\\\/visitemporda.com\\\/es\\\/recomendaciones\\\/mal-tiempo\\\/nubes\\\/#breadcrumb\",\"itemListElement\":[{\"@type\":\"ListItem\",\"position\":1,\"name\":\"Inici\",\"item\":\"https:\\\/\\\/visitemporda.com\\\/es\\\/\"},{\"@type\":\"ListItem\",\"position\":2,\"name\":\"Recomendaciones\",\"item\":\"https:\\\/\\\/visitemporda.com\\\/es\\\/recomendaciones\\\/\"},{\"@type\":\"ListItem\",\"position\":3,\"name\":\"Mal tiempo\",\"item\":\"https:\\\/\\\/visitemporda.com\\\/es\\\/recomendaciones\\\/mal-tiempo\\\/\"},{\"@type\":\"ListItem\",\"position\":4,\"name\":\"Nubes\"}]},{\"@type\":\"WebSite\",\"@id\":\"https:\\\/\\\/visitemporda.com\\\/es\\\/#website\",\"url\":\"https:\\\/\\\/visitemporda.com\\\/es\\\/\",\"name\":\"Visit Empord\u00e0\",\"description\":\"Web tur\u00edstica oficial del Baix Empord\u00e0\",\"publisher\":{\"@id\":\"https:\\\/\\\/visitemporda.com\\\/es\\\/#organization\"},\"potentialAction\":[{\"@type\":\"SearchAction\",\"target\":{\"@type\":\"EntryPoint\",\"urlTemplate\":\"https:\\\/\\\/visitemporda.com\\\/es\\\/?s={search_term_string}\"},\"query-input\":{\"@type\":\"PropertyValueSpecification\",\"valueRequired\":true,\"valueName\":\"search_term_string\"}}],\"inLanguage\":\"es\"},{\"@type\":\"Organization\",\"@id\":\"https:\\\/\\\/visitemporda.com\\\/es\\\/#organization\",\"name\":\"Consell Comarcal del Baix Empord\u00e0\",\"url\":\"https:\\\/\\\/visitemporda.com\\\/es\\\/\",\"logo\":{\"@type\":\"ImageObject\",\"inLanguage\":\"es\",\"@id\":\"https:\\\/\\\/visitemporda.com\\\/es\\\/#\\\/schema\\\/logo\\\/image\\\/\",\"url\":\"https:\\\/\\\/visitemporda.com\\\/wp-content\\\/uploads\\\/2024\\\/11\\\/Logotip_CCBE.png\",\"contentUrl\":\"https:\\\/\\\/visitemporda.com\\\/wp-content\\\/uploads\\\/2024\\\/11\\\/Logotip_CCBE.png\",\"width\":3617,\"height\":3617,\"caption\":\"Consell Comarcal del Baix Empord\u00e0\"},\"image\":{\"@id\":\"https:\\\/\\\/visitemporda.com\\\/es\\\/#\\\/schema\\\/logo\\\/image\\\/\"},\"sameAs\":[\"https:\\\/\\\/www.facebook.com\\\/baixempordaturisme\",\"https:\\\/\\\/x.com\\\/baixemporda_tur\",\"https:\\\/\\\/www.instagram.com\\\/visitemporda\"]}]}<\/script>\n<!-- \/ Yoast SEO plugin. -->","yoast_head_json":{"title":"Nubes - Visit Empord\u00e0","robots":{"index":"index","follow":"follow","max-snippet":"max-snippet:-1","max-image-preview":"max-image-preview:large","max-video-preview":"max-video-preview:-1"},"canonical":"https:\/\/visitemporda.com\/es\/recomendaciones\/mal-tiempo\/nubes\/","og_locale":"es_ES","og_type":"article","og_title":"Nubes - Visit Empord\u00e0","og_description":"Pese a que el Baix Empord\u00e0 es una comarca donde el sol se encuentra presente todo el a\u00f1o, encontrarse un d\u00eda nublado no es un problema. En momentos de mucho calor, puede ser un peque\u00f1o respiro y una muy buena oportunidad para realizar alguna actividad de turismo activo de corta duraci\u00f3n. Y en el mar, [&hellip;]","og_url":"https:\/\/visitemporda.com\/es\/recomendaciones\/mal-tiempo\/nubes\/","og_site_name":"Visit Empord\u00e0","article_publisher":"https:\/\/www.facebook.com\/baixempordaturisme","article_modified_time":"2021-08-02T08:24:05+00:00","og_image":[{"width":1024,"height":768,"url":"https:\/\/visitemporda.com\/wp-content\/uploads\/2019\/12\/IMG_9030-1024x768.jpg","type":"image\/jpeg"}],"twitter_card":"summary_large_image","twitter_site":"@baixemporda_tur","twitter_misc":{"Tiempo de lectura":"2 minutos"},"schema":{"@context":"https:\/\/schema.org","@graph":[{"@type":"WebPage","@id":"https:\/\/visitemporda.com\/es\/recomendaciones\/mal-tiempo\/nubes\/","url":"https:\/\/visitemporda.com\/es\/recomendaciones\/mal-tiempo\/nubes\/","name":"Nubes - Visit Empord\u00e0","isPartOf":{"@id":"https:\/\/visitemporda.com\/es\/#website"},"primaryImageOfPage":{"@id":"https:\/\/visitemporda.com\/es\/recomendaciones\/mal-tiempo\/nubes\/#primaryimage"},"image":{"@id":"https:\/\/visitemporda.com\/es\/recomendaciones\/mal-tiempo\/nubes\/#primaryimage"},"thumbnailUrl":"https:\/\/visitemporda.com\/wp-content\/uploads\/2019\/12\/IMG_9030.jpg","datePublished":"2019-12-31T08:10:01+00:00","dateModified":"2021-08-02T08:24:05+00:00","breadcrumb":{"@id":"https:\/\/visitemporda.com\/es\/recomendaciones\/mal-tiempo\/nubes\/#breadcrumb"},"inLanguage":"es","potentialAction":[{"@type":"ReadAction","target":["https:\/\/visitemporda.com\/es\/recomendaciones\/mal-tiempo\/nubes\/"]}]},{"@type":"ImageObject","inLanguage":"es","@id":"https:\/\/visitemporda.com\/es\/recomendaciones\/mal-tiempo\/nubes\/#primaryimage","url":"https:\/\/visitemporda.com\/wp-content\/uploads\/2019\/12\/IMG_9030.jpg","contentUrl":"https:\/\/visitemporda.com\/wp-content\/uploads\/2019\/12\/IMG_9030.jpg","width":3264,"height":2448,"caption":"poblat ib\u00e8ric d'Ullastret"},{"@type":"BreadcrumbList","@id":"https:\/\/visitemporda.com\/es\/recomendaciones\/mal-tiempo\/nubes\/#breadcrumb","itemListElement":[{"@type":"ListItem","position":1,"name":"Inici","item":"https:\/\/visitemporda.com\/es\/"},{"@type":"ListItem","position":2,"name":"Recomendaciones","item":"https:\/\/visitemporda.com\/es\/recomendaciones\/"},{"@type":"ListItem","position":3,"name":"Mal tiempo","item":"https:\/\/visitemporda.com\/es\/recomendaciones\/mal-tiempo\/"},{"@type":"ListItem","position":4,"name":"Nubes"}]},{"@type":"WebSite","@id":"https:\/\/visitemporda.com\/es\/#website","url":"https:\/\/visitemporda.com\/es\/","name":"Visit Empord\u00e0","description":"Web tur\u00edstica oficial del Baix Empord\u00e0","publisher":{"@id":"https:\/\/visitemporda.com\/es\/#organization"},"potentialAction":[{"@type":"SearchAction","target":{"@type":"EntryPoint","urlTemplate":"https:\/\/visitemporda.com\/es\/?s={search_term_string}"},"query-input":{"@type":"PropertyValueSpecification","valueRequired":true,"valueName":"search_term_string"}}],"inLanguage":"es"},{"@type":"Organization","@id":"https:\/\/visitemporda.com\/es\/#organization","name":"Consell Comarcal del Baix Empord\u00e0","url":"https:\/\/visitemporda.com\/es\/","logo":{"@type":"ImageObject","inLanguage":"es","@id":"https:\/\/visitemporda.com\/es\/#\/schema\/logo\/image\/","url":"https:\/\/visitemporda.com\/wp-content\/uploads\/2024\/11\/Logotip_CCBE.png","contentUrl":"https:\/\/visitemporda.com\/wp-content\/uploads\/2024\/11\/Logotip_CCBE.png","width":3617,"height":3617,"caption":"Consell Comarcal del Baix Empord\u00e0"},"image":{"@id":"https:\/\/visitemporda.com\/es\/#\/schema\/logo\/image\/"},"sameAs":["https:\/\/www.facebook.com\/baixempordaturisme","https:\/\/x.com\/baixemporda_tur","https:\/\/www.instagram.com\/visitemporda"]}]}},"_links":{"self":[{"href":"https:\/\/visitemporda.com\/es\/wp-json\/wp\/v2\/pages\/19665","targetHints":{"allow":["GET"]}}],"collection":[{"href":"https:\/\/visitemporda.com\/es\/wp-json\/wp\/v2\/pages"}],"about":[{"href":"https:\/\/visitemporda.com\/es\/wp-json\/wp\/v2\/types\/page"}],"author":[{"embeddable":true,"href":"https:\/\/visitemporda.com\/es\/wp-json\/wp\/v2\/users\/2"}],"replies":[{"embeddable":true,"href":"https:\/\/visitemporda.com\/es\/wp-json\/wp\/v2\/comments?post=19665"}],"version-history":[{"count":3,"href":"https:\/\/visitemporda.com\/es\/wp-json\/wp\/v2\/pages\/19665\/revisions"}],"predecessor-version":[{"id":34929,"href":"https:\/\/visitemporda.com\/es\/wp-json\/wp\/v2\/pages\/19665\/revisions\/34929"}],"up":[{"embeddable":true,"href":"https:\/\/visitemporda.com\/es\/wp-json\/wp\/v2\/pages\/19661"}],"wp:featuredmedia":[{"embeddable":true,"href":"https:\/\/visitemporda.com\/es\/wp-json\/wp\/v2\/media\/13687"}],"wp:attachment":[{"href":"https:\/\/visitemporda.com\/es\/wp-json\/wp\/v2\/media?parent=19665"}],"curies":[{"name":"wp","href":"https:\/\/api.w.org\/{rel}","templated":true}]}}