

{"id":19655,"date":"2019-12-31T08:50:32","date_gmt":"2019-12-31T07:50:32","guid":{"rendered":"http:\/\/visitemporda.com\/emporda\/paisatges-unics\/"},"modified":"2020-09-08T16:19:21","modified_gmt":"2020-09-08T14:19:21","slug":"paisajes-unicos","status":"publish","type":"page","link":"https:\/\/visitemporda.com\/es\/emporda\/paisajes-unicos\/","title":{"rendered":"Paisajes \u00fanicos"},"content":{"rendered":"<p>El Baix Empord\u00e0 no podr\u00eda resumirse en una \u00fanica imagen. Los territorios comprendidos entre el Montgr\u00ed, las Gavarres, la Ardenya-Cadiretes y el Mediterr\u00e1neo conforman un rompecabezas tan diverso como arm\u00f3nico. Modeladas por el tiempo, el clima y la actividad humana, las m\u00faltiples facetas del paisaje invitan a una visita atenta: desde las lisas llanuras de cultivo a las escarpadas aristas del litoral, cada rinc\u00f3n transmite el car\u00e1cter de la comarca.<\/p>\n<p>La riqueza paisaj\u00edstica constituye un valor fundamental para el Baix Empord\u00e0. Y muchos de los paisajes bajo-ampurdaneses son hoy espacios naturales protegidos, entre los que destacan el parque natural del Montgr\u00ed, las Islas medes y el Baix Ter u otros espacios como los macizos de las Gavarres y la Ardenya \u2013 Cadiretes, las Monta\u00f1as de Begur, Castell \u2013 Cap Roig, la Isla de Canet y las Riberas del Baix Ter. Este conjunto de parajes naturales otorga en el Baix Empord\u00e0 una fisionom\u00eda que lo hace \u00fanico.<\/p>\n<p>La tramontana es el viento m\u00e1s emblem\u00e1tico de L\u2019Empord\u00e0. Mientras que en el Alt Empord\u00e0 predomina claramente, en el Baix Empord\u00e0 compite con el \u201cgarb\u00ed\u201d, el viento del sur. La coincidencia de estos elementos meteorol\u00f3gicos crea un peque\u00f1o clima propio, que es uno de los responsables del relevo, la flora y la fauna de la comarca. La incidencia de estos vientos fue descrita por Josep Pla, el observador m\u00e1s atento de la comarca.<\/p>\n<p><em>Las tramontanas fuertes pueden traer lluvias, y a veces abundantes. Pero llega un momento en que el bar\u00f3metro empieza a bajar. Enseguida se ve, al sur, un nublado blanco y aparece el viento de garb\u00ed entablado. Y empieza el predominio inverso, hasta que el bar\u00f3metro vuelve a estar al alza y se produce el dominio contrario. Y as\u00ed estamo, hace miles y miles de a\u00f1os, y lo que durar\u00e1.<\/em><\/p>\n<p><em>\u00a0<\/em>Josep Pla, <em>Notes del capvesprol.<\/em><\/p>\n","protected":false},"excerpt":{"rendered":"<p>El Baix Empord\u00e0 no podr\u00eda resumirse en una \u00fanica imagen. Los territorios comprendidos entre el Montgr\u00ed, las Gavarres, la Ardenya-Cadiretes y el Mediterr\u00e1neo conforman un rompecabezas tan diverso como arm\u00f3nico. Modeladas por el tiempo, el clima y la actividad humana, las m\u00faltiples facetas del paisaje invitan a una visita atenta: desde las lisas llanuras de [&hellip;]<\/p>\n","protected":false},"author":2,"featured_media":13722,"parent":19647,"menu_order":0,"comment_status":"closed","ping_status":"closed","template":"page-templates\/vivencies.php","meta":{"_acf_changed":false,"footnotes":""},"class_list":["post-19655","page","type-page","status-publish","has-post-thumbnail","hentry"],"acf":[],"yoast_head":"<!-- This site is optimized with the Yoast SEO plugin v27.4 - https:\/\/yoast.com\/product\/yoast-seo-wordpress\/ -->\n<title>Paisajes \u00fanicos - Visit Empord\u00e0<\/title>\n<meta name=\"robots\" content=\"index, follow, max-snippet:-1, max-image-preview:large, max-video-preview:-1\" \/>\n<link rel=\"canonical\" href=\"https:\/\/visitemporda.com\/es\/emporda\/paisajes-unicos\/\" \/>\n<meta property=\"og:locale\" content=\"es_ES\" \/>\n<meta property=\"og:type\" content=\"article\" \/>\n<meta property=\"og:title\" content=\"Paisajes \u00fanicos - Visit Empord\u00e0\" \/>\n<meta property=\"og:description\" content=\"El Baix Empord\u00e0 no podr\u00eda resumirse en una \u00fanica imagen. Los territorios comprendidos entre el Montgr\u00ed, las Gavarres, la Ardenya-Cadiretes y el Mediterr\u00e1neo conforman un rompecabezas tan diverso como arm\u00f3nico. Modeladas por el tiempo, el clima y la actividad humana, las m\u00faltiples facetas del paisaje invitan a una visita atenta: desde las lisas llanuras de [&hellip;]\" \/>\n<meta property=\"og:url\" content=\"https:\/\/visitemporda.com\/es\/emporda\/paisajes-unicos\/\" \/>\n<meta property=\"og:site_name\" content=\"Visit Empord\u00e0\" \/>\n<meta property=\"article:publisher\" content=\"https:\/\/www.facebook.com\/baixempordaturisme\" \/>\n<meta property=\"article:modified_time\" content=\"2020-09-08T14:19:21+00:00\" \/>\n<meta property=\"og:image\" content=\"https:\/\/visitemporda.com\/wp-content\/uploads\/2019\/12\/paisatges-unics.jpg\" \/>\n\t<meta property=\"og:image:width\" content=\"1299\" \/>\n\t<meta property=\"og:image:height\" content=\"866\" \/>\n\t<meta property=\"og:image:type\" content=\"image\/jpeg\" \/>\n<meta name=\"twitter:card\" content=\"summary_large_image\" \/>\n<meta name=\"twitter:site\" content=\"@baixemporda_tur\" \/>\n<meta name=\"twitter:label1\" content=\"Tiempo de lectura\" \/>\n\t<meta name=\"twitter:data1\" content=\"2 minutos\" \/>\n<script type=\"application\/ld+json\" class=\"yoast-schema-graph\">{\"@context\":\"https:\\\/\\\/schema.org\",\"@graph\":[{\"@type\":\"WebPage\",\"@id\":\"https:\\\/\\\/visitemporda.com\\\/es\\\/emporda\\\/paisajes-unicos\\\/\",\"url\":\"https:\\\/\\\/visitemporda.com\\\/es\\\/emporda\\\/paisajes-unicos\\\/\",\"name\":\"Paisajes \u00fanicos - Visit Empord\u00e0\",\"isPartOf\":{\"@id\":\"https:\\\/\\\/visitemporda.com\\\/es\\\/#website\"},\"primaryImageOfPage\":{\"@id\":\"https:\\\/\\\/visitemporda.com\\\/es\\\/emporda\\\/paisajes-unicos\\\/#primaryimage\"},\"image\":{\"@id\":\"https:\\\/\\\/visitemporda.com\\\/es\\\/emporda\\\/paisajes-unicos\\\/#primaryimage\"},\"thumbnailUrl\":\"https:\\\/\\\/visitemporda.com\\\/wp-content\\\/uploads\\\/2019\\\/12\\\/paisatges-unics.jpg\",\"datePublished\":\"2019-12-31T07:50:32+00:00\",\"dateModified\":\"2020-09-08T14:19:21+00:00\",\"breadcrumb\":{\"@id\":\"https:\\\/\\\/visitemporda.com\\\/es\\\/emporda\\\/paisajes-unicos\\\/#breadcrumb\"},\"inLanguage\":\"es\",\"potentialAction\":[{\"@type\":\"ReadAction\",\"target\":[\"https:\\\/\\\/visitemporda.com\\\/es\\\/emporda\\\/paisajes-unicos\\\/\"]}]},{\"@type\":\"ImageObject\",\"inLanguage\":\"es\",\"@id\":\"https:\\\/\\\/visitemporda.com\\\/es\\\/emporda\\\/paisajes-unicos\\\/#primaryimage\",\"url\":\"https:\\\/\\\/visitemporda.com\\\/wp-content\\\/uploads\\\/2019\\\/12\\\/paisatges-unics.jpg\",\"contentUrl\":\"https:\\\/\\\/visitemporda.com\\\/wp-content\\\/uploads\\\/2019\\\/12\\\/paisatges-unics.jpg\",\"width\":1299,\"height\":866,\"caption\":\"vista des del bosc del Montgr\u00ed\"},{\"@type\":\"BreadcrumbList\",\"@id\":\"https:\\\/\\\/visitemporda.com\\\/es\\\/emporda\\\/paisajes-unicos\\\/#breadcrumb\",\"itemListElement\":[{\"@type\":\"ListItem\",\"position\":1,\"name\":\"Inici\",\"item\":\"https:\\\/\\\/visitemporda.com\\\/es\\\/\"},{\"@type\":\"ListItem\",\"position\":2,\"name\":\"L&#8217;Empord\u00e0\",\"item\":\"https:\\\/\\\/visitemporda.com\\\/es\\\/emporda\\\/\"},{\"@type\":\"ListItem\",\"position\":3,\"name\":\"Paisajes \u00fanicos\"}]},{\"@type\":\"WebSite\",\"@id\":\"https:\\\/\\\/visitemporda.com\\\/es\\\/#website\",\"url\":\"https:\\\/\\\/visitemporda.com\\\/es\\\/\",\"name\":\"Visit Empord\u00e0\",\"description\":\"Web tur\u00edstica oficial del Baix Empord\u00e0\",\"publisher\":{\"@id\":\"https:\\\/\\\/visitemporda.com\\\/es\\\/#organization\"},\"potentialAction\":[{\"@type\":\"SearchAction\",\"target\":{\"@type\":\"EntryPoint\",\"urlTemplate\":\"https:\\\/\\\/visitemporda.com\\\/es\\\/?s={search_term_string}\"},\"query-input\":{\"@type\":\"PropertyValueSpecification\",\"valueRequired\":true,\"valueName\":\"search_term_string\"}}],\"inLanguage\":\"es\"},{\"@type\":\"Organization\",\"@id\":\"https:\\\/\\\/visitemporda.com\\\/es\\\/#organization\",\"name\":\"Consell Comarcal del Baix Empord\u00e0\",\"url\":\"https:\\\/\\\/visitemporda.com\\\/es\\\/\",\"logo\":{\"@type\":\"ImageObject\",\"inLanguage\":\"es\",\"@id\":\"https:\\\/\\\/visitemporda.com\\\/es\\\/#\\\/schema\\\/logo\\\/image\\\/\",\"url\":\"https:\\\/\\\/visitemporda.com\\\/wp-content\\\/uploads\\\/2024\\\/11\\\/Logotip_CCBE.png\",\"contentUrl\":\"https:\\\/\\\/visitemporda.com\\\/wp-content\\\/uploads\\\/2024\\\/11\\\/Logotip_CCBE.png\",\"width\":3617,\"height\":3617,\"caption\":\"Consell Comarcal del Baix Empord\u00e0\"},\"image\":{\"@id\":\"https:\\\/\\\/visitemporda.com\\\/es\\\/#\\\/schema\\\/logo\\\/image\\\/\"},\"sameAs\":[\"https:\\\/\\\/www.facebook.com\\\/baixempordaturisme\",\"https:\\\/\\\/x.com\\\/baixemporda_tur\",\"https:\\\/\\\/www.instagram.com\\\/visitemporda\"]}]}<\/script>\n<!-- \/ Yoast SEO plugin. -->","yoast_head_json":{"title":"Paisajes \u00fanicos - Visit Empord\u00e0","robots":{"index":"index","follow":"follow","max-snippet":"max-snippet:-1","max-image-preview":"max-image-preview:large","max-video-preview":"max-video-preview:-1"},"canonical":"https:\/\/visitemporda.com\/es\/emporda\/paisajes-unicos\/","og_locale":"es_ES","og_type":"article","og_title":"Paisajes \u00fanicos - Visit Empord\u00e0","og_description":"El Baix Empord\u00e0 no podr\u00eda resumirse en una \u00fanica imagen. Los territorios comprendidos entre el Montgr\u00ed, las Gavarres, la Ardenya-Cadiretes y el Mediterr\u00e1neo conforman un rompecabezas tan diverso como arm\u00f3nico. Modeladas por el tiempo, el clima y la actividad humana, las m\u00faltiples facetas del paisaje invitan a una visita atenta: desde las lisas llanuras de [&hellip;]","og_url":"https:\/\/visitemporda.com\/es\/emporda\/paisajes-unicos\/","og_site_name":"Visit Empord\u00e0","article_publisher":"https:\/\/www.facebook.com\/baixempordaturisme","article_modified_time":"2020-09-08T14:19:21+00:00","og_image":[{"width":1299,"height":866,"url":"https:\/\/visitemporda.com\/wp-content\/uploads\/2019\/12\/paisatges-unics.jpg","type":"image\/jpeg"}],"twitter_card":"summary_large_image","twitter_site":"@baixemporda_tur","twitter_misc":{"Tiempo de lectura":"2 minutos"},"schema":{"@context":"https:\/\/schema.org","@graph":[{"@type":"WebPage","@id":"https:\/\/visitemporda.com\/es\/emporda\/paisajes-unicos\/","url":"https:\/\/visitemporda.com\/es\/emporda\/paisajes-unicos\/","name":"Paisajes \u00fanicos - Visit Empord\u00e0","isPartOf":{"@id":"https:\/\/visitemporda.com\/es\/#website"},"primaryImageOfPage":{"@id":"https:\/\/visitemporda.com\/es\/emporda\/paisajes-unicos\/#primaryimage"},"image":{"@id":"https:\/\/visitemporda.com\/es\/emporda\/paisajes-unicos\/#primaryimage"},"thumbnailUrl":"https:\/\/visitemporda.com\/wp-content\/uploads\/2019\/12\/paisatges-unics.jpg","datePublished":"2019-12-31T07:50:32+00:00","dateModified":"2020-09-08T14:19:21+00:00","breadcrumb":{"@id":"https:\/\/visitemporda.com\/es\/emporda\/paisajes-unicos\/#breadcrumb"},"inLanguage":"es","potentialAction":[{"@type":"ReadAction","target":["https:\/\/visitemporda.com\/es\/emporda\/paisajes-unicos\/"]}]},{"@type":"ImageObject","inLanguage":"es","@id":"https:\/\/visitemporda.com\/es\/emporda\/paisajes-unicos\/#primaryimage","url":"https:\/\/visitemporda.com\/wp-content\/uploads\/2019\/12\/paisatges-unics.jpg","contentUrl":"https:\/\/visitemporda.com\/wp-content\/uploads\/2019\/12\/paisatges-unics.jpg","width":1299,"height":866,"caption":"vista des del bosc del Montgr\u00ed"},{"@type":"BreadcrumbList","@id":"https:\/\/visitemporda.com\/es\/emporda\/paisajes-unicos\/#breadcrumb","itemListElement":[{"@type":"ListItem","position":1,"name":"Inici","item":"https:\/\/visitemporda.com\/es\/"},{"@type":"ListItem","position":2,"name":"L&#8217;Empord\u00e0","item":"https:\/\/visitemporda.com\/es\/emporda\/"},{"@type":"ListItem","position":3,"name":"Paisajes \u00fanicos"}]},{"@type":"WebSite","@id":"https:\/\/visitemporda.com\/es\/#website","url":"https:\/\/visitemporda.com\/es\/","name":"Visit Empord\u00e0","description":"Web tur\u00edstica oficial del Baix Empord\u00e0","publisher":{"@id":"https:\/\/visitemporda.com\/es\/#organization"},"potentialAction":[{"@type":"SearchAction","target":{"@type":"EntryPoint","urlTemplate":"https:\/\/visitemporda.com\/es\/?s={search_term_string}"},"query-input":{"@type":"PropertyValueSpecification","valueRequired":true,"valueName":"search_term_string"}}],"inLanguage":"es"},{"@type":"Organization","@id":"https:\/\/visitemporda.com\/es\/#organization","name":"Consell Comarcal del Baix Empord\u00e0","url":"https:\/\/visitemporda.com\/es\/","logo":{"@type":"ImageObject","inLanguage":"es","@id":"https:\/\/visitemporda.com\/es\/#\/schema\/logo\/image\/","url":"https:\/\/visitemporda.com\/wp-content\/uploads\/2024\/11\/Logotip_CCBE.png","contentUrl":"https:\/\/visitemporda.com\/wp-content\/uploads\/2024\/11\/Logotip_CCBE.png","width":3617,"height":3617,"caption":"Consell Comarcal del Baix Empord\u00e0"},"image":{"@id":"https:\/\/visitemporda.com\/es\/#\/schema\/logo\/image\/"},"sameAs":["https:\/\/www.facebook.com\/baixempordaturisme","https:\/\/x.com\/baixemporda_tur","https:\/\/www.instagram.com\/visitemporda"]}]}},"_links":{"self":[{"href":"https:\/\/visitemporda.com\/es\/wp-json\/wp\/v2\/pages\/19655","targetHints":{"allow":["GET"]}}],"collection":[{"href":"https:\/\/visitemporda.com\/es\/wp-json\/wp\/v2\/pages"}],"about":[{"href":"https:\/\/visitemporda.com\/es\/wp-json\/wp\/v2\/types\/page"}],"author":[{"embeddable":true,"href":"https:\/\/visitemporda.com\/es\/wp-json\/wp\/v2\/users\/2"}],"replies":[{"embeddable":true,"href":"https:\/\/visitemporda.com\/es\/wp-json\/wp\/v2\/comments?post=19655"}],"version-history":[{"count":2,"href":"https:\/\/visitemporda.com\/es\/wp-json\/wp\/v2\/pages\/19655\/revisions"}],"predecessor-version":[{"id":19657,"href":"https:\/\/visitemporda.com\/es\/wp-json\/wp\/v2\/pages\/19655\/revisions\/19657"}],"up":[{"embeddable":true,"href":"https:\/\/visitemporda.com\/es\/wp-json\/wp\/v2\/pages\/19647"}],"wp:featuredmedia":[{"embeddable":true,"href":"https:\/\/visitemporda.com\/es\/wp-json\/wp\/v2\/media\/13722"}],"wp:attachment":[{"href":"https:\/\/visitemporda.com\/es\/wp-json\/wp\/v2\/media?parent=19655"}],"curies":[{"name":"wp","href":"https:\/\/api.w.org\/{rel}","templated":true}]}}