

{"id":19652,"date":"2019-12-31T08:55:50","date_gmt":"2019-12-31T07:55:50","guid":{"rendered":"http:\/\/visitemporda.com\/emporda\/pobles-medievals\/"},"modified":"2021-05-30T11:04:48","modified_gmt":"2021-05-30T09:04:48","slug":"pueblos-medievales","status":"publish","type":"page","link":"https:\/\/visitemporda.com\/es\/emporda\/pueblos-medievales\/","title":{"rendered":"Pueblos medievales"},"content":{"rendered":"<p>Recorriendo las v\u00edas que atraviesan el territorio ampurdan\u00e9s, aqu\u00ed y all\u00ed se divisan campanarios, torres, fragmentos de muralla &#8230; Son algunos de los elementos caracter\u00edsticos de los pueblos medievales que se esparcen entre los cultivos y las florestas del Baix Empord\u00e0.<br \/>\nLas piedras centenarias de estas villas preservan el legado de la comarca y son el testimonio de una manera de vivir en conexi\u00f3n con el paisaje que se ha mantenido hasta hoy.<\/p>\n","protected":false},"excerpt":{"rendered":"<p>Recorriendo las v\u00edas que atraviesan el territorio ampurdan\u00e9s, aqu\u00ed y all\u00ed se divisan campanarios, torres, fragmentos de muralla &#8230; Son algunos de los elementos caracter\u00edsticos de los pueblos medievales que se esparcen entre los cultivos y las florestas del Baix Empord\u00e0. Las piedras centenarias de estas villas preservan el legado de la comarca y son [&hellip;]<\/p>\n","protected":false},"author":2,"featured_media":13755,"parent":19647,"menu_order":0,"comment_status":"closed","ping_status":"closed","template":"page-templates\/vivencies.php","meta":{"_acf_changed":false,"footnotes":""},"class_list":["post-19652","page","type-page","status-publish","has-post-thumbnail","hentry"],"acf":[],"yoast_head":"<!-- This site is optimized with the Yoast SEO plugin v27.3 - https:\/\/yoast.com\/product\/yoast-seo-wordpress\/ -->\n<title>Pueblos medievales - Visit Empord\u00e0<\/title>\n<meta name=\"robots\" content=\"index, follow, max-snippet:-1, max-image-preview:large, max-video-preview:-1\" \/>\n<link rel=\"canonical\" href=\"https:\/\/visitemporda.com\/es\/emporda\/pueblos-medievales\/\" \/>\n<meta property=\"og:locale\" content=\"es_ES\" \/>\n<meta property=\"og:type\" content=\"article\" \/>\n<meta property=\"og:title\" content=\"Pueblos medievales - Visit Empord\u00e0\" \/>\n<meta property=\"og:description\" content=\"Recorriendo las v\u00edas que atraviesan el territorio ampurdan\u00e9s, aqu\u00ed y all\u00ed se divisan campanarios, torres, fragmentos de muralla &#8230; Son algunos de los elementos caracter\u00edsticos de los pueblos medievales que se esparcen entre los cultivos y las florestas del Baix Empord\u00e0. Las piedras centenarias de estas villas preservan el legado de la comarca y son [&hellip;]\" \/>\n<meta property=\"og:url\" content=\"https:\/\/visitemporda.com\/es\/emporda\/pueblos-medievales\/\" \/>\n<meta property=\"og:site_name\" content=\"Visit Empord\u00e0\" \/>\n<meta property=\"article:publisher\" content=\"https:\/\/www.facebook.com\/baixempordaturisme\" \/>\n<meta property=\"article:modified_time\" content=\"2021-05-30T09:04:48+00:00\" \/>\n<meta property=\"og:image\" content=\"https:\/\/visitemporda.com\/wp-content\/uploads\/2019\/03\/Palau-sator-1.jpg\" \/>\n\t<meta property=\"og:image:width\" content=\"1920\" \/>\n\t<meta property=\"og:image:height\" content=\"1080\" \/>\n\t<meta property=\"og:image:type\" content=\"image\/jpeg\" \/>\n<meta name=\"twitter:card\" content=\"summary_large_image\" \/>\n<meta name=\"twitter:site\" content=\"@baixemporda_tur\" \/>\n<script type=\"application\/ld+json\" class=\"yoast-schema-graph\">{\"@context\":\"https:\\\/\\\/schema.org\",\"@graph\":[{\"@type\":\"WebPage\",\"@id\":\"https:\\\/\\\/visitemporda.com\\\/es\\\/emporda\\\/pueblos-medievales\\\/\",\"url\":\"https:\\\/\\\/visitemporda.com\\\/es\\\/emporda\\\/pueblos-medievales\\\/\",\"name\":\"Pueblos medievales - Visit Empord\u00e0\",\"isPartOf\":{\"@id\":\"https:\\\/\\\/visitemporda.com\\\/es\\\/#website\"},\"primaryImageOfPage\":{\"@id\":\"https:\\\/\\\/visitemporda.com\\\/es\\\/emporda\\\/pueblos-medievales\\\/#primaryimage\"},\"image\":{\"@id\":\"https:\\\/\\\/visitemporda.com\\\/es\\\/emporda\\\/pueblos-medievales\\\/#primaryimage\"},\"thumbnailUrl\":\"https:\\\/\\\/visitemporda.com\\\/wp-content\\\/uploads\\\/2019\\\/03\\\/Palau-sator-1.jpg\",\"datePublished\":\"2019-12-31T07:55:50+00:00\",\"dateModified\":\"2021-05-30T09:04:48+00:00\",\"breadcrumb\":{\"@id\":\"https:\\\/\\\/visitemporda.com\\\/es\\\/emporda\\\/pueblos-medievales\\\/#breadcrumb\"},\"inLanguage\":\"es\",\"potentialAction\":[{\"@type\":\"ReadAction\",\"target\":[\"https:\\\/\\\/visitemporda.com\\\/es\\\/emporda\\\/pueblos-medievales\\\/\"]}]},{\"@type\":\"ImageObject\",\"inLanguage\":\"es\",\"@id\":\"https:\\\/\\\/visitemporda.com\\\/es\\\/emporda\\\/pueblos-medievales\\\/#primaryimage\",\"url\":\"https:\\\/\\\/visitemporda.com\\\/wp-content\\\/uploads\\\/2019\\\/03\\\/Palau-sator-1.jpg\",\"contentUrl\":\"https:\\\/\\\/visitemporda.com\\\/wp-content\\\/uploads\\\/2019\\\/03\\\/Palau-sator-1.jpg\",\"width\":1920,\"height\":1080,\"caption\":\"poble de Palau-sator. Camp a primer pla de color groc, poble i darrera el Montgr\u00ed\"},{\"@type\":\"BreadcrumbList\",\"@id\":\"https:\\\/\\\/visitemporda.com\\\/es\\\/emporda\\\/pueblos-medievales\\\/#breadcrumb\",\"itemListElement\":[{\"@type\":\"ListItem\",\"position\":1,\"name\":\"Inici\",\"item\":\"https:\\\/\\\/visitemporda.com\\\/es\\\/\"},{\"@type\":\"ListItem\",\"position\":2,\"name\":\"L&#8217;Empord\u00e0\",\"item\":\"https:\\\/\\\/visitemporda.com\\\/es\\\/emporda\\\/\"},{\"@type\":\"ListItem\",\"position\":3,\"name\":\"Pueblos medievales\"}]},{\"@type\":\"WebSite\",\"@id\":\"https:\\\/\\\/visitemporda.com\\\/es\\\/#website\",\"url\":\"https:\\\/\\\/visitemporda.com\\\/es\\\/\",\"name\":\"Visit Empord\u00e0\",\"description\":\"Web tur\u00edstica oficial del Baix Empord\u00e0\",\"publisher\":{\"@id\":\"https:\\\/\\\/visitemporda.com\\\/es\\\/#organization\"},\"potentialAction\":[{\"@type\":\"SearchAction\",\"target\":{\"@type\":\"EntryPoint\",\"urlTemplate\":\"https:\\\/\\\/visitemporda.com\\\/es\\\/?s={search_term_string}\"},\"query-input\":{\"@type\":\"PropertyValueSpecification\",\"valueRequired\":true,\"valueName\":\"search_term_string\"}}],\"inLanguage\":\"es\"},{\"@type\":\"Organization\",\"@id\":\"https:\\\/\\\/visitemporda.com\\\/es\\\/#organization\",\"name\":\"Consell Comarcal del Baix Empord\u00e0\",\"url\":\"https:\\\/\\\/visitemporda.com\\\/es\\\/\",\"logo\":{\"@type\":\"ImageObject\",\"inLanguage\":\"es\",\"@id\":\"https:\\\/\\\/visitemporda.com\\\/es\\\/#\\\/schema\\\/logo\\\/image\\\/\",\"url\":\"https:\\\/\\\/visitemporda.com\\\/wp-content\\\/uploads\\\/2024\\\/11\\\/Logotip_CCBE.png\",\"contentUrl\":\"https:\\\/\\\/visitemporda.com\\\/wp-content\\\/uploads\\\/2024\\\/11\\\/Logotip_CCBE.png\",\"width\":3617,\"height\":3617,\"caption\":\"Consell Comarcal del Baix Empord\u00e0\"},\"image\":{\"@id\":\"https:\\\/\\\/visitemporda.com\\\/es\\\/#\\\/schema\\\/logo\\\/image\\\/\"},\"sameAs\":[\"https:\\\/\\\/www.facebook.com\\\/baixempordaturisme\",\"https:\\\/\\\/x.com\\\/baixemporda_tur\",\"https:\\\/\\\/www.instagram.com\\\/visitemporda\"]}]}<\/script>\n<!-- \/ Yoast SEO plugin. -->","yoast_head_json":{"title":"Pueblos medievales - Visit Empord\u00e0","robots":{"index":"index","follow":"follow","max-snippet":"max-snippet:-1","max-image-preview":"max-image-preview:large","max-video-preview":"max-video-preview:-1"},"canonical":"https:\/\/visitemporda.com\/es\/emporda\/pueblos-medievales\/","og_locale":"es_ES","og_type":"article","og_title":"Pueblos medievales - Visit Empord\u00e0","og_description":"Recorriendo las v\u00edas que atraviesan el territorio ampurdan\u00e9s, aqu\u00ed y all\u00ed se divisan campanarios, torres, fragmentos de muralla &#8230; Son algunos de los elementos caracter\u00edsticos de los pueblos medievales que se esparcen entre los cultivos y las florestas del Baix Empord\u00e0. Las piedras centenarias de estas villas preservan el legado de la comarca y son [&hellip;]","og_url":"https:\/\/visitemporda.com\/es\/emporda\/pueblos-medievales\/","og_site_name":"Visit Empord\u00e0","article_publisher":"https:\/\/www.facebook.com\/baixempordaturisme","article_modified_time":"2021-05-30T09:04:48+00:00","og_image":[{"width":1920,"height":1080,"url":"https:\/\/visitemporda.com\/wp-content\/uploads\/2019\/03\/Palau-sator-1.jpg","type":"image\/jpeg"}],"twitter_card":"summary_large_image","twitter_site":"@baixemporda_tur","schema":{"@context":"https:\/\/schema.org","@graph":[{"@type":"WebPage","@id":"https:\/\/visitemporda.com\/es\/emporda\/pueblos-medievales\/","url":"https:\/\/visitemporda.com\/es\/emporda\/pueblos-medievales\/","name":"Pueblos medievales - Visit Empord\u00e0","isPartOf":{"@id":"https:\/\/visitemporda.com\/es\/#website"},"primaryImageOfPage":{"@id":"https:\/\/visitemporda.com\/es\/emporda\/pueblos-medievales\/#primaryimage"},"image":{"@id":"https:\/\/visitemporda.com\/es\/emporda\/pueblos-medievales\/#primaryimage"},"thumbnailUrl":"https:\/\/visitemporda.com\/wp-content\/uploads\/2019\/03\/Palau-sator-1.jpg","datePublished":"2019-12-31T07:55:50+00:00","dateModified":"2021-05-30T09:04:48+00:00","breadcrumb":{"@id":"https:\/\/visitemporda.com\/es\/emporda\/pueblos-medievales\/#breadcrumb"},"inLanguage":"es","potentialAction":[{"@type":"ReadAction","target":["https:\/\/visitemporda.com\/es\/emporda\/pueblos-medievales\/"]}]},{"@type":"ImageObject","inLanguage":"es","@id":"https:\/\/visitemporda.com\/es\/emporda\/pueblos-medievales\/#primaryimage","url":"https:\/\/visitemporda.com\/wp-content\/uploads\/2019\/03\/Palau-sator-1.jpg","contentUrl":"https:\/\/visitemporda.com\/wp-content\/uploads\/2019\/03\/Palau-sator-1.jpg","width":1920,"height":1080,"caption":"poble de Palau-sator. Camp a primer pla de color groc, poble i darrera el Montgr\u00ed"},{"@type":"BreadcrumbList","@id":"https:\/\/visitemporda.com\/es\/emporda\/pueblos-medievales\/#breadcrumb","itemListElement":[{"@type":"ListItem","position":1,"name":"Inici","item":"https:\/\/visitemporda.com\/es\/"},{"@type":"ListItem","position":2,"name":"L&#8217;Empord\u00e0","item":"https:\/\/visitemporda.com\/es\/emporda\/"},{"@type":"ListItem","position":3,"name":"Pueblos medievales"}]},{"@type":"WebSite","@id":"https:\/\/visitemporda.com\/es\/#website","url":"https:\/\/visitemporda.com\/es\/","name":"Visit Empord\u00e0","description":"Web tur\u00edstica oficial del Baix Empord\u00e0","publisher":{"@id":"https:\/\/visitemporda.com\/es\/#organization"},"potentialAction":[{"@type":"SearchAction","target":{"@type":"EntryPoint","urlTemplate":"https:\/\/visitemporda.com\/es\/?s={search_term_string}"},"query-input":{"@type":"PropertyValueSpecification","valueRequired":true,"valueName":"search_term_string"}}],"inLanguage":"es"},{"@type":"Organization","@id":"https:\/\/visitemporda.com\/es\/#organization","name":"Consell Comarcal del Baix Empord\u00e0","url":"https:\/\/visitemporda.com\/es\/","logo":{"@type":"ImageObject","inLanguage":"es","@id":"https:\/\/visitemporda.com\/es\/#\/schema\/logo\/image\/","url":"https:\/\/visitemporda.com\/wp-content\/uploads\/2024\/11\/Logotip_CCBE.png","contentUrl":"https:\/\/visitemporda.com\/wp-content\/uploads\/2024\/11\/Logotip_CCBE.png","width":3617,"height":3617,"caption":"Consell Comarcal del Baix Empord\u00e0"},"image":{"@id":"https:\/\/visitemporda.com\/es\/#\/schema\/logo\/image\/"},"sameAs":["https:\/\/www.facebook.com\/baixempordaturisme","https:\/\/x.com\/baixemporda_tur","https:\/\/www.instagram.com\/visitemporda"]}]}},"_links":{"self":[{"href":"https:\/\/visitemporda.com\/es\/wp-json\/wp\/v2\/pages\/19652","targetHints":{"allow":["GET"]}}],"collection":[{"href":"https:\/\/visitemporda.com\/es\/wp-json\/wp\/v2\/pages"}],"about":[{"href":"https:\/\/visitemporda.com\/es\/wp-json\/wp\/v2\/types\/page"}],"author":[{"embeddable":true,"href":"https:\/\/visitemporda.com\/es\/wp-json\/wp\/v2\/users\/2"}],"replies":[{"embeddable":true,"href":"https:\/\/visitemporda.com\/es\/wp-json\/wp\/v2\/comments?post=19652"}],"version-history":[{"count":3,"href":"https:\/\/visitemporda.com\/es\/wp-json\/wp\/v2\/pages\/19652\/revisions"}],"predecessor-version":[{"id":22494,"href":"https:\/\/visitemporda.com\/es\/wp-json\/wp\/v2\/pages\/19652\/revisions\/22494"}],"up":[{"embeddable":true,"href":"https:\/\/visitemporda.com\/es\/wp-json\/wp\/v2\/pages\/19647"}],"wp:featuredmedia":[{"embeddable":true,"href":"https:\/\/visitemporda.com\/es\/wp-json\/wp\/v2\/media\/13755"}],"wp:attachment":[{"href":"https:\/\/visitemporda.com\/es\/wp-json\/wp\/v2\/media?parent=19652"}],"curies":[{"name":"wp","href":"https:\/\/api.w.org\/{rel}","templated":true}]}}