

{"id":19649,"date":"2019-12-31T08:59:20","date_gmt":"2019-12-31T07:59:20","guid":{"rendered":"http:\/\/visitemporda.com\/emporda\/encant-mariner\/"},"modified":"2021-06-06T12:25:10","modified_gmt":"2021-06-06T10:25:10","slug":"encanto-marinero","status":"publish","type":"page","link":"https:\/\/visitemporda.com\/es\/emporda\/encanto-marinero\/","title":{"rendered":"Encanto Marinero"},"content":{"rendered":"<p>El mar es una de las principales fuentes de riqueza del Baix Empord\u00e0. Su aprovechamiento no solo ha sido vital durante siglos para la econom\u00eda de la comarca, sino que los trabajos pesqueros, as\u00ed como los habitantes de la costa y su estilo de vida, han contribuido decisivamente a configurar la identidad bajo-ampurdanesa.<\/p>\n<p>La estrecha relaci\u00f3n con el mar y los fen\u00f3menos meteorol\u00f3gicos que tienen lugar es el sustrato de una cultura propia, la marinera, con hablas, creencias y rituales propios. Una de sus manifestaciones m\u00e1s conocidas es la canci\u00f3n de taberna, un g\u00e9nero musical que plasma la vida y visi\u00f3n del mundo de la gente de la Costa Brava.<\/p>\n<p>\u201c<em>Mare, vull ser pescador<\/em><br \/>\n<em>vull ser pescador i no frare\u00a0<\/em><br \/>\n<em>que s\u00f3c fill de pescador<\/em><br \/>\n<em>i malgrat el teu dolor\u00a0<\/em><br \/>\n<em>jo tinc les venes salades.<\/em><br \/>\n<em>Mare vull fer-me a la mar.<\/em><br \/>\n<em>Mare vull fer-me a la mar<\/em><br \/>\n<em>i que em bressin les onades\u201d.<\/em><\/p>\n<p><em>Mare, vull ser pescador<\/em>, del grup de Calella de Palafrugell Port Bo.<\/p>\n","protected":false},"excerpt":{"rendered":"<p>El mar es una de las principales fuentes de riqueza del Baix Empord\u00e0. Su aprovechamiento no solo ha sido vital durante siglos para la econom\u00eda de la comarca, sino que los trabajos pesqueros, as\u00ed como los habitantes de la costa y su estilo de vida, han contribuido decisivamente a configurar la identidad bajo-ampurdanesa. La estrecha [&hellip;]<\/p>\n","protected":false},"author":2,"featured_media":6582,"parent":19647,"menu_order":0,"comment_status":"closed","ping_status":"closed","template":"page-templates\/vivencies.php","meta":{"_acf_changed":false,"footnotes":""},"class_list":["post-19649","page","type-page","status-publish","has-post-thumbnail","hentry"],"acf":[],"yoast_head":"<!-- This site is optimized with the Yoast SEO plugin v27.3 - https:\/\/yoast.com\/product\/yoast-seo-wordpress\/ -->\n<title>Encanto Marinero - Visit Empord\u00e0<\/title>\n<meta name=\"robots\" content=\"index, follow, max-snippet:-1, max-image-preview:large, max-video-preview:-1\" \/>\n<link rel=\"canonical\" href=\"https:\/\/visitemporda.com\/es\/emporda\/encanto-marinero\/\" \/>\n<meta property=\"og:locale\" content=\"es_ES\" \/>\n<meta property=\"og:type\" content=\"article\" \/>\n<meta property=\"og:title\" content=\"Encanto Marinero - Visit Empord\u00e0\" \/>\n<meta property=\"og:description\" content=\"El mar es una de las principales fuentes de riqueza del Baix Empord\u00e0. Su aprovechamiento no solo ha sido vital durante siglos para la econom\u00eda de la comarca, sino que los trabajos pesqueros, as\u00ed como los habitantes de la costa y su estilo de vida, han contribuido decisivamente a configurar la identidad bajo-ampurdanesa. La estrecha [&hellip;]\" \/>\n<meta property=\"og:url\" content=\"https:\/\/visitemporda.com\/es\/emporda\/encanto-marinero\/\" \/>\n<meta property=\"og:site_name\" content=\"Visit Empord\u00e0\" \/>\n<meta property=\"article:publisher\" content=\"https:\/\/www.facebook.com\/baixempordaturisme\" \/>\n<meta property=\"article:modified_time\" content=\"2021-06-06T10:25:10+00:00\" \/>\n<meta property=\"og:image\" content=\"https:\/\/visitemporda.com\/wp-content\/uploads\/2019\/08\/2.-Calella-de-Palafrugell-1024x768.jpg\" \/>\n\t<meta property=\"og:image:width\" content=\"1024\" \/>\n\t<meta property=\"og:image:height\" content=\"768\" \/>\n\t<meta property=\"og:image:type\" content=\"image\/jpeg\" \/>\n<meta name=\"twitter:card\" content=\"summary_large_image\" \/>\n<meta name=\"twitter:site\" content=\"@baixemporda_tur\" \/>\n<meta name=\"twitter:label1\" content=\"Tiempo de lectura\" \/>\n\t<meta name=\"twitter:data1\" content=\"1 minuto\" \/>\n<script type=\"application\/ld+json\" class=\"yoast-schema-graph\">{\"@context\":\"https:\\\/\\\/schema.org\",\"@graph\":[{\"@type\":\"WebPage\",\"@id\":\"https:\\\/\\\/visitemporda.com\\\/es\\\/emporda\\\/encanto-marinero\\\/\",\"url\":\"https:\\\/\\\/visitemporda.com\\\/es\\\/emporda\\\/encanto-marinero\\\/\",\"name\":\"Encanto Marinero - Visit Empord\u00e0\",\"isPartOf\":{\"@id\":\"https:\\\/\\\/visitemporda.com\\\/es\\\/#website\"},\"primaryImageOfPage\":{\"@id\":\"https:\\\/\\\/visitemporda.com\\\/es\\\/emporda\\\/encanto-marinero\\\/#primaryimage\"},\"image\":{\"@id\":\"https:\\\/\\\/visitemporda.com\\\/es\\\/emporda\\\/encanto-marinero\\\/#primaryimage\"},\"thumbnailUrl\":\"https:\\\/\\\/visitemporda.com\\\/wp-content\\\/uploads\\\/2019\\\/08\\\/2.-Calella-de-Palafrugell.jpg\",\"datePublished\":\"2019-12-31T07:59:20+00:00\",\"dateModified\":\"2021-06-06T10:25:10+00:00\",\"breadcrumb\":{\"@id\":\"https:\\\/\\\/visitemporda.com\\\/es\\\/emporda\\\/encanto-marinero\\\/#breadcrumb\"},\"inLanguage\":\"es\",\"potentialAction\":[{\"@type\":\"ReadAction\",\"target\":[\"https:\\\/\\\/visitemporda.com\\\/es\\\/emporda\\\/encanto-marinero\\\/\"]}]},{\"@type\":\"ImageObject\",\"inLanguage\":\"es\",\"@id\":\"https:\\\/\\\/visitemporda.com\\\/es\\\/emporda\\\/encanto-marinero\\\/#primaryimage\",\"url\":\"https:\\\/\\\/visitemporda.com\\\/wp-content\\\/uploads\\\/2019\\\/08\\\/2.-Calella-de-Palafrugell.jpg\",\"contentUrl\":\"https:\\\/\\\/visitemporda.com\\\/wp-content\\\/uploads\\\/2019\\\/08\\\/2.-Calella-de-Palafrugell.jpg\",\"width\":2560,\"height\":1920,\"caption\":\"Calella de Palafrugell vist des del mar\"},{\"@type\":\"BreadcrumbList\",\"@id\":\"https:\\\/\\\/visitemporda.com\\\/es\\\/emporda\\\/encanto-marinero\\\/#breadcrumb\",\"itemListElement\":[{\"@type\":\"ListItem\",\"position\":1,\"name\":\"Inici\",\"item\":\"https:\\\/\\\/visitemporda.com\\\/es\\\/\"},{\"@type\":\"ListItem\",\"position\":2,\"name\":\"L&#8217;Empord\u00e0\",\"item\":\"https:\\\/\\\/visitemporda.com\\\/es\\\/emporda\\\/\"},{\"@type\":\"ListItem\",\"position\":3,\"name\":\"Encanto Marinero\"}]},{\"@type\":\"WebSite\",\"@id\":\"https:\\\/\\\/visitemporda.com\\\/es\\\/#website\",\"url\":\"https:\\\/\\\/visitemporda.com\\\/es\\\/\",\"name\":\"Visit Empord\u00e0\",\"description\":\"Web tur\u00edstica oficial del Baix Empord\u00e0\",\"publisher\":{\"@id\":\"https:\\\/\\\/visitemporda.com\\\/es\\\/#organization\"},\"potentialAction\":[{\"@type\":\"SearchAction\",\"target\":{\"@type\":\"EntryPoint\",\"urlTemplate\":\"https:\\\/\\\/visitemporda.com\\\/es\\\/?s={search_term_string}\"},\"query-input\":{\"@type\":\"PropertyValueSpecification\",\"valueRequired\":true,\"valueName\":\"search_term_string\"}}],\"inLanguage\":\"es\"},{\"@type\":\"Organization\",\"@id\":\"https:\\\/\\\/visitemporda.com\\\/es\\\/#organization\",\"name\":\"Consell Comarcal del Baix Empord\u00e0\",\"url\":\"https:\\\/\\\/visitemporda.com\\\/es\\\/\",\"logo\":{\"@type\":\"ImageObject\",\"inLanguage\":\"es\",\"@id\":\"https:\\\/\\\/visitemporda.com\\\/es\\\/#\\\/schema\\\/logo\\\/image\\\/\",\"url\":\"https:\\\/\\\/visitemporda.com\\\/wp-content\\\/uploads\\\/2024\\\/11\\\/Logotip_CCBE.png\",\"contentUrl\":\"https:\\\/\\\/visitemporda.com\\\/wp-content\\\/uploads\\\/2024\\\/11\\\/Logotip_CCBE.png\",\"width\":3617,\"height\":3617,\"caption\":\"Consell Comarcal del Baix Empord\u00e0\"},\"image\":{\"@id\":\"https:\\\/\\\/visitemporda.com\\\/es\\\/#\\\/schema\\\/logo\\\/image\\\/\"},\"sameAs\":[\"https:\\\/\\\/www.facebook.com\\\/baixempordaturisme\",\"https:\\\/\\\/x.com\\\/baixemporda_tur\",\"https:\\\/\\\/www.instagram.com\\\/visitemporda\"]}]}<\/script>\n<!-- \/ Yoast SEO plugin. -->","yoast_head_json":{"title":"Encanto Marinero - Visit Empord\u00e0","robots":{"index":"index","follow":"follow","max-snippet":"max-snippet:-1","max-image-preview":"max-image-preview:large","max-video-preview":"max-video-preview:-1"},"canonical":"https:\/\/visitemporda.com\/es\/emporda\/encanto-marinero\/","og_locale":"es_ES","og_type":"article","og_title":"Encanto Marinero - Visit Empord\u00e0","og_description":"El mar es una de las principales fuentes de riqueza del Baix Empord\u00e0. Su aprovechamiento no solo ha sido vital durante siglos para la econom\u00eda de la comarca, sino que los trabajos pesqueros, as\u00ed como los habitantes de la costa y su estilo de vida, han contribuido decisivamente a configurar la identidad bajo-ampurdanesa. La estrecha [&hellip;]","og_url":"https:\/\/visitemporda.com\/es\/emporda\/encanto-marinero\/","og_site_name":"Visit Empord\u00e0","article_publisher":"https:\/\/www.facebook.com\/baixempordaturisme","article_modified_time":"2021-06-06T10:25:10+00:00","og_image":[{"width":1024,"height":768,"url":"https:\/\/visitemporda.com\/wp-content\/uploads\/2019\/08\/2.-Calella-de-Palafrugell-1024x768.jpg","type":"image\/jpeg"}],"twitter_card":"summary_large_image","twitter_site":"@baixemporda_tur","twitter_misc":{"Tiempo de lectura":"1 minuto"},"schema":{"@context":"https:\/\/schema.org","@graph":[{"@type":"WebPage","@id":"https:\/\/visitemporda.com\/es\/emporda\/encanto-marinero\/","url":"https:\/\/visitemporda.com\/es\/emporda\/encanto-marinero\/","name":"Encanto Marinero - Visit Empord\u00e0","isPartOf":{"@id":"https:\/\/visitemporda.com\/es\/#website"},"primaryImageOfPage":{"@id":"https:\/\/visitemporda.com\/es\/emporda\/encanto-marinero\/#primaryimage"},"image":{"@id":"https:\/\/visitemporda.com\/es\/emporda\/encanto-marinero\/#primaryimage"},"thumbnailUrl":"https:\/\/visitemporda.com\/wp-content\/uploads\/2019\/08\/2.-Calella-de-Palafrugell.jpg","datePublished":"2019-12-31T07:59:20+00:00","dateModified":"2021-06-06T10:25:10+00:00","breadcrumb":{"@id":"https:\/\/visitemporda.com\/es\/emporda\/encanto-marinero\/#breadcrumb"},"inLanguage":"es","potentialAction":[{"@type":"ReadAction","target":["https:\/\/visitemporda.com\/es\/emporda\/encanto-marinero\/"]}]},{"@type":"ImageObject","inLanguage":"es","@id":"https:\/\/visitemporda.com\/es\/emporda\/encanto-marinero\/#primaryimage","url":"https:\/\/visitemporda.com\/wp-content\/uploads\/2019\/08\/2.-Calella-de-Palafrugell.jpg","contentUrl":"https:\/\/visitemporda.com\/wp-content\/uploads\/2019\/08\/2.-Calella-de-Palafrugell.jpg","width":2560,"height":1920,"caption":"Calella de Palafrugell vist des del mar"},{"@type":"BreadcrumbList","@id":"https:\/\/visitemporda.com\/es\/emporda\/encanto-marinero\/#breadcrumb","itemListElement":[{"@type":"ListItem","position":1,"name":"Inici","item":"https:\/\/visitemporda.com\/es\/"},{"@type":"ListItem","position":2,"name":"L&#8217;Empord\u00e0","item":"https:\/\/visitemporda.com\/es\/emporda\/"},{"@type":"ListItem","position":3,"name":"Encanto Marinero"}]},{"@type":"WebSite","@id":"https:\/\/visitemporda.com\/es\/#website","url":"https:\/\/visitemporda.com\/es\/","name":"Visit Empord\u00e0","description":"Web tur\u00edstica oficial del Baix Empord\u00e0","publisher":{"@id":"https:\/\/visitemporda.com\/es\/#organization"},"potentialAction":[{"@type":"SearchAction","target":{"@type":"EntryPoint","urlTemplate":"https:\/\/visitemporda.com\/es\/?s={search_term_string}"},"query-input":{"@type":"PropertyValueSpecification","valueRequired":true,"valueName":"search_term_string"}}],"inLanguage":"es"},{"@type":"Organization","@id":"https:\/\/visitemporda.com\/es\/#organization","name":"Consell Comarcal del Baix Empord\u00e0","url":"https:\/\/visitemporda.com\/es\/","logo":{"@type":"ImageObject","inLanguage":"es","@id":"https:\/\/visitemporda.com\/es\/#\/schema\/logo\/image\/","url":"https:\/\/visitemporda.com\/wp-content\/uploads\/2024\/11\/Logotip_CCBE.png","contentUrl":"https:\/\/visitemporda.com\/wp-content\/uploads\/2024\/11\/Logotip_CCBE.png","width":3617,"height":3617,"caption":"Consell Comarcal del Baix Empord\u00e0"},"image":{"@id":"https:\/\/visitemporda.com\/es\/#\/schema\/logo\/image\/"},"sameAs":["https:\/\/www.facebook.com\/baixempordaturisme","https:\/\/x.com\/baixemporda_tur","https:\/\/www.instagram.com\/visitemporda"]}]}},"_links":{"self":[{"href":"https:\/\/visitemporda.com\/es\/wp-json\/wp\/v2\/pages\/19649","targetHints":{"allow":["GET"]}}],"collection":[{"href":"https:\/\/visitemporda.com\/es\/wp-json\/wp\/v2\/pages"}],"about":[{"href":"https:\/\/visitemporda.com\/es\/wp-json\/wp\/v2\/types\/page"}],"author":[{"embeddable":true,"href":"https:\/\/visitemporda.com\/es\/wp-json\/wp\/v2\/users\/2"}],"replies":[{"embeddable":true,"href":"https:\/\/visitemporda.com\/es\/wp-json\/wp\/v2\/comments?post=19649"}],"version-history":[{"count":5,"href":"https:\/\/visitemporda.com\/es\/wp-json\/wp\/v2\/pages\/19649\/revisions"}],"predecessor-version":[{"id":32179,"href":"https:\/\/visitemporda.com\/es\/wp-json\/wp\/v2\/pages\/19649\/revisions\/32179"}],"up":[{"embeddable":true,"href":"https:\/\/visitemporda.com\/es\/wp-json\/wp\/v2\/pages\/19647"}],"wp:featuredmedia":[{"embeddable":true,"href":"https:\/\/visitemporda.com\/es\/wp-json\/wp\/v2\/media\/6582"}],"wp:attachment":[{"href":"https:\/\/visitemporda.com\/es\/wp-json\/wp\/v2\/media?parent=19649"}],"curies":[{"name":"wp","href":"https:\/\/api.w.org\/{rel}","templated":true}]}}