

{"id":19642,"date":"2019-03-20T16:40:37","date_gmt":"2019-03-20T15:40:37","guid":{"rendered":"http:\/\/visitemporda.com\/nota-legal\/"},"modified":"2020-09-08T15:57:38","modified_gmt":"2020-09-08T13:57:38","slug":"nota-legal","status":"publish","type":"page","link":"https:\/\/visitemporda.com\/es\/nota-legal\/","title":{"rendered":"Nota legal"},"content":{"rendered":"<p>Este lugar web y el dominio son propiedad del Consell Comarcal del Baix Empord\u00e0, con domicilio en la calle Tarongers num. 12, de la Bisbal d\u2019Empord\u00e0 (CP 17100), CIF P6700009A, tel + 34 972 64 23 10 y correo electr\u00f3nico <a href=\"mailto:consell@baixemporda.cat\">consell@baixemporda.cat<\/a>.<\/p>\n<p>Sobre los contenidos de este lugar, incluyendo los textos, im\u00e1genes y dise\u00f1os, existen derechos de propiedad intelectual que corresponden al Consell o a terceros que han autorizado su uso. El Consell presenta estos contenidos con las finalidades de informar y ofrecimiento de servicios. De forma general y excepto que se indique expresamente lo contrario, estos contenidos se pueden reproducir, distribuir y comunicar p\u00fablicamente siempre que se haga sin una finalidad comercial y para las finalidades propias del lugar web.<\/p>\n<p>El Consell informa que su logotipo puede ser \u00fanicamente utilizado para identificar actividades o iniciativas propias del Consell, o de otras personas o instituciones cuando estas sean iniciativas o actividades con el soporte expl\u00edcito o la participaci\u00f3n del Consell.<\/p>\n<p>El Consell entiende que en el momento de rellenar los formularios que figuran en el lugar, el usuario se considera suficientemente informado de las finalidades de la recogida de sus datos personales y del tratamiento que se derivar\u00e1 de estos. Excepto indicaci\u00f3n expresa en sentido contrario estos datos se integrar\u00e1n en los ficheros del Consell por su tratamiento con las finalidades que se indiquen en cada caso. Los interesados podr\u00e1n ejercer sus derechos de acceso, rectificaci\u00f3n, oposici\u00f3n y cancelaci\u00f3n dirigi\u00e9ndose al Consell por cualquier medio. Pueden obtener m\u00e1s informaci\u00f3n sobre los criterios y medidas en materia de tratamiento de datos dirigi\u00e9ndose en las direcciones del Consell que figuran en el inicio de esta nota.<\/p>\n<p>El Consell informa a los usuarios del web que los datos personales del usuario no ser\u00e1n controlados por galletas (cookies) que permitan su identificaci\u00f3n.<\/p>\n<p>El Consell no se hace responsable delante de los usuarios de su lugar web de los posibles da\u00f1os o perjuicios que se puedan derivar de interferencias, omisiones, interrupciones, virus inform\u00e1ticos, sobrecarga de las l\u00edneas, aver\u00edas o desconexiones que sean motivadas por causas ajenas. Tampoco no se hace cargo de los da\u00f1os que puedan ser causados por terceras personas mediante intromisiones ileg\u00edtimas fuera del control del Consell. No obstante, se compromete a advertir previamente de las interrupciones en el funcionamiento del web y de los servicios.<\/p>\n<p>El Consell no se hace responsable del contenido, exactitud y actualizaci\u00f3n de la informaci\u00f3n de otras persones f\u00edsicas o jur\u00eddicas a las que se remita mediante enlaces o otros sistemas.<\/p>\n<p>No se autorizan presentaciones de los contenidos de este lugar en una ventana ajena (framing) sin autorizaci\u00f3n expresa y por escrito del Consell.<\/p>\n<p>Los posibles conflictos relativos a la utilizaci\u00f3n de este web se regir\u00e1n exclusivamente por derecho del Estado espa\u00f1ol y de Catalu\u00f1a. Toda persona usuaria del web, independientemente de la jurisdicci\u00f3n territorial desde la cual se produce su acceso, acepta el complimiento y respeto de esta cl\u00e1usula con renuncia expresa a cualquier otro fuero.<\/p>\n","protected":false},"excerpt":{"rendered":"<p>Este lugar web y el dominio son propiedad del Consell Comarcal del Baix Empord\u00e0, con domicilio en la calle Tarongers num. 12, de la Bisbal d\u2019Empord\u00e0 (CP 17100), CIF P6700009A, tel + 34 972 64 23 10 y correo electr\u00f3nico consell@baixemporda.cat. Sobre los contenidos de este lugar, incluyendo los textos, im\u00e1genes y dise\u00f1os, existen derechos [&hellip;]<\/p>\n","protected":false},"author":2,"featured_media":0,"parent":0,"menu_order":0,"comment_status":"closed","ping_status":"closed","template":"","meta":{"_acf_changed":false,"footnotes":""},"class_list":["post-19642","page","type-page","status-publish","hentry"],"acf":[],"yoast_head":"<!-- This site is optimized with the Yoast SEO plugin v27.3 - https:\/\/yoast.com\/product\/yoast-seo-wordpress\/ -->\n<title>Nota legal - Visit Empord\u00e0<\/title>\n<meta name=\"robots\" content=\"index, follow, max-snippet:-1, max-image-preview:large, max-video-preview:-1\" \/>\n<link rel=\"canonical\" href=\"https:\/\/visitemporda.com\/es\/nota-legal\/\" \/>\n<meta property=\"og:locale\" content=\"es_ES\" \/>\n<meta property=\"og:type\" content=\"article\" \/>\n<meta property=\"og:title\" content=\"Nota legal - Visit Empord\u00e0\" \/>\n<meta property=\"og:description\" content=\"Este lugar web y el dominio son propiedad del Consell Comarcal del Baix Empord\u00e0, con domicilio en la calle Tarongers num. 12, de la Bisbal d\u2019Empord\u00e0 (CP 17100), CIF P6700009A, tel + 34 972 64 23 10 y correo electr\u00f3nico consell@baixemporda.cat. Sobre los contenidos de este lugar, incluyendo los textos, im\u00e1genes y dise\u00f1os, existen derechos [&hellip;]\" \/>\n<meta property=\"og:url\" content=\"https:\/\/visitemporda.com\/es\/nota-legal\/\" \/>\n<meta property=\"og:site_name\" content=\"Visit Empord\u00e0\" \/>\n<meta property=\"article:publisher\" content=\"https:\/\/www.facebook.com\/baixempordaturisme\" \/>\n<meta property=\"article:modified_time\" content=\"2020-09-08T13:57:38+00:00\" \/>\n<meta name=\"twitter:card\" content=\"summary_large_image\" \/>\n<meta name=\"twitter:site\" content=\"@baixemporda_tur\" \/>\n<meta name=\"twitter:label1\" content=\"Tiempo de lectura\" \/>\n\t<meta name=\"twitter:data1\" content=\"3 minutos\" \/>\n<script type=\"application\/ld+json\" class=\"yoast-schema-graph\">{\"@context\":\"https:\\\/\\\/schema.org\",\"@graph\":[{\"@type\":\"WebPage\",\"@id\":\"https:\\\/\\\/visitemporda.com\\\/es\\\/nota-legal\\\/\",\"url\":\"https:\\\/\\\/visitemporda.com\\\/es\\\/nota-legal\\\/\",\"name\":\"Nota legal - Visit Empord\u00e0\",\"isPartOf\":{\"@id\":\"https:\\\/\\\/visitemporda.com\\\/es\\\/#website\"},\"datePublished\":\"2019-03-20T15:40:37+00:00\",\"dateModified\":\"2020-09-08T13:57:38+00:00\",\"breadcrumb\":{\"@id\":\"https:\\\/\\\/visitemporda.com\\\/es\\\/nota-legal\\\/#breadcrumb\"},\"inLanguage\":\"es\",\"potentialAction\":[{\"@type\":\"ReadAction\",\"target\":[\"https:\\\/\\\/visitemporda.com\\\/es\\\/nota-legal\\\/\"]}]},{\"@type\":\"BreadcrumbList\",\"@id\":\"https:\\\/\\\/visitemporda.com\\\/es\\\/nota-legal\\\/#breadcrumb\",\"itemListElement\":[{\"@type\":\"ListItem\",\"position\":1,\"name\":\"Inici\",\"item\":\"https:\\\/\\\/visitemporda.com\\\/es\\\/\"},{\"@type\":\"ListItem\",\"position\":2,\"name\":\"Nota legal\"}]},{\"@type\":\"WebSite\",\"@id\":\"https:\\\/\\\/visitemporda.com\\\/es\\\/#website\",\"url\":\"https:\\\/\\\/visitemporda.com\\\/es\\\/\",\"name\":\"Visit Empord\u00e0\",\"description\":\"Web tur\u00edstica oficial del Baix Empord\u00e0\",\"publisher\":{\"@id\":\"https:\\\/\\\/visitemporda.com\\\/es\\\/#organization\"},\"potentialAction\":[{\"@type\":\"SearchAction\",\"target\":{\"@type\":\"EntryPoint\",\"urlTemplate\":\"https:\\\/\\\/visitemporda.com\\\/es\\\/?s={search_term_string}\"},\"query-input\":{\"@type\":\"PropertyValueSpecification\",\"valueRequired\":true,\"valueName\":\"search_term_string\"}}],\"inLanguage\":\"es\"},{\"@type\":\"Organization\",\"@id\":\"https:\\\/\\\/visitemporda.com\\\/es\\\/#organization\",\"name\":\"Consell Comarcal del Baix Empord\u00e0\",\"url\":\"https:\\\/\\\/visitemporda.com\\\/es\\\/\",\"logo\":{\"@type\":\"ImageObject\",\"inLanguage\":\"es\",\"@id\":\"https:\\\/\\\/visitemporda.com\\\/es\\\/#\\\/schema\\\/logo\\\/image\\\/\",\"url\":\"https:\\\/\\\/visitemporda.com\\\/wp-content\\\/uploads\\\/2024\\\/11\\\/Logotip_CCBE.png\",\"contentUrl\":\"https:\\\/\\\/visitemporda.com\\\/wp-content\\\/uploads\\\/2024\\\/11\\\/Logotip_CCBE.png\",\"width\":3617,\"height\":3617,\"caption\":\"Consell Comarcal del Baix Empord\u00e0\"},\"image\":{\"@id\":\"https:\\\/\\\/visitemporda.com\\\/es\\\/#\\\/schema\\\/logo\\\/image\\\/\"},\"sameAs\":[\"https:\\\/\\\/www.facebook.com\\\/baixempordaturisme\",\"https:\\\/\\\/x.com\\\/baixemporda_tur\",\"https:\\\/\\\/www.instagram.com\\\/visitemporda\"]}]}<\/script>\n<!-- \/ Yoast SEO plugin. -->","yoast_head_json":{"title":"Nota legal - Visit Empord\u00e0","robots":{"index":"index","follow":"follow","max-snippet":"max-snippet:-1","max-image-preview":"max-image-preview:large","max-video-preview":"max-video-preview:-1"},"canonical":"https:\/\/visitemporda.com\/es\/nota-legal\/","og_locale":"es_ES","og_type":"article","og_title":"Nota legal - Visit Empord\u00e0","og_description":"Este lugar web y el dominio son propiedad del Consell Comarcal del Baix Empord\u00e0, con domicilio en la calle Tarongers num. 12, de la Bisbal d\u2019Empord\u00e0 (CP 17100), CIF P6700009A, tel + 34 972 64 23 10 y correo electr\u00f3nico consell@baixemporda.cat. Sobre los contenidos de este lugar, incluyendo los textos, im\u00e1genes y dise\u00f1os, existen derechos [&hellip;]","og_url":"https:\/\/visitemporda.com\/es\/nota-legal\/","og_site_name":"Visit Empord\u00e0","article_publisher":"https:\/\/www.facebook.com\/baixempordaturisme","article_modified_time":"2020-09-08T13:57:38+00:00","twitter_card":"summary_large_image","twitter_site":"@baixemporda_tur","twitter_misc":{"Tiempo de lectura":"3 minutos"},"schema":{"@context":"https:\/\/schema.org","@graph":[{"@type":"WebPage","@id":"https:\/\/visitemporda.com\/es\/nota-legal\/","url":"https:\/\/visitemporda.com\/es\/nota-legal\/","name":"Nota legal - Visit Empord\u00e0","isPartOf":{"@id":"https:\/\/visitemporda.com\/es\/#website"},"datePublished":"2019-03-20T15:40:37+00:00","dateModified":"2020-09-08T13:57:38+00:00","breadcrumb":{"@id":"https:\/\/visitemporda.com\/es\/nota-legal\/#breadcrumb"},"inLanguage":"es","potentialAction":[{"@type":"ReadAction","target":["https:\/\/visitemporda.com\/es\/nota-legal\/"]}]},{"@type":"BreadcrumbList","@id":"https:\/\/visitemporda.com\/es\/nota-legal\/#breadcrumb","itemListElement":[{"@type":"ListItem","position":1,"name":"Inici","item":"https:\/\/visitemporda.com\/es\/"},{"@type":"ListItem","position":2,"name":"Nota legal"}]},{"@type":"WebSite","@id":"https:\/\/visitemporda.com\/es\/#website","url":"https:\/\/visitemporda.com\/es\/","name":"Visit Empord\u00e0","description":"Web tur\u00edstica oficial del Baix Empord\u00e0","publisher":{"@id":"https:\/\/visitemporda.com\/es\/#organization"},"potentialAction":[{"@type":"SearchAction","target":{"@type":"EntryPoint","urlTemplate":"https:\/\/visitemporda.com\/es\/?s={search_term_string}"},"query-input":{"@type":"PropertyValueSpecification","valueRequired":true,"valueName":"search_term_string"}}],"inLanguage":"es"},{"@type":"Organization","@id":"https:\/\/visitemporda.com\/es\/#organization","name":"Consell Comarcal del Baix Empord\u00e0","url":"https:\/\/visitemporda.com\/es\/","logo":{"@type":"ImageObject","inLanguage":"es","@id":"https:\/\/visitemporda.com\/es\/#\/schema\/logo\/image\/","url":"https:\/\/visitemporda.com\/wp-content\/uploads\/2024\/11\/Logotip_CCBE.png","contentUrl":"https:\/\/visitemporda.com\/wp-content\/uploads\/2024\/11\/Logotip_CCBE.png","width":3617,"height":3617,"caption":"Consell Comarcal del Baix Empord\u00e0"},"image":{"@id":"https:\/\/visitemporda.com\/es\/#\/schema\/logo\/image\/"},"sameAs":["https:\/\/www.facebook.com\/baixempordaturisme","https:\/\/x.com\/baixemporda_tur","https:\/\/www.instagram.com\/visitemporda"]}]}},"_links":{"self":[{"href":"https:\/\/visitemporda.com\/es\/wp-json\/wp\/v2\/pages\/19642","targetHints":{"allow":["GET"]}}],"collection":[{"href":"https:\/\/visitemporda.com\/es\/wp-json\/wp\/v2\/pages"}],"about":[{"href":"https:\/\/visitemporda.com\/es\/wp-json\/wp\/v2\/types\/page"}],"author":[{"embeddable":true,"href":"https:\/\/visitemporda.com\/es\/wp-json\/wp\/v2\/users\/2"}],"replies":[{"embeddable":true,"href":"https:\/\/visitemporda.com\/es\/wp-json\/wp\/v2\/comments?post=19642"}],"version-history":[{"count":1,"href":"https:\/\/visitemporda.com\/es\/wp-json\/wp\/v2\/pages\/19642\/revisions"}],"predecessor-version":[{"id":19643,"href":"https:\/\/visitemporda.com\/es\/wp-json\/wp\/v2\/pages\/19642\/revisions\/19643"}],"wp:attachment":[{"href":"https:\/\/visitemporda.com\/es\/wp-json\/wp\/v2\/media?parent=19642"}],"curies":[{"name":"wp","href":"https:\/\/api.w.org\/{rel}","templated":true}]}}