

{"id":1072,"date":"2019-03-21T13:36:53","date_gmt":"2019-03-21T12:36:53","guid":{"rendered":"http:\/\/visitemporda.com\/planifica\/hotels\/"},"modified":"2021-05-05T13:18:11","modified_gmt":"2021-05-05T11:18:11","slug":"donde-dormir","status":"publish","type":"page","link":"https:\/\/visitemporda.com\/es\/planifica\/donde-dormir\/","title":{"rendered":"D\u00f3nde dormir"},"content":{"rendered":"<p>Dormir en nuestra comarca puede ser todo un placer, al gusto de cada persona: hoteles de lujo para los amantes de las grandes comodidades, hoteles familiares para los que buscan el contacto directo con la gente de la comarca, apartamentos de alquiler para los que quieren una independencia total, gran variedad de campings situados en lugares bell\u00edsimos para los que les guste este tipo de vacaciones, y turismo rural para los que necesiten urgentemente desconectar de todo.<\/p>\n<p>Es decir, encontrar\u00e1n el alojamiento que quieran seg\u00fan sus necesidades y preferencias, y adem\u00e1s con garant\u00edas de calidad. Nuestros establecimientos trabajan para implantar el distintivo de Calidad Tur\u00edstica SICTED y que garantiza a los clientes unos est\u00e1ndares de calidad a todas las categor\u00edas y a todos los niveles: desde las infraestructuras b\u00e1sicas del establecimiento hasta el servicio de atenci\u00f3n o la gastronom\u00eda. Son numerosos los establecimientos que ya tienen el certificado, y muchos otros lo est\u00e1n implantando actualmente.<\/p>\n<p>En caso de que deseen alojarse en una vivienda de uso tur\u00edstico en el Baix Empord\u00e0, cliquen aqu\u00ed (<a href=\"http:\/\/establimentsturistics.gencat.cat\/rtcwebguies\/AppJava\/cercaEstabliments.do?pst=5&amp;pg=0&amp;lg=es&amp;marcaR=5&amp;comarcaR=10&amp;municipiR=-1&amp;poblacioR=-1&amp;categoriaR=-1&amp;retol=&amp;idregistral=&amp;carrer=&amp;placesMin=&amp;placesMax=\" target=\"_blank\" rel=\"noopener noreferrer\">Listado oficial de la Generalitat de Catalunya con todas las viviendas de uso tur\u00edstico legalizado<\/a>).<\/p>\n","protected":false},"excerpt":{"rendered":"<p>Dormir en nuestra comarca puede ser todo un placer, al gusto de cada persona: hoteles de lujo para los amantes de las grandes comodidades, hoteles familiares para los que buscan el contacto directo con la gente de la comarca, apartamentos de alquiler para los que quieren una independencia total, gran variedad de campings situados en [&hellip;]<\/p>\n","protected":false},"author":2,"featured_media":4327,"parent":1069,"menu_order":10,"comment_status":"closed","ping_status":"closed","template":"page-templates\/hotels.php","meta":{"_acf_changed":false,"footnotes":""},"class_list":["post-1072","page","type-page","status-publish","has-post-thumbnail","hentry"],"acf":[],"yoast_head":"<!-- This site is optimized with the Yoast SEO plugin v27.3 - https:\/\/yoast.com\/product\/yoast-seo-wordpress\/ -->\n<title>D\u00f3nde dormir - Visit Empord\u00e0<\/title>\n<meta name=\"robots\" content=\"index, follow, max-snippet:-1, max-image-preview:large, max-video-preview:-1\" \/>\n<link rel=\"canonical\" href=\"https:\/\/visitemporda.com\/es\/planifica\/donde-dormir\/\" \/>\n<meta property=\"og:locale\" content=\"es_ES\" \/>\n<meta property=\"og:type\" content=\"article\" \/>\n<meta property=\"og:title\" content=\"D\u00f3nde dormir - Visit Empord\u00e0\" \/>\n<meta property=\"og:description\" content=\"Dormir en nuestra comarca puede ser todo un placer, al gusto de cada persona: hoteles de lujo para los amantes de las grandes comodidades, hoteles familiares para los que buscan el contacto directo con la gente de la comarca, apartamentos de alquiler para los que quieren una independencia total, gran variedad de campings situados en [&hellip;]\" \/>\n<meta property=\"og:url\" content=\"https:\/\/visitemporda.com\/es\/planifica\/donde-dormir\/\" \/>\n<meta property=\"og:site_name\" content=\"Visit Empord\u00e0\" \/>\n<meta property=\"article:publisher\" content=\"https:\/\/www.facebook.com\/baixempordaturisme\" \/>\n<meta property=\"article:modified_time\" content=\"2021-05-05T11:18:11+00:00\" \/>\n<meta property=\"og:image\" content=\"https:\/\/visitemporda.com\/wp-content\/uploads\/2019\/04\/Allotjament.jpg\" \/>\n\t<meta property=\"og:image:width\" content=\"363\" \/>\n\t<meta property=\"og:image:height\" content=\"242\" \/>\n\t<meta property=\"og:image:type\" content=\"image\/jpeg\" \/>\n<meta name=\"twitter:card\" content=\"summary_large_image\" \/>\n<meta name=\"twitter:site\" content=\"@baixemporda_tur\" \/>\n<meta name=\"twitter:label1\" content=\"Tiempo de lectura\" \/>\n\t<meta name=\"twitter:data1\" content=\"1 minuto\" \/>\n<script type=\"application\/ld+json\" class=\"yoast-schema-graph\">{\"@context\":\"https:\\\/\\\/schema.org\",\"@graph\":[{\"@type\":\"WebPage\",\"@id\":\"https:\\\/\\\/visitemporda.com\\\/es\\\/planifica\\\/donde-dormir\\\/\",\"url\":\"https:\\\/\\\/visitemporda.com\\\/es\\\/planifica\\\/donde-dormir\\\/\",\"name\":\"D\u00f3nde dormir - Visit Empord\u00e0\",\"isPartOf\":{\"@id\":\"https:\\\/\\\/visitemporda.com\\\/es\\\/#website\"},\"primaryImageOfPage\":{\"@id\":\"https:\\\/\\\/visitemporda.com\\\/es\\\/planifica\\\/donde-dormir\\\/#primaryimage\"},\"image\":{\"@id\":\"https:\\\/\\\/visitemporda.com\\\/es\\\/planifica\\\/donde-dormir\\\/#primaryimage\"},\"thumbnailUrl\":\"https:\\\/\\\/visitemporda.com\\\/wp-content\\\/uploads\\\/2019\\\/04\\\/Allotjament.jpg\",\"datePublished\":\"2019-03-21T12:36:53+00:00\",\"dateModified\":\"2021-05-05T11:18:11+00:00\",\"breadcrumb\":{\"@id\":\"https:\\\/\\\/visitemporda.com\\\/es\\\/planifica\\\/donde-dormir\\\/#breadcrumb\"},\"inLanguage\":\"es\",\"potentialAction\":[{\"@type\":\"ReadAction\",\"target\":[\"https:\\\/\\\/visitemporda.com\\\/es\\\/planifica\\\/donde-dormir\\\/\"]}]},{\"@type\":\"ImageObject\",\"inLanguage\":\"es\",\"@id\":\"https:\\\/\\\/visitemporda.com\\\/es\\\/planifica\\\/donde-dormir\\\/#primaryimage\",\"url\":\"https:\\\/\\\/visitemporda.com\\\/wp-content\\\/uploads\\\/2019\\\/04\\\/Allotjament.jpg\",\"contentUrl\":\"https:\\\/\\\/visitemporda.com\\\/wp-content\\\/uploads\\\/2019\\\/04\\\/Allotjament.jpg\",\"width\":363,\"height\":242,\"caption\":\"llit amb coixins\"},{\"@type\":\"BreadcrumbList\",\"@id\":\"https:\\\/\\\/visitemporda.com\\\/es\\\/planifica\\\/donde-dormir\\\/#breadcrumb\",\"itemListElement\":[{\"@type\":\"ListItem\",\"position\":1,\"name\":\"Inici\",\"item\":\"https:\\\/\\\/visitemporda.com\\\/es\\\/\"},{\"@type\":\"ListItem\",\"position\":2,\"name\":\"Planifica\",\"item\":\"https:\\\/\\\/visitemporda.com\\\/es\\\/planifica\\\/\"},{\"@type\":\"ListItem\",\"position\":3,\"name\":\"D\u00f3nde dormir\"}]},{\"@type\":\"WebSite\",\"@id\":\"https:\\\/\\\/visitemporda.com\\\/es\\\/#website\",\"url\":\"https:\\\/\\\/visitemporda.com\\\/es\\\/\",\"name\":\"Visit Empord\u00e0\",\"description\":\"Web tur\u00edstica oficial del Baix Empord\u00e0\",\"publisher\":{\"@id\":\"https:\\\/\\\/visitemporda.com\\\/es\\\/#organization\"},\"potentialAction\":[{\"@type\":\"SearchAction\",\"target\":{\"@type\":\"EntryPoint\",\"urlTemplate\":\"https:\\\/\\\/visitemporda.com\\\/es\\\/?s={search_term_string}\"},\"query-input\":{\"@type\":\"PropertyValueSpecification\",\"valueRequired\":true,\"valueName\":\"search_term_string\"}}],\"inLanguage\":\"es\"},{\"@type\":\"Organization\",\"@id\":\"https:\\\/\\\/visitemporda.com\\\/es\\\/#organization\",\"name\":\"Consell Comarcal del Baix Empord\u00e0\",\"url\":\"https:\\\/\\\/visitemporda.com\\\/es\\\/\",\"logo\":{\"@type\":\"ImageObject\",\"inLanguage\":\"es\",\"@id\":\"https:\\\/\\\/visitemporda.com\\\/es\\\/#\\\/schema\\\/logo\\\/image\\\/\",\"url\":\"https:\\\/\\\/visitemporda.com\\\/wp-content\\\/uploads\\\/2024\\\/11\\\/Logotip_CCBE.png\",\"contentUrl\":\"https:\\\/\\\/visitemporda.com\\\/wp-content\\\/uploads\\\/2024\\\/11\\\/Logotip_CCBE.png\",\"width\":3617,\"height\":3617,\"caption\":\"Consell Comarcal del Baix Empord\u00e0\"},\"image\":{\"@id\":\"https:\\\/\\\/visitemporda.com\\\/es\\\/#\\\/schema\\\/logo\\\/image\\\/\"},\"sameAs\":[\"https:\\\/\\\/www.facebook.com\\\/baixempordaturisme\",\"https:\\\/\\\/x.com\\\/baixemporda_tur\",\"https:\\\/\\\/www.instagram.com\\\/visitemporda\"]}]}<\/script>\n<!-- \/ Yoast SEO plugin. -->","yoast_head_json":{"title":"D\u00f3nde dormir - Visit Empord\u00e0","robots":{"index":"index","follow":"follow","max-snippet":"max-snippet:-1","max-image-preview":"max-image-preview:large","max-video-preview":"max-video-preview:-1"},"canonical":"https:\/\/visitemporda.com\/es\/planifica\/donde-dormir\/","og_locale":"es_ES","og_type":"article","og_title":"D\u00f3nde dormir - Visit Empord\u00e0","og_description":"Dormir en nuestra comarca puede ser todo un placer, al gusto de cada persona: hoteles de lujo para los amantes de las grandes comodidades, hoteles familiares para los que buscan el contacto directo con la gente de la comarca, apartamentos de alquiler para los que quieren una independencia total, gran variedad de campings situados en [&hellip;]","og_url":"https:\/\/visitemporda.com\/es\/planifica\/donde-dormir\/","og_site_name":"Visit Empord\u00e0","article_publisher":"https:\/\/www.facebook.com\/baixempordaturisme","article_modified_time":"2021-05-05T11:18:11+00:00","og_image":[{"width":363,"height":242,"url":"https:\/\/visitemporda.com\/wp-content\/uploads\/2019\/04\/Allotjament.jpg","type":"image\/jpeg"}],"twitter_card":"summary_large_image","twitter_site":"@baixemporda_tur","twitter_misc":{"Tiempo de lectura":"1 minuto"},"schema":{"@context":"https:\/\/schema.org","@graph":[{"@type":"WebPage","@id":"https:\/\/visitemporda.com\/es\/planifica\/donde-dormir\/","url":"https:\/\/visitemporda.com\/es\/planifica\/donde-dormir\/","name":"D\u00f3nde dormir - Visit Empord\u00e0","isPartOf":{"@id":"https:\/\/visitemporda.com\/es\/#website"},"primaryImageOfPage":{"@id":"https:\/\/visitemporda.com\/es\/planifica\/donde-dormir\/#primaryimage"},"image":{"@id":"https:\/\/visitemporda.com\/es\/planifica\/donde-dormir\/#primaryimage"},"thumbnailUrl":"https:\/\/visitemporda.com\/wp-content\/uploads\/2019\/04\/Allotjament.jpg","datePublished":"2019-03-21T12:36:53+00:00","dateModified":"2021-05-05T11:18:11+00:00","breadcrumb":{"@id":"https:\/\/visitemporda.com\/es\/planifica\/donde-dormir\/#breadcrumb"},"inLanguage":"es","potentialAction":[{"@type":"ReadAction","target":["https:\/\/visitemporda.com\/es\/planifica\/donde-dormir\/"]}]},{"@type":"ImageObject","inLanguage":"es","@id":"https:\/\/visitemporda.com\/es\/planifica\/donde-dormir\/#primaryimage","url":"https:\/\/visitemporda.com\/wp-content\/uploads\/2019\/04\/Allotjament.jpg","contentUrl":"https:\/\/visitemporda.com\/wp-content\/uploads\/2019\/04\/Allotjament.jpg","width":363,"height":242,"caption":"llit amb coixins"},{"@type":"BreadcrumbList","@id":"https:\/\/visitemporda.com\/es\/planifica\/donde-dormir\/#breadcrumb","itemListElement":[{"@type":"ListItem","position":1,"name":"Inici","item":"https:\/\/visitemporda.com\/es\/"},{"@type":"ListItem","position":2,"name":"Planifica","item":"https:\/\/visitemporda.com\/es\/planifica\/"},{"@type":"ListItem","position":3,"name":"D\u00f3nde dormir"}]},{"@type":"WebSite","@id":"https:\/\/visitemporda.com\/es\/#website","url":"https:\/\/visitemporda.com\/es\/","name":"Visit Empord\u00e0","description":"Web tur\u00edstica oficial del Baix Empord\u00e0","publisher":{"@id":"https:\/\/visitemporda.com\/es\/#organization"},"potentialAction":[{"@type":"SearchAction","target":{"@type":"EntryPoint","urlTemplate":"https:\/\/visitemporda.com\/es\/?s={search_term_string}"},"query-input":{"@type":"PropertyValueSpecification","valueRequired":true,"valueName":"search_term_string"}}],"inLanguage":"es"},{"@type":"Organization","@id":"https:\/\/visitemporda.com\/es\/#organization","name":"Consell Comarcal del Baix Empord\u00e0","url":"https:\/\/visitemporda.com\/es\/","logo":{"@type":"ImageObject","inLanguage":"es","@id":"https:\/\/visitemporda.com\/es\/#\/schema\/logo\/image\/","url":"https:\/\/visitemporda.com\/wp-content\/uploads\/2024\/11\/Logotip_CCBE.png","contentUrl":"https:\/\/visitemporda.com\/wp-content\/uploads\/2024\/11\/Logotip_CCBE.png","width":3617,"height":3617,"caption":"Consell Comarcal del Baix Empord\u00e0"},"image":{"@id":"https:\/\/visitemporda.com\/es\/#\/schema\/logo\/image\/"},"sameAs":["https:\/\/www.facebook.com\/baixempordaturisme","https:\/\/x.com\/baixemporda_tur","https:\/\/www.instagram.com\/visitemporda"]}]}},"_links":{"self":[{"href":"https:\/\/visitemporda.com\/es\/wp-json\/wp\/v2\/pages\/1072","targetHints":{"allow":["GET"]}}],"collection":[{"href":"https:\/\/visitemporda.com\/es\/wp-json\/wp\/v2\/pages"}],"about":[{"href":"https:\/\/visitemporda.com\/es\/wp-json\/wp\/v2\/types\/page"}],"author":[{"embeddable":true,"href":"https:\/\/visitemporda.com\/es\/wp-json\/wp\/v2\/users\/2"}],"replies":[{"embeddable":true,"href":"https:\/\/visitemporda.com\/es\/wp-json\/wp\/v2\/comments?post=1072"}],"version-history":[{"count":6,"href":"https:\/\/visitemporda.com\/es\/wp-json\/wp\/v2\/pages\/1072\/revisions"}],"predecessor-version":[{"id":29957,"href":"https:\/\/visitemporda.com\/es\/wp-json\/wp\/v2\/pages\/1072\/revisions\/29957"}],"up":[{"embeddable":true,"href":"https:\/\/visitemporda.com\/es\/wp-json\/wp\/v2\/pages\/1069"}],"wp:featuredmedia":[{"embeddable":true,"href":"https:\/\/visitemporda.com\/es\/wp-json\/wp\/v2\/media\/4327"}],"wp:attachment":[{"href":"https:\/\/visitemporda.com\/es\/wp-json\/wp\/v2\/media?parent=1072"}],"curies":[{"name":"wp","href":"https:\/\/api.w.org\/{rel}","templated":true}]}}