

{"id":30431,"date":"2019-10-08T16:18:57","date_gmt":"2019-10-08T14:18:57","guid":{"rendered":"http:\/\/visitemporda.com\/recomenacions\/propostes\/patrimoni-cultural\/terra-de-musics\/havanera-i-canco-de-taverna\/"},"modified":"2024-07-26T13:15:15","modified_gmt":"2024-07-26T11:15:15","slug":"havanera-i-canco-de-taverna","status":"publish","type":"page","link":"https:\/\/visitemporda.com\/en\/recomenacions\/propostes\/patrimoni-cultural\/terra-de-musics\/havanera-i-canco-de-taverna\/","title":{"rendered":"Habaneras and tavern songs"},"content":{"rendered":"<p>Tinged with the nostalgia that <em>indianos<\/em>, people who had moved to the Americas, felt for Cuba after returning to Catalonia, habaneras are the result of the cultural mixture of the Caribbean and they have laid down deep roots on the Costa Brava, where they were added to the tradition of the tavern song. As well as offering food and drink for sailors, the taverns are a space for popular creativity.<\/p>\n<p>Throughout the 20th century, tavern music, and especially habaneras, have gained in profile thanks to performances such as that of Calella de Palafrugell, a pioneer in introducing them to a wider public. The tavern song is a vibrant phenomenon, comprising a network of singers, spaces and festivals that continue its legacy. It is a collective act that brings people together around music and which is often accompanied with the typical burnt rum.<\/p>\n<p>The Baix Empord\u00e0 is home to musicians and musical groups that help publicise and safeguard this musical genre.\u00a0 Examples of these groups include Port-bo, Peix Fregit, Cantaires del Montgr\u00ed, Arjau, L\u2019Empordanet and Els Cremats.<\/p>\n<p>Currently, most coastal centres include performances of habaneras and seafaring songs in their calendars of summer activities.<\/p>\n<p>Some of these events are listed below:<\/p>\n<p>Habaneras Concert, Calella de Palafrugell (July)<\/p>\n<p>Habaneras and Tavern Songs Concert, Platja d\u2019Aro (July)<\/p>\n<p>Habaneras and Boleros Concert, Sant Antoni de Calonge (July)<\/p>\n<p>Habaneras Concert, l\u2019Estartit (July)<\/p>\n<p>Tavern Songs, Sant Feliu de Gu\u00edxols (July\u2013August)<\/p>\n<p>Habaneras Concert, Pals (July)<\/p>\n<p>Catalan Habanaera Concert, Palam\u00f3s (August)<\/p>\n<p>Habaneras Concert, Begur (August)<\/p>\n<p>Habaneres in Cala Montg\u00f3 (Torroella de Montgr\u00ed) (August)<\/p>\n","protected":false},"excerpt":{"rendered":"<p>Tinged with the nostalgia that indianos, people who had moved to the Americas, felt for Cuba after returning to Catalonia, habaneras are the result of the cultural mixture of the Caribbean and they have laid down deep roots on the Costa Brava, where they were added to the tradition of the tavern song. As well [&hellip;]<\/p>\n","protected":false},"author":2,"featured_media":7614,"parent":21336,"menu_order":0,"comment_status":"closed","ping_status":"closed","template":"page-templates\/fitxa-campanyes-gastronomiques.php","meta":{"_acf_changed":false,"footnotes":""},"class_list":["post-30431","page","type-page","status-publish","has-post-thumbnail","hentry"],"acf":[],"yoast_head":"<!-- This site is optimized with the Yoast SEO plugin v27.4 - https:\/\/yoast.com\/product\/yoast-seo-wordpress\/ -->\n<title>Habaneras and tavern songs - Visit Empord\u00e0<\/title>\n<meta name=\"robots\" content=\"index, follow, max-snippet:-1, max-image-preview:large, max-video-preview:-1\" \/>\n<link rel=\"canonical\" href=\"https:\/\/visitemporda.com\/en\/recomenacions\/propostes\/patrimoni-cultural\/terra-de-musics\/havanera-i-canco-de-taverna\/\" \/>\n<meta property=\"og:locale\" content=\"en_US\" \/>\n<meta property=\"og:type\" content=\"article\" \/>\n<meta property=\"og:title\" content=\"Habaneras and tavern songs - Visit Empord\u00e0\" \/>\n<meta property=\"og:description\" content=\"Tinged with the nostalgia that indianos, people who had moved to the Americas, felt for Cuba after returning to Catalonia, habaneras are the result of the cultural mixture of the Caribbean and they have laid down deep roots on the Costa Brava, where they were added to the tradition of the tavern song. As well [&hellip;]\" \/>\n<meta property=\"og:url\" content=\"https:\/\/visitemporda.com\/en\/recomenacions\/propostes\/patrimoni-cultural\/terra-de-musics\/havanera-i-canco-de-taverna\/\" \/>\n<meta property=\"og:site_name\" content=\"Visit Empord\u00e0\" \/>\n<meta property=\"article:publisher\" content=\"https:\/\/www.facebook.com\/baixempordaturisme\" \/>\n<meta property=\"article:modified_time\" content=\"2024-07-26T11:15:15+00:00\" \/>\n<meta property=\"og:image\" content=\"https:\/\/visitemporda.com\/wp-content\/uploads\/2019\/10\/Can\u00e7\u00f3-de-taverna-1024x683.jpg\" \/>\n\t<meta property=\"og:image:width\" content=\"1024\" \/>\n\t<meta property=\"og:image:height\" content=\"683\" \/>\n\t<meta property=\"og:image:type\" content=\"image\/jpeg\" \/>\n<meta name=\"twitter:card\" content=\"summary_large_image\" \/>\n<meta name=\"twitter:site\" content=\"@baixemporda_tur\" \/>\n<meta name=\"twitter:label1\" content=\"Est. reading time\" \/>\n\t<meta name=\"twitter:data1\" content=\"1 minute\" \/>\n<script type=\"application\/ld+json\" class=\"yoast-schema-graph\">{\"@context\":\"https:\\\/\\\/schema.org\",\"@graph\":[{\"@type\":\"WebPage\",\"@id\":\"https:\\\/\\\/visitemporda.com\\\/en\\\/recomenacions\\\/propostes\\\/patrimoni-cultural\\\/terra-de-musics\\\/havanera-i-canco-de-taverna\\\/\",\"url\":\"https:\\\/\\\/visitemporda.com\\\/en\\\/recomenacions\\\/propostes\\\/patrimoni-cultural\\\/terra-de-musics\\\/havanera-i-canco-de-taverna\\\/\",\"name\":\"Habaneras and tavern songs - Visit Empord\u00e0\",\"isPartOf\":{\"@id\":\"https:\\\/\\\/visitemporda.com\\\/en\\\/#website\"},\"primaryImageOfPage\":{\"@id\":\"https:\\\/\\\/visitemporda.com\\\/en\\\/recomenacions\\\/propostes\\\/patrimoni-cultural\\\/terra-de-musics\\\/havanera-i-canco-de-taverna\\\/#primaryimage\"},\"image\":{\"@id\":\"https:\\\/\\\/visitemporda.com\\\/en\\\/recomenacions\\\/propostes\\\/patrimoni-cultural\\\/terra-de-musics\\\/havanera-i-canco-de-taverna\\\/#primaryimage\"},\"thumbnailUrl\":\"https:\\\/\\\/visitemporda.com\\\/wp-content\\\/uploads\\\/2019\\\/10\\\/Can\u00e7\u00f3-de-taverna.jpg\",\"datePublished\":\"2019-10-08T14:18:57+00:00\",\"dateModified\":\"2024-07-26T11:15:15+00:00\",\"breadcrumb\":{\"@id\":\"https:\\\/\\\/visitemporda.com\\\/en\\\/recomenacions\\\/propostes\\\/patrimoni-cultural\\\/terra-de-musics\\\/havanera-i-canco-de-taverna\\\/#breadcrumb\"},\"inLanguage\":\"en-US\",\"potentialAction\":[{\"@type\":\"ReadAction\",\"target\":[\"https:\\\/\\\/visitemporda.com\\\/en\\\/recomenacions\\\/propostes\\\/patrimoni-cultural\\\/terra-de-musics\\\/havanera-i-canco-de-taverna\\\/\"]}]},{\"@type\":\"ImageObject\",\"inLanguage\":\"en-US\",\"@id\":\"https:\\\/\\\/visitemporda.com\\\/en\\\/recomenacions\\\/propostes\\\/patrimoni-cultural\\\/terra-de-musics\\\/havanera-i-canco-de-taverna\\\/#primaryimage\",\"url\":\"https:\\\/\\\/visitemporda.com\\\/wp-content\\\/uploads\\\/2019\\\/10\\\/Can\u00e7\u00f3-de-taverna.jpg\",\"contentUrl\":\"https:\\\/\\\/visitemporda.com\\\/wp-content\\\/uploads\\\/2019\\\/10\\\/Can\u00e7\u00f3-de-taverna.jpg\",\"width\":4608,\"height\":3072,\"caption\":\"Can\u00e7\u00f3 de taverna a dalt de l'escenaru\"},{\"@type\":\"BreadcrumbList\",\"@id\":\"https:\\\/\\\/visitemporda.com\\\/en\\\/recomenacions\\\/propostes\\\/patrimoni-cultural\\\/terra-de-musics\\\/havanera-i-canco-de-taverna\\\/#breadcrumb\",\"itemListElement\":[{\"@type\":\"ListItem\",\"position\":1,\"name\":\"Inici\",\"item\":\"https:\\\/\\\/visitemporda.com\\\/en\\\/\"},{\"@type\":\"ListItem\",\"position\":2,\"name\":\"Recommendations\",\"item\":\"https:\\\/\\\/visitemporda.com\\\/en\\\/recomenacions\\\/\"},{\"@type\":\"ListItem\",\"position\":3,\"name\":\"What to do\",\"item\":\"https:\\\/\\\/visitemporda.com\\\/en\\\/recomenacions\\\/propostes\\\/\"},{\"@type\":\"ListItem\",\"position\":4,\"name\":\"Cultural heritage\",\"item\":\"https:\\\/\\\/visitemporda.com\\\/en\\\/recomenacions\\\/propostes\\\/patrimoni-cultural\\\/\"},{\"@type\":\"ListItem\",\"position\":5,\"name\":\"Land of musicians\",\"item\":\"https:\\\/\\\/visitemporda.com\\\/en\\\/recomenacions\\\/propostes\\\/patrimoni-cultural\\\/terra-de-musics\\\/\"},{\"@type\":\"ListItem\",\"position\":6,\"name\":\"Habaneras and tavern songs\"}]},{\"@type\":\"WebSite\",\"@id\":\"https:\\\/\\\/visitemporda.com\\\/en\\\/#website\",\"url\":\"https:\\\/\\\/visitemporda.com\\\/en\\\/\",\"name\":\"Visit Empord\u00e0\",\"description\":\"The Official Site of the Baix Empord\u00e0 region\",\"publisher\":{\"@id\":\"https:\\\/\\\/visitemporda.com\\\/en\\\/#organization\"},\"potentialAction\":[{\"@type\":\"SearchAction\",\"target\":{\"@type\":\"EntryPoint\",\"urlTemplate\":\"https:\\\/\\\/visitemporda.com\\\/en\\\/?s={search_term_string}\"},\"query-input\":{\"@type\":\"PropertyValueSpecification\",\"valueRequired\":true,\"valueName\":\"search_term_string\"}}],\"inLanguage\":\"en-US\"},{\"@type\":\"Organization\",\"@id\":\"https:\\\/\\\/visitemporda.com\\\/en\\\/#organization\",\"name\":\"Consell Comarcal del Baix Empord\u00e0\",\"url\":\"https:\\\/\\\/visitemporda.com\\\/en\\\/\",\"logo\":{\"@type\":\"ImageObject\",\"inLanguage\":\"en-US\",\"@id\":\"https:\\\/\\\/visitemporda.com\\\/en\\\/#\\\/schema\\\/logo\\\/image\\\/\",\"url\":\"https:\\\/\\\/visitemporda.com\\\/wp-content\\\/uploads\\\/2024\\\/11\\\/Logotip_CCBE.png\",\"contentUrl\":\"https:\\\/\\\/visitemporda.com\\\/wp-content\\\/uploads\\\/2024\\\/11\\\/Logotip_CCBE.png\",\"width\":3617,\"height\":3617,\"caption\":\"Consell Comarcal del Baix Empord\u00e0\"},\"image\":{\"@id\":\"https:\\\/\\\/visitemporda.com\\\/en\\\/#\\\/schema\\\/logo\\\/image\\\/\"},\"sameAs\":[\"https:\\\/\\\/www.facebook.com\\\/baixempordaturisme\",\"https:\\\/\\\/x.com\\\/baixemporda_tur\",\"https:\\\/\\\/www.instagram.com\\\/visitemporda\"]}]}<\/script>\n<!-- \/ Yoast SEO plugin. -->","yoast_head_json":{"title":"Habaneras and tavern songs - Visit Empord\u00e0","robots":{"index":"index","follow":"follow","max-snippet":"max-snippet:-1","max-image-preview":"max-image-preview:large","max-video-preview":"max-video-preview:-1"},"canonical":"https:\/\/visitemporda.com\/en\/recomenacions\/propostes\/patrimoni-cultural\/terra-de-musics\/havanera-i-canco-de-taverna\/","og_locale":"en_US","og_type":"article","og_title":"Habaneras and tavern songs - Visit Empord\u00e0","og_description":"Tinged with the nostalgia that indianos, people who had moved to the Americas, felt for Cuba after returning to Catalonia, habaneras are the result of the cultural mixture of the Caribbean and they have laid down deep roots on the Costa Brava, where they were added to the tradition of the tavern song. As well [&hellip;]","og_url":"https:\/\/visitemporda.com\/en\/recomenacions\/propostes\/patrimoni-cultural\/terra-de-musics\/havanera-i-canco-de-taverna\/","og_site_name":"Visit Empord\u00e0","article_publisher":"https:\/\/www.facebook.com\/baixempordaturisme","article_modified_time":"2024-07-26T11:15:15+00:00","og_image":[{"width":1024,"height":683,"url":"https:\/\/visitemporda.com\/wp-content\/uploads\/2019\/10\/Can\u00e7\u00f3-de-taverna-1024x683.jpg","type":"image\/jpeg"}],"twitter_card":"summary_large_image","twitter_site":"@baixemporda_tur","twitter_misc":{"Est. reading time":"1 minute"},"schema":{"@context":"https:\/\/schema.org","@graph":[{"@type":"WebPage","@id":"https:\/\/visitemporda.com\/en\/recomenacions\/propostes\/patrimoni-cultural\/terra-de-musics\/havanera-i-canco-de-taverna\/","url":"https:\/\/visitemporda.com\/en\/recomenacions\/propostes\/patrimoni-cultural\/terra-de-musics\/havanera-i-canco-de-taverna\/","name":"Habaneras and tavern songs - Visit Empord\u00e0","isPartOf":{"@id":"https:\/\/visitemporda.com\/en\/#website"},"primaryImageOfPage":{"@id":"https:\/\/visitemporda.com\/en\/recomenacions\/propostes\/patrimoni-cultural\/terra-de-musics\/havanera-i-canco-de-taverna\/#primaryimage"},"image":{"@id":"https:\/\/visitemporda.com\/en\/recomenacions\/propostes\/patrimoni-cultural\/terra-de-musics\/havanera-i-canco-de-taverna\/#primaryimage"},"thumbnailUrl":"https:\/\/visitemporda.com\/wp-content\/uploads\/2019\/10\/Can\u00e7\u00f3-de-taverna.jpg","datePublished":"2019-10-08T14:18:57+00:00","dateModified":"2024-07-26T11:15:15+00:00","breadcrumb":{"@id":"https:\/\/visitemporda.com\/en\/recomenacions\/propostes\/patrimoni-cultural\/terra-de-musics\/havanera-i-canco-de-taverna\/#breadcrumb"},"inLanguage":"en-US","potentialAction":[{"@type":"ReadAction","target":["https:\/\/visitemporda.com\/en\/recomenacions\/propostes\/patrimoni-cultural\/terra-de-musics\/havanera-i-canco-de-taverna\/"]}]},{"@type":"ImageObject","inLanguage":"en-US","@id":"https:\/\/visitemporda.com\/en\/recomenacions\/propostes\/patrimoni-cultural\/terra-de-musics\/havanera-i-canco-de-taverna\/#primaryimage","url":"https:\/\/visitemporda.com\/wp-content\/uploads\/2019\/10\/Can\u00e7\u00f3-de-taverna.jpg","contentUrl":"https:\/\/visitemporda.com\/wp-content\/uploads\/2019\/10\/Can\u00e7\u00f3-de-taverna.jpg","width":4608,"height":3072,"caption":"Can\u00e7\u00f3 de taverna a dalt de l'escenaru"},{"@type":"BreadcrumbList","@id":"https:\/\/visitemporda.com\/en\/recomenacions\/propostes\/patrimoni-cultural\/terra-de-musics\/havanera-i-canco-de-taverna\/#breadcrumb","itemListElement":[{"@type":"ListItem","position":1,"name":"Inici","item":"https:\/\/visitemporda.com\/en\/"},{"@type":"ListItem","position":2,"name":"Recommendations","item":"https:\/\/visitemporda.com\/en\/recomenacions\/"},{"@type":"ListItem","position":3,"name":"What to do","item":"https:\/\/visitemporda.com\/en\/recomenacions\/propostes\/"},{"@type":"ListItem","position":4,"name":"Cultural heritage","item":"https:\/\/visitemporda.com\/en\/recomenacions\/propostes\/patrimoni-cultural\/"},{"@type":"ListItem","position":5,"name":"Land of musicians","item":"https:\/\/visitemporda.com\/en\/recomenacions\/propostes\/patrimoni-cultural\/terra-de-musics\/"},{"@type":"ListItem","position":6,"name":"Habaneras and tavern songs"}]},{"@type":"WebSite","@id":"https:\/\/visitemporda.com\/en\/#website","url":"https:\/\/visitemporda.com\/en\/","name":"Visit Empord\u00e0","description":"The Official Site of the Baix Empord\u00e0 region","publisher":{"@id":"https:\/\/visitemporda.com\/en\/#organization"},"potentialAction":[{"@type":"SearchAction","target":{"@type":"EntryPoint","urlTemplate":"https:\/\/visitemporda.com\/en\/?s={search_term_string}"},"query-input":{"@type":"PropertyValueSpecification","valueRequired":true,"valueName":"search_term_string"}}],"inLanguage":"en-US"},{"@type":"Organization","@id":"https:\/\/visitemporda.com\/en\/#organization","name":"Consell Comarcal del Baix Empord\u00e0","url":"https:\/\/visitemporda.com\/en\/","logo":{"@type":"ImageObject","inLanguage":"en-US","@id":"https:\/\/visitemporda.com\/en\/#\/schema\/logo\/image\/","url":"https:\/\/visitemporda.com\/wp-content\/uploads\/2024\/11\/Logotip_CCBE.png","contentUrl":"https:\/\/visitemporda.com\/wp-content\/uploads\/2024\/11\/Logotip_CCBE.png","width":3617,"height":3617,"caption":"Consell Comarcal del Baix Empord\u00e0"},"image":{"@id":"https:\/\/visitemporda.com\/en\/#\/schema\/logo\/image\/"},"sameAs":["https:\/\/www.facebook.com\/baixempordaturisme","https:\/\/x.com\/baixemporda_tur","https:\/\/www.instagram.com\/visitemporda"]}]}},"_links":{"self":[{"href":"https:\/\/visitemporda.com\/en\/wp-json\/wp\/v2\/pages\/30431","targetHints":{"allow":["GET"]}}],"collection":[{"href":"https:\/\/visitemporda.com\/en\/wp-json\/wp\/v2\/pages"}],"about":[{"href":"https:\/\/visitemporda.com\/en\/wp-json\/wp\/v2\/types\/page"}],"author":[{"embeddable":true,"href":"https:\/\/visitemporda.com\/en\/wp-json\/wp\/v2\/users\/2"}],"replies":[{"embeddable":true,"href":"https:\/\/visitemporda.com\/en\/wp-json\/wp\/v2\/comments?post=30431"}],"version-history":[{"count":5,"href":"https:\/\/visitemporda.com\/en\/wp-json\/wp\/v2\/pages\/30431\/revisions"}],"predecessor-version":[{"id":48461,"href":"https:\/\/visitemporda.com\/en\/wp-json\/wp\/v2\/pages\/30431\/revisions\/48461"}],"up":[{"embeddable":true,"href":"https:\/\/visitemporda.com\/en\/wp-json\/wp\/v2\/pages\/21336"}],"wp:featuredmedia":[{"embeddable":true,"href":"https:\/\/visitemporda.com\/en\/wp-json\/wp\/v2\/media\/7614"}],"wp:attachment":[{"href":"https:\/\/visitemporda.com\/en\/wp-json\/wp\/v2\/media?parent=30431"}],"curies":[{"name":"wp","href":"https:\/\/api.w.org\/{rel}","templated":true}]}}