

{"id":30063,"date":"2021-03-31T12:57:18","date_gmt":"2021-03-31T10:57:18","guid":{"rendered":"http:\/\/visitemporda.com\/professionals\/empreses\/projectes-de-la-destinacio\/pla-daccessibilitat-turistica-del-baix-emporda-3\/"},"modified":"2021-05-07T21:43:16","modified_gmt":"2021-05-07T19:43:16","slug":"pla-daccessibilitat-turistica-del-baix-emporda-3","status":"publish","type":"page","link":"https:\/\/visitemporda.com\/en\/professionals\/empreses\/projectes-de-la-destinacio\/pla-daccessibilitat-turistica-del-baix-emporda-3\/","title":{"rendered":"Agri-food and the Productes de l\u2019Empord\u00e0 guarantee mark"},"content":{"rendered":"<p>The Regional Council of the Baix Empord\u00e0 is working showcase the value of agricultural and food products and artisanal food products, in particular ones that are typical of the Empord\u00e0. The Productes de l\u2019Empord\u00e0 guarantee mark certifies and recognises products that are produced, made, processed or packaged in the Empord\u00e0 in accordance with its traditions. The mark currently includes Arr\u00f2s de Pals rice, Botifarradol\u00e7a sausage, Brunyols de l\u2019Empord\u00e0 doughnuts, Ceba de Figueres onion, Fesol de l\u2019ullros beans, Gamba de Palam\u00f3s prawns, Poma de <em>relleno<\/em> de Vilabertran stuffed apples and Recuit curd cheese.<\/p>\n<p>The regional council also helps acknowledge products included in other quality certifications: Empord\u00e0 Designation of Origin wine (DO), Empord\u00e0 Protected Designation of Origin oil (PDO) and Girona Protected Geographical Indication apples (PGI).<\/p>\n<p>The Tourism Area also encourages people to visit and discover these local producers and artisans who, with their hard work and dedication, help maintain and publicise the identity of the region, opening the doors to their homes. This combination of tourism, crafts and agricultural and food products contributes to the development of sustainable and responsible tourism in the region.<\/p>\n","protected":false},"excerpt":{"rendered":"<p>The Regional Council of the Baix Empord\u00e0 is working showcase the value of agricultural and food products and artisanal food products, in particular ones that are typical of the Empord\u00e0. The Productes de l\u2019Empord\u00e0 guarantee mark certifies and recognises products that are produced, made, processed or packaged in the Empord\u00e0 in accordance with its traditions. [&hellip;]<\/p>\n","protected":false},"author":2,"featured_media":22658,"parent":22919,"menu_order":0,"comment_status":"closed","ping_status":"closed","template":"page-templates\/fitxa-campanyes-gastronomiques.php","meta":{"_acf_changed":false,"footnotes":""},"class_list":["post-30063","page","type-page","status-publish","has-post-thumbnail","hentry"],"acf":[],"yoast_head":"<!-- This site is optimized with the Yoast SEO plugin v27.3 - https:\/\/yoast.com\/product\/yoast-seo-wordpress\/ -->\n<title>Agri-food and the Productes de l\u2019Empord\u00e0 guarantee mark - Visit Empord\u00e0<\/title>\n<meta name=\"robots\" content=\"index, follow, max-snippet:-1, max-image-preview:large, max-video-preview:-1\" \/>\n<link rel=\"canonical\" href=\"https:\/\/visitemporda.com\/en\/professionals\/empreses\/projectes-de-la-destinacio\/pla-daccessibilitat-turistica-del-baix-emporda-3\/\" \/>\n<meta property=\"og:locale\" content=\"en_US\" \/>\n<meta property=\"og:type\" content=\"article\" \/>\n<meta property=\"og:title\" content=\"Agri-food and the Productes de l\u2019Empord\u00e0 guarantee mark - Visit Empord\u00e0\" \/>\n<meta property=\"og:description\" content=\"The Regional Council of the Baix Empord\u00e0 is working showcase the value of agricultural and food products and artisanal food products, in particular ones that are typical of the Empord\u00e0. The Productes de l\u2019Empord\u00e0 guarantee mark certifies and recognises products that are produced, made, processed or packaged in the Empord\u00e0 in accordance with its traditions. [&hellip;]\" \/>\n<meta property=\"og:url\" content=\"https:\/\/visitemporda.com\/en\/professionals\/empreses\/projectes-de-la-destinacio\/pla-daccessibilitat-turistica-del-baix-emporda-3\/\" \/>\n<meta property=\"og:site_name\" content=\"Visit Empord\u00e0\" \/>\n<meta property=\"article:publisher\" content=\"https:\/\/www.facebook.com\/baixempordaturisme\" \/>\n<meta property=\"article:modified_time\" content=\"2021-05-07T19:43:16+00:00\" \/>\n<meta property=\"og:image\" content=\"https:\/\/visitemporda.com\/wp-content\/uploads\/2021\/03\/Punt-de-llibre-definitiu-_compre.jpg\" \/>\n\t<meta property=\"og:image:width\" content=\"127\" \/>\n\t<meta property=\"og:image:height\" content=\"430\" \/>\n\t<meta property=\"og:image:type\" content=\"image\/jpeg\" \/>\n<meta name=\"twitter:card\" content=\"summary_large_image\" \/>\n<meta name=\"twitter:site\" content=\"@baixemporda_tur\" \/>\n<meta name=\"twitter:label1\" content=\"Est. reading time\" \/>\n\t<meta name=\"twitter:data1\" content=\"1 minute\" \/>\n<script type=\"application\/ld+json\" class=\"yoast-schema-graph\">{\"@context\":\"https:\\\/\\\/schema.org\",\"@graph\":[{\"@type\":\"WebPage\",\"@id\":\"https:\\\/\\\/visitemporda.com\\\/en\\\/professionals\\\/empreses\\\/projectes-de-la-destinacio\\\/pla-daccessibilitat-turistica-del-baix-emporda-3\\\/\",\"url\":\"https:\\\/\\\/visitemporda.com\\\/en\\\/professionals\\\/empreses\\\/projectes-de-la-destinacio\\\/pla-daccessibilitat-turistica-del-baix-emporda-3\\\/\",\"name\":\"Agri-food and the Productes de l\u2019Empord\u00e0 guarantee mark - Visit Empord\u00e0\",\"isPartOf\":{\"@id\":\"https:\\\/\\\/visitemporda.com\\\/en\\\/#website\"},\"primaryImageOfPage\":{\"@id\":\"https:\\\/\\\/visitemporda.com\\\/en\\\/professionals\\\/empreses\\\/projectes-de-la-destinacio\\\/pla-daccessibilitat-turistica-del-baix-emporda-3\\\/#primaryimage\"},\"image\":{\"@id\":\"https:\\\/\\\/visitemporda.com\\\/en\\\/professionals\\\/empreses\\\/projectes-de-la-destinacio\\\/pla-daccessibilitat-turistica-del-baix-emporda-3\\\/#primaryimage\"},\"thumbnailUrl\":\"https:\\\/\\\/visitemporda.com\\\/wp-content\\\/uploads\\\/2021\\\/03\\\/Punt-de-llibre-definitiu-_compre.jpg\",\"datePublished\":\"2021-03-31T10:57:18+00:00\",\"dateModified\":\"2021-05-07T19:43:16+00:00\",\"breadcrumb\":{\"@id\":\"https:\\\/\\\/visitemporda.com\\\/en\\\/professionals\\\/empreses\\\/projectes-de-la-destinacio\\\/pla-daccessibilitat-turistica-del-baix-emporda-3\\\/#breadcrumb\"},\"inLanguage\":\"en-US\",\"potentialAction\":[{\"@type\":\"ReadAction\",\"target\":[\"https:\\\/\\\/visitemporda.com\\\/en\\\/professionals\\\/empreses\\\/projectes-de-la-destinacio\\\/pla-daccessibilitat-turistica-del-baix-emporda-3\\\/\"]}]},{\"@type\":\"ImageObject\",\"inLanguage\":\"en-US\",\"@id\":\"https:\\\/\\\/visitemporda.com\\\/en\\\/professionals\\\/empreses\\\/projectes-de-la-destinacio\\\/pla-daccessibilitat-turistica-del-baix-emporda-3\\\/#primaryimage\",\"url\":\"https:\\\/\\\/visitemporda.com\\\/wp-content\\\/uploads\\\/2021\\\/03\\\/Punt-de-llibre-definitiu-_compre.jpg\",\"contentUrl\":\"https:\\\/\\\/visitemporda.com\\\/wp-content\\\/uploads\\\/2021\\\/03\\\/Punt-de-llibre-definitiu-_compre.jpg\",\"width\":127,\"height\":430,\"caption\":\"Punt de llibre marca de garantia productes de l'Empord\u00e0. Mida vertical. A dalt de tot logtip productes de l'empord\u00e0 i a sota imatge gamba, despr\u00e9s imatge botifarra dol\u00e7a, ceba de figueres, pomes de relleno, brunyols de l'empord\u00e0, arr\u00f2s de pals, fesol de l'ull ros, recuit..\"},{\"@type\":\"BreadcrumbList\",\"@id\":\"https:\\\/\\\/visitemporda.com\\\/en\\\/professionals\\\/empreses\\\/projectes-de-la-destinacio\\\/pla-daccessibilitat-turistica-del-baix-emporda-3\\\/#breadcrumb\",\"itemListElement\":[{\"@type\":\"ListItem\",\"position\":1,\"name\":\"Inici\",\"item\":\"https:\\\/\\\/visitemporda.com\\\/en\\\/\"},{\"@type\":\"ListItem\",\"position\":2,\"name\":\"Professionals\",\"item\":\"https:\\\/\\\/visitemporda.com\\\/en\\\/professionals\\\/\"},{\"@type\":\"ListItem\",\"position\":3,\"name\":\"Tourism companies\",\"item\":\"https:\\\/\\\/visitemporda.com\\\/en\\\/professionals\\\/empreses\\\/\"},{\"@type\":\"ListItem\",\"position\":4,\"name\":\"Destination projects\",\"item\":\"https:\\\/\\\/visitemporda.com\\\/en\\\/professionals\\\/empreses\\\/projectes-de-la-destinacio\\\/\"},{\"@type\":\"ListItem\",\"position\":5,\"name\":\"Agri-food and the Productes de l\u2019Empord\u00e0 guarantee mark\"}]},{\"@type\":\"WebSite\",\"@id\":\"https:\\\/\\\/visitemporda.com\\\/en\\\/#website\",\"url\":\"https:\\\/\\\/visitemporda.com\\\/en\\\/\",\"name\":\"Visit Empord\u00e0\",\"description\":\"The Official Site of the Baix Empord\u00e0 region\",\"publisher\":{\"@id\":\"https:\\\/\\\/visitemporda.com\\\/en\\\/#organization\"},\"potentialAction\":[{\"@type\":\"SearchAction\",\"target\":{\"@type\":\"EntryPoint\",\"urlTemplate\":\"https:\\\/\\\/visitemporda.com\\\/en\\\/?s={search_term_string}\"},\"query-input\":{\"@type\":\"PropertyValueSpecification\",\"valueRequired\":true,\"valueName\":\"search_term_string\"}}],\"inLanguage\":\"en-US\"},{\"@type\":\"Organization\",\"@id\":\"https:\\\/\\\/visitemporda.com\\\/en\\\/#organization\",\"name\":\"Consell Comarcal del Baix Empord\u00e0\",\"url\":\"https:\\\/\\\/visitemporda.com\\\/en\\\/\",\"logo\":{\"@type\":\"ImageObject\",\"inLanguage\":\"en-US\",\"@id\":\"https:\\\/\\\/visitemporda.com\\\/en\\\/#\\\/schema\\\/logo\\\/image\\\/\",\"url\":\"https:\\\/\\\/visitemporda.com\\\/wp-content\\\/uploads\\\/2024\\\/11\\\/Logotip_CCBE.png\",\"contentUrl\":\"https:\\\/\\\/visitemporda.com\\\/wp-content\\\/uploads\\\/2024\\\/11\\\/Logotip_CCBE.png\",\"width\":3617,\"height\":3617,\"caption\":\"Consell Comarcal del Baix Empord\u00e0\"},\"image\":{\"@id\":\"https:\\\/\\\/visitemporda.com\\\/en\\\/#\\\/schema\\\/logo\\\/image\\\/\"},\"sameAs\":[\"https:\\\/\\\/www.facebook.com\\\/baixempordaturisme\",\"https:\\\/\\\/x.com\\\/baixemporda_tur\",\"https:\\\/\\\/www.instagram.com\\\/visitemporda\"]}]}<\/script>\n<!-- \/ Yoast SEO plugin. -->","yoast_head_json":{"title":"Agri-food and the Productes de l\u2019Empord\u00e0 guarantee mark - Visit Empord\u00e0","robots":{"index":"index","follow":"follow","max-snippet":"max-snippet:-1","max-image-preview":"max-image-preview:large","max-video-preview":"max-video-preview:-1"},"canonical":"https:\/\/visitemporda.com\/en\/professionals\/empreses\/projectes-de-la-destinacio\/pla-daccessibilitat-turistica-del-baix-emporda-3\/","og_locale":"en_US","og_type":"article","og_title":"Agri-food and the Productes de l\u2019Empord\u00e0 guarantee mark - Visit Empord\u00e0","og_description":"The Regional Council of the Baix Empord\u00e0 is working showcase the value of agricultural and food products and artisanal food products, in particular ones that are typical of the Empord\u00e0. The Productes de l\u2019Empord\u00e0 guarantee mark certifies and recognises products that are produced, made, processed or packaged in the Empord\u00e0 in accordance with its traditions. [&hellip;]","og_url":"https:\/\/visitemporda.com\/en\/professionals\/empreses\/projectes-de-la-destinacio\/pla-daccessibilitat-turistica-del-baix-emporda-3\/","og_site_name":"Visit Empord\u00e0","article_publisher":"https:\/\/www.facebook.com\/baixempordaturisme","article_modified_time":"2021-05-07T19:43:16+00:00","og_image":[{"width":127,"height":430,"url":"https:\/\/visitemporda.com\/wp-content\/uploads\/2021\/03\/Punt-de-llibre-definitiu-_compre.jpg","type":"image\/jpeg"}],"twitter_card":"summary_large_image","twitter_site":"@baixemporda_tur","twitter_misc":{"Est. reading time":"1 minute"},"schema":{"@context":"https:\/\/schema.org","@graph":[{"@type":"WebPage","@id":"https:\/\/visitemporda.com\/en\/professionals\/empreses\/projectes-de-la-destinacio\/pla-daccessibilitat-turistica-del-baix-emporda-3\/","url":"https:\/\/visitemporda.com\/en\/professionals\/empreses\/projectes-de-la-destinacio\/pla-daccessibilitat-turistica-del-baix-emporda-3\/","name":"Agri-food and the Productes de l\u2019Empord\u00e0 guarantee mark - Visit Empord\u00e0","isPartOf":{"@id":"https:\/\/visitemporda.com\/en\/#website"},"primaryImageOfPage":{"@id":"https:\/\/visitemporda.com\/en\/professionals\/empreses\/projectes-de-la-destinacio\/pla-daccessibilitat-turistica-del-baix-emporda-3\/#primaryimage"},"image":{"@id":"https:\/\/visitemporda.com\/en\/professionals\/empreses\/projectes-de-la-destinacio\/pla-daccessibilitat-turistica-del-baix-emporda-3\/#primaryimage"},"thumbnailUrl":"https:\/\/visitemporda.com\/wp-content\/uploads\/2021\/03\/Punt-de-llibre-definitiu-_compre.jpg","datePublished":"2021-03-31T10:57:18+00:00","dateModified":"2021-05-07T19:43:16+00:00","breadcrumb":{"@id":"https:\/\/visitemporda.com\/en\/professionals\/empreses\/projectes-de-la-destinacio\/pla-daccessibilitat-turistica-del-baix-emporda-3\/#breadcrumb"},"inLanguage":"en-US","potentialAction":[{"@type":"ReadAction","target":["https:\/\/visitemporda.com\/en\/professionals\/empreses\/projectes-de-la-destinacio\/pla-daccessibilitat-turistica-del-baix-emporda-3\/"]}]},{"@type":"ImageObject","inLanguage":"en-US","@id":"https:\/\/visitemporda.com\/en\/professionals\/empreses\/projectes-de-la-destinacio\/pla-daccessibilitat-turistica-del-baix-emporda-3\/#primaryimage","url":"https:\/\/visitemporda.com\/wp-content\/uploads\/2021\/03\/Punt-de-llibre-definitiu-_compre.jpg","contentUrl":"https:\/\/visitemporda.com\/wp-content\/uploads\/2021\/03\/Punt-de-llibre-definitiu-_compre.jpg","width":127,"height":430,"caption":"Punt de llibre marca de garantia productes de l'Empord\u00e0. Mida vertical. A dalt de tot logtip productes de l'empord\u00e0 i a sota imatge gamba, despr\u00e9s imatge botifarra dol\u00e7a, ceba de figueres, pomes de relleno, brunyols de l'empord\u00e0, arr\u00f2s de pals, fesol de l'ull ros, recuit.."},{"@type":"BreadcrumbList","@id":"https:\/\/visitemporda.com\/en\/professionals\/empreses\/projectes-de-la-destinacio\/pla-daccessibilitat-turistica-del-baix-emporda-3\/#breadcrumb","itemListElement":[{"@type":"ListItem","position":1,"name":"Inici","item":"https:\/\/visitemporda.com\/en\/"},{"@type":"ListItem","position":2,"name":"Professionals","item":"https:\/\/visitemporda.com\/en\/professionals\/"},{"@type":"ListItem","position":3,"name":"Tourism companies","item":"https:\/\/visitemporda.com\/en\/professionals\/empreses\/"},{"@type":"ListItem","position":4,"name":"Destination projects","item":"https:\/\/visitemporda.com\/en\/professionals\/empreses\/projectes-de-la-destinacio\/"},{"@type":"ListItem","position":5,"name":"Agri-food and the Productes de l\u2019Empord\u00e0 guarantee mark"}]},{"@type":"WebSite","@id":"https:\/\/visitemporda.com\/en\/#website","url":"https:\/\/visitemporda.com\/en\/","name":"Visit Empord\u00e0","description":"The Official Site of the Baix Empord\u00e0 region","publisher":{"@id":"https:\/\/visitemporda.com\/en\/#organization"},"potentialAction":[{"@type":"SearchAction","target":{"@type":"EntryPoint","urlTemplate":"https:\/\/visitemporda.com\/en\/?s={search_term_string}"},"query-input":{"@type":"PropertyValueSpecification","valueRequired":true,"valueName":"search_term_string"}}],"inLanguage":"en-US"},{"@type":"Organization","@id":"https:\/\/visitemporda.com\/en\/#organization","name":"Consell Comarcal del Baix Empord\u00e0","url":"https:\/\/visitemporda.com\/en\/","logo":{"@type":"ImageObject","inLanguage":"en-US","@id":"https:\/\/visitemporda.com\/en\/#\/schema\/logo\/image\/","url":"https:\/\/visitemporda.com\/wp-content\/uploads\/2024\/11\/Logotip_CCBE.png","contentUrl":"https:\/\/visitemporda.com\/wp-content\/uploads\/2024\/11\/Logotip_CCBE.png","width":3617,"height":3617,"caption":"Consell Comarcal del Baix Empord\u00e0"},"image":{"@id":"https:\/\/visitemporda.com\/en\/#\/schema\/logo\/image\/"},"sameAs":["https:\/\/www.facebook.com\/baixempordaturisme","https:\/\/x.com\/baixemporda_tur","https:\/\/www.instagram.com\/visitemporda"]}]}},"_links":{"self":[{"href":"https:\/\/visitemporda.com\/en\/wp-json\/wp\/v2\/pages\/30063","targetHints":{"allow":["GET"]}}],"collection":[{"href":"https:\/\/visitemporda.com\/en\/wp-json\/wp\/v2\/pages"}],"about":[{"href":"https:\/\/visitemporda.com\/en\/wp-json\/wp\/v2\/types\/page"}],"author":[{"embeddable":true,"href":"https:\/\/visitemporda.com\/en\/wp-json\/wp\/v2\/users\/2"}],"replies":[{"embeddable":true,"href":"https:\/\/visitemporda.com\/en\/wp-json\/wp\/v2\/comments?post=30063"}],"version-history":[{"count":2,"href":"https:\/\/visitemporda.com\/en\/wp-json\/wp\/v2\/pages\/30063\/revisions"}],"predecessor-version":[{"id":30065,"href":"https:\/\/visitemporda.com\/en\/wp-json\/wp\/v2\/pages\/30063\/revisions\/30065"}],"up":[{"embeddable":true,"href":"https:\/\/visitemporda.com\/en\/wp-json\/wp\/v2\/pages\/22919"}],"wp:featuredmedia":[{"embeddable":true,"href":"https:\/\/visitemporda.com\/en\/wp-json\/wp\/v2\/media\/22658"}],"wp:attachment":[{"href":"https:\/\/visitemporda.com\/en\/wp-json\/wp\/v2\/media?parent=30063"}],"curies":[{"name":"wp","href":"https:\/\/api.w.org\/{rel}","templated":true}]}}