

{"id":22986,"date":"2021-03-16T10:02:36","date_gmt":"2021-03-16T09:02:36","guid":{"rendered":"http:\/\/visitemporda.com\/professionals\/empreses\/projectes-de-la-destinacio\/observatori-del-turisme\/"},"modified":"2021-04-19T15:25:48","modified_gmt":"2021-04-19T13:25:48","slug":"observatori-del-turisme","status":"publish","type":"page","link":"https:\/\/visitemporda.com\/en\/professionals\/empreses\/projectes-de-la-destinacio\/observatori-del-turisme\/","title":{"rendered":"Baix Empord\u00e0 Tourism Observatory"},"content":{"rendered":"<p>Since 2016, the Tourism Area has worked on consolidating the <strong>Baix Empord\u00e0 Tourism Observatory<\/strong>, a project that aims to create knowledge about the region and contribute to the creation of information relating to the region\u2019s economic and tourism situation.<\/p>\n<p>Taking into account the fact that tourism is one of the region\u2019s most important economic activities, the project aims to analyse and understand how tourism functions in the Baix Empord\u00e0. In addition, it aims to share this information with professionals from the sector and the general public as a whole, with the intention of contributing to knowledge creation.<\/p>\n<p>This project takes into account different analytic perspectives regarding tourism as an activity, such as its contribution to the region\u2019s economy and job creation, establishing the profile and motivations of tourists who visit, understanding how the region performs in terms of sustainability and interpreting the identity and reputation the region generates online, among other questions.<\/p>\n<p>The benefits of this project for the tourism sector can be summarised as:<\/p>\n<p>\u2013 Free access to up-to-date and verified information about the tourism activity that takes place in the Baix Empord\u00e0, through the website:\u00a0<a href=\"https:\/\/observatoriemporda.com\/\"><strong>www.observatoriemporda.com<\/strong><\/a><\/p>\n<p>\u2013 Consult and download the <strong>annual report<\/strong>\u00a0to analyse and interpret how tourism is functioning in the Baix Empord\u00e0<\/p>\n<p>\u2013 Access the data history to consult development and potential changes in trends experienced in the different statistical indicators<\/p>\n<p>\u2013 Knowledge about the region in terms of sustainability through the ETIS indicators (European Tourism Indicators System)<\/p>\n<p>\u2013 Personalising and adapting results to the tourism situation of each municipality<\/p>\n<p>\u2013 Public and private sector involvement, encouraging regional participation and cooperation<\/p>\n<p>\u2013 Transfer of data and cooperation between governmental bodies<\/p>\n","protected":false},"excerpt":{"rendered":"<p>Since 2016, the Tourism Area has worked on consolidating the Baix Empord\u00e0 Tourism Observatory, a project that aims to create knowledge about the region and contribute to the creation of information relating to the region\u2019s economic and tourism situation. Taking into account the fact that tourism is one of the region\u2019s most important economic activities, [&hellip;]<\/p>\n","protected":false},"author":2,"featured_media":22427,"parent":22919,"menu_order":0,"comment_status":"closed","ping_status":"closed","template":"page-templates\/fitxa-campanyes-gastronomiques.php","meta":{"_acf_changed":false,"footnotes":""},"class_list":["post-22986","page","type-page","status-publish","has-post-thumbnail","hentry"],"acf":[],"yoast_head":"<!-- This site is optimized with the Yoast SEO plugin v27.3 - https:\/\/yoast.com\/product\/yoast-seo-wordpress\/ -->\n<title>Baix Empord\u00e0 Tourism Observatory - Visit Empord\u00e0<\/title>\n<meta name=\"robots\" content=\"index, follow, max-snippet:-1, max-image-preview:large, max-video-preview:-1\" \/>\n<link rel=\"canonical\" href=\"https:\/\/visitemporda.com\/en\/professionals\/empreses\/projectes-de-la-destinacio\/observatori-del-turisme\/\" \/>\n<meta property=\"og:locale\" content=\"en_US\" \/>\n<meta property=\"og:type\" content=\"article\" \/>\n<meta property=\"og:title\" content=\"Baix Empord\u00e0 Tourism Observatory - Visit Empord\u00e0\" \/>\n<meta property=\"og:description\" content=\"Since 2016, the Tourism Area has worked on consolidating the Baix Empord\u00e0 Tourism Observatory, a project that aims to create knowledge about the region and contribute to the creation of information relating to the region\u2019s economic and tourism situation. Taking into account the fact that tourism is one of the region\u2019s most important economic activities, [&hellip;]\" \/>\n<meta property=\"og:url\" content=\"https:\/\/visitemporda.com\/en\/professionals\/empreses\/projectes-de-la-destinacio\/observatori-del-turisme\/\" \/>\n<meta property=\"og:site_name\" content=\"Visit Empord\u00e0\" \/>\n<meta property=\"article:publisher\" content=\"https:\/\/www.facebook.com\/baixempordaturisme\" \/>\n<meta property=\"article:modified_time\" content=\"2021-04-19T13:25:48+00:00\" \/>\n<meta property=\"og:image\" content=\"https:\/\/visitemporda.com\/wp-content\/uploads\/2021\/03\/portada-observatori-fulleto.png\" \/>\n\t<meta property=\"og:image:width\" content=\"436\" \/>\n\t<meta property=\"og:image:height\" content=\"851\" \/>\n\t<meta property=\"og:image:type\" content=\"image\/png\" \/>\n<meta name=\"twitter:card\" content=\"summary_large_image\" \/>\n<meta name=\"twitter:site\" content=\"@baixemporda_tur\" \/>\n<meta name=\"twitter:label1\" content=\"Est. reading time\" \/>\n\t<meta name=\"twitter:data1\" content=\"1 minute\" \/>\n<script type=\"application\/ld+json\" class=\"yoast-schema-graph\">{\"@context\":\"https:\\\/\\\/schema.org\",\"@graph\":[{\"@type\":\"WebPage\",\"@id\":\"https:\\\/\\\/visitemporda.com\\\/en\\\/professionals\\\/empreses\\\/projectes-de-la-destinacio\\\/observatori-del-turisme\\\/\",\"url\":\"https:\\\/\\\/visitemporda.com\\\/en\\\/professionals\\\/empreses\\\/projectes-de-la-destinacio\\\/observatori-del-turisme\\\/\",\"name\":\"Baix Empord\u00e0 Tourism Observatory - Visit Empord\u00e0\",\"isPartOf\":{\"@id\":\"https:\\\/\\\/visitemporda.com\\\/en\\\/#website\"},\"primaryImageOfPage\":{\"@id\":\"https:\\\/\\\/visitemporda.com\\\/en\\\/professionals\\\/empreses\\\/projectes-de-la-destinacio\\\/observatori-del-turisme\\\/#primaryimage\"},\"image\":{\"@id\":\"https:\\\/\\\/visitemporda.com\\\/en\\\/professionals\\\/empreses\\\/projectes-de-la-destinacio\\\/observatori-del-turisme\\\/#primaryimage\"},\"thumbnailUrl\":\"https:\\\/\\\/visitemporda.com\\\/wp-content\\\/uploads\\\/2021\\\/03\\\/portada-observatori-fulleto.png\",\"datePublished\":\"2021-03-16T09:02:36+00:00\",\"dateModified\":\"2021-04-19T13:25:48+00:00\",\"breadcrumb\":{\"@id\":\"https:\\\/\\\/visitemporda.com\\\/en\\\/professionals\\\/empreses\\\/projectes-de-la-destinacio\\\/observatori-del-turisme\\\/#breadcrumb\"},\"inLanguage\":\"en-US\",\"potentialAction\":[{\"@type\":\"ReadAction\",\"target\":[\"https:\\\/\\\/visitemporda.com\\\/en\\\/professionals\\\/empreses\\\/projectes-de-la-destinacio\\\/observatori-del-turisme\\\/\"]}]},{\"@type\":\"ImageObject\",\"inLanguage\":\"en-US\",\"@id\":\"https:\\\/\\\/visitemporda.com\\\/en\\\/professionals\\\/empreses\\\/projectes-de-la-destinacio\\\/observatori-del-turisme\\\/#primaryimage\",\"url\":\"https:\\\/\\\/visitemporda.com\\\/wp-content\\\/uploads\\\/2021\\\/03\\\/portada-observatori-fulleto.png\",\"contentUrl\":\"https:\\\/\\\/visitemporda.com\\\/wp-content\\\/uploads\\\/2021\\\/03\\\/portada-observatori-fulleto.png\",\"width\":436,\"height\":851,\"caption\":\"portada del fullet\u00f3 del projecte Observatori del Turisme. Es una portada rectangular amb una platja de gons i amb el logotip del projecte i dues icones de color blau: una pantalla amb una lupa i un gr\u00e0fic de barres.\"},{\"@type\":\"BreadcrumbList\",\"@id\":\"https:\\\/\\\/visitemporda.com\\\/en\\\/professionals\\\/empreses\\\/projectes-de-la-destinacio\\\/observatori-del-turisme\\\/#breadcrumb\",\"itemListElement\":[{\"@type\":\"ListItem\",\"position\":1,\"name\":\"Inici\",\"item\":\"https:\\\/\\\/visitemporda.com\\\/en\\\/\"},{\"@type\":\"ListItem\",\"position\":2,\"name\":\"Professionals\",\"item\":\"https:\\\/\\\/visitemporda.com\\\/en\\\/professionals\\\/\"},{\"@type\":\"ListItem\",\"position\":3,\"name\":\"Tourism companies\",\"item\":\"https:\\\/\\\/visitemporda.com\\\/en\\\/professionals\\\/empreses\\\/\"},{\"@type\":\"ListItem\",\"position\":4,\"name\":\"Destination projects\",\"item\":\"https:\\\/\\\/visitemporda.com\\\/en\\\/professionals\\\/empreses\\\/projectes-de-la-destinacio\\\/\"},{\"@type\":\"ListItem\",\"position\":5,\"name\":\"Baix Empord\u00e0 Tourism Observatory\"}]},{\"@type\":\"WebSite\",\"@id\":\"https:\\\/\\\/visitemporda.com\\\/en\\\/#website\",\"url\":\"https:\\\/\\\/visitemporda.com\\\/en\\\/\",\"name\":\"Visit Empord\u00e0\",\"description\":\"The Official Site of the Baix Empord\u00e0 region\",\"publisher\":{\"@id\":\"https:\\\/\\\/visitemporda.com\\\/en\\\/#organization\"},\"potentialAction\":[{\"@type\":\"SearchAction\",\"target\":{\"@type\":\"EntryPoint\",\"urlTemplate\":\"https:\\\/\\\/visitemporda.com\\\/en\\\/?s={search_term_string}\"},\"query-input\":{\"@type\":\"PropertyValueSpecification\",\"valueRequired\":true,\"valueName\":\"search_term_string\"}}],\"inLanguage\":\"en-US\"},{\"@type\":\"Organization\",\"@id\":\"https:\\\/\\\/visitemporda.com\\\/en\\\/#organization\",\"name\":\"Consell Comarcal del Baix Empord\u00e0\",\"url\":\"https:\\\/\\\/visitemporda.com\\\/en\\\/\",\"logo\":{\"@type\":\"ImageObject\",\"inLanguage\":\"en-US\",\"@id\":\"https:\\\/\\\/visitemporda.com\\\/en\\\/#\\\/schema\\\/logo\\\/image\\\/\",\"url\":\"https:\\\/\\\/visitemporda.com\\\/wp-content\\\/uploads\\\/2024\\\/11\\\/Logotip_CCBE.png\",\"contentUrl\":\"https:\\\/\\\/visitemporda.com\\\/wp-content\\\/uploads\\\/2024\\\/11\\\/Logotip_CCBE.png\",\"width\":3617,\"height\":3617,\"caption\":\"Consell Comarcal del Baix Empord\u00e0\"},\"image\":{\"@id\":\"https:\\\/\\\/visitemporda.com\\\/en\\\/#\\\/schema\\\/logo\\\/image\\\/\"},\"sameAs\":[\"https:\\\/\\\/www.facebook.com\\\/baixempordaturisme\",\"https:\\\/\\\/x.com\\\/baixemporda_tur\",\"https:\\\/\\\/www.instagram.com\\\/visitemporda\"]}]}<\/script>\n<!-- \/ Yoast SEO plugin. -->","yoast_head_json":{"title":"Baix Empord\u00e0 Tourism Observatory - Visit Empord\u00e0","robots":{"index":"index","follow":"follow","max-snippet":"max-snippet:-1","max-image-preview":"max-image-preview:large","max-video-preview":"max-video-preview:-1"},"canonical":"https:\/\/visitemporda.com\/en\/professionals\/empreses\/projectes-de-la-destinacio\/observatori-del-turisme\/","og_locale":"en_US","og_type":"article","og_title":"Baix Empord\u00e0 Tourism Observatory - Visit Empord\u00e0","og_description":"Since 2016, the Tourism Area has worked on consolidating the Baix Empord\u00e0 Tourism Observatory, a project that aims to create knowledge about the region and contribute to the creation of information relating to the region\u2019s economic and tourism situation. Taking into account the fact that tourism is one of the region\u2019s most important economic activities, [&hellip;]","og_url":"https:\/\/visitemporda.com\/en\/professionals\/empreses\/projectes-de-la-destinacio\/observatori-del-turisme\/","og_site_name":"Visit Empord\u00e0","article_publisher":"https:\/\/www.facebook.com\/baixempordaturisme","article_modified_time":"2021-04-19T13:25:48+00:00","og_image":[{"width":436,"height":851,"url":"https:\/\/visitemporda.com\/wp-content\/uploads\/2021\/03\/portada-observatori-fulleto.png","type":"image\/png"}],"twitter_card":"summary_large_image","twitter_site":"@baixemporda_tur","twitter_misc":{"Est. reading time":"1 minute"},"schema":{"@context":"https:\/\/schema.org","@graph":[{"@type":"WebPage","@id":"https:\/\/visitemporda.com\/en\/professionals\/empreses\/projectes-de-la-destinacio\/observatori-del-turisme\/","url":"https:\/\/visitemporda.com\/en\/professionals\/empreses\/projectes-de-la-destinacio\/observatori-del-turisme\/","name":"Baix Empord\u00e0 Tourism Observatory - Visit Empord\u00e0","isPartOf":{"@id":"https:\/\/visitemporda.com\/en\/#website"},"primaryImageOfPage":{"@id":"https:\/\/visitemporda.com\/en\/professionals\/empreses\/projectes-de-la-destinacio\/observatori-del-turisme\/#primaryimage"},"image":{"@id":"https:\/\/visitemporda.com\/en\/professionals\/empreses\/projectes-de-la-destinacio\/observatori-del-turisme\/#primaryimage"},"thumbnailUrl":"https:\/\/visitemporda.com\/wp-content\/uploads\/2021\/03\/portada-observatori-fulleto.png","datePublished":"2021-03-16T09:02:36+00:00","dateModified":"2021-04-19T13:25:48+00:00","breadcrumb":{"@id":"https:\/\/visitemporda.com\/en\/professionals\/empreses\/projectes-de-la-destinacio\/observatori-del-turisme\/#breadcrumb"},"inLanguage":"en-US","potentialAction":[{"@type":"ReadAction","target":["https:\/\/visitemporda.com\/en\/professionals\/empreses\/projectes-de-la-destinacio\/observatori-del-turisme\/"]}]},{"@type":"ImageObject","inLanguage":"en-US","@id":"https:\/\/visitemporda.com\/en\/professionals\/empreses\/projectes-de-la-destinacio\/observatori-del-turisme\/#primaryimage","url":"https:\/\/visitemporda.com\/wp-content\/uploads\/2021\/03\/portada-observatori-fulleto.png","contentUrl":"https:\/\/visitemporda.com\/wp-content\/uploads\/2021\/03\/portada-observatori-fulleto.png","width":436,"height":851,"caption":"portada del fullet\u00f3 del projecte Observatori del Turisme. Es una portada rectangular amb una platja de gons i amb el logotip del projecte i dues icones de color blau: una pantalla amb una lupa i un gr\u00e0fic de barres."},{"@type":"BreadcrumbList","@id":"https:\/\/visitemporda.com\/en\/professionals\/empreses\/projectes-de-la-destinacio\/observatori-del-turisme\/#breadcrumb","itemListElement":[{"@type":"ListItem","position":1,"name":"Inici","item":"https:\/\/visitemporda.com\/en\/"},{"@type":"ListItem","position":2,"name":"Professionals","item":"https:\/\/visitemporda.com\/en\/professionals\/"},{"@type":"ListItem","position":3,"name":"Tourism companies","item":"https:\/\/visitemporda.com\/en\/professionals\/empreses\/"},{"@type":"ListItem","position":4,"name":"Destination projects","item":"https:\/\/visitemporda.com\/en\/professionals\/empreses\/projectes-de-la-destinacio\/"},{"@type":"ListItem","position":5,"name":"Baix Empord\u00e0 Tourism Observatory"}]},{"@type":"WebSite","@id":"https:\/\/visitemporda.com\/en\/#website","url":"https:\/\/visitemporda.com\/en\/","name":"Visit Empord\u00e0","description":"The Official Site of the Baix Empord\u00e0 region","publisher":{"@id":"https:\/\/visitemporda.com\/en\/#organization"},"potentialAction":[{"@type":"SearchAction","target":{"@type":"EntryPoint","urlTemplate":"https:\/\/visitemporda.com\/en\/?s={search_term_string}"},"query-input":{"@type":"PropertyValueSpecification","valueRequired":true,"valueName":"search_term_string"}}],"inLanguage":"en-US"},{"@type":"Organization","@id":"https:\/\/visitemporda.com\/en\/#organization","name":"Consell Comarcal del Baix Empord\u00e0","url":"https:\/\/visitemporda.com\/en\/","logo":{"@type":"ImageObject","inLanguage":"en-US","@id":"https:\/\/visitemporda.com\/en\/#\/schema\/logo\/image\/","url":"https:\/\/visitemporda.com\/wp-content\/uploads\/2024\/11\/Logotip_CCBE.png","contentUrl":"https:\/\/visitemporda.com\/wp-content\/uploads\/2024\/11\/Logotip_CCBE.png","width":3617,"height":3617,"caption":"Consell Comarcal del Baix Empord\u00e0"},"image":{"@id":"https:\/\/visitemporda.com\/en\/#\/schema\/logo\/image\/"},"sameAs":["https:\/\/www.facebook.com\/baixempordaturisme","https:\/\/x.com\/baixemporda_tur","https:\/\/www.instagram.com\/visitemporda"]}]}},"_links":{"self":[{"href":"https:\/\/visitemporda.com\/en\/wp-json\/wp\/v2\/pages\/22986","targetHints":{"allow":["GET"]}}],"collection":[{"href":"https:\/\/visitemporda.com\/en\/wp-json\/wp\/v2\/pages"}],"about":[{"href":"https:\/\/visitemporda.com\/en\/wp-json\/wp\/v2\/types\/page"}],"author":[{"embeddable":true,"href":"https:\/\/visitemporda.com\/en\/wp-json\/wp\/v2\/users\/2"}],"replies":[{"embeddable":true,"href":"https:\/\/visitemporda.com\/en\/wp-json\/wp\/v2\/comments?post=22986"}],"version-history":[{"count":1,"href":"https:\/\/visitemporda.com\/en\/wp-json\/wp\/v2\/pages\/22986\/revisions"}],"predecessor-version":[{"id":22988,"href":"https:\/\/visitemporda.com\/en\/wp-json\/wp\/v2\/pages\/22986\/revisions\/22988"}],"up":[{"embeddable":true,"href":"https:\/\/visitemporda.com\/en\/wp-json\/wp\/v2\/pages\/22919"}],"wp:featuredmedia":[{"embeddable":true,"href":"https:\/\/visitemporda.com\/en\/wp-json\/wp\/v2\/media\/22427"}],"wp:attachment":[{"href":"https:\/\/visitemporda.com\/en\/wp-json\/wp\/v2\/media?parent=22986"}],"curies":[{"name":"wp","href":"https:\/\/api.w.org\/{rel}","templated":true}]}}