

{"id":22913,"date":"2020-07-02T13:50:53","date_gmt":"2020-07-02T11:50:53","guid":{"rendered":"http:\/\/visitemporda.com\/professionals\/empreses\/serveis-a-les-empreses\/"},"modified":"2021-05-06T18:11:14","modified_gmt":"2021-05-06T16:11:14","slug":"serveis-a-les-empreses","status":"publish","type":"page","link":"https:\/\/visitemporda.com\/en\/professionals\/empreses\/serveis-a-les-empreses\/","title":{"rendered":"Services for businesses"},"content":{"rendered":"<p><strong><u>Tourism information service <\/u><\/strong><\/p>\n<p>A range of information and tourist material available to all companies in the region so that they can inform their clients of the region\u2019s leading resources and attractions.<\/p>\n<p><a href=\"https:\/\/visitemporda.com\/en\/planifica\/publicacions\/\" target=\"_blank\" rel=\"noopener noreferrer\">Consult our publications<\/a><\/p>\n<p><strong><u>Tourism promotion service<\/u><\/strong><\/p>\n<p>Individual promotion of all tourism establishments on the website (<a href=\"http:\/\/www.visitemporda.com\/\">www.visitemporda.com<\/a>). Participating in activities to accompany publicity for the area through digital formats (web and social networks) or printed formats (publications and informational material about the region).<\/p>\n<p><strong><u>Product creation support service<\/u><\/strong><\/p>\n<p>Information and guidance for tourist businesses about creating products, specialising in active tourism, cultural tourism, food and agricultural tourism, accessible tourism and responsible tourism.<\/p>\n<p><strong><u>Marketing support service<\/u><\/strong><\/p>\n<p>Information about tourism markets and operators. Encouraging the creation of tourist experiences and participating in their promotion through the region\u2019s tourism website.<\/p>\n<p><strong><u>Data analysis service <\/u><\/strong><\/p>\n<p>Statistical information about tourism and economic activity in the region. Providing reports with data and also regional indicators. To consult data and download the report:<\/p>\n<p><strong><u>Image and video use service<\/u><\/strong><\/p>\n<p>Provision of images and videos to use to promote the region\u2019s tourist attractions and further support tourism in the area.<\/p>\n<p>&nbsp;<\/p>\n<p>&nbsp;<\/p>\n","protected":false},"excerpt":{"rendered":"<p>Tourism information service A range of information and tourist material available to all companies in the region so that they can inform their clients of the region\u2019s leading resources and attractions. Consult our publications Tourism promotion service Individual promotion of all tourism establishments on the website (www.visitemporda.com). Participating in activities to accompany publicity for the [&hellip;]<\/p>\n","protected":false},"author":5,"featured_media":22723,"parent":22909,"menu_order":0,"comment_status":"closed","ping_status":"closed","template":"page-templates\/fitxa-campanyes-gastronomiques.php","meta":{"_acf_changed":false,"footnotes":""},"class_list":["post-22913","page","type-page","status-publish","has-post-thumbnail","hentry"],"acf":[],"yoast_head":"<!-- This site is optimized with the Yoast SEO plugin v27.3 - https:\/\/yoast.com\/product\/yoast-seo-wordpress\/ -->\n<title>Services for businesses - Visit Empord\u00e0<\/title>\n<meta name=\"robots\" content=\"index, follow, max-snippet:-1, max-image-preview:large, max-video-preview:-1\" \/>\n<link rel=\"canonical\" href=\"https:\/\/visitemporda.com\/en\/professionals\/empreses\/serveis-a-les-empreses\/\" \/>\n<meta property=\"og:locale\" content=\"en_US\" \/>\n<meta property=\"og:type\" content=\"article\" \/>\n<meta property=\"og:title\" content=\"Services for businesses - Visit Empord\u00e0\" \/>\n<meta property=\"og:description\" content=\"Tourism information service A range of information and tourist material available to all companies in the region so that they can inform their clients of the region\u2019s leading resources and attractions. Consult our publications Tourism promotion service Individual promotion of all tourism establishments on the website (www.visitemporda.com). Participating in activities to accompany publicity for the [&hellip;]\" \/>\n<meta property=\"og:url\" content=\"https:\/\/visitemporda.com\/en\/professionals\/empreses\/serveis-a-les-empreses\/\" \/>\n<meta property=\"og:site_name\" content=\"Visit Empord\u00e0\" \/>\n<meta property=\"article:publisher\" content=\"https:\/\/www.facebook.com\/baixempordaturisme\" \/>\n<meta property=\"article:modified_time\" content=\"2021-05-06T16:11:14+00:00\" \/>\n<meta property=\"og:image\" content=\"https:\/\/visitemporda.com\/wp-content\/uploads\/2021\/04\/Dise\u00f1o-sin-t\u00edtulo-1.jpg\" \/>\n\t<meta property=\"og:image:width\" content=\"1747\" \/>\n\t<meta property=\"og:image:height\" content=\"1240\" \/>\n\t<meta property=\"og:image:type\" content=\"image\/jpeg\" \/>\n<meta name=\"twitter:card\" content=\"summary_large_image\" \/>\n<meta name=\"twitter:site\" content=\"@baixemporda_tur\" \/>\n<meta name=\"twitter:label1\" content=\"Est. reading time\" \/>\n\t<meta name=\"twitter:data1\" content=\"1 minute\" \/>\n<script type=\"application\/ld+json\" class=\"yoast-schema-graph\">{\"@context\":\"https:\\\/\\\/schema.org\",\"@graph\":[{\"@type\":\"WebPage\",\"@id\":\"https:\\\/\\\/visitemporda.com\\\/en\\\/professionals\\\/empreses\\\/serveis-a-les-empreses\\\/\",\"url\":\"https:\\\/\\\/visitemporda.com\\\/en\\\/professionals\\\/empreses\\\/serveis-a-les-empreses\\\/\",\"name\":\"Services for businesses - Visit Empord\u00e0\",\"isPartOf\":{\"@id\":\"https:\\\/\\\/visitemporda.com\\\/en\\\/#website\"},\"primaryImageOfPage\":{\"@id\":\"https:\\\/\\\/visitemporda.com\\\/en\\\/professionals\\\/empreses\\\/serveis-a-les-empreses\\\/#primaryimage\"},\"image\":{\"@id\":\"https:\\\/\\\/visitemporda.com\\\/en\\\/professionals\\\/empreses\\\/serveis-a-les-empreses\\\/#primaryimage\"},\"thumbnailUrl\":\"https:\\\/\\\/visitemporda.com\\\/wp-content\\\/uploads\\\/2021\\\/04\\\/Dise\u00f1o-sin-t\u00edtulo-1.jpg\",\"datePublished\":\"2020-07-02T11:50:53+00:00\",\"dateModified\":\"2021-05-06T16:11:14+00:00\",\"breadcrumb\":{\"@id\":\"https:\\\/\\\/visitemporda.com\\\/en\\\/professionals\\\/empreses\\\/serveis-a-les-empreses\\\/#breadcrumb\"},\"inLanguage\":\"en-US\",\"potentialAction\":[{\"@type\":\"ReadAction\",\"target\":[\"https:\\\/\\\/visitemporda.com\\\/en\\\/professionals\\\/empreses\\\/serveis-a-les-empreses\\\/\"]}]},{\"@type\":\"ImageObject\",\"inLanguage\":\"en-US\",\"@id\":\"https:\\\/\\\/visitemporda.com\\\/en\\\/professionals\\\/empreses\\\/serveis-a-les-empreses\\\/#primaryimage\",\"url\":\"https:\\\/\\\/visitemporda.com\\\/wp-content\\\/uploads\\\/2021\\\/04\\\/Dise\u00f1o-sin-t\u00edtulo-1.jpg\",\"contentUrl\":\"https:\\\/\\\/visitemporda.com\\\/wp-content\\\/uploads\\\/2021\\\/04\\\/Dise\u00f1o-sin-t\u00edtulo-1.jpg\",\"width\":1747,\"height\":1240,\"caption\":\"Carpeta blanca amb el logotip empord\u00e0 amb una m\u00e0 que l'agafa\"},{\"@type\":\"BreadcrumbList\",\"@id\":\"https:\\\/\\\/visitemporda.com\\\/en\\\/professionals\\\/empreses\\\/serveis-a-les-empreses\\\/#breadcrumb\",\"itemListElement\":[{\"@type\":\"ListItem\",\"position\":1,\"name\":\"Inici\",\"item\":\"https:\\\/\\\/visitemporda.com\\\/en\\\/\"},{\"@type\":\"ListItem\",\"position\":2,\"name\":\"Professionals\",\"item\":\"https:\\\/\\\/visitemporda.com\\\/en\\\/professionals\\\/\"},{\"@type\":\"ListItem\",\"position\":3,\"name\":\"Tourism companies\",\"item\":\"https:\\\/\\\/visitemporda.com\\\/en\\\/professionals\\\/empreses\\\/\"},{\"@type\":\"ListItem\",\"position\":4,\"name\":\"Services for businesses\"}]},{\"@type\":\"WebSite\",\"@id\":\"https:\\\/\\\/visitemporda.com\\\/en\\\/#website\",\"url\":\"https:\\\/\\\/visitemporda.com\\\/en\\\/\",\"name\":\"Visit Empord\u00e0\",\"description\":\"The Official Site of the Baix Empord\u00e0 region\",\"publisher\":{\"@id\":\"https:\\\/\\\/visitemporda.com\\\/en\\\/#organization\"},\"potentialAction\":[{\"@type\":\"SearchAction\",\"target\":{\"@type\":\"EntryPoint\",\"urlTemplate\":\"https:\\\/\\\/visitemporda.com\\\/en\\\/?s={search_term_string}\"},\"query-input\":{\"@type\":\"PropertyValueSpecification\",\"valueRequired\":true,\"valueName\":\"search_term_string\"}}],\"inLanguage\":\"en-US\"},{\"@type\":\"Organization\",\"@id\":\"https:\\\/\\\/visitemporda.com\\\/en\\\/#organization\",\"name\":\"Consell Comarcal del Baix Empord\u00e0\",\"url\":\"https:\\\/\\\/visitemporda.com\\\/en\\\/\",\"logo\":{\"@type\":\"ImageObject\",\"inLanguage\":\"en-US\",\"@id\":\"https:\\\/\\\/visitemporda.com\\\/en\\\/#\\\/schema\\\/logo\\\/image\\\/\",\"url\":\"https:\\\/\\\/visitemporda.com\\\/wp-content\\\/uploads\\\/2024\\\/11\\\/Logotip_CCBE.png\",\"contentUrl\":\"https:\\\/\\\/visitemporda.com\\\/wp-content\\\/uploads\\\/2024\\\/11\\\/Logotip_CCBE.png\",\"width\":3617,\"height\":3617,\"caption\":\"Consell Comarcal del Baix Empord\u00e0\"},\"image\":{\"@id\":\"https:\\\/\\\/visitemporda.com\\\/en\\\/#\\\/schema\\\/logo\\\/image\\\/\"},\"sameAs\":[\"https:\\\/\\\/www.facebook.com\\\/baixempordaturisme\",\"https:\\\/\\\/x.com\\\/baixemporda_tur\",\"https:\\\/\\\/www.instagram.com\\\/visitemporda\"]}]}<\/script>\n<!-- \/ Yoast SEO plugin. -->","yoast_head_json":{"title":"Services for businesses - Visit Empord\u00e0","robots":{"index":"index","follow":"follow","max-snippet":"max-snippet:-1","max-image-preview":"max-image-preview:large","max-video-preview":"max-video-preview:-1"},"canonical":"https:\/\/visitemporda.com\/en\/professionals\/empreses\/serveis-a-les-empreses\/","og_locale":"en_US","og_type":"article","og_title":"Services for businesses - Visit Empord\u00e0","og_description":"Tourism information service A range of information and tourist material available to all companies in the region so that they can inform their clients of the region\u2019s leading resources and attractions. Consult our publications Tourism promotion service Individual promotion of all tourism establishments on the website (www.visitemporda.com). Participating in activities to accompany publicity for the [&hellip;]","og_url":"https:\/\/visitemporda.com\/en\/professionals\/empreses\/serveis-a-les-empreses\/","og_site_name":"Visit Empord\u00e0","article_publisher":"https:\/\/www.facebook.com\/baixempordaturisme","article_modified_time":"2021-05-06T16:11:14+00:00","og_image":[{"width":1747,"height":1240,"url":"https:\/\/visitemporda.com\/wp-content\/uploads\/2021\/04\/Dise\u00f1o-sin-t\u00edtulo-1.jpg","type":"image\/jpeg"}],"twitter_card":"summary_large_image","twitter_site":"@baixemporda_tur","twitter_misc":{"Est. reading time":"1 minute"},"schema":{"@context":"https:\/\/schema.org","@graph":[{"@type":"WebPage","@id":"https:\/\/visitemporda.com\/en\/professionals\/empreses\/serveis-a-les-empreses\/","url":"https:\/\/visitemporda.com\/en\/professionals\/empreses\/serveis-a-les-empreses\/","name":"Services for businesses - Visit Empord\u00e0","isPartOf":{"@id":"https:\/\/visitemporda.com\/en\/#website"},"primaryImageOfPage":{"@id":"https:\/\/visitemporda.com\/en\/professionals\/empreses\/serveis-a-les-empreses\/#primaryimage"},"image":{"@id":"https:\/\/visitemporda.com\/en\/professionals\/empreses\/serveis-a-les-empreses\/#primaryimage"},"thumbnailUrl":"https:\/\/visitemporda.com\/wp-content\/uploads\/2021\/04\/Dise\u00f1o-sin-t\u00edtulo-1.jpg","datePublished":"2020-07-02T11:50:53+00:00","dateModified":"2021-05-06T16:11:14+00:00","breadcrumb":{"@id":"https:\/\/visitemporda.com\/en\/professionals\/empreses\/serveis-a-les-empreses\/#breadcrumb"},"inLanguage":"en-US","potentialAction":[{"@type":"ReadAction","target":["https:\/\/visitemporda.com\/en\/professionals\/empreses\/serveis-a-les-empreses\/"]}]},{"@type":"ImageObject","inLanguage":"en-US","@id":"https:\/\/visitemporda.com\/en\/professionals\/empreses\/serveis-a-les-empreses\/#primaryimage","url":"https:\/\/visitemporda.com\/wp-content\/uploads\/2021\/04\/Dise\u00f1o-sin-t\u00edtulo-1.jpg","contentUrl":"https:\/\/visitemporda.com\/wp-content\/uploads\/2021\/04\/Dise\u00f1o-sin-t\u00edtulo-1.jpg","width":1747,"height":1240,"caption":"Carpeta blanca amb el logotip empord\u00e0 amb una m\u00e0 que l'agafa"},{"@type":"BreadcrumbList","@id":"https:\/\/visitemporda.com\/en\/professionals\/empreses\/serveis-a-les-empreses\/#breadcrumb","itemListElement":[{"@type":"ListItem","position":1,"name":"Inici","item":"https:\/\/visitemporda.com\/en\/"},{"@type":"ListItem","position":2,"name":"Professionals","item":"https:\/\/visitemporda.com\/en\/professionals\/"},{"@type":"ListItem","position":3,"name":"Tourism companies","item":"https:\/\/visitemporda.com\/en\/professionals\/empreses\/"},{"@type":"ListItem","position":4,"name":"Services for businesses"}]},{"@type":"WebSite","@id":"https:\/\/visitemporda.com\/en\/#website","url":"https:\/\/visitemporda.com\/en\/","name":"Visit Empord\u00e0","description":"The Official Site of the Baix Empord\u00e0 region","publisher":{"@id":"https:\/\/visitemporda.com\/en\/#organization"},"potentialAction":[{"@type":"SearchAction","target":{"@type":"EntryPoint","urlTemplate":"https:\/\/visitemporda.com\/en\/?s={search_term_string}"},"query-input":{"@type":"PropertyValueSpecification","valueRequired":true,"valueName":"search_term_string"}}],"inLanguage":"en-US"},{"@type":"Organization","@id":"https:\/\/visitemporda.com\/en\/#organization","name":"Consell Comarcal del Baix Empord\u00e0","url":"https:\/\/visitemporda.com\/en\/","logo":{"@type":"ImageObject","inLanguage":"en-US","@id":"https:\/\/visitemporda.com\/en\/#\/schema\/logo\/image\/","url":"https:\/\/visitemporda.com\/wp-content\/uploads\/2024\/11\/Logotip_CCBE.png","contentUrl":"https:\/\/visitemporda.com\/wp-content\/uploads\/2024\/11\/Logotip_CCBE.png","width":3617,"height":3617,"caption":"Consell Comarcal del Baix Empord\u00e0"},"image":{"@id":"https:\/\/visitemporda.com\/en\/#\/schema\/logo\/image\/"},"sameAs":["https:\/\/www.facebook.com\/baixempordaturisme","https:\/\/x.com\/baixemporda_tur","https:\/\/www.instagram.com\/visitemporda"]}]}},"_links":{"self":[{"href":"https:\/\/visitemporda.com\/en\/wp-json\/wp\/v2\/pages\/22913","targetHints":{"allow":["GET"]}}],"collection":[{"href":"https:\/\/visitemporda.com\/en\/wp-json\/wp\/v2\/pages"}],"about":[{"href":"https:\/\/visitemporda.com\/en\/wp-json\/wp\/v2\/types\/page"}],"author":[{"embeddable":true,"href":"https:\/\/visitemporda.com\/en\/wp-json\/wp\/v2\/users\/5"}],"replies":[{"embeddable":true,"href":"https:\/\/visitemporda.com\/en\/wp-json\/wp\/v2\/comments?post=22913"}],"version-history":[{"count":3,"href":"https:\/\/visitemporda.com\/en\/wp-json\/wp\/v2\/pages\/22913\/revisions"}],"predecessor-version":[{"id":29996,"href":"https:\/\/visitemporda.com\/en\/wp-json\/wp\/v2\/pages\/22913\/revisions\/29996"}],"up":[{"embeddable":true,"href":"https:\/\/visitemporda.com\/en\/wp-json\/wp\/v2\/pages\/22909"}],"wp:featuredmedia":[{"embeddable":true,"href":"https:\/\/visitemporda.com\/en\/wp-json\/wp\/v2\/media\/22723"}],"wp:attachment":[{"href":"https:\/\/visitemporda.com\/en\/wp-json\/wp\/v2\/media?parent=22913"}],"curies":[{"name":"wp","href":"https:\/\/api.w.org\/{rel}","templated":true}]}}