

{"id":22186,"date":"2019-12-31T11:26:50","date_gmt":"2019-12-31T10:26:50","guid":{"rendered":"http:\/\/visitemporda.com\/planifica\/propostes\/territori-i-natura\/les-8-proposts-a-laire-lliure\/la-ruta-del-ter\/"},"modified":"2021-02-18T14:39:07","modified_gmt":"2021-02-18T13:39:07","slug":"la-ruta-del-ter","status":"publish","type":"page","link":"https:\/\/visitemporda.com\/en\/recomenacions\/propostes\/territori-i-natura\/les-8-proposts-a-laire-lliure\/la-ruta-del-ter\/","title":{"rendered":"The Ter Route"},"content":{"rendered":"<p>The river Ter flows through the region and flows into the Gola del Ter in l\u2019Estartit. Eleven municipalities in the Baix Empord\u00e0 are located in the area around this well-known river that enters the Baix Empord\u00e0 near Foix\u00e0 and Colomers. From here, you can follow the course of the river through Jafre, Verges, Canet de la Tallada (La Tallada d\u2019Empord\u00e0, Ull\u00e0 and Torroella de Montgr\u00ed).<\/p>\n<p>This stretch of the route in the Baix Empord\u00e0 can easily be done by bike, following the signs for the Ter Route or for the Baix Empord\u00e0\u2019s Cycle Touring Network. Elements of the water heritage as well as apple orchards and small market gardens en route make this route especially pleasant.<\/p>\n<p>Motorised traffic is virtually limited to people who work in the fields, although it is important to take care when crossing some regional and local roads.<\/p>\n","protected":false},"excerpt":{"rendered":"<p>The river Ter flows through the region and flows into the Gola del Ter in l\u2019Estartit. Eleven municipalities in the Baix Empord\u00e0 are located in the area around this well-known river that enters the Baix Empord\u00e0 near Foix\u00e0 and Colomers. From here, you can follow the course of the river through Jafre, Verges, Canet de [&hellip;]<\/p>\n","protected":false},"author":2,"featured_media":13928,"parent":21308,"menu_order":0,"comment_status":"closed","ping_status":"closed","template":"page-templates\/fitxa-campanyes-gastronomiques.php","meta":{"_acf_changed":false,"footnotes":""},"class_list":["post-22186","page","type-page","status-publish","has-post-thumbnail","hentry"],"acf":[],"yoast_head":"<!-- This site is optimized with the Yoast SEO plugin v27.4 - https:\/\/yoast.com\/product\/yoast-seo-wordpress\/ -->\n<title>The Ter Route - Visit Empord\u00e0<\/title>\n<meta name=\"robots\" content=\"index, follow, max-snippet:-1, max-image-preview:large, max-video-preview:-1\" \/>\n<link rel=\"canonical\" href=\"https:\/\/visitemporda.com\/en\/recomenacions\/propostes\/territori-i-natura\/les-8-proposts-a-laire-lliure\/la-ruta-del-ter\/\" \/>\n<meta property=\"og:locale\" content=\"en_US\" \/>\n<meta property=\"og:type\" content=\"article\" \/>\n<meta property=\"og:title\" content=\"The Ter Route - Visit Empord\u00e0\" \/>\n<meta property=\"og:description\" content=\"The river Ter flows through the region and flows into the Gola del Ter in l\u2019Estartit. Eleven municipalities in the Baix Empord\u00e0 are located in the area around this well-known river that enters the Baix Empord\u00e0 near Foix\u00e0 and Colomers. From here, you can follow the course of the river through Jafre, Verges, Canet de [&hellip;]\" \/>\n<meta property=\"og:url\" content=\"https:\/\/visitemporda.com\/en\/recomenacions\/propostes\/territori-i-natura\/les-8-proposts-a-laire-lliure\/la-ruta-del-ter\/\" \/>\n<meta property=\"og:site_name\" content=\"Visit Empord\u00e0\" \/>\n<meta property=\"article:publisher\" content=\"https:\/\/www.facebook.com\/baixempordaturisme\" \/>\n<meta property=\"article:modified_time\" content=\"2021-02-18T13:39:07+00:00\" \/>\n<meta property=\"og:image\" content=\"https:\/\/visitemporda.com\/wp-content\/uploads\/2019\/12\/IMG_2532-1024x683.jpg\" \/>\n\t<meta property=\"og:image:width\" content=\"1024\" \/>\n\t<meta property=\"og:image:height\" content=\"683\" \/>\n\t<meta property=\"og:image:type\" content=\"image\/jpeg\" \/>\n<meta name=\"twitter:card\" content=\"summary_large_image\" \/>\n<meta name=\"twitter:site\" content=\"@baixemporda_tur\" \/>\n<meta name=\"twitter:label1\" content=\"Est. reading time\" \/>\n\t<meta name=\"twitter:data1\" content=\"1 minute\" \/>\n<script type=\"application\/ld+json\" class=\"yoast-schema-graph\">{\"@context\":\"https:\\\/\\\/schema.org\",\"@graph\":[{\"@type\":\"WebPage\",\"@id\":\"https:\\\/\\\/visitemporda.com\\\/en\\\/recomenacions\\\/propostes\\\/territori-i-natura\\\/les-8-proposts-a-laire-lliure\\\/la-ruta-del-ter\\\/\",\"url\":\"https:\\\/\\\/visitemporda.com\\\/en\\\/recomenacions\\\/propostes\\\/territori-i-natura\\\/les-8-proposts-a-laire-lliure\\\/la-ruta-del-ter\\\/\",\"name\":\"The Ter Route - Visit Empord\u00e0\",\"isPartOf\":{\"@id\":\"https:\\\/\\\/visitemporda.com\\\/en\\\/#website\"},\"primaryImageOfPage\":{\"@id\":\"https:\\\/\\\/visitemporda.com\\\/en\\\/recomenacions\\\/propostes\\\/territori-i-natura\\\/les-8-proposts-a-laire-lliure\\\/la-ruta-del-ter\\\/#primaryimage\"},\"image\":{\"@id\":\"https:\\\/\\\/visitemporda.com\\\/en\\\/recomenacions\\\/propostes\\\/territori-i-natura\\\/les-8-proposts-a-laire-lliure\\\/la-ruta-del-ter\\\/#primaryimage\"},\"thumbnailUrl\":\"https:\\\/\\\/visitemporda.com\\\/wp-content\\\/uploads\\\/2019\\\/12\\\/IMG_2532.jpg\",\"datePublished\":\"2019-12-31T10:26:50+00:00\",\"dateModified\":\"2021-02-18T13:39:07+00:00\",\"breadcrumb\":{\"@id\":\"https:\\\/\\\/visitemporda.com\\\/en\\\/recomenacions\\\/propostes\\\/territori-i-natura\\\/les-8-proposts-a-laire-lliure\\\/la-ruta-del-ter\\\/#breadcrumb\"},\"inLanguage\":\"en-US\",\"potentialAction\":[{\"@type\":\"ReadAction\",\"target\":[\"https:\\\/\\\/visitemporda.com\\\/en\\\/recomenacions\\\/propostes\\\/territori-i-natura\\\/les-8-proposts-a-laire-lliure\\\/la-ruta-del-ter\\\/\"]}]},{\"@type\":\"ImageObject\",\"inLanguage\":\"en-US\",\"@id\":\"https:\\\/\\\/visitemporda.com\\\/en\\\/recomenacions\\\/propostes\\\/territori-i-natura\\\/les-8-proposts-a-laire-lliure\\\/la-ruta-del-ter\\\/#primaryimage\",\"url\":\"https:\\\/\\\/visitemporda.com\\\/wp-content\\\/uploads\\\/2019\\\/12\\\/IMG_2532.jpg\",\"contentUrl\":\"https:\\\/\\\/visitemporda.com\\\/wp-content\\\/uploads\\\/2019\\\/12\\\/IMG_2532.jpg\",\"width\":5184,\"height\":3456},{\"@type\":\"BreadcrumbList\",\"@id\":\"https:\\\/\\\/visitemporda.com\\\/en\\\/recomenacions\\\/propostes\\\/territori-i-natura\\\/les-8-proposts-a-laire-lliure\\\/la-ruta-del-ter\\\/#breadcrumb\",\"itemListElement\":[{\"@type\":\"ListItem\",\"position\":1,\"name\":\"Inici\",\"item\":\"https:\\\/\\\/visitemporda.com\\\/en\\\/\"},{\"@type\":\"ListItem\",\"position\":2,\"name\":\"Recommendations\",\"item\":\"https:\\\/\\\/visitemporda.com\\\/en\\\/recomenacions\\\/\"},{\"@type\":\"ListItem\",\"position\":3,\"name\":\"What to do\",\"item\":\"https:\\\/\\\/visitemporda.com\\\/en\\\/recomenacions\\\/propostes\\\/\"},{\"@type\":\"ListItem\",\"position\":4,\"name\":\"Land and nature\",\"item\":\"https:\\\/\\\/visitemporda.com\\\/en\\\/recomenacions\\\/propostes\\\/territori-i-natura\\\/\"},{\"@type\":\"ListItem\",\"position\":5,\"name\":\"8 outdoors ideas\",\"item\":\"https:\\\/\\\/visitemporda.com\\\/en\\\/recomenacions\\\/propostes\\\/territori-i-natura\\\/les-8-proposts-a-laire-lliure\\\/\"},{\"@type\":\"ListItem\",\"position\":6,\"name\":\"The Ter Route\"}]},{\"@type\":\"WebSite\",\"@id\":\"https:\\\/\\\/visitemporda.com\\\/en\\\/#website\",\"url\":\"https:\\\/\\\/visitemporda.com\\\/en\\\/\",\"name\":\"Visit Empord\u00e0\",\"description\":\"The Official Site of the Baix Empord\u00e0 region\",\"publisher\":{\"@id\":\"https:\\\/\\\/visitemporda.com\\\/en\\\/#organization\"},\"potentialAction\":[{\"@type\":\"SearchAction\",\"target\":{\"@type\":\"EntryPoint\",\"urlTemplate\":\"https:\\\/\\\/visitemporda.com\\\/en\\\/?s={search_term_string}\"},\"query-input\":{\"@type\":\"PropertyValueSpecification\",\"valueRequired\":true,\"valueName\":\"search_term_string\"}}],\"inLanguage\":\"en-US\"},{\"@type\":\"Organization\",\"@id\":\"https:\\\/\\\/visitemporda.com\\\/en\\\/#organization\",\"name\":\"Consell Comarcal del Baix Empord\u00e0\",\"url\":\"https:\\\/\\\/visitemporda.com\\\/en\\\/\",\"logo\":{\"@type\":\"ImageObject\",\"inLanguage\":\"en-US\",\"@id\":\"https:\\\/\\\/visitemporda.com\\\/en\\\/#\\\/schema\\\/logo\\\/image\\\/\",\"url\":\"https:\\\/\\\/visitemporda.com\\\/wp-content\\\/uploads\\\/2024\\\/11\\\/Logotip_CCBE.png\",\"contentUrl\":\"https:\\\/\\\/visitemporda.com\\\/wp-content\\\/uploads\\\/2024\\\/11\\\/Logotip_CCBE.png\",\"width\":3617,\"height\":3617,\"caption\":\"Consell Comarcal del Baix Empord\u00e0\"},\"image\":{\"@id\":\"https:\\\/\\\/visitemporda.com\\\/en\\\/#\\\/schema\\\/logo\\\/image\\\/\"},\"sameAs\":[\"https:\\\/\\\/www.facebook.com\\\/baixempordaturisme\",\"https:\\\/\\\/x.com\\\/baixemporda_tur\",\"https:\\\/\\\/www.instagram.com\\\/visitemporda\"]}]}<\/script>\n<!-- \/ Yoast SEO plugin. -->","yoast_head_json":{"title":"The Ter Route - Visit Empord\u00e0","robots":{"index":"index","follow":"follow","max-snippet":"max-snippet:-1","max-image-preview":"max-image-preview:large","max-video-preview":"max-video-preview:-1"},"canonical":"https:\/\/visitemporda.com\/en\/recomenacions\/propostes\/territori-i-natura\/les-8-proposts-a-laire-lliure\/la-ruta-del-ter\/","og_locale":"en_US","og_type":"article","og_title":"The Ter Route - Visit Empord\u00e0","og_description":"The river Ter flows through the region and flows into the Gola del Ter in l\u2019Estartit. Eleven municipalities in the Baix Empord\u00e0 are located in the area around this well-known river that enters the Baix Empord\u00e0 near Foix\u00e0 and Colomers. From here, you can follow the course of the river through Jafre, Verges, Canet de [&hellip;]","og_url":"https:\/\/visitemporda.com\/en\/recomenacions\/propostes\/territori-i-natura\/les-8-proposts-a-laire-lliure\/la-ruta-del-ter\/","og_site_name":"Visit Empord\u00e0","article_publisher":"https:\/\/www.facebook.com\/baixempordaturisme","article_modified_time":"2021-02-18T13:39:07+00:00","og_image":[{"width":1024,"height":683,"url":"https:\/\/visitemporda.com\/wp-content\/uploads\/2019\/12\/IMG_2532-1024x683.jpg","type":"image\/jpeg"}],"twitter_card":"summary_large_image","twitter_site":"@baixemporda_tur","twitter_misc":{"Est. reading time":"1 minute"},"schema":{"@context":"https:\/\/schema.org","@graph":[{"@type":"WebPage","@id":"https:\/\/visitemporda.com\/en\/recomenacions\/propostes\/territori-i-natura\/les-8-proposts-a-laire-lliure\/la-ruta-del-ter\/","url":"https:\/\/visitemporda.com\/en\/recomenacions\/propostes\/territori-i-natura\/les-8-proposts-a-laire-lliure\/la-ruta-del-ter\/","name":"The Ter Route - Visit Empord\u00e0","isPartOf":{"@id":"https:\/\/visitemporda.com\/en\/#website"},"primaryImageOfPage":{"@id":"https:\/\/visitemporda.com\/en\/recomenacions\/propostes\/territori-i-natura\/les-8-proposts-a-laire-lliure\/la-ruta-del-ter\/#primaryimage"},"image":{"@id":"https:\/\/visitemporda.com\/en\/recomenacions\/propostes\/territori-i-natura\/les-8-proposts-a-laire-lliure\/la-ruta-del-ter\/#primaryimage"},"thumbnailUrl":"https:\/\/visitemporda.com\/wp-content\/uploads\/2019\/12\/IMG_2532.jpg","datePublished":"2019-12-31T10:26:50+00:00","dateModified":"2021-02-18T13:39:07+00:00","breadcrumb":{"@id":"https:\/\/visitemporda.com\/en\/recomenacions\/propostes\/territori-i-natura\/les-8-proposts-a-laire-lliure\/la-ruta-del-ter\/#breadcrumb"},"inLanguage":"en-US","potentialAction":[{"@type":"ReadAction","target":["https:\/\/visitemporda.com\/en\/recomenacions\/propostes\/territori-i-natura\/les-8-proposts-a-laire-lliure\/la-ruta-del-ter\/"]}]},{"@type":"ImageObject","inLanguage":"en-US","@id":"https:\/\/visitemporda.com\/en\/recomenacions\/propostes\/territori-i-natura\/les-8-proposts-a-laire-lliure\/la-ruta-del-ter\/#primaryimage","url":"https:\/\/visitemporda.com\/wp-content\/uploads\/2019\/12\/IMG_2532.jpg","contentUrl":"https:\/\/visitemporda.com\/wp-content\/uploads\/2019\/12\/IMG_2532.jpg","width":5184,"height":3456},{"@type":"BreadcrumbList","@id":"https:\/\/visitemporda.com\/en\/recomenacions\/propostes\/territori-i-natura\/les-8-proposts-a-laire-lliure\/la-ruta-del-ter\/#breadcrumb","itemListElement":[{"@type":"ListItem","position":1,"name":"Inici","item":"https:\/\/visitemporda.com\/en\/"},{"@type":"ListItem","position":2,"name":"Recommendations","item":"https:\/\/visitemporda.com\/en\/recomenacions\/"},{"@type":"ListItem","position":3,"name":"What to do","item":"https:\/\/visitemporda.com\/en\/recomenacions\/propostes\/"},{"@type":"ListItem","position":4,"name":"Land and nature","item":"https:\/\/visitemporda.com\/en\/recomenacions\/propostes\/territori-i-natura\/"},{"@type":"ListItem","position":5,"name":"8 outdoors ideas","item":"https:\/\/visitemporda.com\/en\/recomenacions\/propostes\/territori-i-natura\/les-8-proposts-a-laire-lliure\/"},{"@type":"ListItem","position":6,"name":"The Ter Route"}]},{"@type":"WebSite","@id":"https:\/\/visitemporda.com\/en\/#website","url":"https:\/\/visitemporda.com\/en\/","name":"Visit Empord\u00e0","description":"The Official Site of the Baix Empord\u00e0 region","publisher":{"@id":"https:\/\/visitemporda.com\/en\/#organization"},"potentialAction":[{"@type":"SearchAction","target":{"@type":"EntryPoint","urlTemplate":"https:\/\/visitemporda.com\/en\/?s={search_term_string}"},"query-input":{"@type":"PropertyValueSpecification","valueRequired":true,"valueName":"search_term_string"}}],"inLanguage":"en-US"},{"@type":"Organization","@id":"https:\/\/visitemporda.com\/en\/#organization","name":"Consell Comarcal del Baix Empord\u00e0","url":"https:\/\/visitemporda.com\/en\/","logo":{"@type":"ImageObject","inLanguage":"en-US","@id":"https:\/\/visitemporda.com\/en\/#\/schema\/logo\/image\/","url":"https:\/\/visitemporda.com\/wp-content\/uploads\/2024\/11\/Logotip_CCBE.png","contentUrl":"https:\/\/visitemporda.com\/wp-content\/uploads\/2024\/11\/Logotip_CCBE.png","width":3617,"height":3617,"caption":"Consell Comarcal del Baix Empord\u00e0"},"image":{"@id":"https:\/\/visitemporda.com\/en\/#\/schema\/logo\/image\/"},"sameAs":["https:\/\/www.facebook.com\/baixempordaturisme","https:\/\/x.com\/baixemporda_tur","https:\/\/www.instagram.com\/visitemporda"]}]}},"_links":{"self":[{"href":"https:\/\/visitemporda.com\/en\/wp-json\/wp\/v2\/pages\/22186","targetHints":{"allow":["GET"]}}],"collection":[{"href":"https:\/\/visitemporda.com\/en\/wp-json\/wp\/v2\/pages"}],"about":[{"href":"https:\/\/visitemporda.com\/en\/wp-json\/wp\/v2\/types\/page"}],"author":[{"embeddable":true,"href":"https:\/\/visitemporda.com\/en\/wp-json\/wp\/v2\/users\/2"}],"replies":[{"embeddable":true,"href":"https:\/\/visitemporda.com\/en\/wp-json\/wp\/v2\/comments?post=22186"}],"version-history":[{"count":3,"href":"https:\/\/visitemporda.com\/en\/wp-json\/wp\/v2\/pages\/22186\/revisions"}],"predecessor-version":[{"id":22189,"href":"https:\/\/visitemporda.com\/en\/wp-json\/wp\/v2\/pages\/22186\/revisions\/22189"}],"up":[{"embeddable":true,"href":"https:\/\/visitemporda.com\/en\/wp-json\/wp\/v2\/pages\/21308"}],"wp:featuredmedia":[{"embeddable":true,"href":"https:\/\/visitemporda.com\/en\/wp-json\/wp\/v2\/media\/13928"}],"wp:attachment":[{"href":"https:\/\/visitemporda.com\/en\/wp-json\/wp\/v2\/media?parent=22186"}],"curies":[{"name":"wp","href":"https:\/\/api.w.org\/{rel}","templated":true}]}}