

{"id":22108,"date":"2019-08-07T09:00:19","date_gmt":"2019-08-07T07:00:19","guid":{"rendered":"http:\/\/visitemporda.com\/recomenacions\/el-gust-de-lemporda\/marca-de-garantia-productes-de-lemporda\/gamba-de-palamos\/"},"modified":"2021-05-18T22:51:11","modified_gmt":"2021-05-18T20:51:11","slug":"gamba-de-palamos","status":"publish","type":"page","link":"https:\/\/visitemporda.com\/en\/planifica\/el-gust-de-lemporda\/marca-de-garantia-productes-de-lemporda\/gamba-de-palamos\/","title":{"rendered":"Palam\u00f3s Prawns"},"content":{"rendered":"<p>Palam\u00f3s prawns have their own quality guarantee mark, the &#8220;Gamba de Palam\u00f3s&#8221; quality mark. This mark regulates their quality by applying strict rules in the fishing process, in the treatment and handling of the prawns all through the distribution chain and with exhaustive control of the cold chain (temperature between 0 \u00b0 and 4 \u00b0C) from the sea to the end consumer.<\/p>\n<p>ORIGIN OF THE PRODUCT<br \/>\nIt is limited to fresh prawns of the species <em>Aristeus antennatus<\/em>, caught in the waters of the Palam\u00f3s coast.<\/p>\n<p>CHARACTERISTICS OF THE PRODUCT<br \/>\nReddish body and a firm texture. The guarantee mark ensures that the prawns reach the consumer with the highest level of quality: an exquisite flavour, an unmistakable aroma, an attractive appearance and an unbeatable level of freshness.<\/p>\n<p>PACKAGING<br \/>\nLoose.<\/p>\n<p>STORAGE<br \/>\nKeep refrigerated.<\/p>\n","protected":false},"excerpt":{"rendered":"<p>Palam\u00f3s prawns have their own quality guarantee mark, the &#8220;Gamba de Palam\u00f3s&#8221; quality mark. This mark regulates their quality by applying strict rules in the fishing process, in the treatment and handling of the prawns all through the distribution chain and with exhaustive control of the cold chain (temperature between 0 \u00b0 and 4 \u00b0C) [&hellip;]<\/p>\n","protected":false},"author":2,"featured_media":6720,"parent":21352,"menu_order":0,"comment_status":"closed","ping_status":"closed","template":"page-templates\/fitxa-campanyes-gastronomiques.php","meta":{"_acf_changed":false,"footnotes":""},"class_list":["post-22108","page","type-page","status-publish","has-post-thumbnail","hentry"],"acf":[],"yoast_head":"<!-- This site is optimized with the Yoast SEO plugin v27.3 - https:\/\/yoast.com\/product\/yoast-seo-wordpress\/ -->\n<title>Palam\u00f3s Prawns - Visit Empord\u00e0<\/title>\n<meta name=\"robots\" content=\"index, follow, max-snippet:-1, max-image-preview:large, max-video-preview:-1\" \/>\n<link rel=\"canonical\" href=\"https:\/\/visitemporda.com\/en\/planifica\/el-gust-de-lemporda\/marca-de-garantia-productes-de-lemporda\/gamba-de-palamos\/\" \/>\n<meta property=\"og:locale\" content=\"en_US\" \/>\n<meta property=\"og:type\" content=\"article\" \/>\n<meta property=\"og:title\" content=\"Palam\u00f3s Prawns - Visit Empord\u00e0\" \/>\n<meta property=\"og:description\" content=\"Palam\u00f3s prawns have their own quality guarantee mark, the &#8220;Gamba de Palam\u00f3s&#8221; quality mark. This mark regulates their quality by applying strict rules in the fishing process, in the treatment and handling of the prawns all through the distribution chain and with exhaustive control of the cold chain (temperature between 0 \u00b0 and 4 \u00b0C) [&hellip;]\" \/>\n<meta property=\"og:url\" content=\"https:\/\/visitemporda.com\/en\/planifica\/el-gust-de-lemporda\/marca-de-garantia-productes-de-lemporda\/gamba-de-palamos\/\" \/>\n<meta property=\"og:site_name\" content=\"Visit Empord\u00e0\" \/>\n<meta property=\"article:publisher\" content=\"https:\/\/www.facebook.com\/baixempordaturisme\" \/>\n<meta property=\"article:modified_time\" content=\"2021-05-18T20:51:11+00:00\" \/>\n<meta property=\"og:image\" content=\"https:\/\/visitemporda.com\/wp-content\/uploads\/2019\/08\/ajuntament-palam\u00f3s-gamba-1024x683.jpg\" \/>\n\t<meta property=\"og:image:width\" content=\"1024\" \/>\n\t<meta property=\"og:image:height\" content=\"683\" \/>\n\t<meta property=\"og:image:type\" content=\"image\/jpeg\" \/>\n<meta name=\"twitter:card\" content=\"summary_large_image\" \/>\n<meta name=\"twitter:site\" content=\"@baixemporda_tur\" \/>\n<meta name=\"twitter:label1\" content=\"Est. reading time\" \/>\n\t<meta name=\"twitter:data1\" content=\"1 minute\" \/>\n<script type=\"application\/ld+json\" class=\"yoast-schema-graph\">{\"@context\":\"https:\\\/\\\/schema.org\",\"@graph\":[{\"@type\":\"WebPage\",\"@id\":\"https:\\\/\\\/visitemporda.com\\\/en\\\/planifica\\\/el-gust-de-lemporda\\\/marca-de-garantia-productes-de-lemporda\\\/gamba-de-palamos\\\/\",\"url\":\"https:\\\/\\\/visitemporda.com\\\/en\\\/planifica\\\/el-gust-de-lemporda\\\/marca-de-garantia-productes-de-lemporda\\\/gamba-de-palamos\\\/\",\"name\":\"Palam\u00f3s Prawns - Visit Empord\u00e0\",\"isPartOf\":{\"@id\":\"https:\\\/\\\/visitemporda.com\\\/en\\\/#website\"},\"primaryImageOfPage\":{\"@id\":\"https:\\\/\\\/visitemporda.com\\\/en\\\/planifica\\\/el-gust-de-lemporda\\\/marca-de-garantia-productes-de-lemporda\\\/gamba-de-palamos\\\/#primaryimage\"},\"image\":{\"@id\":\"https:\\\/\\\/visitemporda.com\\\/en\\\/planifica\\\/el-gust-de-lemporda\\\/marca-de-garantia-productes-de-lemporda\\\/gamba-de-palamos\\\/#primaryimage\"},\"thumbnailUrl\":\"https:\\\/\\\/visitemporda.com\\\/wp-content\\\/uploads\\\/2019\\\/08\\\/ajuntament-palam\u00f3s-gamba.jpg\",\"datePublished\":\"2019-08-07T07:00:19+00:00\",\"dateModified\":\"2021-05-18T20:51:11+00:00\",\"breadcrumb\":{\"@id\":\"https:\\\/\\\/visitemporda.com\\\/en\\\/planifica\\\/el-gust-de-lemporda\\\/marca-de-garantia-productes-de-lemporda\\\/gamba-de-palamos\\\/#breadcrumb\"},\"inLanguage\":\"en-US\",\"potentialAction\":[{\"@type\":\"ReadAction\",\"target\":[\"https:\\\/\\\/visitemporda.com\\\/en\\\/planifica\\\/el-gust-de-lemporda\\\/marca-de-garantia-productes-de-lemporda\\\/gamba-de-palamos\\\/\"]}]},{\"@type\":\"ImageObject\",\"inLanguage\":\"en-US\",\"@id\":\"https:\\\/\\\/visitemporda.com\\\/en\\\/planifica\\\/el-gust-de-lemporda\\\/marca-de-garantia-productes-de-lemporda\\\/gamba-de-palamos\\\/#primaryimage\",\"url\":\"https:\\\/\\\/visitemporda.com\\\/wp-content\\\/uploads\\\/2019\\\/08\\\/ajuntament-palam\u00f3s-gamba.jpg\",\"contentUrl\":\"https:\\\/\\\/visitemporda.com\\\/wp-content\\\/uploads\\\/2019\\\/08\\\/ajuntament-palam\u00f3s-gamba.jpg\",\"width\":2496,\"height\":1664,\"caption\":\"gambes de palam\u00f3s\"},{\"@type\":\"BreadcrumbList\",\"@id\":\"https:\\\/\\\/visitemporda.com\\\/en\\\/planifica\\\/el-gust-de-lemporda\\\/marca-de-garantia-productes-de-lemporda\\\/gamba-de-palamos\\\/#breadcrumb\",\"itemListElement\":[{\"@type\":\"ListItem\",\"position\":1,\"name\":\"Inici\",\"item\":\"https:\\\/\\\/visitemporda.com\\\/en\\\/\"},{\"@type\":\"ListItem\",\"position\":2,\"name\":\"Plan your stay\",\"item\":\"https:\\\/\\\/visitemporda.com\\\/en\\\/planifica\\\/\"},{\"@type\":\"ListItem\",\"position\":3,\"name\":\"The taste of the Empord\u00e0\",\"item\":\"https:\\\/\\\/visitemporda.com\\\/en\\\/planifica\\\/el-gust-de-lemporda\\\/\"},{\"@type\":\"ListItem\",\"position\":4,\"name\":\"Productes de l&#8217;Empord\u00e0 brand\",\"item\":\"https:\\\/\\\/visitemporda.com\\\/en\\\/planifica\\\/el-gust-de-lemporda\\\/marca-de-garantia-productes-de-lemporda\\\/\"},{\"@type\":\"ListItem\",\"position\":5,\"name\":\"Palam\u00f3s Prawns\"}]},{\"@type\":\"WebSite\",\"@id\":\"https:\\\/\\\/visitemporda.com\\\/en\\\/#website\",\"url\":\"https:\\\/\\\/visitemporda.com\\\/en\\\/\",\"name\":\"Visit Empord\u00e0\",\"description\":\"The Official Site of the Baix Empord\u00e0 region\",\"publisher\":{\"@id\":\"https:\\\/\\\/visitemporda.com\\\/en\\\/#organization\"},\"potentialAction\":[{\"@type\":\"SearchAction\",\"target\":{\"@type\":\"EntryPoint\",\"urlTemplate\":\"https:\\\/\\\/visitemporda.com\\\/en\\\/?s={search_term_string}\"},\"query-input\":{\"@type\":\"PropertyValueSpecification\",\"valueRequired\":true,\"valueName\":\"search_term_string\"}}],\"inLanguage\":\"en-US\"},{\"@type\":\"Organization\",\"@id\":\"https:\\\/\\\/visitemporda.com\\\/en\\\/#organization\",\"name\":\"Consell Comarcal del Baix Empord\u00e0\",\"url\":\"https:\\\/\\\/visitemporda.com\\\/en\\\/\",\"logo\":{\"@type\":\"ImageObject\",\"inLanguage\":\"en-US\",\"@id\":\"https:\\\/\\\/visitemporda.com\\\/en\\\/#\\\/schema\\\/logo\\\/image\\\/\",\"url\":\"https:\\\/\\\/visitemporda.com\\\/wp-content\\\/uploads\\\/2024\\\/11\\\/Logotip_CCBE.png\",\"contentUrl\":\"https:\\\/\\\/visitemporda.com\\\/wp-content\\\/uploads\\\/2024\\\/11\\\/Logotip_CCBE.png\",\"width\":3617,\"height\":3617,\"caption\":\"Consell Comarcal del Baix Empord\u00e0\"},\"image\":{\"@id\":\"https:\\\/\\\/visitemporda.com\\\/en\\\/#\\\/schema\\\/logo\\\/image\\\/\"},\"sameAs\":[\"https:\\\/\\\/www.facebook.com\\\/baixempordaturisme\",\"https:\\\/\\\/x.com\\\/baixemporda_tur\",\"https:\\\/\\\/www.instagram.com\\\/visitemporda\"]}]}<\/script>\n<!-- \/ Yoast SEO plugin. -->","yoast_head_json":{"title":"Palam\u00f3s Prawns - Visit Empord\u00e0","robots":{"index":"index","follow":"follow","max-snippet":"max-snippet:-1","max-image-preview":"max-image-preview:large","max-video-preview":"max-video-preview:-1"},"canonical":"https:\/\/visitemporda.com\/en\/planifica\/el-gust-de-lemporda\/marca-de-garantia-productes-de-lemporda\/gamba-de-palamos\/","og_locale":"en_US","og_type":"article","og_title":"Palam\u00f3s Prawns - Visit Empord\u00e0","og_description":"Palam\u00f3s prawns have their own quality guarantee mark, the &#8220;Gamba de Palam\u00f3s&#8221; quality mark. This mark regulates their quality by applying strict rules in the fishing process, in the treatment and handling of the prawns all through the distribution chain and with exhaustive control of the cold chain (temperature between 0 \u00b0 and 4 \u00b0C) [&hellip;]","og_url":"https:\/\/visitemporda.com\/en\/planifica\/el-gust-de-lemporda\/marca-de-garantia-productes-de-lemporda\/gamba-de-palamos\/","og_site_name":"Visit Empord\u00e0","article_publisher":"https:\/\/www.facebook.com\/baixempordaturisme","article_modified_time":"2021-05-18T20:51:11+00:00","og_image":[{"width":1024,"height":683,"url":"https:\/\/visitemporda.com\/wp-content\/uploads\/2019\/08\/ajuntament-palam\u00f3s-gamba-1024x683.jpg","type":"image\/jpeg"}],"twitter_card":"summary_large_image","twitter_site":"@baixemporda_tur","twitter_misc":{"Est. reading time":"1 minute"},"schema":{"@context":"https:\/\/schema.org","@graph":[{"@type":"WebPage","@id":"https:\/\/visitemporda.com\/en\/planifica\/el-gust-de-lemporda\/marca-de-garantia-productes-de-lemporda\/gamba-de-palamos\/","url":"https:\/\/visitemporda.com\/en\/planifica\/el-gust-de-lemporda\/marca-de-garantia-productes-de-lemporda\/gamba-de-palamos\/","name":"Palam\u00f3s Prawns - Visit Empord\u00e0","isPartOf":{"@id":"https:\/\/visitemporda.com\/en\/#website"},"primaryImageOfPage":{"@id":"https:\/\/visitemporda.com\/en\/planifica\/el-gust-de-lemporda\/marca-de-garantia-productes-de-lemporda\/gamba-de-palamos\/#primaryimage"},"image":{"@id":"https:\/\/visitemporda.com\/en\/planifica\/el-gust-de-lemporda\/marca-de-garantia-productes-de-lemporda\/gamba-de-palamos\/#primaryimage"},"thumbnailUrl":"https:\/\/visitemporda.com\/wp-content\/uploads\/2019\/08\/ajuntament-palam\u00f3s-gamba.jpg","datePublished":"2019-08-07T07:00:19+00:00","dateModified":"2021-05-18T20:51:11+00:00","breadcrumb":{"@id":"https:\/\/visitemporda.com\/en\/planifica\/el-gust-de-lemporda\/marca-de-garantia-productes-de-lemporda\/gamba-de-palamos\/#breadcrumb"},"inLanguage":"en-US","potentialAction":[{"@type":"ReadAction","target":["https:\/\/visitemporda.com\/en\/planifica\/el-gust-de-lemporda\/marca-de-garantia-productes-de-lemporda\/gamba-de-palamos\/"]}]},{"@type":"ImageObject","inLanguage":"en-US","@id":"https:\/\/visitemporda.com\/en\/planifica\/el-gust-de-lemporda\/marca-de-garantia-productes-de-lemporda\/gamba-de-palamos\/#primaryimage","url":"https:\/\/visitemporda.com\/wp-content\/uploads\/2019\/08\/ajuntament-palam\u00f3s-gamba.jpg","contentUrl":"https:\/\/visitemporda.com\/wp-content\/uploads\/2019\/08\/ajuntament-palam\u00f3s-gamba.jpg","width":2496,"height":1664,"caption":"gambes de palam\u00f3s"},{"@type":"BreadcrumbList","@id":"https:\/\/visitemporda.com\/en\/planifica\/el-gust-de-lemporda\/marca-de-garantia-productes-de-lemporda\/gamba-de-palamos\/#breadcrumb","itemListElement":[{"@type":"ListItem","position":1,"name":"Inici","item":"https:\/\/visitemporda.com\/en\/"},{"@type":"ListItem","position":2,"name":"Plan your stay","item":"https:\/\/visitemporda.com\/en\/planifica\/"},{"@type":"ListItem","position":3,"name":"The taste of the Empord\u00e0","item":"https:\/\/visitemporda.com\/en\/planifica\/el-gust-de-lemporda\/"},{"@type":"ListItem","position":4,"name":"Productes de l&#8217;Empord\u00e0 brand","item":"https:\/\/visitemporda.com\/en\/planifica\/el-gust-de-lemporda\/marca-de-garantia-productes-de-lemporda\/"},{"@type":"ListItem","position":5,"name":"Palam\u00f3s Prawns"}]},{"@type":"WebSite","@id":"https:\/\/visitemporda.com\/en\/#website","url":"https:\/\/visitemporda.com\/en\/","name":"Visit Empord\u00e0","description":"The Official Site of the Baix Empord\u00e0 region","publisher":{"@id":"https:\/\/visitemporda.com\/en\/#organization"},"potentialAction":[{"@type":"SearchAction","target":{"@type":"EntryPoint","urlTemplate":"https:\/\/visitemporda.com\/en\/?s={search_term_string}"},"query-input":{"@type":"PropertyValueSpecification","valueRequired":true,"valueName":"search_term_string"}}],"inLanguage":"en-US"},{"@type":"Organization","@id":"https:\/\/visitemporda.com\/en\/#organization","name":"Consell Comarcal del Baix Empord\u00e0","url":"https:\/\/visitemporda.com\/en\/","logo":{"@type":"ImageObject","inLanguage":"en-US","@id":"https:\/\/visitemporda.com\/en\/#\/schema\/logo\/image\/","url":"https:\/\/visitemporda.com\/wp-content\/uploads\/2024\/11\/Logotip_CCBE.png","contentUrl":"https:\/\/visitemporda.com\/wp-content\/uploads\/2024\/11\/Logotip_CCBE.png","width":3617,"height":3617,"caption":"Consell Comarcal del Baix Empord\u00e0"},"image":{"@id":"https:\/\/visitemporda.com\/en\/#\/schema\/logo\/image\/"},"sameAs":["https:\/\/www.facebook.com\/baixempordaturisme","https:\/\/x.com\/baixemporda_tur","https:\/\/www.instagram.com\/visitemporda"]}]}},"_links":{"self":[{"href":"https:\/\/visitemporda.com\/en\/wp-json\/wp\/v2\/pages\/22108","targetHints":{"allow":["GET"]}}],"collection":[{"href":"https:\/\/visitemporda.com\/en\/wp-json\/wp\/v2\/pages"}],"about":[{"href":"https:\/\/visitemporda.com\/en\/wp-json\/wp\/v2\/types\/page"}],"author":[{"embeddable":true,"href":"https:\/\/visitemporda.com\/en\/wp-json\/wp\/v2\/users\/2"}],"replies":[{"embeddable":true,"href":"https:\/\/visitemporda.com\/en\/wp-json\/wp\/v2\/comments?post=22108"}],"version-history":[{"count":3,"href":"https:\/\/visitemporda.com\/en\/wp-json\/wp\/v2\/pages\/22108\/revisions"}],"predecessor-version":[{"id":30330,"href":"https:\/\/visitemporda.com\/en\/wp-json\/wp\/v2\/pages\/22108\/revisions\/30330"}],"up":[{"embeddable":true,"href":"https:\/\/visitemporda.com\/en\/wp-json\/wp\/v2\/pages\/21352"}],"wp:featuredmedia":[{"embeddable":true,"href":"https:\/\/visitemporda.com\/en\/wp-json\/wp\/v2\/media\/6720"}],"wp:attachment":[{"href":"https:\/\/visitemporda.com\/en\/wp-json\/wp\/v2\/media?parent=22108"}],"curies":[{"name":"wp","href":"https:\/\/api.w.org\/{rel}","templated":true}]}}