

{"id":22100,"date":"2019-08-07T08:58:16","date_gmt":"2019-08-07T06:58:16","guid":{"rendered":"http:\/\/visitemporda.com\/recomenacions\/el-gust-de-lemporda\/marca-de-garantia-productes-de-lemporda\/brunyols-de-lemporda\/"},"modified":"2021-05-18T22:37:07","modified_gmt":"2021-05-18T20:37:07","slug":"brunyols-de-lemporda","status":"publish","type":"page","link":"https:\/\/visitemporda.com\/en\/planifica\/el-gust-de-lemporda\/marca-de-garantia-productes-de-lemporda\/brunyols-de-lemporda\/","title":{"rendered":"Empord\u00e0 Brunyol doughnuts"},"content":{"rendered":"<p>Brunyols as these doughnuts are called in the Empord\u00e0 \u2013 not bunyols like in the rest of Catalonia \u2013 are a desert that starts to be eaten in Lent and reach their peak popularity in Holy Week. They can be found in patisseries and baker\u2019s throughout the Empord\u00e0.<\/p>\n<p>PERIOD OF MANUFACTURE<br \/>\nAll year.<\/p>\n<p>INGREDIENTS<br \/>\nFlour, water or milk, baker\u2019s yeast, salt, anis, lard, olive oil or butter, lemon, eggs, sugar, anis or garnacha grapes.<\/p>\n<p>CHARACTERISTICS OF THE PRODUCT<br \/>\nThey normally have an inflated shape, like a flattened sphere. Their texture is compact tending towards dense. Their distinguishing feature is a slight aniseed taste and the fact they do not have a hole.<\/p>\n<p>PACKAGING<br \/>\nLoose.<\/p>\n<p>STORAGE<br \/>\nAt room temperature.<\/p>\n","protected":false},"excerpt":{"rendered":"<p>Brunyols as these doughnuts are called in the Empord\u00e0 \u2013 not bunyols like in the rest of Catalonia \u2013 are a desert that starts to be eaten in Lent and reach their peak popularity in Holy Week. They can be found in patisseries and baker\u2019s throughout the Empord\u00e0. PERIOD OF MANUFACTURE All year. INGREDIENTS Flour, [&hellip;]<\/p>\n","protected":false},"author":2,"featured_media":6708,"parent":21352,"menu_order":0,"comment_status":"closed","ping_status":"closed","template":"page-templates\/fitxa-campanyes-gastronomiques.php","meta":{"_acf_changed":false,"footnotes":""},"class_list":["post-22100","page","type-page","status-publish","has-post-thumbnail","hentry"],"acf":[],"yoast_head":"<!-- This site is optimized with the Yoast SEO plugin v27.3 - https:\/\/yoast.com\/product\/yoast-seo-wordpress\/ -->\n<title>Empord\u00e0 Brunyol doughnuts - Visit Empord\u00e0<\/title>\n<meta name=\"robots\" content=\"index, follow, max-snippet:-1, max-image-preview:large, max-video-preview:-1\" \/>\n<link rel=\"canonical\" href=\"https:\/\/visitemporda.com\/en\/planifica\/el-gust-de-lemporda\/marca-de-garantia-productes-de-lemporda\/brunyols-de-lemporda\/\" \/>\n<meta property=\"og:locale\" content=\"en_US\" \/>\n<meta property=\"og:type\" content=\"article\" \/>\n<meta property=\"og:title\" content=\"Empord\u00e0 Brunyol doughnuts - Visit Empord\u00e0\" \/>\n<meta property=\"og:description\" content=\"Brunyols as these doughnuts are called in the Empord\u00e0 \u2013 not bunyols like in the rest of Catalonia \u2013 are a desert that starts to be eaten in Lent and reach their peak popularity in Holy Week. They can be found in patisseries and baker\u2019s throughout the Empord\u00e0. PERIOD OF MANUFACTURE All year. INGREDIENTS Flour, [&hellip;]\" \/>\n<meta property=\"og:url\" content=\"https:\/\/visitemporda.com\/en\/planifica\/el-gust-de-lemporda\/marca-de-garantia-productes-de-lemporda\/brunyols-de-lemporda\/\" \/>\n<meta property=\"og:site_name\" content=\"Visit Empord\u00e0\" \/>\n<meta property=\"article:publisher\" content=\"https:\/\/www.facebook.com\/baixempordaturisme\" \/>\n<meta property=\"article:modified_time\" content=\"2021-05-18T20:37:07+00:00\" \/>\n<meta property=\"og:image\" content=\"https:\/\/visitemporda.com\/wp-content\/uploads\/2019\/08\/brunyols-sense-forat-alt.jpg\" \/>\n\t<meta property=\"og:image:width\" content=\"1187\" \/>\n\t<meta property=\"og:image:height\" content=\"1187\" \/>\n\t<meta property=\"og:image:type\" content=\"image\/jpeg\" \/>\n<meta name=\"twitter:card\" content=\"summary_large_image\" \/>\n<meta name=\"twitter:site\" content=\"@baixemporda_tur\" \/>\n<meta name=\"twitter:label1\" content=\"Est. reading time\" \/>\n\t<meta name=\"twitter:data1\" content=\"1 minute\" \/>\n<script type=\"application\/ld+json\" class=\"yoast-schema-graph\">{\"@context\":\"https:\\\/\\\/schema.org\",\"@graph\":[{\"@type\":\"WebPage\",\"@id\":\"https:\\\/\\\/visitemporda.com\\\/en\\\/planifica\\\/el-gust-de-lemporda\\\/marca-de-garantia-productes-de-lemporda\\\/brunyols-de-lemporda\\\/\",\"url\":\"https:\\\/\\\/visitemporda.com\\\/en\\\/planifica\\\/el-gust-de-lemporda\\\/marca-de-garantia-productes-de-lemporda\\\/brunyols-de-lemporda\\\/\",\"name\":\"Empord\u00e0 Brunyol doughnuts - Visit Empord\u00e0\",\"isPartOf\":{\"@id\":\"https:\\\/\\\/visitemporda.com\\\/en\\\/#website\"},\"primaryImageOfPage\":{\"@id\":\"https:\\\/\\\/visitemporda.com\\\/en\\\/planifica\\\/el-gust-de-lemporda\\\/marca-de-garantia-productes-de-lemporda\\\/brunyols-de-lemporda\\\/#primaryimage\"},\"image\":{\"@id\":\"https:\\\/\\\/visitemporda.com\\\/en\\\/planifica\\\/el-gust-de-lemporda\\\/marca-de-garantia-productes-de-lemporda\\\/brunyols-de-lemporda\\\/#primaryimage\"},\"thumbnailUrl\":\"https:\\\/\\\/visitemporda.com\\\/wp-content\\\/uploads\\\/2019\\\/08\\\/brunyols-sense-forat-alt.jpg\",\"datePublished\":\"2019-08-07T06:58:16+00:00\",\"dateModified\":\"2021-05-18T20:37:07+00:00\",\"breadcrumb\":{\"@id\":\"https:\\\/\\\/visitemporda.com\\\/en\\\/planifica\\\/el-gust-de-lemporda\\\/marca-de-garantia-productes-de-lemporda\\\/brunyols-de-lemporda\\\/#breadcrumb\"},\"inLanguage\":\"en-US\",\"potentialAction\":[{\"@type\":\"ReadAction\",\"target\":[\"https:\\\/\\\/visitemporda.com\\\/en\\\/planifica\\\/el-gust-de-lemporda\\\/marca-de-garantia-productes-de-lemporda\\\/brunyols-de-lemporda\\\/\"]}]},{\"@type\":\"ImageObject\",\"inLanguage\":\"en-US\",\"@id\":\"https:\\\/\\\/visitemporda.com\\\/en\\\/planifica\\\/el-gust-de-lemporda\\\/marca-de-garantia-productes-de-lemporda\\\/brunyols-de-lemporda\\\/#primaryimage\",\"url\":\"https:\\\/\\\/visitemporda.com\\\/wp-content\\\/uploads\\\/2019\\\/08\\\/brunyols-sense-forat-alt.jpg\",\"contentUrl\":\"https:\\\/\\\/visitemporda.com\\\/wp-content\\\/uploads\\\/2019\\\/08\\\/brunyols-sense-forat-alt.jpg\",\"width\":1187,\"height\":1187,\"caption\":\"brunyols de l'empord\u00e0\"},{\"@type\":\"BreadcrumbList\",\"@id\":\"https:\\\/\\\/visitemporda.com\\\/en\\\/planifica\\\/el-gust-de-lemporda\\\/marca-de-garantia-productes-de-lemporda\\\/brunyols-de-lemporda\\\/#breadcrumb\",\"itemListElement\":[{\"@type\":\"ListItem\",\"position\":1,\"name\":\"Inici\",\"item\":\"https:\\\/\\\/visitemporda.com\\\/en\\\/\"},{\"@type\":\"ListItem\",\"position\":2,\"name\":\"Plan your stay\",\"item\":\"https:\\\/\\\/visitemporda.com\\\/en\\\/planifica\\\/\"},{\"@type\":\"ListItem\",\"position\":3,\"name\":\"The taste of the Empord\u00e0\",\"item\":\"https:\\\/\\\/visitemporda.com\\\/en\\\/planifica\\\/el-gust-de-lemporda\\\/\"},{\"@type\":\"ListItem\",\"position\":4,\"name\":\"Productes de l&#8217;Empord\u00e0 brand\",\"item\":\"https:\\\/\\\/visitemporda.com\\\/en\\\/planifica\\\/el-gust-de-lemporda\\\/marca-de-garantia-productes-de-lemporda\\\/\"},{\"@type\":\"ListItem\",\"position\":5,\"name\":\"Empord\u00e0 Brunyol doughnuts\"}]},{\"@type\":\"WebSite\",\"@id\":\"https:\\\/\\\/visitemporda.com\\\/en\\\/#website\",\"url\":\"https:\\\/\\\/visitemporda.com\\\/en\\\/\",\"name\":\"Visit Empord\u00e0\",\"description\":\"The Official Site of the Baix Empord\u00e0 region\",\"publisher\":{\"@id\":\"https:\\\/\\\/visitemporda.com\\\/en\\\/#organization\"},\"potentialAction\":[{\"@type\":\"SearchAction\",\"target\":{\"@type\":\"EntryPoint\",\"urlTemplate\":\"https:\\\/\\\/visitemporda.com\\\/en\\\/?s={search_term_string}\"},\"query-input\":{\"@type\":\"PropertyValueSpecification\",\"valueRequired\":true,\"valueName\":\"search_term_string\"}}],\"inLanguage\":\"en-US\"},{\"@type\":\"Organization\",\"@id\":\"https:\\\/\\\/visitemporda.com\\\/en\\\/#organization\",\"name\":\"Consell Comarcal del Baix Empord\u00e0\",\"url\":\"https:\\\/\\\/visitemporda.com\\\/en\\\/\",\"logo\":{\"@type\":\"ImageObject\",\"inLanguage\":\"en-US\",\"@id\":\"https:\\\/\\\/visitemporda.com\\\/en\\\/#\\\/schema\\\/logo\\\/image\\\/\",\"url\":\"https:\\\/\\\/visitemporda.com\\\/wp-content\\\/uploads\\\/2024\\\/11\\\/Logotip_CCBE.png\",\"contentUrl\":\"https:\\\/\\\/visitemporda.com\\\/wp-content\\\/uploads\\\/2024\\\/11\\\/Logotip_CCBE.png\",\"width\":3617,\"height\":3617,\"caption\":\"Consell Comarcal del Baix Empord\u00e0\"},\"image\":{\"@id\":\"https:\\\/\\\/visitemporda.com\\\/en\\\/#\\\/schema\\\/logo\\\/image\\\/\"},\"sameAs\":[\"https:\\\/\\\/www.facebook.com\\\/baixempordaturisme\",\"https:\\\/\\\/x.com\\\/baixemporda_tur\",\"https:\\\/\\\/www.instagram.com\\\/visitemporda\"]}]}<\/script>\n<!-- \/ Yoast SEO plugin. -->","yoast_head_json":{"title":"Empord\u00e0 Brunyol doughnuts - Visit Empord\u00e0","robots":{"index":"index","follow":"follow","max-snippet":"max-snippet:-1","max-image-preview":"max-image-preview:large","max-video-preview":"max-video-preview:-1"},"canonical":"https:\/\/visitemporda.com\/en\/planifica\/el-gust-de-lemporda\/marca-de-garantia-productes-de-lemporda\/brunyols-de-lemporda\/","og_locale":"en_US","og_type":"article","og_title":"Empord\u00e0 Brunyol doughnuts - Visit Empord\u00e0","og_description":"Brunyols as these doughnuts are called in the Empord\u00e0 \u2013 not bunyols like in the rest of Catalonia \u2013 are a desert that starts to be eaten in Lent and reach their peak popularity in Holy Week. They can be found in patisseries and baker\u2019s throughout the Empord\u00e0. PERIOD OF MANUFACTURE All year. INGREDIENTS Flour, [&hellip;]","og_url":"https:\/\/visitemporda.com\/en\/planifica\/el-gust-de-lemporda\/marca-de-garantia-productes-de-lemporda\/brunyols-de-lemporda\/","og_site_name":"Visit Empord\u00e0","article_publisher":"https:\/\/www.facebook.com\/baixempordaturisme","article_modified_time":"2021-05-18T20:37:07+00:00","og_image":[{"width":1187,"height":1187,"url":"https:\/\/visitemporda.com\/wp-content\/uploads\/2019\/08\/brunyols-sense-forat-alt.jpg","type":"image\/jpeg"}],"twitter_card":"summary_large_image","twitter_site":"@baixemporda_tur","twitter_misc":{"Est. reading time":"1 minute"},"schema":{"@context":"https:\/\/schema.org","@graph":[{"@type":"WebPage","@id":"https:\/\/visitemporda.com\/en\/planifica\/el-gust-de-lemporda\/marca-de-garantia-productes-de-lemporda\/brunyols-de-lemporda\/","url":"https:\/\/visitemporda.com\/en\/planifica\/el-gust-de-lemporda\/marca-de-garantia-productes-de-lemporda\/brunyols-de-lemporda\/","name":"Empord\u00e0 Brunyol doughnuts - Visit Empord\u00e0","isPartOf":{"@id":"https:\/\/visitemporda.com\/en\/#website"},"primaryImageOfPage":{"@id":"https:\/\/visitemporda.com\/en\/planifica\/el-gust-de-lemporda\/marca-de-garantia-productes-de-lemporda\/brunyols-de-lemporda\/#primaryimage"},"image":{"@id":"https:\/\/visitemporda.com\/en\/planifica\/el-gust-de-lemporda\/marca-de-garantia-productes-de-lemporda\/brunyols-de-lemporda\/#primaryimage"},"thumbnailUrl":"https:\/\/visitemporda.com\/wp-content\/uploads\/2019\/08\/brunyols-sense-forat-alt.jpg","datePublished":"2019-08-07T06:58:16+00:00","dateModified":"2021-05-18T20:37:07+00:00","breadcrumb":{"@id":"https:\/\/visitemporda.com\/en\/planifica\/el-gust-de-lemporda\/marca-de-garantia-productes-de-lemporda\/brunyols-de-lemporda\/#breadcrumb"},"inLanguage":"en-US","potentialAction":[{"@type":"ReadAction","target":["https:\/\/visitemporda.com\/en\/planifica\/el-gust-de-lemporda\/marca-de-garantia-productes-de-lemporda\/brunyols-de-lemporda\/"]}]},{"@type":"ImageObject","inLanguage":"en-US","@id":"https:\/\/visitemporda.com\/en\/planifica\/el-gust-de-lemporda\/marca-de-garantia-productes-de-lemporda\/brunyols-de-lemporda\/#primaryimage","url":"https:\/\/visitemporda.com\/wp-content\/uploads\/2019\/08\/brunyols-sense-forat-alt.jpg","contentUrl":"https:\/\/visitemporda.com\/wp-content\/uploads\/2019\/08\/brunyols-sense-forat-alt.jpg","width":1187,"height":1187,"caption":"brunyols de l'empord\u00e0"},{"@type":"BreadcrumbList","@id":"https:\/\/visitemporda.com\/en\/planifica\/el-gust-de-lemporda\/marca-de-garantia-productes-de-lemporda\/brunyols-de-lemporda\/#breadcrumb","itemListElement":[{"@type":"ListItem","position":1,"name":"Inici","item":"https:\/\/visitemporda.com\/en\/"},{"@type":"ListItem","position":2,"name":"Plan your stay","item":"https:\/\/visitemporda.com\/en\/planifica\/"},{"@type":"ListItem","position":3,"name":"The taste of the Empord\u00e0","item":"https:\/\/visitemporda.com\/en\/planifica\/el-gust-de-lemporda\/"},{"@type":"ListItem","position":4,"name":"Productes de l&#8217;Empord\u00e0 brand","item":"https:\/\/visitemporda.com\/en\/planifica\/el-gust-de-lemporda\/marca-de-garantia-productes-de-lemporda\/"},{"@type":"ListItem","position":5,"name":"Empord\u00e0 Brunyol doughnuts"}]},{"@type":"WebSite","@id":"https:\/\/visitemporda.com\/en\/#website","url":"https:\/\/visitemporda.com\/en\/","name":"Visit Empord\u00e0","description":"The Official Site of the Baix Empord\u00e0 region","publisher":{"@id":"https:\/\/visitemporda.com\/en\/#organization"},"potentialAction":[{"@type":"SearchAction","target":{"@type":"EntryPoint","urlTemplate":"https:\/\/visitemporda.com\/en\/?s={search_term_string}"},"query-input":{"@type":"PropertyValueSpecification","valueRequired":true,"valueName":"search_term_string"}}],"inLanguage":"en-US"},{"@type":"Organization","@id":"https:\/\/visitemporda.com\/en\/#organization","name":"Consell Comarcal del Baix Empord\u00e0","url":"https:\/\/visitemporda.com\/en\/","logo":{"@type":"ImageObject","inLanguage":"en-US","@id":"https:\/\/visitemporda.com\/en\/#\/schema\/logo\/image\/","url":"https:\/\/visitemporda.com\/wp-content\/uploads\/2024\/11\/Logotip_CCBE.png","contentUrl":"https:\/\/visitemporda.com\/wp-content\/uploads\/2024\/11\/Logotip_CCBE.png","width":3617,"height":3617,"caption":"Consell Comarcal del Baix Empord\u00e0"},"image":{"@id":"https:\/\/visitemporda.com\/en\/#\/schema\/logo\/image\/"},"sameAs":["https:\/\/www.facebook.com\/baixempordaturisme","https:\/\/x.com\/baixemporda_tur","https:\/\/www.instagram.com\/visitemporda"]}]}},"_links":{"self":[{"href":"https:\/\/visitemporda.com\/en\/wp-json\/wp\/v2\/pages\/22100","targetHints":{"allow":["GET"]}}],"collection":[{"href":"https:\/\/visitemporda.com\/en\/wp-json\/wp\/v2\/pages"}],"about":[{"href":"https:\/\/visitemporda.com\/en\/wp-json\/wp\/v2\/types\/page"}],"author":[{"embeddable":true,"href":"https:\/\/visitemporda.com\/en\/wp-json\/wp\/v2\/users\/2"}],"replies":[{"embeddable":true,"href":"https:\/\/visitemporda.com\/en\/wp-json\/wp\/v2\/comments?post=22100"}],"version-history":[{"count":2,"href":"https:\/\/visitemporda.com\/en\/wp-json\/wp\/v2\/pages\/22100\/revisions"}],"predecessor-version":[{"id":30307,"href":"https:\/\/visitemporda.com\/en\/wp-json\/wp\/v2\/pages\/22100\/revisions\/30307"}],"up":[{"embeddable":true,"href":"https:\/\/visitemporda.com\/en\/wp-json\/wp\/v2\/pages\/21352"}],"wp:featuredmedia":[{"embeddable":true,"href":"https:\/\/visitemporda.com\/en\/wp-json\/wp\/v2\/media\/6708"}],"wp:attachment":[{"href":"https:\/\/visitemporda.com\/en\/wp-json\/wp\/v2\/media?parent=22100"}],"curies":[{"name":"wp","href":"https:\/\/api.w.org\/{rel}","templated":true}]}}