

{"id":21950,"date":"2019-08-07T09:16:57","date_gmt":"2019-08-07T07:16:57","guid":{"rendered":"http:\/\/visitemporda.com\/recomenacions\/el-gust-de-lemporda\/fires-activitats-gastronomiques-i-mercats\/"},"modified":"2021-05-11T14:34:39","modified_gmt":"2021-05-11T12:34:39","slug":"fires-activitats-gastronomiques-i-mercats","status":"publish","type":"page","link":"https:\/\/visitemporda.com\/en\/planifica\/el-gust-de-lemporda\/fires-activitats-gastronomiques-i-mercats\/","title":{"rendered":"Gastronomic trade fairs and activities and weekly markets"},"content":{"rendered":"<p><strong> 1. Uri\u00e7ada Popular (February)<\/strong><br \/>\nActivity included in the gastronomic campaign of Sant Feliu de Gu\u00edxols: \u00c9s Temps d&#8217;Uri\u00e7os (time for sea urchins).<\/p>\n<p>More information at: Tourist office of Sant Feliu de Gu\u00edxols T. +34 972 82 00 51<br \/>\n<a href=\"mailto:turisme@guixols.cat\">turisme@guixols.cat<\/a> &#8211; <a href=\"http:\/\/www.visitguixols.com\">www.visitguixols.com<\/a><\/p>\n<p><strong>2.\u00a0La Sopa de Verges (Soup in Verges) (Tuesday of Carnival week)<\/strong><\/p>\n<p>The Soup is a throwback to an ancestral custom when the old feudal lords gave the population food. It is organised today in a collective way once a year, on Shrove Tuesday.<\/p>\n<p>More information at: Centre de Visitants Verges 50 &#8211; T. +34 972 78 09 74<br \/>\n<a href=\"mailto:turisme@verges.cat\">turisme@verges.cat<\/a>&#8211; <a href=\"http:\/\/www.verges.cat\">www.verges.cat<\/a><\/p>\n<p><strong>3. L\u2019Arrossada d\u2019Albons (Rice in Albons) (Shrove Tuesday) (Tuesday of Carnival week)<\/strong><\/p>\n<p>During Carnival time, one of the most deeply-rooted customs is a meal served to a large number of people. In Albons, this tradition has been preserved and, on Shrove Tuesday, rice is the main ingredient.<\/p>\n<p>More information at: Ajuntament d\u2019Albons &#8211; T. +34 972 78 80 05<br \/>\n<a href=\"mailto:ajuntament@albons.cat\">ajuntament@albons.cat <\/a>\u00a0 &#8211;\u00a0 <a href=\"http:\/\/www.albons.cat\">www.albons.cat<\/a><\/p>\n<p><strong>4. El Mercat del Brunyol (The Dough Fritter Market) (Sant Feliu de Gu\u00edxols. Friday, Saturday and Sunday in Holy Week)<\/strong><\/p>\n<p>Around the monastery, Sant Feliu de Gu\u00edxols offers visitors a great selection of brunyols (dough fritters) from different cake shops and bakers in the municipality, of which we would particularly mention the brunyol de triangle, a typical dough fritter found in Sant Feliu de Gu\u00edxols.<\/p>\n<p>More information at: Tourist office of Sant Feliu de Gu\u00edxols T +34 972 82 00 51 <a href=\"mailto:turisme@guixols.cat\">turisme@guixols.cat<\/a> &#8211;\u00a0<a href=\"http:\/\/www.visitguixols.com\">www.visitguixols.com<\/a><\/p>\n<p><strong>5.\u00a0El Ganxotapes (Tapas) (Sant Feliu de Gu\u00edxols. Spring)<\/strong><\/p>\n<p>A promotion of various tapas from Sant Feliu de Gu\u00edxols in local restaurants and bars.<\/p>\n<p>More information at: Tourist office of Sant Feliu de Gu\u00edxols<br \/>\nT +34 972 82 00 51 <a href=\"mailto:turisme@guixols.cat\">turisme@guixols.cat<\/a> &#8211;\u00a0<a href=\"http:\/\/www.visitguixols.com\">www.visitguixols.com<\/a><\/p>\n<p><strong>6.\u00a0Fira Empord\u00e0, cuina i salut. (Empord\u00e0 Trade Fair, cooking and health.) (Torroella de Montgr\u00ed and l\u2019Estartit. May)<\/strong><\/p>\n<p>Torroella de Montgr\u00ed hosts a fair dedicated to local products typical of the Empord\u00e0 region with a great variety of workshops and activities to encourage healthy cooking.<\/p>\n<p>More information at: Tourist office of Torroella de Montgr\u00ed i l\u2019Estartit T +34 972 75 19 10<br \/>\n<a href=\"mailto:info@visitestartit.com\">info@visitestartit.com<\/a>\u00a0 &#8211;\u00a0 <a href=\"http:\/\/www.visitestartit.com\">www.visitestartit.com<\/a><\/p>\n<p><strong>7. Festival Mariner Terra de Mar (Land of the Sea Festival. Palam\u00f3s. May).<\/strong><\/p>\n<p>Palam\u00f3s, Land of the Sea is a sea-themed weekend celebrated annually. Vintage boats and traditional vessels are the main focus of a programme packed with activities relating to traditional sailing and the sea.<\/p>\n<p>More information at: Tourist office of Palam\u00f3s T +34 972 60 05 50<br \/>\n<a href=\"mailto:oficinadeturisme@palamos.cat\">oficinadeturisme@palamos.cat<\/a>\u00a0 &#8211;\u00a0 <a href=\"http:\/\/www.visitpalamos.cat\">www.visitpalamos.cat<\/a><\/p>\n<p><strong>8.\u00a0La Fira de la Gamba (The Prawn Trade Fair) (Palam\u00f3s. June)<\/strong><\/p>\n<p>Palam\u00f3s invites you to try out the well-known prawn from Palam\u00f3s in various ways, thanks to the caterers who are members of the Gamba de Palam\u00f3s guaranteed brand.<\/p>\n<p>More information at: Tourist office of Palam\u00f3s T +34 972 60 05 50<br \/>\n<a href=\"mailto:oficinadeturisme@palamos.cat\">oficinadeturisme@palamos.cat<\/a> &#8211;\u00a0\u00a0<a href=\"http:\/\/www.visitpalamos.cat\">www.visitpalamos.cat<\/a><\/p>\n<p><strong>9.\u00a0La Plantada Tradicional d\u2019Arr\u00f2s (Traditional Rice Planting) (Pals. June)<\/strong><\/p>\n<p>A demonstration given by farmers from Pals showing how rice was traditionally planted in the past.<\/p>\n<p>More information at: Tourist office of Pals\u00a0 T. +34 972 63 73 80<br \/>\n<a href=\"mailto:info@pals.cat\">info@pals.cat<\/a> &#8211;\u00a0\u00a0<a href=\"http:\/\/www.visitpals.com\">www.visitpals.com<\/a><\/p>\n<p><strong>10. Vi a Pals (Wine in Pals) (Pals. Mid-August)<\/strong><\/p>\n<p>A wine festival with 12 participating cellars that offer a wide variety of wines. There are exhibitions relating to the world of wine, presentations and live music.<\/p>\n<p>More information at: Tourist office of Pals T +34 972 63 73 80<br \/>\n<a href=\"mailto:info@pals.cat\">info@pals.cat<\/a> &#8211;\u00a0\u00a0<a href=\"http:\/\/www.visitpals.com\">www.visitpals.com<\/a><\/p>\n<p><strong>11. La Fira de Vins i Caves de Catalunya (The Wine and Cava Trade Fair of Catalonia) (Pals. Mid-August)<\/strong><\/p>\n<p>A trade fair where you can taste a great variety of wines, cavas and cheeses, with other parallel activities such as a craft and food market or evening concerts.<\/p>\n<p>More information at: Tourist office of Palafrugell T +34 972 30 02 28<br \/>\n<a href=\"mailto:turisme@palafrugell.cat\">turisme@palafrugell.cat<\/a> &#8211;\u00a0 <a href=\"http:\/\/www.visitpalafrugell.cat\/\">www.visitpalafrugell.cat<\/a><\/p>\n<p><strong>12.\u00a0Jornada del Vermut (The Vermouth Day) (La Bisbal d\u2019Empord\u00e0, 11 September).<\/strong><\/p>\n<p>The traditional soda siphon is one of the iconographic products and images found at any bric-a-brac fair. At La Bisbal d\u2019Empord\u00e0, you will be brought closer to this tradition.<\/p>\n<p>More information at: Tourist office of la Bisbal d\u2019Empord\u00e0 T +34 972 64 55 00<br \/>\n<a href=\"mailto:turisme@labisbal.cat\">turisme@labisbal.cat<\/a> &#8211;\u00a0\u00a0<a href=\"http:\/\/www.visitlabisbal.cat\">www.visitlabisbal.cat<\/a><\/p>\n<p><strong>13.\u00a0La Fira de la Poma (The Apple Fair) (Ull\u00e0. Third Sunday in October)<\/strong><\/p>\n<p>A trade fair at which visitors can buy bags of apples, purchase desserts made by the locals in which apples are the main ingredient or try out freshly made apple juice. The fair, which is held in the old town centre, is complemented with craft stalls.<\/p>\n<p>More information at: Ajuntament d\u2019Ull\u00e0 T +34 972 75 84 42<br \/>\n<a href=\"mailto:ajuntament@ajulla.org\">ajuntament@ajulla.org<\/a> &#8211;\u00a0\u00a0<a href=\"http:\/\/webspobles2.ddgi.cat\/ulla\/\">http:\/\/webspobles2.ddgi.cat\/ulla\/<\/a><\/p>\n<p><strong>14.\u00a0La Sega Tradicional d\u2019Arr\u00f2s (Traditional Rice Harvesting) (Pals. October)<\/strong><\/p>\n<p>A demonstration given by farmers from Pals showing how rice was traditionally reaped in the past.<\/p>\n<p>More information at: Tourist office of Pals T +34 972 63 73 80<br \/>\n<a href=\"mailto:info@pals.cat\">info@pals.cat<\/a> &#8211;\u00a0\u00a0<a href=\"http:\/\/www.visitpals.com\">www.visitpals.com<\/a><\/p>\n<p><strong>15.\u00a0La Festa de la Cervesa (The Beer Festival) (Platja d\u2019Aro. Late September and early October).<\/strong><\/p>\n<p>A festival in which some 15 establishments participate by offering some thirty brands of national and imported beers. All accompanied by groups of music and other musical activities.<\/p>\n<p>More information at: Tourist office of Platja d\u2019Aro T +34 972 81 71 79<br \/>\n<a href=\"mailto:turisme@platjadaro.com\">turisme@platjadaro.com<\/a> &#8211;\u00a0\u00a0<a href=\"http:\/\/www.platjadaro.com\">www.platjadaro.com<\/a><\/p>\n<p><strong>16.\u00a0Tastaolletes, (La Bisbal gastronomy and pottery trade fair)\u00a0 (La Bisbal d\u2019Empord\u00e0. October).<\/strong><\/p>\n<p>La Bisbal d\u2019Empord\u00e0 hosts a gastronomy show consisting of small tasters served in ceramic dishes, which are the star product of the municipality.<\/p>\n<p>More information at: Tourist office of la Bisbal d\u2019Empord\u00e0 T +34 972 64 55 00<br \/>\n<a href=\"mailto:turisme@labisbal.cat\">turisme@labisbal.cat<\/a> &#8211;\u00a0\u00a0<a href=\"http:\/\/www.visitlabisbal.cat\">www.visitlabisbal.cat<\/a><\/p>\n<p><strong>17.\u00a0El Ganxotapes (Tapas) (Sant Feliu de Gu\u00edxols. Autumn)<\/strong><\/p>\n<p>A promotion of various tapas from Sant Feliu de Gu\u00edxols in local restaurants and bars.<\/p>\n<p>More information at: Tourist office of Sant Feliu de Gu\u00edxols T +34 972 82 00 51<br \/>\n<a href=\"mailto:turisme@guixols.cat\">turisme@guixols.cat<\/a> &#8211;\u00a0\u00a0<a href=\"http:\/\/www.visitguixols.com\">www.visitguixols.com<\/a><\/p>\n<p><strong>18.\u00a0El Palam\u00f3s Gastron\u00f2mic (Gastronomic Palam\u00f3s) (Palam\u00f3s. October)<\/strong><\/p>\n<p>Several conferences to celebrate the gastronomy of the town of Palam\u00f3s from all its areas, to get to know its entire offer, to taste the local products, to enjoy the experience of cooking with the best chefs and with the family.<\/p>\n<p>More information at: Tourist office of Palam\u00f3s T +34 972 60 05 50<br \/>\n<a href=\"mailto:oficinadeturisme@palamos.cat\">oficinadeturisme@palamos.cat<\/a> &#8211;\u00a0\u00a0<a href=\"http:\/\/www.visitpalamos.cat\">www.visitpalamos.cat<\/a><\/p>\n<p><strong>19.\u00a0El Concurs Tapa Estrella (The Star Tapa Competition) (Palam\u00f3s. October)<\/strong><\/p>\n<p>A competition in which each tavern in Palam\u00f3s creates an original tidbit and\/or a tapa. This proposal can be tasted in every tavern and visitors can give them a score on the Octubre Gastron\u00f2mic website.<\/p>\n<p>More information at: Tourist office of Palam\u00f3s T +34 972 60 05 50<br \/>\n<a href=\"mailto:oficinadeturisme@palamos.cat\">oficinadeturisme@palamos.cat<\/a> &#8211;\u00a0\u00a0<a href=\"http:\/\/www.visitpalamos.cat\">www.visitpalamos.cat<\/a><\/p>\n<p><strong>20.\u00a0La Festa del Vi Nou (The New Wine Festival) (Calonge. Second weekend in November)<\/strong><\/p>\n<p>A festival with activities related to the world of wine, tasters, exhibitions, and starting off the barrels of new wine from Calonge, guided tours, etc.<\/p>\n<p>More information at: Tourist office of Calonge i Sant Antoni T +34 972 66 17 14<br \/>\n<a href=\"mailto:turisme@calonge.cat\">turisme@calonge.cat<\/a> &#8211;\u00a0\u00a0<a href=\"http:\/\/www.calonge-santantoni.com\">www.calonge-santantoni.com<\/a><\/p>\n<p><strong>21.\u00a0La Fira del Bolet (The Wild Mushroom Trade Fair) (Sant Sadurn\u00ed de l\u2019Heura. Third Sunday in November)<\/strong><\/p>\n<p>A festival with an exhibition of wild mushrooms, a traditional meal for everyone, with wild mushrooms as the main ingredient. You will also find some thirty stalls with traditionally produced products or those linked to the world of wild mushrooms and entertainment, workshops and a play.<\/p>\n<p>More information at: Ajuntament de Cru\u00eflles, Monells i Sant Sadurn\u00ed de l&#8217;Heura T +34 972 640 573<br \/>\n<a href=\"mailto:ajuntament@cmss.cat\">ajuntament@cmss.cat<\/a> &#8211;\u00a0\u00a0<a href=\"http:\/\/www.cmss.cat\/\">http:\/\/www.cmss.cat\/<\/a><\/p>\n<p><strong>ECOLOGICAL MARKETS<\/strong><\/p>\n<p>EcoMercat M\u00f3n Empord\u00e0 (Ecological Market)<\/p>\n<p>A market selling organic products in various locations of the Baix Emporda.<\/p>\n<p>Rupi\u00e0: first Saturday of the month<\/p>\n<p>Cor\u00e7\u00e0: second Saturday of the month<\/p>\n<p>Verges: third Saturday of the month<\/p>\n<p>Torroella de Montgr\u00ed: fourth and fifth Saturdays of the month<\/p>\n<p><strong>FOOD PRODUCT MARKETS<\/strong><\/p>\n<p>La Bisbal d\u2019Empord\u00e0: pla\u00e7a Major (Saturday)<\/p>\n<p>Sant Feliu de Gu\u00edxols: pla\u00e7a del Mercat (From Tuesday to Saturday and org\u00e0nic market every first Saturday of the month)<\/p>\n<p>Palafrugell: C\/Pi i Margall (From Tuesday to Saturday).<\/p>\n<p>Palam\u00f3s llotja del peix (from Monday to Friday afternoon) and av. Catalunya (From Monday to Saturday).<\/p>\n<p><strong>WEEKLY MARKETS<\/strong><\/p>\n<p>Monday: Torroella de Montgr\u00ed<\/p>\n<p>Tuesday: Palam\u00f3s*, Pals and Verges<\/p>\n<p>Wednesday: Begur and Sant Antoni de Calonge<\/p>\n<p>Thursday: Calonge and l\u2019Estartit<\/p>\n<p>Friday: La Bisbal d\u2019Empord\u00e0 and Platja d\u2019Aro<\/p>\n<p>Saturday: Santa Cristina d\u2019Aro<\/p>\n<p>Sunday: Palafrugell* and Sant Feliu de Gu\u00edxols*<\/p>\n<p>* Also municipal market.<\/p>\n","protected":false},"excerpt":{"rendered":"<p>1. Uri\u00e7ada Popular (February) Activity included in the gastronomic campaign of Sant Feliu de Gu\u00edxols: \u00c9s Temps d&#8217;Uri\u00e7os (time for sea urchins). More information at: Tourist office of Sant Feliu de Gu\u00edxols T. +34 972 82 00 51 turisme@guixols.cat &#8211; www.visitguixols.com 2.\u00a0La Sopa de Verges (Soup in Verges) (Tuesday of Carnival week) The Soup is [&hellip;]<\/p>\n","protected":false},"author":2,"featured_media":6890,"parent":21844,"menu_order":0,"comment_status":"closed","ping_status":"closed","template":"page-templates\/fitxa-campanyes-gastronomiques.php","meta":{"_acf_changed":false,"footnotes":""},"class_list":["post-21950","page","type-page","status-publish","has-post-thumbnail","hentry"],"acf":[],"yoast_head":"<!-- This site is optimized with the Yoast SEO plugin v27.4 - https:\/\/yoast.com\/product\/yoast-seo-wordpress\/ -->\n<title>Gastronomic trade fairs and activities and weekly markets - Visit Empord\u00e0<\/title>\n<meta name=\"robots\" content=\"index, follow, max-snippet:-1, max-image-preview:large, max-video-preview:-1\" \/>\n<link rel=\"canonical\" href=\"https:\/\/visitemporda.com\/en\/planifica\/el-gust-de-lemporda\/fires-activitats-gastronomiques-i-mercats\/\" \/>\n<meta property=\"og:locale\" content=\"en_US\" \/>\n<meta property=\"og:type\" content=\"article\" \/>\n<meta property=\"og:title\" content=\"Gastronomic trade fairs and activities and weekly markets - Visit Empord\u00e0\" \/>\n<meta property=\"og:description\" content=\"1. Uri\u00e7ada Popular (February) Activity included in the gastronomic campaign of Sant Feliu de Gu\u00edxols: \u00c9s Temps d&#8217;Uri\u00e7os (time for sea urchins). More information at: Tourist office of Sant Feliu de Gu\u00edxols T. +34 972 82 00 51 turisme@guixols.cat &#8211; www.visitguixols.com 2.\u00a0La Sopa de Verges (Soup in Verges) (Tuesday of Carnival week) The Soup is [&hellip;]\" \/>\n<meta property=\"og:url\" content=\"https:\/\/visitemporda.com\/en\/planifica\/el-gust-de-lemporda\/fires-activitats-gastronomiques-i-mercats\/\" \/>\n<meta property=\"og:site_name\" content=\"Visit Empord\u00e0\" \/>\n<meta property=\"article:publisher\" content=\"https:\/\/www.facebook.com\/baixempordaturisme\" \/>\n<meta property=\"article:modified_time\" content=\"2021-05-11T12:34:39+00:00\" \/>\n<meta property=\"og:image\" content=\"https:\/\/visitemporda.com\/wp-content\/uploads\/2019\/08\/IMG_20150613_1106311.jpg\" \/>\n\t<meta property=\"og:image:width\" content=\"2515\" \/>\n\t<meta property=\"og:image:height\" content=\"1403\" \/>\n\t<meta property=\"og:image:type\" content=\"image\/jpeg\" \/>\n<meta name=\"twitter:card\" content=\"summary_large_image\" \/>\n<meta name=\"twitter:site\" content=\"@baixemporda_tur\" \/>\n<meta name=\"twitter:label1\" content=\"Est. reading time\" \/>\n\t<meta name=\"twitter:data1\" content=\"7 minutes\" \/>\n<script type=\"application\/ld+json\" class=\"yoast-schema-graph\">{\"@context\":\"https:\\\/\\\/schema.org\",\"@graph\":[{\"@type\":\"WebPage\",\"@id\":\"https:\\\/\\\/visitemporda.com\\\/en\\\/planifica\\\/el-gust-de-lemporda\\\/fires-activitats-gastronomiques-i-mercats\\\/\",\"url\":\"https:\\\/\\\/visitemporda.com\\\/en\\\/planifica\\\/el-gust-de-lemporda\\\/fires-activitats-gastronomiques-i-mercats\\\/\",\"name\":\"Gastronomic trade fairs and activities and weekly markets - Visit Empord\u00e0\",\"isPartOf\":{\"@id\":\"https:\\\/\\\/visitemporda.com\\\/en\\\/#website\"},\"primaryImageOfPage\":{\"@id\":\"https:\\\/\\\/visitemporda.com\\\/en\\\/planifica\\\/el-gust-de-lemporda\\\/fires-activitats-gastronomiques-i-mercats\\\/#primaryimage\"},\"image\":{\"@id\":\"https:\\\/\\\/visitemporda.com\\\/en\\\/planifica\\\/el-gust-de-lemporda\\\/fires-activitats-gastronomiques-i-mercats\\\/#primaryimage\"},\"thumbnailUrl\":\"https:\\\/\\\/visitemporda.com\\\/wp-content\\\/uploads\\\/2019\\\/08\\\/IMG_20150613_1106311.jpg\",\"datePublished\":\"2019-08-07T07:16:57+00:00\",\"dateModified\":\"2021-05-11T12:34:39+00:00\",\"breadcrumb\":{\"@id\":\"https:\\\/\\\/visitemporda.com\\\/en\\\/planifica\\\/el-gust-de-lemporda\\\/fires-activitats-gastronomiques-i-mercats\\\/#breadcrumb\"},\"inLanguage\":\"en-US\",\"potentialAction\":[{\"@type\":\"ReadAction\",\"target\":[\"https:\\\/\\\/visitemporda.com\\\/en\\\/planifica\\\/el-gust-de-lemporda\\\/fires-activitats-gastronomiques-i-mercats\\\/\"]}]},{\"@type\":\"ImageObject\",\"inLanguage\":\"en-US\",\"@id\":\"https:\\\/\\\/visitemporda.com\\\/en\\\/planifica\\\/el-gust-de-lemporda\\\/fires-activitats-gastronomiques-i-mercats\\\/#primaryimage\",\"url\":\"https:\\\/\\\/visitemporda.com\\\/wp-content\\\/uploads\\\/2019\\\/08\\\/IMG_20150613_1106311.jpg\",\"contentUrl\":\"https:\\\/\\\/visitemporda.com\\\/wp-content\\\/uploads\\\/2019\\\/08\\\/IMG_20150613_1106311.jpg\",\"width\":2515,\"height\":1403,\"caption\":\"estand amb brunyols, i botifarra dol\u00e7a\"},{\"@type\":\"BreadcrumbList\",\"@id\":\"https:\\\/\\\/visitemporda.com\\\/en\\\/planifica\\\/el-gust-de-lemporda\\\/fires-activitats-gastronomiques-i-mercats\\\/#breadcrumb\",\"itemListElement\":[{\"@type\":\"ListItem\",\"position\":1,\"name\":\"Inici\",\"item\":\"https:\\\/\\\/visitemporda.com\\\/en\\\/\"},{\"@type\":\"ListItem\",\"position\":2,\"name\":\"Plan your stay\",\"item\":\"https:\\\/\\\/visitemporda.com\\\/en\\\/planifica\\\/\"},{\"@type\":\"ListItem\",\"position\":3,\"name\":\"The taste of the Empord\u00e0\",\"item\":\"https:\\\/\\\/visitemporda.com\\\/en\\\/planifica\\\/el-gust-de-lemporda\\\/\"},{\"@type\":\"ListItem\",\"position\":4,\"name\":\"Gastronomic trade fairs and activities and weekly markets\"}]},{\"@type\":\"WebSite\",\"@id\":\"https:\\\/\\\/visitemporda.com\\\/en\\\/#website\",\"url\":\"https:\\\/\\\/visitemporda.com\\\/en\\\/\",\"name\":\"Visit Empord\u00e0\",\"description\":\"The Official Site of the Baix Empord\u00e0 region\",\"publisher\":{\"@id\":\"https:\\\/\\\/visitemporda.com\\\/en\\\/#organization\"},\"potentialAction\":[{\"@type\":\"SearchAction\",\"target\":{\"@type\":\"EntryPoint\",\"urlTemplate\":\"https:\\\/\\\/visitemporda.com\\\/en\\\/?s={search_term_string}\"},\"query-input\":{\"@type\":\"PropertyValueSpecification\",\"valueRequired\":true,\"valueName\":\"search_term_string\"}}],\"inLanguage\":\"en-US\"},{\"@type\":\"Organization\",\"@id\":\"https:\\\/\\\/visitemporda.com\\\/en\\\/#organization\",\"name\":\"Consell Comarcal del Baix Empord\u00e0\",\"url\":\"https:\\\/\\\/visitemporda.com\\\/en\\\/\",\"logo\":{\"@type\":\"ImageObject\",\"inLanguage\":\"en-US\",\"@id\":\"https:\\\/\\\/visitemporda.com\\\/en\\\/#\\\/schema\\\/logo\\\/image\\\/\",\"url\":\"https:\\\/\\\/visitemporda.com\\\/wp-content\\\/uploads\\\/2024\\\/11\\\/Logotip_CCBE.png\",\"contentUrl\":\"https:\\\/\\\/visitemporda.com\\\/wp-content\\\/uploads\\\/2024\\\/11\\\/Logotip_CCBE.png\",\"width\":3617,\"height\":3617,\"caption\":\"Consell Comarcal del Baix Empord\u00e0\"},\"image\":{\"@id\":\"https:\\\/\\\/visitemporda.com\\\/en\\\/#\\\/schema\\\/logo\\\/image\\\/\"},\"sameAs\":[\"https:\\\/\\\/www.facebook.com\\\/baixempordaturisme\",\"https:\\\/\\\/x.com\\\/baixemporda_tur\",\"https:\\\/\\\/www.instagram.com\\\/visitemporda\"]}]}<\/script>\n<!-- \/ Yoast SEO plugin. -->","yoast_head_json":{"title":"Gastronomic trade fairs and activities and weekly markets - Visit Empord\u00e0","robots":{"index":"index","follow":"follow","max-snippet":"max-snippet:-1","max-image-preview":"max-image-preview:large","max-video-preview":"max-video-preview:-1"},"canonical":"https:\/\/visitemporda.com\/en\/planifica\/el-gust-de-lemporda\/fires-activitats-gastronomiques-i-mercats\/","og_locale":"en_US","og_type":"article","og_title":"Gastronomic trade fairs and activities and weekly markets - Visit Empord\u00e0","og_description":"1. Uri\u00e7ada Popular (February) Activity included in the gastronomic campaign of Sant Feliu de Gu\u00edxols: \u00c9s Temps d&#8217;Uri\u00e7os (time for sea urchins). More information at: Tourist office of Sant Feliu de Gu\u00edxols T. +34 972 82 00 51 turisme@guixols.cat &#8211; www.visitguixols.com 2.\u00a0La Sopa de Verges (Soup in Verges) (Tuesday of Carnival week) The Soup is [&hellip;]","og_url":"https:\/\/visitemporda.com\/en\/planifica\/el-gust-de-lemporda\/fires-activitats-gastronomiques-i-mercats\/","og_site_name":"Visit Empord\u00e0","article_publisher":"https:\/\/www.facebook.com\/baixempordaturisme","article_modified_time":"2021-05-11T12:34:39+00:00","og_image":[{"width":2515,"height":1403,"url":"https:\/\/visitemporda.com\/wp-content\/uploads\/2019\/08\/IMG_20150613_1106311.jpg","type":"image\/jpeg"}],"twitter_card":"summary_large_image","twitter_site":"@baixemporda_tur","twitter_misc":{"Est. reading time":"7 minutes"},"schema":{"@context":"https:\/\/schema.org","@graph":[{"@type":"WebPage","@id":"https:\/\/visitemporda.com\/en\/planifica\/el-gust-de-lemporda\/fires-activitats-gastronomiques-i-mercats\/","url":"https:\/\/visitemporda.com\/en\/planifica\/el-gust-de-lemporda\/fires-activitats-gastronomiques-i-mercats\/","name":"Gastronomic trade fairs and activities and weekly markets - Visit Empord\u00e0","isPartOf":{"@id":"https:\/\/visitemporda.com\/en\/#website"},"primaryImageOfPage":{"@id":"https:\/\/visitemporda.com\/en\/planifica\/el-gust-de-lemporda\/fires-activitats-gastronomiques-i-mercats\/#primaryimage"},"image":{"@id":"https:\/\/visitemporda.com\/en\/planifica\/el-gust-de-lemporda\/fires-activitats-gastronomiques-i-mercats\/#primaryimage"},"thumbnailUrl":"https:\/\/visitemporda.com\/wp-content\/uploads\/2019\/08\/IMG_20150613_1106311.jpg","datePublished":"2019-08-07T07:16:57+00:00","dateModified":"2021-05-11T12:34:39+00:00","breadcrumb":{"@id":"https:\/\/visitemporda.com\/en\/planifica\/el-gust-de-lemporda\/fires-activitats-gastronomiques-i-mercats\/#breadcrumb"},"inLanguage":"en-US","potentialAction":[{"@type":"ReadAction","target":["https:\/\/visitemporda.com\/en\/planifica\/el-gust-de-lemporda\/fires-activitats-gastronomiques-i-mercats\/"]}]},{"@type":"ImageObject","inLanguage":"en-US","@id":"https:\/\/visitemporda.com\/en\/planifica\/el-gust-de-lemporda\/fires-activitats-gastronomiques-i-mercats\/#primaryimage","url":"https:\/\/visitemporda.com\/wp-content\/uploads\/2019\/08\/IMG_20150613_1106311.jpg","contentUrl":"https:\/\/visitemporda.com\/wp-content\/uploads\/2019\/08\/IMG_20150613_1106311.jpg","width":2515,"height":1403,"caption":"estand amb brunyols, i botifarra dol\u00e7a"},{"@type":"BreadcrumbList","@id":"https:\/\/visitemporda.com\/en\/planifica\/el-gust-de-lemporda\/fires-activitats-gastronomiques-i-mercats\/#breadcrumb","itemListElement":[{"@type":"ListItem","position":1,"name":"Inici","item":"https:\/\/visitemporda.com\/en\/"},{"@type":"ListItem","position":2,"name":"Plan your stay","item":"https:\/\/visitemporda.com\/en\/planifica\/"},{"@type":"ListItem","position":3,"name":"The taste of the Empord\u00e0","item":"https:\/\/visitemporda.com\/en\/planifica\/el-gust-de-lemporda\/"},{"@type":"ListItem","position":4,"name":"Gastronomic trade fairs and activities and weekly markets"}]},{"@type":"WebSite","@id":"https:\/\/visitemporda.com\/en\/#website","url":"https:\/\/visitemporda.com\/en\/","name":"Visit Empord\u00e0","description":"The Official Site of the Baix Empord\u00e0 region","publisher":{"@id":"https:\/\/visitemporda.com\/en\/#organization"},"potentialAction":[{"@type":"SearchAction","target":{"@type":"EntryPoint","urlTemplate":"https:\/\/visitemporda.com\/en\/?s={search_term_string}"},"query-input":{"@type":"PropertyValueSpecification","valueRequired":true,"valueName":"search_term_string"}}],"inLanguage":"en-US"},{"@type":"Organization","@id":"https:\/\/visitemporda.com\/en\/#organization","name":"Consell Comarcal del Baix Empord\u00e0","url":"https:\/\/visitemporda.com\/en\/","logo":{"@type":"ImageObject","inLanguage":"en-US","@id":"https:\/\/visitemporda.com\/en\/#\/schema\/logo\/image\/","url":"https:\/\/visitemporda.com\/wp-content\/uploads\/2024\/11\/Logotip_CCBE.png","contentUrl":"https:\/\/visitemporda.com\/wp-content\/uploads\/2024\/11\/Logotip_CCBE.png","width":3617,"height":3617,"caption":"Consell Comarcal del Baix Empord\u00e0"},"image":{"@id":"https:\/\/visitemporda.com\/en\/#\/schema\/logo\/image\/"},"sameAs":["https:\/\/www.facebook.com\/baixempordaturisme","https:\/\/x.com\/baixemporda_tur","https:\/\/www.instagram.com\/visitemporda"]}]}},"_links":{"self":[{"href":"https:\/\/visitemporda.com\/en\/wp-json\/wp\/v2\/pages\/21950","targetHints":{"allow":["GET"]}}],"collection":[{"href":"https:\/\/visitemporda.com\/en\/wp-json\/wp\/v2\/pages"}],"about":[{"href":"https:\/\/visitemporda.com\/en\/wp-json\/wp\/v2\/types\/page"}],"author":[{"embeddable":true,"href":"https:\/\/visitemporda.com\/en\/wp-json\/wp\/v2\/users\/2"}],"replies":[{"embeddable":true,"href":"https:\/\/visitemporda.com\/en\/wp-json\/wp\/v2\/comments?post=21950"}],"version-history":[{"count":7,"href":"https:\/\/visitemporda.com\/en\/wp-json\/wp\/v2\/pages\/21950\/revisions"}],"predecessor-version":[{"id":30098,"href":"https:\/\/visitemporda.com\/en\/wp-json\/wp\/v2\/pages\/21950\/revisions\/30098"}],"up":[{"embeddable":true,"href":"https:\/\/visitemporda.com\/en\/wp-json\/wp\/v2\/pages\/21844"}],"wp:featuredmedia":[{"embeddable":true,"href":"https:\/\/visitemporda.com\/en\/wp-json\/wp\/v2\/media\/6890"}],"wp:attachment":[{"href":"https:\/\/visitemporda.com\/en\/wp-json\/wp\/v2\/media?parent=21950"}],"curies":[{"name":"wp","href":"https:\/\/api.w.org\/{rel}","templated":true}]}}