

{"id":21926,"date":"2019-08-05T12:47:59","date_gmt":"2019-08-05T10:47:59","guid":{"rendered":"http:\/\/visitemporda.com\/recomenacions\/el-gust-de-lemporda\/cuina-empordanesa\/"},"modified":"2021-03-26T10:46:47","modified_gmt":"2021-03-26T09:46:47","slug":"cuina-empordanesa","status":"publish","type":"page","link":"https:\/\/visitemporda.com\/en\/planifica\/el-gust-de-lemporda\/cuina-empordanesa\/","title":{"rendered":"Our cuisine"},"content":{"rendered":"<p>The cuisine of the Baix Empord\u00e0 is a reflection of its territory: the sea provides the excellent fish and seafood so typical of the cooking of the coast; the plain gives the produce of the field, the market gardens and the fruit orchards, and from the hills we receive meat, cheese and wild fruits and mushrooms. The mixture of all of these is what has given our cuisine this variety of flavours and contrasts and gained it the name of <strong>\u201csea and mountain\u201d cooking.<\/strong><\/p>\n<p>But the biggest secret is the use of <strong>high-quality local products<\/strong>: rice from Pals, with a quality that makes it the basic element of a multitude of dishes; prawns from Palam\u00f3s; fish from the Costa Brava, like the ganx\u00f3 blue fish, served alone or garnished; the vegetables used fresh or cooked in salads, casseroles, stews, and so on.<\/p>\n<p>Recovery of products: The \u2018angel-hair\u2019 escarole and the white-eyed bean are typical products of the Empord\u00e0 which, for various reasons, had once ceased to be grown. A group of market gardeners of the Empord\u00e0 have recovered them and they can be enjoyed at the restaurants of The Cuisine of the Empordanet.<\/p>\n<p>Other typical products of our land, as the <strong>local raw materials<\/strong> with a long history of use and preparation, are: the sweet pork sausage, the home-made pastries called brunyols, the cottage cheese and cream cheese that help to make up excellent salads and desserts; and sauces and preparations like sofregits, picades, allioli. The district\u2019s twelve gastronomic campaigns will give you the chance to try all of these products in the particular style of each restaurant.<\/p>\n<p>Our cuisine remains alive not only through the force of tradition but also the energy of its experimentation and the creation of new dishes. The <strong>Empord\u00e0 Gastronomy School<\/strong> is the main promotional centre of these initiatives, thinking not only of our professionals and inhabitants but also of those visitors who want to learn a little more about cuisine through the courses held all year round.<\/p>\n<p>Our region offers you the <strong>&#8220;Espai del Peix&#8221;<\/strong> (The Fish Place), a project by the Fishing Museum (Palam\u00f3s Town Council). It aims to contribute to the knowledge, sustainability and gastronomy of fishing produce unloaded at the Palam\u00f3s fish auction, highlighting species that are not well known, but which have great cultural and gastronomic value, and learning about them. It offers a great variety of workshops, guided tours to the fish auction and show cooking for all kinds of public. We recommend you to visit too the <strong>Interpretation Centre Cuisine in Catalonia<\/strong>, situated in Palafrugell. It will enable you to discover the evolution of gastronomy throughout history and the development of tourism in the Empordanet.<\/p>\n<p>In 1995, sixteen restaurants in the region joined together as a gastronomic group under the name of <strong>La Cuina de l\u2019Empordanet<\/strong> with the aim of promoting the gastronomic quality of the territory and of converting the Empord\u00e0 into a first-class culinary destination.<\/p>\n<p>Most of the restaurants in our region have also joined so as to contribute to disseminating gastronomy by organising <strong>workshops and gastronomic campaigns<\/strong> in collaboration with their respective town councils. Examples of this are the following associations: <strong>El Plat Blau<\/strong>\u00a0 (Calonge-Sant Antoni, Palam\u00f3s and Vall-llobrega), <strong>L\u2019Estaci\u00f3 N\u00e0utica L\u2019Estartit-Illes Medes<\/strong>\u00a0 (Torroella de Montgr\u00ed \u2013 L\u2019Estartit) and the municipalities of <strong>Begur, La Bisbal d\u2019Empord\u00e0, Palafrugell, Pals and Sant Feliu de Gu\u00edxols.<\/strong><\/p>\n<p>These, then, are the origins of our best-known dishes: grilled vegetables, salads, stuffed apples, fricandeaux, platillo, roast meats, cuttlefish with peas, fish stews, rice dishes, chicken with Dublin Bay prawns, creams, and so on.<\/p>\n","protected":false},"excerpt":{"rendered":"<p>The cuisine of the Baix Empord\u00e0 is a reflection of its territory: the sea provides the excellent fish and seafood so typical of the cooking of the coast; the plain gives the produce of the field, the market gardens and the fruit orchards, and from the hills we receive meat, cheese and wild fruits and [&hellip;]<\/p>\n","protected":false},"author":2,"featured_media":6626,"parent":21844,"menu_order":0,"comment_status":"closed","ping_status":"closed","template":"page-templates\/fitxa-campanyes-gastronomiques.php","meta":{"_acf_changed":false,"footnotes":""},"class_list":["post-21926","page","type-page","status-publish","has-post-thumbnail","hentry"],"acf":[],"yoast_head":"<!-- This site is optimized with the Yoast SEO plugin v27.4 - https:\/\/yoast.com\/product\/yoast-seo-wordpress\/ -->\n<title>Our cuisine - Visit Empord\u00e0<\/title>\n<meta name=\"robots\" content=\"index, follow, max-snippet:-1, max-image-preview:large, max-video-preview:-1\" \/>\n<link rel=\"canonical\" href=\"https:\/\/visitemporda.com\/en\/planifica\/el-gust-de-lemporda\/cuina-empordanesa\/\" \/>\n<meta property=\"og:locale\" content=\"en_US\" \/>\n<meta property=\"og:type\" content=\"article\" \/>\n<meta property=\"og:title\" content=\"Our cuisine - Visit Empord\u00e0\" \/>\n<meta property=\"og:description\" content=\"The cuisine of the Baix Empord\u00e0 is a reflection of its territory: the sea provides the excellent fish and seafood so typical of the cooking of the coast; the plain gives the produce of the field, the market gardens and the fruit orchards, and from the hills we receive meat, cheese and wild fruits and [&hellip;]\" \/>\n<meta property=\"og:url\" content=\"https:\/\/visitemporda.com\/en\/planifica\/el-gust-de-lemporda\/cuina-empordanesa\/\" \/>\n<meta property=\"og:site_name\" content=\"Visit Empord\u00e0\" \/>\n<meta property=\"article:publisher\" content=\"https:\/\/www.facebook.com\/baixempordaturisme\" \/>\n<meta property=\"article:modified_time\" content=\"2021-03-26T09:46:47+00:00\" \/>\n<meta property=\"og:image\" content=\"https:\/\/visitemporda.com\/wp-content\/uploads\/2019\/08\/Menjar-Baix-Empord\u00e0-Jordi-Puig.jpg\" \/>\n\t<meta property=\"og:image:width\" content=\"600\" \/>\n\t<meta property=\"og:image:height\" content=\"831\" \/>\n\t<meta property=\"og:image:type\" content=\"image\/jpeg\" \/>\n<meta name=\"twitter:card\" content=\"summary_large_image\" \/>\n<meta name=\"twitter:site\" content=\"@baixemporda_tur\" \/>\n<meta name=\"twitter:label1\" content=\"Est. reading time\" \/>\n\t<meta name=\"twitter:data1\" content=\"3 minutes\" \/>\n<script type=\"application\/ld+json\" class=\"yoast-schema-graph\">{\"@context\":\"https:\\\/\\\/schema.org\",\"@graph\":[{\"@type\":\"WebPage\",\"@id\":\"https:\\\/\\\/visitemporda.com\\\/en\\\/planifica\\\/el-gust-de-lemporda\\\/cuina-empordanesa\\\/\",\"url\":\"https:\\\/\\\/visitemporda.com\\\/en\\\/planifica\\\/el-gust-de-lemporda\\\/cuina-empordanesa\\\/\",\"name\":\"Our cuisine - Visit Empord\u00e0\",\"isPartOf\":{\"@id\":\"https:\\\/\\\/visitemporda.com\\\/en\\\/#website\"},\"primaryImageOfPage\":{\"@id\":\"https:\\\/\\\/visitemporda.com\\\/en\\\/planifica\\\/el-gust-de-lemporda\\\/cuina-empordanesa\\\/#primaryimage\"},\"image\":{\"@id\":\"https:\\\/\\\/visitemporda.com\\\/en\\\/planifica\\\/el-gust-de-lemporda\\\/cuina-empordanesa\\\/#primaryimage\"},\"thumbnailUrl\":\"https:\\\/\\\/visitemporda.com\\\/wp-content\\\/uploads\\\/2019\\\/08\\\/Menjar-Baix-Empord\u00e0-Jordi-Puig.jpg\",\"datePublished\":\"2019-08-05T10:47:59+00:00\",\"dateModified\":\"2021-03-26T09:46:47+00:00\",\"breadcrumb\":{\"@id\":\"https:\\\/\\\/visitemporda.com\\\/en\\\/planifica\\\/el-gust-de-lemporda\\\/cuina-empordanesa\\\/#breadcrumb\"},\"inLanguage\":\"en-US\",\"potentialAction\":[{\"@type\":\"ReadAction\",\"target\":[\"https:\\\/\\\/visitemporda.com\\\/en\\\/planifica\\\/el-gust-de-lemporda\\\/cuina-empordanesa\\\/\"]}]},{\"@type\":\"ImageObject\",\"inLanguage\":\"en-US\",\"@id\":\"https:\\\/\\\/visitemporda.com\\\/en\\\/planifica\\\/el-gust-de-lemporda\\\/cuina-empordanesa\\\/#primaryimage\",\"url\":\"https:\\\/\\\/visitemporda.com\\\/wp-content\\\/uploads\\\/2019\\\/08\\\/Menjar-Baix-Empord\u00e0-Jordi-Puig.jpg\",\"contentUrl\":\"https:\\\/\\\/visitemporda.com\\\/wp-content\\\/uploads\\\/2019\\\/08\\\/Menjar-Baix-Empord\u00e0-Jordi-Puig.jpg\",\"width\":600,\"height\":831,\"caption\":\"bodeg\u00f3 de productes Empord\u00e0: sardines, peix, bolets, arr\u00f2s, verdures, etc.\"},{\"@type\":\"BreadcrumbList\",\"@id\":\"https:\\\/\\\/visitemporda.com\\\/en\\\/planifica\\\/el-gust-de-lemporda\\\/cuina-empordanesa\\\/#breadcrumb\",\"itemListElement\":[{\"@type\":\"ListItem\",\"position\":1,\"name\":\"Inici\",\"item\":\"https:\\\/\\\/visitemporda.com\\\/en\\\/\"},{\"@type\":\"ListItem\",\"position\":2,\"name\":\"Plan your stay\",\"item\":\"https:\\\/\\\/visitemporda.com\\\/en\\\/planifica\\\/\"},{\"@type\":\"ListItem\",\"position\":3,\"name\":\"The taste of the Empord\u00e0\",\"item\":\"https:\\\/\\\/visitemporda.com\\\/en\\\/planifica\\\/el-gust-de-lemporda\\\/\"},{\"@type\":\"ListItem\",\"position\":4,\"name\":\"Our cuisine\"}]},{\"@type\":\"WebSite\",\"@id\":\"https:\\\/\\\/visitemporda.com\\\/en\\\/#website\",\"url\":\"https:\\\/\\\/visitemporda.com\\\/en\\\/\",\"name\":\"Visit Empord\u00e0\",\"description\":\"The Official Site of the Baix Empord\u00e0 region\",\"publisher\":{\"@id\":\"https:\\\/\\\/visitemporda.com\\\/en\\\/#organization\"},\"potentialAction\":[{\"@type\":\"SearchAction\",\"target\":{\"@type\":\"EntryPoint\",\"urlTemplate\":\"https:\\\/\\\/visitemporda.com\\\/en\\\/?s={search_term_string}\"},\"query-input\":{\"@type\":\"PropertyValueSpecification\",\"valueRequired\":true,\"valueName\":\"search_term_string\"}}],\"inLanguage\":\"en-US\"},{\"@type\":\"Organization\",\"@id\":\"https:\\\/\\\/visitemporda.com\\\/en\\\/#organization\",\"name\":\"Consell Comarcal del Baix Empord\u00e0\",\"url\":\"https:\\\/\\\/visitemporda.com\\\/en\\\/\",\"logo\":{\"@type\":\"ImageObject\",\"inLanguage\":\"en-US\",\"@id\":\"https:\\\/\\\/visitemporda.com\\\/en\\\/#\\\/schema\\\/logo\\\/image\\\/\",\"url\":\"https:\\\/\\\/visitemporda.com\\\/wp-content\\\/uploads\\\/2024\\\/11\\\/Logotip_CCBE.png\",\"contentUrl\":\"https:\\\/\\\/visitemporda.com\\\/wp-content\\\/uploads\\\/2024\\\/11\\\/Logotip_CCBE.png\",\"width\":3617,\"height\":3617,\"caption\":\"Consell Comarcal del Baix Empord\u00e0\"},\"image\":{\"@id\":\"https:\\\/\\\/visitemporda.com\\\/en\\\/#\\\/schema\\\/logo\\\/image\\\/\"},\"sameAs\":[\"https:\\\/\\\/www.facebook.com\\\/baixempordaturisme\",\"https:\\\/\\\/x.com\\\/baixemporda_tur\",\"https:\\\/\\\/www.instagram.com\\\/visitemporda\"]}]}<\/script>\n<!-- \/ Yoast SEO plugin. -->","yoast_head_json":{"title":"Our cuisine - Visit Empord\u00e0","robots":{"index":"index","follow":"follow","max-snippet":"max-snippet:-1","max-image-preview":"max-image-preview:large","max-video-preview":"max-video-preview:-1"},"canonical":"https:\/\/visitemporda.com\/en\/planifica\/el-gust-de-lemporda\/cuina-empordanesa\/","og_locale":"en_US","og_type":"article","og_title":"Our cuisine - Visit Empord\u00e0","og_description":"The cuisine of the Baix Empord\u00e0 is a reflection of its territory: the sea provides the excellent fish and seafood so typical of the cooking of the coast; the plain gives the produce of the field, the market gardens and the fruit orchards, and from the hills we receive meat, cheese and wild fruits and [&hellip;]","og_url":"https:\/\/visitemporda.com\/en\/planifica\/el-gust-de-lemporda\/cuina-empordanesa\/","og_site_name":"Visit Empord\u00e0","article_publisher":"https:\/\/www.facebook.com\/baixempordaturisme","article_modified_time":"2021-03-26T09:46:47+00:00","og_image":[{"width":600,"height":831,"url":"https:\/\/visitemporda.com\/wp-content\/uploads\/2019\/08\/Menjar-Baix-Empord\u00e0-Jordi-Puig.jpg","type":"image\/jpeg"}],"twitter_card":"summary_large_image","twitter_site":"@baixemporda_tur","twitter_misc":{"Est. reading time":"3 minutes"},"schema":{"@context":"https:\/\/schema.org","@graph":[{"@type":"WebPage","@id":"https:\/\/visitemporda.com\/en\/planifica\/el-gust-de-lemporda\/cuina-empordanesa\/","url":"https:\/\/visitemporda.com\/en\/planifica\/el-gust-de-lemporda\/cuina-empordanesa\/","name":"Our cuisine - Visit Empord\u00e0","isPartOf":{"@id":"https:\/\/visitemporda.com\/en\/#website"},"primaryImageOfPage":{"@id":"https:\/\/visitemporda.com\/en\/planifica\/el-gust-de-lemporda\/cuina-empordanesa\/#primaryimage"},"image":{"@id":"https:\/\/visitemporda.com\/en\/planifica\/el-gust-de-lemporda\/cuina-empordanesa\/#primaryimage"},"thumbnailUrl":"https:\/\/visitemporda.com\/wp-content\/uploads\/2019\/08\/Menjar-Baix-Empord\u00e0-Jordi-Puig.jpg","datePublished":"2019-08-05T10:47:59+00:00","dateModified":"2021-03-26T09:46:47+00:00","breadcrumb":{"@id":"https:\/\/visitemporda.com\/en\/planifica\/el-gust-de-lemporda\/cuina-empordanesa\/#breadcrumb"},"inLanguage":"en-US","potentialAction":[{"@type":"ReadAction","target":["https:\/\/visitemporda.com\/en\/planifica\/el-gust-de-lemporda\/cuina-empordanesa\/"]}]},{"@type":"ImageObject","inLanguage":"en-US","@id":"https:\/\/visitemporda.com\/en\/planifica\/el-gust-de-lemporda\/cuina-empordanesa\/#primaryimage","url":"https:\/\/visitemporda.com\/wp-content\/uploads\/2019\/08\/Menjar-Baix-Empord\u00e0-Jordi-Puig.jpg","contentUrl":"https:\/\/visitemporda.com\/wp-content\/uploads\/2019\/08\/Menjar-Baix-Empord\u00e0-Jordi-Puig.jpg","width":600,"height":831,"caption":"bodeg\u00f3 de productes Empord\u00e0: sardines, peix, bolets, arr\u00f2s, verdures, etc."},{"@type":"BreadcrumbList","@id":"https:\/\/visitemporda.com\/en\/planifica\/el-gust-de-lemporda\/cuina-empordanesa\/#breadcrumb","itemListElement":[{"@type":"ListItem","position":1,"name":"Inici","item":"https:\/\/visitemporda.com\/en\/"},{"@type":"ListItem","position":2,"name":"Plan your stay","item":"https:\/\/visitemporda.com\/en\/planifica\/"},{"@type":"ListItem","position":3,"name":"The taste of the Empord\u00e0","item":"https:\/\/visitemporda.com\/en\/planifica\/el-gust-de-lemporda\/"},{"@type":"ListItem","position":4,"name":"Our cuisine"}]},{"@type":"WebSite","@id":"https:\/\/visitemporda.com\/en\/#website","url":"https:\/\/visitemporda.com\/en\/","name":"Visit Empord\u00e0","description":"The Official Site of the Baix Empord\u00e0 region","publisher":{"@id":"https:\/\/visitemporda.com\/en\/#organization"},"potentialAction":[{"@type":"SearchAction","target":{"@type":"EntryPoint","urlTemplate":"https:\/\/visitemporda.com\/en\/?s={search_term_string}"},"query-input":{"@type":"PropertyValueSpecification","valueRequired":true,"valueName":"search_term_string"}}],"inLanguage":"en-US"},{"@type":"Organization","@id":"https:\/\/visitemporda.com\/en\/#organization","name":"Consell Comarcal del Baix Empord\u00e0","url":"https:\/\/visitemporda.com\/en\/","logo":{"@type":"ImageObject","inLanguage":"en-US","@id":"https:\/\/visitemporda.com\/en\/#\/schema\/logo\/image\/","url":"https:\/\/visitemporda.com\/wp-content\/uploads\/2024\/11\/Logotip_CCBE.png","contentUrl":"https:\/\/visitemporda.com\/wp-content\/uploads\/2024\/11\/Logotip_CCBE.png","width":3617,"height":3617,"caption":"Consell Comarcal del Baix Empord\u00e0"},"image":{"@id":"https:\/\/visitemporda.com\/en\/#\/schema\/logo\/image\/"},"sameAs":["https:\/\/www.facebook.com\/baixempordaturisme","https:\/\/x.com\/baixemporda_tur","https:\/\/www.instagram.com\/visitemporda"]}]}},"_links":{"self":[{"href":"https:\/\/visitemporda.com\/en\/wp-json\/wp\/v2\/pages\/21926","targetHints":{"allow":["GET"]}}],"collection":[{"href":"https:\/\/visitemporda.com\/en\/wp-json\/wp\/v2\/pages"}],"about":[{"href":"https:\/\/visitemporda.com\/en\/wp-json\/wp\/v2\/types\/page"}],"author":[{"embeddable":true,"href":"https:\/\/visitemporda.com\/en\/wp-json\/wp\/v2\/users\/2"}],"replies":[{"embeddable":true,"href":"https:\/\/visitemporda.com\/en\/wp-json\/wp\/v2\/comments?post=21926"}],"version-history":[{"count":5,"href":"https:\/\/visitemporda.com\/en\/wp-json\/wp\/v2\/pages\/21926\/revisions"}],"predecessor-version":[{"id":22500,"href":"https:\/\/visitemporda.com\/en\/wp-json\/wp\/v2\/pages\/21926\/revisions\/22500"}],"up":[{"embeddable":true,"href":"https:\/\/visitemporda.com\/en\/wp-json\/wp\/v2\/pages\/21844"}],"wp:featuredmedia":[{"embeddable":true,"href":"https:\/\/visitemporda.com\/en\/wp-json\/wp\/v2\/media\/6626"}],"wp:attachment":[{"href":"https:\/\/visitemporda.com\/en\/wp-json\/wp\/v2\/media?parent=21926"}],"curies":[{"name":"wp","href":"https:\/\/api.w.org\/{rel}","templated":true}]}}