

{"id":21844,"date":"2019-07-17T08:55:38","date_gmt":"2019-07-17T06:55:38","guid":{"rendered":"http:\/\/visitemporda.com\/recomenacions\/el-gust-de-lemporda\/"},"modified":"2021-06-06T11:37:08","modified_gmt":"2021-06-06T09:37:08","slug":"el-gust-de-lemporda","status":"publish","type":"page","link":"https:\/\/visitemporda.com\/en\/planifica\/el-gust-de-lemporda\/","title":{"rendered":"The taste of the Empord\u00e0"},"content":{"rendered":"<p>Travelling around the Baix Empord\u00e0 reveals how important food production is here. Fields, market gardens, farms, fishing ports and artisanal workers are vital elements of the region\u2019s landscape. The work of farmers and fishermen, as well as artisanal food makers, results in excellent products and that are the basis of a very diverse gastronomy. From the most traditional recipes to the latest gastronomic innovations, you will find the taste of the Empord\u00e0 unforgettable.<\/p>\n","protected":false},"excerpt":{"rendered":"<p>Travelling around the Baix Empord\u00e0 reveals how important food production is here. Fields, market gardens, farms, fishing ports and artisanal workers are vital elements of the region\u2019s landscape. The work of farmers and fishermen, as well as artisanal food makers, results in excellent products and that are the basis of a very diverse gastronomy. From [&hellip;]<\/p>\n","protected":false},"author":2,"featured_media":13630,"parent":21463,"menu_order":0,"comment_status":"closed","ping_status":"closed","template":"page-templates\/vivencies.php","meta":{"_acf_changed":false,"footnotes":""},"class_list":["post-21844","page","type-page","status-publish","has-post-thumbnail","hentry"],"acf":[],"yoast_head":"<!-- This site is optimized with the Yoast SEO plugin v27.4 - https:\/\/yoast.com\/product\/yoast-seo-wordpress\/ -->\n<title>The taste of the Empord\u00e0 - Visit Empord\u00e0<\/title>\n<meta name=\"robots\" content=\"index, follow, max-snippet:-1, max-image-preview:large, max-video-preview:-1\" \/>\n<link rel=\"canonical\" href=\"https:\/\/visitemporda.com\/en\/planifica\/el-gust-de-lemporda\/\" \/>\n<meta property=\"og:locale\" content=\"en_US\" \/>\n<meta property=\"og:type\" content=\"article\" \/>\n<meta property=\"og:title\" content=\"The taste of the Empord\u00e0 - Visit Empord\u00e0\" \/>\n<meta property=\"og:description\" content=\"Travelling around the Baix Empord\u00e0 reveals how important food production is here. Fields, market gardens, farms, fishing ports and artisanal workers are vital elements of the region\u2019s landscape. The work of farmers and fishermen, as well as artisanal food makers, results in excellent products and that are the basis of a very diverse gastronomy. From [&hellip;]\" \/>\n<meta property=\"og:url\" content=\"https:\/\/visitemporda.com\/en\/planifica\/el-gust-de-lemporda\/\" \/>\n<meta property=\"og:site_name\" content=\"Visit Empord\u00e0\" \/>\n<meta property=\"article:publisher\" content=\"https:\/\/www.facebook.com\/baixempordaturisme\" \/>\n<meta property=\"article:modified_time\" content=\"2021-06-06T09:37:08+00:00\" \/>\n<meta property=\"og:image\" content=\"https:\/\/visitemporda.com\/wp-content\/uploads\/2019\/12\/Cuina-Empordanesa.-Restaurant-Toc-al-Mar.-Begur.-Alex-Tremps.-Arxiu-Imatges-PTCBG_G.jpg\" \/>\n\t<meta property=\"og:image:width\" content=\"2480\" \/>\n\t<meta property=\"og:image:height\" content=\"1653\" \/>\n\t<meta property=\"og:image:type\" content=\"image\/jpeg\" \/>\n<meta name=\"twitter:card\" content=\"summary_large_image\" \/>\n<meta name=\"twitter:site\" content=\"@baixemporda_tur\" \/>\n<script type=\"application\/ld+json\" class=\"yoast-schema-graph\">{\"@context\":\"https:\\\/\\\/schema.org\",\"@graph\":[{\"@type\":\"WebPage\",\"@id\":\"https:\\\/\\\/visitemporda.com\\\/en\\\/planifica\\\/el-gust-de-lemporda\\\/\",\"url\":\"https:\\\/\\\/visitemporda.com\\\/en\\\/planifica\\\/el-gust-de-lemporda\\\/\",\"name\":\"The taste of the Empord\u00e0 - Visit Empord\u00e0\",\"isPartOf\":{\"@id\":\"https:\\\/\\\/visitemporda.com\\\/en\\\/#website\"},\"primaryImageOfPage\":{\"@id\":\"https:\\\/\\\/visitemporda.com\\\/en\\\/planifica\\\/el-gust-de-lemporda\\\/#primaryimage\"},\"image\":{\"@id\":\"https:\\\/\\\/visitemporda.com\\\/en\\\/planifica\\\/el-gust-de-lemporda\\\/#primaryimage\"},\"thumbnailUrl\":\"https:\\\/\\\/visitemporda.com\\\/wp-content\\\/uploads\\\/2019\\\/12\\\/Cuina-Empordanesa.-Restaurant-Toc-al-Mar.-Begur.-Alex-Tremps.-Arxiu-Imatges-PTCBG_G.jpg\",\"datePublished\":\"2019-07-17T06:55:38+00:00\",\"dateModified\":\"2021-06-06T09:37:08+00:00\",\"breadcrumb\":{\"@id\":\"https:\\\/\\\/visitemporda.com\\\/en\\\/planifica\\\/el-gust-de-lemporda\\\/#breadcrumb\"},\"inLanguage\":\"en-US\",\"potentialAction\":[{\"@type\":\"ReadAction\",\"target\":[\"https:\\\/\\\/visitemporda.com\\\/en\\\/planifica\\\/el-gust-de-lemporda\\\/\"]}]},{\"@type\":\"ImageObject\",\"inLanguage\":\"en-US\",\"@id\":\"https:\\\/\\\/visitemporda.com\\\/en\\\/planifica\\\/el-gust-de-lemporda\\\/#primaryimage\",\"url\":\"https:\\\/\\\/visitemporda.com\\\/wp-content\\\/uploads\\\/2019\\\/12\\\/Cuina-Empordanesa.-Restaurant-Toc-al-Mar.-Begur.-Alex-Tremps.-Arxiu-Imatges-PTCBG_G.jpg\",\"contentUrl\":\"https:\\\/\\\/visitemporda.com\\\/wp-content\\\/uploads\\\/2019\\\/12\\\/Cuina-Empordanesa.-Restaurant-Toc-al-Mar.-Begur.-Alex-Tremps.-Arxiu-Imatges-PTCBG_G.jpg\",\"width\":2480,\"height\":1653,\"caption\":\"arr\u00f2s a la cassola amb gambes i clo\u00efsses. plat t\u00edpic empordan\u00e8s.\"},{\"@type\":\"BreadcrumbList\",\"@id\":\"https:\\\/\\\/visitemporda.com\\\/en\\\/planifica\\\/el-gust-de-lemporda\\\/#breadcrumb\",\"itemListElement\":[{\"@type\":\"ListItem\",\"position\":1,\"name\":\"Inici\",\"item\":\"https:\\\/\\\/visitemporda.com\\\/en\\\/\"},{\"@type\":\"ListItem\",\"position\":2,\"name\":\"Plan your stay\",\"item\":\"https:\\\/\\\/visitemporda.com\\\/en\\\/planifica\\\/\"},{\"@type\":\"ListItem\",\"position\":3,\"name\":\"The taste of the Empord\u00e0\"}]},{\"@type\":\"WebSite\",\"@id\":\"https:\\\/\\\/visitemporda.com\\\/en\\\/#website\",\"url\":\"https:\\\/\\\/visitemporda.com\\\/en\\\/\",\"name\":\"Visit Empord\u00e0\",\"description\":\"The Official Site of the Baix Empord\u00e0 region\",\"publisher\":{\"@id\":\"https:\\\/\\\/visitemporda.com\\\/en\\\/#organization\"},\"potentialAction\":[{\"@type\":\"SearchAction\",\"target\":{\"@type\":\"EntryPoint\",\"urlTemplate\":\"https:\\\/\\\/visitemporda.com\\\/en\\\/?s={search_term_string}\"},\"query-input\":{\"@type\":\"PropertyValueSpecification\",\"valueRequired\":true,\"valueName\":\"search_term_string\"}}],\"inLanguage\":\"en-US\"},{\"@type\":\"Organization\",\"@id\":\"https:\\\/\\\/visitemporda.com\\\/en\\\/#organization\",\"name\":\"Consell Comarcal del Baix Empord\u00e0\",\"url\":\"https:\\\/\\\/visitemporda.com\\\/en\\\/\",\"logo\":{\"@type\":\"ImageObject\",\"inLanguage\":\"en-US\",\"@id\":\"https:\\\/\\\/visitemporda.com\\\/en\\\/#\\\/schema\\\/logo\\\/image\\\/\",\"url\":\"https:\\\/\\\/visitemporda.com\\\/wp-content\\\/uploads\\\/2024\\\/11\\\/Logotip_CCBE.png\",\"contentUrl\":\"https:\\\/\\\/visitemporda.com\\\/wp-content\\\/uploads\\\/2024\\\/11\\\/Logotip_CCBE.png\",\"width\":3617,\"height\":3617,\"caption\":\"Consell Comarcal del Baix Empord\u00e0\"},\"image\":{\"@id\":\"https:\\\/\\\/visitemporda.com\\\/en\\\/#\\\/schema\\\/logo\\\/image\\\/\"},\"sameAs\":[\"https:\\\/\\\/www.facebook.com\\\/baixempordaturisme\",\"https:\\\/\\\/x.com\\\/baixemporda_tur\",\"https:\\\/\\\/www.instagram.com\\\/visitemporda\"]}]}<\/script>\n<!-- \/ Yoast SEO plugin. -->","yoast_head_json":{"title":"The taste of the Empord\u00e0 - Visit Empord\u00e0","robots":{"index":"index","follow":"follow","max-snippet":"max-snippet:-1","max-image-preview":"max-image-preview:large","max-video-preview":"max-video-preview:-1"},"canonical":"https:\/\/visitemporda.com\/en\/planifica\/el-gust-de-lemporda\/","og_locale":"en_US","og_type":"article","og_title":"The taste of the Empord\u00e0 - Visit Empord\u00e0","og_description":"Travelling around the Baix Empord\u00e0 reveals how important food production is here. Fields, market gardens, farms, fishing ports and artisanal workers are vital elements of the region\u2019s landscape. The work of farmers and fishermen, as well as artisanal food makers, results in excellent products and that are the basis of a very diverse gastronomy. From [&hellip;]","og_url":"https:\/\/visitemporda.com\/en\/planifica\/el-gust-de-lemporda\/","og_site_name":"Visit Empord\u00e0","article_publisher":"https:\/\/www.facebook.com\/baixempordaturisme","article_modified_time":"2021-06-06T09:37:08+00:00","og_image":[{"width":2480,"height":1653,"url":"https:\/\/visitemporda.com\/wp-content\/uploads\/2019\/12\/Cuina-Empordanesa.-Restaurant-Toc-al-Mar.-Begur.-Alex-Tremps.-Arxiu-Imatges-PTCBG_G.jpg","type":"image\/jpeg"}],"twitter_card":"summary_large_image","twitter_site":"@baixemporda_tur","schema":{"@context":"https:\/\/schema.org","@graph":[{"@type":"WebPage","@id":"https:\/\/visitemporda.com\/en\/planifica\/el-gust-de-lemporda\/","url":"https:\/\/visitemporda.com\/en\/planifica\/el-gust-de-lemporda\/","name":"The taste of the Empord\u00e0 - Visit Empord\u00e0","isPartOf":{"@id":"https:\/\/visitemporda.com\/en\/#website"},"primaryImageOfPage":{"@id":"https:\/\/visitemporda.com\/en\/planifica\/el-gust-de-lemporda\/#primaryimage"},"image":{"@id":"https:\/\/visitemporda.com\/en\/planifica\/el-gust-de-lemporda\/#primaryimage"},"thumbnailUrl":"https:\/\/visitemporda.com\/wp-content\/uploads\/2019\/12\/Cuina-Empordanesa.-Restaurant-Toc-al-Mar.-Begur.-Alex-Tremps.-Arxiu-Imatges-PTCBG_G.jpg","datePublished":"2019-07-17T06:55:38+00:00","dateModified":"2021-06-06T09:37:08+00:00","breadcrumb":{"@id":"https:\/\/visitemporda.com\/en\/planifica\/el-gust-de-lemporda\/#breadcrumb"},"inLanguage":"en-US","potentialAction":[{"@type":"ReadAction","target":["https:\/\/visitemporda.com\/en\/planifica\/el-gust-de-lemporda\/"]}]},{"@type":"ImageObject","inLanguage":"en-US","@id":"https:\/\/visitemporda.com\/en\/planifica\/el-gust-de-lemporda\/#primaryimage","url":"https:\/\/visitemporda.com\/wp-content\/uploads\/2019\/12\/Cuina-Empordanesa.-Restaurant-Toc-al-Mar.-Begur.-Alex-Tremps.-Arxiu-Imatges-PTCBG_G.jpg","contentUrl":"https:\/\/visitemporda.com\/wp-content\/uploads\/2019\/12\/Cuina-Empordanesa.-Restaurant-Toc-al-Mar.-Begur.-Alex-Tremps.-Arxiu-Imatges-PTCBG_G.jpg","width":2480,"height":1653,"caption":"arr\u00f2s a la cassola amb gambes i clo\u00efsses. plat t\u00edpic empordan\u00e8s."},{"@type":"BreadcrumbList","@id":"https:\/\/visitemporda.com\/en\/planifica\/el-gust-de-lemporda\/#breadcrumb","itemListElement":[{"@type":"ListItem","position":1,"name":"Inici","item":"https:\/\/visitemporda.com\/en\/"},{"@type":"ListItem","position":2,"name":"Plan your stay","item":"https:\/\/visitemporda.com\/en\/planifica\/"},{"@type":"ListItem","position":3,"name":"The taste of the Empord\u00e0"}]},{"@type":"WebSite","@id":"https:\/\/visitemporda.com\/en\/#website","url":"https:\/\/visitemporda.com\/en\/","name":"Visit Empord\u00e0","description":"The Official Site of the Baix Empord\u00e0 region","publisher":{"@id":"https:\/\/visitemporda.com\/en\/#organization"},"potentialAction":[{"@type":"SearchAction","target":{"@type":"EntryPoint","urlTemplate":"https:\/\/visitemporda.com\/en\/?s={search_term_string}"},"query-input":{"@type":"PropertyValueSpecification","valueRequired":true,"valueName":"search_term_string"}}],"inLanguage":"en-US"},{"@type":"Organization","@id":"https:\/\/visitemporda.com\/en\/#organization","name":"Consell Comarcal del Baix Empord\u00e0","url":"https:\/\/visitemporda.com\/en\/","logo":{"@type":"ImageObject","inLanguage":"en-US","@id":"https:\/\/visitemporda.com\/en\/#\/schema\/logo\/image\/","url":"https:\/\/visitemporda.com\/wp-content\/uploads\/2024\/11\/Logotip_CCBE.png","contentUrl":"https:\/\/visitemporda.com\/wp-content\/uploads\/2024\/11\/Logotip_CCBE.png","width":3617,"height":3617,"caption":"Consell Comarcal del Baix Empord\u00e0"},"image":{"@id":"https:\/\/visitemporda.com\/en\/#\/schema\/logo\/image\/"},"sameAs":["https:\/\/www.facebook.com\/baixempordaturisme","https:\/\/x.com\/baixemporda_tur","https:\/\/www.instagram.com\/visitemporda"]}]}},"_links":{"self":[{"href":"https:\/\/visitemporda.com\/en\/wp-json\/wp\/v2\/pages\/21844","targetHints":{"allow":["GET"]}}],"collection":[{"href":"https:\/\/visitemporda.com\/en\/wp-json\/wp\/v2\/pages"}],"about":[{"href":"https:\/\/visitemporda.com\/en\/wp-json\/wp\/v2\/types\/page"}],"author":[{"embeddable":true,"href":"https:\/\/visitemporda.com\/en\/wp-json\/wp\/v2\/users\/2"}],"replies":[{"embeddable":true,"href":"https:\/\/visitemporda.com\/en\/wp-json\/wp\/v2\/comments?post=21844"}],"version-history":[{"count":10,"href":"https:\/\/visitemporda.com\/en\/wp-json\/wp\/v2\/pages\/21844\/revisions"}],"predecessor-version":[{"id":32155,"href":"https:\/\/visitemporda.com\/en\/wp-json\/wp\/v2\/pages\/21844\/revisions\/32155"}],"up":[{"embeddable":true,"href":"https:\/\/visitemporda.com\/en\/wp-json\/wp\/v2\/pages\/21463"}],"wp:featuredmedia":[{"embeddable":true,"href":"https:\/\/visitemporda.com\/en\/wp-json\/wp\/v2\/media\/13630"}],"wp:attachment":[{"href":"https:\/\/visitemporda.com\/en\/wp-json\/wp\/v2\/media?parent=21844"}],"curies":[{"name":"wp","href":"https:\/\/api.w.org\/{rel}","templated":true}]}}