

{"id":21720,"date":"2019-10-08T15:19:29","date_gmt":"2019-10-08T13:19:29","guid":{"rendered":"http:\/\/visitemporda.com\/planifica\/propostes\/territori-i-natura\/btt\/"},"modified":"2021-02-18T13:53:02","modified_gmt":"2021-02-18T12:53:02","slug":"btt","status":"publish","type":"page","link":"https:\/\/visitemporda.com\/en\/recomenacions\/propostes\/territori-i-natura\/btt\/","title":{"rendered":"MTB"},"content":{"rendered":"<p>The Baix Empord\u00e0 has significant natural heritage with three mountain ranges standing out: the Montgr\u00ed, Gavarres and Ardenya. These three natural features provide an ideal setting for mountain biking, sometimes close to the sea, which combines lower difficulty with spectacular views.<\/p>\n<p>The Baix Empord\u00e0 forms part of Centres BTT, a signposted and maintained network that includes different circular routes throughout the region, classified with colours depending on how difficult they are and suitable for all of the public.\u00a0 There is also a reception point in Castell d\u2019Aro, a space that houses services so that you can enjoy this activity with full guarantees.<\/p>\n<p>The Wikiloc Baix Empord\u00e0 channel will provide you with the directions for following the routes on your mobile phone or GPS device. And for more daring people, two extreme routes let you discover the massifs in a challenge that combines land, effort and a passion for mountain biking. Are you brave enough to try?<\/p>\n","protected":false},"excerpt":{"rendered":"<p>The Baix Empord\u00e0 has significant natural heritage with three mountain ranges standing out: the Montgr\u00ed, Gavarres and Ardenya. These three natural features provide an ideal setting for mountain biking, sometimes close to the sea, which combines lower difficulty with spectacular views. The Baix Empord\u00e0 forms part of Centres BTT, a signposted and maintained network that [&hellip;]<\/p>\n","protected":false},"author":2,"featured_media":14076,"parent":21259,"menu_order":0,"comment_status":"closed","ping_status":"closed","template":"page-templates\/btt.php","meta":{"_acf_changed":false,"footnotes":""},"class_list":["post-21720","page","type-page","status-publish","has-post-thumbnail","hentry"],"acf":[],"yoast_head":"<!-- This site is optimized with the Yoast SEO plugin v27.3 - https:\/\/yoast.com\/product\/yoast-seo-wordpress\/ -->\n<title>MTB - Visit Empord\u00e0<\/title>\n<meta name=\"robots\" content=\"index, follow, max-snippet:-1, max-image-preview:large, max-video-preview:-1\" \/>\n<link rel=\"canonical\" href=\"https:\/\/visitemporda.com\/en\/recomenacions\/propostes\/territori-i-natura\/btt\/\" \/>\n<meta property=\"og:locale\" content=\"en_US\" \/>\n<meta property=\"og:type\" content=\"article\" \/>\n<meta property=\"og:title\" content=\"MTB - Visit Empord\u00e0\" \/>\n<meta property=\"og:description\" content=\"The Baix Empord\u00e0 has significant natural heritage with three mountain ranges standing out: the Montgr\u00ed, Gavarres and Ardenya. These three natural features provide an ideal setting for mountain biking, sometimes close to the sea, which combines lower difficulty with spectacular views. The Baix Empord\u00e0 forms part of Centres BTT, a signposted and maintained network that [&hellip;]\" \/>\n<meta property=\"og:url\" content=\"https:\/\/visitemporda.com\/en\/recomenacions\/propostes\/territori-i-natura\/btt\/\" \/>\n<meta property=\"og:site_name\" content=\"Visit Empord\u00e0\" \/>\n<meta property=\"article:publisher\" content=\"https:\/\/www.facebook.com\/baixempordaturisme\" \/>\n<meta property=\"article:modified_time\" content=\"2021-02-18T12:53:02+00:00\" \/>\n<meta property=\"og:image\" content=\"https:\/\/visitemporda.com\/wp-content\/uploads\/2019\/10\/6-Ruta-6.jpg\" \/>\n\t<meta property=\"og:image:width\" content=\"1296\" \/>\n\t<meta property=\"og:image:height\" content=\"864\" \/>\n\t<meta property=\"og:image:type\" content=\"image\/jpeg\" \/>\n<meta name=\"twitter:card\" content=\"summary_large_image\" \/>\n<meta name=\"twitter:site\" content=\"@baixemporda_tur\" \/>\n<meta name=\"twitter:label1\" content=\"Est. reading time\" \/>\n\t<meta name=\"twitter:data1\" content=\"1 minute\" \/>\n<script type=\"application\/ld+json\" class=\"yoast-schema-graph\">{\"@context\":\"https:\\\/\\\/schema.org\",\"@graph\":[{\"@type\":\"WebPage\",\"@id\":\"https:\\\/\\\/visitemporda.com\\\/en\\\/recomenacions\\\/propostes\\\/territori-i-natura\\\/btt\\\/\",\"url\":\"https:\\\/\\\/visitemporda.com\\\/en\\\/recomenacions\\\/propostes\\\/territori-i-natura\\\/btt\\\/\",\"name\":\"MTB - Visit Empord\u00e0\",\"isPartOf\":{\"@id\":\"https:\\\/\\\/visitemporda.com\\\/en\\\/#website\"},\"primaryImageOfPage\":{\"@id\":\"https:\\\/\\\/visitemporda.com\\\/en\\\/recomenacions\\\/propostes\\\/territori-i-natura\\\/btt\\\/#primaryimage\"},\"image\":{\"@id\":\"https:\\\/\\\/visitemporda.com\\\/en\\\/recomenacions\\\/propostes\\\/territori-i-natura\\\/btt\\\/#primaryimage\"},\"thumbnailUrl\":\"https:\\\/\\\/visitemporda.com\\\/wp-content\\\/uploads\\\/2019\\\/10\\\/6-Ruta-6.jpg\",\"datePublished\":\"2019-10-08T13:19:29+00:00\",\"dateModified\":\"2021-02-18T12:53:02+00:00\",\"breadcrumb\":{\"@id\":\"https:\\\/\\\/visitemporda.com\\\/en\\\/recomenacions\\\/propostes\\\/territori-i-natura\\\/btt\\\/#breadcrumb\"},\"inLanguage\":\"en-US\",\"potentialAction\":[{\"@type\":\"ReadAction\",\"target\":[\"https:\\\/\\\/visitemporda.com\\\/en\\\/recomenacions\\\/propostes\\\/territori-i-natura\\\/btt\\\/\"]}]},{\"@type\":\"ImageObject\",\"inLanguage\":\"en-US\",\"@id\":\"https:\\\/\\\/visitemporda.com\\\/en\\\/recomenacions\\\/propostes\\\/territori-i-natura\\\/btt\\\/#primaryimage\",\"url\":\"https:\\\/\\\/visitemporda.com\\\/wp-content\\\/uploads\\\/2019\\\/10\\\/6-Ruta-6.jpg\",\"contentUrl\":\"https:\\\/\\\/visitemporda.com\\\/wp-content\\\/uploads\\\/2019\\\/10\\\/6-Ruta-6.jpg\",\"width\":1296,\"height\":864,\"caption\":\"Ruta 6 btt. Noi baixant amb bicicleta btt pel mig del bis\"},{\"@type\":\"BreadcrumbList\",\"@id\":\"https:\\\/\\\/visitemporda.com\\\/en\\\/recomenacions\\\/propostes\\\/territori-i-natura\\\/btt\\\/#breadcrumb\",\"itemListElement\":[{\"@type\":\"ListItem\",\"position\":1,\"name\":\"Inici\",\"item\":\"https:\\\/\\\/visitemporda.com\\\/en\\\/\"},{\"@type\":\"ListItem\",\"position\":2,\"name\":\"Recommendations\",\"item\":\"https:\\\/\\\/visitemporda.com\\\/en\\\/recomenacions\\\/\"},{\"@type\":\"ListItem\",\"position\":3,\"name\":\"What to do\",\"item\":\"https:\\\/\\\/visitemporda.com\\\/en\\\/recomenacions\\\/propostes\\\/\"},{\"@type\":\"ListItem\",\"position\":4,\"name\":\"Land and nature\",\"item\":\"https:\\\/\\\/visitemporda.com\\\/en\\\/recomenacions\\\/propostes\\\/territori-i-natura\\\/\"},{\"@type\":\"ListItem\",\"position\":5,\"name\":\"MTB\"}]},{\"@type\":\"WebSite\",\"@id\":\"https:\\\/\\\/visitemporda.com\\\/en\\\/#website\",\"url\":\"https:\\\/\\\/visitemporda.com\\\/en\\\/\",\"name\":\"Visit Empord\u00e0\",\"description\":\"The Official Site of the Baix Empord\u00e0 region\",\"publisher\":{\"@id\":\"https:\\\/\\\/visitemporda.com\\\/en\\\/#organization\"},\"potentialAction\":[{\"@type\":\"SearchAction\",\"target\":{\"@type\":\"EntryPoint\",\"urlTemplate\":\"https:\\\/\\\/visitemporda.com\\\/en\\\/?s={search_term_string}\"},\"query-input\":{\"@type\":\"PropertyValueSpecification\",\"valueRequired\":true,\"valueName\":\"search_term_string\"}}],\"inLanguage\":\"en-US\"},{\"@type\":\"Organization\",\"@id\":\"https:\\\/\\\/visitemporda.com\\\/en\\\/#organization\",\"name\":\"Consell Comarcal del Baix Empord\u00e0\",\"url\":\"https:\\\/\\\/visitemporda.com\\\/en\\\/\",\"logo\":{\"@type\":\"ImageObject\",\"inLanguage\":\"en-US\",\"@id\":\"https:\\\/\\\/visitemporda.com\\\/en\\\/#\\\/schema\\\/logo\\\/image\\\/\",\"url\":\"https:\\\/\\\/visitemporda.com\\\/wp-content\\\/uploads\\\/2024\\\/11\\\/Logotip_CCBE.png\",\"contentUrl\":\"https:\\\/\\\/visitemporda.com\\\/wp-content\\\/uploads\\\/2024\\\/11\\\/Logotip_CCBE.png\",\"width\":3617,\"height\":3617,\"caption\":\"Consell Comarcal del Baix Empord\u00e0\"},\"image\":{\"@id\":\"https:\\\/\\\/visitemporda.com\\\/en\\\/#\\\/schema\\\/logo\\\/image\\\/\"},\"sameAs\":[\"https:\\\/\\\/www.facebook.com\\\/baixempordaturisme\",\"https:\\\/\\\/x.com\\\/baixemporda_tur\",\"https:\\\/\\\/www.instagram.com\\\/visitemporda\"]}]}<\/script>\n<!-- \/ Yoast SEO plugin. -->","yoast_head_json":{"title":"MTB - Visit Empord\u00e0","robots":{"index":"index","follow":"follow","max-snippet":"max-snippet:-1","max-image-preview":"max-image-preview:large","max-video-preview":"max-video-preview:-1"},"canonical":"https:\/\/visitemporda.com\/en\/recomenacions\/propostes\/territori-i-natura\/btt\/","og_locale":"en_US","og_type":"article","og_title":"MTB - Visit Empord\u00e0","og_description":"The Baix Empord\u00e0 has significant natural heritage with three mountain ranges standing out: the Montgr\u00ed, Gavarres and Ardenya. These three natural features provide an ideal setting for mountain biking, sometimes close to the sea, which combines lower difficulty with spectacular views. The Baix Empord\u00e0 forms part of Centres BTT, a signposted and maintained network that [&hellip;]","og_url":"https:\/\/visitemporda.com\/en\/recomenacions\/propostes\/territori-i-natura\/btt\/","og_site_name":"Visit Empord\u00e0","article_publisher":"https:\/\/www.facebook.com\/baixempordaturisme","article_modified_time":"2021-02-18T12:53:02+00:00","og_image":[{"width":1296,"height":864,"url":"https:\/\/visitemporda.com\/wp-content\/uploads\/2019\/10\/6-Ruta-6.jpg","type":"image\/jpeg"}],"twitter_card":"summary_large_image","twitter_site":"@baixemporda_tur","twitter_misc":{"Est. reading time":"1 minute"},"schema":{"@context":"https:\/\/schema.org","@graph":[{"@type":"WebPage","@id":"https:\/\/visitemporda.com\/en\/recomenacions\/propostes\/territori-i-natura\/btt\/","url":"https:\/\/visitemporda.com\/en\/recomenacions\/propostes\/territori-i-natura\/btt\/","name":"MTB - Visit Empord\u00e0","isPartOf":{"@id":"https:\/\/visitemporda.com\/en\/#website"},"primaryImageOfPage":{"@id":"https:\/\/visitemporda.com\/en\/recomenacions\/propostes\/territori-i-natura\/btt\/#primaryimage"},"image":{"@id":"https:\/\/visitemporda.com\/en\/recomenacions\/propostes\/territori-i-natura\/btt\/#primaryimage"},"thumbnailUrl":"https:\/\/visitemporda.com\/wp-content\/uploads\/2019\/10\/6-Ruta-6.jpg","datePublished":"2019-10-08T13:19:29+00:00","dateModified":"2021-02-18T12:53:02+00:00","breadcrumb":{"@id":"https:\/\/visitemporda.com\/en\/recomenacions\/propostes\/territori-i-natura\/btt\/#breadcrumb"},"inLanguage":"en-US","potentialAction":[{"@type":"ReadAction","target":["https:\/\/visitemporda.com\/en\/recomenacions\/propostes\/territori-i-natura\/btt\/"]}]},{"@type":"ImageObject","inLanguage":"en-US","@id":"https:\/\/visitemporda.com\/en\/recomenacions\/propostes\/territori-i-natura\/btt\/#primaryimage","url":"https:\/\/visitemporda.com\/wp-content\/uploads\/2019\/10\/6-Ruta-6.jpg","contentUrl":"https:\/\/visitemporda.com\/wp-content\/uploads\/2019\/10\/6-Ruta-6.jpg","width":1296,"height":864,"caption":"Ruta 6 btt. Noi baixant amb bicicleta btt pel mig del bis"},{"@type":"BreadcrumbList","@id":"https:\/\/visitemporda.com\/en\/recomenacions\/propostes\/territori-i-natura\/btt\/#breadcrumb","itemListElement":[{"@type":"ListItem","position":1,"name":"Inici","item":"https:\/\/visitemporda.com\/en\/"},{"@type":"ListItem","position":2,"name":"Recommendations","item":"https:\/\/visitemporda.com\/en\/recomenacions\/"},{"@type":"ListItem","position":3,"name":"What to do","item":"https:\/\/visitemporda.com\/en\/recomenacions\/propostes\/"},{"@type":"ListItem","position":4,"name":"Land and nature","item":"https:\/\/visitemporda.com\/en\/recomenacions\/propostes\/territori-i-natura\/"},{"@type":"ListItem","position":5,"name":"MTB"}]},{"@type":"WebSite","@id":"https:\/\/visitemporda.com\/en\/#website","url":"https:\/\/visitemporda.com\/en\/","name":"Visit Empord\u00e0","description":"The Official Site of the Baix Empord\u00e0 region","publisher":{"@id":"https:\/\/visitemporda.com\/en\/#organization"},"potentialAction":[{"@type":"SearchAction","target":{"@type":"EntryPoint","urlTemplate":"https:\/\/visitemporda.com\/en\/?s={search_term_string}"},"query-input":{"@type":"PropertyValueSpecification","valueRequired":true,"valueName":"search_term_string"}}],"inLanguage":"en-US"},{"@type":"Organization","@id":"https:\/\/visitemporda.com\/en\/#organization","name":"Consell Comarcal del Baix Empord\u00e0","url":"https:\/\/visitemporda.com\/en\/","logo":{"@type":"ImageObject","inLanguage":"en-US","@id":"https:\/\/visitemporda.com\/en\/#\/schema\/logo\/image\/","url":"https:\/\/visitemporda.com\/wp-content\/uploads\/2024\/11\/Logotip_CCBE.png","contentUrl":"https:\/\/visitemporda.com\/wp-content\/uploads\/2024\/11\/Logotip_CCBE.png","width":3617,"height":3617,"caption":"Consell Comarcal del Baix Empord\u00e0"},"image":{"@id":"https:\/\/visitemporda.com\/en\/#\/schema\/logo\/image\/"},"sameAs":["https:\/\/www.facebook.com\/baixempordaturisme","https:\/\/x.com\/baixemporda_tur","https:\/\/www.instagram.com\/visitemporda"]}]}},"_links":{"self":[{"href":"https:\/\/visitemporda.com\/en\/wp-json\/wp\/v2\/pages\/21720","targetHints":{"allow":["GET"]}}],"collection":[{"href":"https:\/\/visitemporda.com\/en\/wp-json\/wp\/v2\/pages"}],"about":[{"href":"https:\/\/visitemporda.com\/en\/wp-json\/wp\/v2\/types\/page"}],"author":[{"embeddable":true,"href":"https:\/\/visitemporda.com\/en\/wp-json\/wp\/v2\/users\/2"}],"replies":[{"embeddable":true,"href":"https:\/\/visitemporda.com\/en\/wp-json\/wp\/v2\/comments?post=21720"}],"version-history":[{"count":3,"href":"https:\/\/visitemporda.com\/en\/wp-json\/wp\/v2\/pages\/21720\/revisions"}],"predecessor-version":[{"id":22177,"href":"https:\/\/visitemporda.com\/en\/wp-json\/wp\/v2\/pages\/21720\/revisions\/22177"}],"up":[{"embeddable":true,"href":"https:\/\/visitemporda.com\/en\/wp-json\/wp\/v2\/pages\/21259"}],"wp:featuredmedia":[{"embeddable":true,"href":"https:\/\/visitemporda.com\/en\/wp-json\/wp\/v2\/media\/14076"}],"wp:attachment":[{"href":"https:\/\/visitemporda.com\/en\/wp-json\/wp\/v2\/media?parent=21720"}],"curies":[{"name":"wp","href":"https:\/\/api.w.org\/{rel}","templated":true}]}}