

{"id":21319,"date":"2019-12-31T11:29:26","date_gmt":"2019-12-31T10:29:26","guid":{"rendered":"http:\/\/visitemporda.com\/territori-i-natura\/les-8-proposts-a-laire-lliure\/els-carcaixells-den-cama-i-el-montclar\/"},"modified":"2021-02-18T18:52:26","modified_gmt":"2021-02-18T17:52:26","slug":"els-carcaixells-den-cama-i-el-montclar","status":"publish","type":"page","link":"https:\/\/visitemporda.com\/en\/recomenacions\/propostes\/territori-i-natura\/les-8-proposts-a-laire-lliure\/els-carcaixells-den-cama-i-el-montclar\/","title":{"rendered":"The Carcaixells d&#8217;en Cama and Montclar"},"content":{"rendered":"<p>The Carcaixells are a group of granite domes that rise imposingly from the woodland in the Ardenya mountains. Montclar is the main peak, at 417 metres in height. It has spectacular views.<\/p>\n<p>To reach them, you can take an itinerary that starts in Can Llaurador (near Solius) and which follows the PR-102 path. Further on, you have to follow the Carcaixells local path (SL), which will take you to the summit.<\/p>\n<p>The characteristics of this path and its surroundings mean that it is necessary to climb the rocks with the help of fixed ropes and chains. It is not especially difficult but you do have to be alert and take care. There is a suspension bridge, but for safety reasons the path passes beneath it.<\/p>\n","protected":false},"excerpt":{"rendered":"<p>The Carcaixells are a group of granite domes that rise imposingly from the woodland in the Ardenya mountains. Montclar is the main peak, at 417 metres in height. It has spectacular views. To reach them, you can take an itinerary that starts in Can Llaurador (near Solius) and which follows the PR-102 path. Further on, [&hellip;]<\/p>\n","protected":false},"author":2,"featured_media":13944,"parent":21308,"menu_order":0,"comment_status":"closed","ping_status":"closed","template":"page-templates\/fitxa-campanyes-gastronomiques.php","meta":{"_acf_changed":false,"footnotes":""},"class_list":["post-21319","page","type-page","status-publish","has-post-thumbnail","hentry"],"acf":[],"yoast_head":"<!-- This site is optimized with the Yoast SEO plugin v27.5 - https:\/\/yoast.com\/product\/yoast-seo-wordpress\/ -->\n<title>The Carcaixells d&#039;en Cama and Montclar - Visit Empord\u00e0<\/title>\n<meta name=\"robots\" content=\"index, follow, max-snippet:-1, max-image-preview:large, max-video-preview:-1\" \/>\n<link rel=\"canonical\" href=\"https:\/\/visitemporda.com\/en\/recomenacions\/propostes\/territori-i-natura\/les-8-proposts-a-laire-lliure\/els-carcaixells-den-cama-i-el-montclar\/\" \/>\n<meta property=\"og:locale\" content=\"en_US\" \/>\n<meta property=\"og:type\" content=\"article\" \/>\n<meta property=\"og:title\" content=\"The Carcaixells d&#039;en Cama and Montclar - Visit Empord\u00e0\" \/>\n<meta property=\"og:description\" content=\"The Carcaixells are a group of granite domes that rise imposingly from the woodland in the Ardenya mountains. Montclar is the main peak, at 417 metres in height. It has spectacular views. To reach them, you can take an itinerary that starts in Can Llaurador (near Solius) and which follows the PR-102 path. Further on, [&hellip;]\" \/>\n<meta property=\"og:url\" content=\"https:\/\/visitemporda.com\/en\/recomenacions\/propostes\/territori-i-natura\/les-8-proposts-a-laire-lliure\/els-carcaixells-den-cama-i-el-montclar\/\" \/>\n<meta property=\"og:site_name\" content=\"Visit Empord\u00e0\" \/>\n<meta property=\"article:publisher\" content=\"https:\/\/www.facebook.com\/baixempordaturisme\" \/>\n<meta property=\"article:modified_time\" content=\"2021-02-18T17:52:26+00:00\" \/>\n<meta property=\"og:image\" content=\"https:\/\/visitemporda.com\/wp-content\/uploads\/2019\/12\/IMG_3933-1024x683.jpg\" \/>\n\t<meta property=\"og:image:width\" content=\"1024\" \/>\n\t<meta property=\"og:image:height\" content=\"683\" \/>\n\t<meta property=\"og:image:type\" content=\"image\/jpeg\" \/>\n<meta name=\"twitter:card\" content=\"summary_large_image\" \/>\n<meta name=\"twitter:site\" content=\"@baixemporda_tur\" \/>\n<meta name=\"twitter:label1\" content=\"Est. reading time\" \/>\n\t<meta name=\"twitter:data1\" content=\"1 minute\" \/>\n<script type=\"application\/ld+json\" class=\"yoast-schema-graph\">{\"@context\":\"https:\\\/\\\/schema.org\",\"@graph\":[{\"@type\":\"WebPage\",\"@id\":\"https:\\\/\\\/visitemporda.com\\\/en\\\/recomenacions\\\/propostes\\\/territori-i-natura\\\/les-8-proposts-a-laire-lliure\\\/els-carcaixells-den-cama-i-el-montclar\\\/\",\"url\":\"https:\\\/\\\/visitemporda.com\\\/en\\\/recomenacions\\\/propostes\\\/territori-i-natura\\\/les-8-proposts-a-laire-lliure\\\/els-carcaixells-den-cama-i-el-montclar\\\/\",\"name\":\"The Carcaixells d'en Cama and Montclar - Visit Empord\u00e0\",\"isPartOf\":{\"@id\":\"https:\\\/\\\/visitemporda.com\\\/en\\\/#website\"},\"primaryImageOfPage\":{\"@id\":\"https:\\\/\\\/visitemporda.com\\\/en\\\/recomenacions\\\/propostes\\\/territori-i-natura\\\/les-8-proposts-a-laire-lliure\\\/els-carcaixells-den-cama-i-el-montclar\\\/#primaryimage\"},\"image\":{\"@id\":\"https:\\\/\\\/visitemporda.com\\\/en\\\/recomenacions\\\/propostes\\\/territori-i-natura\\\/les-8-proposts-a-laire-lliure\\\/els-carcaixells-den-cama-i-el-montclar\\\/#primaryimage\"},\"thumbnailUrl\":\"https:\\\/\\\/visitemporda.com\\\/wp-content\\\/uploads\\\/2019\\\/12\\\/IMG_3933.jpg\",\"datePublished\":\"2019-12-31T10:29:26+00:00\",\"dateModified\":\"2021-02-18T17:52:26+00:00\",\"breadcrumb\":{\"@id\":\"https:\\\/\\\/visitemporda.com\\\/en\\\/recomenacions\\\/propostes\\\/territori-i-natura\\\/les-8-proposts-a-laire-lliure\\\/els-carcaixells-den-cama-i-el-montclar\\\/#breadcrumb\"},\"inLanguage\":\"en-US\",\"potentialAction\":[{\"@type\":\"ReadAction\",\"target\":[\"https:\\\/\\\/visitemporda.com\\\/en\\\/recomenacions\\\/propostes\\\/territori-i-natura\\\/les-8-proposts-a-laire-lliure\\\/els-carcaixells-den-cama-i-el-montclar\\\/\"]}]},{\"@type\":\"ImageObject\",\"inLanguage\":\"en-US\",\"@id\":\"https:\\\/\\\/visitemporda.com\\\/en\\\/recomenacions\\\/propostes\\\/territori-i-natura\\\/les-8-proposts-a-laire-lliure\\\/els-carcaixells-den-cama-i-el-montclar\\\/#primaryimage\",\"url\":\"https:\\\/\\\/visitemporda.com\\\/wp-content\\\/uploads\\\/2019\\\/12\\\/IMG_3933.jpg\",\"contentUrl\":\"https:\\\/\\\/visitemporda.com\\\/wp-content\\\/uploads\\\/2019\\\/12\\\/IMG_3933.jpg\",\"width\":5184,\"height\":3456,\"caption\":\"un noi i una noia que caminen. el noi assenyala alguna cosa i la noia encara est\u00e0 pujant. S\u00f3n a una zona rocosa que \u00e9s diu els Carcaixells\"},{\"@type\":\"BreadcrumbList\",\"@id\":\"https:\\\/\\\/visitemporda.com\\\/en\\\/recomenacions\\\/propostes\\\/territori-i-natura\\\/les-8-proposts-a-laire-lliure\\\/els-carcaixells-den-cama-i-el-montclar\\\/#breadcrumb\",\"itemListElement\":[{\"@type\":\"ListItem\",\"position\":1,\"name\":\"Inici\",\"item\":\"https:\\\/\\\/visitemporda.com\\\/en\\\/\"},{\"@type\":\"ListItem\",\"position\":2,\"name\":\"Recommendations\",\"item\":\"https:\\\/\\\/visitemporda.com\\\/en\\\/recomenacions\\\/\"},{\"@type\":\"ListItem\",\"position\":3,\"name\":\"What to do\",\"item\":\"https:\\\/\\\/visitemporda.com\\\/en\\\/recomenacions\\\/propostes\\\/\"},{\"@type\":\"ListItem\",\"position\":4,\"name\":\"Land and nature\",\"item\":\"https:\\\/\\\/visitemporda.com\\\/en\\\/recomenacions\\\/propostes\\\/territori-i-natura\\\/\"},{\"@type\":\"ListItem\",\"position\":5,\"name\":\"8 outdoors ideas\",\"item\":\"https:\\\/\\\/visitemporda.com\\\/en\\\/recomenacions\\\/propostes\\\/territori-i-natura\\\/les-8-proposts-a-laire-lliure\\\/\"},{\"@type\":\"ListItem\",\"position\":6,\"name\":\"The Carcaixells d&#8217;en Cama and Montclar\"}]},{\"@type\":\"WebSite\",\"@id\":\"https:\\\/\\\/visitemporda.com\\\/en\\\/#website\",\"url\":\"https:\\\/\\\/visitemporda.com\\\/en\\\/\",\"name\":\"Visit Empord\u00e0\",\"description\":\"The Official Site of the Baix Empord\u00e0 region\",\"publisher\":{\"@id\":\"https:\\\/\\\/visitemporda.com\\\/en\\\/#organization\"},\"potentialAction\":[{\"@type\":\"SearchAction\",\"target\":{\"@type\":\"EntryPoint\",\"urlTemplate\":\"https:\\\/\\\/visitemporda.com\\\/en\\\/?s={search_term_string}\"},\"query-input\":{\"@type\":\"PropertyValueSpecification\",\"valueRequired\":true,\"valueName\":\"search_term_string\"}}],\"inLanguage\":\"en-US\"},{\"@type\":\"Organization\",\"@id\":\"https:\\\/\\\/visitemporda.com\\\/en\\\/#organization\",\"name\":\"Consell Comarcal del Baix Empord\u00e0\",\"url\":\"https:\\\/\\\/visitemporda.com\\\/en\\\/\",\"logo\":{\"@type\":\"ImageObject\",\"inLanguage\":\"en-US\",\"@id\":\"https:\\\/\\\/visitemporda.com\\\/en\\\/#\\\/schema\\\/logo\\\/image\\\/\",\"url\":\"https:\\\/\\\/visitemporda.com\\\/wp-content\\\/uploads\\\/2024\\\/11\\\/Logotip_CCBE.png\",\"contentUrl\":\"https:\\\/\\\/visitemporda.com\\\/wp-content\\\/uploads\\\/2024\\\/11\\\/Logotip_CCBE.png\",\"width\":3617,\"height\":3617,\"caption\":\"Consell Comarcal del Baix Empord\u00e0\"},\"image\":{\"@id\":\"https:\\\/\\\/visitemporda.com\\\/en\\\/#\\\/schema\\\/logo\\\/image\\\/\"},\"sameAs\":[\"https:\\\/\\\/www.facebook.com\\\/baixempordaturisme\",\"https:\\\/\\\/x.com\\\/baixemporda_tur\",\"https:\\\/\\\/www.instagram.com\\\/visitemporda\"]}]}<\/script>\n<!-- \/ Yoast SEO plugin. -->","yoast_head_json":{"title":"The Carcaixells d'en Cama and Montclar - Visit Empord\u00e0","robots":{"index":"index","follow":"follow","max-snippet":"max-snippet:-1","max-image-preview":"max-image-preview:large","max-video-preview":"max-video-preview:-1"},"canonical":"https:\/\/visitemporda.com\/en\/recomenacions\/propostes\/territori-i-natura\/les-8-proposts-a-laire-lliure\/els-carcaixells-den-cama-i-el-montclar\/","og_locale":"en_US","og_type":"article","og_title":"The Carcaixells d'en Cama and Montclar - Visit Empord\u00e0","og_description":"The Carcaixells are a group of granite domes that rise imposingly from the woodland in the Ardenya mountains. Montclar is the main peak, at 417 metres in height. It has spectacular views. To reach them, you can take an itinerary that starts in Can Llaurador (near Solius) and which follows the PR-102 path. Further on, [&hellip;]","og_url":"https:\/\/visitemporda.com\/en\/recomenacions\/propostes\/territori-i-natura\/les-8-proposts-a-laire-lliure\/els-carcaixells-den-cama-i-el-montclar\/","og_site_name":"Visit Empord\u00e0","article_publisher":"https:\/\/www.facebook.com\/baixempordaturisme","article_modified_time":"2021-02-18T17:52:26+00:00","og_image":[{"width":1024,"height":683,"url":"https:\/\/visitemporda.com\/wp-content\/uploads\/2019\/12\/IMG_3933-1024x683.jpg","type":"image\/jpeg"}],"twitter_card":"summary_large_image","twitter_site":"@baixemporda_tur","twitter_misc":{"Est. reading time":"1 minute"},"schema":{"@context":"https:\/\/schema.org","@graph":[{"@type":"WebPage","@id":"https:\/\/visitemporda.com\/en\/recomenacions\/propostes\/territori-i-natura\/les-8-proposts-a-laire-lliure\/els-carcaixells-den-cama-i-el-montclar\/","url":"https:\/\/visitemporda.com\/en\/recomenacions\/propostes\/territori-i-natura\/les-8-proposts-a-laire-lliure\/els-carcaixells-den-cama-i-el-montclar\/","name":"The Carcaixells d'en Cama and Montclar - Visit Empord\u00e0","isPartOf":{"@id":"https:\/\/visitemporda.com\/en\/#website"},"primaryImageOfPage":{"@id":"https:\/\/visitemporda.com\/en\/recomenacions\/propostes\/territori-i-natura\/les-8-proposts-a-laire-lliure\/els-carcaixells-den-cama-i-el-montclar\/#primaryimage"},"image":{"@id":"https:\/\/visitemporda.com\/en\/recomenacions\/propostes\/territori-i-natura\/les-8-proposts-a-laire-lliure\/els-carcaixells-den-cama-i-el-montclar\/#primaryimage"},"thumbnailUrl":"https:\/\/visitemporda.com\/wp-content\/uploads\/2019\/12\/IMG_3933.jpg","datePublished":"2019-12-31T10:29:26+00:00","dateModified":"2021-02-18T17:52:26+00:00","breadcrumb":{"@id":"https:\/\/visitemporda.com\/en\/recomenacions\/propostes\/territori-i-natura\/les-8-proposts-a-laire-lliure\/els-carcaixells-den-cama-i-el-montclar\/#breadcrumb"},"inLanguage":"en-US","potentialAction":[{"@type":"ReadAction","target":["https:\/\/visitemporda.com\/en\/recomenacions\/propostes\/territori-i-natura\/les-8-proposts-a-laire-lliure\/els-carcaixells-den-cama-i-el-montclar\/"]}]},{"@type":"ImageObject","inLanguage":"en-US","@id":"https:\/\/visitemporda.com\/en\/recomenacions\/propostes\/territori-i-natura\/les-8-proposts-a-laire-lliure\/els-carcaixells-den-cama-i-el-montclar\/#primaryimage","url":"https:\/\/visitemporda.com\/wp-content\/uploads\/2019\/12\/IMG_3933.jpg","contentUrl":"https:\/\/visitemporda.com\/wp-content\/uploads\/2019\/12\/IMG_3933.jpg","width":5184,"height":3456,"caption":"un noi i una noia que caminen. el noi assenyala alguna cosa i la noia encara est\u00e0 pujant. S\u00f3n a una zona rocosa que \u00e9s diu els Carcaixells"},{"@type":"BreadcrumbList","@id":"https:\/\/visitemporda.com\/en\/recomenacions\/propostes\/territori-i-natura\/les-8-proposts-a-laire-lliure\/els-carcaixells-den-cama-i-el-montclar\/#breadcrumb","itemListElement":[{"@type":"ListItem","position":1,"name":"Inici","item":"https:\/\/visitemporda.com\/en\/"},{"@type":"ListItem","position":2,"name":"Recommendations","item":"https:\/\/visitemporda.com\/en\/recomenacions\/"},{"@type":"ListItem","position":3,"name":"What to do","item":"https:\/\/visitemporda.com\/en\/recomenacions\/propostes\/"},{"@type":"ListItem","position":4,"name":"Land and nature","item":"https:\/\/visitemporda.com\/en\/recomenacions\/propostes\/territori-i-natura\/"},{"@type":"ListItem","position":5,"name":"8 outdoors ideas","item":"https:\/\/visitemporda.com\/en\/recomenacions\/propostes\/territori-i-natura\/les-8-proposts-a-laire-lliure\/"},{"@type":"ListItem","position":6,"name":"The Carcaixells d&#8217;en Cama and Montclar"}]},{"@type":"WebSite","@id":"https:\/\/visitemporda.com\/en\/#website","url":"https:\/\/visitemporda.com\/en\/","name":"Visit Empord\u00e0","description":"The Official Site of the Baix Empord\u00e0 region","publisher":{"@id":"https:\/\/visitemporda.com\/en\/#organization"},"potentialAction":[{"@type":"SearchAction","target":{"@type":"EntryPoint","urlTemplate":"https:\/\/visitemporda.com\/en\/?s={search_term_string}"},"query-input":{"@type":"PropertyValueSpecification","valueRequired":true,"valueName":"search_term_string"}}],"inLanguage":"en-US"},{"@type":"Organization","@id":"https:\/\/visitemporda.com\/en\/#organization","name":"Consell Comarcal del Baix Empord\u00e0","url":"https:\/\/visitemporda.com\/en\/","logo":{"@type":"ImageObject","inLanguage":"en-US","@id":"https:\/\/visitemporda.com\/en\/#\/schema\/logo\/image\/","url":"https:\/\/visitemporda.com\/wp-content\/uploads\/2024\/11\/Logotip_CCBE.png","contentUrl":"https:\/\/visitemporda.com\/wp-content\/uploads\/2024\/11\/Logotip_CCBE.png","width":3617,"height":3617,"caption":"Consell Comarcal del Baix Empord\u00e0"},"image":{"@id":"https:\/\/visitemporda.com\/en\/#\/schema\/logo\/image\/"},"sameAs":["https:\/\/www.facebook.com\/baixempordaturisme","https:\/\/x.com\/baixemporda_tur","https:\/\/www.instagram.com\/visitemporda"]}]}},"_links":{"self":[{"href":"https:\/\/visitemporda.com\/en\/wp-json\/wp\/v2\/pages\/21319","targetHints":{"allow":["GET"]}}],"collection":[{"href":"https:\/\/visitemporda.com\/en\/wp-json\/wp\/v2\/pages"}],"about":[{"href":"https:\/\/visitemporda.com\/en\/wp-json\/wp\/v2\/types\/page"}],"author":[{"embeddable":true,"href":"https:\/\/visitemporda.com\/en\/wp-json\/wp\/v2\/users\/2"}],"replies":[{"embeddable":true,"href":"https:\/\/visitemporda.com\/en\/wp-json\/wp\/v2\/comments?post=21319"}],"version-history":[{"count":3,"href":"https:\/\/visitemporda.com\/en\/wp-json\/wp\/v2\/pages\/21319\/revisions"}],"predecessor-version":[{"id":22196,"href":"https:\/\/visitemporda.com\/en\/wp-json\/wp\/v2\/pages\/21319\/revisions\/22196"}],"up":[{"embeddable":true,"href":"https:\/\/visitemporda.com\/en\/wp-json\/wp\/v2\/pages\/21308"}],"wp:featuredmedia":[{"embeddable":true,"href":"https:\/\/visitemporda.com\/en\/wp-json\/wp\/v2\/media\/13944"}],"wp:attachment":[{"href":"https:\/\/visitemporda.com\/en\/wp-json\/wp\/v2\/media?parent=21319"}],"curies":[{"name":"wp","href":"https:\/\/api.w.org\/{rel}","templated":true}]}}