

{"id":21269,"date":"2020-08-07T15:22:34","date_gmt":"2020-08-07T13:22:34","guid":{"rendered":"http:\/\/visitemporda.com\/parc-natural-del-montgri-les-illes-medes-i-el-baix-ter\/massis-de-les-gavarres\/"},"modified":"2021-01-26T11:08:17","modified_gmt":"2021-01-26T10:08:17","slug":"massis-de-les-gavarres","status":"publish","type":"page","link":"https:\/\/visitemporda.com\/en\/recomenacions\/propostes\/territori-i-natura\/espais-naturals-protegits\/parc-natural-del-montgri-les-illes-medes-i-el-baix-ter\/massis-de-les-gavarres\/","title":{"rendered":"Gavarres mountains"},"content":{"rendered":"<p>The Gavarres mountains include land in the Baix Empord\u00e0 and Giron\u00e8s regions. Twenty municipalities make up this space which is recognised and protected for its natural and cultural value.<br \/>\nIn 1992 it was declared a Protected Natural Space as part of Catalonia\u2019s Plan for Spaces of Natural Interest because the most important cork oak and maritime pine woodland in Catalonia is found here . The predominant landscape is heath and cistus undergrowth, with a tree stratum of holm oaks, cork oaks and pines, and with large numbers of strawberry trees.<\/p>\n<p>In addition, in 2011 ten heritage elements in the Gavarres were declared to be Areas of Ethnological Interest as they represent all of the cultural ethnologic heritage found in this massif. At the time, this was the first natural space to be recognised with this cultural declaration anywhere in Catalonia. It is worth adding that an important concentration of archaeological elements has been recorded in the Gavarres, most notably the megalithic monuments.<\/p>\n<p>Finally, if you come to explore the Gavarres, make sure you do not leave without visiting some of the old parish churches that used to be the backbone of the population of the massif and were the centre of local and religious relations. These routes in the Gavarres are within reach of everyone as the mountains have a gentle topography with the highest peak, Puig de la Gavarra, being 532 metres in height.<\/p>\n","protected":false},"excerpt":{"rendered":"<p>The Gavarres mountains include land in the Baix Empord\u00e0 and Giron\u00e8s regions. Twenty municipalities make up this space which is recognised and protected for its natural and cultural value. In 1992 it was declared a Protected Natural Space as part of Catalonia\u2019s Plan for Spaces of Natural Interest because the most important cork oak and [&hellip;]<\/p>\n","protected":false},"author":5,"featured_media":18195,"parent":21267,"menu_order":0,"comment_status":"closed","ping_status":"closed","template":"page-templates\/fitxa-campanyes-gastronomiques.php","meta":{"_acf_changed":false,"footnotes":""},"class_list":["post-21269","page","type-page","status-publish","has-post-thumbnail","hentry"],"acf":[],"yoast_head":"<!-- This site is optimized with the Yoast SEO plugin v27.4 - https:\/\/yoast.com\/product\/yoast-seo-wordpress\/ -->\n<title>Gavarres mountains - Visit Empord\u00e0<\/title>\n<meta name=\"robots\" content=\"index, follow, max-snippet:-1, max-image-preview:large, max-video-preview:-1\" \/>\n<link rel=\"canonical\" href=\"https:\/\/visitemporda.com\/en\/recomenacions\/propostes\/territori-i-natura\/espais-naturals-protegits\/parc-natural-del-montgri-les-illes-medes-i-el-baix-ter\/massis-de-les-gavarres\/\" \/>\n<meta property=\"og:locale\" content=\"en_US\" \/>\n<meta property=\"og:type\" content=\"article\" \/>\n<meta property=\"og:title\" content=\"Gavarres mountains - Visit Empord\u00e0\" \/>\n<meta property=\"og:description\" content=\"The Gavarres mountains include land in the Baix Empord\u00e0 and Giron\u00e8s regions. Twenty municipalities make up this space which is recognised and protected for its natural and cultural value. In 1992 it was declared a Protected Natural Space as part of Catalonia\u2019s Plan for Spaces of Natural Interest because the most important cork oak and [&hellip;]\" \/>\n<meta property=\"og:url\" content=\"https:\/\/visitemporda.com\/en\/recomenacions\/propostes\/territori-i-natura\/espais-naturals-protegits\/parc-natural-del-montgri-les-illes-medes-i-el-baix-ter\/massis-de-les-gavarres\/\" \/>\n<meta property=\"og:site_name\" content=\"Visit Empord\u00e0\" \/>\n<meta property=\"article:publisher\" content=\"https:\/\/www.facebook.com\/baixempordaturisme\" \/>\n<meta property=\"article:modified_time\" content=\"2021-01-26T10:08:17+00:00\" \/>\n<meta property=\"og:image\" content=\"https:\/\/visitemporda.com\/wp-content\/uploads\/2020\/08\/gavarres.jpg\" \/>\n\t<meta property=\"og:image:width\" content=\"2560\" \/>\n\t<meta property=\"og:image:height\" content=\"1920\" \/>\n\t<meta property=\"og:image:type\" content=\"image\/jpeg\" \/>\n<meta name=\"twitter:card\" content=\"summary_large_image\" \/>\n<meta name=\"twitter:site\" content=\"@baixemporda_tur\" \/>\n<meta name=\"twitter:label1\" content=\"Est. reading time\" \/>\n\t<meta name=\"twitter:data1\" content=\"1 minute\" \/>\n<script type=\"application\/ld+json\" class=\"yoast-schema-graph\">{\"@context\":\"https:\\\/\\\/schema.org\",\"@graph\":[{\"@type\":\"WebPage\",\"@id\":\"https:\\\/\\\/visitemporda.com\\\/en\\\/recomenacions\\\/propostes\\\/territori-i-natura\\\/espais-naturals-protegits\\\/parc-natural-del-montgri-les-illes-medes-i-el-baix-ter\\\/massis-de-les-gavarres\\\/\",\"url\":\"https:\\\/\\\/visitemporda.com\\\/en\\\/recomenacions\\\/propostes\\\/territori-i-natura\\\/espais-naturals-protegits\\\/parc-natural-del-montgri-les-illes-medes-i-el-baix-ter\\\/massis-de-les-gavarres\\\/\",\"name\":\"Gavarres mountains - Visit Empord\u00e0\",\"isPartOf\":{\"@id\":\"https:\\\/\\\/visitemporda.com\\\/en\\\/#website\"},\"primaryImageOfPage\":{\"@id\":\"https:\\\/\\\/visitemporda.com\\\/en\\\/recomenacions\\\/propostes\\\/territori-i-natura\\\/espais-naturals-protegits\\\/parc-natural-del-montgri-les-illes-medes-i-el-baix-ter\\\/massis-de-les-gavarres\\\/#primaryimage\"},\"image\":{\"@id\":\"https:\\\/\\\/visitemporda.com\\\/en\\\/recomenacions\\\/propostes\\\/territori-i-natura\\\/espais-naturals-protegits\\\/parc-natural-del-montgri-les-illes-medes-i-el-baix-ter\\\/massis-de-les-gavarres\\\/#primaryimage\"},\"thumbnailUrl\":\"https:\\\/\\\/visitemporda.com\\\/wp-content\\\/uploads\\\/2020\\\/08\\\/gavarres.jpg\",\"datePublished\":\"2020-08-07T13:22:34+00:00\",\"dateModified\":\"2021-01-26T10:08:17+00:00\",\"breadcrumb\":{\"@id\":\"https:\\\/\\\/visitemporda.com\\\/en\\\/recomenacions\\\/propostes\\\/territori-i-natura\\\/espais-naturals-protegits\\\/parc-natural-del-montgri-les-illes-medes-i-el-baix-ter\\\/massis-de-les-gavarres\\\/#breadcrumb\"},\"inLanguage\":\"en-US\",\"potentialAction\":[{\"@type\":\"ReadAction\",\"target\":[\"https:\\\/\\\/visitemporda.com\\\/en\\\/recomenacions\\\/propostes\\\/territori-i-natura\\\/espais-naturals-protegits\\\/parc-natural-del-montgri-les-illes-medes-i-el-baix-ter\\\/massis-de-les-gavarres\\\/\"]}]},{\"@type\":\"ImageObject\",\"inLanguage\":\"en-US\",\"@id\":\"https:\\\/\\\/visitemporda.com\\\/en\\\/recomenacions\\\/propostes\\\/territori-i-natura\\\/espais-naturals-protegits\\\/parc-natural-del-montgri-les-illes-medes-i-el-baix-ter\\\/massis-de-les-gavarres\\\/#primaryimage\",\"url\":\"https:\\\/\\\/visitemporda.com\\\/wp-content\\\/uploads\\\/2020\\\/08\\\/gavarres.jpg\",\"contentUrl\":\"https:\\\/\\\/visitemporda.com\\\/wp-content\\\/uploads\\\/2020\\\/08\\\/gavarres.jpg\",\"width\":2560,\"height\":1920,\"caption\":\"Les Gavarres. Muntanya verda\"},{\"@type\":\"BreadcrumbList\",\"@id\":\"https:\\\/\\\/visitemporda.com\\\/en\\\/recomenacions\\\/propostes\\\/territori-i-natura\\\/espais-naturals-protegits\\\/parc-natural-del-montgri-les-illes-medes-i-el-baix-ter\\\/massis-de-les-gavarres\\\/#breadcrumb\",\"itemListElement\":[{\"@type\":\"ListItem\",\"position\":1,\"name\":\"Inici\",\"item\":\"https:\\\/\\\/visitemporda.com\\\/en\\\/\"},{\"@type\":\"ListItem\",\"position\":2,\"name\":\"Recommendations\",\"item\":\"https:\\\/\\\/visitemporda.com\\\/en\\\/recomenacions\\\/\"},{\"@type\":\"ListItem\",\"position\":3,\"name\":\"What to do\",\"item\":\"https:\\\/\\\/visitemporda.com\\\/en\\\/recomenacions\\\/propostes\\\/\"},{\"@type\":\"ListItem\",\"position\":4,\"name\":\"Land and nature\",\"item\":\"https:\\\/\\\/visitemporda.com\\\/en\\\/recomenacions\\\/propostes\\\/territori-i-natura\\\/\"},{\"@type\":\"ListItem\",\"position\":5,\"name\":\"Protected Natural Spaces\",\"item\":\"https:\\\/\\\/visitemporda.com\\\/en\\\/recomenacions\\\/propostes\\\/territori-i-natura\\\/espais-naturals-protegits\\\/\"},{\"@type\":\"ListItem\",\"position\":6,\"name\":\"Montgr\u00ed, Medes Islands and Baix Ter Natural Park\",\"item\":\"https:\\\/\\\/visitemporda.com\\\/en\\\/recomenacions\\\/propostes\\\/territori-i-natura\\\/espais-naturals-protegits\\\/parc-natural-del-montgri-les-illes-medes-i-el-baix-ter\\\/\"},{\"@type\":\"ListItem\",\"position\":7,\"name\":\"Gavarres mountains\"}]},{\"@type\":\"WebSite\",\"@id\":\"https:\\\/\\\/visitemporda.com\\\/en\\\/#website\",\"url\":\"https:\\\/\\\/visitemporda.com\\\/en\\\/\",\"name\":\"Visit Empord\u00e0\",\"description\":\"The Official Site of the Baix Empord\u00e0 region\",\"publisher\":{\"@id\":\"https:\\\/\\\/visitemporda.com\\\/en\\\/#organization\"},\"potentialAction\":[{\"@type\":\"SearchAction\",\"target\":{\"@type\":\"EntryPoint\",\"urlTemplate\":\"https:\\\/\\\/visitemporda.com\\\/en\\\/?s={search_term_string}\"},\"query-input\":{\"@type\":\"PropertyValueSpecification\",\"valueRequired\":true,\"valueName\":\"search_term_string\"}}],\"inLanguage\":\"en-US\"},{\"@type\":\"Organization\",\"@id\":\"https:\\\/\\\/visitemporda.com\\\/en\\\/#organization\",\"name\":\"Consell Comarcal del Baix Empord\u00e0\",\"url\":\"https:\\\/\\\/visitemporda.com\\\/en\\\/\",\"logo\":{\"@type\":\"ImageObject\",\"inLanguage\":\"en-US\",\"@id\":\"https:\\\/\\\/visitemporda.com\\\/en\\\/#\\\/schema\\\/logo\\\/image\\\/\",\"url\":\"https:\\\/\\\/visitemporda.com\\\/wp-content\\\/uploads\\\/2024\\\/11\\\/Logotip_CCBE.png\",\"contentUrl\":\"https:\\\/\\\/visitemporda.com\\\/wp-content\\\/uploads\\\/2024\\\/11\\\/Logotip_CCBE.png\",\"width\":3617,\"height\":3617,\"caption\":\"Consell Comarcal del Baix Empord\u00e0\"},\"image\":{\"@id\":\"https:\\\/\\\/visitemporda.com\\\/en\\\/#\\\/schema\\\/logo\\\/image\\\/\"},\"sameAs\":[\"https:\\\/\\\/www.facebook.com\\\/baixempordaturisme\",\"https:\\\/\\\/x.com\\\/baixemporda_tur\",\"https:\\\/\\\/www.instagram.com\\\/visitemporda\"]}]}<\/script>\n<!-- \/ Yoast SEO plugin. -->","yoast_head_json":{"title":"Gavarres mountains - Visit Empord\u00e0","robots":{"index":"index","follow":"follow","max-snippet":"max-snippet:-1","max-image-preview":"max-image-preview:large","max-video-preview":"max-video-preview:-1"},"canonical":"https:\/\/visitemporda.com\/en\/recomenacions\/propostes\/territori-i-natura\/espais-naturals-protegits\/parc-natural-del-montgri-les-illes-medes-i-el-baix-ter\/massis-de-les-gavarres\/","og_locale":"en_US","og_type":"article","og_title":"Gavarres mountains - Visit Empord\u00e0","og_description":"The Gavarres mountains include land in the Baix Empord\u00e0 and Giron\u00e8s regions. Twenty municipalities make up this space which is recognised and protected for its natural and cultural value. In 1992 it was declared a Protected Natural Space as part of Catalonia\u2019s Plan for Spaces of Natural Interest because the most important cork oak and [&hellip;]","og_url":"https:\/\/visitemporda.com\/en\/recomenacions\/propostes\/territori-i-natura\/espais-naturals-protegits\/parc-natural-del-montgri-les-illes-medes-i-el-baix-ter\/massis-de-les-gavarres\/","og_site_name":"Visit Empord\u00e0","article_publisher":"https:\/\/www.facebook.com\/baixempordaturisme","article_modified_time":"2021-01-26T10:08:17+00:00","og_image":[{"width":2560,"height":1920,"url":"https:\/\/visitemporda.com\/wp-content\/uploads\/2020\/08\/gavarres.jpg","type":"image\/jpeg"}],"twitter_card":"summary_large_image","twitter_site":"@baixemporda_tur","twitter_misc":{"Est. reading time":"1 minute"},"schema":{"@context":"https:\/\/schema.org","@graph":[{"@type":"WebPage","@id":"https:\/\/visitemporda.com\/en\/recomenacions\/propostes\/territori-i-natura\/espais-naturals-protegits\/parc-natural-del-montgri-les-illes-medes-i-el-baix-ter\/massis-de-les-gavarres\/","url":"https:\/\/visitemporda.com\/en\/recomenacions\/propostes\/territori-i-natura\/espais-naturals-protegits\/parc-natural-del-montgri-les-illes-medes-i-el-baix-ter\/massis-de-les-gavarres\/","name":"Gavarres mountains - Visit Empord\u00e0","isPartOf":{"@id":"https:\/\/visitemporda.com\/en\/#website"},"primaryImageOfPage":{"@id":"https:\/\/visitemporda.com\/en\/recomenacions\/propostes\/territori-i-natura\/espais-naturals-protegits\/parc-natural-del-montgri-les-illes-medes-i-el-baix-ter\/massis-de-les-gavarres\/#primaryimage"},"image":{"@id":"https:\/\/visitemporda.com\/en\/recomenacions\/propostes\/territori-i-natura\/espais-naturals-protegits\/parc-natural-del-montgri-les-illes-medes-i-el-baix-ter\/massis-de-les-gavarres\/#primaryimage"},"thumbnailUrl":"https:\/\/visitemporda.com\/wp-content\/uploads\/2020\/08\/gavarres.jpg","datePublished":"2020-08-07T13:22:34+00:00","dateModified":"2021-01-26T10:08:17+00:00","breadcrumb":{"@id":"https:\/\/visitemporda.com\/en\/recomenacions\/propostes\/territori-i-natura\/espais-naturals-protegits\/parc-natural-del-montgri-les-illes-medes-i-el-baix-ter\/massis-de-les-gavarres\/#breadcrumb"},"inLanguage":"en-US","potentialAction":[{"@type":"ReadAction","target":["https:\/\/visitemporda.com\/en\/recomenacions\/propostes\/territori-i-natura\/espais-naturals-protegits\/parc-natural-del-montgri-les-illes-medes-i-el-baix-ter\/massis-de-les-gavarres\/"]}]},{"@type":"ImageObject","inLanguage":"en-US","@id":"https:\/\/visitemporda.com\/en\/recomenacions\/propostes\/territori-i-natura\/espais-naturals-protegits\/parc-natural-del-montgri-les-illes-medes-i-el-baix-ter\/massis-de-les-gavarres\/#primaryimage","url":"https:\/\/visitemporda.com\/wp-content\/uploads\/2020\/08\/gavarres.jpg","contentUrl":"https:\/\/visitemporda.com\/wp-content\/uploads\/2020\/08\/gavarres.jpg","width":2560,"height":1920,"caption":"Les Gavarres. Muntanya verda"},{"@type":"BreadcrumbList","@id":"https:\/\/visitemporda.com\/en\/recomenacions\/propostes\/territori-i-natura\/espais-naturals-protegits\/parc-natural-del-montgri-les-illes-medes-i-el-baix-ter\/massis-de-les-gavarres\/#breadcrumb","itemListElement":[{"@type":"ListItem","position":1,"name":"Inici","item":"https:\/\/visitemporda.com\/en\/"},{"@type":"ListItem","position":2,"name":"Recommendations","item":"https:\/\/visitemporda.com\/en\/recomenacions\/"},{"@type":"ListItem","position":3,"name":"What to do","item":"https:\/\/visitemporda.com\/en\/recomenacions\/propostes\/"},{"@type":"ListItem","position":4,"name":"Land and nature","item":"https:\/\/visitemporda.com\/en\/recomenacions\/propostes\/territori-i-natura\/"},{"@type":"ListItem","position":5,"name":"Protected Natural Spaces","item":"https:\/\/visitemporda.com\/en\/recomenacions\/propostes\/territori-i-natura\/espais-naturals-protegits\/"},{"@type":"ListItem","position":6,"name":"Montgr\u00ed, Medes Islands and Baix Ter Natural Park","item":"https:\/\/visitemporda.com\/en\/recomenacions\/propostes\/territori-i-natura\/espais-naturals-protegits\/parc-natural-del-montgri-les-illes-medes-i-el-baix-ter\/"},{"@type":"ListItem","position":7,"name":"Gavarres mountains"}]},{"@type":"WebSite","@id":"https:\/\/visitemporda.com\/en\/#website","url":"https:\/\/visitemporda.com\/en\/","name":"Visit Empord\u00e0","description":"The Official Site of the Baix Empord\u00e0 region","publisher":{"@id":"https:\/\/visitemporda.com\/en\/#organization"},"potentialAction":[{"@type":"SearchAction","target":{"@type":"EntryPoint","urlTemplate":"https:\/\/visitemporda.com\/en\/?s={search_term_string}"},"query-input":{"@type":"PropertyValueSpecification","valueRequired":true,"valueName":"search_term_string"}}],"inLanguage":"en-US"},{"@type":"Organization","@id":"https:\/\/visitemporda.com\/en\/#organization","name":"Consell Comarcal del Baix Empord\u00e0","url":"https:\/\/visitemporda.com\/en\/","logo":{"@type":"ImageObject","inLanguage":"en-US","@id":"https:\/\/visitemporda.com\/en\/#\/schema\/logo\/image\/","url":"https:\/\/visitemporda.com\/wp-content\/uploads\/2024\/11\/Logotip_CCBE.png","contentUrl":"https:\/\/visitemporda.com\/wp-content\/uploads\/2024\/11\/Logotip_CCBE.png","width":3617,"height":3617,"caption":"Consell Comarcal del Baix Empord\u00e0"},"image":{"@id":"https:\/\/visitemporda.com\/en\/#\/schema\/logo\/image\/"},"sameAs":["https:\/\/www.facebook.com\/baixempordaturisme","https:\/\/x.com\/baixemporda_tur","https:\/\/www.instagram.com\/visitemporda"]}]}},"_links":{"self":[{"href":"https:\/\/visitemporda.com\/en\/wp-json\/wp\/v2\/pages\/21269","targetHints":{"allow":["GET"]}}],"collection":[{"href":"https:\/\/visitemporda.com\/en\/wp-json\/wp\/v2\/pages"}],"about":[{"href":"https:\/\/visitemporda.com\/en\/wp-json\/wp\/v2\/types\/page"}],"author":[{"embeddable":true,"href":"https:\/\/visitemporda.com\/en\/wp-json\/wp\/v2\/users\/5"}],"replies":[{"embeddable":true,"href":"https:\/\/visitemporda.com\/en\/wp-json\/wp\/v2\/comments?post=21269"}],"version-history":[{"count":2,"href":"https:\/\/visitemporda.com\/en\/wp-json\/wp\/v2\/pages\/21269\/revisions"}],"predecessor-version":[{"id":21271,"href":"https:\/\/visitemporda.com\/en\/wp-json\/wp\/v2\/pages\/21269\/revisions\/21271"}],"up":[{"embeddable":true,"href":"https:\/\/visitemporda.com\/en\/wp-json\/wp\/v2\/pages\/21267"}],"wp:featuredmedia":[{"embeddable":true,"href":"https:\/\/visitemporda.com\/en\/wp-json\/wp\/v2\/media\/18195"}],"wp:attachment":[{"href":"https:\/\/visitemporda.com\/en\/wp-json\/wp\/v2\/media?parent=21269"}],"curies":[{"name":"wp","href":"https:\/\/api.w.org\/{rel}","templated":true}]}}