

{"id":21267,"date":"2020-08-07T15:20:00","date_gmt":"2020-08-07T13:20:00","guid":{"rendered":"http:\/\/visitemporda.com\/parc-natural-del-montgri-les-illes-medes-i-el-baix-ter\/"},"modified":"2021-01-26T11:06:36","modified_gmt":"2021-01-26T10:06:36","slug":"parc-natural-del-montgri-les-illes-medes-i-el-baix-ter","status":"publish","type":"page","link":"https:\/\/visitemporda.com\/en\/recomenacions\/propostes\/territori-i-natura\/espais-naturals-protegits\/parc-natural-del-montgri-les-illes-medes-i-el-baix-ter\/","title":{"rendered":"Montgr\u00ed, Medes Islands and Baix Ter Natural Park"},"content":{"rendered":"<p>This park is really several spaces with three landscapes. The Montgr\u00ed mountains, Medes Islands and Baix Ter plain introduce us to this natural park\u2019s main feature: diversity. Diversity of landscapes, species, habitats, towns and villages, possibilities, and ways to discover and love the park.<\/p>\n<p>Get to know the Montgr\u00ed coast from l\u2019Escala to l\u2019Estartit; walk along the fine sand beaches between l\u2019Estartit and Pals that separate the sea from the marshes, mud flats and salt flats that are very close by.<\/p>\n<p>Explore the Medes Islands and the Montgr\u00ed coast and take advantage of the natural viewpoints the park provides, especially Montgr\u00ed castle and Roca Maura, to enjoy the patchwork of the agricultural landscape that surrounds the park and the last stretch of the river Ter.<\/p>\n<p>You can travel through time, going from Neolithic coves to a medieval castle, imagining how the population defended itself from pirates when you visit the defence towers, and lose yourself in the medieval towns and villages with streets where it seems like time has not passed.<\/p>\n<p>In the park there are 38 natural habitats, 17 of which are Habitats of European Interest and four are priorities for conservation. The Park includes 32 heritage elements that have been declared to be Cultural Assets of National Interest (BCIN). We recommend visiting the Can Quintana Museum of the Mediterranean, the home of the Natural Park Interpretation Centre, which will guide you into the park where you can take advantage of almost 180 kilometres of signposted itineraries to do on foot or by bike<\/p>\n","protected":false},"excerpt":{"rendered":"<p>This park is really several spaces with three landscapes. The Montgr\u00ed mountains, Medes Islands and Baix Ter plain introduce us to this natural park\u2019s main feature: diversity. Diversity of landscapes, species, habitats, towns and villages, possibilities, and ways to discover and love the park. Get to know the Montgr\u00ed coast from l\u2019Escala to l\u2019Estartit; walk [&hellip;]<\/p>\n","protected":false},"author":5,"featured_media":18221,"parent":21836,"menu_order":0,"comment_status":"closed","ping_status":"closed","template":"page-templates\/fitxa-campanyes-gastronomiques.php","meta":{"_acf_changed":false,"footnotes":""},"class_list":["post-21267","page","type-page","status-publish","has-post-thumbnail","hentry"],"acf":[],"yoast_head":"<!-- This site is optimized with the Yoast SEO plugin v27.4 - https:\/\/yoast.com\/product\/yoast-seo-wordpress\/ -->\n<title>Montgr\u00ed, Medes Islands and Baix Ter Natural Park - Visit Empord\u00e0<\/title>\n<meta name=\"robots\" content=\"index, follow, max-snippet:-1, max-image-preview:large, max-video-preview:-1\" \/>\n<link rel=\"canonical\" href=\"https:\/\/visitemporda.com\/en\/recomenacions\/propostes\/territori-i-natura\/espais-naturals-protegits\/parc-natural-del-montgri-les-illes-medes-i-el-baix-ter\/\" \/>\n<meta property=\"og:locale\" content=\"en_US\" \/>\n<meta property=\"og:type\" content=\"article\" \/>\n<meta property=\"og:title\" content=\"Montgr\u00ed, Medes Islands and Baix Ter Natural Park - Visit Empord\u00e0\" \/>\n<meta property=\"og:description\" content=\"This park is really several spaces with three landscapes. The Montgr\u00ed mountains, Medes Islands and Baix Ter plain introduce us to this natural park\u2019s main feature: diversity. Diversity of landscapes, species, habitats, towns and villages, possibilities, and ways to discover and love the park. Get to know the Montgr\u00ed coast from l\u2019Escala to l\u2019Estartit; walk [&hellip;]\" \/>\n<meta property=\"og:url\" content=\"https:\/\/visitemporda.com\/en\/recomenacions\/propostes\/territori-i-natura\/espais-naturals-protegits\/parc-natural-del-montgri-les-illes-medes-i-el-baix-ter\/\" \/>\n<meta property=\"og:site_name\" content=\"Visit Empord\u00e0\" \/>\n<meta property=\"article:publisher\" content=\"https:\/\/www.facebook.com\/baixempordaturisme\" \/>\n<meta property=\"article:modified_time\" content=\"2021-01-26T10:06:36+00:00\" \/>\n<meta property=\"og:image\" content=\"https:\/\/visitemporda.com\/wp-content\/uploads\/2020\/08\/IMG_3629-2-1024x683.jpg\" \/>\n\t<meta property=\"og:image:width\" content=\"1024\" \/>\n\t<meta property=\"og:image:height\" content=\"683\" \/>\n\t<meta property=\"og:image:type\" content=\"image\/jpeg\" \/>\n<meta name=\"twitter:card\" content=\"summary_large_image\" \/>\n<meta name=\"twitter:site\" content=\"@baixemporda_tur\" \/>\n<meta name=\"twitter:label1\" content=\"Est. reading time\" \/>\n\t<meta name=\"twitter:data1\" content=\"1 minute\" \/>\n<script type=\"application\/ld+json\" class=\"yoast-schema-graph\">{\"@context\":\"https:\\\/\\\/schema.org\",\"@graph\":[{\"@type\":\"WebPage\",\"@id\":\"https:\\\/\\\/visitemporda.com\\\/en\\\/recomenacions\\\/propostes\\\/territori-i-natura\\\/espais-naturals-protegits\\\/parc-natural-del-montgri-les-illes-medes-i-el-baix-ter\\\/\",\"url\":\"https:\\\/\\\/visitemporda.com\\\/en\\\/recomenacions\\\/propostes\\\/territori-i-natura\\\/espais-naturals-protegits\\\/parc-natural-del-montgri-les-illes-medes-i-el-baix-ter\\\/\",\"name\":\"Montgr\u00ed, Medes Islands and Baix Ter Natural Park - Visit Empord\u00e0\",\"isPartOf\":{\"@id\":\"https:\\\/\\\/visitemporda.com\\\/en\\\/#website\"},\"primaryImageOfPage\":{\"@id\":\"https:\\\/\\\/visitemporda.com\\\/en\\\/recomenacions\\\/propostes\\\/territori-i-natura\\\/espais-naturals-protegits\\\/parc-natural-del-montgri-les-illes-medes-i-el-baix-ter\\\/#primaryimage\"},\"image\":{\"@id\":\"https:\\\/\\\/visitemporda.com\\\/en\\\/recomenacions\\\/propostes\\\/territori-i-natura\\\/espais-naturals-protegits\\\/parc-natural-del-montgri-les-illes-medes-i-el-baix-ter\\\/#primaryimage\"},\"thumbnailUrl\":\"https:\\\/\\\/visitemporda.com\\\/wp-content\\\/uploads\\\/2020\\\/08\\\/IMG_3629-2.jpg\",\"datePublished\":\"2020-08-07T13:20:00+00:00\",\"dateModified\":\"2021-01-26T10:06:36+00:00\",\"breadcrumb\":{\"@id\":\"https:\\\/\\\/visitemporda.com\\\/en\\\/recomenacions\\\/propostes\\\/territori-i-natura\\\/espais-naturals-protegits\\\/parc-natural-del-montgri-les-illes-medes-i-el-baix-ter\\\/#breadcrumb\"},\"inLanguage\":\"en-US\",\"potentialAction\":[{\"@type\":\"ReadAction\",\"target\":[\"https:\\\/\\\/visitemporda.com\\\/en\\\/recomenacions\\\/propostes\\\/territori-i-natura\\\/espais-naturals-protegits\\\/parc-natural-del-montgri-les-illes-medes-i-el-baix-ter\\\/\"]}]},{\"@type\":\"ImageObject\",\"inLanguage\":\"en-US\",\"@id\":\"https:\\\/\\\/visitemporda.com\\\/en\\\/recomenacions\\\/propostes\\\/territori-i-natura\\\/espais-naturals-protegits\\\/parc-natural-del-montgri-les-illes-medes-i-el-baix-ter\\\/#primaryimage\",\"url\":\"https:\\\/\\\/visitemporda.com\\\/wp-content\\\/uploads\\\/2020\\\/08\\\/IMG_3629-2.jpg\",\"contentUrl\":\"https:\\\/\\\/visitemporda.com\\\/wp-content\\\/uploads\\\/2020\\\/08\\\/IMG_3629-2.jpg\",\"width\":3000,\"height\":2000,\"caption\":\"Parc Natural del Montgr\u00ed, les illes medes i el baix ter. Al fons de la imatge les illes medes i a primer pla aigua i vegetaci\u00f3 en mig de l'aigua\"},{\"@type\":\"BreadcrumbList\",\"@id\":\"https:\\\/\\\/visitemporda.com\\\/en\\\/recomenacions\\\/propostes\\\/territori-i-natura\\\/espais-naturals-protegits\\\/parc-natural-del-montgri-les-illes-medes-i-el-baix-ter\\\/#breadcrumb\",\"itemListElement\":[{\"@type\":\"ListItem\",\"position\":1,\"name\":\"Inici\",\"item\":\"https:\\\/\\\/visitemporda.com\\\/en\\\/\"},{\"@type\":\"ListItem\",\"position\":2,\"name\":\"Recommendations\",\"item\":\"https:\\\/\\\/visitemporda.com\\\/en\\\/recomenacions\\\/\"},{\"@type\":\"ListItem\",\"position\":3,\"name\":\"What to do\",\"item\":\"https:\\\/\\\/visitemporda.com\\\/en\\\/recomenacions\\\/propostes\\\/\"},{\"@type\":\"ListItem\",\"position\":4,\"name\":\"Land and nature\",\"item\":\"https:\\\/\\\/visitemporda.com\\\/en\\\/recomenacions\\\/propostes\\\/territori-i-natura\\\/\"},{\"@type\":\"ListItem\",\"position\":5,\"name\":\"Protected Natural Spaces\",\"item\":\"https:\\\/\\\/visitemporda.com\\\/en\\\/recomenacions\\\/propostes\\\/territori-i-natura\\\/espais-naturals-protegits\\\/\"},{\"@type\":\"ListItem\",\"position\":6,\"name\":\"Montgr\u00ed, Medes Islands and Baix Ter Natural Park\"}]},{\"@type\":\"WebSite\",\"@id\":\"https:\\\/\\\/visitemporda.com\\\/en\\\/#website\",\"url\":\"https:\\\/\\\/visitemporda.com\\\/en\\\/\",\"name\":\"Visit Empord\u00e0\",\"description\":\"The Official Site of the Baix Empord\u00e0 region\",\"publisher\":{\"@id\":\"https:\\\/\\\/visitemporda.com\\\/en\\\/#organization\"},\"potentialAction\":[{\"@type\":\"SearchAction\",\"target\":{\"@type\":\"EntryPoint\",\"urlTemplate\":\"https:\\\/\\\/visitemporda.com\\\/en\\\/?s={search_term_string}\"},\"query-input\":{\"@type\":\"PropertyValueSpecification\",\"valueRequired\":true,\"valueName\":\"search_term_string\"}}],\"inLanguage\":\"en-US\"},{\"@type\":\"Organization\",\"@id\":\"https:\\\/\\\/visitemporda.com\\\/en\\\/#organization\",\"name\":\"Consell Comarcal del Baix Empord\u00e0\",\"url\":\"https:\\\/\\\/visitemporda.com\\\/en\\\/\",\"logo\":{\"@type\":\"ImageObject\",\"inLanguage\":\"en-US\",\"@id\":\"https:\\\/\\\/visitemporda.com\\\/en\\\/#\\\/schema\\\/logo\\\/image\\\/\",\"url\":\"https:\\\/\\\/visitemporda.com\\\/wp-content\\\/uploads\\\/2024\\\/11\\\/Logotip_CCBE.png\",\"contentUrl\":\"https:\\\/\\\/visitemporda.com\\\/wp-content\\\/uploads\\\/2024\\\/11\\\/Logotip_CCBE.png\",\"width\":3617,\"height\":3617,\"caption\":\"Consell Comarcal del Baix Empord\u00e0\"},\"image\":{\"@id\":\"https:\\\/\\\/visitemporda.com\\\/en\\\/#\\\/schema\\\/logo\\\/image\\\/\"},\"sameAs\":[\"https:\\\/\\\/www.facebook.com\\\/baixempordaturisme\",\"https:\\\/\\\/x.com\\\/baixemporda_tur\",\"https:\\\/\\\/www.instagram.com\\\/visitemporda\"]}]}<\/script>\n<!-- \/ Yoast SEO plugin. -->","yoast_head_json":{"title":"Montgr\u00ed, Medes Islands and Baix Ter Natural Park - Visit Empord\u00e0","robots":{"index":"index","follow":"follow","max-snippet":"max-snippet:-1","max-image-preview":"max-image-preview:large","max-video-preview":"max-video-preview:-1"},"canonical":"https:\/\/visitemporda.com\/en\/recomenacions\/propostes\/territori-i-natura\/espais-naturals-protegits\/parc-natural-del-montgri-les-illes-medes-i-el-baix-ter\/","og_locale":"en_US","og_type":"article","og_title":"Montgr\u00ed, Medes Islands and Baix Ter Natural Park - Visit Empord\u00e0","og_description":"This park is really several spaces with three landscapes. The Montgr\u00ed mountains, Medes Islands and Baix Ter plain introduce us to this natural park\u2019s main feature: diversity. Diversity of landscapes, species, habitats, towns and villages, possibilities, and ways to discover and love the park. Get to know the Montgr\u00ed coast from l\u2019Escala to l\u2019Estartit; walk [&hellip;]","og_url":"https:\/\/visitemporda.com\/en\/recomenacions\/propostes\/territori-i-natura\/espais-naturals-protegits\/parc-natural-del-montgri-les-illes-medes-i-el-baix-ter\/","og_site_name":"Visit Empord\u00e0","article_publisher":"https:\/\/www.facebook.com\/baixempordaturisme","article_modified_time":"2021-01-26T10:06:36+00:00","og_image":[{"width":1024,"height":683,"url":"https:\/\/visitemporda.com\/wp-content\/uploads\/2020\/08\/IMG_3629-2-1024x683.jpg","type":"image\/jpeg"}],"twitter_card":"summary_large_image","twitter_site":"@baixemporda_tur","twitter_misc":{"Est. reading time":"1 minute"},"schema":{"@context":"https:\/\/schema.org","@graph":[{"@type":"WebPage","@id":"https:\/\/visitemporda.com\/en\/recomenacions\/propostes\/territori-i-natura\/espais-naturals-protegits\/parc-natural-del-montgri-les-illes-medes-i-el-baix-ter\/","url":"https:\/\/visitemporda.com\/en\/recomenacions\/propostes\/territori-i-natura\/espais-naturals-protegits\/parc-natural-del-montgri-les-illes-medes-i-el-baix-ter\/","name":"Montgr\u00ed, Medes Islands and Baix Ter Natural Park - Visit Empord\u00e0","isPartOf":{"@id":"https:\/\/visitemporda.com\/en\/#website"},"primaryImageOfPage":{"@id":"https:\/\/visitemporda.com\/en\/recomenacions\/propostes\/territori-i-natura\/espais-naturals-protegits\/parc-natural-del-montgri-les-illes-medes-i-el-baix-ter\/#primaryimage"},"image":{"@id":"https:\/\/visitemporda.com\/en\/recomenacions\/propostes\/territori-i-natura\/espais-naturals-protegits\/parc-natural-del-montgri-les-illes-medes-i-el-baix-ter\/#primaryimage"},"thumbnailUrl":"https:\/\/visitemporda.com\/wp-content\/uploads\/2020\/08\/IMG_3629-2.jpg","datePublished":"2020-08-07T13:20:00+00:00","dateModified":"2021-01-26T10:06:36+00:00","breadcrumb":{"@id":"https:\/\/visitemporda.com\/en\/recomenacions\/propostes\/territori-i-natura\/espais-naturals-protegits\/parc-natural-del-montgri-les-illes-medes-i-el-baix-ter\/#breadcrumb"},"inLanguage":"en-US","potentialAction":[{"@type":"ReadAction","target":["https:\/\/visitemporda.com\/en\/recomenacions\/propostes\/territori-i-natura\/espais-naturals-protegits\/parc-natural-del-montgri-les-illes-medes-i-el-baix-ter\/"]}]},{"@type":"ImageObject","inLanguage":"en-US","@id":"https:\/\/visitemporda.com\/en\/recomenacions\/propostes\/territori-i-natura\/espais-naturals-protegits\/parc-natural-del-montgri-les-illes-medes-i-el-baix-ter\/#primaryimage","url":"https:\/\/visitemporda.com\/wp-content\/uploads\/2020\/08\/IMG_3629-2.jpg","contentUrl":"https:\/\/visitemporda.com\/wp-content\/uploads\/2020\/08\/IMG_3629-2.jpg","width":3000,"height":2000,"caption":"Parc Natural del Montgr\u00ed, les illes medes i el baix ter. Al fons de la imatge les illes medes i a primer pla aigua i vegetaci\u00f3 en mig de l'aigua"},{"@type":"BreadcrumbList","@id":"https:\/\/visitemporda.com\/en\/recomenacions\/propostes\/territori-i-natura\/espais-naturals-protegits\/parc-natural-del-montgri-les-illes-medes-i-el-baix-ter\/#breadcrumb","itemListElement":[{"@type":"ListItem","position":1,"name":"Inici","item":"https:\/\/visitemporda.com\/en\/"},{"@type":"ListItem","position":2,"name":"Recommendations","item":"https:\/\/visitemporda.com\/en\/recomenacions\/"},{"@type":"ListItem","position":3,"name":"What to do","item":"https:\/\/visitemporda.com\/en\/recomenacions\/propostes\/"},{"@type":"ListItem","position":4,"name":"Land and nature","item":"https:\/\/visitemporda.com\/en\/recomenacions\/propostes\/territori-i-natura\/"},{"@type":"ListItem","position":5,"name":"Protected Natural Spaces","item":"https:\/\/visitemporda.com\/en\/recomenacions\/propostes\/territori-i-natura\/espais-naturals-protegits\/"},{"@type":"ListItem","position":6,"name":"Montgr\u00ed, Medes Islands and Baix Ter Natural Park"}]},{"@type":"WebSite","@id":"https:\/\/visitemporda.com\/en\/#website","url":"https:\/\/visitemporda.com\/en\/","name":"Visit Empord\u00e0","description":"The Official Site of the Baix Empord\u00e0 region","publisher":{"@id":"https:\/\/visitemporda.com\/en\/#organization"},"potentialAction":[{"@type":"SearchAction","target":{"@type":"EntryPoint","urlTemplate":"https:\/\/visitemporda.com\/en\/?s={search_term_string}"},"query-input":{"@type":"PropertyValueSpecification","valueRequired":true,"valueName":"search_term_string"}}],"inLanguage":"en-US"},{"@type":"Organization","@id":"https:\/\/visitemporda.com\/en\/#organization","name":"Consell Comarcal del Baix Empord\u00e0","url":"https:\/\/visitemporda.com\/en\/","logo":{"@type":"ImageObject","inLanguage":"en-US","@id":"https:\/\/visitemporda.com\/en\/#\/schema\/logo\/image\/","url":"https:\/\/visitemporda.com\/wp-content\/uploads\/2024\/11\/Logotip_CCBE.png","contentUrl":"https:\/\/visitemporda.com\/wp-content\/uploads\/2024\/11\/Logotip_CCBE.png","width":3617,"height":3617,"caption":"Consell Comarcal del Baix Empord\u00e0"},"image":{"@id":"https:\/\/visitemporda.com\/en\/#\/schema\/logo\/image\/"},"sameAs":["https:\/\/www.facebook.com\/baixempordaturisme","https:\/\/x.com\/baixemporda_tur","https:\/\/www.instagram.com\/visitemporda"]}]}},"_links":{"self":[{"href":"https:\/\/visitemporda.com\/en\/wp-json\/wp\/v2\/pages\/21267","targetHints":{"allow":["GET"]}}],"collection":[{"href":"https:\/\/visitemporda.com\/en\/wp-json\/wp\/v2\/pages"}],"about":[{"href":"https:\/\/visitemporda.com\/en\/wp-json\/wp\/v2\/types\/page"}],"author":[{"embeddable":true,"href":"https:\/\/visitemporda.com\/en\/wp-json\/wp\/v2\/users\/5"}],"replies":[{"embeddable":true,"href":"https:\/\/visitemporda.com\/en\/wp-json\/wp\/v2\/comments?post=21267"}],"version-history":[{"count":1,"href":"https:\/\/visitemporda.com\/en\/wp-json\/wp\/v2\/pages\/21267\/revisions"}],"predecessor-version":[{"id":21268,"href":"https:\/\/visitemporda.com\/en\/wp-json\/wp\/v2\/pages\/21267\/revisions\/21268"}],"up":[{"embeddable":true,"href":"https:\/\/visitemporda.com\/en\/wp-json\/wp\/v2\/pages\/21836"}],"wp:featuredmedia":[{"embeddable":true,"href":"https:\/\/visitemporda.com\/en\/wp-json\/wp\/v2\/media\/18221"}],"wp:attachment":[{"href":"https:\/\/visitemporda.com\/en\/wp-json\/wp\/v2\/media?parent=21267"}],"curies":[{"name":"wp","href":"https:\/\/api.w.org\/{rel}","templated":true}]}}