

{"id":21231,"date":"2019-08-05T09:22:54","date_gmt":"2019-08-05T07:22:54","guid":{"rendered":"http:\/\/visitemporda.com\/informacio-util\/informacio-dinteres\/"},"modified":"2020-11-16T13:41:01","modified_gmt":"2020-11-16T12:41:01","slug":"informacio-dinteres","status":"publish","type":"page","link":"https:\/\/visitemporda.com\/en\/planifica\/informacio-util\/informacio-dinteres\/","title":{"rendered":"Interesting information"},"content":{"rendered":"<p><strong>The Baix Empord\u00e0 has a climate that is<\/strong>\u2026 Mediterranean, with very mild winters and hot summers. The average maximum temperature is 21.8\u02da \u00b0C, while the average minimum temperature is 8.8 \u00b0C. The hottest months are June, July and August, and the coldest months are December, January and February. As for rain, the wettest months are usually March, April, October and November. Another weather phenomenon to take into account is the wind, with the strongest wind being in the months between November and March.<\/p>\n<p><strong>The main languages spoken in the Baix Empord\u00e0 are<\/strong>\u2026 Catalan and Spanish. Both of these are official languages in Catalonia. Many people in the Baix Empord\u00e0 also speak English and French, as do many businesses in the region dedicated to tourist activities, which offer their services and products in these languages and others.<\/p>\n<p><strong>The currency in the Baix Empord\u00e0 is\u2026<\/strong> the euro, the official currency of all of the countries in the eurozone. If you live outside the European Union, remember you can ask for VAT to be refunded on any purchases you have made. Go to the Tourist Information Offices and Points for more information about this and ask for your tax free refund form.<\/p>\n<p><strong>The time in the region is\u2026<\/strong> UTC+01:00, the same as in Catalonia and the rest of Spain. The official time changes twice a year compared with solar time: it moves forward one hour in winter (the last Sunday in March) and it moves back an hour in the summer (the last Sunday in October).<\/p>\n<p><strong>The working day\u2026<\/strong> for most businesses starts between 09:00 and 10:00 and ends between 19:00 and 20:00, although in large shopping centres it can continue until 22:00. Some businesses close for a couple of hours for lunch at around 14:00, while others do not. In restaurants, lunch is served from approximately 13:00 to 15:30, while dinner is between 20:00 and 23:00.<\/p>\n<p><strong>Leaving a tip is not obligatory<\/strong>\u2026 tips are related to the customer\u2019s satisfaction with the service received and so they are voluntary.<\/p>\n<p><strong>Public holidays in Catalonia\u2026<\/strong> 1 and 6 January (New Year\u2019s Eve and Epiphany), Good Friday and Easter Monday, 1 May (Labour Day), 24 June (Saint John), 15 August (Assumption), 11 September (Catalonia\u2019s National Day), 1 November (All Saints), 8 December (Immaculate Conception) and 25 and 26 December (Christmas day and Saint Stephen\u2019s Day). Other public holidays include the celebrations of 12 October (Spain\u2019s National Festival) and 6 December (the Day of the Constitution), as well as the local festivals in each of the municipalities in the region.<\/p>\n<p><strong>In the case of any problem and\/or emergency<\/strong>\u2026 call 112, the emergency number used in all of the European Union and in other countries around the world. In Catalonia this service operates in 50 languages, including Catalan, Spanish, English, French and German. The service is free and responds immediately 24 hours a day, 365 days a year.<\/p>\n","protected":false},"excerpt":{"rendered":"<p>The Baix Empord\u00e0 has a climate that is\u2026 Mediterranean, with very mild winters and hot summers. The average maximum temperature is 21.8\u02da \u00b0C, while the average minimum temperature is 8.8 \u00b0C. The hottest months are June, July and August, and the coldest months are December, January and February. As for rain, the wettest months are [&hellip;]<\/p>\n","protected":false},"author":2,"featured_media":6407,"parent":21226,"menu_order":0,"comment_status":"closed","ping_status":"closed","template":"page-templates\/fitxa-campanyes-gastronomiques.php","meta":{"_acf_changed":false,"footnotes":""},"class_list":["post-21231","page","type-page","status-publish","has-post-thumbnail","hentry"],"acf":[],"yoast_head":"<!-- This site is optimized with the Yoast SEO plugin v27.3 - https:\/\/yoast.com\/product\/yoast-seo-wordpress\/ -->\n<title>Interesting information - Visit Empord\u00e0<\/title>\n<meta name=\"robots\" content=\"index, follow, max-snippet:-1, max-image-preview:large, max-video-preview:-1\" \/>\n<link rel=\"canonical\" href=\"https:\/\/visitemporda.com\/en\/planifica\/informacio-util\/informacio-dinteres\/\" \/>\n<meta property=\"og:locale\" content=\"en_US\" \/>\n<meta property=\"og:type\" content=\"article\" \/>\n<meta property=\"og:title\" content=\"Interesting information - Visit Empord\u00e0\" \/>\n<meta property=\"og:description\" content=\"The Baix Empord\u00e0 has a climate that is\u2026 Mediterranean, with very mild winters and hot summers. The average maximum temperature is 21.8\u02da \u00b0C, while the average minimum temperature is 8.8 \u00b0C. The hottest months are June, July and August, and the coldest months are December, January and February. As for rain, the wettest months are [&hellip;]\" \/>\n<meta property=\"og:url\" content=\"https:\/\/visitemporda.com\/en\/planifica\/informacio-util\/informacio-dinteres\/\" \/>\n<meta property=\"og:site_name\" content=\"Visit Empord\u00e0\" \/>\n<meta property=\"article:publisher\" content=\"https:\/\/www.facebook.com\/baixempordaturisme\" \/>\n<meta property=\"article:modified_time\" content=\"2020-11-16T12:41:01+00:00\" \/>\n<meta property=\"og:image\" content=\"https:\/\/visitemporda.com\/wp-content\/uploads\/2019\/08\/info-dinter\u00e8s-1-1024x683.jpg\" \/>\n\t<meta property=\"og:image:width\" content=\"1024\" \/>\n\t<meta property=\"og:image:height\" content=\"683\" \/>\n\t<meta property=\"og:image:type\" content=\"image\/jpeg\" \/>\n<meta name=\"twitter:card\" content=\"summary_large_image\" \/>\n<meta name=\"twitter:site\" content=\"@baixemporda_tur\" \/>\n<meta name=\"twitter:label1\" content=\"Est. reading time\" \/>\n\t<meta name=\"twitter:data1\" content=\"2 minutes\" \/>\n<script type=\"application\/ld+json\" class=\"yoast-schema-graph\">{\"@context\":\"https:\\\/\\\/schema.org\",\"@graph\":[{\"@type\":\"WebPage\",\"@id\":\"https:\\\/\\\/visitemporda.com\\\/en\\\/planifica\\\/informacio-util\\\/informacio-dinteres\\\/\",\"url\":\"https:\\\/\\\/visitemporda.com\\\/en\\\/planifica\\\/informacio-util\\\/informacio-dinteres\\\/\",\"name\":\"Interesting information - Visit Empord\u00e0\",\"isPartOf\":{\"@id\":\"https:\\\/\\\/visitemporda.com\\\/en\\\/#website\"},\"primaryImageOfPage\":{\"@id\":\"https:\\\/\\\/visitemporda.com\\\/en\\\/planifica\\\/informacio-util\\\/informacio-dinteres\\\/#primaryimage\"},\"image\":{\"@id\":\"https:\\\/\\\/visitemporda.com\\\/en\\\/planifica\\\/informacio-util\\\/informacio-dinteres\\\/#primaryimage\"},\"thumbnailUrl\":\"https:\\\/\\\/visitemporda.com\\\/wp-content\\\/uploads\\\/2019\\\/08\\\/info-dinter\u00e8s-1.jpg\",\"datePublished\":\"2019-08-05T07:22:54+00:00\",\"dateModified\":\"2020-11-16T12:41:01+00:00\",\"breadcrumb\":{\"@id\":\"https:\\\/\\\/visitemporda.com\\\/en\\\/planifica\\\/informacio-util\\\/informacio-dinteres\\\/#breadcrumb\"},\"inLanguage\":\"en-US\",\"potentialAction\":[{\"@type\":\"ReadAction\",\"target\":[\"https:\\\/\\\/visitemporda.com\\\/en\\\/planifica\\\/informacio-util\\\/informacio-dinteres\\\/\"]}]},{\"@type\":\"ImageObject\",\"inLanguage\":\"en-US\",\"@id\":\"https:\\\/\\\/visitemporda.com\\\/en\\\/planifica\\\/informacio-util\\\/informacio-dinteres\\\/#primaryimage\",\"url\":\"https:\\\/\\\/visitemporda.com\\\/wp-content\\\/uploads\\\/2019\\\/08\\\/info-dinter\u00e8s-1.jpg\",\"contentUrl\":\"https:\\\/\\\/visitemporda.com\\\/wp-content\\\/uploads\\\/2019\\\/08\\\/info-dinter\u00e8s-1.jpg\",\"width\":3888,\"height\":2592,\"caption\":\"noia escerivint amb un bol\u00edgraf a una agenda amb el m\u00f2bil al costat\"},{\"@type\":\"BreadcrumbList\",\"@id\":\"https:\\\/\\\/visitemporda.com\\\/en\\\/planifica\\\/informacio-util\\\/informacio-dinteres\\\/#breadcrumb\",\"itemListElement\":[{\"@type\":\"ListItem\",\"position\":1,\"name\":\"Inici\",\"item\":\"https:\\\/\\\/visitemporda.com\\\/en\\\/\"},{\"@type\":\"ListItem\",\"position\":2,\"name\":\"Plan your stay\",\"item\":\"https:\\\/\\\/visitemporda.com\\\/en\\\/planifica\\\/\"},{\"@type\":\"ListItem\",\"position\":3,\"name\":\"Useful information\",\"item\":\"https:\\\/\\\/visitemporda.com\\\/en\\\/planifica\\\/informacio-util\\\/\"},{\"@type\":\"ListItem\",\"position\":4,\"name\":\"Interesting information\"}]},{\"@type\":\"WebSite\",\"@id\":\"https:\\\/\\\/visitemporda.com\\\/en\\\/#website\",\"url\":\"https:\\\/\\\/visitemporda.com\\\/en\\\/\",\"name\":\"Visit Empord\u00e0\",\"description\":\"The Official Site of the Baix Empord\u00e0 region\",\"publisher\":{\"@id\":\"https:\\\/\\\/visitemporda.com\\\/en\\\/#organization\"},\"potentialAction\":[{\"@type\":\"SearchAction\",\"target\":{\"@type\":\"EntryPoint\",\"urlTemplate\":\"https:\\\/\\\/visitemporda.com\\\/en\\\/?s={search_term_string}\"},\"query-input\":{\"@type\":\"PropertyValueSpecification\",\"valueRequired\":true,\"valueName\":\"search_term_string\"}}],\"inLanguage\":\"en-US\"},{\"@type\":\"Organization\",\"@id\":\"https:\\\/\\\/visitemporda.com\\\/en\\\/#organization\",\"name\":\"Consell Comarcal del Baix Empord\u00e0\",\"url\":\"https:\\\/\\\/visitemporda.com\\\/en\\\/\",\"logo\":{\"@type\":\"ImageObject\",\"inLanguage\":\"en-US\",\"@id\":\"https:\\\/\\\/visitemporda.com\\\/en\\\/#\\\/schema\\\/logo\\\/image\\\/\",\"url\":\"https:\\\/\\\/visitemporda.com\\\/wp-content\\\/uploads\\\/2024\\\/11\\\/Logotip_CCBE.png\",\"contentUrl\":\"https:\\\/\\\/visitemporda.com\\\/wp-content\\\/uploads\\\/2024\\\/11\\\/Logotip_CCBE.png\",\"width\":3617,\"height\":3617,\"caption\":\"Consell Comarcal del Baix Empord\u00e0\"},\"image\":{\"@id\":\"https:\\\/\\\/visitemporda.com\\\/en\\\/#\\\/schema\\\/logo\\\/image\\\/\"},\"sameAs\":[\"https:\\\/\\\/www.facebook.com\\\/baixempordaturisme\",\"https:\\\/\\\/x.com\\\/baixemporda_tur\",\"https:\\\/\\\/www.instagram.com\\\/visitemporda\"]}]}<\/script>\n<!-- \/ Yoast SEO plugin. -->","yoast_head_json":{"title":"Interesting information - Visit Empord\u00e0","robots":{"index":"index","follow":"follow","max-snippet":"max-snippet:-1","max-image-preview":"max-image-preview:large","max-video-preview":"max-video-preview:-1"},"canonical":"https:\/\/visitemporda.com\/en\/planifica\/informacio-util\/informacio-dinteres\/","og_locale":"en_US","og_type":"article","og_title":"Interesting information - Visit Empord\u00e0","og_description":"The Baix Empord\u00e0 has a climate that is\u2026 Mediterranean, with very mild winters and hot summers. The average maximum temperature is 21.8\u02da \u00b0C, while the average minimum temperature is 8.8 \u00b0C. The hottest months are June, July and August, and the coldest months are December, January and February. As for rain, the wettest months are [&hellip;]","og_url":"https:\/\/visitemporda.com\/en\/planifica\/informacio-util\/informacio-dinteres\/","og_site_name":"Visit Empord\u00e0","article_publisher":"https:\/\/www.facebook.com\/baixempordaturisme","article_modified_time":"2020-11-16T12:41:01+00:00","og_image":[{"width":1024,"height":683,"url":"https:\/\/visitemporda.com\/wp-content\/uploads\/2019\/08\/info-dinter\u00e8s-1-1024x683.jpg","type":"image\/jpeg"}],"twitter_card":"summary_large_image","twitter_site":"@baixemporda_tur","twitter_misc":{"Est. reading time":"2 minutes"},"schema":{"@context":"https:\/\/schema.org","@graph":[{"@type":"WebPage","@id":"https:\/\/visitemporda.com\/en\/planifica\/informacio-util\/informacio-dinteres\/","url":"https:\/\/visitemporda.com\/en\/planifica\/informacio-util\/informacio-dinteres\/","name":"Interesting information - Visit Empord\u00e0","isPartOf":{"@id":"https:\/\/visitemporda.com\/en\/#website"},"primaryImageOfPage":{"@id":"https:\/\/visitemporda.com\/en\/planifica\/informacio-util\/informacio-dinteres\/#primaryimage"},"image":{"@id":"https:\/\/visitemporda.com\/en\/planifica\/informacio-util\/informacio-dinteres\/#primaryimage"},"thumbnailUrl":"https:\/\/visitemporda.com\/wp-content\/uploads\/2019\/08\/info-dinter\u00e8s-1.jpg","datePublished":"2019-08-05T07:22:54+00:00","dateModified":"2020-11-16T12:41:01+00:00","breadcrumb":{"@id":"https:\/\/visitemporda.com\/en\/planifica\/informacio-util\/informacio-dinteres\/#breadcrumb"},"inLanguage":"en-US","potentialAction":[{"@type":"ReadAction","target":["https:\/\/visitemporda.com\/en\/planifica\/informacio-util\/informacio-dinteres\/"]}]},{"@type":"ImageObject","inLanguage":"en-US","@id":"https:\/\/visitemporda.com\/en\/planifica\/informacio-util\/informacio-dinteres\/#primaryimage","url":"https:\/\/visitemporda.com\/wp-content\/uploads\/2019\/08\/info-dinter\u00e8s-1.jpg","contentUrl":"https:\/\/visitemporda.com\/wp-content\/uploads\/2019\/08\/info-dinter\u00e8s-1.jpg","width":3888,"height":2592,"caption":"noia escerivint amb un bol\u00edgraf a una agenda amb el m\u00f2bil al costat"},{"@type":"BreadcrumbList","@id":"https:\/\/visitemporda.com\/en\/planifica\/informacio-util\/informacio-dinteres\/#breadcrumb","itemListElement":[{"@type":"ListItem","position":1,"name":"Inici","item":"https:\/\/visitemporda.com\/en\/"},{"@type":"ListItem","position":2,"name":"Plan your stay","item":"https:\/\/visitemporda.com\/en\/planifica\/"},{"@type":"ListItem","position":3,"name":"Useful information","item":"https:\/\/visitemporda.com\/en\/planifica\/informacio-util\/"},{"@type":"ListItem","position":4,"name":"Interesting information"}]},{"@type":"WebSite","@id":"https:\/\/visitemporda.com\/en\/#website","url":"https:\/\/visitemporda.com\/en\/","name":"Visit Empord\u00e0","description":"The Official Site of the Baix Empord\u00e0 region","publisher":{"@id":"https:\/\/visitemporda.com\/en\/#organization"},"potentialAction":[{"@type":"SearchAction","target":{"@type":"EntryPoint","urlTemplate":"https:\/\/visitemporda.com\/en\/?s={search_term_string}"},"query-input":{"@type":"PropertyValueSpecification","valueRequired":true,"valueName":"search_term_string"}}],"inLanguage":"en-US"},{"@type":"Organization","@id":"https:\/\/visitemporda.com\/en\/#organization","name":"Consell Comarcal del Baix Empord\u00e0","url":"https:\/\/visitemporda.com\/en\/","logo":{"@type":"ImageObject","inLanguage":"en-US","@id":"https:\/\/visitemporda.com\/en\/#\/schema\/logo\/image\/","url":"https:\/\/visitemporda.com\/wp-content\/uploads\/2024\/11\/Logotip_CCBE.png","contentUrl":"https:\/\/visitemporda.com\/wp-content\/uploads\/2024\/11\/Logotip_CCBE.png","width":3617,"height":3617,"caption":"Consell Comarcal del Baix Empord\u00e0"},"image":{"@id":"https:\/\/visitemporda.com\/en\/#\/schema\/logo\/image\/"},"sameAs":["https:\/\/www.facebook.com\/baixempordaturisme","https:\/\/x.com\/baixemporda_tur","https:\/\/www.instagram.com\/visitemporda"]}]}},"_links":{"self":[{"href":"https:\/\/visitemporda.com\/en\/wp-json\/wp\/v2\/pages\/21231","targetHints":{"allow":["GET"]}}],"collection":[{"href":"https:\/\/visitemporda.com\/en\/wp-json\/wp\/v2\/pages"}],"about":[{"href":"https:\/\/visitemporda.com\/en\/wp-json\/wp\/v2\/types\/page"}],"author":[{"embeddable":true,"href":"https:\/\/visitemporda.com\/en\/wp-json\/wp\/v2\/users\/2"}],"replies":[{"embeddable":true,"href":"https:\/\/visitemporda.com\/en\/wp-json\/wp\/v2\/comments?post=21231"}],"version-history":[{"count":2,"href":"https:\/\/visitemporda.com\/en\/wp-json\/wp\/v2\/pages\/21231\/revisions"}],"predecessor-version":[{"id":21233,"href":"https:\/\/visitemporda.com\/en\/wp-json\/wp\/v2\/pages\/21231\/revisions\/21233"}],"up":[{"embeddable":true,"href":"https:\/\/visitemporda.com\/en\/wp-json\/wp\/v2\/pages\/21226"}],"wp:featuredmedia":[{"embeddable":true,"href":"https:\/\/visitemporda.com\/en\/wp-json\/wp\/v2\/media\/6407"}],"wp:attachment":[{"href":"https:\/\/visitemporda.com\/en\/wp-json\/wp\/v2\/media?parent=21231"}],"curies":[{"name":"wp","href":"https:\/\/api.w.org\/{rel}","templated":true}]}}