

{"id":21194,"date":"2019-12-31T08:50:32","date_gmt":"2019-12-31T07:50:32","guid":{"rendered":"http:\/\/visitemporda.com\/emporda\/paisatges-unics\/"},"modified":"2020-11-13T13:23:13","modified_gmt":"2020-11-13T12:23:13","slug":"paisatges-unics","status":"publish","type":"page","link":"https:\/\/visitemporda.com\/en\/emporda\/paisatges-unics\/","title":{"rendered":"Unique landscapes"},"content":{"rendered":"<p>The Baix Empord\u00e0 cannot be summed up in a single image. The areas between the Montgr\u00ed, Gavarres and Ardenya\u2013Cadiretes mountains and the Mediterranean make up a jigsaw as varied as it is harmonious. Shaped by time, the weather and human activity, the many different aspects of the landscape reward an attentive visit: from the flat farmed plains to the rugged coastal cliffs, each area shares the region\u2019s character.<\/p>\n<p>The variety of landscapes is one of the main attractions of the Baix Empord\u00e0. Many of the Baix Empord\u00e0\u2019s landscapes are now protected natural spaces, including t<strong>he Montgr\u00ed, Medes Islands and Baix Ter Natural Park<\/strong> and other spaces such as<strong> the Gavarres and Ardenya\u2013Cadiretes massifs, the Begur mountains, Castell\u2013Cap Roig, Canet Island and the banks of the Baix Ter river.<\/strong> This selection of natural landscapes gives the Baix Empord\u00e0 an appearance that makes it unique.<\/p>\n<p>The <em>tramuntana<\/em>, or north wind, is the Empord\u00e0\u2019s most characteristic wind. While it is clearly dominant in the Alt Empord\u00e0, in the Baix Empord\u00e0 it competes with the <em>garb\u00ed<\/em>, or south wind. The combination of these meteorological phenomena creates a distinctive microclimate which is one of the factors responsible for the region\u2019s landscape and flora and fauna. The effect of these winds was described by the author Josep Pla, the area\u2019s most attentive observer.<\/p>\n<p>\u201cThe <em>tramuntana<\/em> can bring rain, sometimes in abundance. But there comes a moment when the mercury starts to fall. Suddenly to the south, a mass of white clouds and the <em>garb\u00ed<\/em> wind appears, ready to make its entrance. And the wind from the opposite direction starts to dominate, until the barometers starts to rise again and its counterpart from the north regains its dominance. So it has been for thousands of years and for the years yet to come.\u201d Josep Pla <em>Notes del capvesprol<\/em> (Notes on the Evening Sea Breeze).<\/p>\n","protected":false},"excerpt":{"rendered":"<p>The Baix Empord\u00e0 cannot be summed up in a single image. The areas between the Montgr\u00ed, Gavarres and Ardenya\u2013Cadiretes mountains and the Mediterranean make up a jigsaw as varied as it is harmonious. Shaped by time, the weather and human activity, the many different aspects of the landscape reward an attentive visit: from the flat [&hellip;]<\/p>\n","protected":false},"author":2,"featured_media":13720,"parent":21184,"menu_order":0,"comment_status":"closed","ping_status":"closed","template":"page-templates\/vivencies.php","meta":{"_acf_changed":false,"footnotes":""},"class_list":["post-21194","page","type-page","status-publish","has-post-thumbnail","hentry"],"acf":[],"yoast_head":"<!-- This site is optimized with the Yoast SEO plugin v27.4 - https:\/\/yoast.com\/product\/yoast-seo-wordpress\/ -->\n<title>Unique landscapes - Visit Empord\u00e0<\/title>\n<meta name=\"robots\" content=\"index, follow, max-snippet:-1, max-image-preview:large, max-video-preview:-1\" \/>\n<link rel=\"canonical\" href=\"https:\/\/visitemporda.com\/en\/emporda\/paisatges-unics\/\" \/>\n<meta property=\"og:locale\" content=\"en_US\" \/>\n<meta property=\"og:type\" content=\"article\" \/>\n<meta property=\"og:title\" content=\"Unique landscapes - Visit Empord\u00e0\" \/>\n<meta property=\"og:description\" content=\"The Baix Empord\u00e0 cannot be summed up in a single image. The areas between the Montgr\u00ed, Gavarres and Ardenya\u2013Cadiretes mountains and the Mediterranean make up a jigsaw as varied as it is harmonious. Shaped by time, the weather and human activity, the many different aspects of the landscape reward an attentive visit: from the flat [&hellip;]\" \/>\n<meta property=\"og:url\" content=\"https:\/\/visitemporda.com\/en\/emporda\/paisatges-unics\/\" \/>\n<meta property=\"og:site_name\" content=\"Visit Empord\u00e0\" \/>\n<meta property=\"article:publisher\" content=\"https:\/\/www.facebook.com\/baixempordaturisme\" \/>\n<meta property=\"article:modified_time\" content=\"2020-11-13T12:23:13+00:00\" \/>\n<meta property=\"og:image\" content=\"https:\/\/visitemporda.com\/wp-content\/uploads\/2019\/12\/paisatges-unics.jpg\" \/>\n\t<meta property=\"og:image:width\" content=\"1299\" \/>\n\t<meta property=\"og:image:height\" content=\"866\" \/>\n\t<meta property=\"og:image:type\" content=\"image\/jpeg\" \/>\n<meta name=\"twitter:card\" content=\"summary_large_image\" \/>\n<meta name=\"twitter:site\" content=\"@baixemporda_tur\" \/>\n<meta name=\"twitter:label1\" content=\"Est. reading time\" \/>\n\t<meta name=\"twitter:data1\" content=\"2 minutes\" \/>\n<script type=\"application\/ld+json\" class=\"yoast-schema-graph\">{\"@context\":\"https:\\\/\\\/schema.org\",\"@graph\":[{\"@type\":\"WebPage\",\"@id\":\"https:\\\/\\\/visitemporda.com\\\/en\\\/emporda\\\/paisatges-unics\\\/\",\"url\":\"https:\\\/\\\/visitemporda.com\\\/en\\\/emporda\\\/paisatges-unics\\\/\",\"name\":\"Unique landscapes - Visit Empord\u00e0\",\"isPartOf\":{\"@id\":\"https:\\\/\\\/visitemporda.com\\\/en\\\/#website\"},\"primaryImageOfPage\":{\"@id\":\"https:\\\/\\\/visitemporda.com\\\/en\\\/emporda\\\/paisatges-unics\\\/#primaryimage\"},\"image\":{\"@id\":\"https:\\\/\\\/visitemporda.com\\\/en\\\/emporda\\\/paisatges-unics\\\/#primaryimage\"},\"thumbnailUrl\":\"https:\\\/\\\/visitemporda.com\\\/wp-content\\\/uploads\\\/2019\\\/12\\\/paisatges-unics.jpg\",\"datePublished\":\"2019-12-31T07:50:32+00:00\",\"dateModified\":\"2020-11-13T12:23:13+00:00\",\"breadcrumb\":{\"@id\":\"https:\\\/\\\/visitemporda.com\\\/en\\\/emporda\\\/paisatges-unics\\\/#breadcrumb\"},\"inLanguage\":\"en-US\",\"potentialAction\":[{\"@type\":\"ReadAction\",\"target\":[\"https:\\\/\\\/visitemporda.com\\\/en\\\/emporda\\\/paisatges-unics\\\/\"]}]},{\"@type\":\"ImageObject\",\"inLanguage\":\"en-US\",\"@id\":\"https:\\\/\\\/visitemporda.com\\\/en\\\/emporda\\\/paisatges-unics\\\/#primaryimage\",\"url\":\"https:\\\/\\\/visitemporda.com\\\/wp-content\\\/uploads\\\/2019\\\/12\\\/paisatges-unics.jpg\",\"contentUrl\":\"https:\\\/\\\/visitemporda.com\\\/wp-content\\\/uploads\\\/2019\\\/12\\\/paisatges-unics.jpg\",\"width\":1299,\"height\":866,\"caption\":\"vista des del bosc del Montgr\u00ed\"},{\"@type\":\"BreadcrumbList\",\"@id\":\"https:\\\/\\\/visitemporda.com\\\/en\\\/emporda\\\/paisatges-unics\\\/#breadcrumb\",\"itemListElement\":[{\"@type\":\"ListItem\",\"position\":1,\"name\":\"Inici\",\"item\":\"https:\\\/\\\/visitemporda.com\\\/en\\\/\"},{\"@type\":\"ListItem\",\"position\":2,\"name\":\"The Empord\u00e0\",\"item\":\"https:\\\/\\\/visitemporda.com\\\/en\\\/emporda\\\/\"},{\"@type\":\"ListItem\",\"position\":3,\"name\":\"Unique landscapes\"}]},{\"@type\":\"WebSite\",\"@id\":\"https:\\\/\\\/visitemporda.com\\\/en\\\/#website\",\"url\":\"https:\\\/\\\/visitemporda.com\\\/en\\\/\",\"name\":\"Visit Empord\u00e0\",\"description\":\"The Official Site of the Baix Empord\u00e0 region\",\"publisher\":{\"@id\":\"https:\\\/\\\/visitemporda.com\\\/en\\\/#organization\"},\"potentialAction\":[{\"@type\":\"SearchAction\",\"target\":{\"@type\":\"EntryPoint\",\"urlTemplate\":\"https:\\\/\\\/visitemporda.com\\\/en\\\/?s={search_term_string}\"},\"query-input\":{\"@type\":\"PropertyValueSpecification\",\"valueRequired\":true,\"valueName\":\"search_term_string\"}}],\"inLanguage\":\"en-US\"},{\"@type\":\"Organization\",\"@id\":\"https:\\\/\\\/visitemporda.com\\\/en\\\/#organization\",\"name\":\"Consell Comarcal del Baix Empord\u00e0\",\"url\":\"https:\\\/\\\/visitemporda.com\\\/en\\\/\",\"logo\":{\"@type\":\"ImageObject\",\"inLanguage\":\"en-US\",\"@id\":\"https:\\\/\\\/visitemporda.com\\\/en\\\/#\\\/schema\\\/logo\\\/image\\\/\",\"url\":\"https:\\\/\\\/visitemporda.com\\\/wp-content\\\/uploads\\\/2024\\\/11\\\/Logotip_CCBE.png\",\"contentUrl\":\"https:\\\/\\\/visitemporda.com\\\/wp-content\\\/uploads\\\/2024\\\/11\\\/Logotip_CCBE.png\",\"width\":3617,\"height\":3617,\"caption\":\"Consell Comarcal del Baix Empord\u00e0\"},\"image\":{\"@id\":\"https:\\\/\\\/visitemporda.com\\\/en\\\/#\\\/schema\\\/logo\\\/image\\\/\"},\"sameAs\":[\"https:\\\/\\\/www.facebook.com\\\/baixempordaturisme\",\"https:\\\/\\\/x.com\\\/baixemporda_tur\",\"https:\\\/\\\/www.instagram.com\\\/visitemporda\"]}]}<\/script>\n<!-- \/ Yoast SEO plugin. -->","yoast_head_json":{"title":"Unique landscapes - Visit Empord\u00e0","robots":{"index":"index","follow":"follow","max-snippet":"max-snippet:-1","max-image-preview":"max-image-preview:large","max-video-preview":"max-video-preview:-1"},"canonical":"https:\/\/visitemporda.com\/en\/emporda\/paisatges-unics\/","og_locale":"en_US","og_type":"article","og_title":"Unique landscapes - Visit Empord\u00e0","og_description":"The Baix Empord\u00e0 cannot be summed up in a single image. The areas between the Montgr\u00ed, Gavarres and Ardenya\u2013Cadiretes mountains and the Mediterranean make up a jigsaw as varied as it is harmonious. Shaped by time, the weather and human activity, the many different aspects of the landscape reward an attentive visit: from the flat [&hellip;]","og_url":"https:\/\/visitemporda.com\/en\/emporda\/paisatges-unics\/","og_site_name":"Visit Empord\u00e0","article_publisher":"https:\/\/www.facebook.com\/baixempordaturisme","article_modified_time":"2020-11-13T12:23:13+00:00","og_image":[{"width":1299,"height":866,"url":"https:\/\/visitemporda.com\/wp-content\/uploads\/2019\/12\/paisatges-unics.jpg","type":"image\/jpeg"}],"twitter_card":"summary_large_image","twitter_site":"@baixemporda_tur","twitter_misc":{"Est. reading time":"2 minutes"},"schema":{"@context":"https:\/\/schema.org","@graph":[{"@type":"WebPage","@id":"https:\/\/visitemporda.com\/en\/emporda\/paisatges-unics\/","url":"https:\/\/visitemporda.com\/en\/emporda\/paisatges-unics\/","name":"Unique landscapes - Visit Empord\u00e0","isPartOf":{"@id":"https:\/\/visitemporda.com\/en\/#website"},"primaryImageOfPage":{"@id":"https:\/\/visitemporda.com\/en\/emporda\/paisatges-unics\/#primaryimage"},"image":{"@id":"https:\/\/visitemporda.com\/en\/emporda\/paisatges-unics\/#primaryimage"},"thumbnailUrl":"https:\/\/visitemporda.com\/wp-content\/uploads\/2019\/12\/paisatges-unics.jpg","datePublished":"2019-12-31T07:50:32+00:00","dateModified":"2020-11-13T12:23:13+00:00","breadcrumb":{"@id":"https:\/\/visitemporda.com\/en\/emporda\/paisatges-unics\/#breadcrumb"},"inLanguage":"en-US","potentialAction":[{"@type":"ReadAction","target":["https:\/\/visitemporda.com\/en\/emporda\/paisatges-unics\/"]}]},{"@type":"ImageObject","inLanguage":"en-US","@id":"https:\/\/visitemporda.com\/en\/emporda\/paisatges-unics\/#primaryimage","url":"https:\/\/visitemporda.com\/wp-content\/uploads\/2019\/12\/paisatges-unics.jpg","contentUrl":"https:\/\/visitemporda.com\/wp-content\/uploads\/2019\/12\/paisatges-unics.jpg","width":1299,"height":866,"caption":"vista des del bosc del Montgr\u00ed"},{"@type":"BreadcrumbList","@id":"https:\/\/visitemporda.com\/en\/emporda\/paisatges-unics\/#breadcrumb","itemListElement":[{"@type":"ListItem","position":1,"name":"Inici","item":"https:\/\/visitemporda.com\/en\/"},{"@type":"ListItem","position":2,"name":"The Empord\u00e0","item":"https:\/\/visitemporda.com\/en\/emporda\/"},{"@type":"ListItem","position":3,"name":"Unique landscapes"}]},{"@type":"WebSite","@id":"https:\/\/visitemporda.com\/en\/#website","url":"https:\/\/visitemporda.com\/en\/","name":"Visit Empord\u00e0","description":"The Official Site of the Baix Empord\u00e0 region","publisher":{"@id":"https:\/\/visitemporda.com\/en\/#organization"},"potentialAction":[{"@type":"SearchAction","target":{"@type":"EntryPoint","urlTemplate":"https:\/\/visitemporda.com\/en\/?s={search_term_string}"},"query-input":{"@type":"PropertyValueSpecification","valueRequired":true,"valueName":"search_term_string"}}],"inLanguage":"en-US"},{"@type":"Organization","@id":"https:\/\/visitemporda.com\/en\/#organization","name":"Consell Comarcal del Baix Empord\u00e0","url":"https:\/\/visitemporda.com\/en\/","logo":{"@type":"ImageObject","inLanguage":"en-US","@id":"https:\/\/visitemporda.com\/en\/#\/schema\/logo\/image\/","url":"https:\/\/visitemporda.com\/wp-content\/uploads\/2024\/11\/Logotip_CCBE.png","contentUrl":"https:\/\/visitemporda.com\/wp-content\/uploads\/2024\/11\/Logotip_CCBE.png","width":3617,"height":3617,"caption":"Consell Comarcal del Baix Empord\u00e0"},"image":{"@id":"https:\/\/visitemporda.com\/en\/#\/schema\/logo\/image\/"},"sameAs":["https:\/\/www.facebook.com\/baixempordaturisme","https:\/\/x.com\/baixemporda_tur","https:\/\/www.instagram.com\/visitemporda"]}]}},"_links":{"self":[{"href":"https:\/\/visitemporda.com\/en\/wp-json\/wp\/v2\/pages\/21194","targetHints":{"allow":["GET"]}}],"collection":[{"href":"https:\/\/visitemporda.com\/en\/wp-json\/wp\/v2\/pages"}],"about":[{"href":"https:\/\/visitemporda.com\/en\/wp-json\/wp\/v2\/types\/page"}],"author":[{"embeddable":true,"href":"https:\/\/visitemporda.com\/en\/wp-json\/wp\/v2\/users\/2"}],"replies":[{"embeddable":true,"href":"https:\/\/visitemporda.com\/en\/wp-json\/wp\/v2\/comments?post=21194"}],"version-history":[{"count":2,"href":"https:\/\/visitemporda.com\/en\/wp-json\/wp\/v2\/pages\/21194\/revisions"}],"predecessor-version":[{"id":21196,"href":"https:\/\/visitemporda.com\/en\/wp-json\/wp\/v2\/pages\/21194\/revisions\/21196"}],"up":[{"embeddable":true,"href":"https:\/\/visitemporda.com\/en\/wp-json\/wp\/v2\/pages\/21184"}],"wp:featuredmedia":[{"embeddable":true,"href":"https:\/\/visitemporda.com\/en\/wp-json\/wp\/v2\/media\/13720"}],"wp:attachment":[{"href":"https:\/\/visitemporda.com\/en\/wp-json\/wp\/v2\/media?parent=21194"}],"curies":[{"name":"wp","href":"https:\/\/api.w.org\/{rel}","templated":true}]}}